{"id":2696,"date":"2025-01-03T08:43:50","date_gmt":"2025-01-03T08:43:50","guid":{"rendered":"https:\/\/fmp-components.com\/?page_id=8"},"modified":"2025-01-03T08:44:42","modified_gmt":"2025-01-03T08:44:42","slug":"grader-driven-rake-gearbox-fmp-tbs128-for-crawler-rotary-cultivator","status":"publish","type":"product","link":"https:\/\/fmp-components.com\/lv\/product\/grader-driven-rake-gearbox-fmp-tbs128-for-crawler-rotary-cultivator\/","title":{"rendered":"Greidera piedzi\u0146as gr\u0101bek\u013ca p\u0101rnesumk\u0101rba FMP-TBS128 k\u0101pur\u0137\u0113\u017eu rot\u0101cijas kultivatoram"},"content":{"rendered":"<h2>Greidera piedzi\u0146as gr\u0101bek\u013ca p\u0101rnesumk\u0101rbas FMP-TBS128 izm\u0113ri<\/h2>\n<p><img loading=\"lazy\" decoding=\"async\" class=\"alignnone size-full wp-image-2697\" src=\"https:\/\/fmp-components.com\/wp-content\/uploads\/2025\/01\/Grader-Driven-Rake-Gearbox-FMP-TBS128-Dimensions-1.webp\" alt=\"Greidera piedzi\u0146as gr\u0101bek\u013ca p\u0101rnesumk\u0101rba FMP-TBS128-izm\u0113ri-1\" width=\"1431\" height=\"910\" title=\"\" srcset=\"https:\/\/fmp-components.com\/wp-content\/uploads\/2025\/01\/Grader-Driven-Rake-Gearbox-FMP-TBS128-Dimensions-1.webp 1431w, https:\/\/fmp-components.com\/wp-content\/uploads\/2025\/01\/Grader-Driven-Rake-Gearbox-FMP-TBS128-Dimensions-1-1280x814.webp 1280w, https:\/\/fmp-components.com\/wp-content\/uploads\/2025\/01\/Grader-Driven-Rake-Gearbox-FMP-TBS128-Dimensions-1-980x623.webp 980w, https:\/\/fmp-components.com\/wp-content\/uploads\/2025\/01\/Grader-Driven-Rake-Gearbox-FMP-TBS128-Dimensions-1-480x305.webp 480w\" sizes=\"(min-width: 0px) and (max-width: 480px) 480px, (min-width: 481px) and (max-width: 980px) 980px, (min-width: 981px) and (max-width: 1280px) 1280px, (min-width: 1281px) 1431px, 100vw\" \/><\/p>\n<h2>Greidera piedzi\u0146as gr\u0101bek\u013ca p\u0101rnesumk\u0101rba FMP-TBS128 tehniskie dati<\/h2>\n<table style=\"width: 99.6141%; height: 188px;\" border=\"1\" cellspacing=\"0\" cellpadding=\"0\">\n<tbody>\n<tr style=\"height: 47px;\">\n<td style=\"height: 70px; width: 12.8399%;\" colspan=\"2\" rowspan=\"2\">es<\/td>\n<td style=\"height: 70px; width: 27.1903%;\" rowspan=\"2\">Piem\u0113rots<\/td>\n<td style=\"height: 47px; width: 9.66767%;\">Apgriezienu skaita ievade<\/td>\n<td style=\"height: 47px; width: 11.0272%;\">Apgriezienu skaita izeja<\/td>\n<td style=\"height: 47px; width: 9.51662%;\">kW (nomin\u0101l\u0101)<\/td>\n<td style=\"height: 47px; width: 9.06344%;\">kW (maks.)<\/td>\n<td style=\"height: 70px; width: 54.0785%;\" rowspan=\"2\">Zobu veido\u0161an\u0101s<\/td>\n<\/tr>\n<tr style=\"height: 23px;\">\n<td style=\"height: 23px; width: 9.66767%;\">apgr.\/min<\/td>\n<td style=\"height: 23px; width: 11.0272%;\">apgr.\/min<\/td>\n<td style=\"height: 23px; width: 9.51662%;\">ZS<\/td>\n<td style=\"height: 23px; width: 9.06344%;\">ZS<\/td>\n<\/tr>\n<tr style=\"height: 47px;\">\n<td style=\"height: 47px; width: 6.19335%;\">1. p\u0101rnesums<\/td>\n<td style=\"height: 47px; width: 6.64653%;\">3.69:1<\/td>\n<td style=\"height: 94px; width: 27.1903%;\" rowspan=\"2\">K\u0101pur\u0137\u0113\u017eu rot\u0101cijas kultivators utt.<\/td>\n<td style=\"height: 47px; width: 9.66767%;\">2400<\/td>\n<td style=\"height: 47px; width: 11.0272%;\">650<\/td>\n<td style=\"height: 94px; width: 9.51662%;\" rowspan=\"2\">80<\/td>\n<td style=\"height: 94px; width: 9.06344%;\" rowspan=\"2\">100<\/td>\n<td style=\"height: 94px; width: 54.0785%;\" rowspan=\"2\">Gl\u012bsona spir\u0101lveida zobi<\/td>\n<\/tr>\n<tr style=\"height: 47px;\">\n<td style=\"height: 47px; width: 6.19335%;\">2. p\u0101rnesums<\/td>\n<td style=\"height: 47px; width: 6.64653%;\">2.81: 1<\/td>\n<td style=\"height: 47px; width: 9.66767%;\">2400<\/td>\n<td style=\"height: 47px; width: 11.0272%;\">850<\/td>\n<\/tr>\n<tr style=\"height: 23px;\">\n<td style=\"height: 23px; width: 133.384%;\" colspan=\"8\">Piez\u012bme: Ja jums ir k\u0101das \u012bpa\u0161as pras\u012bbas, nekautr\u0113jieties man pazi\u0146ot, m\u0113s pie\u0146emam ar\u012b pas\u016bt\u012bjumu.<\/td>\n<\/tr>\n<\/tbody>\n<\/table>\n<h2>Greidera piedzi\u0146as gr\u0101bek\u013ca p\u0101rnesumk\u0101rbas FMP-TBS128 galven\u0101s iez\u012bmes<\/h2>\n<p>Greidera piedzi\u0146as gr\u0101bek\u013ca p\u0101rnesumk\u0101rba FMP-TBS128 ir paredz\u0113ta, lai nodro\u0161in\u0101tu stabilu jaudas p\u0101rvadi lauksaimniec\u012bbas ma\u0161\u012bn\u0101s izmantotaj\u0101m gr\u0101bek\u013ca sist\u0113m\u0101m, garant\u0113jot efekt\u012bvu un uzticamu darb\u012bbu. T\u0101l\u0101k ir nor\u0101d\u012btas \u0161\u012bs p\u0101rnesumk\u0101rbas galven\u0101s iez\u012bmes:<\/p>\n<p><strong>Augsta griezes momenta transmisija<\/strong><\/p>\n<ul>\n<li>FMP-TBS128 p\u0101rnesumk\u0101rba ir izstr\u0101d\u0101ta, lai apstr\u0101d\u0101tu lielu griezes momentu, \u013caujot tai efekt\u012bvi darbin\u0101t gr\u0101bek\u013ca sist\u0113mas pat lielas slodzes apst\u0101k\u013cos. \u0160\u012b augst\u0101 griezes momenta jauda nodro\u0161ina gr\u0101bek\u013ca vienm\u0113r\u012bgu darb\u012bbu pat bl\u012bvu vai cietu kult\u016braugu materi\u0101lu apstr\u0101d\u0113.<\/li>\n<\/ul>\n<p><strong>Iztur\u012bga konstrukcija<\/strong><\/p>\n<ul>\n<li>FMP-TBS128 p\u0101rnesumk\u0101rba, kas izgatavota no augstas iztur\u012bbas materi\u0101liem, ir \u013coti iztur\u012bga pret nodilumu. \u0160\u012b iztur\u012bba ir kritiski svar\u012bga, lai nodro\u0161in\u0101tu ilgsto\u0161u darb\u012bbu sare\u017e\u0123\u012btos lauksaimniec\u012bbas apst\u0101k\u013cos, tostarp augsta mitruma un putek\u013cain\u012bbas apst\u0101k\u013cos, kas ir rakstur\u012bgi lauksaimniec\u012bbas darbiem.<\/li>\n<\/ul>\n<p><strong>Kompakts dizains<\/strong><\/p>\n<ul>\n<li>P\u0101rnesumk\u0101rbai ir kompakts un vietu taupo\u0161s dizains, kas padara to piem\u0113rotu lieto\u0161anai sl\u0113gt\u0101s telp\u0101s lauksaimniec\u012bbas tehnik\u0101. \u0160\u012b konstrukcija nodro\u0161ina vienk\u0101r\u0161u uzst\u0101d\u012b\u0161anu un minim\u0101lus trauc\u0113jumus cit\u0101m gr\u0101bek\u013ca vai traktora sast\u0101vda\u013c\u0101m.<\/li>\n<\/ul>\n<p><strong>Uzticama jaudas p\u0101rne\u0161ana<\/strong><\/p>\n<ul>\n<li>Pateicoties prec\u012bzi konstru\u0113taj\u0101m iek\u0161\u0113j\u0101m deta\u013c\u0101m, FMP-TBS128 nodro\u0161ina uzticamu jaudas p\u0101rnesi no traktora j\u016bgv\u0101rpstas uz gr\u0101bek\u013ca meh\u0101nismu. Tas samazina jaudas zudumu risku un palielina darb\u012bbas efektivit\u0101ti, padarot to par \u013coti uzticamu p\u0101rnesumk\u0101rbu nemain\u012bgiem rezult\u0101tiem.<\/li>\n<\/ul>\n<p><strong>Iztur\u012bga bl\u012bv\u0113\u0161anas sist\u0113ma<\/strong><\/p>\n<ul>\n<li>FMP-TBS128 ir apr\u012bkots ar iztur\u012bgu bl\u012bv\u0113\u0161anas sist\u0113mu, kas nov\u0113r\u0161 putek\u013cu, net\u012brumu un mitruma iek\u013c\u016b\u0161anu p\u0101rnesumk\u0101rb\u0101. \u0160\u012b funkcija pal\u012bdz saglab\u0101t iek\u0161\u0113jo komponentu integrit\u0101ti, samazinot boj\u0101jumu iesp\u0113jam\u012bbu un nepiecie\u0161am\u012bbu p\u0113c bie\u017eas apkopes.<\/li>\n<\/ul>\n<p>\u0160\u012bs galven\u0101s \u012bpa\u0161\u012bbas padara greidera piedzi\u0146as gr\u0101bek\u013ca p\u0101rnesumk\u0101rbu FMP-TBS128 par ide\u0101lu izv\u0113li lauksaimniec\u012bbas darbiem, pied\u0101v\u0101jot augstu efektivit\u0101ti, iztur\u012bbu un piel\u0101gojam\u012bbu da\u017e\u0101diem lietojumiem.<\/p>\n<p><img loading=\"lazy\" decoding=\"async\" class=\"alignnone size-full wp-image-2698\" src=\"https:\/\/fmp-components.com\/wp-content\/uploads\/2025\/01\/uubxblFV-Grader-Driven-Rake-Gearbox-FMP-TBS128-Features1.webp\" alt=\"Greidera piedzi\u0146as gr\u0101bek\u013ca p\u0101rnesumk\u0101rba FMP TBS128 funkcijas (1)\" width=\"952\" height=\"453\" title=\"\" srcset=\"https:\/\/fmp-components.com\/wp-content\/uploads\/2025\/01\/uubxblFV-Grader-Driven-Rake-Gearbox-FMP-TBS128-Features1.webp 952w, https:\/\/fmp-components.com\/wp-content\/uploads\/2025\/01\/uubxblFV-Grader-Driven-Rake-Gearbox-FMP-TBS128-Features1-480x228.webp 480w\" sizes=\"(min-width: 0px) and (max-width: 480px) 480px, (min-width: 481px) 952px, 100vw\" \/><\/p>\n<h2>Greidera piedzi\u0146as gr\u0101bek\u013ca p\u0101rnesumk\u0101rbas FMP-TBS128 pielietojums<\/h2>\n<p>Greidera piedzi\u0146as gr\u0101bek\u013ca p\u0101rnesumk\u0101rba FMP-TBS128 ir paredz\u0113ta izmanto\u0161anai da\u017e\u0101d\u0101s lauksaimniec\u012bbas tehnikas jom\u0101s, kur ir nepiecie\u0161ama uzticama jaudas p\u0101rvade un efekt\u012bva darb\u012bba. T\u0101l\u0101k ir nor\u0101d\u012bti \u0161\u012bs p\u0101rnesumk\u0101rbas izplat\u012bt\u0101kie pielietojumi:<\/p>\n<p><strong>Siena un salmu gr\u0101bek\u013ci<\/strong><\/p>\n<ul>\n<li>Pielietojums: FMP-TBS128 p\u0101rnesumk\u0101rba tiek pla\u0161i izmantota siena un salmu gr\u0101bek\u013cos, lai efekt\u012bvi sav\u0101ktu un sak\u0101rtotu sienu, salmus vai z\u0101li v\u0101l\u0113s \u017e\u0101v\u0113\u0161anai vai t\u0101l\u0101kai apstr\u0101dei.<\/li>\n<li>Ieguvums: Tas nodro\u0161ina gr\u0101bek\u013ca darb\u012bbu ar optim\u0101lu \u0101trumu un griezes momentu, efekt\u012bvi apstr\u0101d\u0101jot smagas siena un salmu kravas, vienlaikus saglab\u0101jot nemain\u012bgu veiktsp\u0113ju.<\/li>\n<\/ul>\n<p><strong>V\u0101lot\u0101ji<\/strong><\/p>\n<ul>\n<li>Pielietojums: V\u0101lot\u0101jus izmanto, lai veidotu nov\u0101kt\u0101s kult\u016bras (piem\u0113ram, siena vai salmu) v\u0101lu. FMP-TBS128 p\u0101rnesumk\u0101rba pal\u012bdz p\u0101rnest jaudu no traktora j\u016bgv\u0101rpstas uz gr\u0101bek\u013ca meh\u0101nismu, nodro\u0161inot efekt\u012bvu v\u0101lot\u0101ja darb\u012bbu.<\/li>\n<li>Priek\u0161roc\u012bba: P\u0101rnesumk\u0101rba nodro\u0161ina vienm\u0113r\u012bgu jaudas p\u0101rnesi un lielu griezes momentu, padarot to ide\u0101li piem\u0113rotu gl\u012btu, vienm\u0113r\u012bgu v\u0101lu veido\u0161anai efekt\u012bvai \u017e\u0101v\u0113\u0161anai.<\/li>\n<\/ul>\n<p><strong>Rot\u0101cijas gr\u0101bek\u013ci<\/strong><\/p>\n<ul>\n<li>Lietojums: Rot\u0101cijas gr\u0101bek\u013ci parasti tiek izmantoti siena ra\u017eo\u0161an\u0101, lai apgrieztu un irdin\u0101tu sienu, veicinot vienm\u0113r\u012bgu \u017e\u0101v\u0113\u0161anu. FMP-TBS128 p\u0101rnesumk\u0101rba darbina rot\u0101cijas gr\u0101b\u0161anas meh\u0101nismu, nodro\u0161inot optim\u0101lu \u0101trumu un griezes momentu.<\/li>\n<li>Ieguvums: Tas \u013cauj efekt\u012bvi un vienm\u0113r\u012bgi izkl\u0101t vai uzp\u016bst sienu, nodro\u0161inot, ka siens ir pien\u0101c\u012bgi aer\u0113ts un gatavs pres\u0113\u0161anai vai t\u0101l\u0101kai apstr\u0101dei.<\/li>\n<\/ul>\n<p><strong>\u0101rd\u012b\u0161anas ma\u0161\u012bnas<\/strong><\/p>\n<ul>\n<li>Lietojums: V\u0101lo\u0161anas ma\u0161\u012bnas tiek izmantotas siena un z\u0101les izklied\u0113\u0161anai un uzp\u016b\u0161anai, uzlabojot gaisa cirkul\u0101ciju \u0101tr\u0101kai \u017e\u016b\u0161anai. P\u0101rnesumk\u0101rba darbina v\u0101lo\u0161anas meh\u0101nismu, nodro\u0161inot vienm\u0113r\u012bgu darb\u012bbu un jaudas p\u0101rnesi.<\/li>\n<li>Ieguvums: P\u0101rnesumk\u0101rba nodro\u0161ina siena \u0101rd\u012bt\u0101ja vienm\u0113r\u012bgu darb\u012bbu, samazinot siena sap\u012b\u0161an\u0101s risku un palielinot \u017e\u0101v\u0113\u0161anas efektivit\u0101ti.<\/li>\n<\/ul>\n<p><strong>Lauksaimniec\u012bbas greideri<\/strong><\/p>\n<ul>\n<li>Lietojums: Augsnes sagatavo\u0161anas un greider\u0113\u0161anas iek\u0101rt\u0101s FMP-TBS128 p\u0101rnesumk\u0101rba tiek izmantota, lai darbin\u0101tu greiderus, kas izl\u012bdzina vai gludina augsnes virsmas st\u0101d\u012b\u0161anai vai kultiv\u0113\u0161anai.<\/li>\n<li>Ieguvums: P\u0101rnesumk\u0101rba nodro\u0161ina nepiecie\u0161amo griezes momentu un stabilit\u0101ti prec\u012bzai augsnes izl\u012bdzin\u0101\u0161anai, garant\u0113jot vienm\u0113r\u012bgu lauka sagatavo\u0161anu.<\/li>\n<\/ul>\n<p>\u0160ie pielietojumi demonstr\u0113 FMP-TBS128 greidera piedzi\u0146as gr\u0101bek\u013ca \u0101trumk\u0101rbas daudzpus\u012bbu, padarot to piem\u0113rotu da\u017e\u0101diem lauksaimniec\u012bbas uzdevumiem, kuriem nepiecie\u0161ama uzticama jaudas p\u0101rvade, iztur\u012bba un efektivit\u0101te lauka darbos.<\/p>\n<p><img loading=\"lazy\" decoding=\"async\" class=\"alignnone size-full wp-image-2700\" src=\"https:\/\/fmp-components.com\/wp-content\/uploads\/2025\/01\/Grader-Driven-Rake-Gearbox-EP-TBS128-Applications1.webp\" alt=\"Greidera piedzi\u0146as gr\u0101bek\u013ca p\u0101rnesumk\u0101rba FMP TBS128 pielietojumi (1)\" width=\"1000\" height=\"700\" title=\"\" srcset=\"https:\/\/fmp-components.com\/wp-content\/uploads\/2025\/01\/Grader-Driven-Rake-Gearbox-EP-TBS128-Applications1.webp 1000w, https:\/\/fmp-components.com\/wp-content\/uploads\/2025\/01\/Grader-Driven-Rake-Gearbox-EP-TBS128-Applications1-980x686.webp 980w, https:\/\/fmp-components.com\/wp-content\/uploads\/2025\/01\/Grader-Driven-Rake-Gearbox-EP-TBS128-Applications1-480x336.webp 480w\" sizes=\"(min-width: 0px) and (max-width: 480px) 480px, (min-width: 481px) and (max-width: 980px) 980px, (min-width: 981px) 1000px, 100vw\" \/><\/p>\n<h2>Par FMP<\/h2>\n<p>FMP, kura galven\u0101 m\u012btne atrodas It\u0101lij\u0101, ir vado\u0161ais ra\u017eot\u0101js, kas specializ\u0113jas augstas veiktsp\u0113jas p\u0101rnesumk\u0101rbu projekt\u0113\u0161an\u0101, izstr\u0101d\u0113 un ra\u017eo\u0161an\u0101, \u012bpa\u0161u uzsvaru liekot uz lauksaimniec\u012bbas tehnikas sektoru. FMP, kas ir paz\u012bstams ar savu prec\u012bzo in\u017eenieriju, inovat\u012bvajiem risin\u0101jumiem un nelok\u0101mo uzticam\u012bbu, ir k\u013cuvis par uzticamu partneri gan lauksaimniec\u012bbas, gan r\u016bpniec\u012bbas sektor\u0101. M\u016bsu visaptvero\u0161aj\u0101 produktu kl\u0101st\u0101 ietilpst specializ\u0113tas p\u0101rnesumk\u0101rbas z\u0101les p\u013c\u0101v\u0113jiem, j\u016bgv\u0101rpstas un citas svar\u012bgas sast\u0101vda\u013cas, kas visas ir r\u016bp\u012bgi izstr\u0101d\u0101tas, lai nodro\u0161in\u0101tu piel\u0101gotus risin\u0101jumus pla\u0161am pielietojumu kl\u0101stam.<\/p>\n<p>Uz\u0146\u0113mum\u0101 FMP m\u0113s apzin\u0101mies, ka katrs klients saskaras ar unik\u0101liem izaicin\u0101jumiem un pras\u012bb\u0101m. T\u0101p\u0113c m\u0113s koncentr\u0113jamies uz piel\u0101gotu risin\u0101jumu snieg\u0161anu gan atsevi\u0161\u0137iem komponentiem, gan piln\u012bb\u0101 integr\u0113t\u0101m sist\u0113m\u0101m. M\u0113s cie\u0161i sadarbojamies ar saviem klientiem, lai nodro\u0161in\u0101tu, ka katrs risin\u0101jums ir ne tikai efekt\u012bvs, bet ar\u012b lietder\u012bgs, optimiz\u0113jot gan veiktsp\u0113ju, gan v\u0113rt\u012bbu. M\u016bsu ap\u0146em\u0161an\u0101s sniegt \u0101tras un profesion\u0101las atbildes apvienojum\u0101 ar ekspertu nor\u0101d\u012bjumiem garant\u0113, ka katrs piepras\u012bjums tiek apstr\u0101d\u0101ts ar visliel\u0101ko r\u016bp\u012bbu, t\u0101d\u0113j\u0101di sasniedzot vislab\u0101kos iesp\u0113jamos rezult\u0101tus.<\/p>\n<p>Atkl\u0101ta un nep\u0101rtraukta komunik\u0101cija ir m\u016bsu pieejas st\u016brakmens. M\u016bsu \u012bpa\u0161i izveidot\u0101 komanda cie\u0161i sadarbojas ar klientiem vis\u0101 produktu izstr\u0101des proces\u0101, lai ieg\u016btu dzi\u013cu izpratni par vi\u0146u \u012bpa\u0161aj\u0101m vajadz\u012bb\u0101m. M\u0113s pied\u0101v\u0101jam v\u0113rt\u012bgas atzi\u0146as un ieteikumus, lai nodro\u0161in\u0101tu optim\u0101lus risin\u0101jumus. Neatkar\u012bgi no t\u0101, vai m\u0113s projekt\u0113jam jaunus produktus vai izpild\u0101m eso\u0161os pas\u016bt\u012bjumus, FMP ir ap\u0146\u0113musies katru reizi pieg\u0101d\u0101t augstas kvalit\u0101tes, prec\u012bzi izstr\u0101d\u0101tus risin\u0101jumus laik\u0101. M\u016bsu misija ir p\u0101rsniegt klientu cer\u012bbas, nodro\u0161inot izcilu servisu un rezult\u0101tus katr\u0101 projekt\u0101.<\/p>\n<p>Kvalit\u0101te ir visa m\u016bsu darba pamat\u0101. M\u0113s iev\u0113rojam augst\u0101kos ra\u017eo\u0161anas standartus, ievie\u0161ot stingras kvalit\u0101tes kontroles proced\u016bras, lai nodro\u0161in\u0101tu, ka katrs produkts atbilst un p\u0101rsniedz nozares standartus. \u0160\u012b ap\u0146em\u0161an\u0101s sasniegt izcil\u012bbu apvienojum\u0101 ar m\u016bsu pamatv\u0113rt\u012bb\u0101m \u2013 integrit\u0101ti, komandas darbu un neatlaid\u012bbu \u2013 ir pal\u012bdz\u0113jusi FMP izveidot ilgtermi\u0146a, uz uztic\u012bbu balst\u012btas attiec\u012bbas ar klientiem gandr\u012bz 30 valst\u012bs vis\u0101 pasaul\u0113.<\/p>\n<p>FMP vienm\u0113r v\u0113las veicin\u0101t glob\u0101las partner\u012bbas un joproj\u0101m ir ap\u0146\u0113mies pied\u0101v\u0101t ekspertu padomus un piel\u0101gotus risin\u0101jumus, kas atbilst m\u016bsu klientu da\u017e\u0101daj\u0101m vajadz\u012bb\u0101m. M\u0113s ne tikai pieg\u0101d\u0101jam produktus \u2014 m\u0113s cen\u0161amies veidot ilgsto\u0161as \u200b\u200battiec\u012bbas, kas veicina katra projekta ilgtermi\u0146a pan\u0101kumus. Neatkar\u012bgi no t\u0101, vai jums ir nepiecie\u0161ami inovat\u012bvi risin\u0101jumi jaunai iniciat\u012bvai vai past\u0101v\u012bgs atbalsts eso\u0161ai sist\u0113mai, FMP ir gatavs risin\u0101t j\u016bsu tehnisk\u0101s probl\u0113mas un nodro\u0161in\u0101t j\u016bsu turpm\u0101kos pan\u0101kumus.<\/p>\n<p><img loading=\"lazy\" decoding=\"async\" class=\"alignnone wp-image-2695\" src=\"https:\/\/fmp-components.com\/wp-content\/uploads\/2025\/01\/agricultural-gearbox3.webp\" alt=\"lauksaimniec\u012bbas p\u0101rnesumk\u0101rba\" width=\"953\" height=\"951\" title=\"\" srcset=\"https:\/\/fmp-components.com\/wp-content\/uploads\/2025\/01\/agricultural-gearbox3.webp 953w, https:\/\/fmp-components.com\/wp-content\/uploads\/2025\/01\/agricultural-gearbox3-480x479.webp 480w\" sizes=\"(min-width: 0px) and (max-width: 480px) 480px, (min-width: 481px) 953px, 100vw\" \/><\/p>\n<p>Autors: CX<\/p>","protected":false},"excerpt":{"rendered":"<p>Grader Driven Rake Gearbox FMP-TBS128 Dimensions Grader Driven Rake Gearbox FMP-TBS128 Technical Data i Suitable Rpm input Rpm output KW(Nom) KW(Max) Toothing r\/min r\/min hp hp gear 1 3.69:1 Crawler Rotary Cultivator, etc 2400 650 80 100 Gleason Helical Teeth gear 2 2.81: 1 2400 850 Remark: If you have any special require feel free [&hellip;]<\/p>","protected":false},"featured_media":2699,"comment_status":"open","ping_status":"closed","template":"","meta":{"_et_pb_use_builder":"","_et_pb_old_content":"","_et_gb_content_width":""},"product_brand":[],"product_cat":[66],"product_tag":[],"class_list":{"0":"post-2696","1":"product","2":"type-product","3":"status-publish","4":"has-post-thumbnail","6":"product_cat-grader-driven-rake-gearbox","8":"first","9":"instock","10":"shipping-taxable","11":"product-type-simple"},"_links":{"self":[{"href":"https:\/\/fmp-components.com\/lv\/wp-json\/wp\/v2\/product\/2696","targetHints":{"allow":["GET"]}}],"collection":[{"href":"https:\/\/fmp-components.com\/lv\/wp-json\/wp\/v2\/product"}],"about":[{"href":"https:\/\/fmp-components.com\/lv\/wp-json\/wp\/v2\/types\/product"}],"replies":[{"embeddable":true,"href":"https:\/\/fmp-components.com\/lv\/wp-json\/wp\/v2\/comments?post=2696"}],"wp:featuredmedia":[{"embeddable":true,"href":"https:\/\/fmp-components.com\/lv\/wp-json\/wp\/v2\/media\/2699"}],"wp:attachment":[{"href":"https:\/\/fmp-components.com\/lv\/wp-json\/wp\/v2\/media?parent=2696"}],"wp:term":[{"taxonomy":"product_brand","embeddable":true,"href":"https:\/\/fmp-components.com\/lv\/wp-json\/wp\/v2\/product_brand?post=2696"},{"taxonomy":"product_cat","embeddable":true,"href":"https:\/\/fmp-components.com\/lv\/wp-json\/wp\/v2\/product_cat?post=2696"},{"taxonomy":"product_tag","embeddable":true,"href":"https:\/\/fmp-components.com\/lv\/wp-json\/wp\/v2\/product_tag?post=2696"}],"curies":[{"name":"wp","href":"https:\/\/api.w.org\/{rel}","templated":true}]}}