{"id":2689,"date":"2025-01-03T07:49:50","date_gmt":"2025-01-03T07:49:50","guid":{"rendered":"https:\/\/fmp-components.com\/?page_id=8"},"modified":"2025-01-03T07:49:51","modified_gmt":"2025-01-03T07:49:51","slug":"grader-driven-rake-gearbox-fmp100-for-rotary-tillers","status":"publish","type":"product","link":"https:\/\/fmp-components.com\/lv\/product\/grader-driven-rake-gearbox-fmp100-for-rotary-tillers\/","title":{"rendered":"Greidera piedzi\u0146as gr\u0101bek\u013ca p\u0101rnesumk\u0101rba FMP100 rot\u0101cijas fr\u0113zei"},"content":{"rendered":"<h2>Greidera piedzi\u0146as gr\u0101bek\u013ca p\u0101rnesumk\u0101rbas FMP100 izm\u0113ri<\/h2>\n<p><img loading=\"lazy\" decoding=\"async\" class=\"alignnone size-full wp-image-2690\" src=\"https:\/\/fmp-components.com\/wp-content\/uploads\/2025\/01\/Grader-Driven-Rake-Gearbox-EP100-Dimensions-1.webp\" alt=\"Greidera piedzi\u0146as gr\u0101bek\u013ca p\u0101rnesumk\u0101rba EP100 izm\u0113ri 1\" width=\"1201\" height=\"826\" title=\"\" srcset=\"https:\/\/fmp-components.com\/wp-content\/uploads\/2025\/01\/Grader-Driven-Rake-Gearbox-EP100-Dimensions-1.webp 1201w, https:\/\/fmp-components.com\/wp-content\/uploads\/2025\/01\/Grader-Driven-Rake-Gearbox-EP100-Dimensions-1-980x674.webp 980w, https:\/\/fmp-components.com\/wp-content\/uploads\/2025\/01\/Grader-Driven-Rake-Gearbox-EP100-Dimensions-1-480x330.webp 480w\" sizes=\"(min-width: 0px) and (max-width: 480px) 480px, (min-width: 481px) and (max-width: 980px) 980px, (min-width: 981px) 1201px, 100vw\" \/><\/p>\n<h2>Greidera piedzi\u0146as gr\u0101bek\u013ca p\u0101rnesumk\u0101rbas FMP100 v\u0101rpstas izm\u0113ri<\/h2>\n<p><img loading=\"lazy\" decoding=\"async\" class=\"alignnone size-full wp-image-2691\" src=\"https:\/\/fmp-components.com\/wp-content\/uploads\/2025\/01\/Grader-Driven-Rake-Gearbox-EP100-Dimensions-2.webp\" alt=\"Greidera piedzi\u0146as gr\u0101bek\u013ca p\u0101rnesumk\u0101rba EP100 izm\u0113ri 2\" width=\"1374\" height=\"405\" title=\"\" srcset=\"https:\/\/fmp-components.com\/wp-content\/uploads\/2025\/01\/Grader-Driven-Rake-Gearbox-EP100-Dimensions-2.webp 1374w, https:\/\/fmp-components.com\/wp-content\/uploads\/2025\/01\/Grader-Driven-Rake-Gearbox-EP100-Dimensions-2-1280x377.webp 1280w, https:\/\/fmp-components.com\/wp-content\/uploads\/2025\/01\/Grader-Driven-Rake-Gearbox-EP100-Dimensions-2-980x289.webp 980w, https:\/\/fmp-components.com\/wp-content\/uploads\/2025\/01\/Grader-Driven-Rake-Gearbox-EP100-Dimensions-2-480x141.webp 480w\" sizes=\"(min-width: 0px) and (max-width: 480px) 480px, (min-width: 481px) and (max-width: 980px) 980px, (min-width: 981px) and (max-width: 1280px) 1280px, (min-width: 1281px) 1374px, 100vw\" \/><\/p>\n<h2>Greidera piedzi\u0146as gr\u0101bek\u013ca p\u0101rnesumk\u0101rbas FMP100 tehniskie dati<\/h2>\n<table style=\"width: 99.6651%; height: 134px;\" border=\"1\" cellspacing=\"0\" cellpadding=\"0\">\n<tbody>\n<tr>\n<td colspan=\"2\" rowspan=\"2\">es<\/td>\n<td rowspan=\"2\">Piem\u0113rots<\/td>\n<td>Apgriezienu skaita ievade<\/td>\n<td>Apgriezienu skaita izeja<\/td>\n<td>kW (nomin\u0101l\u0101)<\/td>\n<td>kW (maks.)<\/td>\n<td colspan=\"2\">L<\/td>\n<\/tr>\n<tr>\n<td>apgr.\/min<\/td>\n<td>apgr.\/min<\/td>\n<td>ZS<\/td>\n<td>ZS<\/td>\n<td colspan=\"2\">mm<\/td>\n<\/tr>\n<tr>\n<td>\u0100truma palielin\u0101\u0161ana<\/td>\n<td>1 :2.31<\/td>\n<td>Rot\u0101cijas fr\u0113zes utt.<\/td>\n<td>540<\/td>\n<td>1250<\/td>\n<td>100<\/td>\n<td>140<\/td>\n<td>397<\/td>\n<td>226<\/td>\n<\/tr>\n<tr>\n<td colspan=\"9\">Piez\u012bme: Ja jums ir k\u0101das \u012bpa\u0161as pras\u012bbas, nekautr\u0113jieties man pazi\u0146ot, m\u0113s pie\u0146emam ar\u012b pas\u016bt\u012bjumu.<\/td>\n<\/tr>\n<\/tbody>\n<\/table>\n<h2>Greidera piedzi\u0146as gr\u0101bek\u013ca p\u0101rnesumk\u0101rbas FMP100 darb\u012bbas princips<\/h2>\n<p>Greidera piedzi\u0146as gr\u0101bek\u013ca p\u0101rnesumk\u0101rba FMP100 ir paredz\u0113ta greidera gr\u0101bek\u013ca meh\u0101nisma piedzi\u0146ai, ko parasti izmanto lauksaimniec\u012bbas ma\u0161\u012bn\u0101s, piem\u0113ram, v\u0101lot\u0101jos vai gr\u0101be\u013cos. \u0160eit ir p\u0101rskats par t\u0101 darb\u012bbas principu:<\/p>\n<p><strong>Jaudas padeve caur j\u016bgv\u0101rpstu<\/strong><\/p>\n<p>Greidera piedzi\u0146as gr\u0101bek\u013ca p\u0101rnesumk\u0101rbas FMP100 darb\u012bba s\u0101kas ar jaudas padevi no j\u016bgv\u0101rpstas (PTO). \u0160\u012b v\u0101rpsta savieno p\u0101rnesumk\u0101rbu ar traktoru vai citu tehniku. J\u016bgv\u0101rpsta p\u0101rnes dzin\u0113ja rad\u012bto meh\u0101nisko jaudu uz p\u0101rnesumk\u0101rbu, kas savuk\u0101rt darbina gr\u0101bek\u013ca meh\u0101nismu.<\/p>\n<p><strong>\u0100trumk\u0101rbas reduktors<\/strong><\/p>\n<p>Kad j\u016bgv\u0101rpsta darbina greidera piedzi\u0146as gr\u0101bek\u013ca p\u0101rnesumk\u0101rbu FMP100, p\u0101rnesumk\u0101rba veic p\u0101rnesumu samazin\u0101\u0161anu. \u0160is process p\u0101rveido j\u016bgv\u0101rpstas augsto rot\u0101cijas \u0101trumu l\u0113n\u0101k\u0101, liel\u0101ka griezes momenta izvad\u0113, kas ir piem\u0113rota gr\u0101bek\u013ca komponentu piedzi\u0146ai. Samazin\u0101\u0161ana tiek pan\u0101kta, izmantojot iek\u0161\u0113jo zobratu komplektu, kas samazina ieejas \u0101trumu l\u012bdz gr\u0101beklim viegl\u0101k p\u0101rvald\u0101mam \u0101trumam.<\/p>\n<p><strong>Varas sadale gr\u0101beklim<\/strong><\/p>\n<p>P\u0113c tam p\u0101rnesumk\u0101rba sadala jaudu caur izejas v\u0101rpstu, darbinot gr\u0101bek\u013ca komponentus, piem\u0113ram, rite\u0146us, zarus un rot\u0101cijas sviras. Atkar\u012bb\u0101 no gr\u0101bek\u013ca konstrukcijas p\u0101rnesumk\u0101rba var kontrol\u0113t vair\u0101ku atsevi\u0161\u0137u gr\u0101bek\u013ca sekciju vai centr\u0101las rot\u0113jo\u0161as sist\u0113mas kust\u012bbu.<\/p>\n<p><strong>Piel\u0101go\u0161anas meh\u0101nismi<\/strong><\/p>\n<p>Da\u017eas greidera piedzi\u0146as gr\u0101bek\u013ca p\u0101rnesumk\u0101rbas versijas, tostarp FMP100, ietver regul\u0113\u0161anas funkcijas, kas \u013cauj operatoriem prec\u012bzi noregul\u0113t gr\u0101bek\u013ca \u0101trumu vai darb\u012bbas re\u017e\u012bmu. To bie\u017ei pan\u0101k, regul\u0113jot izejas v\u0101rpstas p\u0101rnesumu skait\u013cus, \u013caujot gr\u0101beklim veikt da\u017e\u0101dus uzdevumus, piem\u0113ram, v\u0101l\u0113\u0161anu vai pat augsnes izl\u012bdzin\u0101\u0161anu, atkar\u012bb\u0101 no pielietojuma.<\/p>\n<p><strong>Griezes momenta p\u0101rraide un vad\u012bba<\/strong><\/p>\n<p>Vis\u0101 proces\u0101 greidera piedzi\u0146as gr\u0101bek\u013ca p\u0101rnesumk\u0101rba FMP100 nodro\u0161ina vienm\u0113r\u012bgu griezes momenta p\u0101rs\u016bt\u012b\u0161anu uz gr\u0101bek\u013ca meh\u0101nismu, nodro\u0161inot efekt\u012bvu darb\u012bbu. P\u0101rnesumk\u0101rba ar\u012b p\u0101rvalda jaudas sadali, nodro\u0161inot, ka gr\u0101beklis darbojas vienm\u0113r\u012bgi un konsekventi pat main\u012bgos lauka apst\u0101k\u013cos vai slodz\u0113s.<\/p>\n<p>\u0160is darb\u012bbas princips \u013cauj greidera piedzi\u0146as gr\u0101bek\u013ca reduktoram FMP100 nodro\u0161in\u0101t optim\u0101lu jaudas p\u0101rnesi, vienm\u0113r\u012bgu gr\u0101bek\u013ca darb\u012bbu un augstu efektivit\u0101ti, padarot to par uzticamu izv\u0113li lauksaimniec\u012bbas vajadz\u012bb\u0101m.<\/p>\n<p><img loading=\"lazy\" decoding=\"async\" class=\"alignnone size-full wp-image-2692\" src=\"https:\/\/fmp-components.com\/wp-content\/uploads\/2025\/01\/Grader-Driven-Rake-Gearbox-EP100-Working-Principle1.webp\" alt=\"Greidera piedzi\u0146as gr\u0101bek\u013ca p\u0101rnesumk\u0101rba EP100 darb\u012bbas princips (1)\" width=\"1419\" height=\"850\" title=\"\" srcset=\"https:\/\/fmp-components.com\/wp-content\/uploads\/2025\/01\/Grader-Driven-Rake-Gearbox-EP100-Working-Principle1.webp 1419w, https:\/\/fmp-components.com\/wp-content\/uploads\/2025\/01\/Grader-Driven-Rake-Gearbox-EP100-Working-Principle1-1280x767.webp 1280w, https:\/\/fmp-components.com\/wp-content\/uploads\/2025\/01\/Grader-Driven-Rake-Gearbox-EP100-Working-Principle1-980x587.webp 980w, https:\/\/fmp-components.com\/wp-content\/uploads\/2025\/01\/Grader-Driven-Rake-Gearbox-EP100-Working-Principle1-480x288.webp 480w\" sizes=\"(min-width: 0px) and (max-width: 480px) 480px, (min-width: 481px) and (max-width: 980px) 980px, (min-width: 981px) and (max-width: 1280px) 1280px, (min-width: 1281px) 1419px, 100vw\" \/><\/p>\n<h2>Greidera piedzi\u0146as gr\u0101bek\u013ca p\u0101rnesumk\u0101rba FMP100 Bie\u017ei sastopamie pielietojumi<\/h2>\n<p>Greidera piedzi\u0146as gr\u0101bek\u013ca p\u0101rnesumk\u0101rba FMP100 galvenok\u0101rt tiek izmantota lauksaimniec\u012bbas un r\u016bpniec\u012bbas tehnik\u0101, jo \u012bpa\u0161i lietojumos, kur gr\u0101b\u0161anas sist\u0113mu darbin\u0101\u0161anai ir nepiecie\u0161ama efekt\u012bva un iztur\u012bga jaudas p\u0101rne\u0161ana. T\u0101l\u0101k ir nor\u0101d\u012bti FMP100 p\u0101rnesumk\u0101rbas izplat\u012bt\u0101kie pielietojumi:<\/p>\n<p><strong>Siena gr\u0101bek\u013ci<\/strong><\/p>\n<ul>\n<li>M\u0113r\u0137is: FMP100 p\u0101rnesumk\u0101rba bie\u017ei tiek izmantota v\u0101lot\u0101jos, lai darbin\u0101tu gr\u0101bek\u013ca meh\u0101nismu, kas sav\u0101c sienu, salmus vai citus kult\u016braugus rind\u0101s (v\u0101los). Tas pal\u012bdz efekt\u012bvi \u017e\u0101v\u0113t, apstr\u0101d\u0101t un v\u0113l\u0101k nov\u0101c ra\u017eu.<\/li>\n<li>K\u0101 tas darbojas: P\u0101rnesumk\u0101rba p\u0101rnes jaudu no traktora j\u016bgv\u0101rpstas uz gr\u0101bekli, nodro\u0161inot, ka gr\u0101beklis efekt\u012bvi p\u0101rvietojas pa lauku un veido vienm\u0113r\u012bgus v\u0101lu\u013cus t\u0101l\u0101kai apstr\u0101dei.<\/li>\n<\/ul>\n<p><strong>Siena un salmu gr\u0101bek\u013ci<\/strong><\/p>\n<ul>\n<li>M\u0113r\u0137is: P\u0101rnesumk\u0101rba tiek izmantota siena un salmu gr\u0101be\u013cos, lai sav\u0101ktu nop\u013cauto sienu vai salmus k\u0101rt\u012bgi sak\u0101rtot\u0101s kaudz\u0113s vai v\u0101l\u0113s efekt\u012bvai sav\u0101k\u0161anai un transport\u0113\u0161anai.<\/li>\n<li>K\u0101 tas darbojas: \u0160aj\u0101 pielietojum\u0101 p\u0101rnesumk\u0101rba nodro\u0161ina gr\u0101bek\u013ca zaru vienm\u0113r\u012bgu un past\u0101v\u012bgu darb\u012bbu, uzlabojot ra\u017eas apstr\u0101di, samazinot materi\u0101la boj\u0101jumus un palielinot efektivit\u0101ti.<\/li>\n<\/ul>\n<p><strong>Rot\u0101cijas gr\u0101bek\u013ci<\/strong><\/p>\n<ul>\n<li>M\u0113r\u0137is: Rot\u0113jo\u0161ajos gr\u0101be\u013cos, kuros siena vai salmu sav\u0101k\u0161anai un sak\u0101rto\u0161anai tiek izmantoti rot\u0113jo\u0161i rite\u0146i vai zari, FMP100 p\u0101rnesumk\u0101rba ir atbild\u012bga par jaudas p\u0101rnesi uz rot\u0113jo\u0161ajiem elementiem.<\/li>\n<li>K\u0101 tas darbojas: P\u0101rnesumk\u0101rbas reduktora sist\u0113ma \u013cauj efekt\u012bvi p\u0101rveidot traktora j\u016bgv\u0101rpstas ieeju l\u0113n\u0101k\u0101, liel\u0101ka griezes momenta izej\u0101, kas darbina gr\u0101bek\u013ca rot\u0113jo\u0161\u0101s rokas.<\/li>\n<\/ul>\n<p><strong>Lauksaimniec\u012bbas greideri<\/strong><\/p>\n<ul>\n<li>M\u0113r\u0137is: Greidera piedzi\u0146as gr\u0101bek\u013ci, kas apr\u012bkoti ar FMP100 p\u0101rnesumk\u0101rbu, tiek izmantoti lauksaimniec\u012bbas augsnes apstr\u0101des darbos, kur augsne vai kult\u016braugu atliekas ir j\u0101izl\u012bdzina vai vienm\u0113r\u012bgi j\u0101izkaisa pa laukiem.<\/li>\n<li>K\u0101 tas darbojas: P\u0101rnesumk\u0101rba darbina gr\u0101bek\u013ca meh\u0101nismu, lai vienm\u0113r\u012bgi sadal\u012btu materi\u0101lus liel\u0101 plat\u012bb\u0101, pal\u012bdzot sagatavot laukus s\u0113\u0161anai vai citiem lauksaimniec\u012bbas procesiem.<\/li>\n<\/ul>\n<p><strong>\u0101rd\u012b\u0161anas ma\u0161\u012bnas<\/strong><\/p>\n<ul>\n<li>M\u0113r\u0137is: V\u0101lot\u0101ji tiek izmantoti siena vai z\u0101les izkl\u0101\u0161anai un aer\u0113\u0161anai \u0101tr\u0101kai \u017e\u0101v\u0113\u0161anai. \u0160aj\u0101s ma\u0161\u012bn\u0101s FMP100 p\u0101rnesumk\u0101rba tiek izmantota gr\u0101bek\u013ca sviru vai rotoru darbin\u0101\u0161anai.<\/li>\n<li>K\u0101 tas darbojas: P\u0101rnesumk\u0101rba darbina rot\u0113jo\u0161\u0101s sviras, pal\u012bdzot vienm\u0113r\u012bgi uzirdin\u0101t un izklied\u0113t sienu vai z\u0101li pa lauku, nodro\u0161inot pareizu aer\u0101ciju un nov\u0113r\u0161ot salip\u0161anu.<\/li>\n<\/ul>\n<p>Visos \u0161ajos pielietojumos greidera piedzi\u0146as gr\u0101bek\u013ca p\u0101rnesumk\u0101rba FMP100 iev\u0113rojami uzlabo lauksaimniec\u012bbas tehnikas veiktsp\u0113ju, uzticam\u012bbu un efektivit\u0101ti, padarot to par b\u016btisku sast\u0101vda\u013cu m\u016bsdienu lauksaimniec\u012bb\u0101 un zemes apsaimnieko\u0161an\u0101.<\/p>\n<p><img loading=\"lazy\" decoding=\"async\" class=\"alignnone size-full wp-image-2693\" src=\"https:\/\/fmp-components.com\/wp-content\/uploads\/2025\/01\/Grader-Driven-Rake-Gearbox-EP100-Common-Applications1.webp\" alt=\"Greidera piedzi\u0146as gr\u0101bek\u013ca p\u0101rnesumk\u0101rba EP100 bie\u017ei lietotiem priek\u0161metiem (1)\" width=\"1024\" height=\"576\" title=\"\" srcset=\"https:\/\/fmp-components.com\/wp-content\/uploads\/2025\/01\/Grader-Driven-Rake-Gearbox-EP100-Common-Applications1.webp 1024w, https:\/\/fmp-components.com\/wp-content\/uploads\/2025\/01\/Grader-Driven-Rake-Gearbox-EP100-Common-Applications1-980x551.webp 980w, https:\/\/fmp-components.com\/wp-content\/uploads\/2025\/01\/Grader-Driven-Rake-Gearbox-EP100-Common-Applications1-480x270.webp 480w\" sizes=\"(min-width: 0px) and (max-width: 480px) 480px, (min-width: 481px) and (max-width: 980px) 980px, (min-width: 981px) 1024px, 100vw\" \/><\/p>\n<h3>Par FMP<\/h3>\n<p>FMP galven\u0101 m\u012btne atrodas It\u0101lij\u0101, un tas ir vado\u0161ais ra\u017eot\u0101js, kas paz\u012bstams ar savu pieredzi augstas veiktsp\u0113jas p\u0101rnesumk\u0101rbu projekt\u0113\u0161an\u0101, izstr\u0101d\u0113 un ra\u017eo\u0161an\u0101, \u012bpa\u0161i koncentr\u0113joties uz lauksaimniec\u012bbas tehnikas sektoru. Ar prec\u012bzas in\u017eenierijas, inovat\u012bvu risin\u0101jumu un nelok\u0101mas uzticam\u012bbas reput\u0101ciju FMP ir k\u013cuvis par uzticamu partneri, kas risina gan lauksaimniec\u012bbas, gan r\u016bpniec\u012bbas sektora main\u012bg\u0101s vajadz\u012bbas. M\u016bsu daudzveid\u012bgais produktu kl\u0101sts ietver specializ\u0113tas p\u0101rnesumk\u0101rbas z\u0101les p\u013c\u0101v\u0113jiem, j\u016bgv\u0101rpstas un citas svar\u012bgas sast\u0101vda\u013cas, kas visas ir r\u016bp\u012bgi izstr\u0101d\u0101tas, lai nodro\u0161in\u0101tu piel\u0101gotus risin\u0101jumus pla\u0161am pielietojumu kl\u0101stam.<\/p>\n<p>Uz\u0146\u0113mum\u0101 FMP m\u0113s saprotam, ka katram klientam ir unik\u0101las pras\u012bbas un izaicin\u0101jumi. T\u0101p\u0113c m\u0113s specializ\u0113jamies piel\u0101gotu risin\u0101jumu pied\u0101v\u0101\u0161an\u0101, neatkar\u012bgi no t\u0101, vai tie attiecas uz atsevi\u0161\u0137\u0101m komponent\u0113m vai piln\u012bb\u0101 integr\u0113t\u0101m sist\u0113m\u0101m. M\u0113s cie\u0161i sadarbojamies ar saviem klientiem, lai nodro\u0161in\u0101tu, ka katrs risin\u0101jums ir ne tikai efekt\u012bvs, bet ar\u012b lietder\u012bgs, optimiz\u0113jot gan veiktsp\u0113ju, gan v\u0113rt\u012bbu. M\u016bsu ap\u0146em\u0161an\u0101s sniegt \u0101tras un profesion\u0101las atbildes apvienojum\u0101 ar ekspertu nor\u0101d\u012bjumiem nodro\u0161ina, ka katrs piepras\u012bjums tiek apstr\u0101d\u0101ts ar visliel\u0101ko r\u016bp\u012bbu un precizit\u0101ti, t\u0101d\u0113j\u0101di sasniedzot vislab\u0101kos iesp\u0113jamos rezult\u0101tus.<\/p>\n<p>M\u0113s priorit\u0101ri izvirz\u0101m atv\u0113rtu un nep\u0101rtrauktu komunik\u0101ciju vis\u0101 produktu izstr\u0101des proces\u0101. M\u016bsu \u012bpa\u0161i izveidot\u0101 komanda str\u0101d\u0101 tie\u0161i ar klientiem, lai piln\u012bb\u0101 izprastu vi\u0146u \u012bpa\u0161\u0101s vajadz\u012bbas, pied\u0101v\u0101jot v\u0113rt\u012bgas atzi\u0146as un ieteikumus, lai nodro\u0161in\u0101tu optim\u0101lus risin\u0101jumus. Neatkar\u012bgi no t\u0101, vai izstr\u0101d\u0101jam inovat\u012bvus produktus vai izpild\u0101m past\u0101v\u012bgus pas\u016bt\u012bjumus, FMP ir ap\u0146\u0113musies vienm\u0113r savlaic\u012bgi pieg\u0101d\u0101t augstas kvalit\u0101tes, prec\u012bzi izstr\u0101d\u0101tus risin\u0101jumus. M\u016bsu m\u0113r\u0137is ir nodro\u0161in\u0101t klientiem vislab\u0101ko apkalpo\u0161anu un rezult\u0101tus, p\u0101rsniedzot cer\u012bbas katr\u0101 projekt\u0101.<\/p>\n<p>Kvalit\u0101te ir FMP darb\u012bbas st\u016brakmens. M\u0113s iev\u0113rojam augst\u0101kos ra\u017eo\u0161anas standartus, ievie\u0161ot stingrus kvalit\u0101tes kontroles pas\u0101kumus, lai nodro\u0161in\u0101tu, ka katrs produkts ne tikai atbilst, bet ar\u012b p\u0101rsniedz nozares standartus. \u0160\u012b nelok\u0101m\u0101 ap\u0146em\u0161an\u0101s nodro\u0161in\u0101t kvalit\u0101ti apvienojum\u0101 ar m\u016bsu pamatv\u0113rt\u012bb\u0101m \u2013 integrit\u0101ti, komandas darbu un neatlaid\u012bbu \u2013 ir \u013c\u0101vusi mums veidot ilgsto\u0161as, uz uztic\u012bbu balst\u012btas attiec\u012bbas ar klientiem gandr\u012bz 30 valst\u012bs vis\u0101 pasaul\u0113.<\/p>\n<p>FMP vienm\u0113r ir atv\u0113rts glob\u0101lu partner\u012bbu veido\u0161anai un joproj\u0101m ir ap\u0146\u0113mies pied\u0101v\u0101t ekspertu padomus un piel\u0101gotus risin\u0101jumus, kas atbilst m\u016bsu klientu da\u017e\u0101daj\u0101m vajadz\u012bb\u0101m. M\u0113s nepied\u0101v\u0101jam tikai produktus; m\u016bsu m\u0113r\u0137is ir veidot ilgsto\u0161as \u200b\u200battiec\u012bbas, kas veicina katra projekta pan\u0101kumus. Neatkar\u012bgi no t\u0101, vai jums ir nepiecie\u0161ami inovat\u012bvi risin\u0101jumi jaunai iniciat\u012bvai vai past\u0101v\u012bgs atbalsts eso\u0161ai sist\u0113mai, FMP ir \u0161eit, lai risin\u0101tu j\u016bsu tehnisk\u0101s probl\u0113mas un nodro\u0161in\u0101tu j\u016bsu turpm\u0101kos pan\u0101kumus.<\/p>\n<p><img loading=\"lazy\" decoding=\"async\" class=\"alignnone  wp-image-2695\" src=\"https:\/\/fmp-components.com\/wp-content\/uploads\/2025\/01\/agricultural-gearbox3.webp\" alt=\"lauksaimniec\u012bbas p\u0101rnesumk\u0101rba\" width=\"953\" height=\"951\" title=\"\" srcset=\"https:\/\/fmp-components.com\/wp-content\/uploads\/2025\/01\/agricultural-gearbox3.webp 953w, https:\/\/fmp-components.com\/wp-content\/uploads\/2025\/01\/agricultural-gearbox3-480x479.webp 480w\" sizes=\"(min-width: 0px) and (max-width: 480px) 480px, (min-width: 481px) 953px, 100vw\" \/><\/p>\n<p>Autors: CX<\/p>","protected":false},"excerpt":{"rendered":"<p>Grader Driven Rake Gearbox FMP100 Dimensions Grader Driven Rake Gearbox FMP100 Shaft Dimensions Grader Driven Rake Gearbox FMP100 Technical Data i Suitable Rpm input Rpm output KW(Nom) KW(Max) L r\/min r\/min hp hp mm Speed increase 1 :2.31 Rotary Tillers, etc 540 1250 100 140 397 226 Remark: If you have any special require feel [&hellip;]<\/p>","protected":false},"featured_media":2694,"comment_status":"open","ping_status":"closed","template":"","meta":{"_et_pb_use_builder":"","_et_pb_old_content":"","_et_gb_content_width":""},"product_brand":[],"product_cat":[66],"product_tag":[],"class_list":{"0":"post-2689","1":"product","2":"type-product","3":"status-publish","4":"has-post-thumbnail","6":"product_cat-grader-driven-rake-gearbox","8":"first","9":"instock","10":"shipping-taxable","11":"product-type-simple"},"_links":{"self":[{"href":"https:\/\/fmp-components.com\/lv\/wp-json\/wp\/v2\/product\/2689","targetHints":{"allow":["GET"]}}],"collection":[{"href":"https:\/\/fmp-components.com\/lv\/wp-json\/wp\/v2\/product"}],"about":[{"href":"https:\/\/fmp-components.com\/lv\/wp-json\/wp\/v2\/types\/product"}],"replies":[{"embeddable":true,"href":"https:\/\/fmp-components.com\/lv\/wp-json\/wp\/v2\/comments?post=2689"}],"wp:featuredmedia":[{"embeddable":true,"href":"https:\/\/fmp-components.com\/lv\/wp-json\/wp\/v2\/media\/2694"}],"wp:attachment":[{"href":"https:\/\/fmp-components.com\/lv\/wp-json\/wp\/v2\/media?parent=2689"}],"wp:term":[{"taxonomy":"product_brand","embeddable":true,"href":"https:\/\/fmp-components.com\/lv\/wp-json\/wp\/v2\/product_brand?post=2689"},{"taxonomy":"product_cat","embeddable":true,"href":"https:\/\/fmp-components.com\/lv\/wp-json\/wp\/v2\/product_cat?post=2689"},{"taxonomy":"product_tag","embeddable":true,"href":"https:\/\/fmp-components.com\/lv\/wp-json\/wp\/v2\/product_tag?post=2689"}],"curies":[{"name":"wp","href":"https:\/\/api.w.org\/{rel}","templated":true}]}}