{"id":2665,"date":"2025-01-03T05:45:44","date_gmt":"2025-01-03T05:45:44","guid":{"rendered":"https:\/\/fmp-components.com\/product\/professional-multi-stage-hydraulic-cylinder-for-dump-truck\/"},"modified":"2025-01-04T00:42:26","modified_gmt":"2025-01-04T00:42:26","slug":"professional-multi-stage-hydraulic-cylinder-for-dump-truck","status":"publish","type":"product","link":"https:\/\/fmp-components.com\/lv\/product\/professional-multi-stage-hydraulic-cylinder-for-dump-truck\/","title":{"rendered":"Profesion\u0101ls daudzpak\u0101pju hidrauliskais cilindrs pa\u0161izg\u0101z\u0113jam"},"content":{"rendered":"<h2>Ievads profesion\u0101laj\u0101 daudzpak\u0101pju hidrauliskaj\u0101 cilindr\u0101 pa\u0161izg\u0101z\u0113jam<\/h2>\n<p>Profesion\u0101lais daudzpak\u0101pju hidrauliskais cilindrs pa\u0161izg\u0101z\u0113jam ir oblig\u0101ts jebkuram pa\u0161izg\u0101z\u0113jam. Tas ir paredz\u0113ts, lai nodro\u0161in\u0101tu uzticamu un efekt\u012bvu smagu kravu cel\u0161anu un izg\u0101\u0161anu, padarot to par b\u016btisku sast\u0101vda\u013cu r\u016bpniec\u012bbas un b\u016bvniec\u012bbas nozar\u0113s. \u0160is hidrauliskais cilindrs ir izstr\u0101d\u0101ts, lai iztur\u0113tu vissmag\u0101kos darba apst\u0101k\u013cus, un ir pietiekami iztur\u012bgs, lai katru dienu tiktu gal\u0101 ar smag\u0101m krav\u0101m.<\/p>\n<h3>Funkcijas<\/h3>\n<ul>\n<li>Daudzpak\u0101pju hidraulisk\u0101 cilindra konstrukcija<\/li>\n<li>Augstas iztur\u012bbas t\u0113rauda konstrukcija<\/li>\n<li>Bez\u0161uvju apdare<\/li>\n<li>Korozijiztur\u012bgs<\/li>\n<li>Viegli uzst\u0101d\u012bt un uztur\u0113t<\/li>\n<\/ul>\n<p>Profesion\u0101lais daudzpak\u0101pju hidrauliskais cilindrs pa\u0161izg\u0101z\u0113jam ir b\u016btiska pa\u0161izg\u0101z\u0113ju sast\u0101vda\u013ca. Pateicoties t\u0101 iztur\u012bgajai konstrukcijai un augstajai celtsp\u0113jai, tas nodro\u0161ina uzticamu un efekt\u012bvu smagu kravu cel\u0161anu un izg\u0101\u0161anu, padarot to par popul\u0101ru izv\u0113li r\u016bpniec\u012bbas un b\u016bvniec\u012bbas nozar\u0113s. T\u0101 vienk\u0101r\u0161\u0101 apkope un vienm\u0113r\u012bg\u0101 darb\u012bba padara to par rentablu izv\u0113li pa\u0161izg\u0101z\u0113ju \u012bpa\u0161niekiem, kuriem nepiecie\u0161ams uzticams hidrauliskais cilindrs, kas sp\u0113j tikt gal\u0101 ar smag\u0101m krav\u0101m dienu no dienas.<\/p>\n<h2>Produkta p\u0101rskats<\/h2>\n<p>Profesion\u0101lais daudzpak\u0101pju hidrauliskais cilindrs pa\u0161izg\u0101z\u0113jam ir augstas kvalit\u0101tes, standarta un pavisam jauns produkts. To var izmantot da\u017e\u0101d\u0101s nozar\u0113s, tostarp ra\u017eo\u0161anas r\u016bpn\u012bc\u0101s, ma\u0161\u012bnb\u016bves remonta darbn\u012bc\u0101s, ferm\u0101s, ener\u0123\u0113tik\u0101 un ieguves r\u016bpniec\u012bb\u0101. \u0160is hidrauliskais cilindrs ir izgatavots no augstas kvalit\u0101tes 20#\/45# t\u0113rauda, \u200b\u200bpadarot to iztur\u012bgu un ilgm\u016b\u017e\u012bgu. Ar svaru 12 kg t\u0101 maksim\u0101l\u0101 vilces jauda ir 3000 AG un maksim\u0101l\u0101 vilk\u0161anas jauda ir 600 AG.<\/p>\n<h2>Funkcijas un priek\u0161roc\u012bbas<\/h2>\n<ul>\n<li>Hidraulisk\u0101 jauda: \u0160is hidrauliskais cilindrs izmanto \u0161\u0137idruma spiediena sp\u0113ku, lai rad\u012btu sp\u0113ku, padarot to \u013coti efekt\u012bvu un uzticamu.<\/li>\n<li>Digit\u0101l\u0101 strukt\u016bra: digit\u0101l\u0101 cilindra strukt\u016bra nodro\u0161ina precizit\u0101ti un \u0113rtu vad\u012bbu.<\/li>\n<li>Ener\u0123ijas taup\u012b\u0161ana: Pateicoties t\u0101 atjaut\u012bgajam dizainam, tas pal\u012bdz taup\u012bt ener\u0123iju, padarot to par videi draudz\u012bgu risin\u0101jumu.<\/li>\n<li>Dro\u0161\u012bba: Izgatavots no augstas kvalit\u0101tes t\u0113rauda, \u200b\u200btas garant\u0113 dro\u0161\u012bbu, iztur\u012bbu un ilgm\u016b\u017e\u012bbu.<\/li>\n<\/ul>\n<h2>Tehnisk\u0101s specifik\u0101cijas<\/h2>\n<table style=\"width: 90.7998%; height: 160px;\" border=\"1\">\n<tbody>\n<tr style=\"height: 23px;\">\n<td style=\"height: 23px;\"><i>Urbuma izm\u0113rs<\/i><\/td>\n<td style=\"height: 23px;\">2\u20136 collas<\/td>\n<\/tr>\n<tr style=\"height: 23px;\">\n<td style=\"height: 23px;\"><i>Stie\u0146a izm\u0113rs<\/i><\/td>\n<td style=\"height: 23px;\">1,125\u20134 collas<\/td>\n<\/tr>\n<tr style=\"height: 23px;\">\n<td style=\"height: 23px;\"><i>Trieciena izm\u0113rs<\/i><\/td>\n<td style=\"height: 23px;\">4\u2013100 collas<\/td>\n<\/tr>\n<tr style=\"height: 23px;\">\n<td style=\"height: 23px;\"><i>Tapas izm\u0113rs<\/i><\/td>\n<td style=\"height: 23px;\">0,5\u20132 collas<\/td>\n<\/tr>\n<tr style=\"height: 23px;\">\n<td style=\"height: 23px;\"><i>Ostas<\/i><\/td>\n<td style=\"height: 23px;\">G\/SAE\/NPT\/M<\/td>\n<\/tr>\n<\/tbody>\n<\/table>\n<h2>Pa\u0161izg\u0101z\u0113ja un piekabes hidraulisk\u0101 cilindra priek\u0161roc\u012bbas<\/h2>\n<ul>\n<li><strong>Paaugstin\u0101ta efektivit\u0101te:<\/strong> Pa\u0161izg\u0101z\u0113ji un piekabes, kas apr\u012bkotas ar hidrauliskajiem cilindriem, var darboties efekt\u012bv\u0101k nek\u0101 t\u0101s, kur\u0101m t\u0101du nav. Hidraulisk\u0101 sist\u0113ma nodro\u0161ina vienm\u0113r\u012bgu un uzticamu jaudas p\u0101rnesi, kas \u013cauj \u0101tr\u0101k un prec\u012bz\u0101k izg\u0101zt materi\u0101lus. Tas ietaupa laiku un darbasp\u0113ka izmaksas, vienlaikus palielinot kop\u0113jo produktivit\u0101ti. Turkl\u0101t hidraulisk\u0101s sist\u0113mas ir \u013coti efekt\u012bvas ener\u0123ijas pat\u0113ri\u0146a zi\u0146\u0101. To darb\u012bbai nepiecie\u0161ams maz\u0101k ener\u0123ijas sal\u012bdzin\u0101jum\u0101 ar meh\u0101niskaj\u0101m sist\u0113m\u0101m, kas noz\u012bm\u0113 zem\u0101kas degvielas izmaksas un maz\u0101ku ietekmi uz vidi. Turkl\u0101t hidrauliskie cilindri ir paredz\u0113ti ilgsto\u0161ai darb\u012bbai, samazinot nepiecie\u0161am\u012bbu p\u0113c bie\u017eas apkopes un remonta.<\/li>\n<li><strong>Uzlabota dro\u0161\u012bba:<\/strong> Pa\u0161izg\u0101z\u0113ji un piekabes var b\u016bt b\u012bstamas, ja t\u0101s netiek pareizi darbin\u0101tas. Tom\u0113r hidrauliskie cilindri var uzlabot dro\u0161\u012bbu, samazinot apg\u0101\u0161an\u0101s vai izlie\u0161anas risku izg\u0101\u0161anas laik\u0101. Hidraulisk\u0101 sist\u0113ma nodro\u0161ina stabilu un vienm\u0113r\u012bgu jaudas p\u0101rnesi, nov\u0113r\u0161ot p\u0113k\u0161\u0146as kust\u012bbas vai raust\u012bjumus, kas var\u0113tu destabiliz\u0113t transportl\u012bdzekli. Turkl\u0101t hidraulisk\u0101s sist\u0113mas var konstru\u0113t ar dro\u0161\u012bbas funkcij\u0101m, piem\u0113ram, spiediena samazin\u0101\u0161anas v\u0101rstiem un p\u0101rslodzes aizsardz\u012bbu, nodro\u0161inot, ka sist\u0113ma nep\u0101rsniedz maksim\u0101lo jaudu. Uzlabojot dro\u0161\u012bbu, hidrauliskie cilindri var pal\u012bdz\u0113t samazin\u0101t negad\u012bjumu un traumu risku, aizsarg\u0101jot gan darbiniekus, gan apr\u012bkojumu.<\/li>\n<li><strong>Paaugstin\u0101ta daudzpus\u012bba:<\/strong> Pa\u0161izg\u0101z\u0113jus un piekabes, kas apr\u012bkotas ar hidrauliskajiem cilindriem, var izmantot da\u017e\u0101diem m\u0113r\u0137iem. Hidraulisk\u0101s sist\u0113mas ir \u013coti piel\u0101gojamas un t\u0101s var piel\u0101got da\u017e\u0101du nozaru un pielietojumu \u012bpa\u0161aj\u0101m vajadz\u012bb\u0101m. Piem\u0113ram, hidrauliskos cilindrus var konstru\u0113t t\u0101, lai tie darbotos ar da\u017e\u0101du spiedienu un \u0101trumu, kas \u013cauj prec\u012bzi kontrol\u0113t izg\u0101\u0161anas procesu. Tos var izmantot ar\u012b smagu kravu pacel\u0161anai vai materi\u0101lu pastum\u0161anai mal\u0101, padarot tos noder\u012bgus b\u016bvniec\u012bb\u0101, ieguves r\u016bpniec\u012bb\u0101 un lauksaimniec\u012bb\u0101.<\/li>\n<li><strong>Uzlabots komforts:<\/strong> Pa\u0161izg\u0101z\u0113ju un piekabju operatori var g\u016bt labumu no uzlabot\u0101 komforta, ko nodro\u0161ina hidraulisk\u0101s sist\u0113mas. Hidraulisko cilindru vienm\u0113r\u012bg\u0101 darb\u012bba samazina vibr\u0101cijas un gr\u016bdienus, t\u0101d\u0113j\u0101di samazinot operatora nogurumu un uzlabojot kop\u0113jo komfortu. Turkl\u0101t hidraulisk\u0101s sist\u0113mas var konstru\u0113t t\u0101, lai t\u0101s darbotos klusi, samazinot trok\u0161\u0146a pies\u0101r\u0146ojumu un radot \u0113rt\u0101ku darba vidi. Tas var b\u016bt \u012bpa\u0161i svar\u012bgi lietojumos, kur darbinieki ilgsto\u0161i atrodas iek\u0101rtu tuvum\u0101.<\/li>\n<li><strong>Pastiprin\u0101ta kontrole:<\/strong> Hidrauliskie cilindri nodro\u0161ina prec\u012bzu izg\u0101\u0161anas procesa kontroli, \u013caujot operatoriem piel\u0101got izg\u0101\u0161anas \u0101trumu un le\u0146\u0137i. \u0160is kontroles l\u012bmenis var b\u016bt \u012bpa\u0161i noder\u012bgs lietojumos, kuros izg\u0101\u017eamie materi\u0101li ir trausli vai tiem nepiecie\u0161ama prec\u012bza pozicion\u0113\u0161ana. Turkl\u0101t hidrauliskos cilindrus var vad\u012bt att\u0101lin\u0101ti, nodro\u0161inot v\u0113l liel\u0101ku kontroli un elast\u012bbu. Tas var b\u016bt noder\u012bgi lietojumos, kuros operatoram j\u0101atrodas cit\u0101 viet\u0101 nek\u0101 iek\u0101rta vai kur redzam\u012bba ir ierobe\u017eota.<\/li>\n<\/ul>\n<p><img loading=\"lazy\" decoding=\"async\" class=\"alignnone size-full wp-image-2676\" src=\"https:\/\/fmp-components.com\/wp-content\/uploads\/2025\/01\/hydraulic-cylinder-workshop.webp\" alt=\"hidraulisko cilindru darbn\u012bca\" width=\"914\" height=\"733\" title=\"\" srcset=\"https:\/\/fmp-components.com\/wp-content\/uploads\/2025\/01\/hydraulic-cylinder-workshop.webp 914w, https:\/\/fmp-components.com\/wp-content\/uploads\/2025\/01\/hydraulic-cylinder-workshop-480x385.webp 480w\" sizes=\"(min-width: 0px) and (max-width: 480px) 480px, (min-width: 481px) 914px, 100vw\" \/><\/p>\n<h2>Par FMP<\/h2>\n<p>FMP ir vado\u0161ais uz\u0146\u0113mums, kas atrodas It\u0101lij\u0101 un specializ\u0113jas celtniec\u012bbas tehnikas piederumu un pilnu iek\u0101rtu p\u0101rdo\u0161an\u0101 un apkalpo\u0161an\u0101. M\u016bsu uz\u0146\u0113mumam ir pla\u0161a pieredze nozar\u0113 un profesion\u0101la komanda, kas ir ap\u0146\u0113musies nodro\u0161in\u0101t klientus ar augstas kvalit\u0101tes un uzticamiem celtniec\u012bbas tehnikas risin\u0101jumiem.<\/p>\n<p>\u0160eit ir pieci iemesli, k\u0101p\u0113c jums vajadz\u0113tu izv\u0113l\u0113ties FMP:<\/p>\n<p>1. Augstas kvalit\u0101tes prec\u012bzijas in\u017eeniertehniskie hidrauliskie cilindri<br \/>\nUz\u0146\u0113mum\u0101 FMP m\u0113s esam ap\u0146\u0113mu\u0161ies nodro\u0161in\u0101t kvalit\u0101ti visos m\u016bsu darb\u012bbas l\u012bme\u0146os. M\u016bsu hidrauliskie cilindri ir prec\u012bzi konstru\u0113ti, lai atbilstu augst\u0101kajiem nozares standartiem. M\u0113s izmantojam tikai augstas kvalit\u0101tes izejvielas un veicam stingras gatavo produktu kvalit\u0101tes p\u0101rbaudes, lai nodro\u0161in\u0101tu, ka m\u016bsu klienti sa\u0146em vislab\u0101kos iesp\u0113jamos produktus.<\/p>\n<p>2. Pla\u0161s produktu kl\u0101sts<br \/>\nM\u0113s pied\u0101v\u0101jam pla\u0161u celtniec\u012bbas tehnikas piederumu un nokomplekt\u0113tu ma\u0161\u012bnu kl\u0101stu, tostarp da\u017e\u0101dus hidrauliskos cilindrus, p\u0101rnesumk\u0101rbas, \u0137\u0113des un zobratus. M\u016bsu produktu kl\u0101sts aptver visu veidu celtniec\u012bbas tehniku \u200b\u200bun piederumus, tostarp dzin\u0113ju piederumus, hidraulisko sist\u0113mu komponentus, \u0161asijas piederumus un elektrisk\u0101s sist\u0113mas piederumus.<\/p>\n<p>3. Ilgtermi\u0146a un stabilas sadarb\u012bbas attiec\u012bbas ar pieg\u0101d\u0101t\u0101jiem<br \/>\nFMP ir izveidojis ilgtermi\u0146a un stabilas sadarb\u012bbas attiec\u012bbas ar daudziem augstas kvalit\u0101tes viet\u0113jiem un \u0101rvalstu pieg\u0101d\u0101t\u0101jiem. Tas nodro\u0161ina, ka visi pieg\u0101d\u0101tie aksesu\u0101ri atbilst stingriem kvalit\u0101tes standartiem, un m\u016bsu klienti sa\u0146em vislab\u0101kos iesp\u0113jamos produktus.<\/p>\n<p>4. Pieredz\u0113jusi un prasm\u012bga p\u0101rdo\u0161anas komanda<br \/>\nM\u016bsu p\u0101rdo\u0161anas komanda ir pieredz\u0113jusi un prasm\u012bga b\u016bvniec\u012bbas tehnikas nozar\u0113. Vi\u0146i p\u0101rzina jaun\u0101k\u0101s att\u012bst\u012bbas tendences un klientu vajadz\u012bbas, k\u0101 ar\u012b var sniegt profesion\u0101las produktu konsult\u0101cijas un p\u0101rdom\u0101tus pirk\u0161anas padomus, lai nodro\u0161in\u0101tu, ka m\u016bsu klienti sa\u0146em sav\u0101m vajadz\u012bb\u0101m atbilsto\u0161\u0101kos produktus.<\/p>\n<p>5. Efekt\u012bva lo\u0123istikas izplat\u012b\u0161anas sist\u0113ma<br \/>\nMums ir efekt\u012bva lo\u0123istikas izplat\u012b\u0161anas sist\u0113ma, kas nodro\u0161ina, ka m\u016bsu klienti savlaic\u012bgi un prec\u012bzi sa\u0146em nepiecie\u0161am\u0101s deta\u013cas. M\u016bsu lo\u0123istikas komanda ir ap\u0146\u0113musies sniegt vislab\u0101ko iesp\u0113jamo servisu, lai nodro\u0161in\u0101tu m\u016bsu klientu apmierin\u0101t\u012bbu.<\/p>\n<p>Ja mekl\u0113jat augstas kvalit\u0101tes celtniec\u012bbas tehnikas piederumus un nokomplekt\u0113tas iek\u0101rtas, FMP ir j\u016bsu lab\u0101k\u0101 izv\u0113le. Sazinieties ar mums jau \u0161odien, lai uzzin\u0101tu vair\u0101k par m\u016bsu produktiem un to, k\u0101 m\u0113s varam pal\u012bdz\u0113t jums apmierin\u0101t j\u016bsu celtniec\u012bbas tehnikas vajadz\u012bbas.<\/p>\n<p><img loading=\"lazy\" decoding=\"async\" class=\"alignnone wp-image-2672\" src=\"https:\/\/fmp-components.com\/wp-content\/uploads\/2025\/01\/Dump-Truck-Trailer-Hydraulic-Cylinder-product-3-2.webp\" alt=\"Pa\u0161izg\u0101z\u0113ja un piekabes hidrauliskais cilindrs-produkts-3\" width=\"921\" height=\"675\" title=\"\" srcset=\"https:\/\/fmp-components.com\/wp-content\/uploads\/2025\/01\/Dump-Truck-Trailer-Hydraulic-Cylinder-product-3-2.webp 921w, https:\/\/fmp-components.com\/wp-content\/uploads\/2025\/01\/Dump-Truck-Trailer-Hydraulic-Cylinder-product-3-2-480x352.webp 480w\" sizes=\"(min-width: 0px) and (max-width: 480px) 480px, (min-width: 481px) 921px, 100vw\" \/><br \/>\nAutors: CX<\/p>","protected":false},"excerpt":{"rendered":"<p>Introduction to Professional Multi Stage Hydraulic Cylinder for Dump Truck The professional multi stage hydraulic cylinder for dump truck is a must-have for any dump truck. It is designed to provide reliable and efficient lifting and dumping of heavy loads, making it an essential component in the industrial and construction sectors. This hydraulic cylinder is [&hellip;]<\/p>","protected":false},"featured_media":2666,"comment_status":"closed","ping_status":"closed","template":"","meta":{"_et_pb_use_builder":"","_et_pb_old_content":"","_et_gb_content_width":""},"product_brand":[],"product_cat":[63],"product_tag":[65,34],"class_list":{"0":"post-2665","1":"product","2":"type-product","3":"status-publish","4":"has-post-thumbnail","6":"product_cat-dump-truck-trailer-hydraulic-cylinder","7":"product_tag-dump-truck-trailer-hydraulic-cylinder","8":"product_tag-hydraulic-cylinder","10":"first","11":"instock","12":"product-type-simple"},"_links":{"self":[{"href":"https:\/\/fmp-components.com\/lv\/wp-json\/wp\/v2\/product\/2665","targetHints":{"allow":["GET"]}}],"collection":[{"href":"https:\/\/fmp-components.com\/lv\/wp-json\/wp\/v2\/product"}],"about":[{"href":"https:\/\/fmp-components.com\/lv\/wp-json\/wp\/v2\/types\/product"}],"replies":[{"embeddable":true,"href":"https:\/\/fmp-components.com\/lv\/wp-json\/wp\/v2\/comments?post=2665"}],"wp:featuredmedia":[{"embeddable":true,"href":"https:\/\/fmp-components.com\/lv\/wp-json\/wp\/v2\/media\/2666"}],"wp:attachment":[{"href":"https:\/\/fmp-components.com\/lv\/wp-json\/wp\/v2\/media?parent=2665"}],"wp:term":[{"taxonomy":"product_brand","embeddable":true,"href":"https:\/\/fmp-components.com\/lv\/wp-json\/wp\/v2\/product_brand?post=2665"},{"taxonomy":"product_cat","embeddable":true,"href":"https:\/\/fmp-components.com\/lv\/wp-json\/wp\/v2\/product_cat?post=2665"},{"taxonomy":"product_tag","embeddable":true,"href":"https:\/\/fmp-components.com\/lv\/wp-json\/wp\/v2\/product_tag?post=2665"}],"curies":[{"name":"wp","href":"https:\/\/api.w.org\/{rel}","templated":true}]}}