{"id":2663,"date":"2025-01-03T05:45:44","date_gmt":"2025-01-03T05:45:44","guid":{"rendered":"https:\/\/fmp-components.com\/product\/china-manufacture-steering-double-action-hydraulic-ram-for-dump-truck\/"},"modified":"2025-01-04T00:43:30","modified_gmt":"2025-01-04T00:43:30","slug":"italy-manufacture-steering-double-action-hydraulic-ram-for-dump-truck","status":"publish","type":"product","link":"https:\/\/fmp-components.com\/lv\/product\/italy-manufacture-steering-double-action-hydraulic-ram-for-dump-truck\/","title":{"rendered":"It\u0101lijas ra\u017eo\u0161anas st\u016bres dubult\u0101s darb\u012bbas hidrauliskais cilindrs pa\u0161izg\u0101z\u0113jam"},"content":{"rendered":"<h2>It\u0101lija ra\u017eo st\u016bres dubult\u0101s darb\u012bbas hidraulisko cilindru pa\u0161izg\u0101z\u0113jam<\/h2>\n<p>It\u0101lij\u0101 ra\u017eotais st\u016bres divk\u0101r\u0161\u0101s darb\u012bbas hidrauliskais cilindrs ir augstas kvalit\u0101tes un uzticama deta\u013ca, kas \u012bpa\u0161i izstr\u0101d\u0101ta pa\u0161izg\u0101z\u0113jiem. \u0160im hidrauliskajam cilindram ir iz\u0161\u0137iro\u0161a noz\u012bme efekt\u012bv\u0101 pa\u0161izg\u0101z\u0113ju st\u016br\u0113\u0161an\u0101 un darb\u012bb\u0101, nodro\u0161inot vienm\u0113r\u012bgas un prec\u012bzas kust\u012bbas.<\/p>\n<p>Galven\u0101s iez\u012bmes:<br \/>\n\u2013 Uzlabota st\u016br\u0113\u0161anas vad\u012bba: Hidrauliskais cilindrs izmanto progres\u012bvu tehnolo\u0123iju, lai nodro\u0161in\u0101tu izcilu st\u016br\u0113\u0161anas vad\u012bbu, \u013caujot operatoriem bez piep\u016bles manevr\u0113t ar pa\u0161izg\u0101z\u0113jiem. \u0160\u012b funkcija uzlabo transportl\u012bdzek\u013ca visp\u0101r\u0113jo dro\u0161\u012bbu un stabilit\u0101ti ekspluat\u0101cijas laik\u0101.<\/p>\n<p>\u2013 Divk\u0101r\u0161as darb\u012bbas funkcionalit\u0101te: Hidrauliskais cilindrs pied\u0101v\u0101 divk\u0101r\u0161as darb\u012bbas funkcionalit\u0101ti, kas \u013cauj veikt gan stum\u0161anas, gan vilk\u0161anas kust\u012bbas. \u0160\u012b daudzpus\u012bba nodro\u0161ina efekt\u012bvu un elast\u012bgu st\u016br\u0113\u0161anu, uzlabojot produktivit\u0101ti un samazinot darb\u012bbas laiku.<\/p>\n<p><img loading=\"lazy\" decoding=\"async\" class=\"size-full wp-image-2681 aligncenter\" src=\"https:\/\/fmp-components.com\/wp-content\/uploads\/2025\/01\/dump-truck-trailer-hydraulic-cylinder-5-2.webp\" alt=\"pa\u0161izg\u0101z\u0113ja piekabes hidrauliskais cilindrs 5\" width=\"600\" height=\"467\" title=\"\" srcset=\"https:\/\/fmp-components.com\/wp-content\/uploads\/2025\/01\/dump-truck-trailer-hydraulic-cylinder-5-2.webp 600w, https:\/\/fmp-components.com\/wp-content\/uploads\/2025\/01\/dump-truck-trailer-hydraulic-cylinder-5-2-480x374.webp 480w\" sizes=\"(min-width: 0px) and (max-width: 480px) 480px, (min-width: 481px) 600px, 100vw\" \/><\/p>\n<p>\u2013 Iztur\u012bga konstrukcija: Hidrauliskais cilindrs ir izgatavots no iztur\u012bgiem materi\u0101liem, un tam ir izcila iztur\u012bba un ilgm\u016b\u017e\u012bba. Tas ir izstr\u0101d\u0101ts, lai iztur\u0113tu intens\u012bvu lieto\u0161anu un skarbus darba apst\u0101k\u013cus, padarot to ide\u0101li piem\u0113rotu pa\u0161izg\u0101z\u0113jiem, kas darbojas b\u016bvniec\u012bb\u0101, ieguves r\u016bpniec\u012bb\u0101 un cit\u0101s pras\u012bg\u0101s nozar\u0113s.<\/p>\n<p>\u2013 Prec\u012bza un uzticama veiktsp\u0113ja: Pateicoties prec\u012bzai in\u017eenierijai un r\u016bp\u012bgiem ra\u017eo\u0161anas standartiem, hidrauliskais cilindrs nodro\u0161ina past\u0101v\u012bgu un uzticamu veiktsp\u0113ju. Tas nodro\u0161ina vienm\u0113r\u012bgu un prec\u012bzu st\u016br\u0113\u0161anas vad\u012bbu, samazinot p\u0113k\u0161\u0146u kust\u012bbu vai darb\u012bbas trauc\u0113jumu risku.<\/p>\n<p>\u2013 Vienk\u0101r\u0161a uzst\u0101d\u012b\u0161ana un apkope: Hidrauliskais cilindrs ir izstr\u0101d\u0101ts t\u0101, lai to b\u016btu viegli uzst\u0101d\u012bt un apkopt, samazinot d\u012bkst\u0101ves laiku un palielinot produktivit\u0101ti. T\u0101 lietot\u0101jam draudz\u012bgais dizains nodro\u0161ina vieglu apkopi un apkalpo\u0161anu, nodro\u0161inot optim\u0101lu veiktsp\u0113ju vis\u0101 t\u0101 kalpo\u0161anas laik\u0101.<\/p>\n<p>Nosl\u0113gum\u0101 j\u0101saka, ka It\u0101lij\u0101 ra\u017eotais st\u016bres divk\u0101r\u0161\u0101s darb\u012bbas hidrauliskais cilindrs pa\u0161izg\u0101z\u0113jam ir augst\u0101k\u0101s kvalit\u0101tes produkts, kas garant\u0113 efekt\u012bvu st\u016br\u0113\u0161anas kontroli un uzticamu veiktsp\u0113ju. Pateicoties t\u0101 uzlabotaj\u0101m funkcij\u0101m, iztur\u012bbai un vienk\u0101r\u0161ajai uzst\u0101d\u012b\u0161anai, \u0161is hidrauliskais cilindrs ir lieliska izv\u0113le pa\u0161izg\u0101z\u0113jiem, kas darbojas da\u017e\u0101d\u0101s nozar\u0113s.<\/p>\n<h2>Pa\u0161izg\u0101z\u0113ja un piekabes hidraulisk\u0101 cilindra priek\u0161roc\u012bbas<\/h2>\n<ul>\n<li><strong>Paaugstin\u0101ta efektivit\u0101te:<\/strong> Pa\u0161izg\u0101z\u0113ji un piekabes, kas apr\u012bkotas ar hidrauliskajiem cilindriem, var darboties efekt\u012bv\u0101k nek\u0101 t\u0101s, kur\u0101m t\u0101du nav. Hidraulisk\u0101 sist\u0113ma nodro\u0161ina vienm\u0113r\u012bgu un uzticamu jaudas p\u0101rnesi, kas \u013cauj \u0101tr\u0101k un prec\u012bz\u0101k izg\u0101zt materi\u0101lus. Tas ietaupa laiku un darbasp\u0113ka izmaksas, vienlaikus palielinot kop\u0113jo produktivit\u0101ti. Turkl\u0101t hidraulisk\u0101s sist\u0113mas ir \u013coti efekt\u012bvas ener\u0123ijas pat\u0113ri\u0146a zi\u0146\u0101. To darb\u012bbai nepiecie\u0161ams maz\u0101k ener\u0123ijas sal\u012bdzin\u0101jum\u0101 ar meh\u0101niskaj\u0101m sist\u0113m\u0101m, kas noz\u012bm\u0113 zem\u0101kas degvielas izmaksas un maz\u0101ku ietekmi uz vidi. Turkl\u0101t hidrauliskie cilindri ir paredz\u0113ti ilgsto\u0161ai darb\u012bbai, samazinot nepiecie\u0161am\u012bbu p\u0113c bie\u017eas apkopes un remonta.<\/li>\n<li><strong>Uzlabota dro\u0161\u012bba:<\/strong> Pa\u0161izg\u0101z\u0113ji un piekabes var b\u016bt b\u012bstamas, ja t\u0101s netiek pareizi darbin\u0101tas. Tom\u0113r hidrauliskie cilindri var uzlabot dro\u0161\u012bbu, samazinot apg\u0101\u0161an\u0101s vai izlie\u0161anas risku izg\u0101\u0161anas laik\u0101. Hidraulisk\u0101 sist\u0113ma nodro\u0161ina stabilu un vienm\u0113r\u012bgu jaudas p\u0101rnesi, nov\u0113r\u0161ot p\u0113k\u0161\u0146as kust\u012bbas vai raust\u012bjumus, kas var\u0113tu destabiliz\u0113t transportl\u012bdzekli. Turkl\u0101t hidraulisk\u0101s sist\u0113mas var konstru\u0113t ar dro\u0161\u012bbas funkcij\u0101m, piem\u0113ram, spiediena samazin\u0101\u0161anas v\u0101rstiem un p\u0101rslodzes aizsardz\u012bbu, nodro\u0161inot, ka sist\u0113ma nep\u0101rsniedz maksim\u0101lo jaudu. Uzlabojot dro\u0161\u012bbu, hidrauliskie cilindri var pal\u012bdz\u0113t samazin\u0101t negad\u012bjumu un traumu risku, aizsarg\u0101jot gan darbiniekus, gan apr\u012bkojumu.<\/li>\n<li><strong>Paaugstin\u0101ta daudzpus\u012bba:<\/strong> Pa\u0161izg\u0101z\u0113jus un piekabes, kas apr\u012bkotas ar hidrauliskajiem cilindriem, var izmantot da\u017e\u0101diem m\u0113r\u0137iem. Hidraulisk\u0101s sist\u0113mas ir \u013coti piel\u0101gojamas un t\u0101s var piel\u0101got da\u017e\u0101du nozaru un pielietojumu \u012bpa\u0161aj\u0101m vajadz\u012bb\u0101m. Piem\u0113ram, hidrauliskos cilindrus var konstru\u0113t t\u0101, lai tie darbotos ar da\u017e\u0101du spiedienu un \u0101trumu, kas \u013cauj prec\u012bzi kontrol\u0113t izg\u0101\u0161anas procesu. Tos var izmantot ar\u012b smagu kravu pacel\u0161anai vai materi\u0101lu pastum\u0161anai mal\u0101, padarot tos noder\u012bgus b\u016bvniec\u012bb\u0101, ieguves r\u016bpniec\u012bb\u0101 un lauksaimniec\u012bb\u0101.<\/li>\n<li><strong>Uzlabots komforts:<\/strong> Pa\u0161izg\u0101z\u0113ju un piekabju operatori var g\u016bt labumu no uzlabot\u0101 komforta, ko nodro\u0161ina hidraulisk\u0101s sist\u0113mas. Hidraulisko cilindru vienm\u0113r\u012bg\u0101 darb\u012bba samazina vibr\u0101cijas un gr\u016bdienus, t\u0101d\u0113j\u0101di samazinot operatora nogurumu un uzlabojot kop\u0113jo komfortu. Turkl\u0101t hidraulisk\u0101s sist\u0113mas var konstru\u0113t t\u0101, lai t\u0101s darbotos klusi, samazinot trok\u0161\u0146a pies\u0101r\u0146ojumu un radot \u0113rt\u0101ku darba vidi. Tas var b\u016bt \u012bpa\u0161i svar\u012bgi lietojumos, kur darbinieki ilgsto\u0161i atrodas iek\u0101rtu tuvum\u0101.<\/li>\n<li><strong>Pastiprin\u0101ta kontrole:<\/strong> Hidrauliskie cilindri nodro\u0161ina prec\u012bzu izg\u0101\u0161anas procesa kontroli, \u013caujot operatoriem piel\u0101got izg\u0101\u0161anas \u0101trumu un le\u0146\u0137i. \u0160is kontroles l\u012bmenis var b\u016bt \u012bpa\u0161i noder\u012bgs lietojumos, kuros izg\u0101\u017eamie materi\u0101li ir trausli vai tiem nepiecie\u0161ama prec\u012bza pozicion\u0113\u0161ana. Turkl\u0101t hidrauliskos cilindrus var vad\u012bt att\u0101lin\u0101ti, nodro\u0161inot v\u0113l liel\u0101ku kontroli un elast\u012bbu. Tas var b\u016bt noder\u012bgi lietojumos, kuros operatoram j\u0101atrodas cit\u0101 viet\u0101 nek\u0101 iek\u0101rta vai kur redzam\u012bba ir ierobe\u017eota.<\/li>\n<\/ul>\n<p><img loading=\"lazy\" decoding=\"async\" class=\"alignnone size-full wp-image-2676\" src=\"https:\/\/fmp-components.com\/wp-content\/uploads\/2025\/01\/hydraulic-cylinder-workshop.webp\" alt=\"hidraulisko cilindru darbn\u012bca\" width=\"914\" height=\"733\" title=\"\" srcset=\"https:\/\/fmp-components.com\/wp-content\/uploads\/2025\/01\/hydraulic-cylinder-workshop.webp 914w, https:\/\/fmp-components.com\/wp-content\/uploads\/2025\/01\/hydraulic-cylinder-workshop-480x385.webp 480w\" sizes=\"(min-width: 0px) and (max-width: 480px) 480px, (min-width: 481px) 914px, 100vw\" \/><\/p>\n<h2>Par FMP<\/h2>\n<p>FMP ir vado\u0161ais uz\u0146\u0113mums, kas atrodas It\u0101lij\u0101 un specializ\u0113jas celtniec\u012bbas tehnikas piederumu un pilnu iek\u0101rtu p\u0101rdo\u0161an\u0101 un apkalpo\u0161an\u0101. M\u016bsu uz\u0146\u0113mumam ir pla\u0161a pieredze nozar\u0113 un profesion\u0101la komanda, kas ir ap\u0146\u0113musies nodro\u0161in\u0101t klientus ar augstas kvalit\u0101tes un uzticamiem celtniec\u012bbas tehnikas risin\u0101jumiem.<\/p>\n<p>\u0160eit ir pieci iemesli, k\u0101p\u0113c jums vajadz\u0113tu izv\u0113l\u0113ties FMP:<\/p>\n<p>1. Augstas kvalit\u0101tes prec\u012bzijas in\u017eeniertehniskie hidrauliskie cilindri<br \/>\nUz\u0146\u0113mum\u0101 FMP m\u0113s esam ap\u0146\u0113mu\u0161ies nodro\u0161in\u0101t kvalit\u0101ti visos m\u016bsu darb\u012bbas l\u012bme\u0146os. M\u016bsu hidrauliskie cilindri ir prec\u012bzi konstru\u0113ti, lai atbilstu augst\u0101kajiem nozares standartiem. M\u0113s izmantojam tikai augstas kvalit\u0101tes izejvielas un veicam stingras gatavo produktu kvalit\u0101tes p\u0101rbaudes, lai nodro\u0161in\u0101tu, ka m\u016bsu klienti sa\u0146em vislab\u0101kos iesp\u0113jamos produktus.<\/p>\n<p>2. Pla\u0161s produktu kl\u0101sts<br \/>\nM\u0113s pied\u0101v\u0101jam pla\u0161u celtniec\u012bbas tehnikas piederumu un nokomplekt\u0113tu ma\u0161\u012bnu kl\u0101stu, tostarp da\u017e\u0101dus hidrauliskos cilindrus, p\u0101rnesumk\u0101rbas, \u0137\u0113des un zobratus. M\u016bsu produktu kl\u0101sts aptver visu veidu celtniec\u012bbas tehniku \u200b\u200bun piederumus, tostarp dzin\u0113ju piederumus, hidraulisko sist\u0113mu komponentus, \u0161asijas piederumus un elektrisk\u0101s sist\u0113mas piederumus.<\/p>\n<p>3. Ilgtermi\u0146a un stabilas sadarb\u012bbas attiec\u012bbas ar pieg\u0101d\u0101t\u0101jiem<br \/>\nFMP ir izveidojis ilgtermi\u0146a un stabilas sadarb\u012bbas attiec\u012bbas ar daudziem augstas kvalit\u0101tes viet\u0113jiem un \u0101rvalstu pieg\u0101d\u0101t\u0101jiem. Tas nodro\u0161ina, ka visi pieg\u0101d\u0101tie aksesu\u0101ri atbilst stingriem kvalit\u0101tes standartiem, un m\u016bsu klienti sa\u0146em vislab\u0101kos iesp\u0113jamos produktus.<\/p>\n<p>4. Pieredz\u0113jusi un prasm\u012bga p\u0101rdo\u0161anas komanda<br \/>\nM\u016bsu p\u0101rdo\u0161anas komanda ir pieredz\u0113jusi un prasm\u012bga b\u016bvniec\u012bbas tehnikas nozar\u0113. Vi\u0146i p\u0101rzina jaun\u0101k\u0101s att\u012bst\u012bbas tendences un klientu vajadz\u012bbas, k\u0101 ar\u012b var sniegt profesion\u0101las produktu konsult\u0101cijas un p\u0101rdom\u0101tus pirk\u0161anas padomus, lai nodro\u0161in\u0101tu, ka m\u016bsu klienti sa\u0146em sav\u0101m vajadz\u012bb\u0101m atbilsto\u0161\u0101kos produktus.<\/p>\n<p>5. Efekt\u012bva lo\u0123istikas izplat\u012b\u0161anas sist\u0113ma<br \/>\nMums ir efekt\u012bva lo\u0123istikas izplat\u012b\u0161anas sist\u0113ma, kas nodro\u0161ina, ka m\u016bsu klienti savlaic\u012bgi un prec\u012bzi sa\u0146em nepiecie\u0161am\u0101s deta\u013cas. M\u016bsu lo\u0123istikas komanda ir ap\u0146\u0113musies sniegt vislab\u0101ko iesp\u0113jamo servisu, lai nodro\u0161in\u0101tu m\u016bsu klientu apmierin\u0101t\u012bbu.<\/p>\n<p>Ja mekl\u0113jat augstas kvalit\u0101tes celtniec\u012bbas tehnikas piederumus un nokomplekt\u0113tas iek\u0101rtas, FMP ir j\u016bsu lab\u0101k\u0101 izv\u0113le. Sazinieties ar mums jau \u0161odien, lai uzzin\u0101tu vair\u0101k par m\u016bsu produktiem un to, k\u0101 m\u0113s varam pal\u012bdz\u0113t jums apmierin\u0101t j\u016bsu celtniec\u012bbas tehnikas vajadz\u012bbas.<\/p>\n<p><img loading=\"lazy\" decoding=\"async\" class=\"alignnone wp-image-2672\" src=\"https:\/\/fmp-components.com\/wp-content\/uploads\/2025\/01\/Dump-Truck-Trailer-Hydraulic-Cylinder-product-3-2.webp\" alt=\"Pa\u0161izg\u0101z\u0113ja un piekabes hidrauliskais cilindrs-produkts-3\" width=\"921\" height=\"675\" title=\"\" srcset=\"https:\/\/fmp-components.com\/wp-content\/uploads\/2025\/01\/Dump-Truck-Trailer-Hydraulic-Cylinder-product-3-2.webp 921w, https:\/\/fmp-components.com\/wp-content\/uploads\/2025\/01\/Dump-Truck-Trailer-Hydraulic-Cylinder-product-3-2-480x352.webp 480w\" sizes=\"(min-width: 0px) and (max-width: 480px) 480px, (min-width: 481px) 921px, 100vw\" \/><br \/>\nAutors: CX<\/p>","protected":false},"excerpt":{"rendered":"<p>Italy Manufacture Steering Double Action Hydraulic Ram for Dump Truck The steering double action hydraulic ram manufactured in Italy is a high-quality and reliable component designed specifically for dump trucks. This hydraulic ram plays a crucial role in the efficient steering and operation of dump trucks, ensuring smooth and precise movements. Key Features: &#8211; Enhanced [&hellip;]<\/p>","protected":false},"featured_media":2664,"comment_status":"closed","ping_status":"closed","template":"","meta":{"_et_pb_use_builder":"","_et_pb_old_content":"","_et_gb_content_width":""},"product_brand":[],"product_cat":[63],"product_tag":[65,34],"class_list":{"0":"post-2663","1":"product","2":"type-product","3":"status-publish","4":"has-post-thumbnail","6":"product_cat-dump-truck-trailer-hydraulic-cylinder","7":"product_tag-dump-truck-trailer-hydraulic-cylinder","8":"product_tag-hydraulic-cylinder","10":"first","11":"instock","12":"product-type-simple"},"_links":{"self":[{"href":"https:\/\/fmp-components.com\/lv\/wp-json\/wp\/v2\/product\/2663","targetHints":{"allow":["GET"]}}],"collection":[{"href":"https:\/\/fmp-components.com\/lv\/wp-json\/wp\/v2\/product"}],"about":[{"href":"https:\/\/fmp-components.com\/lv\/wp-json\/wp\/v2\/types\/product"}],"replies":[{"embeddable":true,"href":"https:\/\/fmp-components.com\/lv\/wp-json\/wp\/v2\/comments?post=2663"}],"wp:featuredmedia":[{"embeddable":true,"href":"https:\/\/fmp-components.com\/lv\/wp-json\/wp\/v2\/media\/2664"}],"wp:attachment":[{"href":"https:\/\/fmp-components.com\/lv\/wp-json\/wp\/v2\/media?parent=2663"}],"wp:term":[{"taxonomy":"product_brand","embeddable":true,"href":"https:\/\/fmp-components.com\/lv\/wp-json\/wp\/v2\/product_brand?post=2663"},{"taxonomy":"product_cat","embeddable":true,"href":"https:\/\/fmp-components.com\/lv\/wp-json\/wp\/v2\/product_cat?post=2663"},{"taxonomy":"product_tag","embeddable":true,"href":"https:\/\/fmp-components.com\/lv\/wp-json\/wp\/v2\/product_tag?post=2663"}],"curies":[{"name":"wp","href":"https:\/\/api.w.org\/{rel}","templated":true}]}}