{"id":2661,"date":"2025-01-03T05:45:44","date_gmt":"2025-01-03T05:45:44","guid":{"rendered":"https:\/\/fmp-components.com\/product\/high-quality-hydraulic-cylinder-made-in-china-trailer-leg-hydraulic-cylinder-2500psi\/"},"modified":"2025-03-18T02:07:46","modified_gmt":"2025-03-18T02:07:46","slug":"high-quality-hydraulic-cylinder-made-in-italy-trailer-leg-hydraulic-cylinder-2500psi","status":"publish","type":"product","link":"https:\/\/fmp-components.com\/lv\/product\/high-quality-hydraulic-cylinder-made-in-italy-trailer-leg-hydraulic-cylinder-2500psi\/","title":{"rendered":"Augstas kvalit\u0101tes hidrauliskais cilindrs, ra\u017eots It\u0101lij\u0101, piekabes k\u0101jas hidrauliskais cilindrs 2500PSI"},"content":{"rendered":"<h2>Augstas kvalit\u0101tes hidrauliskais cilindrs, ra\u017eots It\u0101lij\u0101, piekabes k\u0101jas hidrauliskais cilindrs 2500PSI<\/h2>\n<p>Laipni l\u016bdzam m\u016bsu It\u0101lij\u0101 ra\u017eot\u0101 augstas kvalit\u0101tes hidraulisk\u0101 cilindra ievie\u0161an\u0101. \u0160is hidrauliskais cilindrs ir \u012bpa\u0161i izstr\u0101d\u0101ts piekabes k\u0101ju pielietojumiem, nodro\u0161inot izcilu veiktsp\u0113ju un uzticam\u012bbu. Ar maksim\u0101lo darba spiedienu 2500 PSI tas nodro\u0161ina optim\u0101lu funkcionalit\u0101ti da\u017e\u0101dos r\u016bpniec\u012bbas apst\u0101k\u013cos.<\/p>\n<p>Funkcijas:<br \/>\n1. Augst\u0101k\u0101 kvalit\u0101te: M\u016bsu hidrauliskais cilindrs ir ra\u017eots, izmantojot progres\u012bvas tehnolo\u0123ijas un augstas kvalit\u0101tes materi\u0101lus. Tas tiek r\u016bp\u012bgi p\u0101rbaud\u012bts, lai atbilstu starptautiskajiem standartiem, nodro\u0161inot iztur\u012bbu un ilgsto\u0161u darb\u012bbu.<\/p>\n<p>2. Prec\u012bza in\u017eenierija: Cilindrs ir r\u016bp\u012bgi izstr\u0101d\u0101ts, lai nodro\u0161in\u0101tu prec\u012bzu un vienm\u0113r\u012bgu darb\u012bbu. Tam ir kompakts dizains, kas \u013cauj to viegli uzst\u0101d\u012bt, padarot to piem\u0113rotu pla\u0161am piekabes k\u0101ju pielietojumu kl\u0101stam.<\/p>\n<p>3. Augsta spiediena sp\u0113ja: Ar maksim\u0101lo darba spiedienu 2500 PSI \u0161is hidrauliskais cilindrs var iztur\u0113t lielas slodzes un nodro\u0161in\u0101t nemain\u012bgu veiktsp\u0113ju sare\u017e\u0123\u012btos apst\u0101k\u013cos.<\/p>\n<p>4. Izcila bl\u012bv\u0113\u0161ana: Hidrauliskais cilindrs ir apr\u012bkots ar augstas kvalit\u0101tes bl\u012bv\u0113m, lai nov\u0113rstu nopl\u016bdes un nodro\u0161in\u0101tu efekt\u012bvu darb\u012bbu. \u0160\u012bs bl\u012bves ir paredz\u0113tas, lai iztur\u0113tu augstspiediena vidi, pagarinot cilindra kalpo\u0161anas laiku.<\/p>\n<p>5. Iztur\u012bba pret koroziju: M\u016bsu hidrauliskais cilindrs ir apstr\u0101d\u0101ts ar pretkorozijas p\u0101rkl\u0101jumiem, lai pasarg\u0101tu to no skarbajiem vides apst\u0101k\u013ciem. Tas nodro\u0161ina t\u0101 ilgm\u016b\u017e\u012bbu un uzticam\u012bbu pat sare\u017e\u0123\u012btos darba apst\u0101k\u013cos.<\/p>\n<p>6. Daudzpus\u012bgs pielietojums: Hidrauliskais cilindrs ir piem\u0113rots da\u017e\u0101diem piekabes k\u0101ju pielietojumiem, piem\u0113ram, celtniec\u012bbas ma\u0161\u012bn\u0101m, lauksaimniec\u012bbas tehnikai un transporta l\u012bdzek\u013ciem. T\u0101 augstas kvalit\u0101tes konstrukcija un veiktsp\u0113ja padara to par uzticamu izv\u0113li sare\u017e\u0123\u012btiem uzdevumiem.<\/p>\n<p>7. Vienk\u0101r\u0161a apkope: \u0160is hidrauliskais cilindrs ir paredz\u0113ts vienk\u0101r\u0161ai apkopei un apkalpo\u0161anai. Tam nepiecie\u0161ams minim\u0101ls d\u012bkst\u0101ves laiks apkopes laik\u0101, t\u0101d\u0113j\u0101di samazinot kop\u0113j\u0101s ekspluat\u0101cijas izmaksas.<\/p>\n<p>M\u016bsu augstas kvalit\u0101tes It\u0101lij\u0101 ra\u017eotais hidrauliskais cilindrs ir uzticams un efekt\u012bvs risin\u0101jums piekabes k\u0101ju pielietojumiem. Pateicoties izcilai veiktsp\u0113jai, iztur\u012bbai un prec\u012bzajai in\u017eenierijai, tas pied\u0101v\u0101 izcilu funkcionalit\u0101ti da\u017e\u0101dos r\u016bpnieciskos apst\u0101k\u013cos. Izv\u0113lieties m\u016bsu hidraulisko cilindru, lai ieg\u016btu uzticamu un ilgsto\u0161u risin\u0101jumu, kas atbilst j\u016bsu \u012bpa\u0161aj\u0101m pras\u012bb\u0101m.<\/p>\n<h2>Produkta specifik\u0101cijas<\/h2>\n<table style=\"width: 100%;\" border=\"1\" width=\"100%\" cellspacing=\"0\" cellpadding=\"0\">\n<tbody>\n<tr>\n<th>St\u0101voklis<\/th>\n<td>Jauns<\/td>\n<\/tr>\n<tr>\n<th>Garantija<\/th>\n<td>1 gads<\/td>\n<\/tr>\n<tr>\n<th>Piem\u0113rojam\u0101s nozares<\/th>\n<td>Ra\u017eo\u0161anas r\u016bpn\u012bcas, Ma\u0161\u012bnu remonta darbn\u012bcas, Lauksaimniec\u012bbas saimniec\u012bbas, Ener\u0123\u0113tika un kalnr\u016bpniec\u012bba<\/td>\n<\/tr>\n<tr>\n<th>Video izejo\u0161\u0101 p\u0101rbaude<\/th>\n<td>Nodro\u0161in\u0101ts<\/td>\n<\/tr>\n<tr>\n<th>Ma\u0161\u012bnu testa zi\u0146ojums<\/th>\n<td>Nodro\u0161in\u0101ts<\/td>\n<\/tr>\n<tr>\n<th>Galveno komponentu garantija<\/th>\n<td>1 gads<\/td>\n<\/tr>\n<tr>\n<th>Galven\u0101s sast\u0101vda\u013cas<\/th>\n<td>Gultnis<\/td>\n<\/tr>\n<tr>\n<th>Standarta vai nestandarta<\/th>\n<td>Standarta<\/td>\n<\/tr>\n<tr>\n<th>Strukt\u016bra<\/th>\n<td>Virzu\u013ca cilindrs<\/td>\n<\/tr>\n<tr>\n<th>Jauda<\/th>\n<td>Hidraulisk\u0101<\/td>\n<\/tr>\n<tr>\n<th>Korpusa materi\u0101ls<\/th>\n<td>T\u0113rauds<\/td>\n<\/tr>\n<tr>\n<th>Maksim\u0101l\u0101 vilce<\/th>\n<td>3000<\/td>\n<\/tr>\n<tr>\n<th>Tips<\/th>\n<td>Mazie hidrauliskie cilindri<\/td>\n<\/tr>\n<tr>\n<th>Urbuma izm\u0113rs<\/th>\n<td>Saska\u0146\u0101 ar j\u016bsu pras\u012bb\u0101m<\/td>\n<\/tr>\n<tr>\n<th>Maksim\u0101lais vilk\u0161anas sp\u0113ks<\/th>\n<td>600<\/td>\n<\/tr>\n<tr>\n<th>Sertifik\u0101cija<\/th>\n<td>ISO9001:2000<\/td>\n<\/tr>\n<tr>\n<th>\u0160\u0137idrums<\/th>\n<td>E\u013c\u013ca<\/td>\n<\/tr>\n<tr>\n<th>Cilindra diametrs<\/th>\n<td>20\u2013250 mm<\/td>\n<\/tr>\n<tr>\n<th>Iepakojuma deta\u013cas<\/th>\n<td>Dzelzs korpuss, sapl\u0101k\u0161\u0146a korpuss vai kartona kaste<\/td>\n<\/tr>\n<\/tbody>\n<\/table>\n<p><span style=\"color: #333333; font-size: 26px;\">Unik\u0101las \u012bpa\u0161\u012bbas un priek\u0161roc\u012bbas<\/span><\/p>\n<ul>\n<li>Energoefekt\u012bvs: M\u016bsu hidrauliskie cilindri ir izstr\u0101d\u0101ti, lai nodro\u0161in\u0101tu maksim\u0101lu jaudu ar minim\u0101lu ener\u0123ijas pat\u0113ri\u0146u, t\u0101d\u0113j\u0101di garant\u0113jot izmaksu zi\u0146\u0101 efekt\u012bvu darb\u012bbu.<\/li>\n<li>Augsta efektivit\u0101te: Ar maksim\u0101lo vilces sp\u0113ku 3000 \u02da\u0421, m\u016bsu hidrauliskie cilindri ir izstr\u0101d\u0101ti, lai vislab\u0101k darbotos vissare\u017e\u0123\u012bt\u0101kajos apst\u0101k\u013cos.<\/li>\n<li>Dro\u0161\u012bba: Ap\u0146emoties nodro\u0161in\u0101t dro\u0161\u012bbu, m\u0113s nodro\u0161in\u0101m, ka m\u016bsu hidrauliskie cilindri atbilst vis\u0101m standarta dro\u0161\u012bbas pras\u012bb\u0101m.<\/li>\n<\/ul>\n<h2>Darb\u012bbas princips un pielietojums<\/h2>\n<p>Hidraulisk\u0101 sist\u0113ma darbojas p\u0113c \u0161\u0137idruma spiediena principa. Sp\u0113ks, kas pielikts vien\u0101 punkt\u0101, tiek p\u0101rnests uz citu punktu, izmantojot nesaspie\u017eamu \u0161\u0137idrumu, parasti e\u013c\u013cu. \u0160o hidraulisko cilindru var izmantot da\u017e\u0101d\u0101s nozar\u0113s, piem\u0113ram, ra\u017eo\u0161anas r\u016bpn\u012bc\u0101s, ma\u0161\u012bnb\u016bves remonta darbn\u012bc\u0101s, saimniec\u012bb\u0101s un ener\u0123\u0113tikas un kalnr\u016bpniec\u012bbas nozar\u0113s.<\/p>\n<h2>Hidrauliskie cilindri un sp\u0113ka agreg\u0101ti<\/h2>\n<p>Hidrauliskie cilindri un sp\u0113ka agreg\u0101ti ir neatdal\u0101mas vien\u012bbas, kas darbojas tand\u0113m\u0101, lai sasniegtu lab\u0101kos rezult\u0101tus. FMP m\u0113s izprotam \u0161\u012bs simbiotisk\u0101s attiec\u012bbas un t\u0101p\u0113c l\u012bdztekus m\u016bsu augst\u0101k\u0101s klases hidrauliskajiem cilindriem pied\u0101v\u0101jam ar\u012b sp\u0113ka agreg\u0101tus p\u0101rdo\u0161anai.<\/p>\n<p>M\u0113s apkalpojam pla\u0161u klientu b\u0101zi vis\u0101 Eirop\u0101 un Amerik\u0101, b\u016bdami atz\u012bti par m\u016bsu augst\u0101k\u0101s kvalit\u0101tes produktiem, izcilu klientu apkalpo\u0161anu un konkur\u0113tsp\u0113j\u012bg\u0101m cen\u0101m. M\u016bsu produktu kl\u0101st\u0101 ietilpst pac\u0113l\u0101ju darba platformu cilindri, sanit\u0101rijas transportl\u012bdzek\u013cu cilindri, teleskopisko iekr\u0101v\u0113ju str\u0113les cilindri, ekskavatora hidrauliskie cilindri, j\u016bras p\u0101rvad\u0101jumu cilindri, energotehnolo\u0123iju cilindri, tune\u013cu urb\u0161anas iek\u0101rtu cilindri un citi. M\u0113s pied\u0101v\u0101jam ar\u012b piel\u0101go\u0161anas pakalpojumus atbilsto\u0161i klientu pras\u012bb\u0101m. Iepaz\u012bstieties ar m\u016bsu produktu kl\u0101stu jau \u0161odien un sazinieties ar mums, lai sa\u0146emtu visus nepiecie\u0161amos hidraulisko cilindru risin\u0101jumus.<\/p>\n<h2>Pa\u0161izg\u0101z\u0113ja un piekabes hidraulisk\u0101 cilindra priek\u0161roc\u012bbas<\/h2>\n<ul>\n<li><strong>Paaugstin\u0101ta efektivit\u0101te:<\/strong> Pa\u0161izg\u0101z\u0113ji un piekabes, kas apr\u012bkotas ar hidrauliskajiem cilindriem, var darboties efekt\u012bv\u0101k nek\u0101 t\u0101s, kur\u0101m t\u0101du nav. Hidraulisk\u0101 sist\u0113ma nodro\u0161ina vienm\u0113r\u012bgu un uzticamu jaudas p\u0101rnesi, kas \u013cauj \u0101tr\u0101k un prec\u012bz\u0101k izg\u0101zt materi\u0101lus. Tas ietaupa laiku un darbasp\u0113ka izmaksas, vienlaikus palielinot kop\u0113jo produktivit\u0101ti. Turkl\u0101t hidraulisk\u0101s sist\u0113mas ir \u013coti efekt\u012bvas ener\u0123ijas pat\u0113ri\u0146a zi\u0146\u0101. To darb\u012bbai nepiecie\u0161ams maz\u0101k ener\u0123ijas sal\u012bdzin\u0101jum\u0101 ar meh\u0101niskaj\u0101m sist\u0113m\u0101m, kas noz\u012bm\u0113 zem\u0101kas degvielas izmaksas un maz\u0101ku ietekmi uz vidi. Turkl\u0101t hidrauliskie cilindri ir paredz\u0113ti ilgsto\u0161ai darb\u012bbai, samazinot nepiecie\u0161am\u012bbu p\u0113c bie\u017eas apkopes un remonta.<\/li>\n<li><strong>Uzlabota dro\u0161\u012bba:<\/strong> Pa\u0161izg\u0101z\u0113ji un piekabes var b\u016bt b\u012bstamas, ja t\u0101s netiek pareizi darbin\u0101tas. Tom\u0113r hidrauliskie cilindri var uzlabot dro\u0161\u012bbu, samazinot apg\u0101\u0161an\u0101s vai izlie\u0161anas risku izg\u0101\u0161anas laik\u0101. Hidraulisk\u0101 sist\u0113ma nodro\u0161ina stabilu un vienm\u0113r\u012bgu jaudas p\u0101rnesi, nov\u0113r\u0161ot p\u0113k\u0161\u0146as kust\u012bbas vai raust\u012bjumus, kas var\u0113tu destabiliz\u0113t transportl\u012bdzekli. Turkl\u0101t hidraulisk\u0101s sist\u0113mas var konstru\u0113t ar dro\u0161\u012bbas funkcij\u0101m, piem\u0113ram, spiediena samazin\u0101\u0161anas v\u0101rstiem un p\u0101rslodzes aizsardz\u012bbu, nodro\u0161inot, ka sist\u0113ma nep\u0101rsniedz maksim\u0101lo jaudu. Uzlabojot dro\u0161\u012bbu, hidrauliskie cilindri var pal\u012bdz\u0113t samazin\u0101t negad\u012bjumu un traumu risku, aizsarg\u0101jot gan darbiniekus, gan apr\u012bkojumu.<\/li>\n<li><strong>Paaugstin\u0101ta daudzpus\u012bba:<\/strong> Pa\u0161izg\u0101z\u0113jus un piekabes, kas apr\u012bkotas ar hidrauliskajiem cilindriem, var izmantot da\u017e\u0101diem m\u0113r\u0137iem. Hidraulisk\u0101s sist\u0113mas ir \u013coti piel\u0101gojamas un t\u0101s var piel\u0101got da\u017e\u0101du nozaru un pielietojumu \u012bpa\u0161aj\u0101m vajadz\u012bb\u0101m. Piem\u0113ram, hidrauliskos cilindrus var konstru\u0113t t\u0101, lai tie darbotos ar da\u017e\u0101du spiedienu un \u0101trumu, kas \u013cauj prec\u012bzi kontrol\u0113t izg\u0101\u0161anas procesu. Tos var izmantot ar\u012b smagu kravu pacel\u0161anai vai materi\u0101lu pastum\u0161anai mal\u0101, padarot tos noder\u012bgus b\u016bvniec\u012bb\u0101, ieguves r\u016bpniec\u012bb\u0101 un lauksaimniec\u012bb\u0101.<\/li>\n<li><strong>Uzlabots komforts:<\/strong> Pa\u0161izg\u0101z\u0113ju un piekabju operatori var g\u016bt labumu no uzlabot\u0101 komforta, ko nodro\u0161ina hidraulisk\u0101s sist\u0113mas. Hidraulisko cilindru vienm\u0113r\u012bg\u0101 darb\u012bba samazina vibr\u0101cijas un gr\u016bdienus, t\u0101d\u0113j\u0101di samazinot operatora nogurumu un uzlabojot kop\u0113jo komfortu. Turkl\u0101t hidraulisk\u0101s sist\u0113mas var konstru\u0113t t\u0101, lai t\u0101s darbotos klusi, samazinot trok\u0161\u0146a pies\u0101r\u0146ojumu un radot \u0113rt\u0101ku darba vidi. Tas var b\u016bt \u012bpa\u0161i svar\u012bgi lietojumos, kur darbinieki ilgsto\u0161i atrodas iek\u0101rtu tuvum\u0101.<\/li>\n<li><strong>Pastiprin\u0101ta kontrole:<\/strong> Hidrauliskie cilindri nodro\u0161ina prec\u012bzu izg\u0101\u0161anas procesa kontroli, \u013caujot operatoriem piel\u0101got izg\u0101\u0161anas \u0101trumu un le\u0146\u0137i. \u0160is kontroles l\u012bmenis var b\u016bt \u012bpa\u0161i noder\u012bgs lietojumos, kuros izg\u0101\u017eamie materi\u0101li ir trausli vai tiem nepiecie\u0161ama prec\u012bza pozicion\u0113\u0161ana. Turkl\u0101t hidrauliskos cilindrus var vad\u012bt att\u0101lin\u0101ti, nodro\u0161inot v\u0113l liel\u0101ku kontroli un elast\u012bbu. Tas var b\u016bt noder\u012bgi lietojumos, kuros operatoram j\u0101atrodas cit\u0101 viet\u0101 nek\u0101 iek\u0101rta vai kur redzam\u012bba ir ierobe\u017eota.<\/li>\n<\/ul>\n<p><img loading=\"lazy\" decoding=\"async\" class=\"alignnone size-full wp-image-2676\" src=\"https:\/\/fmp-components.com\/wp-content\/uploads\/2025\/01\/hydraulic-cylinder-workshop.webp\" alt=\"hidraulisko cilindru darbn\u012bca\" width=\"914\" height=\"733\" title=\"\" srcset=\"https:\/\/fmp-components.com\/wp-content\/uploads\/2025\/01\/hydraulic-cylinder-workshop.webp 914w, https:\/\/fmp-components.com\/wp-content\/uploads\/2025\/01\/hydraulic-cylinder-workshop-480x385.webp 480w\" sizes=\"(min-width: 0px) and (max-width: 480px) 480px, (min-width: 481px) 914px, 100vw\" \/><\/p>\n<h2>Par FMP<\/h2>\n<p>FMP ir vado\u0161ais uz\u0146\u0113mums, kas atrodas It\u0101lij\u0101 un specializ\u0113jas celtniec\u012bbas tehnikas piederumu un pilnu iek\u0101rtu p\u0101rdo\u0161an\u0101 un apkalpo\u0161an\u0101. M\u016bsu uz\u0146\u0113mumam ir pla\u0161a pieredze nozar\u0113 un profesion\u0101la komanda, kas ir ap\u0146\u0113musies nodro\u0161in\u0101t klientus ar augstas kvalit\u0101tes un uzticamiem celtniec\u012bbas tehnikas risin\u0101jumiem.<\/p>\n<p>\u0160eit ir pieci iemesli, k\u0101p\u0113c jums vajadz\u0113tu izv\u0113l\u0113ties FMP:<\/p>\n<p>1. Augstas kvalit\u0101tes prec\u012bzijas in\u017eeniertehniskie hidrauliskie cilindri<br \/>\nUz\u0146\u0113mum\u0101 FMP m\u0113s esam ap\u0146\u0113mu\u0161ies nodro\u0161in\u0101t kvalit\u0101ti visos m\u016bsu darb\u012bbas l\u012bme\u0146os. M\u016bsu hidrauliskie cilindri ir prec\u012bzi konstru\u0113ti, lai atbilstu augst\u0101kajiem nozares standartiem. M\u0113s izmantojam tikai augstas kvalit\u0101tes izejvielas un veicam stingras gatavo produktu kvalit\u0101tes p\u0101rbaudes, lai nodro\u0161in\u0101tu, ka m\u016bsu klienti sa\u0146em vislab\u0101kos iesp\u0113jamos produktus.<\/p>\n<p>2. Pla\u0161s produktu kl\u0101sts<br \/>\nM\u0113s pied\u0101v\u0101jam pla\u0161u celtniec\u012bbas tehnikas piederumu un nokomplekt\u0113tu ma\u0161\u012bnu kl\u0101stu, tostarp da\u017e\u0101dus hidrauliskos cilindrus, p\u0101rnesumk\u0101rbas, \u0137\u0113des un zobratus. M\u016bsu produktu kl\u0101sts aptver visu veidu celtniec\u012bbas tehniku \u200b\u200bun piederumus, tostarp dzin\u0113ju piederumus, hidraulisko sist\u0113mu komponentus, \u0161asijas piederumus un elektrisk\u0101s sist\u0113mas piederumus.<\/p>\n<p>3. Ilgtermi\u0146a un stabilas sadarb\u012bbas attiec\u012bbas ar pieg\u0101d\u0101t\u0101jiem<br \/>\nFMP ir izveidojis ilgtermi\u0146a un stabilas sadarb\u012bbas attiec\u012bbas ar daudziem augstas kvalit\u0101tes viet\u0113jiem un \u0101rvalstu pieg\u0101d\u0101t\u0101jiem. Tas nodro\u0161ina, ka visi pieg\u0101d\u0101tie aksesu\u0101ri atbilst stingriem kvalit\u0101tes standartiem, un m\u016bsu klienti sa\u0146em vislab\u0101kos iesp\u0113jamos produktus.<\/p>\n<p>4. Pieredz\u0113jusi un prasm\u012bga p\u0101rdo\u0161anas komanda<br \/>\nM\u016bsu p\u0101rdo\u0161anas komanda ir pieredz\u0113jusi un prasm\u012bga b\u016bvniec\u012bbas tehnikas nozar\u0113. Vi\u0146i p\u0101rzina jaun\u0101k\u0101s att\u012bst\u012bbas tendences un klientu vajadz\u012bbas, k\u0101 ar\u012b var sniegt profesion\u0101las produktu konsult\u0101cijas un p\u0101rdom\u0101tus pirk\u0161anas padomus, lai nodro\u0161in\u0101tu, ka m\u016bsu klienti sa\u0146em sav\u0101m vajadz\u012bb\u0101m atbilsto\u0161\u0101kos produktus.<\/p>\n<p>5. Efekt\u012bva lo\u0123istikas izplat\u012b\u0161anas sist\u0113ma<br \/>\nMums ir efekt\u012bva lo\u0123istikas izplat\u012b\u0161anas sist\u0113ma, kas nodro\u0161ina, ka m\u016bsu klienti savlaic\u012bgi un prec\u012bzi sa\u0146em nepiecie\u0161am\u0101s deta\u013cas. M\u016bsu lo\u0123istikas komanda ir ap\u0146\u0113musies sniegt vislab\u0101ko iesp\u0113jamo servisu, lai nodro\u0161in\u0101tu m\u016bsu klientu apmierin\u0101t\u012bbu.<\/p>\n<p>Ja mekl\u0113jat augstas kvalit\u0101tes celtniec\u012bbas tehnikas piederumus un nokomplekt\u0113tas iek\u0101rtas, FMP ir j\u016bsu lab\u0101k\u0101 izv\u0113le. Sazinieties ar mums jau \u0161odien, lai uzzin\u0101tu vair\u0101k par m\u016bsu produktiem un to, k\u0101 m\u0113s varam pal\u012bdz\u0113t jums apmierin\u0101t j\u016bsu celtniec\u012bbas tehnikas vajadz\u012bbas.<\/p>\n<p><img loading=\"lazy\" decoding=\"async\" class=\"alignnone wp-image-2672\" src=\"https:\/\/fmp-components.com\/wp-content\/uploads\/2025\/01\/Dump-Truck-Trailer-Hydraulic-Cylinder-product-3-2.webp\" alt=\"Pa\u0161izg\u0101z\u0113ja un piekabes hidrauliskais cilindrs-produkts-3\" width=\"921\" height=\"675\" title=\"\" srcset=\"https:\/\/fmp-components.com\/wp-content\/uploads\/2025\/01\/Dump-Truck-Trailer-Hydraulic-Cylinder-product-3-2.webp 921w, https:\/\/fmp-components.com\/wp-content\/uploads\/2025\/01\/Dump-Truck-Trailer-Hydraulic-Cylinder-product-3-2-480x352.webp 480w\" sizes=\"(min-width: 0px) and (max-width: 480px) 480px, (min-width: 481px) 921px, 100vw\" \/><br \/>\nAutors: CX<\/p>","protected":false},"excerpt":{"rendered":"<p>High Quality Hydraulic Cylinder Made In Italy Trailer Leg Hydraulic Cylinder 2500PSI Welcome to this product introduction for our high-quality hydraulic cylinder made in Italy. This hydraulic cylinder is specifically designed for trailer leg applications, providing superior performance and reliability. With a maximum operating pressure of 2500 PSI, it ensures optimal functionality in various industrial [&hellip;]<\/p>","protected":false},"featured_media":2662,"comment_status":"closed","ping_status":"closed","template":"","meta":{"_et_pb_use_builder":"","_et_pb_old_content":"","_et_gb_content_width":""},"product_brand":[],"product_cat":[63],"product_tag":[65,34],"class_list":{"0":"post-2661","1":"product","2":"type-product","3":"status-publish","4":"has-post-thumbnail","6":"product_cat-dump-truck-trailer-hydraulic-cylinder","7":"product_tag-dump-truck-trailer-hydraulic-cylinder","8":"product_tag-hydraulic-cylinder","10":"first","11":"instock","12":"product-type-simple"},"_links":{"self":[{"href":"https:\/\/fmp-components.com\/lv\/wp-json\/wp\/v2\/product\/2661","targetHints":{"allow":["GET"]}}],"collection":[{"href":"https:\/\/fmp-components.com\/lv\/wp-json\/wp\/v2\/product"}],"about":[{"href":"https:\/\/fmp-components.com\/lv\/wp-json\/wp\/v2\/types\/product"}],"replies":[{"embeddable":true,"href":"https:\/\/fmp-components.com\/lv\/wp-json\/wp\/v2\/comments?post=2661"}],"wp:featuredmedia":[{"embeddable":true,"href":"https:\/\/fmp-components.com\/lv\/wp-json\/wp\/v2\/media\/2662"}],"wp:attachment":[{"href":"https:\/\/fmp-components.com\/lv\/wp-json\/wp\/v2\/media?parent=2661"}],"wp:term":[{"taxonomy":"product_brand","embeddable":true,"href":"https:\/\/fmp-components.com\/lv\/wp-json\/wp\/v2\/product_brand?post=2661"},{"taxonomy":"product_cat","embeddable":true,"href":"https:\/\/fmp-components.com\/lv\/wp-json\/wp\/v2\/product_cat?post=2661"},{"taxonomy":"product_tag","embeddable":true,"href":"https:\/\/fmp-components.com\/lv\/wp-json\/wp\/v2\/product_tag?post=2661"}],"curies":[{"name":"wp","href":"https:\/\/api.w.org\/{rel}","templated":true}]}}