{"id":2627,"date":"2025-01-03T03:21:09","date_gmt":"2025-01-03T03:21:09","guid":{"rendered":"https:\/\/fmp-components.com\/?page_id=8"},"modified":"2025-01-03T03:25:57","modified_gmt":"2025-01-03T03:25:57","slug":"square-baler-gearbox-fmp-dfk192-for-big-square-baler","status":"publish","type":"product","link":"https:\/\/fmp-components.com\/lv\/product\/square-baler-gearbox-fmp-dfk192-for-big-square-baler\/","title":{"rendered":"Kvadr\u0101tveida preses p\u0101rnesumk\u0101rba FMP-DFK192 lieliem kvadr\u0101tveida \u0137\u012bpu presiem"},"content":{"rendered":"<h2>Kvadr\u0101tveida preses p\u0101rnesumk\u0101rbas FMP-DFK192 izm\u0113ri<\/h2>\n<p><img loading=\"lazy\" decoding=\"async\" class=\"alignnone size-full wp-image-2635\" src=\"https:\/\/fmp-components.com\/wp-content\/uploads\/2025\/01\/Square-Baler-Gearbox-EP-DFK192-Dimensions.webp\" alt=\"Kvadr\u0101tveida-Preses-Reduktora-FMP-DFK192-Izm\u0113ri\" width=\"979\" height=\"1024\" title=\"\" srcset=\"https:\/\/fmp-components.com\/wp-content\/uploads\/2025\/01\/Square-Baler-Gearbox-EP-DFK192-Dimensions.webp 979w, https:\/\/fmp-components.com\/wp-content\/uploads\/2025\/01\/Square-Baler-Gearbox-EP-DFK192-Dimensions-480x502.webp 480w\" sizes=\"(min-width: 0px) and (max-width: 480px) 480px, (min-width: 481px) 979px, 100vw\" \/><\/p>\n<h2>Kvadr\u0101tveida preses p\u0101rnesumk\u0101rbas FMP-DFK192 tehniskie dati<\/h2>\n<table style=\"width: 99.0645%; height: 101px;\" border=\"1\" cellspacing=\"0\" cellpadding=\"0\">\n<tbody>\n<tr style=\"height: 23px;\">\n<td style=\"height: 46px;\" colspan=\"3\" rowspan=\"2\">es<\/td>\n<td style=\"height: 46px;\" rowspan=\"2\">Piem\u0113rots<\/td>\n<td style=\"height: 23px;\">Apgriezienu skaita ievade<\/td>\n<td style=\"height: 23px;\">kW (nomin\u0101l\u0101)<\/td>\n<td style=\"height: 23px;\">Nomin\u0101lais griezes moments<\/td>\n<td style=\"height: 23px;\">Maksim\u0101l\u0101 slodze<\/td>\n<td style=\"height: 46px;\" rowspan=\"2\">X ass tips<\/td>\n<\/tr>\n<tr style=\"height: 23px;\">\n<td style=\"height: 23px;\">apgr.\/min<\/td>\n<td style=\"height: 23px;\">kW<\/td>\n<td style=\"height: 23px;\">Nm<\/td>\n<td style=\"height: 23px;\">Nm<\/td>\n<\/tr>\n<tr style=\"height: 23px;\">\n<td style=\"height: 23px;\">XY<\/td>\n<td style=\"height: 23px;\">XZ<\/td>\n<td style=\"height: 23px;\">XE<\/td>\n<td style=\"height: 23px;\">Liela kvadr\u0101tveida prese<\/td>\n<td style=\"height: 23px;\">1000<\/td>\n<td style=\"height: 23px;\">192<\/td>\n<td style=\"height: 23px;\">1825<\/td>\n<td style=\"height: 23px;\">4000<\/td>\n<td style=\"height: 23px;\">2 veidi<\/td>\n<\/tr>\n<tr style=\"height: 23px;\">\n<td style=\"height: 23px;\" colspan=\"9\">Piez\u012bme: Ja jums ir k\u0101das \u012bpa\u0161as pras\u012bbas, nekautr\u0113jieties man pazi\u0146ot, m\u0113s pie\u0146emam ar\u012b pas\u016bt\u012bjumu.<\/td>\n<\/tr>\n<\/tbody>\n<\/table>\n<h2>Kvadr\u0101tveida preses p\u0101rnesumk\u0101rbas FMP-DFK192 priek\u0161roc\u012bbas lieliem kvadr\u0101tveida preses darbiem<\/h2>\n<p>Kvadr\u0101t\u0137\u012bpu preses p\u0101rnesumk\u0101rba FMP-DFK192 ir \u012bpa\u0161i izstr\u0101d\u0101ta lieto\u0161anai ar liel\u0101m kvadr\u0101tveida pres\u0113m, nodro\u0161inot virkni priek\u0161roc\u012bbu, kas uzlabo veiktsp\u0113ju, iztur\u012bbu un efektivit\u0101ti liela m\u0113roga lauksaimniec\u012bbas darbos. T\u0101l\u0101k ir nor\u0101d\u012btas galven\u0101s FMP-DFK192 kvadr\u0101tveida preses p\u0101rnesumk\u0101rbas izmanto\u0161anas priek\u0161roc\u012bbas:<\/p>\n<p><strong>Augsts griezes moments<\/strong><\/p>\n<ul>\n<li>Priek\u0161roc\u012bba: FMP-DFK192 p\u0101rnesumk\u0101rba ir paredz\u0113ta, lai nodro\u0161in\u0101tu lielu griezes momentu, kas ir b\u016btiski, lai tiktu gal\u0101 ar lielas kvadr\u0101tveida preses jaudas pras\u012bb\u0101m. Tas ir \u013coti svar\u012bgi, lai nodro\u0161in\u0101tu, ka lieli salmu, siena vai citu materi\u0101lu apjomi tiek efekt\u012bvi saspiesti un pres\u0113ti, nep\u0101rslogojot sist\u0113mu.<\/li>\n<li>K\u0101p\u0113c tas ir svar\u012bgi: Liel\u0101m kvadr\u0101tveida pres\u0113m ir nepiecie\u0161ams iev\u0113rojams griezes moments, lai darbin\u0101tu bl\u012bv\u0113\u0161anas un sie\u0161anas meh\u0101nismus, un \u0161\u012bs p\u0101rnesumk\u0101rbas nodro\u0161in\u0101tais augstais griezes moments nodro\u0161ina optim\u0101lu veiktsp\u0113ju un nov\u0113r\u0161 nepietiekamu veiktsp\u0113ju vai apst\u0101\u0161anos.<\/li>\n<\/ul>\n<p><strong>Uzlabota iztur\u012bba un ilgm\u016b\u017e\u012bba<\/strong><\/p>\n<ul>\n<li>Priek\u0161roc\u012bba: FMP-DFK192 p\u0101rnesumk\u0101rba, kas izgatavota no augstas kvalit\u0101tes materi\u0101liem un iztur\u012bg\u0101m deta\u013c\u0101m, ir izstr\u0101d\u0101ta, lai iztur\u0113tu lielas slodzes lauksaimniec\u012bbas darbu slodzi, nodro\u0161inot ilgu kalpo\u0161anas laiku.<\/li>\n<li>K\u0101p\u0113c tas ir svar\u012bgi: Liela m\u0113roga pres\u0113\u0161anas oper\u0101cij\u0101s d\u012bkst\u0101ve ir d\u0101rga. FMP-DFK192 p\u0101rnesumk\u0101rbas iztur\u012bba samazina atteices iesp\u0113jam\u012bbu, k\u0101 rezult\u0101t\u0101 ir nepiecie\u0161ams maz\u0101k remontu, zem\u0101kas apkopes izmaksas un uzlabota uzticam\u012bba ra\u017eas nov\u0101k\u0161anas laik\u0101.<\/li>\n<\/ul>\n<p><strong>Efekt\u012bva jaudas p\u0101rvade<\/strong><\/p>\n<ul>\n<li>Ieguvums: P\u0101rnesumk\u0101rba ir paredz\u0113ta, lai efekt\u012bvi p\u0101rnestu jaudu no traktora j\u016bgv\u0101rpstas uz preses meh\u0101nismiem, optimiz\u0113jot ener\u0123ijas p\u0101rveido\u0161anas procesu un samazinot zudumus.<\/li>\n<li>K\u0101p\u0113c tas ir svar\u012bgi: Efekt\u012bva jaudas p\u0101rvade samazina degvielas pat\u0113ri\u0146u, kas ir svar\u012bgi liela m\u0113roga darb\u012bb\u0101s, kur degvielas izmaksas var \u0101tri pieaugt. \u0160\u012b funkcija pal\u012bdz uztur\u0113t augstu darb\u012bbas efektivit\u0101ti un samazina ekspluat\u0101cijas izmaksas.<\/li>\n<\/ul>\n<p><strong>Prec\u012bza \u0101truma kontrole<\/strong><\/p>\n<ul>\n<li>Priek\u0161roc\u012bba: FMP-DFK192 p\u0101rnesumk\u0101rba pied\u0101v\u0101 prec\u012bzu \u0101truma kontroli, kas ir b\u016btiska preses veiktsp\u0113jas regul\u0113\u0161anai. P\u0101rvaldot bl\u012bv\u0113\u0161anas un sie\u0161anas meh\u0101nismu \u0101trumu, t\u0101 nodro\u0161ina, ka ru\u013c\u013ci tiek veidoti pareizi un vienm\u0113r\u012bgi.<\/li>\n<li>K\u0101p\u0113c tas ir svar\u012bgi: prec\u012bza \u0101truma kontrole nodro\u0161ina nemain\u012bgu ru\u013c\u013cu kvalit\u0101ti, samazina produktu zudumus un uzlabo pres\u0113\u0161anas procesa kop\u0113jo efektivit\u0101ti. Tas ir \u012bpa\u0161i svar\u012bgi liela m\u0113roga darb\u012bb\u0101s, kur nemain\u012bgs ru\u013c\u013cu izm\u0113rs un kvalit\u0101te ir kritiski svar\u012bga.<\/li>\n<\/ul>\n<p><img loading=\"lazy\" decoding=\"async\" class=\"alignnone size-full wp-image-2629\" src=\"https:\/\/fmp-components.com\/wp-content\/uploads\/2025\/01\/Square-Baler-Gearbox-321.webp\" alt=\"Kvadr\u0101tveida-Preses-Reduktors-32(1)\" width=\"1920\" height=\"1115\" title=\"\" srcset=\"https:\/\/fmp-components.com\/wp-content\/uploads\/2025\/01\/Square-Baler-Gearbox-321.webp 1920w, https:\/\/fmp-components.com\/wp-content\/uploads\/2025\/01\/Square-Baler-Gearbox-321-1280x743.webp 1280w, https:\/\/fmp-components.com\/wp-content\/uploads\/2025\/01\/Square-Baler-Gearbox-321-980x569.webp 980w, https:\/\/fmp-components.com\/wp-content\/uploads\/2025\/01\/Square-Baler-Gearbox-321-480x279.webp 480w\" sizes=\"(min-width: 0px) and (max-width: 480px) 480px, (min-width: 481px) and (max-width: 980px) 980px, (min-width: 981px) and (max-width: 1280px) 1280px, (min-width: 1281px) 1920px, 100vw\" \/><\/p>\n<p><strong>Aizsardz\u012bba pret p\u0101rslodzi<\/strong><\/p>\n<ul>\n<li>Priek\u0161roc\u012bba: FMP-DFK192 p\u0101rnesumk\u0101rba ir apr\u012bkota ar p\u0101rslodzes aizsardz\u012bbas funkcij\u0101m, piem\u0113ram, griezes momenta ierobe\u017eot\u0101ju vai sl\u012bdo\u0161o saj\u016bgu, kas nov\u0113r\u0161 p\u0101rnesumk\u0101rbas boj\u0101jumus p\u0101rm\u0113r\u012bga sp\u0113ka ietekm\u0113.<\/li>\n<li>K\u0101p\u0113c tas ir svar\u012bgi: P\u0101rslodzes aizsardz\u012bba pal\u012bdz aizsarg\u0101t p\u0101rnesumk\u0101rbu un citas pievienot\u0101s sast\u0101vda\u013cas no p\u0113k\u0161\u0146as pretest\u012bbas potenci\u0101li kait\u012bg\u0101s ietekmes, piem\u0113ram, ja liela materi\u0101la masa izraisa aizsprostojumu. Tas samazina d\u012bkst\u0101ves laiku un apkopes izmaksas.<\/li>\n<\/ul>\n<p>FMP-DFK192 kvadr\u0101tveida preses p\u0101rnesumk\u0101rba lieliem kvadr\u0101tveida preses darbiem pied\u0101v\u0101 vair\u0101kas priek\u0161roc\u012bbas, kas uzlabo darb\u012bbas efektivit\u0101ti, samazina apkopes nepiecie\u0161am\u012bbu un uzlabo liela m\u0113roga lauksaimniec\u012bbas pres\u0113\u0161anas darb\u012bbu kop\u0113jo veiktsp\u0113ju. Nodro\u0161inot augstu griezes momentu, iztur\u012bbu, prec\u012bzu \u0101truma kontroli un p\u0101rslodzes aizsardz\u012bbu, t\u0101 \u013cauj pres\u0113m tikt gal\u0101 ar smagiem uzdevumiem, vienlaikus nodro\u0161inot nemain\u012bgas, augstas kvalit\u0101tes \u0137\u012bpu ra\u017eo\u0161anu. Neatkar\u012bgi no t\u0101, vai str\u0101d\u0101jat liel\u0101s komerci\u0101l\u0101s saimniec\u012bb\u0101s vai sniedzat pres\u0113\u0161anas pakalpojumus, FMP-DFK192 p\u0101rnesumk\u0101rba ir uzticams un efekt\u012bvs risin\u0101jums j\u016bsu pres\u0113\u0161anas vajadz\u012bb\u0101m.<img loading=\"lazy\" decoding=\"async\" class=\"alignnone size-full wp-image-2631\" src=\"https:\/\/fmp-components.com\/wp-content\/uploads\/2025\/01\/Square-Baler-Gearbox-EP-DFK192-Benefits1.webp\" alt=\"Kvadr\u0101tveida-Preses-Reduktors-EP-DFK192-Priek\u0161roc\u012bbas(1)\" width=\"980\" height=\"340\" title=\"\" srcset=\"https:\/\/fmp-components.com\/wp-content\/uploads\/2025\/01\/Square-Baler-Gearbox-EP-DFK192-Benefits1.webp 980w, https:\/\/fmp-components.com\/wp-content\/uploads\/2025\/01\/Square-Baler-Gearbox-EP-DFK192-Benefits1-480x167.webp 480w\" sizes=\"(min-width: 0px) and (max-width: 480px) 480px, (min-width: 481px) 980px, 100vw\" \/><\/p>\n<article class=\"w-full scroll-mb-[var(--thread-trailing-height,150px)] text-token-text-primary focus-visible:outline-2 focus-visible:outline-offset-[-4px]\" dir=\"auto\" data-testid=\"conversation-turn-42\" data-scroll-anchor=\"false\">\n<div class=\"m-auto text-base py-[18px] px-3 md:px-4 w-full md:px-5 lg:px-4 xl:px-5\">\n<div class=\"mx-auto flex flex-1 gap-4 text-base md:gap-5 lg:gap-6 md:max-w-3xl lg:max-w-[40rem] xl:max-w-[48rem]\">\n<div class=\"group\/conversation-turn relative flex w-full min-w-0 flex-col\">\n<div class=\"flex-col gap-1 md:gap-3\">\n<div class=\"flex max-w-full flex-col flex-grow\">\n<div class=\"min-h-8 text-message flex w-full flex-col items-end gap-2 whitespace-normal break-words text-start [.text-message+&amp;]:mt-5\" dir=\"auto\" data-message-author-role=\"user\" data-message-id=\"aaa2e9e4-5469-438b-aa2c-1351bf6585ed\">\n<div class=\"flex w-full flex-col gap-1 empty:hidden items-end rtl:items-start\">\n<div class=\"relative max-w-[var(--user-chat-width,70%)] rounded-3xl bg-token-message-surface px-5 py-2.5\">\n<h2 class=\"whitespace-pre-wrap\">Izv\u0113lieties pareizo kvadr\u0101tveida preses p\u0101rnesumk\u0101rbu lielajai kvadr\u0101tveida presei<\/h2>\n<\/div>\n<\/div>\n<\/div>\n<\/div>\n<\/div>\n<\/div>\n<\/div>\n<\/div>\n<\/article>\n<p>Pareizas kvadr\u0101tveida preses p\u0101rnesumk\u0101rbas izv\u0113le lielai kvadr\u0101tveida presei ir \u013coti svar\u012bga, lai nodro\u0161in\u0101tu optim\u0101lu veiktsp\u0113ju, iztur\u012bbu un efektivit\u0101ti liela m\u0113roga lauksaimniec\u012bbas darbos. P\u0101rnesumk\u0101rba ir galven\u0101 sast\u0101vda\u013ca, kas p\u0101rnes jaudu no traktora j\u016bgv\u0101rpstas uz preses meh\u0101nismiem, piem\u0113ram, bl\u012bv\u0113\u0161anas un sie\u0161anas sist\u0113m\u0101m. \u0160eit ir da\u017ei faktori, kas j\u0101\u0146em v\u0113r\u0101, izv\u0113loties pareizo p\u0101rnesumk\u0101rbu:<\/p>\n<p><strong>Jaudas un griezes momenta pras\u012bbas<\/strong><\/p>\n<ul>\n<li>K\u0101p\u0113c tas ir svar\u012bgi: Liel\u0101m kvadr\u0101tveida pres\u0113m ir nepiecie\u0161ams liels griezes moments, lai saspiestu lielus salmu, siena vai citu materi\u0101lu daudzumus vien\u0101dos \u0137\u012bp\u0101s. P\u0101rnesumk\u0101rbai j\u0101sp\u0113j tikt gal\u0101 ar preses jaudas un griezes momenta pras\u012bb\u0101m, nodro\u0161inot vienm\u0113r\u012bgu darb\u012bbu un nov\u0113r\u0161ot p\u0101rslodzi.<\/li>\n<li>Apsv\u0113rums: P\u0101rbaudiet preses specifik\u0101cijas, lai noteiktu nepiecie\u0161amo j\u016bgv\u0101rpstas jaudu un griezes momentu. Izv\u0113lieties p\u0101rnesumk\u0101rbu, kas atbilst vai nedaudz p\u0101rsniedz j\u016bsu preses mode\u013ca griezes momenta un jaudas pras\u012bbas.<\/li>\n<\/ul>\n<p><strong>P\u0101rnesumk\u0101rbas attiec\u012bba (\u0101truma un griezes momenta konvert\u0113\u0161ana)<\/strong><\/p>\n<ul>\n<li>K\u0101p\u0113c tas ir svar\u012bgi: P\u0101rnesumk\u0101rbas p\u0101rnesumskaitlis nosaka \u0101truma un griezes momenta p\u0101rveido\u0161anu no traktora j\u016bgv\u0101rpstas uz preses sist\u0113m\u0101m. Pareizais p\u0101rnesumskaitlis nodro\u0161ina, ka prese darbojas ar pareizo \u0101trumu efekt\u012bvai pres\u0113\u0161anai un materi\u0101la pareizai sabl\u012bv\u0113\u0161anai.<\/li>\n<li>Apsv\u0113rums: Izv\u0113lieties p\u0101rnesumk\u0101rbu ar atbilsto\u0161u p\u0101rnesumskaitli j\u016bsu presei. Tas ir atkar\u012bgs no t\u0101diem faktoriem k\u0101 preses izm\u0113rs, pres\u0113jam\u0101 materi\u0101la veids un v\u0113lamais \u0137\u012bpas izm\u0113rs un bl\u012bvums.<\/li>\n<\/ul>\n<p><strong>Iztur\u012bba un b\u016bvmateri\u0101li<\/strong><\/p>\n<ul>\n<li>K\u0101p\u0113c tas ir svar\u012bgi: P\u0101rnesumk\u0101rbai ir j\u0101iztur skarbie darba apst\u0101k\u013ci liela m\u0113roga pres\u0113\u0161anas darbos, tostarp intens\u012bva lieto\u0161ana un putek\u013cu, mitruma un citu vides faktoru iedarb\u012bba. Augstas kvalit\u0101tes konstrukcijas materi\u0101li nodro\u0161ina, ka p\u0101rnesumk\u0101rba kalpo ilg\u0101k un tai ir nepiecie\u0161ama maz\u0101ka apkope.<\/li>\n<li>Apsv\u0113rums: Izv\u0113lieties p\u0101rnesumk\u0101rbu, kas izgatavota no iztur\u012bgiem materi\u0101liem, piem\u0113ram, augstas stipr\u012bbas t\u0113rauda, \u200b\u200bkas ir iztur\u012bgs pret nodilumu. Mekl\u0113jiet p\u0101rnesumk\u0101rbas, kas konstru\u0113tas ar nosl\u0113gtiem gult\u0146iem un aizsargp\u0101rkl\u0101jumiem, lai uzlabotu iztur\u012bbu.<\/li>\n<\/ul>\n<p><img loading=\"lazy\" decoding=\"async\" class=\"alignnone size-full wp-image-2630\" src=\"https:\/\/fmp-components.com\/wp-content\/uploads\/2025\/01\/Square-Baler-Gearbox-EP-DFK192-Applications1.webp\" alt=\"Kvadr\u0101tveida-Preses-Reduktora-EP-DFK192-Lietojumprogrammas(1)\" width=\"1000\" height=\"620\" title=\"\" srcset=\"https:\/\/fmp-components.com\/wp-content\/uploads\/2025\/01\/Square-Baler-Gearbox-EP-DFK192-Applications1.webp 1000w, https:\/\/fmp-components.com\/wp-content\/uploads\/2025\/01\/Square-Baler-Gearbox-EP-DFK192-Applications1-980x608.webp 980w, https:\/\/fmp-components.com\/wp-content\/uploads\/2025\/01\/Square-Baler-Gearbox-EP-DFK192-Applications1-480x298.webp 480w\" sizes=\"(min-width: 0px) and (max-width: 480px) 480px, (min-width: 481px) and (max-width: 980px) 980px, (min-width: 981px) 1000px, 100vw\" \/><\/p>\n<p><strong>P\u0101rslodzes aizsardz\u012bba<\/strong><\/p>\n<ul>\n<li>K\u0101p\u0113c tas ir svar\u012bgi: P\u0101rslodzes aizsardz\u012bba ir b\u016btiska, lai nov\u0113rstu p\u0101rnesumk\u0101rbas un citu pievienoto komponentu boj\u0101jumus aizsprostojuma vai p\u0101rm\u0113r\u012bgas pretest\u012bbas gad\u012bjum\u0101 pres\u0113\u0161anas proces\u0101.<\/li>\n<li>Apsv\u0113rums: Mekl\u0113jiet p\u0101rnesumk\u0101rbas ar p\u0101rslodzes aizsardz\u012bbas meh\u0101nismiem, piem\u0113ram, griezes momenta ierobe\u017eot\u0101jiem, sl\u012bdo\u0161iem saj\u016bgiem vai b\u012bdes tap\u0101m, kas atvieno p\u0101rnesumk\u0101rbu, ja tiek konstat\u0113ts p\u0101rm\u0113r\u012bgs sp\u0113ks, nov\u0113r\u0161ot iesp\u0113jamus boj\u0101jumus.<\/li>\n<\/ul>\n<p><strong>Efektivit\u0101te un jaudas p\u0101rvade<\/strong><\/p>\n<ul>\n<li>K\u0101p\u0113c tas ir svar\u012bgi: Efekt\u012bva jaudas p\u0101rvade samazina ener\u0123ijas zudumus un pal\u012bdz optimiz\u0113t degvielas pat\u0113ri\u0146u, kas ir svar\u012bgi ekspluat\u0101cijas izmaksu samazin\u0101\u0161anai, \u012bpa\u0161i liela m\u0113roga darb\u012bb\u0101s.<\/li>\n<li>Apsv\u0113rums: Izv\u0113lieties p\u0101rnesumk\u0101rbu ar augstas efektivit\u0101tes zobratiem, kas samazina jaudas zudumus un nodro\u0161ina maksim\u0101lu griezes momenta p\u0101rnesi no traktora j\u016bgv\u0101rpstas uz preses komponentiem.<\/li>\n<\/ul>\n<p>Izv\u0113loties kvadr\u0101tveida preses p\u0101rnesumk\u0101rbu lielajai kvadr\u0101tveida presei, ir svar\u012bgi \u0146emt v\u0113r\u0101 iepriek\u0161 min\u0113tos galvenos faktorus. Koncentr\u0113joties uz jaudas un griezes momenta pras\u012bb\u0101m, p\u0101rnesumu attiec\u012bbu, iztur\u012bbu, p\u0101rslodzes aizsardz\u012bbu un apkopes vienk\u0101r\u0161\u012bbu, varat izv\u0113l\u0113ties p\u0101rnesumk\u0101rbu, kas vislab\u0101k atbilst j\u016bsu vajadz\u012bb\u0101m.<\/p>\n<p>Lai nodro\u0161in\u0101tu optim\u0101lu veiktsp\u0113ju, p\u0101rliecinieties, vai p\u0101rnesumk\u0101rba ir piel\u0101gota j\u016bsu preses mode\u013ca \u012bpa\u0161aj\u0101m pras\u012bb\u0101m un nodro\u0161ina efekt\u012bvu jaudas p\u0101rvadi ar augstu griezes momentu. Neaizmirstiet p\u0101rbaud\u012bt sader\u012bbu, apkopes pras\u012bbas un ra\u017eot\u0101ja reput\u0101ciju, lai nodro\u0161in\u0101tu ilgtermi\u0146a uzticam\u012bbu un minim\u0101lu d\u012bkst\u0101ves laiku j\u016bsu darb\u012bb\u0101.<\/p>\n<p><img loading=\"lazy\" decoding=\"async\" class=\"alignnone size-full wp-image-2628\" src=\"https:\/\/fmp-components.com\/wp-content\/uploads\/2025\/01\/Square-Baler-Gearbox-29-11.webp\" alt=\"Kvadr\u0101tveida-Preses-Reduktors-29-1(1)\" width=\"1203\" height=\"586\" title=\"\" srcset=\"https:\/\/fmp-components.com\/wp-content\/uploads\/2025\/01\/Square-Baler-Gearbox-29-11.webp 1203w, https:\/\/fmp-components.com\/wp-content\/uploads\/2025\/01\/Square-Baler-Gearbox-29-11-980x477.webp 980w, https:\/\/fmp-components.com\/wp-content\/uploads\/2025\/01\/Square-Baler-Gearbox-29-11-480x234.webp 480w\" sizes=\"(min-width: 0px) and (max-width: 480px) 480px, (min-width: 481px) and (max-width: 980px) 980px, (min-width: 981px) 1203px, 100vw\" \/><\/p>\n<h3>Par FMP<\/h3>\n<p>FMP galven\u0101 m\u012btne atrodas It\u0101lij\u0101, un tas ir vado\u0161ais ra\u017eot\u0101js, kas paz\u012bstams ar savu progres\u012bvo in\u017eenieriju, dizainu un augstas veiktsp\u0113jas p\u0101rnesumk\u0101rbu ra\u017eo\u0161anu, specializ\u0113joties lauksaimniec\u012bbas tehnikas nozar\u0113. FMP, kas ir paz\u012bstams ar precizit\u0101ti, inov\u0101cij\u0101m un izcilu uzticam\u012bbu, ir k\u013cuvis par uzticamu partneri, risinot gan lauksaimniec\u012bbas, gan r\u016bpniec\u012bbas nozaru main\u012bg\u0101s vajadz\u012bbas. M\u016bsu pla\u0161aj\u0101 produktu kl\u0101st\u0101 ir iek\u013cautas specializ\u0113tas p\u0101rnesumk\u0101rbas z\u0101les p\u013c\u0101v\u0113jiem, j\u016bgv\u0101rpst\u0101m un cit\u0101m svar\u012bg\u0101m meh\u0101nisk\u0101m sast\u0101vda\u013c\u0101m, katra no t\u0101m ir r\u016bp\u012bgi izstr\u0101d\u0101ta, lai pied\u0101v\u0101tu piel\u0101gotus risin\u0101jumus pla\u0161am pielietojumu kl\u0101stam.<\/p>\n<p>Uz\u0146\u0113mum\u0101 FMP m\u0113s saprotam, ka katrs klients saskaras ar unik\u0101liem izaicin\u0101jumiem un pras\u012bb\u0101m. T\u0101p\u0113c m\u0113s specializ\u0113jamies piel\u0101gotu risin\u0101jumu snieg\u0161an\u0101, neatkar\u012bgi no t\u0101, vai tie attiecas uz atsevi\u0161\u0137\u0101m komponent\u0113m vai piln\u012bb\u0101 integr\u0113t\u0101m sist\u0113m\u0101m. Cie\u0161i sadarbojoties ar saviem klientiem, m\u0113s nodro\u0161in\u0101m, ka katrs risin\u0101jums ne tikai atbilst vi\u0146u vajadz\u012bb\u0101m, bet ar\u012b optimiz\u0113 veiktsp\u0113ju un palielina v\u0113rt\u012bbu. M\u016bsu ap\u0146em\u0161an\u0101s sniegt \u0101tras, profesion\u0101las atbildes un ekspertu nor\u0101d\u012bjumus nodro\u0161ina, ka katrs piepras\u012bjums tiek apstr\u0101d\u0101ts ar visaugst\u0101ko r\u016bp\u012bbu un precizit\u0101ti, t\u0101d\u0113j\u0101di sasniedzot optim\u0101lus rezult\u0101tus.<\/p>\n<p>M\u0113s pie\u0161\u0137iram lielu noz\u012bmi atv\u0113rtai un nep\u0101rtrauktai komunik\u0101cijai katr\u0101 produktu izstr\u0101des procesa posm\u0101. M\u016bsu ekspertu komanda sadarbojas tie\u0161i ar klientiem, lai piln\u012bb\u0101 izprastu vi\u0146u \u012bpa\u0161\u0101s vajadz\u012bbas, pied\u0101v\u0101jot v\u0113rt\u012bgas atzi\u0146as un piel\u0101gotus ieteikumus, lai nodro\u0161in\u0101tu visefekt\u012bv\u0101kos risin\u0101jumus. Neatkar\u012bgi no t\u0101, vai tas ir inovat\u012bvu produktu dizains vai past\u0101v\u012bgu pas\u016bt\u012bjumu izpilde, FMP ir ap\u0146\u0113mies vienm\u0113r savlaic\u012bgi pieg\u0101d\u0101t prec\u012bzi izstr\u0101d\u0101tus, augstas kvalit\u0101tes risin\u0101jumus. M\u016bsu misija ir nodro\u0161in\u0101t klientiem izcilu apkalpo\u0161anu un rezult\u0101tus, past\u0101v\u012bgi p\u0101rsniedzot cer\u012bbas katr\u0101 projekt\u0101.<\/p>\n<p>FMP darb\u012bbas pamat\u0101 ir nelok\u0101ma ap\u0146em\u0161an\u0101s nodro\u0161in\u0101t kvalit\u0101ti. M\u0113s iev\u0113rojam augst\u0101kos ra\u017eo\u0161anas standartus, izmantojot stingrus kvalit\u0101tes kontroles pas\u0101kumus, lai nodro\u0161in\u0101tu, ka katrs produkts ne tikai atbilst, bet ar\u012b p\u0101rsniedz nozares standartus. \u0160\u012b ap\u0146em\u0161an\u0101s nodro\u0161in\u0101t kvalit\u0101ti apvienojum\u0101 ar m\u016bsu pamatv\u0113rt\u012bb\u0101m \u2013 integrit\u0101ti, komandas darbu un neatlaid\u012bbu \u2013 ir \u013c\u0101vusi mums veidot ilgsto\u0161as, uz uztic\u012bbu balst\u012btas attiec\u012bbas ar klientiem gandr\u012bz 30 valst\u012bs vis\u0101 pasaul\u0113.<\/p>\n<p>FMP vienm\u0113r ir atv\u0113rts glob\u0101lu partnerattiec\u012bbu veido\u0161anai un joproj\u0101m ir ap\u0146\u0113mies sniegt ekspertu padomus un piel\u0101gotus risin\u0101jumus, kas piel\u0101goti m\u016bsu klientu da\u017e\u0101daj\u0101m vajadz\u012bb\u0101m. M\u0113s ejam t\u0101l\u0101k par vienk\u0101r\u0161u produktu pieg\u0101di; m\u016bsu m\u0113r\u0137is ir veidot ilgsto\u0161as \u200b\u200battiec\u012bbas, kas veicina katra projekta pan\u0101kumus. Neatkar\u012bgi no t\u0101, vai jums ir nepiecie\u0161ami inovat\u012bvi risin\u0101jumi jaunai iniciat\u012bvai vai past\u0101v\u012bgs atbalsts eso\u0161ai sist\u0113mai, FMP ir \u0161eit, lai risin\u0101tu j\u016bsu tehnisk\u0101s probl\u0113mas un nodro\u0161in\u0101tu j\u016bsu turpm\u0101kos pan\u0101kumus.<\/p>\n<p><img loading=\"lazy\" decoding=\"async\" class=\"alignnone size-full wp-image-1861\" src=\"https:\/\/fmp-components.com\/wp-content\/uploads\/2024\/12\/Other-Agricultural-Gearboxes.webp\" sizes=\"(min-width: 0px) and (max-width: 480px) 480px, (min-width: 481px) and (max-width: 980px) 980px, (min-width: 981px) 1200px, 100vw\" srcset=\"https:\/\/fmp-components.com\/wp-content\/uploads\/2024\/12\/Other-Agricultural-Gearboxes.webp 1200w, https:\/\/fmp-components.com\/wp-content\/uploads\/2024\/12\/Other-Agricultural-Gearboxes-980x1143.webp 980w, https:\/\/fmp-components.com\/wp-content\/uploads\/2024\/12\/Other-Agricultural-Gearboxes-480x560.webp 480w\" alt=\"Altri-cambi-agricoli\" width=\"1200\" height=\"1400\" title=\"\"><\/p>\n<p>Autors: CX<\/p>","protected":false},"excerpt":{"rendered":"<p>Square Baler Gearbox FMP-DFK192 Dimensions Square Baler Gearbox FMP-DFK192 Technical Data i Suitable Rpm input KW(Nom) Rated torque Maximum Load X-axis type r\/min kw N.m N.m X-Y X-Z X-E Big Square Baler 1000 192 1825 4000 2 types Remark: If you have any special require feel free let me know, we also accept custom. Benefits [&hellip;]<\/p>","protected":false},"featured_media":2632,"comment_status":"open","ping_status":"closed","template":"","meta":{"_et_pb_use_builder":"","_et_pb_old_content":"","_et_gb_content_width":""},"product_brand":[],"product_cat":[62],"product_tag":[],"class_list":{"0":"post-2627","1":"product","2":"type-product","3":"status-publish","4":"has-post-thumbnail","6":"product_cat-square-baler-gearbox","8":"first","9":"instock","10":"shipping-taxable","11":"product-type-simple"},"_links":{"self":[{"href":"https:\/\/fmp-components.com\/lv\/wp-json\/wp\/v2\/product\/2627","targetHints":{"allow":["GET"]}}],"collection":[{"href":"https:\/\/fmp-components.com\/lv\/wp-json\/wp\/v2\/product"}],"about":[{"href":"https:\/\/fmp-components.com\/lv\/wp-json\/wp\/v2\/types\/product"}],"replies":[{"embeddable":true,"href":"https:\/\/fmp-components.com\/lv\/wp-json\/wp\/v2\/comments?post=2627"}],"wp:featuredmedia":[{"embeddable":true,"href":"https:\/\/fmp-components.com\/lv\/wp-json\/wp\/v2\/media\/2632"}],"wp:attachment":[{"href":"https:\/\/fmp-components.com\/lv\/wp-json\/wp\/v2\/media?parent=2627"}],"wp:term":[{"taxonomy":"product_brand","embeddable":true,"href":"https:\/\/fmp-components.com\/lv\/wp-json\/wp\/v2\/product_brand?post=2627"},{"taxonomy":"product_cat","embeddable":true,"href":"https:\/\/fmp-components.com\/lv\/wp-json\/wp\/v2\/product_cat?post=2627"},{"taxonomy":"product_tag","embeddable":true,"href":"https:\/\/fmp-components.com\/lv\/wp-json\/wp\/v2\/product_tag?post=2627"}],"curies":[{"name":"wp","href":"https:\/\/api.w.org\/{rel}","templated":true}]}}