{"id":2616,"date":"2025-01-03T02:57:42","date_gmt":"2025-01-03T02:57:42","guid":{"rendered":"https:\/\/fmp-components.com\/?page_id=8"},"modified":"2025-01-03T02:57:42","modified_gmt":"2025-01-03T02:57:42","slug":"square-baler-gearbox-fmp-fk155-for-automatic-feed-baler","status":"publish","type":"product","link":"https:\/\/fmp-components.com\/lv\/product\/square-baler-gearbox-fmp-fk155-for-automatic-feed-baler\/","title":{"rendered":"Kvadr\u0101tveida preses p\u0101rnesumk\u0101rba FMP-FK155 autom\u0101tiskajai padeves presei"},"content":{"rendered":"<p><img loading=\"lazy\" decoding=\"async\" class=\"size-full wp-image-2619 aligncenter\" src=\"https:\/\/fmp-components.com\/wp-content\/uploads\/2025\/01\/Square-Baler-Gearbox-FMP-FK1551.webp\" alt=\"Kvadr\u0101tveida-Preses-Reduktors-FMP-FK155(1)\" width=\"600\" height=\"600\" title=\"\" srcset=\"https:\/\/fmp-components.com\/wp-content\/uploads\/2025\/01\/Square-Baler-Gearbox-FMP-FK1551.webp 600w, https:\/\/fmp-components.com\/wp-content\/uploads\/2025\/01\/Square-Baler-Gearbox-FMP-FK1551-480x480.webp 480w\" sizes=\"(min-width: 0px) and (max-width: 480px) 480px, (min-width: 481px) 600px, 100vw\" \/><\/p>\n<h2>Kvadr\u0101tveida preses p\u0101rnesumk\u0101rbas FMP-FK155 izm\u0113ri<\/h2>\n<p><img loading=\"lazy\" decoding=\"async\" class=\"alignnone size-full wp-image-2617\" src=\"https:\/\/fmp-components.com\/wp-content\/uploads\/2025\/01\/Square-Baler-Gearbox-FMP-FK155-Dimensions-1.webp\" alt=\"Kvadr\u0101tveida-Preses-Reduktors-FMP-FK155-Izm\u0113ri-1\" width=\"1268\" height=\"840\" title=\"\" srcset=\"https:\/\/fmp-components.com\/wp-content\/uploads\/2025\/01\/Square-Baler-Gearbox-FMP-FK155-Dimensions-1.webp 1268w, https:\/\/fmp-components.com\/wp-content\/uploads\/2025\/01\/Square-Baler-Gearbox-FMP-FK155-Dimensions-1-980x649.webp 980w, https:\/\/fmp-components.com\/wp-content\/uploads\/2025\/01\/Square-Baler-Gearbox-FMP-FK155-Dimensions-1-480x318.webp 480w\" sizes=\"(min-width: 0px) and (max-width: 480px) 480px, (min-width: 481px) and (max-width: 980px) 980px, (min-width: 981px) 1268px, 100vw\" \/> <img loading=\"lazy\" decoding=\"async\" class=\"alignnone size-full wp-image-2618\" src=\"https:\/\/fmp-components.com\/wp-content\/uploads\/2025\/01\/Square-Baler-Gearbox-EP-FK155-Dimensions-2.webp\" alt=\"Kvadr\u0101tveida-Preses-Reduktors-EP-FK155-Izm\u0113ri-2\" width=\"1198\" height=\"362\" title=\"\" srcset=\"https:\/\/fmp-components.com\/wp-content\/uploads\/2025\/01\/Square-Baler-Gearbox-EP-FK155-Dimensions-2.webp 1198w, https:\/\/fmp-components.com\/wp-content\/uploads\/2025\/01\/Square-Baler-Gearbox-EP-FK155-Dimensions-2-980x296.webp 980w, https:\/\/fmp-components.com\/wp-content\/uploads\/2025\/01\/Square-Baler-Gearbox-EP-FK155-Dimensions-2-480x145.webp 480w\" sizes=\"(min-width: 0px) and (max-width: 480px) 480px, (min-width: 481px) and (max-width: 980px) 980px, (min-width: 981px) 1198px, 100vw\" \/><\/p>\n<h2>Kvadr\u0101tveida preses p\u0101rnesumk\u0101rbas FMP-FK155 tehniskie dati<\/h2>\n<table style=\"width: 99.2395%; height: 129px;\" border=\"1\" cellspacing=\"0\" cellpadding=\"0\">\n<tbody>\n<tr>\n<td colspan=\"2\" rowspan=\"2\">es<\/td>\n<td rowspan=\"2\">Piem\u0113rots<\/td>\n<td>Apgriezienu skaita ievade<\/td>\n<td>Apgriezienu skaita izeja<\/td>\n<td>kW (nomin\u0101l\u0101)<\/td>\n<td>kW (maks.)<\/td>\n<td rowspan=\"2\">Zobu veido\u0161an\u0101s<\/td>\n<\/tr>\n<tr>\n<td>apgr.\/min<\/td>\n<td>apgr.\/min<\/td>\n<td>ZS<\/td>\n<td>ZS<\/td>\n<\/tr>\n<tr>\n<td>Kreis\u0101 un gaismas izvade<\/td>\n<td>1:2.46<\/td>\n<td rowspan=\"2\">Autom\u0101tiska bar\u012bbas prese utt.<\/td>\n<td>540<\/td>\n<td>1328<\/td>\n<td>180<\/td>\n<td>1080<\/td>\n<td rowspan=\"2\">Gl\u012bsona spir\u0101lveida<br \/>\nZobi<\/td>\n<\/tr>\n<tr>\n<td>Turpm\u0101k\u0101 izvade<\/td>\n<td>1.24:1<\/td>\n<td>1328<\/td>\n<td>1070<\/td>\n<td>130<\/td>\n<td>1100<\/td>\n<\/tr>\n<tr>\n<td colspan=\"8\">Piez\u012bme: Ja jums ir k\u0101das \u012bpa\u0161as pras\u012bbas, nekautr\u0113jieties man pazi\u0146ot, m\u0113s pie\u0146emam ar\u012b pas\u016bt\u012bjumu.<\/td>\n<\/tr>\n<\/tbody>\n<\/table>\n<h3>Kvadr\u0101tveida preses p\u0101rnesumk\u0101rbas FMP-FK155 priek\u0161roc\u012bbas<\/h3>\n<p>Kvadr\u0101t\u0137\u012bpu preses p\u0101rnesumk\u0101rba FMP-FK155 ir augstas veiktsp\u0113jas p\u0101rnesumk\u0101rba, kas \u012bpa\u0161i paredz\u0113ta izmanto\u0161anai kvadr\u0101t\u0137\u012bpu pres\u0113s. T\u0101 pied\u0101v\u0101 vair\u0101kas priek\u0161roc\u012bbas, kas padara to par ide\u0101lu izv\u0113li lauksaimniec\u012bbas vajadz\u012bb\u0101m, \u012bpa\u0161i t\u0101m, kur\u0101m nepiecie\u0161ama efekt\u012bva un uzticama pres\u0113\u0161anas veiktsp\u0113ja. T\u0101l\u0101k ir nor\u0101d\u012btas FMP-FK155 kvadr\u0101t\u0137\u012bpu preses p\u0101rnesumk\u0101rbas galven\u0101s priek\u0161roc\u012bbas:<\/p>\n<p><strong>Augsta griezes momenta jauda<\/strong><\/p>\n<ul>\n<li>Priek\u0161roc\u012bba: FMP-FK155 p\u0101rnesumk\u0101rba ir izstr\u0101d\u0101ta, lai iztur\u0113tu lielas griezes momenta slodzes, padarot to piem\u0113rotu sare\u017e\u0123\u012btiem lietojumiem, piem\u0113ram, bl\u012bvu materi\u0101lu, piem\u0113ram, siena, salmu un sk\u0101bbar\u012bbas, pres\u0113\u0161anai.<\/li>\n<li>Priek\u0161roc\u012bba: \u0160\u012b augst\u0101 griezes momenta jauda nodro\u0161ina uzticamu veiktsp\u0113ju smagos apst\u0101k\u013cos, \u013caujot presei veidot kompaktus, vien\u0101dus \u0137\u012bpas, nep\u0101rslogojot p\u0101rnesumk\u0101rbu.<\/li>\n<\/ul>\n<p><strong>Iztur\u012bba un ilgm\u016b\u017e\u012bba<\/strong><\/p>\n<ul>\n<li>Priek\u0161roc\u012bba: FMP-FK155 p\u0101rnesumk\u0101rba, kas izgatavota no augstas kvalit\u0101tes materi\u0101liem un prec\u012bzi konstru\u0113t\u0101m deta\u013c\u0101m, ir paredz\u0113ta ilgam kalpo\u0161anas laikam skarbos lauksaimniec\u012bbas vides apst\u0101k\u013cos.<\/li>\n<li>Ieguvums: T\u0101 iztur\u012bba samazina nepiecie\u0161am\u012bbu p\u0113c bie\u017eas apkopes vai nomai\u0146as, nodro\u0161inot ilgtermi\u0146a darb\u012bbas efektivit\u0101ti un samazinot kop\u0113j\u0101s uztur\u0113\u0161anas izmaksas operatoriem.<\/li>\n<\/ul>\n<p><strong>Kompakts un telpu taupo\u0161s dizains<\/strong><\/p>\n<ul>\n<li>Priek\u0161roc\u012bba: Neskatoties uz jaud\u012bgo veiktsp\u0113ju, FMP-FK155 p\u0101rnesumk\u0101rbai ir kompakts dizains, kas optimiz\u0113 vietu pres\u0113\u0161anas ma\u0161\u012bn\u0101s.<\/li>\n<li>Ieguvums: \u0160is vietu taupo\u0161ais dizains \u013cauj to viegli integr\u0113t da\u017e\u0101dos presu mode\u013cos, neapdraudot veiktsp\u0113ju, padarot to par daudzpus\u012bgu izv\u0113li da\u017e\u0101d\u0101m lauksaimniec\u012bbas sist\u0113m\u0101m.<\/li>\n<\/ul>\n<p><strong>Prec\u012bzijas in\u017eenierija<\/strong><\/p>\n<ul>\n<li>Priek\u0161roc\u012bba: FMP-FK155 zobrati un iek\u0161\u0113j\u0101s deta\u013cas ir prec\u012bzi konstru\u0113tas, nodro\u0161inot vienm\u0113r\u012bgu jaudas p\u0101rvadi un minim\u0101lu zobratu nodilumu.<\/li>\n<li>Ieguvums: Tas nodro\u0161ina efekt\u012bv\u0101ku pres\u0113\u0161anas darb\u012bbu ar maz\u0101kiem ener\u0123ijas zudumiem, uzlabojot kop\u0113jo produktivit\u0101ti un nodro\u0161inot, ka p\u0101rnesumk\u0101rba darbojas klusi un ar minim\u0101lu vibr\u0101ciju.<\/li>\n<\/ul>\n<p>Kvadr\u0101tveida preses p\u0101rnesumk\u0101rba FMP-FK155 pied\u0101v\u0101 virkni priek\u0161roc\u012bbu, kas padara to par lielisku izv\u0113li lauksaimniec\u012bbas vajadz\u012bb\u0101m. T\u0101s augst\u0101 griezes momenta jauda, \u200b\u200biztur\u012bba un efektivit\u0101te ir galven\u0101s priek\u0161roc\u012bbas tiem, kas mekl\u0113 uzticamas, maz apkopes praso\u0161as p\u0101rnesumk\u0101rbas, kas sp\u0113j tikt gal\u0101 ar pres\u0113\u0161anas oper\u0101ciju sare\u017e\u0123\u012bt\u012bbu. Kompakt\u0101, pret koroziju iztur\u012bg\u0101 un daudzpus\u012bg\u0101 konstrukcija nodro\u0161ina, ka p\u0101rnesumk\u0101rba ir piel\u0101gojama da\u017e\u0101d\u0101m pres\u0113\u0161anas sist\u0113m\u0101m un pielietojumiem, savuk\u0101rt t\u0101s klus\u0101 darb\u012bba un zem\u0101s apkopes pras\u012bbas padara to par rentablu un lietot\u0101jam draudz\u012bgu risin\u0101jumu m\u016bsdienu lauksaimniec\u012bbas darb\u012bb\u0101m.<\/p>\n<p><img loading=\"lazy\" decoding=\"async\" class=\"alignnone size-full wp-image-2620\" src=\"https:\/\/fmp-components.com\/wp-content\/uploads\/2025\/01\/Square-Baler-Gearbox-EP-FK155-Advantages1.webp\" alt=\"Kvadr\u0101tveida-Preses-Reduktora-EP-FK155-Priek\u0161roc\u012bbas(1)\" width=\"883\" height=\"360\" title=\"\" srcset=\"https:\/\/fmp-components.com\/wp-content\/uploads\/2025\/01\/Square-Baler-Gearbox-EP-FK155-Advantages1.webp 883w, https:\/\/fmp-components.com\/wp-content\/uploads\/2025\/01\/Square-Baler-Gearbox-EP-FK155-Advantages1-480x196.webp 480w\" sizes=\"(min-width: 0px) and (max-width: 480px) 480px, (min-width: 481px) 883px, 100vw\" \/><\/p>\n<h2>Kvadr\u0101tveida preses p\u0101rnesumk\u0101rbas FMP-FK155 pielietojums lauksaimniec\u012bb\u0101<\/h2>\n<div class=\"flex max-w-full flex-col flex-grow\">\n<div class=\"min-h-8 text-message flex w-full flex-col items-end gap-2 whitespace-normal break-words text-start [.text-message+&amp;]:mt-5\" dir=\"auto\" data-message-author-role=\"assistant\" data-message-id=\"fec87163-3921-4a88-9fd0-dcaf569f414b\" data-message-model-slug=\"gpt-4o\">\n<div class=\"flex w-full flex-col gap-1 empty:hidden first:pt-[3px]\">\n<div class=\"markdown prose w-full break-words dark:prose-invert light\">\n<p>Kvadr\u0101t\u0137\u012bpu preses p\u0101rnesumk\u0101rba FMP-FK155 ir b\u016btiska m\u016bsdienu lauksaimniec\u012bbas tehnikas sast\u0101vda\u013ca, kas \u012bpa\u0161i izstr\u0101d\u0101ta, lai uzlabotu pres\u0113\u0161anas darb\u012bbu efektivit\u0101ti un uzticam\u012bbu. T\u0101s iztur\u012bg\u0101 konstrukcija un augstas veiktsp\u0113jas dizains padara to \u013coti piem\u0113rotu da\u017e\u0101diem lauksaimniec\u012bbas lietojumiem. T\u0101l\u0101k ir nor\u0101d\u012bti galvenie FMP-FK155 kvadr\u0101t\u0137\u012bpu preses p\u0101rnesumk\u0101rbas pielietojumi lauksaimniec\u012bb\u0101:<\/p>\n<p><strong>Siena pres\u0113\u0161ana<\/strong><\/p>\n<ul>\n<li>Pielietojums: FMP-FK155 p\u0101rnesumk\u0101rba tiek pla\u0161i izmantota siena pres\u0113s, lai veidotu cie\u0161i iepakotas kvadr\u0101tveida \u017e\u0101v\u0113tas z\u0101les \u0137\u012bpas.<\/li>\n<li>Priek\u0161roc\u012bba: T\u0101 augst\u0101 griezes momenta jauda nodro\u0161ina vienm\u0113r\u012bgu darb\u012bbu pat ar lieliem siena apjomiem, veidojot vien\u0101dus, augsta bl\u012bvuma \u0137\u012bpas, kuras ir viegli uzglab\u0101t un transport\u0113t dz\u012bvnieku bar\u012bbai vai citiem m\u0113r\u0137iem.<\/li>\n<\/ul>\n<p><strong>Salmu pres\u0113\u0161ana<\/strong><\/p>\n<ul>\n<li>Pielietojums: P\u0113c graudaugu, piem\u0113ram, kvie\u0161u vai mie\u017eu, nov\u0101k\u0161anas atliku\u0161os salmus bie\u017ei pres\u0113, lai tos izmantotu k\u0101 pakai\u0161u materi\u0101lu m\u0101jlopiem, mul\u010du vai bioener\u0123ijas ra\u017eo\u0161anai.<\/li>\n<li>Priek\u0161roc\u012bba: P\u0101rnesumk\u0101rba nodro\u0161ina nepiecie\u0161amo meh\u0101nisko priek\u0161roc\u012bbu, lai apstr\u0101d\u0101tu cietus, \u0161\u0137iedrainus salmus, nodro\u0161inot, ka prese ra\u017eo vienveid\u012bgus, iztur\u012bgus un kompaktus kvadr\u0101tveida \u0137\u012bpas.<\/li>\n<\/ul>\n<p><strong>Sk\u0101bbar\u012bbas pres\u0113\u0161ana<\/strong><\/p>\n<ul>\n<li>Lietojums: Sk\u0101bbar\u012bbas ra\u017eo\u0161an\u0101 FMP-FK155 p\u0101rnesumk\u0101rba tiek izmantota pres\u0113s, lai sabl\u012bv\u0113tu mitrus lopbar\u012bbas materi\u0101lus, piem\u0113ram, z\u0101li, kukur\u016bzu vai lucernu, bl\u012bv\u0101s, nosl\u0113gt\u0101s kvadr\u0101tveida \u0137\u012bp\u0101s.<\/li>\n<li>Ieguvums: Sp\u0113ja apstr\u0101d\u0101t mitrus, smagus materi\u0101lus nodro\u0161ina augstas kvalit\u0101tes sk\u0101bbar\u012bbas ru\u013c\u013cus, kas ir ide\u0101li piem\u0113roti uzglab\u0101\u0161anai un v\u0113l\u0101kai baro\u0161anai, saglab\u0101jot to uzturv\u0113rt\u012bbu.<\/li>\n<\/ul>\n<p><strong>Lopbar\u012bbas pres\u0113\u0161ana<\/strong><\/p>\n<ul>\n<li>Lietojums: Lopbar\u012bbas kult\u016bras, piem\u0113ram, lucerna vai \u0101boli\u0146\u0161, tiek pres\u0113tas, izmantojot FMP-FK155 p\u0101rnesumk\u0101rbas, lai t\u0101s izmantotu k\u0101 augstas kvalit\u0101tes lopbar\u012bbu.<\/li>\n<li>Ieguvums: P\u0101rnesumk\u0101rbas prec\u012bz\u0101 konstrukcija garant\u0113 cie\u0161i sapakotu, labi veidotu kvadr\u0101tveida \u0137\u012bpu veido\u0161anos, kas uzglab\u0101\u0161anas un transport\u0113\u0161anas laik\u0101 saglab\u0101 lopbar\u012bbas kvalit\u0101ti.<\/li>\n<\/ul>\n<p>Kvadr\u0101tveida preses p\u0101rnesumk\u0101rba FMP-FK155 ir neaizst\u0101jams instruments m\u016bsdienu lauksaimniec\u012bb\u0101, kas pied\u0101v\u0101 uzticam\u012bbu, iztur\u012bbu un daudzpus\u012bbu da\u017e\u0101dos pres\u0113\u0161anas darbos. S\u0101kot ar siena un salmu pres\u0113\u0161anu un beidzot ar sk\u0101bbar\u012bbas ra\u017eo\u0161anu un lauksaimniec\u012bbas atkritumu apsaimnieko\u0161anu, \u0161\u012b p\u0101rnesumk\u0101rba nodro\u0161ina optim\u0101lu veiktsp\u0113ju un efektivit\u0101ti. T\u0101s augst\u0101 griezes momenta jauda, \u200b\u200bprec\u012bz\u0101 konstrukcija un zem\u0101s apkopes funkcijas padara to ide\u0101li piem\u0113rotu gan maz\u0101m saimniec\u012bb\u0101m, gan lieliem komerci\u0101liem uz\u0146\u0113mumiem, iev\u0113rojami veicinot pres\u0113 izmantot\u0101s lauksaimniec\u012bbas tehnikas pan\u0101kumus un efektivit\u0101ti.<\/p>\n<p><img loading=\"lazy\" decoding=\"async\" class=\"alignnone size-full wp-image-2608\" src=\"https:\/\/fmp-components.com\/wp-content\/uploads\/2025\/01\/Square-Baler-Gearbox-EP-FK136-Common-Applications1.webp\" alt=\"Kvadr\u0101tveida-Preses-Reduktors-FMP-FK136-Bie\u017e\u0101kie-Pielietojumi(1)\" width=\"1024\" height=\"564\" title=\"\" srcset=\"https:\/\/fmp-components.com\/wp-content\/uploads\/2025\/01\/Square-Baler-Gearbox-EP-FK136-Common-Applications1.webp 1024w, https:\/\/fmp-components.com\/wp-content\/uploads\/2025\/01\/Square-Baler-Gearbox-EP-FK136-Common-Applications1-980x540.webp 980w, https:\/\/fmp-components.com\/wp-content\/uploads\/2025\/01\/Square-Baler-Gearbox-EP-FK136-Common-Applications1-480x264.webp 480w\" sizes=\"(min-width: 0px) and (max-width: 480px) 480px, (min-width: 481px) and (max-width: 980px) 980px, (min-width: 981px) 1024px, 100vw\" \/><\/p>\n<h3>Par FMP<\/h3>\n<p>FMP galven\u0101 m\u012btne atrodas It\u0101lij\u0101, un tas ir vado\u0161ais ra\u017eot\u0101js, kas paz\u012bstams ar savu pieredzi augstas veiktsp\u0113jas p\u0101rnesumk\u0101rbu projekt\u0113\u0161an\u0101, izstr\u0101d\u0113 un ra\u017eo\u0161an\u0101, \u012bpa\u0161i koncentr\u0113joties uz lauksaimniec\u012bbas tehnikas nozari. Ar prec\u012bzas in\u017eenierijas, inovat\u012bvu risin\u0101jumu un nelok\u0101mas uzticam\u012bbas reput\u0101ciju FMP ir k\u013cuvis par uzticamu partneri gan lauksaimniec\u012bbas, gan r\u016bpniec\u012bbas nozar\u0113. M\u016bsu pla\u0161aj\u0101 produktu kl\u0101st\u0101 ietilpst specializ\u0113tas p\u0101rnesumk\u0101rbas z\u0101les p\u013c\u0101v\u0113jiem, j\u016bgv\u0101rpstas un citas svar\u012bgas sast\u0101vda\u013cas, kas visas ir profesion\u0101li izstr\u0101d\u0101tas, lai nodro\u0161in\u0101tu piel\u0101gotus risin\u0101jumus pla\u0161am pielietojumu kl\u0101stam.<\/p>\n<p>Uz\u0146\u0113mum\u0101 FMP m\u0113s saprotam, ka katram klientam ir unik\u0101las pras\u012bbas un izaicin\u0101jumi. T\u0101p\u0113c m\u0113s specializ\u0113jamies piel\u0101gotu risin\u0101jumu snieg\u0161an\u0101, neatkar\u012bgi no t\u0101, vai tie attiecas uz atsevi\u0161\u0137\u0101m komponent\u0113m vai piln\u012bb\u0101 integr\u0113t\u0101m sist\u0113m\u0101m. Cie\u0161i sadarbojoties ar saviem klientiem, m\u0113s nodro\u0161in\u0101m, ka katrs risin\u0101jums ir gan efekt\u012bvs, gan lietder\u012bgs, optimiz\u0113jot veiktsp\u0113ju un v\u0113rt\u012bbu. M\u016bsu ap\u0146em\u0161an\u0101s sniegt \u0101tras un profesion\u0101las atbildes, ko papildina ekspertu nor\u0101d\u012bjumi, nodro\u0161ina, ka katrs piepras\u012bjums tiek apstr\u0101d\u0101ts ar visliel\u0101ko r\u016bp\u012bbu un precizit\u0101ti, t\u0101d\u0113j\u0101di sasniedzot vislab\u0101kos iesp\u0113jamos rezult\u0101tus.<\/p>\n<p>M\u0113s pie\u0161\u0137iram priorit\u0101ti atkl\u0101tai un nep\u0101rtrauktai komunik\u0101cijai vis\u0101 produktu izstr\u0101des proces\u0101. M\u016bsu \u012bpa\u0161i izveidot\u0101 komanda str\u0101d\u0101 tie\u0161i ar klientiem, lai piln\u012bb\u0101 izprastu vi\u0146u \u012bpa\u0161\u0101s vajadz\u012bbas, pied\u0101v\u0101jot v\u0113rt\u012bgas atzi\u0146as un ieteikumus, lai nodro\u0161in\u0101tu optim\u0101lus risin\u0101jumus. Neatkar\u012bgi no t\u0101, vai izstr\u0101d\u0101jam inovat\u012bvus produktus vai izpild\u0101m past\u0101v\u012bgus pas\u016bt\u012bjumus, FMP ir ap\u0146\u0113musies vienm\u0113r savlaic\u012bgi pieg\u0101d\u0101t augstas kvalit\u0101tes, prec\u012bzi izstr\u0101d\u0101tus risin\u0101jumus. M\u016bsu m\u0113r\u0137is ir p\u0101rsniegt cer\u012bbas, nodro\u0161inot vislab\u0101ko servisu un rezult\u0101tus katr\u0101 projekt\u0101.<\/p>\n<p>Kvalit\u0101te ir FMP darb\u012bbas pamat\u0101. M\u0113s iev\u0113rojam augst\u0101kos ra\u017eo\u0161anas standartus un ievie\u0161am stingrus kvalit\u0101tes kontroles pas\u0101kumus, lai nodro\u0161in\u0101tu, ka katrs produkts ne tikai atbilst, bet ar\u012b p\u0101rsniedz nozares cer\u012bbas. \u0160\u012b nelok\u0101m\u0101 ap\u0146em\u0161an\u0101s nodro\u0161in\u0101t kvalit\u0101ti apvienojum\u0101 ar m\u016bsu pamatv\u0113rt\u012bb\u0101m \u2013 integrit\u0101ti, komandas darbu un neatlaid\u012bbu \u2013 ir \u013c\u0101vusi mums veidot ilgsto\u0161as, uz uztic\u012bbu balst\u012btas attiec\u012bbas ar klientiem gandr\u012bz 30 pasaules valst\u012bs.<\/p>\n<p>FMP ir ap\u0146\u0113musies veicin\u0101t glob\u0101las partner\u012bbas un sniegt ekspertu konsult\u0101cijas un piel\u0101gotus risin\u0101jumus, kas atbilst m\u016bsu klientu da\u017e\u0101daj\u0101m vajadz\u012bb\u0101m. M\u0113s ejam t\u0101l\u0101k par vienk\u0101r\u0161u produktu pieg\u0101di; m\u0113s koncentr\u0113jamies uz ilgsto\u0161u attiec\u012bbu veido\u0161anu, kas veicina katra projekta pan\u0101kumus. Neatkar\u012bgi no t\u0101, vai jums ir nepiecie\u0161ami inovat\u012bvi risin\u0101jumi jaunai iniciat\u012bvai vai past\u0101v\u012bgs atbalsts eso\u0161ai sist\u0113mai, FMP ir \u0161eit, lai risin\u0101tu j\u016bsu tehnisk\u0101s probl\u0113mas un nodro\u0161in\u0101tu j\u016bsu turpm\u0101kos pan\u0101kumus.<\/p>\n<p><img loading=\"lazy\" decoding=\"async\" class=\"alignnone size-full wp-image-1861\" src=\"https:\/\/fmp-components.com\/wp-content\/uploads\/2024\/12\/Other-Agricultural-Gearboxes.webp\" sizes=\"(min-width: 0px) and (max-width: 480px) 480px, (min-width: 481px) and (max-width: 980px) 980px, (min-width: 981px) 1200px, 100vw\" srcset=\"https:\/\/fmp-components.com\/wp-content\/uploads\/2024\/12\/Other-Agricultural-Gearboxes.webp 1200w, https:\/\/fmp-components.com\/wp-content\/uploads\/2024\/12\/Other-Agricultural-Gearboxes-980x1143.webp 980w, https:\/\/fmp-components.com\/wp-content\/uploads\/2024\/12\/Other-Agricultural-Gearboxes-480x560.webp 480w\" alt=\"Altri-cambi-agricoli\" width=\"1200\" height=\"1400\" title=\"\"><\/p>\n<p>Autors: CX<\/p>\n<\/div>\n<\/div>\n<\/div>\n<\/div>","protected":false},"excerpt":{"rendered":"<p>Square Baler Gearbox FMP-FK155 Dimensions Square Baler Gearbox FMP-FK155 Technical Data i Suitable Rpm input Rpm output KW(Nom) KW(Max) Toothing r\/min r\/min hp hp Left and Light output 1:2.46 Automatic feed baler, etc 540 1328 180 1080 Gleason Helical Teeth Follow-up output 1.24:1 1328 1070 130 1100 Remark: If you have any special require feel [&hellip;]<\/p>","protected":false},"featured_media":2619,"comment_status":"open","ping_status":"closed","template":"","meta":{"_et_pb_use_builder":"","_et_pb_old_content":"","_et_gb_content_width":""},"product_brand":[],"product_cat":[62],"product_tag":[],"class_list":{"0":"post-2616","1":"product","2":"type-product","3":"status-publish","4":"has-post-thumbnail","6":"product_cat-square-baler-gearbox","8":"first","9":"instock","10":"shipping-taxable","11":"product-type-simple"},"_links":{"self":[{"href":"https:\/\/fmp-components.com\/lv\/wp-json\/wp\/v2\/product\/2616","targetHints":{"allow":["GET"]}}],"collection":[{"href":"https:\/\/fmp-components.com\/lv\/wp-json\/wp\/v2\/product"}],"about":[{"href":"https:\/\/fmp-components.com\/lv\/wp-json\/wp\/v2\/types\/product"}],"replies":[{"embeddable":true,"href":"https:\/\/fmp-components.com\/lv\/wp-json\/wp\/v2\/comments?post=2616"}],"wp:featuredmedia":[{"embeddable":true,"href":"https:\/\/fmp-components.com\/lv\/wp-json\/wp\/v2\/media\/2619"}],"wp:attachment":[{"href":"https:\/\/fmp-components.com\/lv\/wp-json\/wp\/v2\/media?parent=2616"}],"wp:term":[{"taxonomy":"product_brand","embeddable":true,"href":"https:\/\/fmp-components.com\/lv\/wp-json\/wp\/v2\/product_brand?post=2616"},{"taxonomy":"product_cat","embeddable":true,"href":"https:\/\/fmp-components.com\/lv\/wp-json\/wp\/v2\/product_cat?post=2616"},{"taxonomy":"product_tag","embeddable":true,"href":"https:\/\/fmp-components.com\/lv\/wp-json\/wp\/v2\/product_tag?post=2616"}],"curies":[{"name":"wp","href":"https:\/\/api.w.org\/{rel}","templated":true}]}}