{"id":2610,"date":"2025-01-03T02:45:39","date_gmt":"2025-01-03T02:45:39","guid":{"rendered":"https:\/\/fmp-components.com\/?page_id=8"},"modified":"2025-01-03T02:51:12","modified_gmt":"2025-01-03T02:51:12","slug":"square-baler-gearbox-fmp-fk150","status":"publish","type":"product","link":"https:\/\/fmp-components.com\/lv\/product\/square-baler-gearbox-fmp-fk150\/","title":{"rendered":"Kvadr\u0101tveida preses p\u0101rnesumk\u0101rba FMP-FK150"},"content":{"rendered":"<p><img loading=\"lazy\" decoding=\"async\" class=\"size-full wp-image-2613 aligncenter\" src=\"https:\/\/fmp-components.com\/wp-content\/uploads\/2025\/01\/Square-Baler-Gearbox-FMP-FK1501.webp\" alt=\"Kvadr\u0101tveida-Preses-Reduktors-FMP-FK150(1)\" width=\"600\" height=\"600\" title=\"\" srcset=\"https:\/\/fmp-components.com\/wp-content\/uploads\/2025\/01\/Square-Baler-Gearbox-FMP-FK1501.webp 600w, https:\/\/fmp-components.com\/wp-content\/uploads\/2025\/01\/Square-Baler-Gearbox-FMP-FK1501-480x480.webp 480w\" sizes=\"(min-width: 0px) and (max-width: 480px) 480px, (min-width: 481px) 600px, 100vw\" \/><\/p>\n<h2>Kvadr\u0101tveida preses p\u0101rnesumk\u0101rbas FMP-FK150 izm\u0113ri<\/h2>\n<p><img loading=\"lazy\" decoding=\"async\" class=\"alignnone size-full wp-image-2611\" src=\"https:\/\/fmp-components.com\/wp-content\/uploads\/2025\/01\/Square-Baler-Gearbox-FMP-FK150-Dimensions.webp\" alt=\"Kvadr\u0101tveida-Preses-Reduktora-FMP-FK150-Izm\u0113ri\" width=\"1335\" height=\"818\" title=\"\" srcset=\"https:\/\/fmp-components.com\/wp-content\/uploads\/2025\/01\/Square-Baler-Gearbox-FMP-FK150-Dimensions.webp 1335w, https:\/\/fmp-components.com\/wp-content\/uploads\/2025\/01\/Square-Baler-Gearbox-FMP-FK150-Dimensions-1280x784.webp 1280w, https:\/\/fmp-components.com\/wp-content\/uploads\/2025\/01\/Square-Baler-Gearbox-FMP-FK150-Dimensions-980x600.webp 980w, https:\/\/fmp-components.com\/wp-content\/uploads\/2025\/01\/Square-Baler-Gearbox-FMP-FK150-Dimensions-480x294.webp 480w\" sizes=\"(min-width: 0px) and (max-width: 480px) 480px, (min-width: 481px) and (max-width: 980px) 980px, (min-width: 981px) and (max-width: 1280px) 1280px, (min-width: 1281px) 1335px, 100vw\" \/><\/p>\n<h2>Kvadr\u0101tveida preses reduktora FMP-FK150 v\u0101rpstas izm\u0113ri<\/h2>\n<p><img loading=\"lazy\" decoding=\"async\" class=\"alignnone size-full wp-image-2612\" src=\"https:\/\/fmp-components.com\/wp-content\/uploads\/2025\/01\/Square-Baler-Gearbox-FMP-FK150-Shaft-Dimensions.webp\" alt=\"Kvadr\u0101tveida-Preses-Reduktora-FMP-FK150-V\u0101rpstas-Izm\u0113ri\" width=\"1376\" height=\"417\" title=\"\" srcset=\"https:\/\/fmp-components.com\/wp-content\/uploads\/2025\/01\/Square-Baler-Gearbox-FMP-FK150-Shaft-Dimensions.webp 1376w, https:\/\/fmp-components.com\/wp-content\/uploads\/2025\/01\/Square-Baler-Gearbox-FMP-FK150-Shaft-Dimensions-1280x388.webp 1280w, https:\/\/fmp-components.com\/wp-content\/uploads\/2025\/01\/Square-Baler-Gearbox-FMP-FK150-Shaft-Dimensions-980x297.webp 980w, https:\/\/fmp-components.com\/wp-content\/uploads\/2025\/01\/Square-Baler-Gearbox-FMP-FK150-Shaft-Dimensions-480x145.webp 480w\" sizes=\"(min-width: 0px) and (max-width: 480px) 480px, (min-width: 481px) and (max-width: 980px) 980px, (min-width: 981px) and (max-width: 1280px) 1280px, (min-width: 1281px) 1376px, 100vw\" \/><\/p>\n<h2>Kvadr\u0101tveida preses p\u0101rnesumk\u0101rbas FMP-FK150 tehniskie dati<\/h2>\n<table style=\"width: 100.825%; height: 130px;\" border=\"1\" cellspacing=\"0\" cellpadding=\"0\">\n<tbody>\n<tr>\n<td colspan=\"2\" rowspan=\"2\">es<\/td>\n<td rowspan=\"2\">Piem\u0113rots<\/td>\n<td>Apgriezienu skaita ievade<\/td>\n<td>Apgriezienu skaita izeja<\/td>\n<td>kW (nomin\u0101l\u0101)<\/td>\n<td>kW (maks.)<\/td>\n<td rowspan=\"2\">Zobu veido\u0161an\u0101s<\/td>\n<\/tr>\n<tr>\n<td>apgr.\/min<\/td>\n<td>apgr.\/min<\/td>\n<td>ZS<\/td>\n<td>ZS<\/td>\n<\/tr>\n<tr>\n<td>\u0100truma palielin\u0101\u0161ana<\/td>\n<td>1:2.07<\/td>\n<td>Kvadr\u0101tveida prese utt.<\/td>\n<td>540<\/td>\n<td>1117.8<\/td>\n<td>120<\/td>\n<td>550<\/td>\n<td>Gl\u012bsona taisne<br \/>\nZobi<\/td>\n<\/tr>\n<tr>\n<td colspan=\"8\">Piez\u012bme: Ja jums ir k\u0101das \u012bpa\u0161as pras\u012bbas, nekautr\u0113jieties man pazi\u0146ot, m\u0113s pie\u0146emam ar\u012b pas\u016bt\u012bjumu.<\/td>\n<\/tr>\n<\/tbody>\n<\/table>\n<article class=\"w-full scroll-mb-[var(--thread-trailing-height,150px)] text-token-text-primary focus-visible:outline-2 focus-visible:outline-offset-[-4px]\" dir=\"auto\" data-testid=\"conversation-turn-26\" data-scroll-anchor=\"false\">\n<div class=\"m-auto text-base py-[18px] px-3 md:px-4 w-full md:px-5 lg:px-4 xl:px-5\">\n<div class=\"mx-auto flex flex-1 gap-4 text-base md:gap-5 lg:gap-6 md:max-w-3xl lg:max-w-[40rem] xl:max-w-[48rem]\">\n<div class=\"group\/conversation-turn relative flex w-full min-w-0 flex-col\">\n<div class=\"flex-col gap-1 md:gap-3\">\n<div class=\"flex max-w-full flex-col flex-grow\">\n<div class=\"min-h-8 text-message flex w-full flex-col items-end gap-2 whitespace-normal break-words text-start [.text-message+&amp;]:mt-5\" dir=\"auto\" data-message-author-role=\"user\" data-message-id=\"aaa2abf4-977c-48e0-ae16-b607cec7c331\">\n<div class=\"flex w-full flex-col gap-1 empty:hidden items-end rtl:items-start\">\n<div class=\"relative max-w-[var(--user-chat-width,70%)] rounded-3xl bg-token-message-surface px-5 py-2.5\">\n<h2 class=\"whitespace-pre-wrap\">Kvadr\u0101tveida preses p\u0101rnesumk\u0101rba FMP-FK150 Dizaina iez\u012bmes<\/h2>\n<\/div>\n<\/div>\n<\/div>\n<\/div>\n<\/div>\n<\/div>\n<\/div>\n<\/div>\n<\/article>\n<p>Kvadr\u0101tveida preses p\u0101rnesumk\u0101rba FMP-FK150 ir \u012bpa\u0161i izstr\u0101d\u0101ta, lai apmierin\u0101tu lauksaimniec\u012bbas pres\u0113\u0161anas tehnikas augst\u0101s pras\u012bbas, jo \u012bpa\u0161i kvadr\u0101tveida \u0137\u012bpu veido\u0161anai sien\u0101, salmos, sk\u0101bbar\u012bb\u0101 un cit\u0101s kult\u016br\u0101s. T\u0101s konstrukcij\u0101 ir apvienotas uzlabotas in\u017eeniertehnisk\u0101s funkcijas, lai nodro\u0161in\u0101tu uzticamu veiktsp\u0113ju, iztur\u012bbu un \u0113rtu lieto\u0161anu. T\u0101l\u0101k ir nor\u0101d\u012btas galven\u0101s FMP-FK150 kvadr\u0101tveida preses p\u0101rnesumk\u0101rbas konstrukcijas iez\u012bmes:<\/p>\n<h4><strong>Augsta griezes momenta jauda<\/strong><\/h4>\n<ul>\n<li><strong>Funkcija<\/strong>FMP-FK150 p\u0101rnesumk\u0101rba ir izstr\u0101d\u0101ta, lai iztur\u0113tu augstu griezes momenta l\u012bmeni, padarot to piem\u0113rotu sare\u017e\u0123\u012btiem lauksaimniec\u012bbas darbiem, piem\u0113ram, pres\u0113\u0161anai. T\u0101s iztur\u012bg\u0101s iek\u0161\u0113j\u0101s deta\u013cas ir paredz\u0113tas, lai iztur\u0113tu lielos sp\u0113kus, kas tiek rad\u012bti pres\u0113\u0161anas proces\u0101.<\/li>\n<li><strong>Ieguvums<\/strong>Nodro\u0161ina vienm\u0113r\u012bgu un efekt\u012bvu darb\u012bbu pat slodzes apst\u0101k\u013cos, \u013caujot presei veidot bl\u012bvus, vien\u0101dus ru\u013c\u013cus bez veiktsp\u0113jas probl\u0113mu vai komponentu atteices riska.<\/li>\n<\/ul>\n<h4><strong>Prec\u012bzijas p\u0101rnesumu dizains<\/strong><\/h4>\n<ul>\n<li><strong>Funkcija<\/strong>FMP-FK150 p\u0101rnesumk\u0101rbas zobrati ir prec\u012bzi izstr\u0101d\u0101ti, lai nodro\u0161in\u0101tu vienm\u0113r\u012bgu sazobi un minim\u0101lu nodilumu. Augstas kvalit\u0101tes zobrati optimiz\u0113 jaudas p\u0101rvades efektivit\u0101ti.<\/li>\n<li><strong>Ieguvums<\/strong>Tas samazina ener\u0123ijas zudumus, padarot pres\u0113\u0161anas procesu efekt\u012bv\u0101ku un palielinot p\u0101rnesumk\u0101rbas kalpo\u0161anas laiku, samazinot iek\u0161\u0113jo komponentu nodilumu.<\/li>\n<\/ul>\n<h4><strong>Iztur\u012bgs korpuss<\/strong><\/h4>\n<ul>\n<li><strong>Funkcija<\/strong>P\u0101rnesumk\u0101rba ir ievietota iztur\u012bg\u0101, ilgm\u016b\u017e\u012bg\u0101 korpus\u0101, kas izgatavots no augstas kvalit\u0101tes materi\u0101liem, piem\u0113ram, \u010duguna vai pastiprin\u0101tiem sakaus\u0113jumiem.<\/li>\n<li><strong>Ieguvums<\/strong>Iztur\u012bgais korpuss aizsarg\u0101 iek\u0161\u0113jos zobratus no \u0101r\u0113jiem triecieniem un skarbiem lauksaimniec\u012bbas apst\u0101k\u013ciem, nodro\u0161inot ilgtermi\u0146a iztur\u012bbu un uzticam\u012bbu.<\/li>\n<\/ul>\n<h4><strong>Efekt\u012bva e\u013c\u013co\u0161anas sist\u0113ma<\/strong><\/h4>\n<ul>\n<li><strong>Funkcija<\/strong>FMP-FK150 ir apr\u012bkots ar efekt\u012bvu e\u013c\u013co\u0161anas sist\u0113mu, kas nodro\u0161ina vienm\u0113r\u012bgu sm\u0113rvielas sadal\u012bjumu vis\u0101s kust\u012bgaj\u0101s deta\u013c\u0101s. \u0160\u012b sist\u0113ma pal\u012bdz uztur\u0113t optim\u0101lu darba temperat\u016bru un samazina berzi.<\/li>\n<li><strong>Ieguvums<\/strong>Uzlabot\u0101 e\u013c\u013co\u0161anas sist\u0113ma samazina zobratu nodilumu, pazemina p\u0101rkar\u0161anas risku un pagarina p\u0101rnesumk\u0101rbas kalpo\u0161anas laiku pat ilgsto\u0161as \u200b\u200bdarb\u012bbas laik\u0101.<\/li>\n<\/ul>\n<p>Kvadr\u0101tveida preses p\u0101rnesumk\u0101rba FMP-FK150 ir izstr\u0101d\u0101ta ar uzlabot\u0101m funkcij\u0101m, kas nodro\u0161ina augstu efektivit\u0101ti, iztur\u012bbu un lieto\u0161anas \u0113rtumu sare\u017e\u0123\u012btos lauksaimniec\u012bbas apst\u0101k\u013cos. T\u0101s augst\u0101 griezes momenta jauda, \u200b\u200bprec\u012bz\u0101 in\u017eenierija un iztur\u012bgais korpuss padara to par uzticamu izv\u0113li vienm\u0113r\u012bgu, augstas kvalit\u0101tes kvadr\u0101tveida \u0137\u012bpu veido\u0161anai. Daudzpus\u012bgais, kompaktais dizains nodro\u0161ina sader\u012bbu ar pla\u0161u presu un lauksaimniec\u012bbas tehnikas kl\u0101stu, savuk\u0101rt uzticam\u012bba un zemas apkopes pras\u012bbas pal\u012bdz samazin\u0101t ekspluat\u0101cijas izmaksas un palielin\u0101t produktivit\u0101ti. Neatkar\u012bgi no t\u0101, vai to izmanto siena, salmu, sk\u0101bbar\u012bbas vai citos pielietojumos, FMP-FK150 p\u0101rnesumk\u0101rba ir b\u016btiska m\u016bsdienu lauksaimniec\u012bbas darb\u012bbu sast\u0101vda\u013ca.<\/p>\n<p><img loading=\"lazy\" decoding=\"async\" class=\"alignnone size-full wp-image-2588\" src=\"https:\/\/fmp-components.com\/wp-content\/uploads\/2025\/01\/FMP-FK215-Square-Baler-Gearbox-Applications-980x4831-1.webp\" alt=\"FMP-FK215-Kvadr\u0101t\u0137\u012bpu preses-reduktora-lieto\u0161anas-pieteikumi-980x483(1)\" width=\"980\" height=\"483\" title=\"\" srcset=\"https:\/\/fmp-components.com\/wp-content\/uploads\/2025\/01\/FMP-FK215-Square-Baler-Gearbox-Applications-980x4831-1.webp 980w, https:\/\/fmp-components.com\/wp-content\/uploads\/2025\/01\/FMP-FK215-Square-Baler-Gearbox-Applications-980x4831-1-480x237.webp 480w\" sizes=\"(min-width: 0px) and (max-width: 480px) 480px, (min-width: 481px) 980px, 100vw\" \/><\/p>\n<h3>Kvadr\u0101tveida preses reduktora FMP-FK150 pielietojuma zonas<\/h3>\n<p>Kvadr\u0101tveida preses p\u0101rnesumk\u0101rba FMP-FK150 ir \u012bpa\u0161i izstr\u0101d\u0101ta izmanto\u0161anai da\u017e\u0101dos lauksaimniec\u012bbas darbos, jo \u012bpa\u0161i pres\u0113\u0161anas sist\u0113m\u0101s. T\u0101s iztur\u012bg\u0101 un augstas veiktsp\u0113jas konstrukcija padara to piem\u0113rotu pla\u0161am lauksaimniec\u012bbas tehnikas un darb\u012bbu kl\u0101stam. T\u0101l\u0101k ir nor\u0101d\u012btas galven\u0101s pielietojuma jomas, kur\u0101s FMP-FK150 p\u0101rnesumk\u0101rba izce\u013cas:<\/p>\n<h4><strong>Siena pres\u0113\u0161ana<\/strong><\/h4>\n<ul>\n<li><strong>Pieteikums<\/strong>FMP-FK150 p\u0101rnesumk\u0101rba tiek pla\u0161i izmantota siena pres\u0113s, lai veidotu kvadr\u0101tveida \u017e\u0101v\u0113tas z\u0101les vai siena \u0137\u012bpas, kas ir kritiski svar\u012bga lopbar\u012bbas ra\u017eo\u0161anas sast\u0101vda\u013ca.<\/li>\n<li><strong>Ieguvums<\/strong>P\u0101rnesumk\u0101rba nodro\u0161ina efekt\u012bvu jaudas p\u0101rnesi uz pres\u0113\u0161anas meh\u0101nismiem, k\u0101 rezult\u0101t\u0101 tiek ieg\u016btas labi veidotas, cie\u0161i iepakotas kvadr\u0101tveida siena \u0137\u012bpas, kuras ir viegli uzglab\u0101t un transport\u0113t.<\/li>\n<\/ul>\n<h4><strong>Salmu pres\u0113\u0161ana<\/strong><\/h4>\n<ul>\n<li><strong>Pieteikums<\/strong>Salmi, kas ir t\u0101du kult\u016braugu k\u0101 kvie\u0161u, mie\u017eu un auzu blakusprodukts, bie\u017ei tiek pres\u0113ti \u0137\u012bp\u0101s, lai tos izmantotu k\u0101 pakai\u0161u materi\u0101lu dz\u012bvniekiem vai kompost\u0113\u0161anai un bioener\u0123ijas ra\u017eo\u0161anai. FMP-FK150 p\u0101rnesumk\u0101rba ir ide\u0101li piem\u0113rota \u0161im nol\u016bkam.<\/li>\n<li><strong>Ieguvums<\/strong>T\u0101 augst\u0101 griezes momenta jauda un uzticam\u0101 veiktsp\u0113ja nodro\u0161ina, ka prese efekt\u012bvi darbojas pat ar bl\u012bviem vai cietiem salmiem, veidojot sp\u0113c\u012bgus, vienm\u0113r\u012bgus \u0137\u012bpas.<\/li>\n<\/ul>\n<h4><strong>Sk\u0101bbar\u012bbas pres\u0113\u0161ana<\/strong><\/h4>\n<ul>\n<li><strong>Pieteikums<\/strong>Sk\u0101bbar\u012bbas ra\u017eo\u0161an\u0101 t\u0101das kult\u016bras k\u0101 z\u0101le, kukur\u016bza vai p\u0101k\u0161augi tiek pres\u0113tas uzglab\u0101\u0161anai anaerob\u0101 vid\u0113, lai saglab\u0101tu to uzturv\u0113rt\u012bbu. FMP-FK150 p\u0101rnesumk\u0101rbu var izmantot sk\u0101bbar\u012bbas pres\u0113s, lai veidotu kompaktas, nosl\u0113gtas kvadr\u0101tveida \u0137\u012bpas.<\/li>\n<li><strong>Ieguvums<\/strong>P\u0101rnesumk\u0101rba nodro\u0161ina nepiecie\u0161amo griezes momentu mitras, smagas sk\u0101bbar\u012bbas saspie\u0161anai, garant\u0113jot augsta bl\u012bvuma ru\u013c\u013cus, kurus ir viegli uzglab\u0101t un konserv\u0113t.<\/li>\n<\/ul>\n<h4><strong>Ra\u017eas atlikumu pres\u0113\u0161ana<\/strong><\/h4>\n<ul>\n<li><strong>Pieteikums<\/strong>P\u0113c ra\u017eas nov\u0101k\u0161anas kult\u016braugu atliekas, piem\u0113ram, kukur\u016bzas k\u0101ti, kokvilnas k\u0101ti un citi augu materi\u0101li, bie\u017ei tiek pres\u0113tas, lai izmantotu bioener\u0123ijas ra\u017eo\u0161an\u0101 vai k\u0101 izejvielu da\u017e\u0101diem lauksaimniec\u012bbas procesiem.<\/li>\n<li><strong>Ieguvums<\/strong>P\u0101rnesumk\u0101rba tiek gal\u0101 ar augstaj\u0101m pras\u012bb\u0101m, kas saist\u012btas ar cietu, \u0161\u0137iedrainu kult\u016braugu atlieku pres\u0113\u0161anu, nodro\u0161inot, ka ru\u013c\u013ci ir cie\u0161i saspiesti un piem\u0113roti t\u0101l\u0101kai apstr\u0101dei vai izmanto\u0161anai.<\/li>\n<\/ul>\n<p>Kvadr\u0101tveida preses p\u0101rnesumk\u0101rba FMP-FK150 ir ide\u0101li piem\u0113rota pla\u0161am lauksaimniec\u012bbas pielietojumu kl\u0101stam, kur nepiecie\u0161amas augsta bl\u012bvuma kvadr\u0101tveida \u0137\u012bpas. Neatkar\u012bgi no t\u0101, vai tas ir siens, salmi, sk\u0101bbar\u012bba vai kult\u016braugu atliekas, p\u0101rnesumk\u0101rba nodro\u0161ina uzticamu un efekt\u012bvu veiktsp\u0113ju, maksim\u0101li palielinot pres\u0113\u0161anas tehnikas darb\u012bbas efektivit\u0101ti. T\u0101s daudzpus\u012bba, augst\u0101 griezes momenta jauda un iztur\u012bba padara to par v\u0113rt\u012bgu sast\u0101vda\u013cu lauksaimniec\u012bbas darb\u012bb\u0101s gan maz\u0101s \u0123imenes saimniec\u012bb\u0101s, gan lielos komerci\u0101los uz\u0146\u0113mumos.<\/p>\n<table style=\"border-collapse: collapse; width: 99.3125%; height: 24px;\" border=\"0\" width=\"128\" cellspacing=\"0\" cellpadding=\"0\">\n<tbody>\n<tr style=\"height: 13.8pt;\">\n<td style=\"height: 13.8pt; width: 48pt;\" align=\"right\" width=\"64\" height=\"18\"><img loading=\"lazy\" decoding=\"async\" class=\"alignnone size-full wp-image-2615\" src=\"https:\/\/fmp-components.com\/wp-content\/uploads\/2025\/01\/Square-Baler-Gearbox-EP-FK150-Application-Area-1-1024x6861-1.webp\" alt=\"Kvadr\u0101tveida-Preses-Reduktors-EP-FK150-Pielietojuma-Area-1-1024x686(1)\" width=\"1024\" height=\"686\" title=\"\" srcset=\"https:\/\/fmp-components.com\/wp-content\/uploads\/2025\/01\/Square-Baler-Gearbox-EP-FK150-Application-Area-1-1024x6861-1.webp 1024w, https:\/\/fmp-components.com\/wp-content\/uploads\/2025\/01\/Square-Baler-Gearbox-EP-FK150-Application-Area-1-1024x6861-1-980x657.webp 980w, https:\/\/fmp-components.com\/wp-content\/uploads\/2025\/01\/Square-Baler-Gearbox-EP-FK150-Application-Area-1-1024x6861-1-480x322.webp 480w\" sizes=\"(min-width: 0px) and (max-width: 480px) 480px, (min-width: 481px) and (max-width: 980px) 980px, (min-width: 981px) 1024px, 100vw\" \/><\/td>\n<td style=\"width: 48pt;\" align=\"right\" width=\"64\"><img loading=\"lazy\" decoding=\"async\" class=\"alignnone size-full wp-image-2614\" src=\"https:\/\/fmp-components.com\/wp-content\/uploads\/2025\/01\/Square-Baler-Gearbox-EP-FK150-Application-Area-2-1024x6861-1.webp\" alt=\"Kvadr\u0101tveida-Preses-Reduktors-EP-FK150-Pielietojuma-Zona-2-1024x686(1)\" width=\"1024\" height=\"686\" title=\"\" srcset=\"https:\/\/fmp-components.com\/wp-content\/uploads\/2025\/01\/Square-Baler-Gearbox-EP-FK150-Application-Area-2-1024x6861-1.webp 1024w, https:\/\/fmp-components.com\/wp-content\/uploads\/2025\/01\/Square-Baler-Gearbox-EP-FK150-Application-Area-2-1024x6861-1-980x657.webp 980w, https:\/\/fmp-components.com\/wp-content\/uploads\/2025\/01\/Square-Baler-Gearbox-EP-FK150-Application-Area-2-1024x6861-1-480x322.webp 480w\" sizes=\"(min-width: 0px) and (max-width: 480px) 480px, (min-width: 481px) and (max-width: 980px) 980px, (min-width: 981px) 1024px, 100vw\" \/><\/td>\n<\/tr>\n<\/tbody>\n<\/table>\n<h3>Par FMP<\/h3>\n<p>FMP galven\u0101 m\u012btne atrodas It\u0101lij\u0101, un tas ir vado\u0161ais ra\u017eot\u0101js, kas paz\u012bstams ar savu pieredzi augstas veiktsp\u0113jas p\u0101rnesumk\u0101rbu projekt\u0113\u0161an\u0101, izstr\u0101d\u0113 un ra\u017eo\u0161an\u0101, \u012bpa\u0161i koncentr\u0113joties uz lauksaimniec\u012bbas tehnikas sektoru. Ar prec\u012bzas in\u017eenierijas, inovat\u012bvu risin\u0101jumu un nelok\u0101mas uzticam\u012bbas reput\u0101ciju FMP ir k\u013cuvis par uzticamu partneri, kas risina gan lauksaimniec\u012bbas, gan r\u016bpniec\u012bbas sektora main\u012bg\u0101s vajadz\u012bbas. M\u016bsu daudzveid\u012bgais produktu kl\u0101sts ietver specializ\u0113tas p\u0101rnesumk\u0101rbas z\u0101les p\u013c\u0101v\u0113jiem, j\u016bgv\u0101rpstas un citas svar\u012bgas sast\u0101vda\u013cas, kas visas ir r\u016bp\u012bgi izstr\u0101d\u0101tas, lai nodro\u0161in\u0101tu piel\u0101gotus risin\u0101jumus pla\u0161am pielietojumu kl\u0101stam.<\/p>\n<p>Uz\u0146\u0113mum\u0101 FMP m\u0113s saprotam, ka katram klientam ir unik\u0101las pras\u012bbas un izaicin\u0101jumi. T\u0101p\u0113c m\u0113s specializ\u0113jamies piel\u0101gotu risin\u0101jumu pied\u0101v\u0101\u0161an\u0101, neatkar\u012bgi no t\u0101, vai tie attiecas uz atsevi\u0161\u0137\u0101m komponent\u0113m vai piln\u012bb\u0101 integr\u0113t\u0101m sist\u0113m\u0101m. M\u0113s cie\u0161i sadarbojamies ar saviem klientiem, lai nodro\u0161in\u0101tu, ka katrs risin\u0101jums ir ne tikai efekt\u012bvs, bet ar\u012b lietder\u012bgs, optimiz\u0113jot gan veiktsp\u0113ju, gan v\u0113rt\u012bbu. M\u016bsu ap\u0146em\u0161an\u0101s sniegt \u0101tras un profesion\u0101las atbildes apvienojum\u0101 ar ekspertu nor\u0101d\u012bjumiem nodro\u0161ina, ka katrs piepras\u012bjums tiek apstr\u0101d\u0101ts ar visliel\u0101ko r\u016bp\u012bbu un precizit\u0101ti, t\u0101d\u0113j\u0101di sasniedzot vislab\u0101kos iesp\u0113jamos rezult\u0101tus.<\/p>\n<p>M\u0113s priorit\u0101ri izvirz\u0101m atv\u0113rtu un nep\u0101rtrauktu komunik\u0101ciju vis\u0101 produktu izstr\u0101des proces\u0101. M\u016bsu \u012bpa\u0161i izveidot\u0101 komanda str\u0101d\u0101 tie\u0161i ar klientiem, lai piln\u012bb\u0101 izprastu vi\u0146u \u012bpa\u0161\u0101s vajadz\u012bbas, pied\u0101v\u0101jot v\u0113rt\u012bgas atzi\u0146as un ieteikumus, lai nodro\u0161in\u0101tu optim\u0101lus risin\u0101jumus. Neatkar\u012bgi no t\u0101, vai izstr\u0101d\u0101jam inovat\u012bvus produktus vai izpild\u0101m past\u0101v\u012bgus pas\u016bt\u012bjumus, FMP ir ap\u0146\u0113musies vienm\u0113r savlaic\u012bgi pieg\u0101d\u0101t augstas kvalit\u0101tes, prec\u012bzi izstr\u0101d\u0101tus risin\u0101jumus. M\u016bsu m\u0113r\u0137is ir nodro\u0161in\u0101t klientiem vislab\u0101ko apkalpo\u0161anu un rezult\u0101tus, p\u0101rsniedzot cer\u012bbas katr\u0101 projekt\u0101.<\/p>\n<p>Kvalit\u0101te ir FMP darb\u012bbas st\u016brakmens. M\u0113s iev\u0113rojam augst\u0101kos ra\u017eo\u0161anas standartus, ievie\u0161ot stingrus kvalit\u0101tes kontroles pas\u0101kumus, lai nodro\u0161in\u0101tu, ka katrs produkts ne tikai atbilst, bet ar\u012b p\u0101rsniedz nozares standartus. \u0160\u012b nelok\u0101m\u0101 ap\u0146em\u0161an\u0101s nodro\u0161in\u0101t kvalit\u0101ti apvienojum\u0101 ar m\u016bsu pamatv\u0113rt\u012bb\u0101m \u2013 integrit\u0101ti, komandas darbu un neatlaid\u012bbu \u2013 ir \u013c\u0101vusi mums veidot ilgsto\u0161as, uz uztic\u012bbu balst\u012btas attiec\u012bbas ar klientiem gandr\u012bz 30 valst\u012bs vis\u0101 pasaul\u0113.<\/p>\n<p>FMP vienm\u0113r ir atv\u0113rts glob\u0101lu partner\u012bbu veido\u0161anai un joproj\u0101m ir ap\u0146\u0113mies pied\u0101v\u0101t ekspertu padomus un piel\u0101gotus risin\u0101jumus, kas atbilst m\u016bsu klientu da\u017e\u0101daj\u0101m vajadz\u012bb\u0101m. M\u0113s nepied\u0101v\u0101jam tikai produktus; m\u016bsu m\u0113r\u0137is ir veidot ilgsto\u0161as \u200b\u200battiec\u012bbas, kas veicina katra projekta pan\u0101kumus. Neatkar\u012bgi no t\u0101, vai jums ir nepiecie\u0161ami inovat\u012bvi risin\u0101jumi jaunai iniciat\u012bvai vai past\u0101v\u012bgs atbalsts eso\u0161ai sist\u0113mai, FMP ir \u0161eit, lai risin\u0101tu j\u016bsu tehnisk\u0101s probl\u0113mas un nodro\u0161in\u0101tu j\u016bsu turpm\u0101kos pan\u0101kumus.<\/p>\n<p><img loading=\"lazy\" decoding=\"async\" class=\"alignnone size-full wp-image-1861\" src=\"https:\/\/fmp-components.com\/wp-content\/uploads\/2024\/12\/Other-Agricultural-Gearboxes.webp\" sizes=\"(min-width: 0px) and (max-width: 480px) 480px, (min-width: 481px) and (max-width: 980px) 980px, (min-width: 981px) 1200px, 100vw\" srcset=\"https:\/\/fmp-components.com\/wp-content\/uploads\/2024\/12\/Other-Agricultural-Gearboxes.webp 1200w, https:\/\/fmp-components.com\/wp-content\/uploads\/2024\/12\/Other-Agricultural-Gearboxes-980x1143.webp 980w, https:\/\/fmp-components.com\/wp-content\/uploads\/2024\/12\/Other-Agricultural-Gearboxes-480x560.webp 480w\" alt=\"Altri-cambi-agricoli\" width=\"1200\" height=\"1400\" title=\"\"><\/p>\n<p>Autors: CX<\/p>","protected":false},"excerpt":{"rendered":"<p>Square Baler Gearbox FMP-FK150 Dimensions Square Baler Gearbox FMP-FK150 Shaft Dimensions Square Baler Gearbox FMP-FK150 Technical Data i Suitable Rpm input Rpm output KW(Nom) KW(Max) Toothing r\/min r\/min hp hp Speed increase 1:2.07 Square Baler, etc 540 1117.8 120 550 Gleason Straight Teeth Remark: If you have any special require feel free let me know, [&hellip;]<\/p>","protected":false},"featured_media":2613,"comment_status":"open","ping_status":"closed","template":"","meta":{"_et_pb_use_builder":"","_et_pb_old_content":"","_et_gb_content_width":""},"product_brand":[],"product_cat":[62],"product_tag":[],"class_list":{"0":"post-2610","1":"product","2":"type-product","3":"status-publish","4":"has-post-thumbnail","6":"product_cat-square-baler-gearbox","8":"first","9":"instock","10":"shipping-taxable","11":"product-type-simple"},"_links":{"self":[{"href":"https:\/\/fmp-components.com\/lv\/wp-json\/wp\/v2\/product\/2610","targetHints":{"allow":["GET"]}}],"collection":[{"href":"https:\/\/fmp-components.com\/lv\/wp-json\/wp\/v2\/product"}],"about":[{"href":"https:\/\/fmp-components.com\/lv\/wp-json\/wp\/v2\/types\/product"}],"replies":[{"embeddable":true,"href":"https:\/\/fmp-components.com\/lv\/wp-json\/wp\/v2\/comments?post=2610"}],"wp:featuredmedia":[{"embeddable":true,"href":"https:\/\/fmp-components.com\/lv\/wp-json\/wp\/v2\/media\/2613"}],"wp:attachment":[{"href":"https:\/\/fmp-components.com\/lv\/wp-json\/wp\/v2\/media?parent=2610"}],"wp:term":[{"taxonomy":"product_brand","embeddable":true,"href":"https:\/\/fmp-components.com\/lv\/wp-json\/wp\/v2\/product_brand?post=2610"},{"taxonomy":"product_cat","embeddable":true,"href":"https:\/\/fmp-components.com\/lv\/wp-json\/wp\/v2\/product_cat?post=2610"},{"taxonomy":"product_tag","embeddable":true,"href":"https:\/\/fmp-components.com\/lv\/wp-json\/wp\/v2\/product_tag?post=2610"}],"curies":[{"name":"wp","href":"https:\/\/api.w.org\/{rel}","templated":true}]}}