{"id":2604,"date":"2025-01-03T02:27:59","date_gmt":"2025-01-03T02:27:59","guid":{"rendered":"https:\/\/fmp-components.com\/?page_id=8"},"modified":"2025-01-03T02:27:59","modified_gmt":"2025-01-03T02:27:59","slug":"square-baler-gearbox-fmp-fk136","status":"publish","type":"product","link":"https:\/\/fmp-components.com\/lv\/product\/square-baler-gearbox-fmp-fk136\/","title":{"rendered":"Kvadr\u0101tveida preses p\u0101rnesumk\u0101rba FMP-FK136"},"content":{"rendered":"<p><img loading=\"lazy\" decoding=\"async\" class=\"size-full wp-image-2609 aligncenter\" src=\"https:\/\/fmp-components.com\/wp-content\/uploads\/2025\/01\/Square-Baler-Gearbox-FMP-FK136.webp\" alt=\"Kvadr\u0101tveida preses p\u0101rnesumk\u0101rba FMP-FK136\" width=\"600\" height=\"600\" title=\"\" srcset=\"https:\/\/fmp-components.com\/wp-content\/uploads\/2025\/01\/Square-Baler-Gearbox-FMP-FK136.webp 600w, https:\/\/fmp-components.com\/wp-content\/uploads\/2025\/01\/Square-Baler-Gearbox-FMP-FK136-480x480.webp 480w\" sizes=\"(min-width: 0px) and (max-width: 480px) 480px, (min-width: 481px) 600px, 100vw\" \/><\/p>\n<h2>Kvadr\u0101tveida preses p\u0101rnesumk\u0101rbas FMP-FK136 izm\u0113ri<\/h2>\n<p><img loading=\"lazy\" decoding=\"async\" class=\"alignnone size-full wp-image-2605\" src=\"https:\/\/fmp-components.com\/wp-content\/uploads\/2025\/01\/Square-Baler-Gearbox-FMP-FK136-Dimensions.webp\" alt=\"Kvadr\u0101tveida-Preses-Reduktora-FMP-FK136-Izm\u0113ri\" width=\"1374\" height=\"821\" title=\"\" srcset=\"https:\/\/fmp-components.com\/wp-content\/uploads\/2025\/01\/Square-Baler-Gearbox-FMP-FK136-Dimensions.webp 1374w, https:\/\/fmp-components.com\/wp-content\/uploads\/2025\/01\/Square-Baler-Gearbox-FMP-FK136-Dimensions-1280x765.webp 1280w, https:\/\/fmp-components.com\/wp-content\/uploads\/2025\/01\/Square-Baler-Gearbox-FMP-FK136-Dimensions-980x586.webp 980w, https:\/\/fmp-components.com\/wp-content\/uploads\/2025\/01\/Square-Baler-Gearbox-FMP-FK136-Dimensions-480x287.webp 480w\" sizes=\"(min-width: 0px) and (max-width: 480px) 480px, (min-width: 481px) and (max-width: 980px) 980px, (min-width: 981px) and (max-width: 1280px) 1280px, (min-width: 1281px) 1374px, 100vw\" \/><\/p>\n<h2>Kvadr\u0101tveida preses reduktora FMP-FK136 v\u0101rpstas izm\u0113ri<\/h2>\n<p><img loading=\"lazy\" decoding=\"async\" class=\"alignnone size-full wp-image-2606\" src=\"https:\/\/fmp-components.com\/wp-content\/uploads\/2025\/01\/Square-Baler-Gearbox-FMP-FK136-Shaft-Dimensions.webp\" alt=\"Kvadr\u0101tveida-Preses-Reduktora-FMP-FK136-V\u0101rpstas-Izm\u0113ri\" width=\"1366\" height=\"418\" title=\"\" srcset=\"https:\/\/fmp-components.com\/wp-content\/uploads\/2025\/01\/Square-Baler-Gearbox-FMP-FK136-Shaft-Dimensions.webp 1366w, https:\/\/fmp-components.com\/wp-content\/uploads\/2025\/01\/Square-Baler-Gearbox-FMP-FK136-Shaft-Dimensions-1280x392.webp 1280w, https:\/\/fmp-components.com\/wp-content\/uploads\/2025\/01\/Square-Baler-Gearbox-FMP-FK136-Shaft-Dimensions-980x300.webp 980w, https:\/\/fmp-components.com\/wp-content\/uploads\/2025\/01\/Square-Baler-Gearbox-FMP-FK136-Shaft-Dimensions-480x147.webp 480w\" sizes=\"(min-width: 0px) and (max-width: 480px) 480px, (min-width: 481px) and (max-width: 980px) 980px, (min-width: 981px) and (max-width: 1280px) 1280px, (min-width: 1281px) 1366px, 100vw\" \/><\/p>\n<h2>Kvadr\u0101tveida preses p\u0101rnesumk\u0101rbas FMP-FK270 tehniskie dati<\/h2>\n<table style=\"width: 99.3987%; height: 186px;\" border=\"1\" cellspacing=\"0\" cellpadding=\"0\">\n<tbody>\n<tr>\n<td colspan=\"2\" rowspan=\"2\">es<\/td>\n<td rowspan=\"2\">Piem\u0113rots<\/td>\n<td>Apgriezienu skaita ievade<\/td>\n<td>Apgriezienu skaita izeja<\/td>\n<td>kW (nomin\u0101l\u0101)<\/td>\n<td>kW (maks.)<\/td>\n<td rowspan=\"2\">Zobu veido\u0161an\u0101s<\/td>\n<\/tr>\n<tr>\n<td>apgr.\/min<\/td>\n<td>apgr.\/min<\/td>\n<td>ZS<\/td>\n<td>ZS<\/td>\n<\/tr>\n<tr>\n<td>\u0100truma palielin\u0101\u0161ana<\/td>\n<td>1:2.28<\/td>\n<td>Kvadr\u0101tveida prese utt.<\/td>\n<td>540<\/td>\n<td>1231.2<\/td>\n<td>140<\/td>\n<td>500<\/td>\n<td>Gl\u012bsona taisne<br \/>\nZobi<\/td>\n<\/tr>\n<tr>\n<td colspan=\"8\">Piez\u012bme: Ja jums ir k\u0101das \u012bpa\u0161as pras\u012bbas, nekautr\u0113jieties man pazi\u0146ot, m\u0113s pie\u0146emam ar\u012b pas\u016bt\u012bjumu.<\/td>\n<\/tr>\n<\/tbody>\n<\/table>\n<h2>Kvadr\u0101tveida preses p\u0101rnesumk\u0101rba FMP-FK136 Konstrukcijas komponenti<\/h2>\n<div class=\"flex max-w-full flex-col flex-grow\">\n<div class=\"min-h-8 text-message flex w-full flex-col items-end gap-2 whitespace-normal break-words text-start [.text-message+&amp;]:mt-5\" dir=\"auto\" data-message-author-role=\"assistant\" data-message-id=\"487f2f15-9842-4252-8a89-0028add5a077\" data-message-model-slug=\"gpt-4o\">\n<div class=\"flex w-full flex-col gap-1 empty:hidden first:pt-[3px]\">\n<div class=\"markdown prose w-full break-words dark:prose-invert light\">\n<p>Kvadr\u0101t\u0137\u012bpu preses p\u0101rnesumk\u0101rba FMP-FK136 ir iztur\u012bga un prec\u012bzi konstru\u0113ta p\u0101rnesumk\u0101rba, kas paredz\u0113ta, lai tiktu gal\u0101 ar kvadr\u0101tveida pres\u0113\u0161anas tehnikas augsta griezes momenta pras\u012bb\u0101m. T\u0101s konstrukcijas elementi ir izstr\u0101d\u0101ti, lai nodro\u0161in\u0101tu efekt\u012bvu jaudas p\u0101rvadi, iztur\u012bbu un vienm\u0113r\u012bgu darb\u012bbu pat skarbos lauksaimniec\u012bbas apst\u0101k\u013cos. T\u0101l\u0101k ir nor\u0101d\u012btas FMP-FK136 kvadr\u0101tveida preses p\u0101rnesumk\u0101rbas galven\u0101s konstrukcijas sast\u0101vda\u013cas:<\/p>\n<h4>1. <strong>Ievades v\u0101rpsta<\/strong><\/h4>\n<ul>\n<li><strong>Funkcija<\/strong>Ieejas v\u0101rpsta ir deta\u013ca, kas savieno p\u0101rnesumk\u0101rbu ar traktora j\u016bgv\u0101rpstas (j\u016bgv\u0101rpstas) sist\u0113mu. T\u0101 p\u0101rnes rot\u0101cijas jaudu no traktora uz p\u0101rnesumk\u0101rbu.<\/li>\n<li><strong>Materi\u0101ls<\/strong>Parasti no augstas stipr\u012bbas t\u0113rauda izgatavot\u0101 ieejas v\u0101rpsta ir konstru\u0113ta t\u0101, lai iztur\u0113tu no traktora p\u0101rvad\u012bto griezes momentu.<\/li>\n<\/ul>\n<h4>2. <strong>Galvenais korpuss<\/strong><\/h4>\n<ul>\n<li><strong>Funkcija<\/strong>The <strong>galvenais korpuss<\/strong> ir \u0101r\u0113jais apvalks, kas aptver visus iek\u0161\u0113jos zobratus un p\u0101rnesumk\u0101rbas komponentus. Tas aizsarg\u0101 iek\u0161\u0113j\u0101s sast\u0101vda\u013cas no net\u012brumiem, gru\u017eiem un vides ietekmes, vienlaikus ar\u012b ietverot e\u013c\u013co\u0161anas sist\u0113mu.<\/li>\n<li><strong>Materi\u0101ls<\/strong>Korpuss ir izgatavots no iztur\u012bga, augstas stipr\u012bbas \u010duguna vai t\u0113rauda, \u200b\u200bun tas ir paredz\u0113ts triecieniem un nodilumam.<\/li>\n<\/ul>\n<h4>3. <strong>Plan\u0113tu p\u0101rnesumu komplekts<\/strong><\/h4>\n<ul>\n<li><strong>Funkcija<\/strong>Plan\u0113tu zobratu komplekts ir galven\u0101 sast\u0101vda\u013ca daudz\u0101s p\u0101rnesumk\u0101rb\u0101s, tostarp FMP-FK136. Tas sast\u0101v no saules zobrata, plan\u0113tu zobratiem un gredzenveida zobrata, kas darbojas kop\u0101, lai nodro\u0161in\u0101tu nepiecie\u0161amo redukcijas koeficientu vienm\u0113r\u012bgai jaudas p\u0101rvadei.<\/li>\n<li><strong>Materi\u0101ls<\/strong>Zobrati parasti ir izgatavoti no r\u016bd\u012bta t\u0113rauda, \u200b\u200bprec\u012bzi apstr\u0101d\u0101ti un termiski apstr\u0101d\u0101ti, lai nodro\u0161in\u0101tu minim\u0101lu nodilumu un ilgsto\u0161u veiktsp\u0113ju.<\/li>\n<\/ul>\n<h4>4. <strong>Konusveida zobrati<\/strong><\/h4>\n<ul>\n<li><strong>Funkcija<\/strong>Koniskie zobrati tiek izmantoti, lai main\u012btu grie\u0161an\u0101s virzienu p\u0101rnesumk\u0101rb\u0101. \u0160ie zobrati ir \u012bpa\u0161i svar\u012bgi, ja ieejas v\u0101rpsta darbina p\u0101rnesumk\u0101rbu le\u0146\u0137\u012b, p\u0101rnesot jaudu uz da\u017e\u0101d\u0101m preses sast\u0101vda\u013c\u0101m.<\/li>\n<li><strong>Materi\u0101ls<\/strong>Koniskie zobrati ir izgatavoti no augstas stipr\u012bbas, termiski apstr\u0101d\u0101ta t\u0113rauda, \u200b\u200bnodro\u0161inot, ka tie var iztur\u0113t lielas slodzes un turpin\u0101t darboties vienm\u0113r\u012bgi.<\/li>\n<\/ul>\n<h4>5. <strong>Izejas v\u0101rpsta<\/strong><\/h4>\n<ul>\n<li><strong>Funkcija<\/strong>Izejas v\u0101rpsta ir vieta, kur jauda no p\u0101rnesumk\u0101rbas tiek p\u0101rnesta uz kvadr\u0101tveida preses darb\u012bbas komponentiem, piem\u0113ram, padeves sist\u0113mu, mezglo\u0161anas meh\u0101nismu un saspie\u0161anas kameru. Izejas v\u0101rpsta ir paredz\u0113ta, lai nodro\u0161in\u0101tu pareizu \u0101trumu un griezes momentu \u0161o komponentu efekt\u012bvai darb\u012bbai.<\/li>\n<li><strong>Materi\u0101ls<\/strong>T\u0101pat k\u0101 ieejas v\u0101rpsta, ar\u012b izejas v\u0101rpsta ir izgatavota no augstas stipr\u012bbas t\u0113rauda, \u200b\u200blai nodro\u0161in\u0101tu iztur\u012bbu un ilgm\u016b\u017e\u012bbu.<\/li>\n<\/ul>\n<p>Kvadr\u0101tveida preses p\u0101rnesumk\u0101rba FMP-FK136 sast\u0101v no vair\u0101k\u0101m prec\u012bzi konstru\u0113t\u0101m sast\u0101vda\u013c\u0101m, kas paredz\u0113tas neman\u0101mai sadarb\u012bbai, nodro\u0161inot uzticamu jaudas p\u0101rvadi un efekt\u012bvu darb\u012bbu lauksaimniec\u012bbas pres\u0113\u0161anas iek\u0101rt\u0101s. S\u0101kot ar augstas iztur\u012bbas ieejas un izejas v\u0101rpst\u0101m un beidzot ar plan\u0113tu zobratu komplektiem, gult\u0146iem un bl\u012bv\u0113m, katra sast\u0101vda\u013ca ir izstr\u0101d\u0101ta iztur\u012bbai un ilgtermi\u0146a veiktsp\u0113jai. Iztur\u012bg\u0101 konstrukcija un strat\u0113\u0123iskais sast\u0101vda\u013cu izvietojums nodro\u0161ina, ka p\u0101rnesumk\u0101rba sp\u0113j tikt gal\u0101 ar lielu griezes momentu un sare\u017e\u0123\u012btiem lauksaimniec\u012bbas apst\u0101k\u013ciem, padarot to par uzticamu m\u016bsdienu pres\u0113\u0161anas tehnikas sast\u0101vda\u013cu.<\/p>\n<p><img loading=\"lazy\" decoding=\"async\" class=\"alignnone size-full wp-image-2607\" src=\"https:\/\/fmp-components.com\/wp-content\/uploads\/2025\/01\/Square-Baler-Gearbox-EP-FK136-Structure-Components1.webp\" alt=\"Kvadr\u0101tveida-Preses-Reduktors-FMP-FK136-Konstrukcijas-Komplekti(1)\" width=\"1457\" height=\"906\" title=\"\" srcset=\"https:\/\/fmp-components.com\/wp-content\/uploads\/2025\/01\/Square-Baler-Gearbox-EP-FK136-Structure-Components1.webp 1457w, https:\/\/fmp-components.com\/wp-content\/uploads\/2025\/01\/Square-Baler-Gearbox-EP-FK136-Structure-Components1-1280x796.webp 1280w, https:\/\/fmp-components.com\/wp-content\/uploads\/2025\/01\/Square-Baler-Gearbox-EP-FK136-Structure-Components1-980x609.webp 980w, https:\/\/fmp-components.com\/wp-content\/uploads\/2025\/01\/Square-Baler-Gearbox-EP-FK136-Structure-Components1-480x298.webp 480w\" sizes=\"(min-width: 0px) and (max-width: 480px) 480px, (min-width: 481px) and (max-width: 980px) 980px, (min-width: 981px) and (max-width: 1280px) 1280px, (min-width: 1281px) 1457px, 100vw\" \/><\/p>\n<h2>Kvadr\u0101tveida preses p\u0101rnesumk\u0101rba FMP-FK136 Bie\u017ei sastopamie pielietojumi<\/h2>\n<p>Kvadr\u0101t\u0137\u012bpu preses p\u0101rnesumk\u0101rba FMP-FK136 ir \u012bpa\u0161i izstr\u0101d\u0101ta izmanto\u0161anai lauksaimniec\u012bbas tehnik\u0101, galvenok\u0101rt pres\u0113\u0161anas proces\u0101. T\u0101s iztur\u012bg\u0101 konstrukcija un efekt\u012bv\u0101 jaudas p\u0101rvade padara to piem\u0113rotu da\u017e\u0101diem pres\u0113\u0161anas darbiem, kuros nepiecie\u0161ams augsts griezes moments, iztur\u012bba un precizit\u0101te. T\u0101l\u0101k ir nor\u0101d\u012bti da\u017ei no FMP-FK136 kvadr\u0101t\u0137\u012bpu preses p\u0101rnesumk\u0101rbas izplat\u012bt\u0101kajiem pielietojumiem:<\/p>\n<p><strong>Siena pres\u0113\u0161ana<\/strong><\/p>\n<ul>\n<li>Lietojums: FMP-FK136 p\u0101rnesumk\u0101rba parasti tiek izmantota siena pres\u0113\u0161anas darbos, kur siens tiek sav\u0101kts, saspiests un sasiets taisnst\u016brveida \u0137\u012bp\u0101s uzglab\u0101\u0161anai un transport\u0113\u0161anai. P\u0101rnesumk\u0101rba efekt\u012bvi p\u0101rnes jaudu no traktora j\u016bgv\u0101rpstas (jaudas no\u0146em\u0161anas v\u0101rpstas) uz preses iek\u0161\u0113jiem meh\u0101nismiem.<\/li>\n<li>Priek\u0161roc\u012bbas: P\u0101rnesumk\u0101rba nodro\u0161ina vienm\u0113r\u012bgu ru\u013c\u013ca veido\u0161anos pat ar main\u012bgu siena mitruma saturu un bl\u012bvumu, vienlaikus saglab\u0101jot optim\u0101lu veiktsp\u0113ju ilg\u0101s darba stund\u0101s.<\/li>\n<\/ul>\n<p><strong>Salmu pres\u0113\u0161ana<\/strong><\/p>\n<ul>\n<li>Pielietojums: FMP-FK136 p\u0101rnesumk\u0101rba tiek pla\u0161i izmantota salmu pres\u0113\u0161an\u0101, \u012bpa\u0161i p\u0113c graudaugu, piem\u0113ram, kvie\u0161u vai mie\u017eu, nov\u0101k\u0161anas. T\u0101 pal\u012bdz sabl\u012bv\u0113t salmus kvadr\u0101tveida \u0137\u012bp\u0101s, atvieglojot to uzglab\u0101\u0161anu, transport\u0113\u0161anu un izmanto\u0161anu da\u017e\u0101diem m\u0113r\u0137iem, piem\u0113ram, pakai\u0161iem vai biomasas kurin\u0101majam.<\/li>\n<li>Priek\u0161roc\u012bbas: T\u0101 sp\u0113c\u012bg\u0101 un efekt\u012bv\u0101 jaudas p\u0101rvade nodro\u0161ina, ka pat bl\u012bvi un \u0161\u0137iedraini salmi tiek pareizi sapres\u0113ti, nov\u0113r\u0161ot aizs\u0113r\u0113\u0161anu un samazinot preses nodilumu.<\/li>\n<\/ul>\n<p><strong>Sk\u0101bbar\u012bbas pres\u0113\u0161ana<\/strong><\/p>\n<ul>\n<li>Lietojums: FMP-FK136 p\u0101rnesumk\u0101rba, ko izmanto sk\u0101bbar\u012bbas pres\u0113\u0161an\u0101, pal\u012bdz pres\u0113t mitras, za\u013cas lopbar\u012bbas kult\u016bras, piem\u0113ram, lucernu vai kukur\u016bzas sk\u0101bbar\u012bbu, ko ferment\u0113 un izmanto k\u0101 lopbar\u012bbu. \u0160iem materi\u0101liem nepiecie\u0161ama \u012bpa\u0161a apie\u0161an\u0101s to augst\u0101 mitruma satura d\u0113\u013c, un p\u0101rnesumk\u0101rba ir konstru\u0113ta t\u0101, lai \u0161\u0101dos apst\u0101k\u013cos darbotos dro\u0161i.<\/li>\n<li>Priek\u0161roc\u012bbas: P\u0101rnesumk\u0101rbas vienm\u0113r\u012bg\u0101 un efekt\u012bv\u0101 darb\u012bba nodro\u0161ina bl\u012bvus ru\u013c\u013cus pat mitros, sare\u017e\u0123\u012btos apst\u0101k\u013cos un pal\u012bdz saglab\u0101t sk\u0101bbar\u012bbas uzturv\u0113rt\u012bbu.<\/li>\n<\/ul>\n<p><strong>Lucernas \u0137\u012bpo\u0161ana<\/strong><\/p>\n<ul>\n<li>Pielietojums: Lucernas pres\u0113\u0161ana ir v\u0113l viens svar\u012bgs FMP-FK136 p\u0101rnesumk\u0101rbas pielietojums. Lucerna ir lopbar\u012bbas kult\u016bra ar augstu olbaltumvielu saturu, ko pres\u0113 lopbar\u012bbai. P\u0101rnesumk\u0101rba tiek izmantota, lai darbin\u0101tu pres\u0113\u0161anas procesu, nodro\u0161inot, ka kult\u016braugs tiek saspiests labi veidotos, bl\u012bvos \u0137\u012bp\u0101s.<\/li>\n<li>Priek\u0161roc\u012bbas: P\u0101rnesumk\u0101rba nodro\u0161ina vienm\u0113r\u012bgu rulona bl\u012bvumu un pareizu saspie\u0161anu, kas ir b\u016btiski lucernas siena kvalit\u0101tes un uzturv\u0113rt\u012bbas saglab\u0101\u0161anai.<\/li>\n<\/ul>\n<p><strong>Ra\u017eas atlikumu pres\u0113\u0161ana<\/strong><\/p>\n<ul>\n<li>Lietojums: FMP-FK136 p\u0101rnesumk\u0101rba tiek izmantota kult\u016braugu atlieku pres\u0113\u0161an\u0101, kur p\u0113c galven\u0101s kult\u016braugu nov\u0101k\u0161anas tiek pres\u0113ti t\u0101di p\u0101rpalikumi k\u0101 kukur\u016bzas k\u0101ti, kvie\u0161u salmi un citas augu da\u013cas. \u0160\u012bs atliekas var izmantot da\u017e\u0101diem m\u0113r\u0137iem, tostarp bioener\u0123ijas ra\u017eo\u0161anai, lopkop\u012bbas pakai\u0161iem un kompost\u0113\u0161anai.<\/li>\n<li>Priek\u0161roc\u012bbas: T\u0101 sp\u0113ja apstr\u0101d\u0101t da\u017e\u0101dus materi\u0101lus un past\u0101v\u012bgi ra\u017eot kompaktus \u0137\u012bpas padara to ide\u0101li piem\u0113rotu \u0161im pielietojumam, kas pal\u012bdz samazin\u0101t atkritumus uz lauka un uzlabot saimniec\u012bbas efektivit\u0101ti.<\/li>\n<\/ul>\n<p>Kvadr\u0101tveida preses p\u0101rnesumk\u0101rba FMP-FK136 ir galven\u0101 sast\u0101vda\u013ca da\u017e\u0101dos lauksaimniec\u012bbas pres\u0113\u0161anas darbos, \u012bpa\u0161i tur, kur ir svar\u012bgs augsts griezes moments un iztur\u012bba. T\u0101s sp\u0113ja darboties da\u017e\u0101dos apst\u0101k\u013cos \u2014 s\u0101kot no siena un salmu pres\u0113\u0161anas l\u012bdz biomasas un sk\u0101bbar\u012bbas pres\u0113\u0161anai \u2014 padara to par \u013coti daudzpus\u012bgu un uzticamu p\u0101rnesumk\u0101rbu m\u016bsdienu lauksaimniec\u012bbai un lauksaimniec\u012bbas darb\u012bb\u0101m. Neatkar\u012bgi no t\u0101, vai to izmanto maza vai liela m\u0113roga lauksaimniec\u012bb\u0101, FMP-FK136 p\u0101rnesumk\u0101rbai ir iz\u0161\u0137iro\u0161a noz\u012bme efekt\u012bvu un augstas kvalit\u0101tes \u0137\u012bpu nodro\u0161in\u0101\u0161an\u0101 da\u017e\u0101diem m\u0113r\u0137iem.<\/p>\n<p><img loading=\"lazy\" decoding=\"async\" class=\"alignnone size-full wp-image-2608\" src=\"https:\/\/fmp-components.com\/wp-content\/uploads\/2025\/01\/Square-Baler-Gearbox-EP-FK136-Common-Applications1.webp\" alt=\"Kvadr\u0101tveida-Preses-Reduktors-FMP-FK136-Bie\u017e\u0101kie-Pielietojumi(1)\" width=\"1024\" height=\"564\" title=\"\" srcset=\"https:\/\/fmp-components.com\/wp-content\/uploads\/2025\/01\/Square-Baler-Gearbox-EP-FK136-Common-Applications1.webp 1024w, https:\/\/fmp-components.com\/wp-content\/uploads\/2025\/01\/Square-Baler-Gearbox-EP-FK136-Common-Applications1-980x540.webp 980w, https:\/\/fmp-components.com\/wp-content\/uploads\/2025\/01\/Square-Baler-Gearbox-EP-FK136-Common-Applications1-480x264.webp 480w\" sizes=\"(min-width: 0px) and (max-width: 480px) 480px, (min-width: 481px) and (max-width: 980px) 980px, (min-width: 981px) 1024px, 100vw\" \/><\/p>\n<h2>Par FMP<\/h2>\n<p>FMP galven\u0101 m\u012btne atrodas It\u0101lij\u0101, un tas ir vado\u0161ais ra\u017eot\u0101js, kas paz\u012bstams ar savu pieredzi augstas veiktsp\u0113jas p\u0101rnesumk\u0101rbu projekt\u0113\u0161an\u0101, izstr\u0101d\u0113 un ra\u017eo\u0161an\u0101, \u012bpa\u0161u uzsvaru liekot uz lauksaimniec\u012bbas tehnikas sektoru. FMP, kas paz\u012bstams ar savu prec\u012bzo in\u017eenieriju, inovat\u012bvajiem risin\u0101jumiem un nelok\u0101mo uzticam\u012bbu, ir k\u013cuvis par uzticamu partneri, kas risina gan lauksaimniec\u012bbas, gan r\u016bpniec\u012bbas tirgu main\u012bg\u0101s vajadz\u012bbas. M\u016bsu visaptvero\u0161aj\u0101 produktu kl\u0101st\u0101 ietilpst specializ\u0113tas p\u0101rnesumk\u0101rbas z\u0101les p\u013c\u0101v\u0113jiem, j\u016bgv\u0101rpst\u0101m un cit\u0101m svar\u012bg\u0101m sast\u0101vda\u013c\u0101m, kas visas ir r\u016bp\u012bgi izstr\u0101d\u0101tas, lai nodro\u0161in\u0101tu piel\u0101gotus risin\u0101jumus pla\u0161am pielietojumu kl\u0101stam.<\/p>\n<p>Uz\u0146\u0113mum\u0101 FMP m\u0113s apzin\u0101mies, ka katrs klients saskaras ar unik\u0101liem izaicin\u0101jumiem. T\u0101p\u0113c m\u0113s specializ\u0113jamies piel\u0101gotu risin\u0101jumu nodro\u0161in\u0101\u0161an\u0101, neatkar\u012bgi no t\u0101, vai tie ir paredz\u0113ti atsevi\u0161\u0137\u0101m komponent\u0113m vai piln\u012bb\u0101 integr\u0113t\u0101m sist\u0113m\u0101m. M\u0113s cie\u0161i sadarbojamies ar saviem klientiem, lai nodro\u0161in\u0101tu, ka katrs risin\u0101jums ir ne tikai efekt\u012bvs, bet ar\u012b lietder\u012bgs, optimiz\u0113jot veiktsp\u0113ju un sniedzot maksim\u0101lu v\u0113rt\u012bbu. M\u016bsu ap\u0146em\u0161an\u0101s sniegt \u0101tras, profesion\u0101las atbildes apvienojum\u0101 ar ekspertu nor\u0101d\u012bjumiem nodro\u0161ina, ka katrs piepras\u012bjums tiek apstr\u0101d\u0101ts prec\u012bzi un r\u016bp\u012bgi, t\u0101d\u0113j\u0101di sasniedzot vislab\u0101kos iesp\u0113jamos rezult\u0101tus.<\/p>\n<p>M\u0113s priorit\u0101ri piev\u0113r\u0161am atv\u0113rtu un nep\u0101rtrauktu komunik\u0101ciju vis\u0101 produktu izstr\u0101des dz\u012bves cikl\u0101. M\u016bsu \u012bpa\u0161i izveidot\u0101 komanda str\u0101d\u0101 tie\u0161i ar klientiem, lai ieg\u016btu dzi\u013cu izpratni par vi\u0146u \u012bpa\u0161aj\u0101m pras\u012bb\u0101m, pied\u0101v\u0101jot v\u0113rt\u012bgas atzi\u0146as un ieteikumus, lai nodro\u0161in\u0101tu visefekt\u012bv\u0101kos risin\u0101jumus. Neatkar\u012bgi no t\u0101, vai izstr\u0101d\u0101jam jaunus produktus vai izpild\u0101m eso\u0161os pas\u016bt\u012bjumus, FMP ir ap\u0146\u0113musies vienm\u0113r savlaic\u012bgi pieg\u0101d\u0101t augstas kvalit\u0101tes, prec\u012bzi izstr\u0101d\u0101tus risin\u0101jumus. M\u016bsu m\u0113r\u0137is ir past\u0101v\u012bgi p\u0101rsniegt cer\u012bbas un nodro\u0161in\u0101t klientiem vislab\u0101ko apkalpo\u0161anu un rezult\u0101tus katr\u0101 projekt\u0101.<\/p>\n<p>Kvalit\u0101te ir FMP darb\u012bbas st\u016brakmens. M\u0113s iev\u0113rojam augst\u0101kos ra\u017eo\u0161anas standartus, ievie\u0161ot stingrus kvalit\u0101tes kontroles procesus, lai nodro\u0161in\u0101tu, ka katrs produkts ne tikai atbilst, bet ar\u012b p\u0101rsniedz nozares pras\u012bbas. \u0160\u012b nelok\u0101m\u0101 ap\u0146em\u0161an\u0101s nodro\u0161in\u0101t kvalit\u0101ti apvienojum\u0101 ar m\u016bsu pamatv\u0113rt\u012bb\u0101m \u2013 integrit\u0101ti, komandas darbu un neatlaid\u012bbu \u2013 ir \u013c\u0101vusi mums veidot ilgtermi\u0146a, uz uztic\u012bbu balst\u012btas attiec\u012bbas ar klientiem vair\u0101k nek\u0101 30 valst\u012bs vis\u0101 pasaul\u0113.<\/p>\n<p>FMP vienm\u0113r v\u0113las veicin\u0101t glob\u0101las partner\u012bbas un joproj\u0101m ir ap\u0146\u0113mies pied\u0101v\u0101t ekspertu padomus un piel\u0101gotus risin\u0101jumus, kas atbilst m\u016bsu klientu da\u017e\u0101daj\u0101m vajadz\u012bb\u0101m. M\u0113s nodro\u0161in\u0101m vair\u0101k nek\u0101 tikai produktus; m\u016bsu m\u0113r\u0137is ir veidot ilgsto\u0161as \u200b\u200battiec\u012bbas, kas veicina katra projekta pan\u0101kumus. Neatkar\u012bgi no t\u0101, vai mekl\u0113jat inovat\u012bvus risin\u0101jumus jaunai iniciat\u012bvai vai past\u0101v\u012bgu atbalstu eso\u0161ai sist\u0113mai, FMP ir \u0161eit, lai risin\u0101tu j\u016bsu tehnisk\u0101s probl\u0113mas un nodro\u0161in\u0101tu j\u016bsu turpm\u0101kus pan\u0101kumus.<\/p>\n<p><img loading=\"lazy\" decoding=\"async\" class=\"alignnone size-full wp-image-1861\" src=\"https:\/\/fmp-components.com\/wp-content\/uploads\/2024\/12\/Other-Agricultural-Gearboxes.webp\" sizes=\"(min-width: 0px) and (max-width: 480px) 480px, (min-width: 481px) and (max-width: 980px) 980px, (min-width: 981px) 1200px, 100vw\" srcset=\"https:\/\/fmp-components.com\/wp-content\/uploads\/2024\/12\/Other-Agricultural-Gearboxes.webp 1200w, https:\/\/fmp-components.com\/wp-content\/uploads\/2024\/12\/Other-Agricultural-Gearboxes-980x1143.webp 980w, https:\/\/fmp-components.com\/wp-content\/uploads\/2024\/12\/Other-Agricultural-Gearboxes-480x560.webp 480w\" alt=\"Altri-cambi-agricoli\" width=\"1200\" height=\"1400\" title=\"\"><\/p>\n<p>Autors: CX<\/p>\n<\/div>\n<\/div>\n<\/div>\n<\/div>","protected":false},"excerpt":{"rendered":"<p>Square Baler Gearbox FMP-FK136 Dimensions Square Baler Gearbox FMP-FK136 Shaft Dimensions Square Baler Gearbox FMP-FK270 Technical Data i Suitable Rpm input Rpm output KW(Nom) KW(Max) Toothing r\/min r\/min hp hp Speed increase 1:2.28 Square Baler, etc 540 1231.2 140 500 Gleason Straight Teeth Remark: If you have any special require feel free let me know, [&hellip;]<\/p>","protected":false},"featured_media":2609,"comment_status":"open","ping_status":"closed","template":"","meta":{"_et_pb_use_builder":"","_et_pb_old_content":"","_et_gb_content_width":""},"product_brand":[],"product_cat":[62],"product_tag":[],"class_list":{"0":"post-2604","1":"product","2":"type-product","3":"status-publish","4":"has-post-thumbnail","6":"product_cat-square-baler-gearbox","8":"first","9":"instock","10":"shipping-taxable","11":"product-type-simple"},"_links":{"self":[{"href":"https:\/\/fmp-components.com\/lv\/wp-json\/wp\/v2\/product\/2604","targetHints":{"allow":["GET"]}}],"collection":[{"href":"https:\/\/fmp-components.com\/lv\/wp-json\/wp\/v2\/product"}],"about":[{"href":"https:\/\/fmp-components.com\/lv\/wp-json\/wp\/v2\/types\/product"}],"replies":[{"embeddable":true,"href":"https:\/\/fmp-components.com\/lv\/wp-json\/wp\/v2\/comments?post=2604"}],"wp:featuredmedia":[{"embeddable":true,"href":"https:\/\/fmp-components.com\/lv\/wp-json\/wp\/v2\/media\/2609"}],"wp:attachment":[{"href":"https:\/\/fmp-components.com\/lv\/wp-json\/wp\/v2\/media?parent=2604"}],"wp:term":[{"taxonomy":"product_brand","embeddable":true,"href":"https:\/\/fmp-components.com\/lv\/wp-json\/wp\/v2\/product_brand?post=2604"},{"taxonomy":"product_cat","embeddable":true,"href":"https:\/\/fmp-components.com\/lv\/wp-json\/wp\/v2\/product_cat?post=2604"},{"taxonomy":"product_tag","embeddable":true,"href":"https:\/\/fmp-components.com\/lv\/wp-json\/wp\/v2\/product_tag?post=2604"}],"curies":[{"name":"wp","href":"https:\/\/api.w.org\/{rel}","templated":true}]}}