{"id":2590,"date":"2025-01-03T01:47:42","date_gmt":"2025-01-03T01:47:42","guid":{"rendered":"https:\/\/fmp-components.com\/?page_id=8"},"modified":"2025-01-03T01:50:37","modified_gmt":"2025-01-03T01:50:37","slug":"square-baler-gearbox-fmp-fk263","status":"publish","type":"product","link":"https:\/\/fmp-components.com\/lv\/product\/square-baler-gearbox-fmp-fk263\/","title":{"rendered":"Kvadr\u0101tveida preses p\u0101rnesumk\u0101rba FMP-FK263"},"content":{"rendered":"<p><img loading=\"lazy\" decoding=\"async\" class=\"size-full wp-image-2595 aligncenter\" src=\"https:\/\/fmp-components.com\/wp-content\/uploads\/2025\/01\/Square-Baler-Gearbox-EP-FK2631.webp\" alt=\"Kvadr\u0101tveida preses p\u0101rnesumk\u0101rba EP-FK263\" width=\"600\" height=\"600\" title=\"\" srcset=\"https:\/\/fmp-components.com\/wp-content\/uploads\/2025\/01\/Square-Baler-Gearbox-EP-FK2631.webp 600w, https:\/\/fmp-components.com\/wp-content\/uploads\/2025\/01\/Square-Baler-Gearbox-EP-FK2631-480x480.webp 480w\" sizes=\"(min-width: 0px) and (max-width: 480px) 480px, (min-width: 481px) 600px, 100vw\" \/><\/p>\n<h2>Kvadr\u0101tveida preses p\u0101rnesumk\u0101rbas FMP-FK263 izm\u0113ri<\/h2>\n<p><img loading=\"lazy\" decoding=\"async\" class=\"alignnone size-full wp-image-2591\" src=\"https:\/\/fmp-components.com\/wp-content\/uploads\/2025\/01\/Square-Baler-Gearbox-EP-FK263-Dimensions.webp\" alt=\"Kvadr\u0101tveida-Preses-Reduktors-FMP-FK263-Izm\u0113ri\" width=\"1456\" height=\"890\" title=\"\" srcset=\"https:\/\/fmp-components.com\/wp-content\/uploads\/2025\/01\/Square-Baler-Gearbox-EP-FK263-Dimensions.webp 1456w, https:\/\/fmp-components.com\/wp-content\/uploads\/2025\/01\/Square-Baler-Gearbox-EP-FK263-Dimensions-1280x782.webp 1280w, https:\/\/fmp-components.com\/wp-content\/uploads\/2025\/01\/Square-Baler-Gearbox-EP-FK263-Dimensions-980x599.webp 980w, https:\/\/fmp-components.com\/wp-content\/uploads\/2025\/01\/Square-Baler-Gearbox-EP-FK263-Dimensions-480x293.webp 480w\" sizes=\"(min-width: 0px) and (max-width: 480px) 480px, (min-width: 481px) and (max-width: 980px) 980px, (min-width: 981px) and (max-width: 1280px) 1280px, (min-width: 1281px) 1456px, 100vw\" \/> <img loading=\"lazy\" decoding=\"async\" class=\"alignnone size-full wp-image-2592\" src=\"https:\/\/fmp-components.com\/wp-content\/uploads\/2025\/01\/Square-Baler-Gearbox-EP-FK263-Shaft-Dimensions.webp\" alt=\"Kvadr\u0101tveida-Preses-Reduktora-FMP-FK263-V\u0101rpstas-Izm\u0113ri\" width=\"1370\" height=\"414\" title=\"\" srcset=\"https:\/\/fmp-components.com\/wp-content\/uploads\/2025\/01\/Square-Baler-Gearbox-EP-FK263-Shaft-Dimensions.webp 1370w, https:\/\/fmp-components.com\/wp-content\/uploads\/2025\/01\/Square-Baler-Gearbox-EP-FK263-Shaft-Dimensions-1280x387.webp 1280w, https:\/\/fmp-components.com\/wp-content\/uploads\/2025\/01\/Square-Baler-Gearbox-EP-FK263-Shaft-Dimensions-980x296.webp 980w, https:\/\/fmp-components.com\/wp-content\/uploads\/2025\/01\/Square-Baler-Gearbox-EP-FK263-Shaft-Dimensions-480x145.webp 480w\" sizes=\"(min-width: 0px) and (max-width: 480px) 480px, (min-width: 481px) and (max-width: 980px) 980px, (min-width: 981px) and (max-width: 1280px) 1280px, (min-width: 1281px) 1370px, 100vw\" \/><\/p>\n<h2>Kvadr\u0101tveida preses p\u0101rnesumk\u0101rbas FMP-FK263 tehniskie dati<\/h2>\n<table style=\"width: 100.066%; height: 144px;\" border=\"1\" cellspacing=\"0\" cellpadding=\"0\">\n<tbody>\n<tr>\n<td colspan=\"2\" rowspan=\"2\">es<\/td>\n<td rowspan=\"2\">Piem\u0113rots<\/td>\n<td>Apgriezienu skaita ievade<\/td>\n<td>Apgriezienu skaita izeja<\/td>\n<td>kW (nomin\u0101l\u0101)<\/td>\n<td>kW (maks.)<\/td>\n<td rowspan=\"2\">Zobu veido\u0161an\u0101s<\/td>\n<\/tr>\n<tr>\n<td>apgr.\/min<\/td>\n<td>apgr.\/min<\/td>\n<td>ZS<\/td>\n<td>ZS<\/td>\n<\/tr>\n<tr>\n<td>\u0100truma palielin\u0101\u0161ana<\/td>\n<td>1:2.69<\/td>\n<td>Kvadr\u0101tveida prese utt.<\/td>\n<td>760<\/td>\n<td>2045<\/td>\n<td>180<\/td>\n<td>250<\/td>\n<td>Gl\u012bsona taisne<br \/>\nZobi<\/td>\n<\/tr>\n<tr>\n<td colspan=\"8\">Piez\u012bme: Ja jums ir k\u0101das \u012bpa\u0161as pras\u012bbas, nekautr\u0113jieties man pazi\u0146ot, m\u0113s pie\u0146emam ar\u012b pas\u016bt\u012bjumu.<\/td>\n<\/tr>\n<\/tbody>\n<\/table>\n<h2>K\u0101 darbojas kvadr\u0101tveida preses p\u0101rnesumk\u0101rba FMP-FK263?<\/h2>\n<p>FMP-FK263 kvadr\u0101tveida preses reduktoram ir iz\u0161\u0137iro\u0161a noz\u012bme kvadr\u0101tveida preses efekt\u012bv\u0101 darb\u012bb\u0101, p\u0101rnesot jaudu no traktora j\u016bgv\u0101rpstas (jaudas no\u0146em\u0161anas v\u0101rpstas) uz da\u017e\u0101d\u0101m preses meh\u0101niskaj\u0101m sist\u0113m\u0101m, \u013caujot tai veikt nepiecie\u0161am\u0101s funkcijas - sav\u0101kt, saspiest un siet materi\u0101lus \u0137\u012bp\u0101s. \u0160eit ir p\u0101rskats par to, k\u0101 FMP-FK263 reduktors darbojas pres\u0113\u0161anas proces\u0101:<\/p>\n<p><strong>Jaudas p\u0101rvade no j\u016bgv\u0101rpstas<\/strong><\/p>\n<ul>\n<li>The <strong>FMP-FK263 p\u0101rnesumk\u0101rba<\/strong> tiek darbin\u0101ts ar traktora j\u016bgv\u0101rpstu. J\u016bgv\u0101rpsta p\u0101rnes rot\u0101cijas jaudu no traktora dzin\u0113ja uz p\u0101rnesumk\u0101rbu, kas parasti atrodas uz preses.<\/li>\n<li>The <strong>ieejas v\u0101rpsta<\/strong> p\u0101rnesumk\u0101rbas da\u013ca sa\u0146em \u0161o jaudu, uzs\u0101kot kust\u012bbu caur p\u0101rnesumk\u0101rbu.<\/li>\n<\/ul>\n<p><strong>P\u0101rnesumk\u0101rbas iek\u0161\u0113jais meh\u0101nisms<\/strong><\/p>\n<ul>\n<li>P\u0101rnesumk\u0101rb\u0101 ir virkne zobratu, tostarp cilindriski zobrati, konusveida zobrati un plan\u0113tu zobrati (atkar\u012bb\u0101 no konstrukcijas), kas p\u0101rnes rot\u0101cijas kust\u012bbu no ieejas v\u0101rpstas uz izejas v\u0101rpstu.<\/li>\n<li><strong>Konusveida zobrati<\/strong> var izmantot, lai main\u012btu jaudas pl\u016bsmas virzienu, savuk\u0101rt cilindriskie zobrati nodro\u0161ina tie\u0161u griezes momenta p\u0101rnesi. \u0160ie zobrati ir paredz\u0113ti, lai iztur\u0113tu lielas griezes momenta slodzes un nodro\u0161in\u0101tu vienm\u0113r\u012bgu un uzticamu jaudas pieg\u0101di.<\/li>\n<li>Iek\u0161pus\u0113 <strong>FMP-FK263<\/strong>, zobratu izvietojums ir \u012bpa\u0161i izstr\u0101d\u0101ts, lai uztur\u0113tu optim\u0101lu \u0101trumu un griezes momentu, nodro\u0161inot, ka prese darbojas ar pareizo veiktsp\u0113jas l\u012bmeni t\u0101du materi\u0101lu k\u0101 siena, salmu vai ra\u017eas atlikumu saspie\u0161anai.<\/li>\n<\/ul>\n<p>\u0100truma un griezes momenta regul\u0113\u0161ana<\/p>\n<ul>\n<li>P\u0101rnesumk\u0101rba piel\u0101go j\u016bgv\u0101rpstas grie\u0161an\u0101s \u0101trumu un griezes momentu atbilsto\u0161i \u012bpa\u0161aj\u0101m pres\u0113\u0161anas procesa pras\u012bb\u0101m.<\/li>\n<li>Piem\u0113ram, \u0101truma samazin\u0101\u0161anas meh\u0101nisms p\u0101rnesumk\u0101rb\u0101 var nodro\u0161in\u0101t, ka preses velt\u0146i un citas sast\u0101vda\u013cas grie\u017eas ar atbilsto\u0161u \u0101trumu efekt\u012bvai materi\u0101la sabl\u012bv\u0113\u0161anai un ru\u013c\u013cu veido\u0161anai.<\/li>\n<li>Da\u017eos gad\u012bjumos p\u0101rnesumk\u0101rbai var b\u016bt p\u0101rnesumu samazin\u0101\u0161anas sist\u0113ma, kas samazina j\u016bgv\u0101rpstas lielo \u0101trumu l\u012bdz l\u0113n\u0101kam, kontrol\u0113t\u0101kam \u0101trumam preses meh\u0101nismiem.<\/li>\n<\/ul>\n<p>Jaudas nodo\u0161ana operat\u012bvajiem komponentiem<\/p>\n<ul>\n<li>The <strong>izejas v\u0101rpsta<\/strong> p\u0101rnesumk\u0101rbas da\u013ca nodod apstr\u0101d\u0101to jaudu kvadr\u0101tveida preses darb\u012bbas sist\u0113m\u0101m, piem\u0113ram:\n<ul>\n<li><strong>Pa\u0146em\u0161anas meh\u0101nisms<\/strong>Lai sav\u0101ktu ra\u017eas materi\u0101lu no lauka.<\/li>\n<li><strong>Baro\u0161anas sist\u0113ma<\/strong>: Lai padotu sav\u0101kto materi\u0101lu saspie\u0161anas kamer\u0101.<\/li>\n<li><strong>Saspie\u0161anas velt\u0146i<\/strong>: Lai sabl\u012bv\u0113tu materi\u0101lu v\u0113lamaj\u0101 \u0137\u012bpas izm\u0113r\u0101.<\/li>\n<li><strong>Mezglu sist\u0113ma<\/strong>: Lai sasietu \u0137\u012bpas p\u0113c to izveido\u0161anas.<\/li>\n<\/ul>\n<\/li>\n<li>Atkar\u012bb\u0101 no preses konstrukcijas p\u0101rnesumk\u0101rba var darbin\u0101t ar\u012b papildu funkcijas, piem\u0113ram, hidraulisk\u0101s sist\u0113mas vai preses konveijeru sist\u0113mu.<\/li>\n<\/ul>\n<h3>FMP-FK263 kvadr\u0101tveida preses p\u0101rnesumk\u0101rbas galven\u0101s iez\u012bmes:<\/h3>\n<ul>\n<li><strong>Augsta griezes momenta jauda<\/strong>P\u0101rnesumk\u0101rba ir paredz\u0113ta, lai tiktu gal\u0101 ar kvadr\u0101tveida pres\u0113m nepiecie\u0161amaj\u0101m augstaj\u0101m griezes momenta pras\u012bb\u0101m.<\/li>\n<li><strong>Efekt\u012bva jaudas p\u0101rne\u0161ana<\/strong>Nodro\u0161ina vienm\u0113r\u012bgu un efekt\u012bvu jaudas p\u0101rnesi no j\u016bgv\u0101rpstas uz pres\u0113\u0161anas meh\u0101nismiem.<\/li>\n<li><strong>Iztur\u012bba<\/strong>Izgatavots no iztur\u012bgiem materi\u0101liem, lai iztur\u0113tu lielas slodzes un skarbos apst\u0101k\u013cus, kas rakstur\u012bgi lauksaimniec\u012bbas darbiem.<\/li>\n<li><strong>Piel\u0101go\u0161anas opcijas<\/strong>To var piel\u0101got da\u017e\u0101d\u0101m pres\u0113\u0161anas ma\u0161\u012bn\u0101m ar at\u0161\u0137ir\u012bg\u0101m jaudas pras\u012bb\u0101m un funkcij\u0101m.<\/li>\n<li><strong>E\u013c\u013co\u0161ana un dzes\u0113\u0161ana<\/strong>Integr\u0113tas sist\u0113mas darb\u012bbas efektivit\u0101tes uztur\u0113\u0161anai un p\u0101rkar\u0161anas nov\u0113r\u0161anai.<\/li>\n<\/ul>\n<p>FMP-FK263 kvadr\u0101tveida preses p\u0101rnesumk\u0101rba darbojas, p\u0101rveidojot traktora j\u016bgv\u0101rpstas \u0101trgaitas rot\u0101cijas jaudu kontrol\u0113t\u0101, izmantojam\u0101 jaud\u0101, kas darbina preses da\u017e\u0101d\u0101s sast\u0101vda\u013cas. T\u0101 nodro\u0161ina, ka pres\u0113\u0161anas process \u2014 neatkar\u012bgi no t\u0101, vai tas ir siens, salmi vai citi materi\u0101li \u2014 ir efekt\u012bvs, vienm\u0113r\u012bgs un uzticams, savlaic\u012bgi pieg\u0101d\u0101jot augstas kvalit\u0101tes \u0137\u012bpas. P\u0101rnesumk\u0101rbas konstrukcij\u0101 priorit\u0101te ir iztur\u012bba, efektivit\u0101te un optim\u0101ls jaudas sadal\u012bjums, padarot to par b\u016btisku sast\u0101vda\u013cu augstas veiktsp\u0113jas pres\u0113\u0161anas ma\u0161\u012bn\u0101s.<\/p>\n<p><img loading=\"lazy\" decoding=\"async\" class=\"alignnone size-full wp-image-2596\" src=\"https:\/\/fmp-components.com\/wp-content\/uploads\/2025\/01\/FMP-FK215-Square-Baler-Gearbox-Applications-2.webp\" alt=\"FMP-FK215-Kvadr\u0101tveida-Preses-Reduktora-Lietojumprogrammas\" width=\"980\" height=\"483\" title=\"\" srcset=\"https:\/\/fmp-components.com\/wp-content\/uploads\/2025\/01\/FMP-FK215-Square-Baler-Gearbox-Applications-2.webp 980w, https:\/\/fmp-components.com\/wp-content\/uploads\/2025\/01\/FMP-FK215-Square-Baler-Gearbox-Applications-2-480x237.webp 480w\" sizes=\"(min-width: 0px) and (max-width: 480px) 480px, (min-width: 481px) 980px, 100vw\" \/><\/p>\n<article class=\"w-full scroll-mb-[var(--thread-trailing-height,150px)] text-token-text-primary focus-visible:outline-2 focus-visible:outline-offset-[-4px]\" dir=\"auto\" data-testid=\"conversation-turn-12\" data-scroll-anchor=\"false\">\n<div class=\"m-auto text-base py-[18px] px-3 md:px-4 w-full md:px-5 lg:px-4 xl:px-5\">\n<div class=\"mx-auto flex flex-1 gap-4 text-base md:gap-5 lg:gap-6 md:max-w-3xl lg:max-w-[40rem] xl:max-w-[48rem]\">\n<div class=\"group\/conversation-turn relative flex w-full min-w-0 flex-col\">\n<div class=\"flex-col gap-1 md:gap-3\">\n<div class=\"flex max-w-full flex-col flex-grow\">\n<div class=\"min-h-8 text-message flex w-full flex-col items-end gap-2 whitespace-normal break-words text-start [.text-message+&amp;]:mt-5\" dir=\"auto\" data-message-author-role=\"user\" data-message-id=\"aaa2e9bf-cefc-4209-a50b-03bfd714e422\">\n<div class=\"flex w-full flex-col gap-1 empty:hidden items-end rtl:items-start\">\n<div class=\"relative max-w-[var(--user-chat-width,70%)] rounded-3xl bg-token-message-surface px-5 py-2.5\">\n<h2 class=\"whitespace-pre-wrap\">Lauksaimniec\u012bbas kvadr\u0101tveida preses p\u0101rnesumk\u0101rba FMP-FK263<\/h2>\n<p>FMP-FK263 kvadr\u0101tveida preses p\u0101rnesumk\u0101rba ir b\u016btiska lauksaimniec\u012bbas pres\u0113\u0161anas tehnikas sast\u0101vda\u013ca, kas \u012bpa\u0161i izstr\u0101d\u0101ta, lai nodro\u0161in\u0101tu uzticamu un augstas veiktsp\u0113jas jaudas p\u0101rvadi kvadr\u0101tveida pres\u0113m. \u0160\u012b p\u0101rnesumk\u0101rba ir izstr\u0101d\u0101ta, lai apmierin\u0101tu m\u016bsdienu lauksaimniec\u012bbas pras\u012bbas, nodro\u0161inot efekt\u012bvu, vienm\u0113r\u012bgu un iztur\u012bgu pres\u0113\u0161anas procesu. T\u0101l\u0101k ir sniegta galven\u0101 inform\u0101cija par FMP-FK263 kvadr\u0101tveida preses p\u0101rnesumk\u0101rbu un t\u0101s priek\u0161roc\u012bbas lauksaimniec\u012bbas vajadz\u012bb\u0101m:<\/p>\n<h3>FMP-FK263 kvadr\u0101tveida preses p\u0101rnesumk\u0101rbas galven\u0101s iez\u012bmes:<\/h3>\n<ol>\n<li><strong>Augsta griezes momenta jauda<\/strong>\n<ul>\n<li>The <strong>FMP-FK263<\/strong> P\u0101rnesumk\u0101rba ir izstr\u0101d\u0101ta, lai tiktu gal\u0101 ar lielo griezes momentu, kas rakstur\u012bgs lauksaimniec\u012bbas pres\u0113\u0161anas darb\u012bb\u0101m. \u0160\u012b sp\u0113ja nodro\u0161ina, ka prese var efekt\u012bvi sabl\u012bv\u0113t un sasiet pla\u0161u materi\u0101lu kl\u0101stu, tostarp sienu, salmus, kult\u016braugu atliekas un citus lopbar\u012bbas materi\u0101lus, cie\u0161i veidot\u0101s \u0137\u012bp\u0101s.<\/li>\n<\/ul>\n<\/li>\n<li><strong>Efekt\u012bva jaudas p\u0101rvade<\/strong>\n<ul>\n<li>Paredz\u0113ts jaudas p\u0101rne\u0161anai no traktora j\u016bgv\u0101rpstas (jaudas no\u0146em\u0161anas v\u0101rpstas) uz da\u017e\u0101d\u0101m preses meh\u0101niskaj\u0101m sist\u0113m\u0101m. <strong>FMP-FK263<\/strong> Nodro\u0161ina vienm\u0113r\u012bgu un efekt\u012bvu jaudas pl\u016bsmu. P\u0101rnesumk\u0101rba nodro\u0161ina, ka preses sav\u0101k\u0161anas meh\u0101nisms, padeves sist\u0113ma, saspie\u0161anas kamera un mezglo\u0161anas sist\u0113ma tiek darbin\u0101ti efekt\u012bvi optim\u0101lai veiktsp\u0113jai.<\/li>\n<\/ul>\n<\/li>\n<li><strong>Iztur\u012bba un ilgm\u016b\u017e\u012bba<\/strong>\n<ul>\n<li>P\u0101rnesumk\u0101rba ir izgatavota no augstas stipr\u012bbas, ilgm\u016b\u017e\u012bgiem materi\u0101liem, kas nodro\u0161ina, ka t\u0101 var iztur\u0113t skarbos lauksaimniec\u012bbas vides apst\u0101k\u013cus. T\u0101 ir veidota, lai iztur\u0113tu lielu griezes momentu, bie\u017eu lieto\u0161anu un putek\u013cu, mitruma un citu lauka apst\u0101k\u013cu iedarb\u012bbu.<\/li>\n<li>T\u0101 iztur\u012bg\u0101 konstrukcija garant\u0113 ilgsto\u0161u veiktsp\u0113ju, samazinot remonta bie\u017eumu un apkopes izmaksas.<\/li>\n<\/ul>\n<\/li>\n<li><strong>Prec\u012bzs p\u0101rnesumu dizains<\/strong>\n<ul>\n<li>The <strong>FMP-FK263<\/strong> p\u0101rnesumk\u0101rbai ir prec\u012bzi konstru\u0113ti zobrati, piem\u0113ram, <strong>cilindriskie zobrati<\/strong>, <strong>konusveida zobrati<\/strong>, un, iesp\u0113jams, <strong>plan\u0113tu p\u0101rnesumi<\/strong>, kas paredz\u0113ti, lai iztur\u0113tu lauksaimniec\u012bbas pres\u0113m nepiecie\u0161amo lielo slodzi un \u0101trumu. R\u016bp\u012bgi izstr\u0101d\u0101tais dizains nodro\u0161ina vienm\u0113r\u012bgu darb\u012bbu ar minim\u0101lu troksni un vibr\u0101ciju, t\u0101d\u0113j\u0101di veicinot efekt\u012bv\u0101ku un \u0113rt\u0101ku darba vidi.<\/li>\n<\/ul>\n<\/li>\n<li><strong>Piel\u0101gojamas opcijas<\/strong>\n<ul>\n<li>The <strong>FMP-FK263<\/strong> P\u0101rnesumk\u0101rbu var piel\u0101got da\u017e\u0101diem presu mode\u013ciem un specifisk\u0101m lauksaimniec\u012bbas vajadz\u012bb\u0101m. Neatkar\u012bgi no t\u0101, vai pres\u0113jat sienu, salmus vai citus lopbar\u012bbas materi\u0101lus, p\u0101rnesumk\u0101rbu var piel\u0101got da\u017e\u0101d\u0101m konfigur\u0101cij\u0101m, pal\u012bdzot optimiz\u0113t preses veiktsp\u0113ju atbilsto\u0161i materi\u0101la veidam un lauka apst\u0101k\u013ciem.<\/li>\n<\/ul>\n<\/li>\n<\/ol>\n<p>FMP-FK263 kvadr\u0101tveida preses p\u0101rnesumk\u0101rba ir b\u016btiska lauksaimniec\u012bbas pres\u0113\u0161anas apr\u012bkojuma sast\u0101vda\u013ca, kas pied\u0101v\u0101 iztur\u012bgu un augstas veiktsp\u0113jas risin\u0101jumu kvadr\u0101tveida pres\u0113m. T\u0101s sp\u0113ja apstr\u0101d\u0101t lielu griezes momentu, efekt\u012bvi p\u0101rvad\u012bt jaudu un iztur\u0113t skarbos lauksaimniec\u012bbas vides apst\u0101k\u013cus padara to par uzticamu izv\u0113li lauksaimniekiem vis\u0101 pasaul\u0113. Neatkar\u012bgi no t\u0101, vai to izmanto siena, salmu, sk\u0101bbar\u012bbas vai kult\u016braugu atlikumu pres\u0113\u0161anai, FMP-FK263 p\u0101rnesumk\u0101rba pal\u012bdz nodro\u0161in\u0101t efekt\u012bvu pres\u0113\u0161anas procesu ar augstas kvalit\u0101tes rezult\u0101tiem un minim\u0101lu d\u012bkst\u0101vi.<\/p>\n<table style=\"border-collapse: collapse; width: 101.391%; height: 36px;\" border=\"0\" width=\"128\" cellspacing=\"0\" cellpadding=\"0\">\n<tbody>\n<tr style=\"height: 13.8pt;\">\n<td style=\"height: 13.8pt; width: 48pt;\" align=\"right\" width=\"64\" height=\"18\"><img loading=\"lazy\" decoding=\"async\" class=\"alignnone size-full wp-image-2593\" src=\"https:\/\/fmp-components.com\/wp-content\/uploads\/2025\/01\/Square-Baler-Gearbox-EP-FK263-Agricultural-Applications-21.webp\" alt=\"Kvadr\u0101tveida-Preses-Reduktors-EP-FK263-Lauksaimniec\u012bbas-Pielietojumi\" width=\"980\" height=\"569\" title=\"\" srcset=\"https:\/\/fmp-components.com\/wp-content\/uploads\/2025\/01\/Square-Baler-Gearbox-EP-FK263-Agricultural-Applications-21.webp 980w, https:\/\/fmp-components.com\/wp-content\/uploads\/2025\/01\/Square-Baler-Gearbox-EP-FK263-Agricultural-Applications-21-480x279.webp 480w\" sizes=\"(min-width: 0px) and (max-width: 480px) 480px, (min-width: 481px) 980px, 100vw\" \/><\/td>\n<td style=\"width: 48pt;\" align=\"right\" width=\"64\"><img loading=\"lazy\" decoding=\"async\" class=\"alignnone size-full wp-image-2594\" src=\"https:\/\/fmp-components.com\/wp-content\/uploads\/2025\/01\/Square-Baler-Gearbox-EP-FK263-Agricultural-Applications-11.webp\" alt=\"Kvadr\u0101tveida-Preses-Reduktors-EP-FK263-Lauksaimniec\u012bbas-Pielietojumi\" width=\"980\" height=\"569\" title=\"\" srcset=\"https:\/\/fmp-components.com\/wp-content\/uploads\/2025\/01\/Square-Baler-Gearbox-EP-FK263-Agricultural-Applications-11.webp 980w, https:\/\/fmp-components.com\/wp-content\/uploads\/2025\/01\/Square-Baler-Gearbox-EP-FK263-Agricultural-Applications-11-480x279.webp 480w\" sizes=\"(min-width: 0px) and (max-width: 480px) 480px, (min-width: 481px) 980px, 100vw\" \/><\/td>\n<\/tr>\n<\/tbody>\n<\/table>\n<div class=\"absolute bottom-0 right-full top-0 -mr-3.5 hidden pr-5 pt-1 [.group\\\/conversation-turn:hover_&amp;]:block\">\n<h2>Par FMP<\/h2>\n<p>FMP galven\u0101 m\u012btne atrodas It\u0101lij\u0101, un tas ir vado\u0161ais ra\u017eot\u0101js, kas paz\u012bstams ar savu pieredzi augstas veiktsp\u0113jas p\u0101rnesumk\u0101rbu projekt\u0113\u0161an\u0101, izstr\u0101d\u0113 un ra\u017eo\u0161an\u0101, \u012bpa\u0161i koncentr\u0113joties uz lauksaimniec\u012bbas tehnikas nozari. Ar prec\u012bzas in\u017eenierijas, inovat\u012bvu risin\u0101jumu un nelok\u0101mas uzticam\u012bbas reput\u0101ciju FMP ir iemantojis gan lauksaimniec\u012bbas, gan r\u016bpniec\u012bbas sektora uztic\u012bbu. M\u016bsu pla\u0161aj\u0101 produktu kl\u0101st\u0101 ietilpst specializ\u0113tas p\u0101rnesumk\u0101rbas z\u0101les p\u013c\u0101v\u0113jiem, j\u016bgv\u0101rpstas un citas svar\u012bgas sast\u0101vda\u013cas, kas visas ir r\u016bp\u012bgi izstr\u0101d\u0101tas, lai nodro\u0161in\u0101tu piel\u0101gotus risin\u0101jumus pla\u0161am pielietojumu kl\u0101stam.<\/p>\n<p>Uz\u0146\u0113mum\u0101 FMP m\u0113s apzin\u0101mies, ka katram klientam ir unik\u0101las pras\u012bbas un izaicin\u0101jumi. T\u0101p\u0113c m\u0113s specializ\u0113jamies piel\u0101gotu risin\u0101jumu snieg\u0161an\u0101, neatkar\u012bgi no t\u0101, vai tie attiecas uz atsevi\u0161\u0137\u0101m komponent\u0113m vai piln\u012bb\u0101 integr\u0113t\u0101m sist\u0113m\u0101m. M\u0113s cie\u0161i sadarbojamies ar saviem klientiem, lai nodro\u0161in\u0101tu, ka katrs risin\u0101jums ir ne tikai efekt\u012bvs, bet ar\u012b lietder\u012bgs, maksim\u0101li palielinot gan veiktsp\u0113ju, gan v\u0113rt\u012bbu. M\u016bsu ap\u0146em\u0161an\u0101s sniegt \u0101tras, profesion\u0101las atbildes apvienojum\u0101 ar ekspertu nor\u0101d\u012bjumiem nodro\u0161ina, ka katrs piepras\u012bjums tiek izskat\u012bts prec\u012bzi un r\u016bp\u012bgi, t\u0101d\u0113j\u0101di sasniedzot vislab\u0101kos iesp\u0113jamos rezult\u0101tus.<\/p>\n<p>M\u0113s uzsveram atv\u0113rtu un nep\u0101rtrauktu komunik\u0101ciju vis\u0101 produktu izstr\u0101des proces\u0101. M\u016bsu \u012bpa\u0161i izveidot\u0101 komanda str\u0101d\u0101 tie\u0161i ar klientiem, lai r\u016bp\u012bgi izprastu vi\u0146u \u012bpa\u0161\u0101s vajadz\u012bbas, sniedzot v\u0113rt\u012bgas atzi\u0146as un ieteikumus, lai garant\u0113tu optim\u0101lu risin\u0101jumu. Neatkar\u012bgi no t\u0101, vai izstr\u0101d\u0101jam jaunus produktus vai izpild\u0101m eso\u0161os pas\u016bt\u012bjumus, FMP ir ap\u0146\u0113musies vienm\u0113r savlaic\u012bgi pieg\u0101d\u0101t augstas kvalit\u0101tes, prec\u012bzi izstr\u0101d\u0101tus risin\u0101jumus. M\u016bsu m\u0113r\u0137is ir p\u0101rsniegt cer\u012bbas, nodro\u0161inot izcilu servisu un rezult\u0101tus katr\u0101 projekt\u0101.<\/p>\n<p>Kvalit\u0101te ir FMP darb\u012bbas st\u016brakmens. M\u0113s iev\u0113rojam augst\u0101kos ra\u017eo\u0161anas standartus un ievie\u0161am stingrus kvalit\u0101tes kontroles pas\u0101kumus, lai nodro\u0161in\u0101tu, ka katrs produkts atbilst vai p\u0101rsniedz nozares standartus. \u0160\u012b nelok\u0101m\u0101 ap\u0146em\u0161an\u0101s nodro\u0161in\u0101t kvalit\u0101ti, k\u0101 ar\u012b m\u016bsu pamatv\u0113rt\u012bbas \u2013 integrit\u0101te, komandas darbs un neatlaid\u012bba \u2013 ir \u013c\u0101vusi mums veidot ilgsto\u0161as, uz uztic\u012bbu balst\u012btas attiec\u012bbas ar klientiem gandr\u012bz 30 valst\u012bs vis\u0101 pasaul\u0113.<\/p>\n<p>FMP vienm\u0113r ir atv\u0113rts glob\u0101lu partner\u012bbu veido\u0161anai un joproj\u0101m ir ap\u0146\u0113mies pied\u0101v\u0101t ekspertu padomus un piel\u0101gotus risin\u0101jumus, kas atbilst m\u016bsu klientu da\u017e\u0101daj\u0101m vajadz\u012bb\u0101m. M\u0113s sniedzamies t\u0101l\u0101k par tikai produktu pieg\u0101di; m\u0113s cen\u0161amies veidot ilgsto\u0161as \u200b\u200battiec\u012bbas, kas veicina katra projekta pan\u0101kumus. Neatkar\u012bgi no t\u0101, vai jums ir nepiecie\u0161ami inovat\u012bvi risin\u0101jumi jaunai iniciat\u012bvai vai past\u0101v\u012bgs atbalsts eso\u0161ai sist\u0113mai, FMP ir \u0161eit, lai atrisin\u0101tu j\u016bsu tehnisk\u0101s probl\u0113mas un nodro\u0161in\u0101tu j\u016bsu turpm\u0101kos pan\u0101kumus.<\/p>\n<p><img loading=\"lazy\" decoding=\"async\" class=\"alignnone size-full wp-image-1861\" src=\"https:\/\/fmp-components.com\/wp-content\/uploads\/2024\/12\/Other-Agricultural-Gearboxes.webp\" sizes=\"(min-width: 0px) and (max-width: 480px) 480px, (min-width: 481px) and (max-width: 980px) 980px, (min-width: 981px) 1200px, 100vw\" srcset=\"https:\/\/fmp-components.com\/wp-content\/uploads\/2024\/12\/Other-Agricultural-Gearboxes.webp 1200w, https:\/\/fmp-components.com\/wp-content\/uploads\/2024\/12\/Other-Agricultural-Gearboxes-980x1143.webp 980w, https:\/\/fmp-components.com\/wp-content\/uploads\/2024\/12\/Other-Agricultural-Gearboxes-480x560.webp 480w\" alt=\"Altri-cambi-agricoli\" width=\"1200\" height=\"1400\" title=\"\"><\/p>\n<p>Autors: CX<\/p>\n<\/div>\n<\/div>\n<\/div>\n<\/div>\n<\/div>\n<\/div>\n<\/div>\n<\/div>\n<\/div>\n<\/article>\n<article class=\"w-full scroll-mb-[var(--thread-trailing-height,150px)] text-token-text-primary focus-visible:outline-2 focus-visible:outline-offset-[-4px]\" dir=\"auto\" data-testid=\"conversation-turn-13\" data-scroll-anchor=\"true\">\n<h6 class=\"sr-only\"><\/h6>\n<\/article>","protected":false},"excerpt":{"rendered":"<p>Square Baler Gearbox FMP-FK263 Dimensions Square Baler Gearbox FMP-FK263 Technical Data i Suitable Rpm input Rpm output KW(Nom) KW(Max) Toothing r\/min r\/min hp hp Speed increase 1:2.69 Square Baler, etc 760 2045 180 250 Gleason Straight Teeth Remark: If you have any special require feel free let me know, we also accept custom. How Does [&hellip;]<\/p>","protected":false},"featured_media":2595,"comment_status":"open","ping_status":"closed","template":"","meta":{"_et_pb_use_builder":"","_et_pb_old_content":"","_et_gb_content_width":""},"product_brand":[],"product_cat":[62],"product_tag":[],"class_list":{"0":"post-2590","1":"product","2":"type-product","3":"status-publish","4":"has-post-thumbnail","6":"product_cat-square-baler-gearbox","8":"first","9":"instock","10":"shipping-taxable","11":"product-type-simple"},"_links":{"self":[{"href":"https:\/\/fmp-components.com\/lv\/wp-json\/wp\/v2\/product\/2590","targetHints":{"allow":["GET"]}}],"collection":[{"href":"https:\/\/fmp-components.com\/lv\/wp-json\/wp\/v2\/product"}],"about":[{"href":"https:\/\/fmp-components.com\/lv\/wp-json\/wp\/v2\/types\/product"}],"replies":[{"embeddable":true,"href":"https:\/\/fmp-components.com\/lv\/wp-json\/wp\/v2\/comments?post=2590"}],"wp:featuredmedia":[{"embeddable":true,"href":"https:\/\/fmp-components.com\/lv\/wp-json\/wp\/v2\/media\/2595"}],"wp:attachment":[{"href":"https:\/\/fmp-components.com\/lv\/wp-json\/wp\/v2\/media?parent=2590"}],"wp:term":[{"taxonomy":"product_brand","embeddable":true,"href":"https:\/\/fmp-components.com\/lv\/wp-json\/wp\/v2\/product_brand?post=2590"},{"taxonomy":"product_cat","embeddable":true,"href":"https:\/\/fmp-components.com\/lv\/wp-json\/wp\/v2\/product_cat?post=2590"},{"taxonomy":"product_tag","embeddable":true,"href":"https:\/\/fmp-components.com\/lv\/wp-json\/wp\/v2\/product_tag?post=2590"}],"curies":[{"name":"wp","href":"https:\/\/api.w.org\/{rel}","templated":true}]}}