{"id":2573,"date":"2025-01-03T01:07:52","date_gmt":"2025-01-03T01:07:52","guid":{"rendered":"https:\/\/fmp-components.com\/?page_id=8"},"modified":"2025-01-03T01:14:05","modified_gmt":"2025-01-03T01:14:05","slug":"square-baler-gearbox-fmp-fk215","status":"publish","type":"product","link":"https:\/\/fmp-components.com\/lv\/product\/square-baler-gearbox-fmp-fk215\/","title":{"rendered":"Kvadr\u0101tveida preses p\u0101rnesumk\u0101rba FMP-FK215"},"content":{"rendered":"<p><img loading=\"lazy\" decoding=\"async\" class=\"size-full wp-image-2587 aligncenter\" src=\"https:\/\/fmp-components.com\/wp-content\/uploads\/2025\/01\/FMP-FK215-Square-Baler-Gearbox-Components1.webp\" alt=\"FMP-FK215-Kvadr\u0101t\u0137\u012bpu preses-reduktora-komponenti(1)\" width=\"684\" height=\"425\" title=\"\" srcset=\"https:\/\/fmp-components.com\/wp-content\/uploads\/2025\/01\/FMP-FK215-Square-Baler-Gearbox-Components1.webp 684w, https:\/\/fmp-components.com\/wp-content\/uploads\/2025\/01\/FMP-FK215-Square-Baler-Gearbox-Components1-480x298.webp 480w\" sizes=\"(min-width: 0px) and (max-width: 480px) 480px, (min-width: 481px) 684px, 100vw\" \/><\/p>\n<h2>Kvadr\u0101tveida preses reduktora FMP-FK215 izm\u0113ri<\/h2>\n<p><img loading=\"lazy\" decoding=\"async\" class=\"alignnone size-full wp-image-2583\" src=\"https:\/\/fmp-components.com\/wp-content\/uploads\/2025\/01\/FMP-FK215-Square-Baler-Gearbox-Dimensions.webp\" alt=\"FMP-FK215-Kvadr\u0101t\u0137\u012bpu preses-Reduktora-Izm\u0113ri\" width=\"1207\" height=\"743\" title=\"\" srcset=\"https:\/\/fmp-components.com\/wp-content\/uploads\/2025\/01\/FMP-FK215-Square-Baler-Gearbox-Dimensions.webp 1207w, https:\/\/fmp-components.com\/wp-content\/uploads\/2025\/01\/FMP-FK215-Square-Baler-Gearbox-Dimensions-980x603.webp 980w, https:\/\/fmp-components.com\/wp-content\/uploads\/2025\/01\/FMP-FK215-Square-Baler-Gearbox-Dimensions-480x295.webp 480w\" sizes=\"(min-width: 0px) and (max-width: 480px) 480px, (min-width: 481px) and (max-width: 980px) 980px, (min-width: 981px) 1207px, 100vw\" \/><\/p>\n<h2>FMP-FK215 kvadr\u0101tveida preses reduktora v\u0101rpstas izm\u0113ri<\/h2>\n<p><img loading=\"lazy\" decoding=\"async\" class=\"alignnone size-full wp-image-2584\" src=\"https:\/\/fmp-components.com\/wp-content\/uploads\/2025\/01\/FMP-FK215-Square-Baler-Gearbox-Shaft-Dimensions.webp\" alt=\"FMP-FK215 kvadr\u0101tveida preses p\u0101rnesumk\u0101rbas v\u0101rpstas izm\u0113ri\" width=\"1537\" height=\"456\" title=\"\" srcset=\"https:\/\/fmp-components.com\/wp-content\/uploads\/2025\/01\/FMP-FK215-Square-Baler-Gearbox-Shaft-Dimensions.webp 1537w, https:\/\/fmp-components.com\/wp-content\/uploads\/2025\/01\/FMP-FK215-Square-Baler-Gearbox-Shaft-Dimensions-1280x380.webp 1280w, https:\/\/fmp-components.com\/wp-content\/uploads\/2025\/01\/FMP-FK215-Square-Baler-Gearbox-Shaft-Dimensions-980x291.webp 980w, https:\/\/fmp-components.com\/wp-content\/uploads\/2025\/01\/FMP-FK215-Square-Baler-Gearbox-Shaft-Dimensions-480x142.webp 480w\" sizes=\"(min-width: 0px) and (max-width: 480px) 480px, (min-width: 481px) and (max-width: 980px) 980px, (min-width: 981px) and (max-width: 1280px) 1280px, (min-width: 1281px) 1537px, 100vw\" \/><\/p>\n<h2>FMP-FK215 kvadr\u0101tveida preses p\u0101rnesumk\u0101rbas tehniskie dati<\/h2>\n<table style=\"width: 99.5102%; height: 122px;\" border=\"1\" cellspacing=\"0\" cellpadding=\"0\">\n<tbody>\n<tr style=\"height: 23px;\">\n<td style=\"height: 46px;\" colspan=\"2\" rowspan=\"2\">es<\/td>\n<td style=\"height: 46px;\" rowspan=\"2\">Piem\u0113rots<\/td>\n<td style=\"height: 23px;\">Apgriezienu skaita ievade<\/td>\n<td style=\"height: 23px;\">Apgriezienu skaita izeja<\/td>\n<td style=\"height: 23px;\">kW (nomin\u0101l\u0101)<\/td>\n<td style=\"height: 23px;\">kW (maks.)<\/td>\n<td style=\"height: 46px;\" rowspan=\"2\">Zobu veido\u0161an\u0101s<\/td>\n<\/tr>\n<tr style=\"height: 23px;\">\n<td style=\"height: 23px;\">apgr.\/min<\/td>\n<td style=\"height: 23px;\">apgr.\/min<\/td>\n<td style=\"height: 23px;\">ZS<\/td>\n<td style=\"height: 23px;\">ZS<\/td>\n<\/tr>\n<tr style=\"height: 47px;\">\n<td style=\"height: 47px;\">\u0100truma palielin\u0101\u0161ana<\/td>\n<td style=\"height: 47px;\">1:1.33<\/td>\n<td style=\"height: 47px;\">Kvadr\u0101tveida prese utt.<\/td>\n<td style=\"height: 47px;\">540<\/td>\n<td style=\"height: 47px;\">718.2<\/td>\n<td style=\"height: 47px;\">80<\/td>\n<td style=\"height: 47px;\">120<\/td>\n<td style=\"height: 47px;\">Gl\u012bsona taisne<br \/>\nZobi<\/td>\n<\/tr>\n<tr style=\"height: 23px;\">\n<td style=\"height: 23px;\" colspan=\"8\">Piez\u012bme: Ja jums ir k\u0101das \u012bpa\u0161as pras\u012bbas, nekautr\u0113jieties man pazi\u0146ot, m\u0113s pie\u0146emam ar\u012b pas\u016bt\u012bjumu.<\/td>\n<\/tr>\n<\/tbody>\n<\/table>\n<h2>Kvadr\u0101tveida preses p\u0101rnesumk\u0101rbas FMP-FK215 sast\u0101vda\u013cas<\/h2>\n<p>FMP-FK215 kvadr\u0101tveida preses p\u0101rnesumk\u0101rba ir izstr\u0101d\u0101ta, lai atbilstu kvadr\u0101tveida pres\u0113\u0161anas tehnikas \u012bpa\u0161aj\u0101m pras\u012bb\u0101m, nodro\u0161inot efekt\u012bvu jaudas p\u0101rvadi, uzticamu veiktsp\u0113ju un ilgsto\u0161u iztur\u012bbu. P\u0101rnesumk\u0101rba sast\u0101v no vair\u0101k\u0101m galvenaj\u0101m sast\u0101vda\u013c\u0101m, kas darbojas kop\u0101, lai optimiz\u0113tu preses funkcionalit\u0101ti un ilgm\u016b\u017e\u012bbu. \u0160eit ir galven\u0101s FMP-FK215 kvadr\u0101tveida preses p\u0101rnesumk\u0101rbas sast\u0101vda\u013cas:<\/p>\n<p><strong>M\u0101joklis<\/strong><\/p>\n<ul>\n<li><strong>Materi\u0101ls<\/strong>Korpuss, kas parasti ir izgatavots no augstas stipr\u012bbas \u010duguna vai t\u0113rauda, \u200b\u200baizsarg\u0101 iek\u0161\u0113j\u0101s sast\u0101vda\u013cas un nodro\u0161ina konstrukcijas integrit\u0101ti.<\/li>\n<li><strong>Dizains<\/strong>Prec\u012bzi izstr\u0101d\u0101ts, lai iztur\u0113tu pres\u0113\u0161anas darb\u012bbu slodzi, vienlaikus nodro\u0161inot efekt\u012bvu siltuma izkliedi.<\/li>\n<\/ul>\n<p><strong>Ievades v\u0101rpsta<\/strong><\/p>\n<ul>\n<li><strong>Funkcija<\/strong>: Pievienojas baro\u0161anas avotam (parasti traktora j\u016bgv\u0101rpstai), p\u0101rnesot griezes momentu uz p\u0101rnesumk\u0101rbu.<\/li>\n<li><strong>Dizains<\/strong>Izgatavots no iztur\u012bga t\u0113rauda, \u200b\u200bkas paredz\u0113ts lielu griezes momentu slodzes iztur\u0113\u0161anai.<\/li>\n<\/ul>\n<p><strong>Konusveida zobrati<\/strong><\/p>\n<ul>\n<li><strong>Funkcija<\/strong>FMP-FK215 koniskie zobrati, ko bie\u017ei izmanto jaudas p\u0101rvadei taisn\u0101 le\u0146\u0137\u012b, atvieglo jaudas p\u0101rvades virziena mai\u0146u, \u013caujot p\u0101rnesumk\u0101rbai darbin\u0101t vair\u0101kas preses da\u013cas.<\/li>\n<li><strong>Materi\u0101ls<\/strong>Augstas kvalit\u0101tes, termiski apstr\u0101d\u0101ts t\u0113rauds liel\u0101kai iztur\u012bbai.<\/li>\n<\/ul>\n<p><strong>Dzi\u013czobrati<\/strong><\/p>\n<ul>\n<li><strong>Funkcija<\/strong>P\u0101rnesumk\u0101rb\u0101 tiek izmantoti cilindriskie zobrati, lai p\u0101rnestu rot\u0101cijas jaudu no vienas v\u0101rpstas uz otru, saglab\u0101jot griezes momentu un \u0101trumu.<\/li>\n<li><strong>Dizains<\/strong>Prec\u012bza grie\u0161ana, lai nodro\u0161in\u0101tu vienm\u0113r\u012bgu darb\u012bbu un augstu efektivit\u0101ti.<\/li>\n<\/ul>\n<p><strong>Izejas v\u0101rpsta<\/strong><\/p>\n<ul>\n<li><strong>Funkcija<\/strong>: P\u0101rnes jaudu no p\u0101rnesumk\u0101rbas uz preses darb\u012bbas komponentiem, piem\u0113ram, sav\u0101k\u0161anas meh\u0101nismu vai mezglo\u0161anas sist\u0113mu.<\/li>\n<li><strong>Materi\u0101ls<\/strong>T\u0113rauda sakaus\u0113jums, r\u016bd\u012bts, lai palielin\u0101tu iztur\u012bbu un nodilumiztur\u012bbu.<\/li>\n<\/ul>\n<p>\u0160\u012bs sast\u0101vda\u013cas neman\u0101mi darbojas kop\u0101, lai nodro\u0161in\u0101tu efekt\u012bvu un uzticamu veiktsp\u0113ju, padarot FMP-FK215 kvadr\u0101tveida preses p\u0101rnesumk\u0101rbu par b\u016btisku kvadr\u0101tveida pres\u0113\u0161anas procesa sast\u0101vda\u013cu. P\u0101rnesumk\u0101rba ir izstr\u0101d\u0101ta iztur\u012bbai, precizit\u0101tei un ilgm\u016b\u017e\u012bbai, nodro\u0161inot, ka t\u0101 sp\u0113j tikt gal\u0101 ar lauksaimniec\u012bbas tehnikas stingraj\u0101m pras\u012bb\u0101m da\u017e\u0101dos apst\u0101k\u013cos.<\/p>\n<p><img loading=\"lazy\" decoding=\"async\" class=\"alignnone size-full wp-image-2588\" src=\"https:\/\/fmp-components.com\/wp-content\/uploads\/2025\/01\/FMP-FK215-Square-Baler-Gearbox-Applications-980x4831-1.webp\" alt=\"FMP-FK215-Kvadr\u0101t\u0137\u012bpu preses-reduktora-lieto\u0161anas-pieteikumi-980x483(1)\" width=\"980\" height=\"483\" title=\"\" srcset=\"https:\/\/fmp-components.com\/wp-content\/uploads\/2025\/01\/FMP-FK215-Square-Baler-Gearbox-Applications-980x4831-1.webp 980w, https:\/\/fmp-components.com\/wp-content\/uploads\/2025\/01\/FMP-FK215-Square-Baler-Gearbox-Applications-980x4831-1-480x237.webp 480w\" sizes=\"(min-width: 0px) and (max-width: 480px) 480px, (min-width: 481px) 980px, 100vw\" \/><\/p>\n<h2>Kvadr\u0101tveida preses p\u0101rnesumk\u0101rbas FMP-FK215 pielietojums<\/h2>\n<div class=\"flex max-w-full flex-col flex-grow\">\n<div class=\"min-h-8 text-message flex w-full flex-col items-end gap-2 whitespace-normal break-words text-start [.text-message+&amp;]:mt-5\" dir=\"auto\" data-message-author-role=\"assistant\" data-message-id=\"3c7df252-c509-4480-9f6e-9203a002b444\" data-message-model-slug=\"gpt-4o\">\n<div class=\"flex w-full flex-col gap-1 empty:hidden first:pt-[3px]\">\n<div class=\"markdown prose w-full break-words dark:prose-invert light\">\n<p>FMP-FK215 kvadr\u0101tveida preses p\u0101rnesumk\u0101rba ir \u012bpa\u0161i izstr\u0101d\u0101ta, lai nodro\u0161in\u0101tu uzticamu jaudas p\u0101rvadi un efekt\u012bvu darb\u012bbu kvadr\u0101tveida pres\u0113m lauksaimniec\u012bbas vajadz\u012bb\u0101m. T\u0101s iztur\u012bg\u0101 konstrukcija un prec\u012bz\u0101 in\u017eenierija padara to piem\u0113rotu pla\u0161am uzdevumu kl\u0101stam lauksaimniec\u012bbas nozar\u0113. \u0160eit ir galvenie FMP-FK215 kvadr\u0101tveida preses p\u0101rnesumk\u0101rbas pielietojumi:<\/p>\n<p><strong>Siena un salmu pres\u0113\u0161ana<\/strong><\/p>\n<ul>\n<li><strong>Pieteikums<\/strong>FMP-FK215 kvadr\u0101tveida preses p\u0101rnesumk\u0101rba parasti tiek izmantota siena un salmu pres\u0113\u0161anas ma\u0161\u012bn\u0101s. T\u0101 pal\u012bdz darbin\u0101t pres\u0113\u0161anas meh\u0101nismu, nodro\u0161inot siena, salmu vai citu lopbar\u012bbas kult\u016bru efekt\u012bvu sav\u0101k\u0161anu un sabl\u012bv\u0113\u0161anu cie\u0161i saist\u012bt\u0101s taisnst\u016brveida \u0137\u012bp\u0101s.<\/li>\n<li><strong>Ieguvumi<\/strong>Nodro\u0161ina vienm\u0113r\u012bgu un past\u0101v\u012bgu darb\u012bbu, uzlabojot produktivit\u0101ti un samazinot d\u012bkst\u0101ves laiku siena un salmu nov\u0101k\u0161anas laik\u0101.<\/li>\n<\/ul>\n<p><strong>Sk\u0101bbar\u012bbas pres\u0113\u0161ana<\/strong><\/p>\n<ul>\n<li><strong>Pieteikums<\/strong>\u0160o p\u0101rnesumk\u0101rbu izmanto ar\u012b sk\u0101bbar\u012bbas pres\u0113s sk\u0101bbar\u012bbas sav\u0101k\u0161anai un bl\u012bv\u0113\u0161anai, ko izmanto k\u0101 lopbar\u012bbu. FMP-FK215 pal\u012bdz apstr\u0101d\u0101t mitru un bl\u012bvu materi\u0101lu, nodro\u0161inot, ka prese darbojas efekt\u012bvi pat ar smag\u0101ku, mitr\u0101ku materi\u0101lu.<\/li>\n<li><strong>Ieguvumi<\/strong>Nodro\u0161ina nemain\u012bgu griezes momentu pat lielas slodzes apst\u0101k\u013cos, garant\u0113jot vien\u0101du ru\u013c\u013cu izm\u0113ru un samazinot slodzi uz cit\u0101m preses sast\u0101vda\u013c\u0101m.<\/li>\n<\/ul>\n<p><strong>Lucernas \u0137\u012bpo\u0161ana<\/strong><\/p>\n<ul>\n<li><strong>Pieteikums<\/strong>Lucerna, kas ir lopbar\u012bbas kult\u016bra ar augstu olbaltumvielu saturu, bie\u017ei tiek nov\u0101kta un pres\u0113ta, lai izmantotu k\u0101 lopbar\u012bbu. FMP-FK215 p\u0101rnesumk\u0101rbai ir galven\u0101 loma pres\u0113\u0161anas proces\u0101, nodro\u0161inot, ka tehnika var apstr\u0101d\u0101t lielo lucernas apjomu un bl\u012bvumu.<\/li>\n<li><strong>Ieguvumi<\/strong>P\u0101rnesumk\u0101rba nodro\u0161ina vienm\u0113r\u012bgu jaudas p\u0101rnesi un efekt\u012bvu darb\u012bbu pat strauji augo\u0161u un bl\u012bvu lucernas kult\u016bru gad\u012bjum\u0101.<\/li>\n<\/ul>\n<p><strong>Ra\u017eas atlikumu pres\u0113\u0161ana<\/strong><\/p>\n<ul>\n<li><strong>Pieteikums<\/strong>P\u0113c galven\u0101s ra\u017eas nov\u0101k\u0161anas kult\u016braugu atliekas (piem\u0113ram, kvie\u0161u, mie\u017eu vai kukur\u016bzas k\u0101ti) tiek sav\u0101ktas un pres\u0113tas, lai izmantotu k\u0101 pakai\u0161us m\u0101jlopiem, mul\u010du vai bioener\u0123ijas ieguves vajadz\u012bb\u0101m. FMP-FK215 p\u0101rnesumk\u0101rba ir piem\u0113rota \u0161iem lietojumiem, jo \u200b\u200bt\u0101 atbilst \u0161\u0101du materi\u0101lu pres\u0113\u0161anas smagaj\u0101m pras\u012bb\u0101m.<\/li>\n<li><strong>Ieguvumi<\/strong>Nodro\u0161ina, ka prese var tikt gal\u0101 ar da\u017ek\u0101rt cietaj\u0101m un \u0161\u0137iedrainaj\u0101m kult\u016braugu atliek\u0101m, palielinot atlieku p\u0101rvald\u012bbas efektivit\u0101ti lauksaimniec\u012bbas darb\u012bb\u0101s.<\/li>\n<\/ul>\n<h3>Galven\u0101s priek\u0161roc\u012bbas, izmantojot FMP-FK215 kvadr\u0101tveida preses p\u0101rnesumk\u0101rbu \u0161ajos pielietojumos:<\/h3>\n<ul>\n<li><strong>Uzticam\u012bba<\/strong>: Izstr\u0101d\u0101ts, lai iztur\u0113tu intens\u012bvu lieto\u0161anu ar minim\u0101lu apkopi.<\/li>\n<li><strong>Efektivit\u0101te<\/strong>Nodro\u0161ina nemain\u012bgu veiktsp\u0113ju, optimiz\u0113jot pres\u0113\u0161anas procesa \u0101trumu un precizit\u0101ti.<\/li>\n<li><strong>Iztur\u012bba<\/strong>Izgatavots no augstas kvalit\u0101tes materi\u0101liem un prec\u012bzi konstru\u0113t\u0101m deta\u013c\u0101m, lai tiktu gal\u0101 ar sare\u017e\u0123\u012btiem lauksaimniec\u012bbas uzdevumiem.<\/li>\n<li><strong>Piel\u0101go\u0161ana<\/strong>Piem\u0113rots pla\u0161am kult\u016braugu veidu un pres\u0113\u0161anas apst\u0101k\u013cu kl\u0101stam, pied\u0101v\u0101jot elast\u012bbu da\u017e\u0101d\u0101m lauksaimniec\u012bbas darb\u012bb\u0101m.<\/li>\n<\/ul>\n<p>FMP-FK215 kvadr\u0101tveida preses p\u0101rnesumk\u0101rba ir daudzpus\u012bga un uzticama sast\u0101vda\u013ca, kam ir iz\u0161\u0137iro\u0161a noz\u012bme kvadr\u0101tveida preses efekt\u012bv\u0101 darb\u012bb\u0101 da\u017e\u0101dos lauksaimniec\u012bbas darbos. T\u0101s stabil\u0101 veiktsp\u0113ja nodro\u0161ina, ka lauksaimnieki un lauksaimniec\u012bbas uz\u0146\u0113mumi var uztur\u0113t augstu produktivit\u0101ti un darb\u012bbas efektivit\u0101ti da\u017e\u0101dos pres\u0113\u0161anas uzdevumos.<\/p>\n<p><img loading=\"lazy\" decoding=\"async\" class=\"alignnone size-full wp-image-2585\" src=\"https:\/\/fmp-components.com\/wp-content\/uploads\/2025\/01\/Square-Baler-Gearbox-FMP-FK215-Maintenance1.webp\" alt=\"Kvadr\u0101tveida-Preses-Reduktora-FMP-FK215-Apkope(1)\" width=\"1090\" height=\"864\" title=\"\" srcset=\"https:\/\/fmp-components.com\/wp-content\/uploads\/2025\/01\/Square-Baler-Gearbox-FMP-FK215-Maintenance1.webp 1090w, https:\/\/fmp-components.com\/wp-content\/uploads\/2025\/01\/Square-Baler-Gearbox-FMP-FK215-Maintenance1-980x777.webp 980w, https:\/\/fmp-components.com\/wp-content\/uploads\/2025\/01\/Square-Baler-Gearbox-FMP-FK215-Maintenance1-480x380.webp 480w\" sizes=\"(min-width: 0px) and (max-width: 480px) 480px, (min-width: 481px) and (max-width: 980px) 980px, (min-width: 981px) 1090px, 100vw\" \/><\/p>\n<h2>Par FMP<\/h2>\n<p>FMP galven\u0101 m\u012btne atrodas It\u0101lij\u0101, un tas ir vado\u0161ais ra\u017eot\u0101js, kas specializ\u0113jas augstas veiktsp\u0113jas p\u0101rnesumk\u0101rbu projekt\u0113\u0161an\u0101, izstr\u0101d\u0113 un ra\u017eo\u0161an\u0101, \u012bpa\u0161i koncentr\u0113joties uz lauksaimniec\u012bbas tehnikas sektoru. FMP, kas ir paz\u012bstams ar savu prec\u012bzo in\u017eenieriju, inovat\u012bvajiem risin\u0101jumiem un nelok\u0101mo uzticam\u012bbu, ir iemantojis klientu uztic\u012bbu gan lauksaimniec\u012bbas, gan r\u016bpniec\u012bbas tirgos. M\u016bsu pla\u0161aj\u0101 produktu kl\u0101st\u0101 ietilpst specializ\u0113tas p\u0101rnesumk\u0101rbas z\u0101les p\u013c\u0101v\u0113jiem, j\u016bgv\u0101rpst\u0101m un cit\u0101m svar\u012bg\u0101m sast\u0101vda\u013c\u0101m, kas visas ir r\u016bp\u012bgi izstr\u0101d\u0101tas, lai nodro\u0161in\u0101tu piel\u0101gotus risin\u0101jumus da\u017e\u0101diem lietojumiem.<\/p>\n<p>Uz\u0146\u0113mum\u0101 FMP m\u0113s apzin\u0101mies, ka katra klienta vajadz\u012bbas un izaicin\u0101jumi ir unik\u0101li. T\u0101p\u0113c m\u0113s specializ\u0113jamies piel\u0101gotu risin\u0101jumu snieg\u0161an\u0101, neatkar\u012bgi no t\u0101, vai tie attiecas uz atsevi\u0161\u0137\u0101m komponent\u0113m vai piln\u012bb\u0101 integr\u0113t\u0101m sist\u0113m\u0101m. M\u0113s cie\u0161i sadarbojamies ar saviem klientiem, lai nodro\u0161in\u0101tu, ka katrs risin\u0101jums ne tikai atbilst vi\u0146u pras\u012bb\u0101m, bet ar\u012b optimiz\u0113 gan veiktsp\u0113ju, gan v\u0113rt\u012bbu. M\u016bsu ap\u0146em\u0161an\u0101s sniegt \u0101tras un profesion\u0101las atbildes apvienojum\u0101 ar ekspertu nor\u0101d\u012bjumiem nodro\u0161ina, ka katrs piepras\u012bjums tiek apstr\u0101d\u0101ts ar visliel\u0101ko r\u016bp\u012bbu, t\u0101d\u0113j\u0101di sasniedzot optim\u0101lus rezult\u0101tus.<\/p>\n<p>M\u0113s pie\u0161\u0137iram lielu noz\u012bmi atv\u0113rtai un nep\u0101rtrauktai komunik\u0101cijai vis\u0101 produktu izstr\u0101des dz\u012bves cikl\u0101. M\u016bsu \u012bpa\u0161i izveidot\u0101 komanda tie\u0161i sadarbojas ar klientiem, lai piln\u012bb\u0101 izprastu vi\u0146u \u012bpa\u0161\u0101s vajadz\u012bbas, sniedzot v\u0113rt\u012bgas atzi\u0146as un ieteikumus, lai garant\u0113tu visefekt\u012bv\u0101kos risin\u0101jumus. Neatkar\u012bgi no t\u0101, vai izstr\u0101d\u0101jam inovat\u012bvus produktus vai izpild\u0101m past\u0101v\u012bgus pas\u016bt\u012bjumus, FMP ir ap\u0146\u0113musies vienm\u0113r savlaic\u012bgi pieg\u0101d\u0101t augstas kvalit\u0101tes, prec\u012bzi izstr\u0101d\u0101tus risin\u0101jumus. M\u016bsu m\u0113r\u0137is ir p\u0101rsniegt klientu cer\u012bbas un nodro\u0161in\u0101t izcilu servisu un rezult\u0101tus katr\u0101 projekt\u0101.<\/p>\n<p>Kvalit\u0101te ir FMP darb\u012bbas pamat\u0101. M\u0113s iev\u0113rojam augst\u0101kos ra\u017eo\u0161anas standartus, ievie\u0161ot stingrus kvalit\u0101tes kontroles procesus, lai nodro\u0161in\u0101tu, ka katrs produkts ne tikai atbilst, bet ar\u012b p\u0101rsniedz nozares standartus. \u0160\u012b nelok\u0101m\u0101 ap\u0146em\u0161an\u0101s sasniegt izcil\u012bbu apvienojum\u0101 ar m\u016bsu pamatv\u0113rt\u012bb\u0101m \u2013 integrit\u0101ti, komandas darbu un neatlaid\u012bbu \u2013 ir \u013c\u0101vusi mums veidot ilgsto\u0161as, uz uztic\u012bbu balst\u012btas attiec\u012bbas ar klientiem gandr\u012bz 30 valst\u012bs vis\u0101 pasaul\u0113.<\/p>\n<p>FMP vienm\u0113r ir atv\u0113rts glob\u0101lu partnerattiec\u012bbu veido\u0161anai un ir ap\u0146\u0113mies pied\u0101v\u0101t ekspertu padomus un individu\u0101lus risin\u0101jumus, kas atbilst m\u016bsu klientu da\u017e\u0101daj\u0101m vajadz\u012bb\u0101m. M\u0113s ne tikai pied\u0101v\u0101jam produktus; m\u0113s veidojam ilgsto\u0161as \u200b\u200battiec\u012bbas, kas veicina katra projekta pan\u0101kumus. Neatkar\u012bgi no t\u0101, vai mekl\u0113jat inovat\u012bvus risin\u0101jumus jaunam uz\u0146\u0113mumam vai past\u0101v\u012bgu atbalstu eso\u0161ai sist\u0113mai, FMP ir ap\u0146\u0113mies p\u0101rvar\u0113t j\u016bsu tehnisk\u0101s probl\u0113mas un nodro\u0161in\u0101t j\u016bsu ilgtsp\u0113j\u012bgus pan\u0101kumus.<\/p>\n<p><img loading=\"lazy\" decoding=\"async\" class=\"alignnone size-full wp-image-1861\" src=\"https:\/\/fmp-components.com\/wp-content\/uploads\/2024\/12\/Other-Agricultural-Gearboxes.webp\" sizes=\"(min-width: 0px) and (max-width: 480px) 480px, (min-width: 481px) and (max-width: 980px) 980px, (min-width: 981px) 1200px, 100vw\" srcset=\"https:\/\/fmp-components.com\/wp-content\/uploads\/2024\/12\/Other-Agricultural-Gearboxes.webp 1200w, https:\/\/fmp-components.com\/wp-content\/uploads\/2024\/12\/Other-Agricultural-Gearboxes-980x1143.webp 980w, https:\/\/fmp-components.com\/wp-content\/uploads\/2024\/12\/Other-Agricultural-Gearboxes-480x560.webp 480w\" alt=\"Altri-cambi-agricoli\" width=\"1200\" height=\"1400\" title=\"\"><\/p>\n<p>Autors: CX<\/p>\n<\/div>\n<\/div>\n<\/div>\n<\/div>","protected":false},"excerpt":{"rendered":"<p>Dimensions of Square Baler Gearbox FMP-FK215 FMP-FK215 Square Baler Gearbox Shaft\u00a0Dimensions FMP-FK215 Square Baler Gearbox Technical Data i Suitable Rpm input Rpm output KW(Nom) KW(Max) Toothing r\/min r\/min hp hp Speed increase 1:1.33 Square Baler, etc 540 718.2 80 120 Gleason Straight Teeth Remark: If you have any special require feel free let me know, [&hellip;]<\/p>","protected":false},"featured_media":2586,"comment_status":"open","ping_status":"closed","template":"","meta":{"_et_pb_use_builder":"","_et_pb_old_content":"","_et_gb_content_width":""},"product_brand":[],"product_cat":[62],"product_tag":[],"class_list":{"0":"post-2573","1":"product","2":"type-product","3":"status-publish","4":"has-post-thumbnail","6":"product_cat-square-baler-gearbox","8":"first","9":"instock","10":"shipping-taxable","11":"product-type-simple"},"_links":{"self":[{"href":"https:\/\/fmp-components.com\/lv\/wp-json\/wp\/v2\/product\/2573","targetHints":{"allow":["GET"]}}],"collection":[{"href":"https:\/\/fmp-components.com\/lv\/wp-json\/wp\/v2\/product"}],"about":[{"href":"https:\/\/fmp-components.com\/lv\/wp-json\/wp\/v2\/types\/product"}],"replies":[{"embeddable":true,"href":"https:\/\/fmp-components.com\/lv\/wp-json\/wp\/v2\/comments?post=2573"}],"wp:featuredmedia":[{"embeddable":true,"href":"https:\/\/fmp-components.com\/lv\/wp-json\/wp\/v2\/media\/2586"}],"wp:attachment":[{"href":"https:\/\/fmp-components.com\/lv\/wp-json\/wp\/v2\/media?parent=2573"}],"wp:term":[{"taxonomy":"product_brand","embeddable":true,"href":"https:\/\/fmp-components.com\/lv\/wp-json\/wp\/v2\/product_brand?post=2573"},{"taxonomy":"product_cat","embeddable":true,"href":"https:\/\/fmp-components.com\/lv\/wp-json\/wp\/v2\/product_cat?post=2573"},{"taxonomy":"product_tag","embeddable":true,"href":"https:\/\/fmp-components.com\/lv\/wp-json\/wp\/v2\/product_tag?post=2573"}],"curies":[{"name":"wp","href":"https:\/\/api.w.org\/{rel}","templated":true}]}}