{"id":2559,"date":"2025-01-03T00:49:42","date_gmt":"2025-01-03T00:49:42","guid":{"rendered":"https:\/\/fmp-components.com\/?page_id=8"},"modified":"2025-01-03T00:49:42","modified_gmt":"2025-01-03T00:49:42","slug":"fertilizer-mixer-gearboxes-replacement-of-comer-code-mr-90-11","status":"publish","type":"product","link":"https:\/\/fmp-components.com\/lv\/product\/fertilizer-mixer-gearboxes-replacement-of-comer-code-mr-90-11\/","title":{"rendered":"M\u0113slojuma mais\u012bt\u0101ja p\u0101rnesumk\u0101rbas \u2013 Comer koda MR-90 nomai\u0146a 1:1"},"content":{"rendered":"<table style=\"border-collapse: collapse; width: 100.381%; height: 37px;\" border=\"0\" width=\"128\" cellspacing=\"0\" cellpadding=\"0\">\n<tbody>\n<tr style=\"height: 13.8pt;\">\n<td style=\"height: 37px; width: 49.6183%;\" align=\"right\" width=\"64\" height=\"18\"><img loading=\"lazy\" decoding=\"async\" class=\"alignnone size-full wp-image-2577\" src=\"https:\/\/fmp-components.com\/wp-content\/uploads\/2025\/01\/Fertilizer-Mixer-Gearboxes-Replacement-of-Comer-Code-MR-90.webp\" alt=\"M\u0113slojuma mais\u012bt\u0101ja p\u0101rnesumk\u0101rbu nomai\u0146a Comer Code MR-90\" width=\"600\" height=\"600\" title=\"\" srcset=\"https:\/\/fmp-components.com\/wp-content\/uploads\/2025\/01\/Fertilizer-Mixer-Gearboxes-Replacement-of-Comer-Code-MR-90.webp 600w, https:\/\/fmp-components.com\/wp-content\/uploads\/2025\/01\/Fertilizer-Mixer-Gearboxes-Replacement-of-Comer-Code-MR-90-480x480.webp 480w\" sizes=\"(min-width: 0px) and (max-width: 480px) 480px, (min-width: 481px) 600px, 100vw\" \/><\/td>\n<td style=\"width: 571.348%; height: 37px;\" align=\"right\" width=\"64\"><img loading=\"lazy\" decoding=\"async\" class=\"alignnone size-full wp-image-2578\" src=\"https:\/\/fmp-components.com\/wp-content\/uploads\/2025\/01\/Fertilizer-Mixer-Gearboxes-Replacement-of-Comer-Gearbox-MR-90.webp\" alt=\"M\u0113slojuma mais\u012bt\u0101ja p\u0101rnesumk\u0101rbas - Comer p\u0101rnesumk\u0101rbas MR-90 nomai\u0146a\" width=\"600\" height=\"600\" title=\"\" srcset=\"https:\/\/fmp-components.com\/wp-content\/uploads\/2025\/01\/Fertilizer-Mixer-Gearboxes-Replacement-of-Comer-Gearbox-MR-90.webp 600w, https:\/\/fmp-components.com\/wp-content\/uploads\/2025\/01\/Fertilizer-Mixer-Gearboxes-Replacement-of-Comer-Gearbox-MR-90-480x480.webp 480w\" sizes=\"(min-width: 0px) and (max-width: 480px) 480px, (min-width: 481px) 600px, 100vw\" \/><\/td>\n<\/tr>\n<\/tbody>\n<\/table>\n<h2>M\u0113slojuma mais\u012bt\u0101ja reduktora MR-90 (1:1) specifik\u0101cijas<\/h2>\n<p><img loading=\"lazy\" decoding=\"async\" class=\"alignnone size-full wp-image-2579\" src=\"https:\/\/fmp-components.com\/wp-content\/uploads\/2025\/01\/Fertilizer-Mixer-Gearbox-MR-90-Specifications.webp\" alt=\"M\u0113slojuma mais\u012bt\u0101ja p\u0101rnesumk\u0101rbas MR-90 specifik\u0101cijas\" width=\"1901\" height=\"1075\" title=\"\" srcset=\"https:\/\/fmp-components.com\/wp-content\/uploads\/2025\/01\/Fertilizer-Mixer-Gearbox-MR-90-Specifications.webp 1901w, https:\/\/fmp-components.com\/wp-content\/uploads\/2025\/01\/Fertilizer-Mixer-Gearbox-MR-90-Specifications-1280x724.webp 1280w, https:\/\/fmp-components.com\/wp-content\/uploads\/2025\/01\/Fertilizer-Mixer-Gearbox-MR-90-Specifications-980x554.webp 980w, https:\/\/fmp-components.com\/wp-content\/uploads\/2025\/01\/Fertilizer-Mixer-Gearbox-MR-90-Specifications-480x271.webp 480w\" sizes=\"(min-width: 0px) and (max-width: 480px) 480px, (min-width: 481px) and (max-width: 980px) 980px, (min-width: 981px) and (max-width: 1280px) 1280px, (min-width: 1281px) 1901px, 100vw\" \/><\/p>\n<table class=\"kh-1xzm1su\" border=\"1\" cellspacing=\"0\" cellpadding=\"0\" data-intent=\"lists-product-attributes\" data-test-id=\"attributes-list\">\n<tbody class=\"kh-1ago99h\">\n<tr id=\"alexis#custom#item-id\" class=\"kh-bwvum6\" data-test-id=\"attribute-row\">\n<th class=\"kh-10oizfy\"><strong>Produkta apraksts<\/strong><\/th>\n<td class=\"kh-1f5nhat\">\n<div class=\"kh-pkx4zo\">M\u0113slojuma mais\u012bt\u0101ja p\u0101rnesumk\u0101rbas \u2014 Comer p\u0101rnesumk\u0101rbas MR-90 nomai\u0146a 1:1<\/div>\n<\/td>\n<\/tr>\n<tr id=\"attProductDetails\" class=\"kh-bwvum6\" data-test-id=\"attribute-row\">\n<th class=\"kh-10oizfy\">Produkta inform\u0101cija<\/th>\n<td class=\"kh-1f5nhat\">\n<ul>\n<li class=\"kh-16zd49f\">Sazinieties ar mums, lai uzzin\u0101tu par jaudu pie citiem apgriezieniem min\u016bt\u0113<\/li>\n<li class=\"kh-16zd49f\">P\u0101rnesumk\u0101rba tiek pieg\u0101d\u0101ta bez e\u013c\u013cas, un t\u0101 ir j\u0101uzpilda pirms pirm\u0101s lieto\u0161anas reizes.<\/li>\n<li class=\"kh-16zd49f\">Vispirms e\u013c\u013cas mai\u0146a p\u0113c 50\u201370 darba stund\u0101m, p\u0113c tam p\u0113c 500\u2013700 darba stund\u0101m vai vismaz reizi gad\u0101.<\/li>\n<\/ul>\n<\/td>\n<\/tr>\n<tr id=\"attApplicationRange\" class=\"kh-bwvum6\" data-test-id=\"attribute-row\">\n<th class=\"kh-10oizfy\">Pielietojuma diapazons<\/th>\n<td class=\"kh-1f5nhat\">\n<ul>\n<li class=\"kh-16zd49f\">Da\u017e\u0101di (lauksaimniec\u012bbas) pielietojumi<\/li>\n<li class=\"kh-16zd49f\">M\u0113slojuma mais\u012bt\u0101js<\/li>\n<\/ul>\n<\/td>\n<\/tr>\n<tr id=\"attConsistsOf\" class=\"kh-bwvum6\" data-test-id=\"attribute-row\">\n<th class=\"kh-10oizfy\">Sast\u0101v no<\/th>\n<td class=\"kh-1f5nhat\">\n<ul>\n<li class=\"kh-16zd49f\">\u0100trumk\u0101rba<\/li>\n<li class=\"kh-16zd49f\">Bez e\u013c\u013cas<\/li>\n<\/ul>\n<\/td>\n<\/tr>\n<tr id=\"taMaxInputPowerKw\" class=\"kh-bwvum6\" data-test-id=\"attribute-row\">\n<th class=\"kh-10oizfy\">Maks. ieejas jauda<\/th>\n<td class=\"kh-1f5nhat\">\n<div class=\"kh-pkx4zo\">62,6 kW<\/div>\n<\/td>\n<\/tr>\n<tr id=\"taMaxOutputTorqueNm_\" class=\"kh-bwvum6\" data-test-id=\"attribute-row\">\n<th class=\"kh-10oizfy\">Maks. izejas griezes moments<\/th>\n<td class=\"kh-1f5nhat\">\n<div class=\"kh-pkx4zo\">1071 nm<\/div>\n<\/td>\n<\/tr>\n<tr id=\"taMaxOutputTorqueDaNm\" class=\"kh-bwvum6\" data-test-id=\"attribute-row\">\n<th class=\"kh-10oizfy\">Maks. izejas griezes moments<\/th>\n<td class=\"kh-1f5nhat\">\n<div class=\"kh-pkx4zo\">107,1 daNm<\/div>\n<\/td>\n<\/tr>\n<tr id=\"taContainsOil\" class=\"kh-bwvum6\" data-test-id=\"attribute-row\">\n<th class=\"kh-10oizfy\">Satur e\u013c\u013cu<\/th>\n<td class=\"kh-1f5nhat\">\n<div class=\"kh-pkx4zo\">N\u0113<\/div>\n<\/td>\n<\/tr>\n<tr id=\"taMaxOilCapacityL\" class=\"kh-bwvum6\" data-test-id=\"attribute-row\">\n<th class=\"kh-10oizfy\">Maks. e\u013c\u013cas ietilp\u012bba<\/th>\n<td class=\"kh-1f5nhat\">\n<div class=\"kh-pkx4zo\">0,8 l<\/div>\n<\/td>\n<\/tr>\n<tr id=\"taMaxOilChangeIntervalH\" class=\"kh-bwvum6\" data-test-id=\"attribute-row\">\n<th class=\"kh-10oizfy\">Maks. e\u013c\u013cas mai\u0146as interv\u0101ls<\/th>\n<td class=\"kh-1f5nhat\">\n<div class=\"kh-pkx4zo\">500 stundas<\/div>\n<\/td>\n<\/tr>\n<tr id=\"taOilSAEViscosityGrade\" class=\"kh-bwvum6\" data-test-id=\"attribute-row\">\n<th class=\"kh-10oizfy\">E\u013c\u013cas SAE viskozit\u0101tes klase<\/th>\n<td class=\"kh-1f5nhat\">\n<div class=\"kh-pkx4zo\">80W-90<\/div>\n<\/td>\n<\/tr>\n<tr id=\"taHousingMaterial_16\" class=\"kh-bwvum6\" data-test-id=\"attribute-row\">\n<th class=\"kh-10oizfy\">Korpusa materi\u0101ls<\/th>\n<td class=\"kh-1f5nhat\">\n<div class=\"kh-pkx4zo\">\u010cuguns GG25<\/div>\n<\/td>\n<\/tr>\n<tr id=\"taWeightKg_75\" class=\"kh-bwvum6\" data-test-id=\"attribute-row\">\n<th class=\"kh-10oizfy\">Svars<\/th>\n<td class=\"kh-1f5nhat\">\n<div class=\"kh-pkx4zo\">27,5 kg<\/div>\n<\/td>\n<\/tr>\n<tr id=\"taGearArrangement\" class=\"kh-bwvum6\" data-test-id=\"attribute-row\">\n<th class=\"kh-10oizfy\">P\u0101rnesumu izvietojums<\/th>\n<td class=\"kh-1f5nhat\">\n<div class=\"kh-pkx4zo\">43 &#8211; 44<\/div>\n<\/td>\n<\/tr>\n<tr id=\"taRatio\" class=\"kh-bwvum6\" data-test-id=\"attribute-row\">\n<th class=\"kh-10oizfy\">Attiec\u012bba<\/th>\n<td class=\"kh-1f5nhat\">\n<div class=\"kh-pkx4zo\">1:1<\/div>\n<\/td>\n<\/tr>\n<tr id=\"taSPLITInputSection\" class=\"kh-bwvum6\" data-test-id=\"attribute-row\">\n<th class=\"kh-10oizfy\">Ievades sada\u013ca<\/th>\n<td class=\"kh-1f5nhat\">\n<div class=\"kh-pkx4zo\">J\u0101<\/div>\n<\/td>\n<\/tr>\n<tr id=\"taSPLITInputShaft\" class=\"kh-bwvum6\" data-test-id=\"attribute-row\">\n<th class=\"kh-10oizfy\">Ieejas v\u0101rpsta<\/th>\n<td class=\"kh-1f5nhat\">\n<div class=\"kh-pkx4zo\">J\u0101<\/div>\n<\/td>\n<\/tr>\n<tr id=\"taShaftX\" class=\"kh-bwvum6\" data-test-id=\"attribute-row\">\n<th class=\"kh-10oizfy\">V\u0101rpsta X<\/th>\n<td class=\"kh-1f5nhat\">\n<div class=\"kh-pkx4zo\">1 3\/8 collas (6) (C)<\/div>\n<\/td>\n<\/tr>\n<tr id=\"taShaftY\" class=\"kh-bwvum6\" data-test-id=\"attribute-row\">\n<th class=\"kh-10oizfy\">Y v\u0101rpsta<\/th>\n<td class=\"kh-1f5nhat\">\n<div class=\"kh-pkx4zo\">1 3\/8 collas (6) (A)<\/div>\n<\/td>\n<\/tr>\n<tr id=\"taShaftZ\" class=\"kh-bwvum6\" data-test-id=\"attribute-row\">\n<th class=\"kh-10oizfy\">V\u0101rpsta Z<\/th>\n<td class=\"kh-1f5nhat\">\n<div class=\"kh-pkx4zo\">1 3\/8 collas (6) (A)<\/div>\n<\/td>\n<\/tr>\n<\/tbody>\n<\/table>\n<h2>M\u0113slojuma mais\u012bt\u0101ja reduktora MR-90 (1:1) priek\u0161roc\u012bbas<\/h2>\n<p>M\u0113slojuma mais\u012bt\u0101ja p\u0101rnesumk\u0101rba MR-90 ir paredz\u0113ta optim\u0101lai veiktsp\u0113jai lauksaimniec\u012bbas darbos, \u012bpa\u0161i m\u0113slo\u0161anas l\u012bdzek\u013cu mais\u012b\u0161anai. T\u0101l\u0101k ir nor\u0101d\u012btas galven\u0101s MR-90 p\u0101rnesumk\u0101rbas izmanto\u0161anas priek\u0161roc\u012bbas:<\/p>\n<p><strong>Efekt\u012bva jaudas p\u0101rvade<\/strong><\/p>\n<ul>\n<li>MR-90 p\u0101rnesumk\u0101rba efekt\u012bvi p\u0101rnes jaudu no ieejas v\u0101rpstas (j\u016bgv\u0101rpstas vai motora) uz mais\u012b\u0161anas meh\u0101nismu ar minim\u0101liem ener\u0123ijas zudumiem. \u0160\u012b efektivit\u0101te nodro\u0161ina, ka motors vai traktora dzin\u0113js darbojas optim\u0101li, darbinot m\u0113slojuma mais\u012bt\u0101ju.<\/li>\n<li>1:1 p\u0101rnesumskaitlis nodro\u0161ina l\u012bdzsvarotu \u0101trumu un griezes momentu, \u013caujot vienm\u0113r\u012bgi un kontrol\u0113ti darboties, kas ir \u013coti svar\u012bgi, sajaucot jut\u012bgus materi\u0101lus, piem\u0113ram, m\u0113slo\u0161anas l\u012bdzek\u013cus.<\/li>\n<\/ul>\n<p><strong>Iztur\u012bga un uzticama veiktsp\u0113ja<\/strong><\/p>\n<ul>\n<li>MR-90 p\u0101rnesumk\u0101rba, kas izgatavota no augstas kvalit\u0101tes materi\u0101liem un prec\u012bzas in\u017eenierijas, ir paredz\u0113ta, lai iztur\u0113tu smag\u0101s lauksaimniec\u012bbas darb\u012bbas slodzi.<\/li>\n<li>P\u0101rnesumk\u0101rba pied\u0101v\u0101 izcilu iztur\u012bbu nep\u0101rtrauktas lieto\u0161anas laik\u0101, garant\u0113jot uzticamu darb\u012bbu ilgsto\u0161i bez bie\u017eiem boj\u0101jumiem, kas ir svar\u012bgi liela m\u0113roga m\u0113slo\u0161anas l\u012bdzek\u013cu mais\u012b\u0161an\u0101.<\/li>\n<\/ul>\n<h4>Vienm\u0113r\u012bga darb\u012bba ar minim\u0101lu vibr\u0101ciju<\/h4>\n<ul>\n<li>MR-90 p\u0101rnesumk\u0101rbas prec\u012bzie zobrati nodro\u0161ina vienm\u0113r\u012bgu un klusu darb\u012bbu, samazinot vibr\u0101ciju un troksni. Tas samazina tehnikas nodilumu un rada \u0113rt\u0101ku darba vidi.<\/li>\n<li>Vibr\u0101cijas samazin\u0101\u0161ana veicina ar\u012b p\u0101rnesumk\u0101rbas un citu pievienoto komponentu kop\u0113jo ilgm\u016b\u017e\u012bbu.<\/li>\n<\/ul>\n<p><strong>Kompakts dizains ar vienk\u0101r\u0161u integr\u0101ciju<\/strong><\/p>\n<ul>\n<li>MR-90 p\u0101rnesumk\u0101rbai ir kompakts dizains, ko var viegli integr\u0113t da\u017e\u0101d\u0101s m\u0113slojuma mais\u012b\u0161anas ma\u0161\u012bn\u0101s. T\u0101s vietu taupo\u0161\u0101 konstrukcija padara to ide\u0101li piem\u0113rotu lauksaimniec\u012bbas ma\u0161\u012bn\u0101m ar ierobe\u017eotu vietu.<\/li>\n<li>\u0160is kompaktums ar\u012b vienk\u0101r\u0161o uzst\u0101d\u012b\u0161anu, samazinot d\u012bkst\u0101ves laiku iek\u0101rtas iestat\u012b\u0161anas vai apkopes laik\u0101.<\/li>\n<\/ul>\n<p><strong>Uzlabota sajauk\u0161anas konsistence<\/strong><\/p>\n<ul>\n<li>Nodro\u0161inot vienm\u0113r\u012bgu rot\u0101cijas \u0101trumu un griezes momentu, MR-90 p\u0101rnesumk\u0101rba garant\u0113 m\u0113slojuma materi\u0101lu r\u016bp\u012bgu sajauk\u0161anu, k\u0101 rezult\u0101t\u0101 tiek pan\u0101kts vienm\u0113r\u012bgs sadal\u012bjums.<\/li>\n<li>Vienm\u0113r\u012bga sajauk\u0161ana nodro\u0161ina lab\u0101ku m\u0113slojuma mais\u012bjuma kvalit\u0101ti, kas ir \u013coti svar\u012bgi optim\u0101lai ra\u017eas nov\u0101k\u0161anai un efekt\u012bvai bar\u012bbas vielu pieg\u0101dei.<\/li>\n<\/ul>\n<p>Nosl\u0113gum\u0101 j\u0101saka, ka m\u0113slojuma mais\u012bt\u0101ja p\u0101rnesumk\u0101rba MR-90 (1:1) izce\u013cas ar efekt\u012bvu jaudas p\u0101rvadi, iztur\u012bbu, vienm\u0113r\u012bgu darb\u012bbu un daudzpus\u012bbu. T\u0101 pal\u012bdz uzlabot mais\u012b\u0161anas konsistenci, samazin\u0101t vibr\u0101ciju un apkopes vajadz\u012bbas, padarot to par rentablu un uzticamu izv\u0113li lauksaimniec\u012bbas vajadz\u012bb\u0101m.<\/p>\n<table style=\"border-collapse: collapse; width: 101.281%; height: 5px;\" border=\"0\" width=\"128\" cellspacing=\"0\" cellpadding=\"0\">\n<tbody>\n<tr style=\"height: 13.8pt;\">\n<td style=\"height: 13.8pt; width: 48pt;\" align=\"right\" width=\"64\" height=\"18\"><img loading=\"lazy\" decoding=\"async\" class=\"alignnone size-full wp-image-2580\" src=\"https:\/\/fmp-components.com\/wp-content\/uploads\/2025\/01\/Fertilizer-Mixer-Gearbox-MR-90-Applications-21.webp\" alt=\"M\u0113slojuma-mais\u012bt\u0101ja-p\u0101rnesumk\u0101rba-MR-90-lietojumi-2(1)\" width=\"964\" height=\"667\" title=\"\" srcset=\"https:\/\/fmp-components.com\/wp-content\/uploads\/2025\/01\/Fertilizer-Mixer-Gearbox-MR-90-Applications-21.webp 964w, https:\/\/fmp-components.com\/wp-content\/uploads\/2025\/01\/Fertilizer-Mixer-Gearbox-MR-90-Applications-21-480x332.webp 480w\" sizes=\"(min-width: 0px) and (max-width: 480px) 480px, (min-width: 481px) 964px, 100vw\" \/><\/td>\n<td style=\"width: 48pt;\" align=\"right\" width=\"64\"><img loading=\"lazy\" decoding=\"async\" class=\"alignnone size-full wp-image-2581\" src=\"https:\/\/fmp-components.com\/wp-content\/uploads\/2025\/01\/Fertilizer-Mixer-Gearbox-MR-90-Applications-11.webp\" alt=\"M\u0113slojuma mais\u012bt\u0101ja p\u0101rnesumk\u0101rbas MR-90 pielietojumi\" width=\"964\" height=\"667\" title=\"\" srcset=\"https:\/\/fmp-components.com\/wp-content\/uploads\/2025\/01\/Fertilizer-Mixer-Gearbox-MR-90-Applications-11.webp 964w, https:\/\/fmp-components.com\/wp-content\/uploads\/2025\/01\/Fertilizer-Mixer-Gearbox-MR-90-Applications-11-480x332.webp 480w\" sizes=\"(min-width: 0px) and (max-width: 480px) 480px, (min-width: 481px) 964px, 100vw\" \/><\/td>\n<\/tr>\n<\/tbody>\n<\/table>\n<h2>Lauksaimniec\u012bbas j\u016bgv\u0101rpsta m\u0113slojuma mais\u012bt\u0101ja p\u0101rnesumk\u0101rbai<\/h2>\n<p>Lauksaimniec\u012bbas j\u016bgv\u0101rpstai (j\u016bgv\u0101rpstai) ir iz\u0161\u0137iro\u0161a noz\u012bme meh\u0101nisk\u0101s jaudas p\u0101rnes\u0113 no traktora vai motora uz m\u0113slojuma mais\u012bt\u0101ja p\u0101rnesumk\u0101rbu. \u0160eit ir p\u0101rskats par j\u016bgv\u0101rpstu \u012bpa\u0161\u012bb\u0101m un priek\u0161roc\u012bb\u0101m, ko izmanto ar m\u0113slojuma mais\u012bt\u0101ja p\u0101rnesumk\u0101rb\u0101m:<\/p>\n<p><strong>Efekt\u012bva jaudas p\u0101rvade<\/strong><\/p>\n<ul>\n<li>J\u016bgv\u0101rpsta efekt\u012bvi p\u0101rnes jaudu no traktora dzin\u0113ja uz m\u0113slojuma mais\u012bt\u0101ja p\u0101rnesumk\u0101rbu. Tas \u013cauj mais\u012b\u0161anas iek\u0101rtai darboties ar v\u0113lamo \u0101trumu un griezes momentu.<\/li>\n<li>Labi konstru\u0113ta j\u016bgv\u0101rpsta nodro\u0161ina efekt\u012bvu jaudas p\u0101rnesi, samazinot ener\u0123ijas zudumus un optimiz\u0113jot mais\u012b\u0161anas iek\u0101rtas veiktsp\u0113ju.<\/li>\n<\/ul>\n<p><strong>Iztur\u012bga konstrukcija<\/strong><\/p>\n<ul>\n<li>Kard\u0101nv\u0101rpstas parasti tiek izgatavotas no augstas stipr\u012bbas t\u0113rauda vai citiem iztur\u012bgiem materi\u0101liem, lai iztur\u0113tu nep\u0101rtrauktas lauksaimniec\u012bbas lieto\u0161anas rad\u012bto slodzi un slodzi.<\/li>\n<li>Paredz\u0113ta lieljaudas oper\u0101cij\u0101m, v\u0101rpsta sp\u0113j iztur\u0113t da\u017e\u0101das slodzes un saglab\u0101t savu integrit\u0101ti pat sare\u017e\u0123\u012btos lauka apst\u0101k\u013cos.<\/li>\n<\/ul>\n<p><strong>Piel\u0101gojams da\u017e\u0101d\u0101m ma\u0161\u012bn\u0101m<\/strong><\/p>\n<ul>\n<li>Lauksaimniec\u012bbas j\u016bgv\u0101rpstas ir daudzpus\u012bgas un var tikt izmantotas ar pla\u0161u lauksaimniec\u012bbas tehnikas kl\u0101stu, tostarp m\u0113slojuma mais\u012bt\u0101jiem, bar\u012bbas mais\u012bt\u0101jiem un citiem darbar\u012bkiem.<\/li>\n<li>J\u016bgv\u0101rpsta ir paredz\u0113ta neman\u0101mam savienojumam ar m\u0113slojuma mais\u012bt\u0101ja p\u0101rnesumk\u0101rbu, nodro\u0161inot vienm\u0113r\u012bgu darb\u012bbu un uzticamu veiktsp\u0113ju da\u017e\u0101dos pielietojumos.<\/li>\n<\/ul>\n<p><strong>Elast\u012bgs un regul\u0113jams garums<\/strong><\/p>\n<ul>\n<li>Kard\u0101nv\u0101rpstas ir pieejamas ar regul\u0113jamu garumu, kas \u013cauj t\u0101s piel\u0101got da\u017e\u0101d\u0101m ma\u0161\u012bn\u0101m, tostarp m\u0113slojuma mais\u012bt\u0101jiem ar da\u017e\u0101diem izm\u0113riem un konfigur\u0101cij\u0101m.<\/li>\n<li>Regul\u0113jam\u012bba nodro\u0161ina, ka j\u016bgv\u0101rpstu var pareizi izl\u012bdzin\u0101t, lai nodro\u0161in\u0101tu dro\u0161u un efekt\u012bvu jaudas p\u0101rvadi.<\/li>\n<\/ul>\n<p><strong>Vienk\u0101r\u0161a savieno\u0161ana un atvieno\u0161ana<\/strong><\/p>\n<ul>\n<li>Kard\u0101nv\u0101rpsta ir paredz\u0113ta \u0101trai pievieno\u0161anai un atvieno\u0161anai gan no traktora, gan p\u0101rnesumk\u0101rbas. Tas \u013cauj to viegli pievienot un no\u0146emt, ietaupot laiku ma\u0161\u012bnas uzst\u0101d\u012b\u0161anas un apkopes laik\u0101.<\/li>\n<li>Da\u017e\u0101m kard\u0101nv\u0101rpst\u0101m ir aizsargvairogi vai dro\u0161\u012bbas funkcijas, lai nov\u0113rstu nejau\u0161u atvieno\u0161anos un nodro\u0161in\u0101tu operatora dro\u0161\u012bbu.<\/li>\n<\/ul>\n<p><strong>Vienm\u0113r\u012bga darb\u012bba<\/strong><\/p>\n<ul>\n<li>Augstas kvalit\u0101tes j\u016bgv\u0101rpsta nodro\u0161ina vienm\u0113r\u012bgu un nep\u0101rtrauktu jaudas pl\u016bsmu uz m\u0113slojuma mais\u012bt\u0101ja p\u0101rnesumk\u0101rbu. Tas garant\u0113 p\u0101rnesumk\u0101rbas efekt\u012bvu darb\u012bbu, nodro\u0161inot nepiecie\u0161amo griezes momentu mais\u012b\u0161anas l\u0101psti\u0146u pagrie\u0161anai ar pareizo \u0101trumu.<\/li>\n<li>Vienm\u0113r\u012bga darb\u012bba ar\u012b samazina p\u0101rnesumk\u0101rbas nodilumu, t\u0101d\u0113j\u0101di samazinot apkopes nepiecie\u0161am\u012bbu un pagarinot iek\u0101rtas kalpo\u0161anas laiku.<\/li>\n<\/ul>\n<p>Lauksaimniec\u012bbas j\u016bgv\u0101rpsta m\u0113slojuma mais\u012bt\u0101ja p\u0101rnesumk\u0101rbai ir b\u016btiska sast\u0101vda\u013ca jaudas p\u0101rne\u0161anai no traktora vai motora uz mais\u012b\u0161anas iek\u0101rtu. V\u0101rpsta nodro\u0161ina vienm\u0113r\u012bgu, efekt\u012bvu un uzticamu m\u0113slojuma mais\u012bt\u0101ja darb\u012bbu, vienlaikus saglab\u0101jot elast\u012bbu, dro\u0161\u012bbu un iztur\u012bbu. Neatkar\u012bgi no t\u0101, vai j\u016bgv\u0101rpstu izmantojat liela m\u0113roga lauksaimniec\u012bbas darb\u012bb\u0101m vai maz\u0101kiem, specializ\u0113t\u0101kiem uzdevumiem, t\u0101 ir paredz\u0113ta, lai uzlabotu m\u0113slojuma mais\u012bt\u0101ja p\u0101rnesumk\u0101rbas veiktsp\u0113ju, galu gal\u0101 veicinot efekt\u012bv\u0101ku un rentabl\u0101ku m\u0113slojuma sajauk\u0161anu.<\/p>\n<p><img loading=\"lazy\" decoding=\"async\" class=\"alignnone size-full wp-image-2582\" src=\"https:\/\/fmp-components.com\/wp-content\/uploads\/2025\/01\/Agricultural-PTO-Shaft-for-Fertilizer-Mixer-Gearbox1.webp\" alt=\"Lauksaimniec\u012bbas j\u016bgv\u0101rpsta m\u0113slojuma mais\u012bt\u0101ja p\u0101rnesumk\u0101rbai\" width=\"1194\" height=\"540\" title=\"\" srcset=\"https:\/\/fmp-components.com\/wp-content\/uploads\/2025\/01\/Agricultural-PTO-Shaft-for-Fertilizer-Mixer-Gearbox1.webp 1194w, https:\/\/fmp-components.com\/wp-content\/uploads\/2025\/01\/Agricultural-PTO-Shaft-for-Fertilizer-Mixer-Gearbox1-980x443.webp 980w, https:\/\/fmp-components.com\/wp-content\/uploads\/2025\/01\/Agricultural-PTO-Shaft-for-Fertilizer-Mixer-Gearbox1-480x217.webp 480w\" sizes=\"(min-width: 0px) and (max-width: 480px) 480px, (min-width: 481px) and (max-width: 980px) 980px, (min-width: 981px) 1194px, 100vw\" \/><\/p>\n<h2>Par FMP<\/h2>\n<p>FMP galven\u0101 m\u012btne atrodas It\u0101lij\u0101, un tas ir vado\u0161ais ra\u017eot\u0101js, kas atz\u012bts par savu pieredzi augstas veiktsp\u0113jas p\u0101rnesumk\u0101rbu projekt\u0113\u0161an\u0101, izstr\u0101d\u0113 un ra\u017eo\u0161an\u0101, \u012bpa\u0161i lauksaimniec\u012bbas tehnikas nozar\u0113. FMP, kas ir paz\u012bstams ar prec\u012bzu in\u017eenieriju, inovat\u012bviem risin\u0101jumiem un nep\u0101rsp\u0113jamu uzticam\u012bbu, ir k\u013cuvis par uzticamu partneri, risinot gan lauksaimniec\u012bbas, gan r\u016bpniec\u012bbas nozaru main\u012bg\u0101s vajadz\u012bbas. M\u016bsu pla\u0161aj\u0101 produktu kl\u0101st\u0101 ir iek\u013cautas specializ\u0113tas p\u0101rnesumk\u0101rbas z\u0101les p\u013c\u0101v\u0113jiem, j\u016bgv\u0101rpstas un citas svar\u012bgas sast\u0101vda\u013cas, katra no t\u0101m ir r\u016bp\u012bgi izstr\u0101d\u0101ta, lai nodro\u0161in\u0101tu piel\u0101gotus risin\u0101jumus pla\u0161am pielietojumu kl\u0101stam.<\/p>\n<p>Uz\u0146\u0113mum\u0101 FMP m\u0113s apzin\u0101mies, ka katram klientam ir unik\u0101las probl\u0113mas un pras\u012bbas. \u0160\u012b izpratne ir pamat\u0101 m\u016bsu ap\u0146em\u0161an\u0101s pied\u0101v\u0101t piel\u0101gotus risin\u0101jumus gan atsevi\u0161\u0137iem komponentiem, gan piln\u012bb\u0101 integr\u0113t\u0101m sist\u0113m\u0101m. M\u0113s cie\u0161i sadarbojamies ar saviem klientiem, lai nodro\u0161in\u0101tu, ka katrs risin\u0101jums ir ne tikai efekt\u012bvs, bet ar\u012b lietder\u012bgs, optimiz\u0113jot gan veiktsp\u0113ju, gan v\u0113rt\u012bbu. M\u016bsu pieeja \u2014 \u0101tras, profesion\u0101las atbildes apvienojum\u0101 ar ekspertu nor\u0101d\u012bjumiem \u2014 nodro\u0161ina, ka katrs piepras\u012bjums tiek apstr\u0101d\u0101ts ar visliel\u0101ko r\u016bp\u012bbu, t\u0101d\u0113j\u0101di nodro\u0161inot vislab\u0101kos iesp\u0113jamos rezult\u0101tus katram klientam.<\/p>\n<p>M\u0113s uzsveram atv\u0113rtu un nep\u0101rtrauktu komunik\u0101ciju vis\u0101 produktu izstr\u0101des proces\u0101. M\u016bsu \u012bpa\u0161i izveidot\u0101 komanda cie\u0161i sadarbojas ar klientiem, lai piln\u012bb\u0101 izprastu vi\u0146u \u012bpa\u0161\u0101s vajadz\u012bbas, sniedzot v\u0113rt\u012bgas atzi\u0146as un ieteikumus, kas noved pie optim\u0101liem risin\u0101jumiem. Neatkar\u012bgi no t\u0101, vai izstr\u0101d\u0101jam jaunus produktus vai izpild\u0101m eso\u0161os pas\u016bt\u012bjumus, FMP vienm\u0113r ir ap\u0146\u0113mies pieg\u0101d\u0101t augstas kvalit\u0101tes, prec\u012bzi izstr\u0101d\u0101tus risin\u0101jumus laik\u0101 un laik\u0101. M\u016bsu m\u0113r\u0137is ir p\u0101rsniegt klientu cer\u012bbas, nodro\u0161inot izcilu servisu un rezult\u0101tus katr\u0101 projekt\u0101.<\/p>\n<p>FMP darb\u012bbas pamat\u0101 ir nelok\u0101ma ap\u0146em\u0161an\u0101s nodro\u0161in\u0101t kvalit\u0101ti. M\u0113s iev\u0113rojam augst\u0101kos ra\u017eo\u0161anas standartus un ievie\u0161am stingras kvalit\u0101tes kontroles proced\u016bras, lai nodro\u0161in\u0101tu, ka katrs produkts p\u0101rsniedz nozares standartus. \u0160\u012b ap\u0146em\u0161an\u0101s nodro\u0161in\u0101t kvalit\u0101ti apvienojum\u0101 ar m\u016bsu v\u0113rt\u012bb\u0101m \u2013 integrit\u0101ti, komandas darbu un neatlaid\u012bbu \u2013 ir \u013c\u0101vusi mums veidot ilgsto\u0161as, uz uztic\u012bbu balst\u012btas attiec\u012bbas ar klientiem gandr\u012bz 30 valst\u012bs vis\u0101 pasaul\u0113.<\/p>\n<p>FMP vienm\u0113r ir atv\u0113rts glob\u0101lu partner\u012bbu veido\u0161anai un joproj\u0101m ir ap\u0146\u0113mies pied\u0101v\u0101t ekspertu padomus un piel\u0101gotus risin\u0101jumus, lai apmierin\u0101tu m\u016bsu klientu da\u017e\u0101d\u0101s vajadz\u012bbas. M\u016bsu m\u0113r\u0137is ir dar\u012bt vair\u0101k nek\u0101 tikai pieg\u0101d\u0101t produktus \u2014 m\u0113s cen\u0161amies veidot ilgsto\u0161as \u200b\u200battiec\u012bbas, kas veicina katra projekta pan\u0101kumus. Neatkar\u012bgi no t\u0101, vai mekl\u0113jat inovat\u012bvus risin\u0101jumus jaunam projektam vai past\u0101v\u012bgu atbalstu eso\u0161ai sist\u0113mai, FMP ir j\u016bsu partneris tehnisku izaicin\u0101jumu p\u0101rvar\u0113\u0161an\u0101 un ilgtsp\u0113j\u012bgu pan\u0101kumu nodro\u0161in\u0101\u0161an\u0101.<\/p>\n<p><img loading=\"lazy\" decoding=\"async\" class=\"alignnone size-full wp-image-1861\" src=\"https:\/\/fmp-components.com\/wp-content\/uploads\/2024\/12\/Other-Agricultural-Gearboxes.webp\" sizes=\"(min-width: 0px) and (max-width: 480px) 480px, (min-width: 481px) and (max-width: 980px) 980px, (min-width: 981px) 1200px, 100vw\" srcset=\"https:\/\/fmp-components.com\/wp-content\/uploads\/2024\/12\/Other-Agricultural-Gearboxes.webp 1200w, https:\/\/fmp-components.com\/wp-content\/uploads\/2024\/12\/Other-Agricultural-Gearboxes-980x1143.webp 980w, https:\/\/fmp-components.com\/wp-content\/uploads\/2024\/12\/Other-Agricultural-Gearboxes-480x560.webp 480w\" alt=\"Altri-cambi-agricoli\" width=\"1200\" height=\"1400\" title=\"\"><\/p>\n<p>Autors: CX<\/p>","protected":false},"excerpt":{"rendered":"<p>Specifications of Fertilizer Mixer Gearbox MR-90 (1:1) Product\u00a0 Description Fertilizer Mixer Gearboxes &#8211; Replacement of Comer Gearbox MR-90 1:1 Product details Contact us for power at a different RPM The gearbox is delivered without oil and must be filled before first use. First, the oil change after 50-70 operating hours, then after 500-700 operating hours [&hellip;]<\/p>","protected":false},"featured_media":2577,"comment_status":"open","ping_status":"closed","template":"","meta":{"_et_pb_use_builder":"","_et_pb_old_content":"","_et_gb_content_width":""},"product_brand":[],"product_cat":[61],"product_tag":[],"class_list":{"0":"post-2559","1":"product","2":"type-product","3":"status-publish","4":"has-post-thumbnail","6":"product_cat-fertilizer-mixer-gearbox","8":"first","9":"instock","10":"shipping-taxable","11":"product-type-simple"},"_links":{"self":[{"href":"https:\/\/fmp-components.com\/lv\/wp-json\/wp\/v2\/product\/2559","targetHints":{"allow":["GET"]}}],"collection":[{"href":"https:\/\/fmp-components.com\/lv\/wp-json\/wp\/v2\/product"}],"about":[{"href":"https:\/\/fmp-components.com\/lv\/wp-json\/wp\/v2\/types\/product"}],"replies":[{"embeddable":true,"href":"https:\/\/fmp-components.com\/lv\/wp-json\/wp\/v2\/comments?post=2559"}],"wp:featuredmedia":[{"embeddable":true,"href":"https:\/\/fmp-components.com\/lv\/wp-json\/wp\/v2\/media\/2577"}],"wp:attachment":[{"href":"https:\/\/fmp-components.com\/lv\/wp-json\/wp\/v2\/media?parent=2559"}],"wp:term":[{"taxonomy":"product_brand","embeddable":true,"href":"https:\/\/fmp-components.com\/lv\/wp-json\/wp\/v2\/product_brand?post=2559"},{"taxonomy":"product_cat","embeddable":true,"href":"https:\/\/fmp-components.com\/lv\/wp-json\/wp\/v2\/product_cat?post=2559"},{"taxonomy":"product_tag","embeddable":true,"href":"https:\/\/fmp-components.com\/lv\/wp-json\/wp\/v2\/product_tag?post=2559"}],"curies":[{"name":"wp","href":"https:\/\/api.w.org\/{rel}","templated":true}]}}