{"id":2552,"date":"2025-01-02T06:41:12","date_gmt":"2025-01-02T06:41:12","guid":{"rendered":"https:\/\/fmp-components.com\/?page_id=8"},"modified":"2025-01-02T06:41:13","modified_gmt":"2025-01-02T06:41:13","slug":"feed-mixer-machines-gearboxes-replacement-of-comer-code-d-732a-11-1-411","status":"publish","type":"product","link":"https:\/\/fmp-components.com\/lv\/product\/feed-mixer-machines-gearboxes-replacement-of-comer-code-d-732a-11-1-411\/","title":{"rendered":"Bar\u012bbas mais\u012bt\u0101ju reduktori \u2013 Comer koda D-732A 1:1\/1,41:1 nomai\u0146a"},"content":{"rendered":"<p><img loading=\"lazy\" decoding=\"async\" class=\"size-full wp-image-2554 aligncenter\" src=\"https:\/\/fmp-components.com\/wp-content\/uploads\/2025\/01\/Horizontal-Feed-Mixer-Gearbox-131.webp\" alt=\"Horizont\u0101l\u0101 padeves mais\u012bt\u0101ja p\u0101rnesumk\u0101rba\" width=\"800\" height=\"800\" title=\"\" srcset=\"https:\/\/fmp-components.com\/wp-content\/uploads\/2025\/01\/Horizontal-Feed-Mixer-Gearbox-131.webp 800w, https:\/\/fmp-components.com\/wp-content\/uploads\/2025\/01\/Horizontal-Feed-Mixer-Gearbox-131-480x480.webp 480w\" sizes=\"(min-width: 0px) and (max-width: 480px) 480px, (min-width: 481px) 800px, 100vw\" \/><\/p>\n<h2>Horizont\u0101l\u0101 bar\u012bbas mais\u012bt\u0101ja reduktora D732A izm\u0113ri<\/h2>\n<p><img loading=\"lazy\" decoding=\"async\" class=\"alignnone size-full wp-image-2555\" src=\"https:\/\/fmp-components.com\/wp-content\/uploads\/2025\/01\/Horizontal-Feed-Mixer-Gearbox-D732A-Dimensions.webp\" alt=\"Horizont\u0101l\u0101 padeves mais\u012bt\u0101ja p\u0101rnesumk\u0101rbas D732A izm\u0113ri\" width=\"712\" height=\"390\" title=\"\" srcset=\"https:\/\/fmp-components.com\/wp-content\/uploads\/2025\/01\/Horizontal-Feed-Mixer-Gearbox-D732A-Dimensions.webp 712w, https:\/\/fmp-components.com\/wp-content\/uploads\/2025\/01\/Horizontal-Feed-Mixer-Gearbox-D732A-Dimensions-480x263.webp 480w\" sizes=\"(min-width: 0px) and (max-width: 480px) 480px, (min-width: 481px) 712px, 100vw\" \/><\/p>\n<h2>Produkta specifik\u0101cijas:<\/h2>\n<table class=\"kh-1xzm1su\" border=\"1\" cellspacing=\"0\" cellpadding=\"0\" data-intent=\"lists-product-attributes\" data-test-id=\"attributes-list\">\n<tbody class=\"kh-1ago99h\">\n<tr id=\"alexis#custom#item-id\" class=\"kh-bwvum6\" data-test-id=\"attribute-row\">\n<th class=\"kh-10oizfy\">Produkta apraksts<\/th>\n<td class=\"kh-1f5nhat\">\n<div class=\"kh-pkx4zo\">Horizont\u0101l\u0101 bar\u012bbas mais\u012bt\u0101ja p\u0101rnesumk\u0101rba \u2014 Comer D732A p\u0101rnesumk\u0101rbas nomai\u0146a<\/div>\n<\/td>\n<\/tr>\n<tr id=\"attProductDetails\" class=\"kh-bwvum6\" data-test-id=\"attribute-row\">\n<th class=\"kh-10oizfy\">Produkta inform\u0101cija<\/th>\n<td class=\"kh-1f5nhat\">\n<ul>\n<li class=\"kh-16zd49f\">Sazinieties ar mums, lai uzzin\u0101tu par jaudu pie citiem apgriezieniem min\u016bt\u0113<\/li>\n<li class=\"kh-16zd49f\">P\u0101rnesumk\u0101rba tiek pieg\u0101d\u0101ta bez e\u013c\u013cas, un t\u0101 ir j\u0101uzpilda pirms pirm\u0101s lieto\u0161anas reizes.<\/li>\n<li class=\"kh-16zd49f\">Pirm\u0101 e\u013c\u013cas mai\u0146a p\u0113c 50\u201370 darba stund\u0101m, p\u0113c tam p\u0113c 500\u2013700 darba stund\u0101m vai vismaz reizi gad\u0101.<\/li>\n<\/ul>\n<\/td>\n<\/tr>\n<tr id=\"attApplicationRange\" class=\"kh-bwvum6\" data-test-id=\"attribute-row\">\n<th class=\"kh-10oizfy\">Pielietojuma diapazons<\/th>\n<td class=\"kh-1f5nhat\">\n<div class=\"kh-pkx4zo\">Mais\u012b\u0161anas vagons<\/div>\n<\/td>\n<\/tr>\n<tr id=\"attConsistsOf\" class=\"kh-bwvum6\" data-test-id=\"attribute-row\">\n<th class=\"kh-10oizfy\">Sast\u0101v no<\/th>\n<td class=\"kh-1f5nhat\">\n<ul>\n<li class=\"kh-16zd49f\">\u0100trumk\u0101rba<\/li>\n<li class=\"kh-16zd49f\">Bez e\u013c\u013cas<\/li>\n<\/ul>\n<\/td>\n<\/tr>\n<tr id=\"taMaxInputPowerKw\" class=\"kh-bwvum6\" data-test-id=\"attribute-row\">\n<th class=\"kh-10oizfy\">Maks. ieejas jauda<\/th>\n<td class=\"kh-1f5nhat\">\n<div class=\"kh-pkx4zo\">59 kW<\/div>\n<\/td>\n<\/tr>\n<tr id=\"taMaxOutputPowerHp\" class=\"kh-bwvum6\" data-test-id=\"attribute-row\">\n<th class=\"kh-10oizfy\">Maks. izejas jauda<\/th>\n<td class=\"kh-1f5nhat\">\n<div class=\"kh-pkx4zo\">80 ZS<\/div>\n<\/td>\n<\/tr>\n<tr id=\"taConnect1OutsideDiameterInch\" class=\"kh-bwvum6\" data-test-id=\"attribute-row\">\n<th class=\"kh-10oizfy\">1. savienojuma \u0101r\u0113jais diametrs<\/th>\n<td class=\"kh-1f5nhat\">\n<div class=\"kh-pkx4zo\">1-3\/8 collas<\/div>\n<\/td>\n<\/tr>\n<tr id=\"taConnect1SplinesNumber\" class=\"kh-bwvum6\" data-test-id=\"attribute-row\">\n<th class=\"kh-10oizfy\">1. savienojuma rievu skaits<\/th>\n<td class=\"kh-1f5nhat\">\n<div class=\"kh-pkx4zo\">6<\/div>\n<\/td>\n<\/tr>\n<tr id=\"taConnect2OutsideDiameterInch\" class=\"kh-bwvum6\" data-test-id=\"attribute-row\">\n<th class=\"kh-10oizfy\">2. savienojuma \u0101r\u0113jais diametrs<\/th>\n<td class=\"kh-1f5nhat\">\n<div class=\"kh-pkx4zo\">1-3\/4 collas<\/div>\n<\/td>\n<\/tr>\n<tr id=\"taConnect2SplinesNumber\" class=\"kh-bwvum6\" data-test-id=\"attribute-row\">\n<th class=\"kh-10oizfy\">2. savienojuma rievu skaits<\/th>\n<td class=\"kh-1f5nhat\">\n<div class=\"kh-pkx4zo\">6<\/div>\n<\/td>\n<\/tr>\n<tr id=\"taContainsOil\" class=\"kh-bwvum6\" data-test-id=\"attribute-row\">\n<th class=\"kh-10oizfy\">Satur e\u013c\u013cu<\/th>\n<td class=\"kh-1f5nhat\">\n<div class=\"kh-pkx4zo\">N\u0113<\/div>\n<\/td>\n<\/tr>\n<tr id=\"taMaxOilCapacityL\" class=\"kh-bwvum6\" data-test-id=\"attribute-row\">\n<th class=\"kh-10oizfy\">Maks. e\u013c\u013cas ietilp\u012bba<\/th>\n<td class=\"kh-1f5nhat\">\n<div class=\"kh-pkx4zo\">5,6 l<\/div>\n<\/td>\n<\/tr>\n<tr id=\"taMaxOilChangeIntervalH\" class=\"kh-bwvum6\" data-test-id=\"attribute-row\">\n<th class=\"kh-10oizfy\">Maks. e\u013c\u013cas mai\u0146as interv\u0101ls<\/th>\n<td class=\"kh-1f5nhat\">\n<div class=\"kh-pkx4zo\">500 stundas<\/div>\n<\/td>\n<\/tr>\n<tr id=\"taOilSAEViscosityGrade\" class=\"kh-bwvum6\" data-test-id=\"attribute-row\">\n<th class=\"kh-10oizfy\">E\u013c\u013cas SAE viskozit\u0101tes klase<\/th>\n<td class=\"kh-1f5nhat\">\n<div class=\"kh-pkx4zo\">80W-90<\/div>\n<\/td>\n<\/tr>\n<tr id=\"taHousingMaterial_16\" class=\"kh-bwvum6\" data-test-id=\"attribute-row\">\n<th class=\"kh-10oizfy\">Korpusa materi\u0101ls<\/th>\n<td class=\"kh-1f5nhat\">\n<div class=\"kh-pkx4zo\">\u010cuguns GG25<\/div>\n<\/td>\n<\/tr>\n<tr id=\"taWeightKg_75\" class=\"kh-bwvum6\" data-test-id=\"attribute-row\">\n<th class=\"kh-10oizfy\">Svars<\/th>\n<td class=\"kh-1f5nhat\">\n<div class=\"kh-pkx4zo\">63 kg<\/div>\n<\/td>\n<\/tr>\n<\/tbody>\n<\/table>\n<h3>Horizont\u0101l\u0101 bar\u012bbas mais\u012bt\u0101ja reduktora D732A izmanto\u0161anas priek\u0161roc\u012bbas<\/h3>\n<ol>\n<li><strong>Uzlabota sajauk\u0161anas efektivit\u0101te<\/strong><br \/>\nHorizont\u0101l\u0101 bar\u012bbas mais\u012bt\u0101ja reduktora D732A ir \u012bpa\u0161i izstr\u0101d\u0101ta, lai nodro\u0161in\u0101tu izcilu mais\u012b\u0161anas veiktsp\u0113ju. Pateicoties augstajam griezes momentam un efekt\u012bvajai jaudas p\u0101rvadei, t\u0101 nodro\u0161ina vienm\u0113r\u012bgu un vienm\u0113r\u012bgu bar\u012bbas sast\u0101vda\u013cu sajauk\u0161anu. Tas nodro\u0161ina efekt\u012bv\u0101ku sajauk\u0161anu, uzlabojot bar\u012bbas visp\u0101r\u0113jo kvalit\u0101ti un uzturv\u0113rt\u012bbu.<\/li>\n<li><strong>Iztur\u012bga un uzticama konstrukcija<\/strong><br \/>\nP\u0101rnesumk\u0101rba ir izgatavota no augstas iztur\u012bbas materi\u0101liem, kas var iztur\u0113t skarbos bar\u012bbas mais\u012b\u0161anas darba apst\u0101k\u013cus. T\u0101s iztur\u012bg\u0101 konstrukcija nodro\u0161ina ilgsto\u0161u iztur\u012bbu pat intens\u012bvas darb\u012bbas apst\u0101k\u013cos, samazinot nepiecie\u0161am\u012bbu p\u0113c bie\u017eas apkopes vai deta\u013cu nomai\u0146as un palielinot iek\u0101rtas kop\u0113jo kalpo\u0161anas laiku.<\/li>\n<li><strong>Energoefektivit\u0101te<\/strong><br \/>\nD732A p\u0101rnesumk\u0101rba ir izstr\u0101d\u0101ta, lai optimiz\u0113tu ener\u0123ijas pat\u0113ri\u0146u, nodro\u0161inot efekt\u012bvu ener\u0123ijas izmanto\u0161anu, vienlaikus saglab\u0101jot augstu ra\u017e\u012bbu. \u0160\u012b energoefekt\u012bv\u0101 konstrukcija pal\u012bdz samazin\u0101t ekspluat\u0101cijas izmaksas, padarot to par rentablu izv\u0113li uz\u0146\u0113mumiem, kas pa\u013caujas uz nep\u0101rtrauktu bar\u012bbas mais\u012b\u0161anu.<\/li>\n<li><strong>Vienm\u0113r\u012bga darb\u012bba un zema vibr\u0101cija<\/strong><br \/>\nPateicoties uzlabotajai in\u017eenierijai, D732A p\u0101rnesumk\u0101rba nodro\u0161ina vienm\u0113r\u012bgu darb\u012bbu ar minim\u0101lu vibr\u0101ciju, nodro\u0161inot stabilu veiktsp\u0113ju. Tas ne tikai uzlabo mais\u012bt\u0101ja uzticam\u012bbu, bet ar\u012b veicina operatoru komfortu un dro\u0161\u012bbu, samazinot meh\u0101nisku boj\u0101jumu risku un uzlabojot darb\u012bbas efektivit\u0101ti.<\/li>\n<li><strong>Daudzpus\u012bba lietojumprogramm\u0101s<\/strong><br \/>\nD732A p\u0101rnesumk\u0101rba ir piem\u0113rota pla\u0161am bar\u012bbas mais\u012b\u0161anas pielietojumu kl\u0101stam. Neatkar\u012bgi no t\u0101, vai t\u0101 ir lauksaimniec\u012bbas, lopkop\u012bbas vai r\u016bpniecisk\u0101 bar\u012bbas ra\u017eo\u0161ana, \u0161\u012b p\u0101rnesumk\u0101rba pied\u0101v\u0101 elast\u012bbu, lai apmierin\u0101tu da\u017e\u0101das darb\u012bbas vajadz\u012bbas. T\u0101s piel\u0101gojam\u012bba da\u017e\u0101d\u0101m mais\u012b\u0161anas sist\u0113m\u0101m padara to par ide\u0101lu izv\u0113li da\u017e\u0101diem bar\u012bbas ra\u017eo\u0161anas procesiem.<\/li>\n<\/ol>\n<p>\u0160\u012bs priek\u0161roc\u012bbas padara horizont\u0101lo bar\u012bbas mais\u012bt\u0101ja \u0101trumk\u0101rbu D732A par v\u0113rt\u012bgu resursu lauksaimniec\u012bbas nozares uz\u0146\u0113mumiem, nodro\u0161inot optim\u0101lu veiktsp\u0113ju, iztur\u012bbu un efektivit\u0101ti bar\u012bbas ra\u017eo\u0161an\u0101.<\/p>\n<p><img loading=\"lazy\" decoding=\"async\" class=\"alignnone  wp-image-2553\" src=\"https:\/\/fmp-components.com\/wp-content\/uploads\/2025\/01\/Horizontal-Feed-Mixer-Gearbox-141.webp\" alt=\"Horizont\u0101l\u0101 padeves mais\u012bt\u0101ja p\u0101rnesumk\u0101rba\" width=\"941\" height=\"941\" title=\"\" srcset=\"https:\/\/fmp-components.com\/wp-content\/uploads\/2025\/01\/Horizontal-Feed-Mixer-Gearbox-141.webp 941w, https:\/\/fmp-components.com\/wp-content\/uploads\/2025\/01\/Horizontal-Feed-Mixer-Gearbox-141-480x480.webp 480w\" sizes=\"(min-width: 0px) and (max-width: 480px) 480px, (min-width: 481px) 941px, 100vw\" \/><\/p>\n<h3>Traktora j\u016bgv\u0101rpstas piedzi\u0146as horizont\u0101l\u0101 bar\u012bbas mais\u012bt\u0101ja p\u0101rnesumk\u0101rbas galven\u0101s sast\u0101vda\u013cas<\/h3>\n<ol>\n<li><strong>J\u016bgv\u0101rpstas ieeja<\/strong><br \/>\nJ\u016bgv\u0101rpstas (jaudas no\u0146em\u0161anas v\u0101rpstas) ieeja ir galvenais savienojuma punkts starp traktoru un bar\u012bbas mais\u012bt\u0101ja p\u0101rnesumk\u0101rbu. T\u0101 p\u0101rnes meh\u0101nisko jaudu no traktora dzin\u0113ja uz p\u0101rnesumk\u0101rbu, nodro\u0161inot mais\u012b\u0161anas darb\u012bbu. J\u016bgv\u0101rpsta nodro\u0161ina vienm\u0113r\u012bgu ener\u0123ijas p\u0101rnesi, \u013caujot p\u0101rnesumk\u0101rbai darboties efekt\u012bvi.<\/li>\n<li><strong>Spir\u0101lveida zobrati<\/strong><br \/>\nHorizont\u0101l\u0101 bar\u012bbas mais\u012bt\u0101ja p\u0101rnesumk\u0101rba parasti ietver spir\u0101lveida zobratus, kas nodro\u0161ina vienm\u0113r\u012bg\u0101ku un klus\u0101ku darb\u012bbu sal\u012bdzin\u0101jum\u0101 ar cita veida zobratiem. \u0160ie zobrati ir paredz\u0113ti, lai iztur\u0113tu lielas griezes momenta slodzes un nodro\u0161in\u0101tu efekt\u012bvu jaudas p\u0101rvadi, samazinot nodilumu nep\u0101rtrauktas darb\u012bbas laik\u0101.<\/li>\n<li><strong>M\u0101joklis<\/strong><br \/>\nThe <strong>p\u0101rnesumk\u0101rbas korpuss<\/strong> ir \u0101r\u0113jais apvalks, kas satur visas iek\u0161\u0113j\u0101s sast\u0101vda\u013cas, piem\u0113ram, zobratus, v\u0101rpstas un gult\u0146us. Tas parasti ir izgatavots no iztur\u012bgiem materi\u0101liem, piem\u0113ram, \u010duguna vai augstas stipr\u012bbas t\u0113rauda, \u200b\u200bnodro\u0161inot, ka p\u0101rnesumk\u0101rba ir iztur\u012bga un sp\u0113j iztur\u0113t skarbos apst\u0101k\u013cus lauksaimniec\u012bbas vid\u0113.<\/li>\n<li><strong>Gult\u0146i<\/strong><br \/>\n<strong>Gult\u0146i<\/strong> ir kritiski svar\u012bgas sast\u0101vda\u013cas, kas atbalsta rot\u0113jo\u0161\u0101s v\u0101rpstas un samazina berzi p\u0101rnesumk\u0101rb\u0101. T\u0101s nodro\u0161ina vienm\u0113r\u012bgu darb\u012bbu un samazina nodilumu, \u013caujot p\u0101rnesumk\u0101rbai dro\u0161i darboties ilgsto\u0161i bez p\u0101rm\u0113r\u012bgas apkopes.<\/li>\n<li><strong>Izejas v\u0101rpsta<\/strong><br \/>\nThe <strong>izejas v\u0101rpsta<\/strong> ir savienots ar mais\u012b\u0161anas glieme\u017etransportieri vai cit\u0101m bar\u012bbas mais\u012bt\u0101ja sast\u0101vda\u013c\u0101m. Tas p\u0101rnes jaudu no reduktora uz mais\u012b\u0161anas meh\u0101nismu, \u013caujot efekt\u012bvi sajaukt bar\u012bbas sast\u0101vda\u013cas. Izejas v\u0101rpstai j\u0101b\u016bt konstru\u0113tai t\u0101, lai t\u0101 iztur\u0113tu griezes momentu un rot\u0101cijas \u0101trumu, kas nepiecie\u0161ams optim\u0101lai mais\u012b\u0161anas veiktsp\u0113jai.<\/li>\n<\/ol>\n<p>\u0160\u012bs galven\u0101s sast\u0101vda\u013cas darbojas kop\u0101, lai nodro\u0161in\u0101tu traktora j\u016bgv\u0101rpstas piedzi\u0146as horizont\u0101l\u0101 bar\u012bbas mais\u012bt\u0101ja p\u0101rnesumk\u0101rbas vienm\u0113r\u012bgu, efekt\u012bvu un uzticamu darb\u012bbu, nodro\u0161inot optim\u0101lu veiktsp\u0113ju lauksaimniec\u012bbas mais\u012b\u0161anas darbos.<\/p>\n<p><img loading=\"lazy\" decoding=\"async\" class=\"alignnone size-full wp-image-2556\" src=\"https:\/\/fmp-components.com\/wp-content\/uploads\/2025\/01\/PTO-Shaft-for-Horizontal-Feed-Mixer-Gearbox1.webp\" alt=\"J\u016bgv\u0101rpsta horizont\u0101lai bar\u012bbas mais\u012bt\u0101ja p\u0101rnesumk\u0101rbai\" width=\"1178\" height=\"600\" title=\"\" srcset=\"https:\/\/fmp-components.com\/wp-content\/uploads\/2025\/01\/PTO-Shaft-for-Horizontal-Feed-Mixer-Gearbox1.webp 1178w, https:\/\/fmp-components.com\/wp-content\/uploads\/2025\/01\/PTO-Shaft-for-Horizontal-Feed-Mixer-Gearbox1-980x499.webp 980w, https:\/\/fmp-components.com\/wp-content\/uploads\/2025\/01\/PTO-Shaft-for-Horizontal-Feed-Mixer-Gearbox1-480x244.webp 480w\" sizes=\"(min-width: 0px) and (max-width: 480px) 480px, (min-width: 481px) and (max-width: 980px) 980px, (min-width: 981px) 1178px, 100vw\" \/><\/p>\n<h3>Bar\u012bbas mais\u012bt\u0101ju ma\u0161\u012bnu p\u0101rnesumk\u0101rbu darb\u012bbas princips<\/h3>\n<p>Bar\u012bbas mais\u012bt\u0101ji ir \u013coti svar\u012bgi da\u017e\u0101du veidu dz\u012bvnieku bar\u012bbas sajauk\u0161anai, lai nodro\u0161in\u0101tu vienm\u0113r\u012bgu konsistenci un uzturv\u0113rt\u012bbu. P\u0101rnesumk\u0101rbai ir galven\u0101 loma bar\u012bbas mais\u012b\u0161anas meh\u0101nisma darbin\u0101\u0161an\u0101. T\u0101l\u0101k ir par\u0101d\u012bts bar\u012bbas mais\u012bt\u0101ju p\u0101rnesumk\u0101rbu darb\u012bbas princips:<br \/>\n1. <strong>Jaudas p\u0101rvade no traktora vai motora uz p\u0101rnesumk\u0101rbu<\/strong><\/p>\n<ul>\n<li>P\u0101rnesumk\u0101rbu darbina vai nu traktora j\u016bgv\u0101rpsta, vai elektromotors atkar\u012bb\u0101 no bar\u012bbas mais\u012bt\u0101ja konstrukcijas.<\/li>\n<li>Ar j\u016bgv\u0101rpstu darbin\u0101miem mais\u012bt\u0101jiem ar traktoru savienot\u0101 j\u016bgv\u0101rpsta p\u0101rnes rot\u0101cijas jaudu no traktora dzin\u0113ja uz p\u0101rnesumk\u0101rbu.<\/li>\n<li>Elektromotora piedzi\u0146as sist\u0113m\u0101s motors darbina p\u0101rnesumk\u0101rbu tie\u0161i caur saj\u016bgu.<\/li>\n<\/ul>\n<p>2. <strong>\u0100truma samazin\u0101\u0161ana un griezes momenta pastiprin\u0101\u0161ana<\/strong><\/p>\n<ul>\n<li>P\u0101rnesumk\u0101rba samazina ien\u0101ko\u0161\u0101s rot\u0101cijas jaudas \u0101trumu, vienlaikus palielinot griezes momentu. Tas ir svar\u012bgi, lai darbin\u0101tu smagos mais\u012b\u0161anas l\u0101psti\u0146as vai glieme\u017etransportierus bar\u012bbas mais\u012bt\u0101j\u0101.<\/li>\n<li>Zobratu meh\u0101nisms, kas parasti sast\u0101v no spir\u0101lveida zobratiem, konusveida zobratiem vai plan\u0113tu zobratiem, samazina rot\u0101cijas \u0101trumu no baro\u0161anas avota un nodro\u0161ina optim\u0101lu izejas \u0101trumu, kas nepiecie\u0161ams sajauk\u0161anai.<\/li>\n<\/ul>\n<p>3. <strong>Glieme\u017ev\u0101ku vai mais\u012b\u0161anas l\u0101psti\u0146u rot\u0101cija<\/strong><\/p>\n<ul>\n<li>P\u0101rnesumk\u0101rbas izejas v\u0101rpsta ir savienota ar mais\u012b\u0161anas glieme\u017etransportieri vai asme\u0146iem, kas ir galven\u0101s sast\u0101vda\u013cas, kas atbild par bar\u012bbas sast\u0101vda\u013cu p\u0101rvieto\u0161anu un sajauk\u0161anu.<\/li>\n<li>Kad p\u0101rnesumk\u0101rba pievada jaudu glieme\u017etransportierim vai asme\u0146iem, mais\u012b\u0161anas meh\u0101nisms s\u0101k griezties, pace\u013cot un apgrie\u017eot bar\u012bbas vielas, lai nodro\u0161in\u0101tu vienm\u0113r\u012bgu sadali un r\u016bp\u012bgu sajauk\u0161anu.<\/li>\n<li>Glieme\u017ev\u0101ku vai l\u0101psti\u0146u rot\u0101cijas kust\u012bba rada b\u012bdes efektu, kas sadala bar\u012bbas sast\u0101vda\u013cu kunku\u013cus, nodro\u0161inot vienm\u0113r\u012bgu mais\u012bjumu.<\/li>\n<\/ul>\n<p>4. <strong>Efekt\u012bva materi\u0101lu apstr\u0101de<\/strong><\/p>\n<ul>\n<li>P\u0101rnesumk\u0101rba nodro\u0161ina, ka urbju vai asme\u0146u rot\u0101cijas \u0101trums ir vienm\u0113r\u012bgs un vad\u0101ms, \u013caujot efekt\u012bvi apstr\u0101d\u0101t materi\u0101lus.<\/li>\n<li>P\u0101rnesumk\u0101rbas konstrukcija \u013cauj r\u016bp\u012bgi sajaukt bar\u012bbas vielas bez p\u0101rm\u0113r\u012bgas slodzes vai motora vai j\u016bgv\u0101rpstas p\u0101rslodzes.<\/li>\n<\/ul>\n<p>5. <strong>Nep\u0101rtraukta jaudas pl\u016bsma<\/strong><\/p>\n<ul>\n<li>Bar\u012bbas mais\u012bt\u0101ja p\u0101rnesumk\u0101rba nodro\u0161ina nep\u0101rtrauktu jaudas pl\u016bsmu no ieejas (j\u016bgv\u0101rpstas vai motora) uz izeju (mais\u012b\u0161anas meh\u0101nismu) darb\u012bbas laik\u0101.<\/li>\n<li>Atkar\u012bb\u0101 no konstrukcijas p\u0101rnesumk\u0101rba var ietvert t\u0101das funkcijas k\u0101 p\u0101rslodzes aizsardz\u012bba, kas nodro\u0161ina, ka jebk\u0101da p\u0101rm\u0113r\u012bga slodze vai blo\u0137\u0113\u0161ana sist\u0113m\u0101 neboj\u0101 p\u0101rnesumk\u0101rbu.<\/li>\n<\/ul>\n<p>Rezum\u0113jot, bar\u012bbas mais\u012bt\u0101ja p\u0101rnesumk\u0101rbu darb\u012bbas princips ietver jaudas p\u0101rvadi no traktora vai motora uz p\u0101rnesumk\u0101rbu, kas samazina \u0101trumu un pastiprina griezes momentu, lai darbin\u0101tu mais\u012b\u0161anas glieme\u017ev\u0101kus vai l\u0101psti\u0146as. P\u0101rnesumk\u0101rba nodro\u0161ina efekt\u012bvu un vienm\u0113r\u012bgu mais\u012b\u0161anu, darbinot asme\u0146us vai glieme\u017ev\u0101kus, nodro\u0161inot, ka bar\u012bbas sast\u0101vda\u013cas tiek vienm\u0113r\u012bgi sajauktas l\u012bdz v\u0113lamajai konsistencei. Pareiza e\u013c\u013co\u0161ana un dzes\u0113\u0161anas meh\u0101nismi ar\u012b veicina p\u0101rnesumk\u0101rbas vienm\u0113r\u012bgu darb\u012bbu vis\u0101 proces\u0101.<\/p>\n<p><img loading=\"lazy\" decoding=\"async\" class=\"alignnone  wp-image-2557\" src=\"https:\/\/fmp-components.com\/wp-content\/uploads\/2025\/01\/Horizontal-Feed-Mixer-Gearbox-321.webp\" alt=\"Horizont\u0101l\u0101 padeves mais\u012bt\u0101ja p\u0101rnesumk\u0101rba\" width=\"928\" height=\"928\" title=\"\" srcset=\"https:\/\/fmp-components.com\/wp-content\/uploads\/2025\/01\/Horizontal-Feed-Mixer-Gearbox-321.webp 928w, https:\/\/fmp-components.com\/wp-content\/uploads\/2025\/01\/Horizontal-Feed-Mixer-Gearbox-321-480x480.webp 480w\" sizes=\"(min-width: 0px) and (max-width: 480px) 480px, (min-width: 481px) 928px, 100vw\" \/><\/p>\n<h3>Par FMP<\/h3>\n<p>FMP galven\u0101 m\u012btne atrodas It\u0101lij\u0101, un tas ir vado\u0161ais ra\u017eot\u0101js, kas paz\u012bstams ar savu pieredzi augstas veiktsp\u0113jas p\u0101rnesumk\u0101rbu projekt\u0113\u0161an\u0101, izstr\u0101d\u0113 un ra\u017eo\u0161an\u0101, \u012bpa\u0161i koncentr\u0113joties uz lauksaimniec\u012bbas tehnikas sektoru. Ar prec\u012bzas in\u017eenierijas, inovat\u012bvu risin\u0101jumu un nelok\u0101mas uzticam\u012bbas reput\u0101ciju FMP ir k\u013cuvis par uzticamu partneri, kas risina gan lauksaimniec\u012bbas, gan r\u016bpniec\u012bbas sektora main\u012bg\u0101s vajadz\u012bbas. M\u016bsu daudzveid\u012bgais produktu kl\u0101sts ietver specializ\u0113tas p\u0101rnesumk\u0101rbas z\u0101les p\u013c\u0101v\u0113jiem, j\u016bgv\u0101rpstas un citas svar\u012bgas sast\u0101vda\u013cas, kas visas ir r\u016bp\u012bgi izstr\u0101d\u0101tas, lai nodro\u0161in\u0101tu piel\u0101gotus risin\u0101jumus pla\u0161am pielietojumu kl\u0101stam.<\/p>\n<p>Uz\u0146\u0113mum\u0101 FMP m\u0113s saprotam, ka katram klientam ir unik\u0101las pras\u012bbas un izaicin\u0101jumi. T\u0101p\u0113c m\u0113s specializ\u0113jamies piel\u0101gotu risin\u0101jumu pied\u0101v\u0101\u0161an\u0101, neatkar\u012bgi no t\u0101, vai tie attiecas uz atsevi\u0161\u0137\u0101m komponent\u0113m vai piln\u012bb\u0101 integr\u0113t\u0101m sist\u0113m\u0101m. M\u0113s cie\u0161i sadarbojamies ar saviem klientiem, lai nodro\u0161in\u0101tu, ka katrs risin\u0101jums ir ne tikai efekt\u012bvs, bet ar\u012b lietder\u012bgs, optimiz\u0113jot gan veiktsp\u0113ju, gan v\u0113rt\u012bbu. M\u016bsu ap\u0146em\u0161an\u0101s sniegt \u0101tras un profesion\u0101las atbildes apvienojum\u0101 ar ekspertu nor\u0101d\u012bjumiem nodro\u0161ina, ka katrs piepras\u012bjums tiek apstr\u0101d\u0101ts ar visliel\u0101ko r\u016bp\u012bbu un precizit\u0101ti, t\u0101d\u0113j\u0101di sasniedzot vislab\u0101kos iesp\u0113jamos rezult\u0101tus.<\/p>\n<p>M\u0113s priorit\u0101ri izvirz\u0101m atv\u0113rtu un nep\u0101rtrauktu komunik\u0101ciju vis\u0101 produktu izstr\u0101des proces\u0101. M\u016bsu \u012bpa\u0161i izveidot\u0101 komanda str\u0101d\u0101 tie\u0161i ar klientiem, lai piln\u012bb\u0101 izprastu vi\u0146u \u012bpa\u0161\u0101s vajadz\u012bbas, pied\u0101v\u0101jot v\u0113rt\u012bgas atzi\u0146as un ieteikumus, lai nodro\u0161in\u0101tu optim\u0101lus risin\u0101jumus. Neatkar\u012bgi no t\u0101, vai izstr\u0101d\u0101jam inovat\u012bvus produktus vai izpild\u0101m past\u0101v\u012bgus pas\u016bt\u012bjumus, FMP ir ap\u0146\u0113musies vienm\u0113r savlaic\u012bgi pieg\u0101d\u0101t augstas kvalit\u0101tes, prec\u012bzi izstr\u0101d\u0101tus risin\u0101jumus. M\u016bsu m\u0113r\u0137is ir nodro\u0161in\u0101t klientiem vislab\u0101ko apkalpo\u0161anu un rezult\u0101tus, p\u0101rsniedzot cer\u012bbas katr\u0101 projekt\u0101.<\/p>\n<p>Kvalit\u0101te ir FMP darb\u012bbas st\u016brakmens. M\u0113s iev\u0113rojam augst\u0101kos ra\u017eo\u0161anas standartus, ievie\u0161ot stingrus kvalit\u0101tes kontroles pas\u0101kumus, lai nodro\u0161in\u0101tu, ka katrs produkts ne tikai atbilst, bet ar\u012b p\u0101rsniedz nozares standartus. \u0160\u012b nelok\u0101m\u0101 ap\u0146em\u0161an\u0101s nodro\u0161in\u0101t kvalit\u0101ti apvienojum\u0101 ar m\u016bsu pamatv\u0113rt\u012bb\u0101m \u2013 integrit\u0101ti, komandas darbu un neatlaid\u012bbu \u2013 ir \u013c\u0101vusi mums veidot ilgsto\u0161as, uz uztic\u012bbu balst\u012btas attiec\u012bbas ar klientiem gandr\u012bz 30 valst\u012bs vis\u0101 pasaul\u0113.<\/p>\n<p>FMP vienm\u0113r ir atv\u0113rts glob\u0101lu partner\u012bbu veido\u0161anai un joproj\u0101m ir ap\u0146\u0113mies pied\u0101v\u0101t ekspertu padomus un piel\u0101gotus risin\u0101jumus, kas atbilst m\u016bsu klientu da\u017e\u0101daj\u0101m vajadz\u012bb\u0101m. M\u0113s nepied\u0101v\u0101jam tikai produktus; m\u016bsu m\u0113r\u0137is ir veidot ilgsto\u0161as \u200b\u200battiec\u012bbas, kas veicina katra projekta pan\u0101kumus. Neatkar\u012bgi no t\u0101, vai jums ir nepiecie\u0161ami inovat\u012bvi risin\u0101jumi jaunai iniciat\u012bvai vai past\u0101v\u012bgs atbalsts eso\u0161ai sist\u0113mai, FMP ir \u0161eit, lai risin\u0101tu j\u016bsu tehnisk\u0101s probl\u0113mas un nodro\u0161in\u0101tu j\u016bsu turpm\u0101kos pan\u0101kumus.<\/p>\n<p><img loading=\"lazy\" decoding=\"async\" class=\"alignnone size-full wp-image-1861\" src=\"https:\/\/fmp-components.com\/wp-content\/uploads\/2024\/12\/Other-Agricultural-Gearboxes.webp\" sizes=\"(min-width: 0px) and (max-width: 480px) 480px, (min-width: 481px) and (max-width: 980px) 980px, (min-width: 981px) 1200px, 100vw\" srcset=\"https:\/\/fmp-components.com\/wp-content\/uploads\/2024\/12\/Other-Agricultural-Gearboxes.webp 1200w, https:\/\/fmp-components.com\/wp-content\/uploads\/2024\/12\/Other-Agricultural-Gearboxes-980x1143.webp 980w, https:\/\/fmp-components.com\/wp-content\/uploads\/2024\/12\/Other-Agricultural-Gearboxes-480x560.webp 480w\" alt=\"Altri-cambi-agricoli\" width=\"1200\" height=\"1400\" title=\"\"><\/p>\n<p>Autors: CX<\/p>\n<p>&nbsp;<\/p>","protected":false},"excerpt":{"rendered":"<p>Horizontal Feed Mixer Gearbox D732A Dimensions Product Specifications: Product Description Horizontal Feed Mixer Gearbox-Replacement of Comer D732A Gearbox Product details Contact us for power at a different RPM The gearbox is delivered without oil and must be filled before first use. First oil change after 50-70 operating hours, then after 500-700 operating hours or at [&hellip;]<\/p>","protected":false},"featured_media":2553,"comment_status":"open","ping_status":"closed","template":"","meta":{"_et_pb_use_builder":"","_et_pb_old_content":"","_et_gb_content_width":""},"product_brand":[],"product_cat":[60],"product_tag":[],"class_list":{"0":"post-2552","1":"product","2":"type-product","3":"status-publish","4":"has-post-thumbnail","6":"product_cat-feed-mixer-gearbox","8":"first","9":"instock","10":"shipping-taxable","11":"product-type-simple"},"_links":{"self":[{"href":"https:\/\/fmp-components.com\/lv\/wp-json\/wp\/v2\/product\/2552","targetHints":{"allow":["GET"]}}],"collection":[{"href":"https:\/\/fmp-components.com\/lv\/wp-json\/wp\/v2\/product"}],"about":[{"href":"https:\/\/fmp-components.com\/lv\/wp-json\/wp\/v2\/types\/product"}],"replies":[{"embeddable":true,"href":"https:\/\/fmp-components.com\/lv\/wp-json\/wp\/v2\/comments?post=2552"}],"wp:featuredmedia":[{"embeddable":true,"href":"https:\/\/fmp-components.com\/lv\/wp-json\/wp\/v2\/media\/2553"}],"wp:attachment":[{"href":"https:\/\/fmp-components.com\/lv\/wp-json\/wp\/v2\/media?parent=2552"}],"wp:term":[{"taxonomy":"product_brand","embeddable":true,"href":"https:\/\/fmp-components.com\/lv\/wp-json\/wp\/v2\/product_brand?post=2552"},{"taxonomy":"product_cat","embeddable":true,"href":"https:\/\/fmp-components.com\/lv\/wp-json\/wp\/v2\/product_cat?post=2552"},{"taxonomy":"product_tag","embeddable":true,"href":"https:\/\/fmp-components.com\/lv\/wp-json\/wp\/v2\/product_tag?post=2552"}],"curies":[{"name":"wp","href":"https:\/\/api.w.org\/{rel}","templated":true}]}}