{"id":2536,"date":"2025-01-02T06:00:51","date_gmt":"2025-01-02T06:00:51","guid":{"rendered":"https:\/\/fmp-components.com\/?page_id=8"},"modified":"2025-01-02T06:00:51","modified_gmt":"2025-01-02T06:00:51","slug":"pga1202vm-mixing-wagon-gearboxes-replacement-of-comer-code-pga-1202","status":"publish","type":"product","link":"https:\/\/fmp-components.com\/lv\/product\/pga1202vm-mixing-wagon-gearboxes-replacement-of-comer-code-pga-1202\/","title":{"rendered":"PGA1202VM mais\u012b\u0161anas vagona p\u0101rnesumk\u0101rbas \u2013 Comer koda PGA-1202 nomai\u0146a"},"content":{"rendered":"<h2>PGA1202VM mais\u012b\u0161anas vagona p\u0101rnesumk\u0101rbu specifik\u0101cija<\/h2>\n<table style=\"width: 100%;\" border=\"1\" width=\"100%\" cellspacing=\"0\" cellpadding=\"0\">\n<tbody>\n<tr>\n<th>Apraksts<\/th>\n<td>PGA1202VM mais\u012b\u0161anas vagona p\u0101rnesumk\u0101rbas \u2013 Comer koda PGA-1202 nomai\u0146a<\/td>\n<\/tr>\n<tr>\n<th>Specifik\u0101cijas<\/th>\n<td>Ir apr\u012bkots ar \u012bpa\u0161u gultni, kur skr\u016bves v\u0101rpstu var tie\u0161i savienot.<\/td>\n<\/tr>\n<tr>\n<th>Ieguvumi<\/th>\n<td>Vin\u010dai nav nepiecie\u0161ams atsevi\u0161\u0137s gultnis.<\/td>\n<\/tr>\n<tr>\n<th>Pieteikums<\/th>\n<td>Mais\u012b\u0161anas vagons<\/td>\n<\/tr>\n<tr>\n<th>Piem\u0113rots<\/th>\n<td>Viens mais\u012bt\u0101js 10\u201314 kubikmetri, divk\u0101r\u0161s mais\u012bt\u0101js 16\u201324 kubikmetri<\/td>\n<\/tr>\n<tr>\n<th>Sast\u0101v no<\/th>\n<td>\u0100trumk\u0101rba<\/td>\n<\/tr>\n<tr>\n<th>Pas\u016bt\u012bt e\u013c\u013cu<\/th>\n<td>E\u013c\u013cu pas\u016btiet atsevi\u0161\u0137i<\/td>\n<\/tr>\n<tr>\n<th>Satur e\u013c\u013cu<\/th>\n<td>N\u0113<\/td>\n<\/tr>\n<\/tbody>\n<\/table>\n<h2>Bar\u012bbas mais\u012bt\u0101ju ma\u0161\u012bnu p\u0101rnesumk\u0101rbu \u012bpa\u0161\u012bbas<\/h2>\n<p>Bar\u012bbas mais\u012bt\u0101ju p\u0101rnesumk\u0101rbas ir b\u016btiskas sast\u0101vda\u013cas, kas nodro\u0161ina pareizu bar\u012bbas sast\u0101vda\u013cu sajauk\u0161anu lauksaimniec\u012bbas darbos. \u0160\u012bs p\u0101rnesumk\u0101rbas ir paredz\u0113tas sare\u017e\u0123\u012btu apst\u0101k\u013cu apstr\u0101dei un efekt\u012bvai jaudas p\u0101rvadei, padarot t\u0101s par kritiski svar\u012bg\u0101m bar\u012bbas sagatavo\u0161anas optimiz\u0113\u0161anai. \u0160eit ir bar\u012bbas mais\u012bt\u0101ju p\u0101rnesumk\u0101rbu galven\u0101s iez\u012bmes:<\/p>\n<p><strong>Augsta jaudas p\u0101rraides efektivit\u0101te<\/strong><\/p>\n<ul>\n<li><strong>Jaud\u012bga un efekt\u012bva jaudas p\u0101rne\u0161ana:<\/strong> Bar\u012bbas mais\u012bt\u0101ju p\u0101rnesumk\u0101rbas ir paredz\u0113tas, lai p\u0101rs\u016bt\u012btu jaudu no traktora j\u016bgv\u0101rpstas vai dzin\u0113ja uz mais\u012b\u0161anas komponentiem (piem\u0113ram, glieme\u017ev\u0101kiem vai l\u0101psti\u0146\u0101m) ar minim\u0101liem ener\u0123ijas zudumiem. Tas nodro\u0161ina mais\u012bt\u0101ja optim\u0101lu darb\u012bbu, nodro\u0161inot nepiecie\u0161amo rot\u0101cijas \u0101trumu un griezes momentu.<\/li>\n<li><strong>Svar\u012bgums:<\/strong> Ener\u0123ijas efektivit\u0101tes maksimiz\u0113\u0161ana nodro\u0161ina vienm\u0113r\u012bgu un past\u0101v\u012bgu darb\u012bbu, samazinot degvielas pat\u0113ri\u0146u un ekspluat\u0101cijas izmaksas.<\/li>\n<\/ul>\n<p><strong>Regul\u0113jams \u0101truma un griezes momenta kontrole<\/strong><\/p>\n<ul>\n<li><strong>Main\u0101ma \u0101truma un griezes momenta iestat\u012bjumi:<\/strong> Daudzi bar\u012bbas mais\u012bt\u0101ju p\u0101rnesumk\u0101rbas pied\u0101v\u0101 regul\u0113jamu \u0101truma un griezes momenta kontroli. \u0160\u012b elast\u012bba \u013cauj operatoram piel\u0101got mais\u012b\u0161anas \u0101trumu da\u017e\u0101diem bar\u012bbas veidiem, s\u0101kot no rupjas sausnas l\u012bdz mitr\u0101m, \u0161\u0137iedrain\u0101m sast\u0101vda\u013c\u0101m.<\/li>\n<li><strong>Svar\u012bgums:<\/strong> Prec\u012bza \u0101truma un griezes momenta kontrole nodro\u0161ina r\u016bp\u012bgu sajauk\u0161anu, k\u0101 rezult\u0101t\u0101 ieg\u016bst vienm\u0113r\u012bg\u0101ku bar\u012bbas mais\u012bjumu, kas ir b\u016btiski sabalans\u0113tai dz\u012bvnieku uztura nodro\u0161in\u0101\u0161anai.<\/li>\n<\/ul>\n<p><strong>Iztur\u012bba un iztur\u012bgs dizains<\/strong><\/p>\n<ul>\n<li><strong>Iztur\u012bga konstrukcija:<\/strong> Bar\u012bbas mais\u012bt\u0101ju p\u0101rnesumk\u0101rbas ir konstru\u0113tas t\u0101, lai iztur\u0113tu lielas slodzes un skarbos darba apst\u0101k\u013cus, kas rakstur\u012bgi lauksaimniec\u012bbai. T\u0101s ir izgatavotas no iztur\u012bgiem materi\u0101liem, tostarp augstas kvalit\u0101tes t\u0113rauda un pastiprin\u0101tiem zobratiem, lai nodro\u0161in\u0101tu ilgsto\u0161u darb\u012bbu.<\/li>\n<li><strong>Svar\u012bgums:<\/strong> Iztur\u012bba nodro\u0161ina, ka p\u0101rnesumk\u0101rba var iztur\u0113t nep\u0101rtrauktu darb\u012bbu un lauksaimniec\u012bbas vides nodilumu, samazinot apkopes un remonta bie\u017eumu.<\/li>\n<\/ul>\n<p><strong>Kompakts un vietu taupo\u0161s dizains<\/strong><\/p>\n<ul>\n<li><strong>Kompakta strukt\u016bra:<\/strong> Bar\u012bbas mais\u012bt\u0101ju p\u0101rnesumk\u0101rbas ir konstru\u0113tas t\u0101, lai t\u0101s b\u016btu telpu taupo\u0161as, nodro\u0161inot, ka t\u0101s neman\u0101mi iek\u013caujas mais\u012b\u0161anas vagona ierobe\u017eotaj\u0101 telp\u0101. Neskatoties uz kompakto izm\u0113ru, \u0161\u012bs p\u0101rnesumk\u0101rbas nodro\u0161ina iev\u0113rojamu jaudu un griezes momentu efekt\u012bvai mais\u012b\u0161anai.<\/li>\n<li><strong>Svar\u012bgums:<\/strong> Kompaktais dizains nodro\u0161ina \u0113rtu uzst\u0101d\u012b\u0161anu un apkopi, \u012bpa\u0161i iek\u0101rt\u0101s ar ierobe\u017eotu vietu.<\/li>\n<\/ul>\n<p><strong>Vienm\u0113r\u012bga un klusa darb\u012bba<\/strong><\/p>\n<ul>\n<li><strong>Zema trok\u0161\u0146a darb\u012bba:<\/strong> M\u016bsdienu bar\u012bbas mais\u012bt\u0101ju p\u0101rnesumk\u0101rbas ir konstru\u0113tas vienm\u0113r\u012bgai un klusai darb\u012bbai. Trok\u0161\u0146a samazin\u0101\u0161ana tiek pan\u0101kta, pateicoties prec\u012bzai in\u017eenierijai, lab\u0101kai e\u013c\u013co\u0161anai un optimiz\u0113tai p\u0101rnesumu konstrukcijai.<\/li>\n<li><strong>Svar\u012bgums:<\/strong> Samazin\u0101ts trok\u0161\u0146a l\u012bmenis ne tikai uzlabo operatora komfortu, bet ar\u012b samazina p\u0101rnesumk\u0101rbas nodilumu, palielinot t\u0101s kalpo\u0161anas laiku un samazinot apkopes nepiecie\u0161am\u012bbu.<\/li>\n<\/ul>\n<p>Bar\u012bbas mais\u012bt\u0101ju p\u0101rnesumk\u0101rbas ir konstru\u0113tas ar daudz\u0101m uzlabot\u0101m funkcij\u0101m, lai nodro\u0161in\u0101tu to efekt\u012bvu un uzticamu darb\u012bbu sare\u017e\u0123\u012btos lauksaimniec\u012bbas apst\u0101k\u013cos. S\u0101kot ar augstu jaudas p\u0101rvades efektivit\u0101ti un regul\u0113jamu \u0101truma kontroli un beidzot ar iztur\u012bbu, dro\u0161\u012bbas meh\u0101nismiem un vieglu apkopi, \u0161\u012bs funkcijas padara bar\u012bbas mais\u012bt\u0101ju p\u0101rnesumk\u0101rbas neaizst\u0101jamas efekt\u012bvai bar\u012bbas ra\u017eo\u0161anai. To sp\u0113ja nodro\u0161in\u0101t vienm\u0113r\u012bgu un vienm\u0113r\u012bgu sajauk\u0161anu, vienlaikus garant\u0113jot dro\u0161\u012bbu un uzticam\u012bbu, ir \u013coti svar\u012bga, lai uztur\u0113tu optim\u0101lu dz\u012bvnieku \u0113din\u0101\u0161anu un uzlabotu saimniec\u012bbas produktivit\u0101ti.<\/p>\n<p><img loading=\"lazy\" decoding=\"async\" class=\"alignnone size-full wp-image-2539\" src=\"https:\/\/fmp-components.com\/wp-content\/uploads\/2025\/01\/Feed-Mixer-Gearboxes-in-Mixing-Wagon-21.webp\" alt=\"Bar\u012bbas mais\u012bt\u0101ja p\u0101rnesumk\u0101rbas mais\u012b\u0161anas vagon\u0101\" width=\"1024\" height=\"683\" title=\"\" srcset=\"https:\/\/fmp-components.com\/wp-content\/uploads\/2025\/01\/Feed-Mixer-Gearboxes-in-Mixing-Wagon-21.webp 1024w, https:\/\/fmp-components.com\/wp-content\/uploads\/2025\/01\/Feed-Mixer-Gearboxes-in-Mixing-Wagon-21-980x654.webp 980w, https:\/\/fmp-components.com\/wp-content\/uploads\/2025\/01\/Feed-Mixer-Gearboxes-in-Mixing-Wagon-21-480x320.webp 480w\" sizes=\"(min-width: 0px) and (max-width: 480px) 480px, (min-width: 481px) and (max-width: 980px) 980px, (min-width: 981px) 1024px, 100vw\" \/><\/p>\n<h2>Lauksaimniec\u012bbas j\u016bgv\u0101rpsta bar\u012bbas mais\u012bt\u0101ju p\u0101rnesumk\u0101rb\u0101m<\/h2>\n<p>J\u016bgv\u0101rpsta (j\u016bgv\u0101rpsta) ir svar\u012bga sast\u0101vda\u013ca, kas savieno traktoru vai citus sp\u0113ka avotus ar lauksaimniec\u012bbas tehniku, tostarp bar\u012bbas mais\u012bt\u0101jiem. J\u016bgv\u0101rpsta p\u0101rnes meh\u0101nisko jaudu uz bar\u012bbas mais\u012bt\u0101ja p\u0101rnesumk\u0101rbu, nodro\u0161inot mais\u012b\u0161anas procesu optim\u0101lai bar\u012bbas sagatavo\u0161anai. \u0160eit ir sniegts detaliz\u0113ts p\u0101rskats par lauksaimniec\u012bbas j\u016bgv\u0101rpstu un t\u0101s lomu bar\u012bbas mais\u012bt\u0101jos:<\/p>\n<p><strong>Efekt\u012bva jaudas p\u0101rvade<\/strong><\/p>\n<ul>\n<li><strong>Funkcionalit\u0101te:<\/strong> J\u016bgv\u0101rpstas galvenais uzdevums ir p\u0101rnest jaudu no traktora vai cita galven\u0101 dzin\u0113ja uz bar\u012bbas mais\u012bt\u0101ja p\u0101rnesumk\u0101rbu. Tas nodro\u0161ina, ka p\u0101rnesumk\u0101rba sa\u0146em nepiecie\u0161amo rot\u0101cijas ener\u0123iju, lai darbin\u0101tu mais\u012bt\u0101ja glieme\u017ev\u0101kus vai l\u0101psti\u0146as.<\/li>\n<li><strong>Svar\u012bgums:<\/strong> Efekt\u012bva jaudas p\u0101rvade nodro\u0161ina, ka mais\u012bt\u0101js darbojas ar pareizo \u0101trumu un griezes momentu optim\u0101lai mais\u012b\u0161anas veiktsp\u0113jai. Tas pal\u012bdz nov\u0113rst ener\u0123ijas zudumus, t\u0101d\u0113j\u0101di uzlabojot degvielas ekonomiju un mais\u012b\u0161anas sist\u0113mas kop\u0113jo veiktsp\u0113ju.<\/li>\n<\/ul>\n<p><strong>Iztur\u012bga konstrukcija<\/strong><\/p>\n<ul>\n<li><strong>Iztur\u012bba:<\/strong> Lauksaimniec\u012bbas j\u016bgv\u0101rpstas ir konstru\u0113tas t\u0101, lai iztur\u0113tu lielas slodzes, vibr\u0101cijas un skarbus vides apst\u0101k\u013cus, kas bie\u017ei sastopami lauksaimniec\u012bbas darbos. T\u0101s ir izgatavotas no augstas stipr\u012bbas t\u0113rauda un ir paredz\u0113tas nep\u0101rtrauktai lieto\u0161anai skarbos lauksaimniec\u012bbas apst\u0101k\u013cos.<\/li>\n<li><strong>Svar\u012bgums:<\/strong> Iztur\u012bg\u0101 konstrukcija nodro\u0161ina, ka j\u016bgv\u0101rpsta var iztur\u0113t materi\u0101la padeves mais\u012bt\u0101j\u0101 rad\u012bto slodzi, vienlaikus saglab\u0101jot uzticamu jaudas p\u0101rvadi, t\u0101d\u0113j\u0101di samazinot boj\u0101jumu risku un palielinot kalpo\u0161anas laiku.<\/li>\n<\/ul>\n<p><strong>Vienk\u0101r\u0161a pievieno\u0161ana un atvieno\u0161ana<\/strong><\/p>\n<ul>\n<li><strong>\u0112rt\u012bbas:<\/strong> Kard\u0101nv\u0101rpsta ir paredz\u0113ta \u0101trai un vienk\u0101r\u0161ai pievieno\u0161anai gan traktoram, gan bar\u012bbas mais\u012bt\u0101ja p\u0101rnesumk\u0101rbai. Daudziem mode\u013ciem ir \u0101tr\u0101s blo\u0137\u0113\u0161anas meh\u0101nisms, kas nodro\u0161ina dro\u0161u savienojumu un vienk\u0101r\u0161o v\u0101rpstas pievieno\u0161anas un atvieno\u0161anas procesu.<\/li>\n<li><strong>Svar\u012bgums:<\/strong> \u0160\u012b lieto\u0161anas vienk\u0101r\u0161\u012bba samazina d\u012bkst\u0101ves laiku, atvieglojot operatoriem j\u016bgv\u0101rpstas \u0101tru iestat\u012b\u0161anu un atvieno\u0161anu nepiecie\u0161am\u012bbas gad\u012bjum\u0101, t\u0101d\u0113j\u0101di uzlabojot kop\u0113jo darb\u012bbas efektivit\u0101ti.<\/li>\n<\/ul>\n<p><strong>Regul\u0113jams garums daudzpus\u012bbai<\/strong><\/p>\n<ul>\n<li><strong>Piel\u0101go\u0161ana:<\/strong> Kard\u0101nv\u0101rpstas ir pieejamas da\u017e\u0101dos garumos, lai t\u0101s b\u016btu piem\u0113rotas da\u017e\u0101du veidu lauksaimniec\u012bbas tehnikai. Regul\u0113jams garums pal\u012bdz padar\u012bt v\u0101rpstu sader\u012bgu ar da\u017e\u0101diem bar\u012bbas mais\u012bt\u0101ju mode\u013ciem un da\u017e\u0101du izm\u0113ru traktoriem.<\/li>\n<li><strong>Svar\u012bgums:<\/strong> \u0160\u012b elast\u012bba \u013cauj kard\u0101nv\u0101rpstu izmantot ar pla\u0161u bar\u012bbas mais\u012bt\u0101ju un traktoru kl\u0101stu, padarot to par daudzpus\u012bgu un piel\u0101gojamu komponentu da\u017e\u0101d\u0101m lauksaimniec\u012bbas darb\u012bb\u0101m.<\/li>\n<\/ul>\n<p><strong>Vienm\u0113r\u012bga darb\u012bba<\/strong><\/p>\n<ul>\n<li><strong>Balanss un vibr\u0101cijas samazin\u0101\u0161ana:<\/strong> Kard\u0101nv\u0101rpstas ir prec\u012bzi konstru\u0113tas, lai nodro\u0161in\u0101tu vienm\u0113r\u012bgu darb\u012bbu, samazinot vibr\u0101cijas un saglab\u0101jot l\u012bdzsvaru darb\u012bbas laik\u0101. Da\u017e\u0101m v\u0101rpst\u0101m ir kard\u0101ni savienojumi, kas absorb\u0113 trieciena slodzes, nodro\u0161inot vienm\u0113r\u012bgu griezes momentu bar\u012bbas mais\u012bt\u0101ja p\u0101rnesumk\u0101rbai.<\/li>\n<li><strong>Svar\u012bgums:<\/strong> Vienm\u0113r\u012bga darb\u012bba samazina tehnikas nodilumu, uzlabo operatora komfortu un pagarina gan j\u016bgv\u0101rpstas, gan bar\u012bbas mais\u012bt\u0101ja reduktora kalpo\u0161anas laiku.<\/li>\n<\/ul>\n<p>Lauksaimniec\u012bbas kard\u0101nv\u0101rpsta bar\u012bbas mais\u012bt\u0101ju p\u0101rnesumk\u0101rb\u0101m ir b\u016btiska sast\u0101vda\u013ca jaudas p\u0101rne\u0161anai no traktora uz mais\u012b\u0161anas iek\u0101rtu. T\u0101 nodro\u0161ina bar\u012bbas mais\u012bt\u0101ja efekt\u012bvu un lietder\u012bgu darb\u012bbu, nodro\u0161inot vienm\u0113r\u012bgu un r\u016bp\u012bgu bar\u012bbas sast\u0101vda\u013cu sajauk\u0161anu. Pateicoties t\u0101s iztur\u012bgajai konstrukcijai, lieto\u0161anas vienk\u0101r\u0161\u012bbai, daudzpus\u012bbai un dro\u0161\u012bbas funkcij\u0101m, kard\u0101nv\u0101rpstai ir galven\u0101 loma bar\u012bbas mais\u012bt\u0101ja sist\u0113mas iztur\u012bbas, veiktsp\u0113jas un uzticam\u012bbas nodro\u0161in\u0101\u0161an\u0101. Izv\u0113loties pareizo kard\u0101nv\u0101rpstu, lauksaimnieki var uzlabot produktivit\u0101ti, samazin\u0101t apkopes izmaksas un nodro\u0161in\u0101t vienm\u0113r\u012bgu bar\u012bbas sagatavo\u0161anas darb\u012bbu.<\/p>\n<p><img loading=\"lazy\" decoding=\"async\" class=\"alignnone size-full wp-image-2540\" src=\"https:\/\/fmp-components.com\/wp-content\/uploads\/2025\/01\/Feed-Mixer-Gearbox-for-Mixing-Wagon-Working-Principle.webp\" alt=\"Bar\u012bbas mais\u012bt\u0101ja p\u0101rnesumk\u0101rbas mais\u012b\u0161anas vagona darb\u012bbas princips\" width=\"1024\" height=\"592\" title=\"\" srcset=\"https:\/\/fmp-components.com\/wp-content\/uploads\/2025\/01\/Feed-Mixer-Gearbox-for-Mixing-Wagon-Working-Principle.webp 1024w, https:\/\/fmp-components.com\/wp-content\/uploads\/2025\/01\/Feed-Mixer-Gearbox-for-Mixing-Wagon-Working-Principle-980x567.webp 980w, https:\/\/fmp-components.com\/wp-content\/uploads\/2025\/01\/Feed-Mixer-Gearbox-for-Mixing-Wagon-Working-Principle-480x278.webp 480w\" sizes=\"(min-width: 0px) and (max-width: 480px) 480px, (min-width: 481px) and (max-width: 980px) 980px, (min-width: 981px) 1024px, 100vw\" \/><\/p>\n<h3>Par FMP<\/h3>\n<p>FMP galven\u0101 m\u012btne atrodas It\u0101lij\u0101, un tas ir vado\u0161ais ra\u017eot\u0101js, kas paz\u012bstams ar savu pieredzi augstas veiktsp\u0113jas p\u0101rnesumk\u0101rbu projekt\u0113\u0161an\u0101, izstr\u0101d\u0113 un ra\u017eo\u0161an\u0101, \u012bpa\u0161i koncentr\u0113joties uz lauksaimniec\u012bbas tehnikas sektoru. Ar prec\u012bzas in\u017eenierijas, inovat\u012bvu risin\u0101jumu un nelok\u0101mas uzticam\u012bbas reput\u0101ciju FMP ir k\u013cuvis par uzticamu partneri, kas risina gan lauksaimniec\u012bbas, gan r\u016bpniec\u012bbas sektora main\u012bg\u0101s vajadz\u012bbas. M\u016bsu daudzveid\u012bgais produktu kl\u0101sts ietver specializ\u0113tas p\u0101rnesumk\u0101rbas z\u0101les p\u013c\u0101v\u0113jiem, j\u016bgv\u0101rpstas un citas svar\u012bgas sast\u0101vda\u013cas, kas visas ir r\u016bp\u012bgi izstr\u0101d\u0101tas, lai nodro\u0161in\u0101tu piel\u0101gotus risin\u0101jumus pla\u0161am pielietojumu kl\u0101stam.<\/p>\n<p>Uz\u0146\u0113mum\u0101 FMP m\u0113s saprotam, ka katram klientam ir unik\u0101las pras\u012bbas un izaicin\u0101jumi. T\u0101p\u0113c m\u0113s specializ\u0113jamies piel\u0101gotu risin\u0101jumu pied\u0101v\u0101\u0161an\u0101, neatkar\u012bgi no t\u0101, vai tie attiecas uz atsevi\u0161\u0137\u0101m komponent\u0113m vai piln\u012bb\u0101 integr\u0113t\u0101m sist\u0113m\u0101m. M\u0113s cie\u0161i sadarbojamies ar saviem klientiem, lai nodro\u0161in\u0101tu, ka katrs risin\u0101jums ir ne tikai efekt\u012bvs, bet ar\u012b lietder\u012bgs, optimiz\u0113jot gan veiktsp\u0113ju, gan v\u0113rt\u012bbu. M\u016bsu ap\u0146em\u0161an\u0101s sniegt \u0101tras un profesion\u0101las atbildes apvienojum\u0101 ar ekspertu nor\u0101d\u012bjumiem nodro\u0161ina, ka katrs piepras\u012bjums tiek apstr\u0101d\u0101ts ar visliel\u0101ko r\u016bp\u012bbu un precizit\u0101ti, t\u0101d\u0113j\u0101di sasniedzot vislab\u0101kos iesp\u0113jamos rezult\u0101tus.<\/p>\n<p>M\u0113s priorit\u0101ri izvirz\u0101m atv\u0113rtu un nep\u0101rtrauktu komunik\u0101ciju vis\u0101 produktu izstr\u0101des proces\u0101. M\u016bsu \u012bpa\u0161i izveidot\u0101 komanda str\u0101d\u0101 tie\u0161i ar klientiem, lai piln\u012bb\u0101 izprastu vi\u0146u \u012bpa\u0161\u0101s vajadz\u012bbas, pied\u0101v\u0101jot v\u0113rt\u012bgas atzi\u0146as un ieteikumus, lai nodro\u0161in\u0101tu optim\u0101lus risin\u0101jumus. Neatkar\u012bgi no t\u0101, vai izstr\u0101d\u0101jam inovat\u012bvus produktus vai izpild\u0101m past\u0101v\u012bgus pas\u016bt\u012bjumus, FMP ir ap\u0146\u0113musies vienm\u0113r savlaic\u012bgi pieg\u0101d\u0101t augstas kvalit\u0101tes, prec\u012bzi izstr\u0101d\u0101tus risin\u0101jumus. M\u016bsu m\u0113r\u0137is ir nodro\u0161in\u0101t klientiem vislab\u0101ko apkalpo\u0161anu un rezult\u0101tus, p\u0101rsniedzot cer\u012bbas katr\u0101 projekt\u0101.<\/p>\n<p>Kvalit\u0101te ir FMP darb\u012bbas st\u016brakmens. M\u0113s iev\u0113rojam augst\u0101kos ra\u017eo\u0161anas standartus, ievie\u0161ot stingrus kvalit\u0101tes kontroles pas\u0101kumus, lai nodro\u0161in\u0101tu, ka katrs produkts ne tikai atbilst, bet ar\u012b p\u0101rsniedz nozares standartus. \u0160\u012b nelok\u0101m\u0101 ap\u0146em\u0161an\u0101s nodro\u0161in\u0101t kvalit\u0101ti apvienojum\u0101 ar m\u016bsu pamatv\u0113rt\u012bb\u0101m \u2013 integrit\u0101ti, komandas darbu un neatlaid\u012bbu \u2013 ir \u013c\u0101vusi mums veidot ilgsto\u0161as, uz uztic\u012bbu balst\u012btas attiec\u012bbas ar klientiem gandr\u012bz 30 valst\u012bs vis\u0101 pasaul\u0113.<\/p>\n<p>FMP vienm\u0113r ir atv\u0113rts glob\u0101lu partner\u012bbu veido\u0161anai un joproj\u0101m ir ap\u0146\u0113mies pied\u0101v\u0101t ekspertu padomus un piel\u0101gotus risin\u0101jumus, kas atbilst m\u016bsu klientu da\u017e\u0101daj\u0101m vajadz\u012bb\u0101m. M\u0113s nepied\u0101v\u0101jam tikai produktus; m\u016bsu m\u0113r\u0137is ir veidot ilgsto\u0161as \u200b\u200battiec\u012bbas, kas veicina katra projekta pan\u0101kumus. Neatkar\u012bgi no t\u0101, vai jums ir nepiecie\u0161ami inovat\u012bvi risin\u0101jumi jaunai iniciat\u012bvai vai past\u0101v\u012bgs atbalsts eso\u0161ai sist\u0113mai, FMP ir \u0161eit, lai risin\u0101tu j\u016bsu tehnisk\u0101s probl\u0113mas un nodro\u0161in\u0101tu j\u016bsu turpm\u0101kos pan\u0101kumus.<\/p>\n<p><img loading=\"lazy\" decoding=\"async\" class=\"alignnone size-full wp-image-1861\" src=\"https:\/\/fmp-components.com\/wp-content\/uploads\/2024\/12\/Other-Agricultural-Gearboxes.webp\" sizes=\"(min-width: 0px) and (max-width: 480px) 480px, (min-width: 481px) and (max-width: 980px) 980px, (min-width: 981px) 1200px, 100vw\" srcset=\"https:\/\/fmp-components.com\/wp-content\/uploads\/2024\/12\/Other-Agricultural-Gearboxes.webp 1200w, https:\/\/fmp-components.com\/wp-content\/uploads\/2024\/12\/Other-Agricultural-Gearboxes-980x1143.webp 980w, https:\/\/fmp-components.com\/wp-content\/uploads\/2024\/12\/Other-Agricultural-Gearboxes-480x560.webp 480w\" alt=\"Altri-cambi-agricoli\" width=\"1200\" height=\"1400\" title=\"\"><\/p>\n<p>Autors: CX<\/p>","protected":false},"excerpt":{"rendered":"<p>PGA1202VM Mixing wagon Gearboxes Specification Description PGA1202VM Mixing Wagon Gearboxes &#8211; Replacement of Comer Code PGA-1202 Specifications Has a special bearing complete where the screw spindle can be directly connected. Benefits No separate bearing complete required for the winch. Application Mixing wagon Suitable For Single mixer 10\u201314 cubic metres, Double mixer 16\u201324 cubic metres Consists [&hellip;]<\/p>","protected":false},"featured_media":2544,"comment_status":"open","ping_status":"closed","template":"","meta":{"_et_pb_use_builder":"","_et_pb_old_content":"","_et_gb_content_width":""},"product_brand":[],"product_cat":[60],"product_tag":[],"class_list":{"0":"post-2536","1":"product","2":"type-product","3":"status-publish","4":"has-post-thumbnail","6":"product_cat-feed-mixer-gearbox","8":"first","9":"instock","10":"shipping-taxable","11":"product-type-simple"},"_links":{"self":[{"href":"https:\/\/fmp-components.com\/lv\/wp-json\/wp\/v2\/product\/2536","targetHints":{"allow":["GET"]}}],"collection":[{"href":"https:\/\/fmp-components.com\/lv\/wp-json\/wp\/v2\/product"}],"about":[{"href":"https:\/\/fmp-components.com\/lv\/wp-json\/wp\/v2\/types\/product"}],"replies":[{"embeddable":true,"href":"https:\/\/fmp-components.com\/lv\/wp-json\/wp\/v2\/comments?post=2536"}],"wp:featuredmedia":[{"embeddable":true,"href":"https:\/\/fmp-components.com\/lv\/wp-json\/wp\/v2\/media\/2544"}],"wp:attachment":[{"href":"https:\/\/fmp-components.com\/lv\/wp-json\/wp\/v2\/media?parent=2536"}],"wp:term":[{"taxonomy":"product_brand","embeddable":true,"href":"https:\/\/fmp-components.com\/lv\/wp-json\/wp\/v2\/product_brand?post=2536"},{"taxonomy":"product_cat","embeddable":true,"href":"https:\/\/fmp-components.com\/lv\/wp-json\/wp\/v2\/product_cat?post=2536"},{"taxonomy":"product_tag","embeddable":true,"href":"https:\/\/fmp-components.com\/lv\/wp-json\/wp\/v2\/product_tag?post=2536"}],"curies":[{"name":"wp","href":"https:\/\/api.w.org\/{rel}","templated":true}]}}