{"id":2523,"date":"2025-01-02T03:45:19","date_gmt":"2025-01-02T03:45:19","guid":{"rendered":"https:\/\/fmp-components.com\/?page_id=8"},"modified":"2025-01-02T03:59:23","modified_gmt":"2025-01-02T03:59:23","slug":"round-baler-gearbox-fmp2100-t3-for-round-baler-and-harvester","status":"publish","type":"product","link":"https:\/\/fmp-components.com\/lv\/product\/round-baler-gearbox-fmp2100-t3-for-round-baler-and-harvester\/","title":{"rendered":"Riepu preses p\u0101rnesumk\u0101rba FMP2100-T3 rieppresei un kombainam"},"content":{"rendered":"<p><img loading=\"lazy\" decoding=\"async\" class=\"size-full wp-image-2524 aligncenter\" src=\"https:\/\/fmp-components.com\/wp-content\/uploads\/2025\/01\/Round-Baler-Gearbox-EP2100-T31.webp\" alt=\"Apa\u013co-\u0137\u012bpu-preses-reduktors-FMP2100-T3(1)\" width=\"600\" height=\"600\" title=\"\" srcset=\"https:\/\/fmp-components.com\/wp-content\/uploads\/2025\/01\/Round-Baler-Gearbox-EP2100-T31.webp 600w, https:\/\/fmp-components.com\/wp-content\/uploads\/2025\/01\/Round-Baler-Gearbox-EP2100-T31-480x480.webp 480w\" sizes=\"(min-width: 0px) and (max-width: 480px) 480px, (min-width: 481px) 600px, 100vw\" \/><\/p>\n<h2>Ripu preses reduktora FMP2100-T3 tehniskie dati<\/h2>\n<table style=\"width: 93.8969%; height: 116px;\" border=\"1\" cellspacing=\"0\" cellpadding=\"0\">\n<tbody>\n<tr style=\"height: 23px;\">\n<td style=\"height: 46px; width: 15.8921%;\" colspan=\"2\" rowspan=\"2\">es<\/td>\n<td style=\"height: 46px; width: 25.3373%;\" rowspan=\"2\">Piem\u0113rots<\/td>\n<td style=\"height: 23px; width: 9.89505%;\">Apgriezienu skaita ievade<\/td>\n<td style=\"height: 23px; width: 11.0945%;\">Apgriezienu skaita izeja<\/td>\n<td style=\"height: 23px; width: 9.44528%;\">kW (nomin\u0101l\u0101)<\/td>\n<td style=\"height: 23px; width: 13.0435%;\">Izejas griezes moments<\/td>\n<td style=\"height: 46px; width: 45.2774%;\" rowspan=\"2\">Zobu veido\u0161an\u0101s<\/td>\n<\/tr>\n<tr style=\"height: 23px;\">\n<td style=\"height: 23px; width: 9.89505%;\">apgr.\/min<\/td>\n<td style=\"height: 23px; width: 11.0945%;\">apgr.\/min<\/td>\n<td style=\"height: 23px; width: 9.44528%;\">ZS<\/td>\n<td style=\"height: 23px; width: 13.0435%;\">Nm<\/td>\n<\/tr>\n<tr style=\"height: 47px;\">\n<td style=\"height: 47px; width: 10.3448%;\">Pal\u0113nin\u0101t<\/td>\n<td style=\"height: 47px; width: 5.54723%;\">2.1 :1<\/td>\n<td style=\"height: 47px; width: 25.3373%;\">Ripojo\u0161\u0101 prese, kombains utt.<\/td>\n<td style=\"height: 47px; width: 9.89505%;\">540<\/td>\n<td style=\"height: 47px; width: 11.0945%;\">257<\/td>\n<td style=\"height: 47px; width: 9.44528%;\">80<\/td>\n<td style=\"height: 47px; width: 13.0435%;\">100<\/td>\n<td style=\"height: 47px; width: 45.2774%;\">Gl\u012bsona spir\u0101lveida<br \/>\nZobi<\/td>\n<\/tr>\n<tr style=\"height: 23px;\">\n<td style=\"height: 23px; width: 129.985%;\" colspan=\"8\">Piez\u012bme: Ja jums ir k\u0101das \u012bpa\u0161as pras\u012bbas, nekautr\u0113jieties man pazi\u0146ot, m\u0113s pie\u0146emam ar\u012b pas\u016bt\u012bjumu.<\/td>\n<\/tr>\n<\/tbody>\n<\/table>\n<h2>Apa\u013co \u0137\u012bpu preses reduktora FMP2100-T3 komponentu strukt\u016bra<\/h2>\n<p>Ripu preses p\u0101rnesumk\u0101rba FMP2100-T3 ir izstr\u0101d\u0101ta, lai nodro\u0161in\u0101tu augstu veiktsp\u0113ju un uzticam\u012bbu pras\u012bgos lauksaimniec\u012bbas darbos. P\u0101rnesumk\u0101rbai ir labi izstr\u0101d\u0101ta komponentu strukt\u016bra, kas nodro\u0161ina optim\u0101lu darb\u012bbu un iztur\u012bbu. Zem\u0101k ir sniegts t\u0101s galveno komponentu p\u0101rskats:<\/p>\n<p><strong>P\u0101rnesumk\u0101rbas korpuss<\/strong><\/p>\n<ul>\n<li>Materi\u0101ls: Izgatavots no augstas stipr\u012bbas \u010duguna vai t\u0113rauda, \u200b\u200bkas nodro\u0161ina iztur\u012bbu un iztur\u012bbu pret nodilumu un spriegumu.<\/li>\n<li>Funkcija: Ietver iek\u0161\u0113j\u0101s sast\u0101vda\u013cas, nodro\u0161inot aizsardz\u012bbu pret \u0101r\u0113jiem boj\u0101jumiem un vienm\u0113r\u012bgu darb\u012bbu.<\/li>\n<\/ul>\n<p><strong>Ievades v\u0101rpsta<\/strong><\/p>\n<ul>\n<li>Materi\u0101ls: Augstas stipr\u012bbas t\u0113rauds.<\/li>\n<li>Funkcija: P\u0101rnes rot\u0101cijas jaudu no traktora j\u016bgv\u0101rpstas uz p\u0101rnesumk\u0101rbas iek\u0161\u0113jiem zobratiem.<\/li>\n<\/ul>\n<p><strong>Izejas v\u0101rpsta<\/strong><\/p>\n<ul>\n<li>Materi\u0101ls: R\u016bd\u012bts t\u0113rauds.<\/li>\n<li>Funkcija: Nodod jaudu no p\u0101rnesumk\u0101rbas uz preses darba meh\u0101nismiem, nodro\u0161inot efekt\u012bvu ener\u0123ijas p\u0101rnesi t\u0101d\u0101m darb\u012bb\u0101m k\u0101 ru\u013c\u013cu veido\u0161ana.<\/li>\n<\/ul>\n<p><strong>Zobrati<\/strong><\/p>\n<ul>\n<li>Materi\u0101ls: Le\u0123\u0113tais t\u0113rauds, apstr\u0101d\u0101ts, lai uzlabotu iztur\u012bbu un nodilumiztur\u012bbu.<\/li>\n<li>Funkcija: Iek\u0161\u0113jie zobrati (piem\u0113ram, konusveida vai cilindriskie zobrati) atvieglo jaudas un griezes momenta p\u0101rnesi, nodro\u0161inot atbilsto\u0161u rot\u0101cijas \u0101trumu preses komponentiem.<\/li>\n<\/ul>\n<p><strong>Gult\u0146i<\/strong><\/p>\n<ul>\n<li>Materi\u0101ls: Augstas kvalit\u0101tes gult\u0146i, kas paredz\u0113ti lauksaimniec\u012bbas tehnikai.<\/li>\n<li>Funkcija: Atbalsta v\u0101rpstas un zobratus, nodro\u0161inot vienm\u0113r\u012bgu darb\u012bbu un samazinot berzi, lai pagarin\u0101tu kalpo\u0161anas laiku.<\/li>\n<\/ul>\n<p>FMP2100-T3 apa\u013co preses reduktora deta\u013cu strukt\u016bra ir r\u016bp\u012bgi izstr\u0101d\u0101ta, lai tiktu gal\u0101 ar sare\u017e\u0123\u012btiem lauksaimniec\u012bbas darbiem, vienlaikus nodro\u0161inot efekt\u012bvu jaudas p\u0101rvadi optim\u0101lai preses veiktsp\u0113jai.<\/p>\n<table style=\"width: 101.691%; height: 5px;\" width=\"136\">\n<tbody>\n<tr style=\"height: 23px;\">\n<td style=\"height: 23px; width: 49.5218%;\" width=\"72\"><img loading=\"lazy\" decoding=\"async\" class=\"alignnone size-full wp-image-2526\" src=\"https:\/\/fmp-components.com\/wp-content\/uploads\/2025\/01\/Round-Baler-Gearbox-EP2100-T3-Agricultural-Applications-2-980x6321-1.webp\" alt=\"Apa\u013co \u0137\u012bpu preses p\u0101rnesumk\u0101rba\" width=\"980\" height=\"632\" title=\"\" srcset=\"https:\/\/fmp-components.com\/wp-content\/uploads\/2025\/01\/Round-Baler-Gearbox-EP2100-T3-Agricultural-Applications-2-980x6321-1.webp 980w, https:\/\/fmp-components.com\/wp-content\/uploads\/2025\/01\/Round-Baler-Gearbox-EP2100-T3-Agricultural-Applications-2-980x6321-1-480x310.webp 480w\" sizes=\"(min-width: 0px) and (max-width: 480px) 480px, (min-width: 481px) 980px, 100vw\" \/><\/td>\n<td style=\"height: 23px; width: 49.8406%;\" width=\"64\"><img loading=\"lazy\" decoding=\"async\" class=\"alignnone size-full wp-image-2525\" src=\"https:\/\/fmp-components.com\/wp-content\/uploads\/2025\/01\/Round-Baler-Gearbox-EP2100-T3-Agricultural-Applications-1-980x6321-1.webp\" alt=\"Apa\u013co-preses-reduktors-EP2100-T3-lauksaimniec\u012bbas-lietojumi-1\" width=\"980\" height=\"632\" title=\"\" srcset=\"https:\/\/fmp-components.com\/wp-content\/uploads\/2025\/01\/Round-Baler-Gearbox-EP2100-T3-Agricultural-Applications-1-980x6321-1.webp 980w, https:\/\/fmp-components.com\/wp-content\/uploads\/2025\/01\/Round-Baler-Gearbox-EP2100-T3-Agricultural-Applications-1-980x6321-1-480x310.webp 480w\" sizes=\"(min-width: 0px) and (max-width: 480px) 480px, (min-width: 481px) 980px, 100vw\" \/><\/td>\n<\/tr>\n<\/tbody>\n<\/table>\n<h2>Ripu preses reduktora FMP2100-T3 izmanto\u0161anas priek\u0161roc\u012bbas<\/h2>\n<p>Ripu preses reduktors FMP2100-T3 pied\u0101v\u0101 vair\u0101kas priek\u0161roc\u012bbas, kas padara to par ide\u0101lu izv\u0113li lauksaimniec\u012bbas vajadz\u012bb\u0101m, jo \u200b\u200b\u012bpa\u0161i rupu preses efekt\u012bvai darb\u012bbai. T\u0101l\u0101k ir nor\u0101d\u012btas galven\u0101s priek\u0161roc\u012bbas:<\/p>\n<p><strong>Augsta iztur\u012bba un uzticam\u012bba<\/strong><\/p>\n<ul>\n<li>Ieguvums: Iztur\u012bg\u0101 konstrukcija un augstas kvalit\u0101tes materi\u0101li, piem\u0113ram, le\u0123\u0113tais t\u0113rauds un \u010duguns, nodro\u0161ina, ka p\u0101rnesumk\u0101rba var iztur\u0113t skarbus lauksaimniec\u012bbas apst\u0101k\u013cus, samazinot nodiluma un boj\u0101jumu iesp\u0113jam\u012bbu.<\/li>\n<li>Priek\u0161roc\u012bba: Tas uzlabo p\u0101rnesumk\u0101rbas ilgm\u016b\u017e\u012bbu, nodro\u0161inot nep\u0101rtrauktu darb\u012bbu bez nepiecie\u0161am\u012bbas bie\u017ei nomain\u012bt vai remont\u0113t deta\u013cas.<\/li>\n<\/ul>\n<p><strong>Efekt\u012bva jaudas p\u0101rvade<\/strong><\/p>\n<ul>\n<li>Ieguvums: Labi konstru\u0113tie zobrati un augstas iztur\u012bbas v\u0101rpstas nodro\u0161ina efekt\u012bvu jaudas p\u0101rnesi no traktora j\u016bgv\u0101rpstas uz presi.<\/li>\n<li>Priek\u0161roc\u012bba: Tas nodro\u0161ina vienm\u0113r\u012bgu un vienm\u0113r\u012bgu ru\u013c\u013cu veido\u0161anos, samazinot apr\u012bkojuma ekspluat\u0101cijas slodzi un uzlabojot kop\u0113jo produktivit\u0101ti.<\/li>\n<\/ul>\n<p><strong>Kompakts un vietu taupo\u0161s dizains<\/strong><\/p>\n<ul>\n<li>Priek\u0161roc\u012bba: FMP2100-T3 p\u0101rnesumk\u0101rbas kompaktais dizains \u013cauj to viegli integr\u0113t ar ru\u013c\u013cu presi, neaiz\u0146emot p\u0101rm\u0113r\u012bgi daudz vietas.<\/li>\n<li>Priek\u0161roc\u012bba: Tas nodro\u0161ina racionaliz\u0113tu un efekt\u012bvu iestat\u012bjumu, kas ir \u013coti svar\u012bgi, lai samazin\u0101tu lauksaimniec\u012bbas tehnikas kop\u0113jo izm\u0113ru un uzlabotu manevr\u0113tsp\u0113ju.<\/li>\n<\/ul>\n<p><strong>Vienk\u0101r\u0161a apkope<\/strong><\/p>\n<ul>\n<li>Priek\u0161roc\u012bba: P\u0101rnesumk\u0101rba ir konstru\u0113ta ar lietot\u0101jam draudz\u012bgu e\u013c\u013co\u0161anas sist\u0113mu, bl\u012bv\u0113m un pieejam\u0101m deta\u013c\u0101m vienk\u0101r\u0161ai apkopei.<\/li>\n<li>Priek\u0161roc\u012bba: Tas vienk\u0101r\u0161o ikdienas apkopes uzdevumus, samazina d\u012bkst\u0101ves laiku un samazina ekspluat\u0101cijas izmaksas.<\/li>\n<\/ul>\n<p><strong>Optim\u0101la veiktsp\u0113ja liel\u0101s slodz\u0113s<\/strong><\/p>\n<ul>\n<li>Ieguvums: FMP2100-T3 ir izstr\u0101d\u0101ts efekt\u012bvai darb\u012bbai lielas slodzes apst\u0101k\u013cos, pied\u0101v\u0101jot augstu griezes momenta jaudu un minim\u0101lus jaudas zudumus.<\/li>\n<li>Priek\u0161roc\u012bba: Tas padara to par ide\u0101lu risin\u0101jumu lielu materi\u0101lu apjomu, piem\u0113ram, siena un salmu, apstr\u0101dei, nodro\u0161inot augstu veiktsp\u0113ju pat sare\u017e\u0123\u012btos apst\u0101k\u013cos.<\/li>\n<\/ul>\n<p>FMP2100-T3 apa\u013co preses p\u0101rnesumk\u0101rba pied\u0101v\u0101 uzticam\u012bbas, efektivit\u0101tes un lieto\u0161anas \u0113rtuma apvienojumu, padarot to par lielisku izv\u0113li lauksaimniec\u012bbas apa\u013co presu veiktsp\u0113jas uzlabo\u0161anai.<\/p>\n<table style=\"width: 98.0248%; height: 103px;\" width=\"136\">\n<tbody>\n<tr style=\"height: 45px;\">\n<td style=\"height: 45px; width: 49.7243%;\" width=\"72\"><img loading=\"lazy\" decoding=\"async\" class=\"alignnone size-full wp-image-2531\" src=\"https:\/\/fmp-components.com\/wp-content\/uploads\/2025\/01\/Round-Baler-Gearbox-EP2100-T3-Agricultural-Applications-3.webp\" alt=\"Apa\u013co-preses-reduktors-FMP2100-T3-lauksaimniec\u012bbas-lietojumi-3\" width=\"980\" height=\"632\" title=\"\" srcset=\"https:\/\/fmp-components.com\/wp-content\/uploads\/2025\/01\/Round-Baler-Gearbox-EP2100-T3-Agricultural-Applications-3.webp 980w, https:\/\/fmp-components.com\/wp-content\/uploads\/2025\/01\/Round-Baler-Gearbox-EP2100-T3-Agricultural-Applications-3-480x310.webp 480w\" sizes=\"(min-width: 0px) and (max-width: 480px) 480px, (min-width: 481px) 980px, 100vw\" \/><\/td>\n<td style=\"height: 45px; width: 49.6141%;\" width=\"64\"><img loading=\"lazy\" decoding=\"async\" class=\"alignnone size-full wp-image-2527\" src=\"https:\/\/fmp-components.com\/wp-content\/uploads\/2025\/01\/Round-Baler-Gearbox-EP2100-T3-Agricultural-Applications-4-980x6321-1.webp\" alt=\"Apa\u013co \u0137\u012bpu preses p\u0101rnesumk\u0101rba\" width=\"980\" height=\"632\" title=\"\" srcset=\"https:\/\/fmp-components.com\/wp-content\/uploads\/2025\/01\/Round-Baler-Gearbox-EP2100-T3-Agricultural-Applications-4-980x6321-1.webp 980w, https:\/\/fmp-components.com\/wp-content\/uploads\/2025\/01\/Round-Baler-Gearbox-EP2100-T3-Agricultural-Applications-4-980x6321-1-480x310.webp 480w\" sizes=\"(min-width: 0px) and (max-width: 480px) 480px, (min-width: 481px) 980px, 100vw\" \/><\/td>\n<\/tr>\n<\/tbody>\n<\/table>\n<h2>Apa\u013co \u0137\u012bpu preses p\u0101rnesumk\u0101rba FMP2100-T3 pielietojums lauksaimniec\u012bb\u0101<\/h2>\n<p>Ripu preses p\u0101rnesumk\u0101rba FMP2100-T3 ir \u012bpa\u0161i izstr\u0101d\u0101ta izmanto\u0161anai lauksaimniec\u012bbas tehnik\u0101, koncentr\u0113joties uz rupu preses darb\u012bbas optimiz\u0113\u0161anu. T\u0101l\u0101k ir nor\u0101d\u012bti \u0161\u012bs p\u0101rnesumk\u0101rbas galvenie pielietojumi lauksaimniec\u012bb\u0101:<\/p>\n<p><strong>Apa\u013co \u0137\u012bpu pres\u0113\u0161anas oper\u0101cijas<\/strong><\/p>\n<ul>\n<li>Lietojums: FMP2100-T3 p\u0101rnesumk\u0101rba galvenok\u0101rt tiek izmantota ru\u013c\u013cu pres\u0113s, kas ir svar\u012bga lauksaimniec\u012bbas iek\u0101rtu da\u013ca, kur\u0101 tiek nov\u0101ktas t\u0101das kult\u016bras k\u0101 siens, salmi un sk\u0101bbar\u012bba.<\/li>\n<li>Ieguvums: Tas nodro\u0161ina efekt\u012bvu vien\u0101du apa\u013co \u0137\u012bpu veido\u0161anu, uzlabojot produktivit\u0101ti un \u013caujot lauksaimniekiem \u0101tri un efekt\u012bvi sav\u0101kt un uzglab\u0101t ra\u017eas materi\u0101lu v\u0113l\u0101kai izmanto\u0161anai vai p\u0101rdo\u0161anai.<\/li>\n<\/ul>\n<p><strong>Siena un lopbar\u012bbas nov\u0101k\u0161ana<\/strong><\/p>\n<ul>\n<li>Lietojums: P\u0101rnesumk\u0101rba ir ide\u0101li piem\u0113rota lieto\u0161anai siena un lopbar\u012bbas nov\u0101k\u0161anas tehnik\u0101, kur ar j\u016bgv\u0101rpstu darbin\u0101m\u0101 apa\u013co ru\u013c\u013cu prese saspie\u017e nop\u013cautu z\u0101li \u0137\u012bp\u0101s uzglab\u0101\u0161anai vai transport\u0113\u0161anai.<\/li>\n<li>Priek\u0161roc\u012bba: P\u0101rnesumk\u0101rba efekt\u012bvi p\u0101rnes jaudu, lai tiktu gal\u0101 ar da\u017e\u0101diem kult\u016braugu apst\u0101k\u013ciem, nodro\u0161inot efekt\u012bvu sausa siena, sk\u0101bbar\u012bbas un citu lopbar\u012bbas materi\u0101lu apstr\u0101di.<\/li>\n<\/ul>\n<p><strong>Sk\u0101bbar\u012bbas ra\u017eo\u0161ana<\/strong><\/p>\n<ul>\n<li>Lietojums: Sk\u0101bbar\u012bbas ra\u017eo\u0161an\u0101 reduktoram ir iz\u0161\u0137iro\u0161a noz\u012bme apa\u013co presu piedzi\u0146\u0101, ko izmanto sk\u0101bbar\u012bbas bl\u012bv\u0113\u0161anai un uzglab\u0101\u0161anai.<\/li>\n<li>Ieguvums: Sk\u0101bbar\u012bbas \u0137\u012bpas ir b\u016btiskas dz\u012bvnieku bar\u012bbai, \u012bpa\u0161i re\u0123ionos ar ierobe\u017eotu gan\u012bbu sezonu, un p\u0101rnesumk\u0101rba nodro\u0161ina uzticamu un efekt\u012bvu pres\u0113\u0161anas procesa darb\u012bbu pat mitros un bl\u012bvos materi\u0101los.<\/li>\n<\/ul>\n<p><strong>Salmu kolekcija<\/strong><\/p>\n<ul>\n<li>Lietojums: P\u0113c ra\u017eas nov\u0101k\u0161anas darbiem FMP2100-T3 p\u0101rnesumk\u0101rba tiek izmantota salmu sav\u0101k\u0161anai graudu un lab\u012bbas laukos.<\/li>\n<li>Ieguvums: P\u0101rnesumk\u0101rba \u013cauj efekt\u012bvi sabl\u012bv\u0113t salmus \u0137\u012bp\u0101s, kuras var izmantot pakai\u0161iem, dz\u012bvnieku bar\u012bbai vai biodegvielai, t\u0101d\u0113j\u0101di uzlabojot no nov\u0101kt\u0101s ra\u017eas ieg\u016bto v\u0113rt\u012bbu.<\/li>\n<\/ul>\n<p><strong>Jaukto kult\u016braugu nov\u0101k\u0161ana<\/strong><\/p>\n<ul>\n<li>Pielietojums: P\u0101rnesumk\u0101rba ir daudzpus\u012bga un to var izmantot jauktu kult\u016braugu nov\u0101k\u0161anas darbos, kur da\u017e\u0101du veidu materi\u0101li (z\u0101le, siens, salmi utt.) tiek pres\u0113ti, izmantojot vienu un to pa\u0161u ru\u013c\u013cu presi.<\/li>\n<li>Ieguvums: FMP2100-T3 nodro\u0161ina sader\u012bbu ar da\u017e\u0101d\u0101m kult\u016br\u0101m, padarot to par ide\u0101lu izv\u0113li lauksaimniekiem, kuri nodarbojas ar da\u017e\u0101d\u0101m lauksaimniec\u012bbas darb\u012bb\u0101m un kuriem nepiecie\u0161ams piel\u0101gojams apr\u012bkojums.<\/li>\n<\/ul>\n<p>FMP2100-T3 apa\u013co \u0137\u012bpu preses p\u0101rnesumk\u0101rba ir \u013coti daudzpus\u012bga un uzticama sast\u0101vda\u013ca pla\u0161am lauksaimniec\u012bbas pielietojumu kl\u0101stam, jo \u200b\u200b\u012bpa\u0161i lopbar\u012bbas, sk\u0101bbar\u012bbas, salmu un biomasas ra\u017eo\u0161anas jom\u0101s. T\u0101s efektivit\u0101te un iztur\u012bba nodro\u0161ina apa\u013co \u0137\u012bpu pres\u0113\u0161anas iek\u0101rtu nevainojamu darb\u012bbu, uzlabojot produktivit\u0101ti un optimiz\u0113jot ra\u017eas uzglab\u0101\u0161anu da\u017e\u0101d\u0101m lauksaimniec\u012bbas vajadz\u012bb\u0101m.<\/p>\n<p><img loading=\"lazy\" decoding=\"async\" class=\"alignnone size-full wp-image-2528\" src=\"https:\/\/fmp-components.com\/wp-content\/uploads\/2025\/01\/Using-the-Round-Baler-Gearbox-EP2100-T3-Advantages1-scaled.webp\" alt=\"Apa\u013co \u0137\u012bpu preses p\u0101rnesumk\u0101rba FMP2100-T3\" width=\"2560\" height=\"1421\" title=\"\" srcset=\"https:\/\/fmp-components.com\/wp-content\/uploads\/2025\/01\/Using-the-Round-Baler-Gearbox-EP2100-T3-Advantages1-scaled.webp 2560w, https:\/\/fmp-components.com\/wp-content\/uploads\/2025\/01\/Using-the-Round-Baler-Gearbox-EP2100-T3-Advantages1-1280x711.webp 1280w, https:\/\/fmp-components.com\/wp-content\/uploads\/2025\/01\/Using-the-Round-Baler-Gearbox-EP2100-T3-Advantages1-980x544.webp 980w, https:\/\/fmp-components.com\/wp-content\/uploads\/2025\/01\/Using-the-Round-Baler-Gearbox-EP2100-T3-Advantages1-480x266.webp 480w\" sizes=\"(min-width: 0px) and (max-width: 480px) 480px, (min-width: 481px) and (max-width: 980px) 980px, (min-width: 981px) and (max-width: 1280px) 1280px, (min-width: 1281px) 2560px, 100vw\" \/><\/p>\n<h3>Par FMP<\/h3>\n<p>FMP galven\u0101 m\u012btne atrodas It\u0101lij\u0101, un tas ir vado\u0161ais ra\u017eot\u0101js, kas paz\u012bstams ar savu pieredzi augstas veiktsp\u0113jas p\u0101rnesumk\u0101rbu projekt\u0113\u0161an\u0101, izstr\u0101d\u0113 un ra\u017eo\u0161an\u0101, \u012bpa\u0161i koncentr\u0113joties uz lauksaimniec\u012bbas tehnikas sektoru. Ar prec\u012bzas in\u017eenierijas, inovat\u012bvu risin\u0101jumu un nelok\u0101mas uzticam\u012bbas reput\u0101ciju FMP ir k\u013cuvis par uzticamu partneri, kas risina gan lauksaimniec\u012bbas, gan r\u016bpniec\u012bbas sektora main\u012bg\u0101s vajadz\u012bbas. M\u016bsu daudzveid\u012bgais produktu kl\u0101sts ietver specializ\u0113tas p\u0101rnesumk\u0101rbas z\u0101les p\u013c\u0101v\u0113jiem, j\u016bgv\u0101rpstas un citas svar\u012bgas sast\u0101vda\u013cas, kas visas ir r\u016bp\u012bgi izstr\u0101d\u0101tas, lai nodro\u0161in\u0101tu piel\u0101gotus risin\u0101jumus pla\u0161am pielietojumu kl\u0101stam.<\/p>\n<p>Uz\u0146\u0113mum\u0101 FMP m\u0113s saprotam, ka katram klientam ir unik\u0101las pras\u012bbas un izaicin\u0101jumi. T\u0101p\u0113c m\u0113s specializ\u0113jamies piel\u0101gotu risin\u0101jumu pied\u0101v\u0101\u0161an\u0101, neatkar\u012bgi no t\u0101, vai tie attiecas uz atsevi\u0161\u0137\u0101m komponent\u0113m vai piln\u012bb\u0101 integr\u0113t\u0101m sist\u0113m\u0101m. M\u0113s cie\u0161i sadarbojamies ar saviem klientiem, lai nodro\u0161in\u0101tu, ka katrs risin\u0101jums ir ne tikai efekt\u012bvs, bet ar\u012b lietder\u012bgs, optimiz\u0113jot gan veiktsp\u0113ju, gan v\u0113rt\u012bbu. M\u016bsu ap\u0146em\u0161an\u0101s sniegt \u0101tras un profesion\u0101las atbildes apvienojum\u0101 ar ekspertu nor\u0101d\u012bjumiem nodro\u0161ina, ka katrs piepras\u012bjums tiek apstr\u0101d\u0101ts ar visliel\u0101ko r\u016bp\u012bbu un precizit\u0101ti, t\u0101d\u0113j\u0101di sasniedzot vislab\u0101kos iesp\u0113jamos rezult\u0101tus.<\/p>\n<p>M\u0113s priorit\u0101ri izvirz\u0101m atv\u0113rtu un nep\u0101rtrauktu komunik\u0101ciju vis\u0101 produktu izstr\u0101des proces\u0101. M\u016bsu \u012bpa\u0161i izveidot\u0101 komanda str\u0101d\u0101 tie\u0161i ar klientiem, lai piln\u012bb\u0101 izprastu vi\u0146u \u012bpa\u0161\u0101s vajadz\u012bbas, pied\u0101v\u0101jot v\u0113rt\u012bgas atzi\u0146as un ieteikumus, lai nodro\u0161in\u0101tu optim\u0101lus risin\u0101jumus. Neatkar\u012bgi no t\u0101, vai izstr\u0101d\u0101jam inovat\u012bvus produktus vai izpild\u0101m past\u0101v\u012bgus pas\u016bt\u012bjumus, FMP ir ap\u0146\u0113musies vienm\u0113r savlaic\u012bgi pieg\u0101d\u0101t augstas kvalit\u0101tes, prec\u012bzi izstr\u0101d\u0101tus risin\u0101jumus. M\u016bsu m\u0113r\u0137is ir nodro\u0161in\u0101t klientiem vislab\u0101ko apkalpo\u0161anu un rezult\u0101tus, p\u0101rsniedzot cer\u012bbas katr\u0101 projekt\u0101.<\/p>\n<p>Kvalit\u0101te ir FMP darb\u012bbas st\u016brakmens. M\u0113s iev\u0113rojam augst\u0101kos ra\u017eo\u0161anas standartus, ievie\u0161ot stingrus kvalit\u0101tes kontroles pas\u0101kumus, lai nodro\u0161in\u0101tu, ka katrs produkts ne tikai atbilst, bet ar\u012b p\u0101rsniedz nozares standartus. \u0160\u012b nelok\u0101m\u0101 ap\u0146em\u0161an\u0101s nodro\u0161in\u0101t kvalit\u0101ti apvienojum\u0101 ar m\u016bsu pamatv\u0113rt\u012bb\u0101m \u2013 integrit\u0101ti, komandas darbu un neatlaid\u012bbu \u2013 ir \u013c\u0101vusi mums veidot ilgsto\u0161as, uz uztic\u012bbu balst\u012btas attiec\u012bbas ar klientiem gandr\u012bz 30 valst\u012bs vis\u0101 pasaul\u0113.<\/p>\n<p>FMP vienm\u0113r ir atv\u0113rts glob\u0101lu partner\u012bbu veido\u0161anai un joproj\u0101m ir ap\u0146\u0113mies pied\u0101v\u0101t ekspertu padomus un piel\u0101gotus risin\u0101jumus, kas atbilst m\u016bsu klientu da\u017e\u0101daj\u0101m vajadz\u012bb\u0101m. M\u0113s nepied\u0101v\u0101jam tikai produktus; m\u016bsu m\u0113r\u0137is ir veidot ilgsto\u0161as \u200b\u200battiec\u012bbas, kas veicina katra projekta pan\u0101kumus. Neatkar\u012bgi no t\u0101, vai jums ir nepiecie\u0161ami inovat\u012bvi risin\u0101jumi jaunai iniciat\u012bvai vai past\u0101v\u012bgs atbalsts eso\u0161ai sist\u0113mai, FMP ir \u0161eit, lai risin\u0101tu j\u016bsu tehnisk\u0101s probl\u0113mas un nodro\u0161in\u0101tu j\u016bsu turpm\u0101kos pan\u0101kumus.<\/p>\n<p><img loading=\"lazy\" decoding=\"async\" class=\"alignnone size-full wp-image-1861\" src=\"https:\/\/fmp-components.com\/wp-content\/uploads\/2024\/12\/Other-Agricultural-Gearboxes.webp\" sizes=\"(min-width: 0px) and (max-width: 480px) 480px, (min-width: 481px) and (max-width: 980px) 980px, (min-width: 981px) 1200px, 100vw\" srcset=\"https:\/\/fmp-components.com\/wp-content\/uploads\/2024\/12\/Other-Agricultural-Gearboxes.webp 1200w, https:\/\/fmp-components.com\/wp-content\/uploads\/2024\/12\/Other-Agricultural-Gearboxes-980x1143.webp 980w, https:\/\/fmp-components.com\/wp-content\/uploads\/2024\/12\/Other-Agricultural-Gearboxes-480x560.webp 480w\" alt=\"Altri-cambi-agricoli\" width=\"1200\" height=\"1400\" title=\"\"><\/p>\n<p>Autors: CX<\/p>","protected":false},"excerpt":{"rendered":"<p>Round Baler Gearbox FMP2100-T3 Technical Data i Suitable Rpm input Rpm output KW(Nom) Output torque Toothing r\/min r\/min hp N.m Decelerate 2.1 :1 Round baler, harvester, etc 540 257 80 100 Gleason Helical Teeth Remark: If you have any special require feel free let me know, we also accept custom. Round Baler Gearbox FMP2100-T3 Component [&hellip;]<\/p>","protected":false},"featured_media":2524,"comment_status":"open","ping_status":"closed","template":"","meta":{"_et_pb_use_builder":"","_et_pb_old_content":"","_et_gb_content_width":""},"product_brand":[],"product_cat":[59],"product_tag":[],"class_list":{"0":"post-2523","1":"product","2":"type-product","3":"status-publish","4":"has-post-thumbnail","6":"product_cat-round-baler-gearbox","8":"first","9":"instock","10":"shipping-taxable","11":"product-type-simple"},"_links":{"self":[{"href":"https:\/\/fmp-components.com\/lv\/wp-json\/wp\/v2\/product\/2523","targetHints":{"allow":["GET"]}}],"collection":[{"href":"https:\/\/fmp-components.com\/lv\/wp-json\/wp\/v2\/product"}],"about":[{"href":"https:\/\/fmp-components.com\/lv\/wp-json\/wp\/v2\/types\/product"}],"replies":[{"embeddable":true,"href":"https:\/\/fmp-components.com\/lv\/wp-json\/wp\/v2\/comments?post=2523"}],"wp:featuredmedia":[{"embeddable":true,"href":"https:\/\/fmp-components.com\/lv\/wp-json\/wp\/v2\/media\/2524"}],"wp:attachment":[{"href":"https:\/\/fmp-components.com\/lv\/wp-json\/wp\/v2\/media?parent=2523"}],"wp:term":[{"taxonomy":"product_brand","embeddable":true,"href":"https:\/\/fmp-components.com\/lv\/wp-json\/wp\/v2\/product_brand?post=2523"},{"taxonomy":"product_cat","embeddable":true,"href":"https:\/\/fmp-components.com\/lv\/wp-json\/wp\/v2\/product_cat?post=2523"},{"taxonomy":"product_tag","embeddable":true,"href":"https:\/\/fmp-components.com\/lv\/wp-json\/wp\/v2\/product_tag?post=2523"}],"curies":[{"name":"wp","href":"https:\/\/api.w.org\/{rel}","templated":true}]}}