{"id":2515,"date":"2025-01-02T03:12:18","date_gmt":"2025-01-02T03:12:18","guid":{"rendered":"https:\/\/fmp-components.com\/?page_id=8"},"modified":"2025-01-02T03:14:23","modified_gmt":"2025-01-02T03:14:23","slug":"round-baler-gearbox-fmp246-for-round-baler-and-harvester","status":"publish","type":"product","link":"https:\/\/fmp-components.com\/lv\/product\/round-baler-gearbox-fmp246-for-round-baler-and-harvester\/","title":{"rendered":"Riepu preses p\u0101rnesumk\u0101rba FMP246 rieppresei un kombainam"},"content":{"rendered":"<p><img loading=\"lazy\" decoding=\"async\" class=\"size-full wp-image-2521 aligncenter\" src=\"https:\/\/fmp-components.com\/wp-content\/uploads\/2025\/01\/Round-Baler-Gearbox-EP246.webp\" alt=\"Apa\u013co \u0137\u012bpu preses p\u0101rnesumk\u0101rba FMP246\" width=\"600\" height=\"600\" title=\"\" srcset=\"https:\/\/fmp-components.com\/wp-content\/uploads\/2025\/01\/Round-Baler-Gearbox-EP246.webp 600w, https:\/\/fmp-components.com\/wp-content\/uploads\/2025\/01\/Round-Baler-Gearbox-EP246-480x480.webp 480w\" sizes=\"(min-width: 0px) and (max-width: 480px) 480px, (min-width: 481px) 600px, 100vw\" \/><\/p>\n<h2>Ripu preses p\u0101rnesumk\u0101rbas EP246 dubult\u0101s izejas izm\u0113ri<\/h2>\n<p><img loading=\"lazy\" decoding=\"async\" class=\"alignnone size-full wp-image-2519\" src=\"https:\/\/fmp-components.com\/wp-content\/uploads\/2025\/01\/Round-Baler-Gearbox-EP246-Double-Output-Dimensions.webp\" alt=\"Apa\u013co-preses-reduktora-EP246-divk\u0101r\u0161\u0101s-izejas-izm\u0113ri\" width=\"1662\" height=\"834\" title=\"\" srcset=\"https:\/\/fmp-components.com\/wp-content\/uploads\/2025\/01\/Round-Baler-Gearbox-EP246-Double-Output-Dimensions.webp 1662w, https:\/\/fmp-components.com\/wp-content\/uploads\/2025\/01\/Round-Baler-Gearbox-EP246-Double-Output-Dimensions-1280x642.webp 1280w, https:\/\/fmp-components.com\/wp-content\/uploads\/2025\/01\/Round-Baler-Gearbox-EP246-Double-Output-Dimensions-980x492.webp 980w, https:\/\/fmp-components.com\/wp-content\/uploads\/2025\/01\/Round-Baler-Gearbox-EP246-Double-Output-Dimensions-480x241.webp 480w\" sizes=\"(min-width: 0px) and (max-width: 480px) 480px, (min-width: 481px) and (max-width: 980px) 980px, (min-width: 981px) and (max-width: 1280px) 1280px, (min-width: 1281px) 1662px, 100vw\" \/><\/p>\n<h2>Apa\u013co \u0137\u012bpu preses p\u0101rnesumk\u0101rbas FMP246 vienas izejas izm\u0113ri<\/h2>\n<p><img loading=\"lazy\" decoding=\"async\" class=\"alignnone size-full wp-image-2518\" src=\"https:\/\/fmp-components.com\/wp-content\/uploads\/2025\/01\/Round-Baler-Gearbox-EP246-Single-Output-Dimensions.webp\" alt=\"Apa\u013co-preses-reduktora-EP246-vienas-izejas-izm\u0113ri\" width=\"1425\" height=\"695\" title=\"\" srcset=\"https:\/\/fmp-components.com\/wp-content\/uploads\/2025\/01\/Round-Baler-Gearbox-EP246-Single-Output-Dimensions.webp 1425w, https:\/\/fmp-components.com\/wp-content\/uploads\/2025\/01\/Round-Baler-Gearbox-EP246-Single-Output-Dimensions-1280x624.webp 1280w, https:\/\/fmp-components.com\/wp-content\/uploads\/2025\/01\/Round-Baler-Gearbox-EP246-Single-Output-Dimensions-980x478.webp 980w, https:\/\/fmp-components.com\/wp-content\/uploads\/2025\/01\/Round-Baler-Gearbox-EP246-Single-Output-Dimensions-480x234.webp 480w\" sizes=\"(min-width: 0px) and (max-width: 480px) 480px, (min-width: 481px) and (max-width: 980px) 980px, (min-width: 981px) and (max-width: 1280px) 1280px, (min-width: 1281px) 1425px, 100vw\" \/><\/p>\n<h2>Ripu preses reduktora FMP246 tehniskie dati<\/h2>\n<table style=\"width: 98.4538%; height: 211px;\" border=\"1\" cellspacing=\"0\" cellpadding=\"0\">\n<tbody>\n<tr style=\"height: 47px;\">\n<td style=\"height: 70px;\" colspan=\"2\" rowspan=\"2\">es<\/td>\n<td style=\"height: 70px;\" rowspan=\"2\">Piem\u0113rots<\/td>\n<td style=\"height: 47px;\">Apgriezienu skaita ievade<\/td>\n<td style=\"height: 47px;\">Apgriezienu skaita izeja<\/td>\n<td style=\"height: 47px;\">kW (nomin\u0101l\u0101)<\/td>\n<td style=\"height: 47px;\">Izejas griezes moments<\/td>\n<td style=\"height: 70px;\" rowspan=\"2\">Zobu veido\u0161an\u0101s<\/td>\n<\/tr>\n<tr style=\"height: 23px;\">\n<td style=\"height: 23px;\">apgr.\/min<\/td>\n<td style=\"height: 23px;\">apgr.\/min<\/td>\n<td style=\"height: 23px;\">ZS<\/td>\n<td style=\"height: 23px;\">Nm<\/td>\n<\/tr>\n<tr style=\"height: 71px;\">\n<td style=\"height: 71px;\">Pal\u0113nin\u0101t<\/td>\n<td style=\"height: 71px;\">1.92:1<\/td>\n<td style=\"height: 71px;\">Ripojo\u0161\u0101 prese, kombains utt.<\/td>\n<td style=\"height: 71px;\">540<\/td>\n<td style=\"height: 71px;\">282<\/td>\n<td style=\"height: 71px;\">100<\/td>\n<td style=\"height: 71px;\">2000<\/td>\n<td style=\"height: 71px;\">Gl\u012bsona spir\u0101lveida<br \/>\nZobi<\/td>\n<\/tr>\n<tr style=\"height: 23px;\">\n<td style=\"height: 23px;\" colspan=\"8\">Piez\u012bme: Ja jums ir k\u0101das \u012bpa\u0161as pras\u012bbas, nekautr\u0113jieties man pazi\u0146ot, m\u0113s pie\u0146emam ar\u012b pas\u016bt\u012bjumu.<\/td>\n<\/tr>\n<\/tbody>\n<\/table>\n<h2>Apa\u013co \u0137\u012bpu preses reduktora FMP246 v\u0101rpstas izm\u0113ri<\/h2>\n<p><img loading=\"lazy\" decoding=\"async\" class=\"alignnone size-full wp-image-2517\" src=\"https:\/\/fmp-components.com\/wp-content\/uploads\/2025\/01\/Round-Baler-Gearbox-EP246-Shaft-Dimensions.webp\" alt=\"Apa\u013co-\u0137\u012bpu-preses-reduktora-EP246-v\u0101rpstas-izm\u0113ri\" width=\"1573\" height=\"474\" title=\"\" srcset=\"https:\/\/fmp-components.com\/wp-content\/uploads\/2025\/01\/Round-Baler-Gearbox-EP246-Shaft-Dimensions.webp 1573w, https:\/\/fmp-components.com\/wp-content\/uploads\/2025\/01\/Round-Baler-Gearbox-EP246-Shaft-Dimensions-1280x386.webp 1280w, https:\/\/fmp-components.com\/wp-content\/uploads\/2025\/01\/Round-Baler-Gearbox-EP246-Shaft-Dimensions-980x295.webp 980w, https:\/\/fmp-components.com\/wp-content\/uploads\/2025\/01\/Round-Baler-Gearbox-EP246-Shaft-Dimensions-480x145.webp 480w\" sizes=\"(min-width: 0px) and (max-width: 480px) 480px, (min-width: 481px) and (max-width: 980px) 980px, (min-width: 981px) and (max-width: 1280px) 1280px, (min-width: 1281px) 1573px, 100vw\" \/><\/p>\n<h2>Apa\u013co \u0137\u012bpu preses p\u0101rnesumk\u0101rbas FMP246 pagarin\u0101juma caurules izm\u0113ri<\/h2>\n<p><img loading=\"lazy\" decoding=\"async\" class=\"alignnone size-full wp-image-2516\" src=\"https:\/\/fmp-components.com\/wp-content\/uploads\/2025\/01\/Round-Baler-Gearbox-EP246-Extension-Pipe-Dimensions.webp\" alt=\"Apa\u013co-preses-reduktora-EP246-pagarin\u0101juma-caurules-izm\u0113ri\" width=\"1554\" height=\"820\" title=\"\" srcset=\"https:\/\/fmp-components.com\/wp-content\/uploads\/2025\/01\/Round-Baler-Gearbox-EP246-Extension-Pipe-Dimensions.webp 1554w, https:\/\/fmp-components.com\/wp-content\/uploads\/2025\/01\/Round-Baler-Gearbox-EP246-Extension-Pipe-Dimensions-1280x675.webp 1280w, https:\/\/fmp-components.com\/wp-content\/uploads\/2025\/01\/Round-Baler-Gearbox-EP246-Extension-Pipe-Dimensions-980x517.webp 980w, https:\/\/fmp-components.com\/wp-content\/uploads\/2025\/01\/Round-Baler-Gearbox-EP246-Extension-Pipe-Dimensions-480x253.webp 480w\" sizes=\"(min-width: 0px) and (max-width: 480px) 480px, (min-width: 481px) and (max-width: 980px) 980px, (min-width: 981px) and (max-width: 1280px) 1280px, (min-width: 1281px) 1554px, 100vw\" \/><\/p>\n<h3>Apa\u013co \u0137\u012bpu preses reduktora FMP246 komponentu strukt\u016bra<\/h3>\n<p>Ru\u013c\u013cu preses reduktors FMP246 ir iztur\u012bga, prec\u012bzi konstru\u0113ta deta\u013ca, kas \u012bpa\u0161i izstr\u0101d\u0101ta ru\u013c\u013cu pres\u0113m. Tai ir iz\u0161\u0137iro\u0161a noz\u012bme lauksaimniec\u012bbas pres\u0113\u0161anas tehnikas efekt\u012bv\u0101 darb\u012bb\u0101, nodro\u0161inot pareizu jaudas p\u0101rvadi, \u0101truma samazin\u0101\u0161anu un meh\u0101nisko sinhroniz\u0101ciju. Zem\u0101k ir sniegts detaliz\u0113ts FMP246 ru\u013c\u013cu preses reduktora komponentu strukt\u016bras sadal\u012bjums:<\/p>\n<p><strong>M\u0101joklis<\/strong><\/p>\n<ul>\n<li>Materi\u0101ls un funkcija: Korpuss parasti ir izgatavots no augstas stipr\u012bbas \u010duguna vai t\u0113rauda, \u200b\u200bkas nodro\u0161ina iztur\u012bbu un aizsarg\u0101 iek\u0161\u0113j\u0101s sast\u0101vda\u013cas no \u0101r\u0113jiem triecieniem, putek\u013ciem un mitruma.<\/li>\n<li>M\u0113r\u0137is: Taj\u0101 atrodas visi iek\u0161\u0113jie zobrati, v\u0101rpstas un gult\u0146i, vienlaikus nodro\u0161inot, ka p\u0101rnesumk\u0101rba ir iztur\u012bga pret skarbajiem lauka apst\u0101k\u013ciem un meh\u0101nisk\u0101m spriegumiem.<\/li>\n<li>Ieguvums: Nodro\u0161ina p\u0101rnesumk\u0101rbas ilgtermi\u0146a stabilit\u0101ti un aizsarg\u0101 iek\u0161pus\u0113 eso\u0161\u0101s prec\u012bz\u0101s deta\u013cas.<\/li>\n<\/ul>\n<p><strong>Ievades v\u0101rpsta<\/strong><\/p>\n<ul>\n<li>Materi\u0101ls un funkcija: Ieejas v\u0101rpsta parasti ir izgatavota no augstas kvalit\u0101tes t\u0113rauda un ir tie\u0161i savienota ar traktora j\u016bgv\u0101rpstas (jaudas no\u0146em\u0161anas) sist\u0113mu.<\/li>\n<li>M\u0113r\u0137is: Tas ir atbild\u012bgs par rot\u0101cijas kust\u012bbas un griezes momenta sa\u0146em\u0161anu no traktora un to p\u0101rs\u016bt\u012b\u0161anu uz p\u0101rnesumk\u0101rbas sist\u0113mu.<\/li>\n<li>Ieguvums: Nodro\u0161ina efekt\u012bvu jaudas p\u0101rnesi no traktora uz p\u0101rnesumk\u0101rbu ar minim\u0101liem zudumiem.<\/li>\n<\/ul>\n<p><strong>Izejas v\u0101rpsta<\/strong><\/p>\n<ul>\n<li>Materi\u0101ls un funkcija: L\u012bdz\u012bgi k\u0101 ieejas v\u0101rpsta, izejas v\u0101rpsta ir izgatavota no augstas stipr\u012bbas t\u0113rauda, \u200b\u200blai iztur\u0113tu p\u0101rnesumk\u0101rbas meh\u0101nisko slodzi.<\/li>\n<li>M\u0113r\u0137is: Tas p\u0101rnes jaudu no p\u0101rnesumk\u0101rbas uz ru\u013c\u013cu preses iek\u0161\u0113jiem meh\u0101nismiem, piem\u0113ram, velt\u0146iem, saspie\u0161anas sist\u0113mu un sie\u0161anas meh\u0101nismu.<\/li>\n<li>Ieguvums: Nodro\u0161ina vienm\u0113r\u012bgu un past\u0101v\u012bgu jaudu, lai garant\u0113tu efekt\u012bvas pres\u0113\u0161anas darb\u012bbas.<\/li>\n<\/ul>\n<p><strong>Plan\u0113tu p\u0101rnesumu sist\u0113ma<\/strong><\/p>\n<ul>\n<li>Materi\u0101ls un funkcija: Plan\u0113tu p\u0101rnesumu sist\u0113ma ir zobratu komplekts, kas ietver saules zobratu, plan\u0113tu zobratus un gredzenveida zobratu, kas visi ir izgatavoti no r\u016bd\u012bta t\u0113rauda vai sakaus\u0113juma materi\u0101liem.<\/li>\n<li>M\u0113r\u0137is: \u0160\u012b p\u0101rnesumu sist\u0113ma nodro\u0161ina griezes momenta reizin\u0101\u0161anu un \u0101truma samazin\u0101\u0161anu, p\u0101rveidojot j\u016bgv\u0101rpstas augsto rot\u0101cijas \u0101trumu optim\u0101l\u0101 preses rot\u0101cijas \u0101trum\u0101.<\/li>\n<li>Ieguvums: Nodro\u0161ina efekt\u012bvu darb\u012bbu, nodro\u0161inot nepiecie\u0161amo griezes momentu, lai tiktu gal\u0101 ar lieljaudas pres\u0113\u0161anas uzdevumiem, vienlaikus saglab\u0101jot darb\u012bbas efektivit\u0101ti.<\/li>\n<\/ul>\n<p><strong>Gult\u0146i un bl\u012bves<\/strong><\/p>\n<ul>\n<li>Materi\u0101ls un funkcija: Gult\u0146i parasti ir izgatavoti no augstas kvalit\u0101tes t\u0113rauda vai keramikas, savuk\u0101rt bl\u012bves ir izgatavotas no iztur\u012bgas gumijas vai sint\u0113tiskiem materi\u0101liem.<\/li>\n<li>M\u0113r\u0137is: Gult\u0146i atbalsta rot\u0113jo\u0161\u0101s v\u0101rpstas un zobratus, samazinot berzi un nodro\u0161inot vienm\u0113r\u012bgu rot\u0101ciju. Bl\u012bv\u0113jumi nov\u0113r\u0161 net\u012brumu, mitruma un pies\u0101r\u0146ot\u0101ju iek\u013c\u016b\u0161anu p\u0101rnesumk\u0101rb\u0101, saglab\u0101jot t\u0101s iek\u0161\u0113jo t\u012br\u012bbu un veiktsp\u0113ju.<\/li>\n<li>Ieguvums: Samazina nodilumu, nodro\u0161ina ilgu kalpo\u0161anas laiku un uzlabo p\u0101rnesumk\u0101rbas efektivit\u0101ti, samazinot berzi un nov\u0113r\u0161ot pies\u0101r\u0146ojumu.<\/li>\n<\/ul>\n<p>Ripu preses reduktoram FMP246 ir augsti struktur\u0113ts un r\u016bp\u012bgi izstr\u0101d\u0101ts dizains, kas nodro\u0161ina efekt\u012bvu, uzticamu un vienm\u0113r\u012bgu darb\u012bbu sare\u017e\u0123\u012btos lauksaimniec\u012bbas apst\u0101k\u013cos. T\u0101 komponenti, tostarp korpuss, ieejas\/izejas v\u0101rpstas, plan\u0113tu zobrati, gult\u0146i un e\u013c\u013co\u0161anas sist\u0113ma, darbojas saska\u0146oti, lai nodro\u0161in\u0101tu efekt\u012bvu jaudas p\u0101rvadi, optimiz\u0113tu griezes momentu un reduktora vienm\u0113r\u012bgu darb\u012bbu ilgsto\u0161i. \u0160\u012b konstrukcija padara FMP246 par ide\u0101lu izv\u0113li lieljaudas rupu pres\u0113\u0161anas darbiem, pied\u0101v\u0101jot iztur\u012bbu, efektivit\u0101ti un \u0113rtu apkopi.<\/p>\n<p><img loading=\"lazy\" decoding=\"async\" class=\"alignnone size-full wp-image-2520\" src=\"https:\/\/fmp-components.com\/wp-content\/uploads\/2025\/01\/Round-Baler-Gearbox-EP246-Component-Structure-scaled.webp\" alt=\"Apa\u013co-preses-reduktora-FMP246-komponentu-strukt\u016bra\" width=\"2560\" height=\"2544\" title=\"\" srcset=\"https:\/\/fmp-components.com\/wp-content\/uploads\/2025\/01\/Round-Baler-Gearbox-EP246-Component-Structure-scaled.webp 2560w, https:\/\/fmp-components.com\/wp-content\/uploads\/2025\/01\/Round-Baler-Gearbox-EP246-Component-Structure-1280x1272.webp 1280w, https:\/\/fmp-components.com\/wp-content\/uploads\/2025\/01\/Round-Baler-Gearbox-EP246-Component-Structure-980x974.webp 980w, https:\/\/fmp-components.com\/wp-content\/uploads\/2025\/01\/Round-Baler-Gearbox-EP246-Component-Structure-480x477.webp 480w\" sizes=\"(min-width: 0px) and (max-width: 480px) 480px, (min-width: 481px) and (max-width: 980px) 980px, (min-width: 981px) and (max-width: 1280px) 1280px, (min-width: 1281px) 2560px, 100vw\" \/><\/p>\n<h2>Apa\u013co \u0137\u012bpu preses p\u0101rnesumk\u0101rbas FMP246 priek\u0161roc\u012bbas<\/h2>\n<p>Ru\u013c\u013cu preses p\u0101rnesumk\u0101rba FMP246 ir \u012bpa\u0161i izstr\u0101d\u0101ta, lai apmierin\u0101tu lauksaimniec\u012bbas pres\u0113\u0161anas iek\u0101rtu augst\u0101s vajadz\u012bbas. Pateicoties t\u0101s iztur\u012bgajai konstrukcijai un inovat\u012bvaj\u0101m funkcij\u0101m, t\u0101 pied\u0101v\u0101 vair\u0101kas b\u016btiskas priek\u0161roc\u012bbas, kas veicina uzlabotu efektivit\u0101ti, iztur\u012bbu un veiktsp\u0113ju. T\u0101l\u0101k ir nor\u0101d\u012btas galven\u0101s priek\u0161roc\u012bbas, ko sniedz FMP246 ru\u013c\u013cu preses p\u0101rnesumk\u0101rbas izmanto\u0161ana:<\/p>\n<p><strong>Augsts griezes moments un jaudas p\u0101rvades efektivit\u0101te<\/strong><\/p>\n<ul>\n<li>Priek\u0161roc\u012bba: FMP246 p\u0101rnesumk\u0101rba ir izstr\u0101d\u0101ta, lai apstr\u0101d\u0101tu lielu griezes momenta p\u0101rvadi ar minim\u0101liem jaudas zudumiem, nodro\u0161inot ru\u013c\u013cu preses efekt\u012bvu darb\u012bbu pat lielas slodzes apst\u0101k\u013cos.<\/li>\n<li>Ietekme: Tas \u013cauj efekt\u012bvi pres\u0113t bl\u012bvus materi\u0101lus, palielinot produktivit\u0101ti un samazinot degvielas pat\u0113ri\u0146u, optimiz\u0113jot jaudas p\u0101rnesi no traktora.<\/li>\n<\/ul>\n<p><strong>Iztur\u012bba un ilgm\u016b\u017e\u012bba<\/strong><\/p>\n<ul>\n<li>Priek\u0161roc\u012bba: FMP246 p\u0101rnesumk\u0101rba, kas izgatavota no augstas stipr\u012bbas materi\u0101liem, piem\u0113ram, r\u016bd\u012bta t\u0113rauda un \u010duguna, ir paredz\u0113ta, lai iztur\u0113tu nep\u0101rtrauktas darb\u012bbas slodzi skarbos lauka apst\u0101k\u013cos.<\/li>\n<li>Ietekme: T\u0101 iztur\u012bgais dizains nodro\u0161ina ilgm\u016b\u017e\u012bbu, samazinot nepiecie\u0161am\u012bbu p\u0113c bie\u017ea remonta vai nomai\u0146as un samazinot apkopes izmaksas.<\/li>\n<\/ul>\n<p><strong>Vienm\u0113r\u012bga jaudas p\u0101rne\u0161ana un samazin\u0101ta vibr\u0101cija<\/strong><\/p>\n<ul>\n<li>Priek\u0161roc\u012bba: FMP246 ietver uzlabotas plan\u0113tu p\u0101rnesumu sist\u0113mas, kas samazina vibr\u0101cijas un nodro\u0161ina vienm\u0113r\u012bgu, past\u0101v\u012bgu jaudas p\u0101rnesi.<\/li>\n<li>Ietekme: Tas nodro\u0161ina klus\u0101ku darb\u012bbu un vienm\u0113r\u012bg\u0101ku pres\u0113\u0161anas procesu, samazinot gan p\u0101rnesumk\u0101rbas, gan pievienot\u0101s tehnikas nodilumu, kas savuk\u0101rt pagarina kalpo\u0161anas laiku.<\/li>\n<\/ul>\n<p><strong>Vienk\u0101r\u0161a integr\u0101cija ar da\u017e\u0101diem presu mode\u013ciem<\/strong><\/p>\n<ul>\n<li>Ieguvums: FMP246 p\u0101rnesumk\u0101rba ir izstr\u0101d\u0101ta, \u0146emot v\u0113r\u0101 daudzpus\u012bbu, pied\u0101v\u0101jot standartiz\u0113tas mont\u0101\u017eas iesp\u0113jas un sader\u012bbu ar pla\u0161u ru\u013c\u013cu presu kl\u0101stu.<\/li>\n<li>Ietekme: \u0160\u012b elast\u012bba \u013cauj viegli integr\u0113t eso\u0161o apr\u012bkojumu, padarot to par rentablu izv\u0113li lauksaimniekiem, kuri v\u0113las nomain\u012bt vai uzlabot savu pres\u0113\u0161anas tehniku.<\/li>\n<\/ul>\n<p><strong>Zemas apkopes pras\u012bbas<\/strong><\/p>\n<ul>\n<li>Priek\u0161roc\u012bba: Pateicoties augstas kvalit\u0101tes gult\u0146iem, bl\u012bv\u0113m un e\u013c\u013co\u0161anas sist\u0113mai, FMP246 p\u0101rnesumk\u0101rbai nepiecie\u0161ama minim\u0101la apkope. Regul\u0101ras p\u0101rbaudes un e\u013c\u013cas mai\u0146a parasti ir pietiekama, lai p\u0101rnesumk\u0101rba darbotos nevainojami.<\/li>\n<li>Ietekme: Tas samazina d\u012bkst\u0101ves laiku un apkopes izmaksas, padarot to par ide\u0101lu risin\u0101jumu lauksaimniekiem, kuriem ikdienas darbam nepiecie\u0161ama uzticama, maz apkopes praso\u0161a tehnika.<\/li>\n<\/ul>\n<p>Ripu preses p\u0101rnesumk\u0101rba FMP246 pied\u0101v\u0101 daudzas priek\u0161roc\u012bbas, kas padara to par v\u0113rt\u012bgu papildin\u0101jumu lauksaimniec\u012bbas tehnikai. T\u0101s iztur\u012bba, efektivit\u0101te un vienm\u0113r\u012bga darb\u012bba nodro\u0161ina, ka lauksaimnieki var pa\u013cauties uz to, lai nodro\u0161in\u0101tu nemain\u012bgu veiktsp\u0113ju da\u017e\u0101dos pres\u0113\u0161anas uzdevumos. Neatkar\u012bgi no t\u0101, vai mekl\u0113jat samazin\u0101tu d\u012bkst\u0101ves laiku, uzlabotu jaudas p\u0101rnesi vai ilg\u0101k kalpojo\u0161u apr\u012bkojumu, FMP246 p\u0101rnesumk\u0101rba ir izstr\u0101d\u0101ta, lai apmierin\u0101tu m\u016bsdienu lauksaimniec\u012bbas augst\u0101s pras\u012bbas.<\/p>\n<p><img loading=\"lazy\" decoding=\"async\" class=\"alignnone size-full wp-image-2505\" src=\"https:\/\/fmp-components.com\/wp-content\/uploads\/2025\/01\/Round-Baler-Gearbox-191-scaled.webp\" alt=\"Apa\u013co-preses-reduktors-19(1)\" width=\"2560\" height=\"1920\" title=\"\" srcset=\"https:\/\/fmp-components.com\/wp-content\/uploads\/2025\/01\/Round-Baler-Gearbox-191-scaled.webp 2560w, https:\/\/fmp-components.com\/wp-content\/uploads\/2025\/01\/Round-Baler-Gearbox-191-1280x960.webp 1280w, https:\/\/fmp-components.com\/wp-content\/uploads\/2025\/01\/Round-Baler-Gearbox-191-980x735.webp 980w, https:\/\/fmp-components.com\/wp-content\/uploads\/2025\/01\/Round-Baler-Gearbox-191-480x360.webp 480w\" sizes=\"(min-width: 0px) and (max-width: 480px) 480px, (min-width: 481px) and (max-width: 980px) 980px, (min-width: 981px) and (max-width: 1280px) 1280px, (min-width: 1281px) 2560px, 100vw\" \/><\/p>\n<h3>Par FMP<\/h3>\n<p>FMP galven\u0101 m\u012btne atrodas It\u0101lij\u0101, un tas ir vado\u0161ais ra\u017eot\u0101js, kas paz\u012bstams ar savu pieredzi augstas veiktsp\u0113jas p\u0101rnesumk\u0101rbu projekt\u0113\u0161an\u0101, izstr\u0101d\u0113 un ra\u017eo\u0161an\u0101, \u012bpa\u0161i koncentr\u0113joties uz lauksaimniec\u012bbas tehnikas sektoru. Ar prec\u012bzas in\u017eenierijas, inovat\u012bvu risin\u0101jumu un nelok\u0101mas uzticam\u012bbas reput\u0101ciju FMP ir k\u013cuvis par uzticamu partneri, kas risina gan lauksaimniec\u012bbas, gan r\u016bpniec\u012bbas sektora main\u012bg\u0101s vajadz\u012bbas. M\u016bsu daudzveid\u012bgais produktu kl\u0101sts ietver specializ\u0113tas p\u0101rnesumk\u0101rbas z\u0101les p\u013c\u0101v\u0113jiem, j\u016bgv\u0101rpstas un citas svar\u012bgas sast\u0101vda\u013cas, kas visas ir r\u016bp\u012bgi izstr\u0101d\u0101tas, lai nodro\u0161in\u0101tu piel\u0101gotus risin\u0101jumus pla\u0161am pielietojumu kl\u0101stam.<\/p>\n<p>Uz\u0146\u0113mum\u0101 FMP m\u0113s saprotam, ka katram klientam ir unik\u0101las pras\u012bbas un izaicin\u0101jumi. T\u0101p\u0113c m\u0113s specializ\u0113jamies piel\u0101gotu risin\u0101jumu pied\u0101v\u0101\u0161an\u0101, neatkar\u012bgi no t\u0101, vai tie attiecas uz atsevi\u0161\u0137\u0101m komponent\u0113m vai piln\u012bb\u0101 integr\u0113t\u0101m sist\u0113m\u0101m. M\u0113s cie\u0161i sadarbojamies ar saviem klientiem, lai nodro\u0161in\u0101tu, ka katrs risin\u0101jums ir ne tikai efekt\u012bvs, bet ar\u012b lietder\u012bgs, optimiz\u0113jot gan veiktsp\u0113ju, gan v\u0113rt\u012bbu. M\u016bsu ap\u0146em\u0161an\u0101s sniegt \u0101tras un profesion\u0101las atbildes apvienojum\u0101 ar ekspertu nor\u0101d\u012bjumiem nodro\u0161ina, ka katrs piepras\u012bjums tiek apstr\u0101d\u0101ts ar visliel\u0101ko r\u016bp\u012bbu un precizit\u0101ti, t\u0101d\u0113j\u0101di sasniedzot vislab\u0101kos iesp\u0113jamos rezult\u0101tus.<\/p>\n<p>M\u0113s priorit\u0101ri izvirz\u0101m atv\u0113rtu un nep\u0101rtrauktu komunik\u0101ciju vis\u0101 produktu izstr\u0101des proces\u0101. M\u016bsu \u012bpa\u0161i izveidot\u0101 komanda str\u0101d\u0101 tie\u0161i ar klientiem, lai piln\u012bb\u0101 izprastu vi\u0146u \u012bpa\u0161\u0101s vajadz\u012bbas, pied\u0101v\u0101jot v\u0113rt\u012bgas atzi\u0146as un ieteikumus, lai nodro\u0161in\u0101tu optim\u0101lus risin\u0101jumus. Neatkar\u012bgi no t\u0101, vai izstr\u0101d\u0101jam inovat\u012bvus produktus vai izpild\u0101m past\u0101v\u012bgus pas\u016bt\u012bjumus, FMP ir ap\u0146\u0113musies vienm\u0113r savlaic\u012bgi pieg\u0101d\u0101t augstas kvalit\u0101tes, prec\u012bzi izstr\u0101d\u0101tus risin\u0101jumus. M\u016bsu m\u0113r\u0137is ir nodro\u0161in\u0101t klientiem vislab\u0101ko apkalpo\u0161anu un rezult\u0101tus, p\u0101rsniedzot cer\u012bbas katr\u0101 projekt\u0101.<\/p>\n<p>Kvalit\u0101te ir FMP darb\u012bbas st\u016brakmens. M\u0113s iev\u0113rojam augst\u0101kos ra\u017eo\u0161anas standartus, ievie\u0161ot stingrus kvalit\u0101tes kontroles pas\u0101kumus, lai nodro\u0161in\u0101tu, ka katrs produkts ne tikai atbilst, bet ar\u012b p\u0101rsniedz nozares standartus. \u0160\u012b nelok\u0101m\u0101 ap\u0146em\u0161an\u0101s nodro\u0161in\u0101t kvalit\u0101ti apvienojum\u0101 ar m\u016bsu pamatv\u0113rt\u012bb\u0101m \u2013 integrit\u0101ti, komandas darbu un neatlaid\u012bbu \u2013 ir \u013c\u0101vusi mums veidot ilgsto\u0161as, uz uztic\u012bbu balst\u012btas attiec\u012bbas ar klientiem gandr\u012bz 30 valst\u012bs vis\u0101 pasaul\u0113.<\/p>\n<p>FMP vienm\u0113r ir atv\u0113rts glob\u0101lu partner\u012bbu veido\u0161anai un joproj\u0101m ir ap\u0146\u0113mies pied\u0101v\u0101t ekspertu padomus un piel\u0101gotus risin\u0101jumus, kas atbilst m\u016bsu klientu da\u017e\u0101daj\u0101m vajadz\u012bb\u0101m. M\u0113s nepied\u0101v\u0101jam tikai produktus; m\u016bsu m\u0113r\u0137is ir veidot ilgsto\u0161as \u200b\u200battiec\u012bbas, kas veicina katra projekta pan\u0101kumus. Neatkar\u012bgi no t\u0101, vai jums ir nepiecie\u0161ami inovat\u012bvi risin\u0101jumi jaunai iniciat\u012bvai vai past\u0101v\u012bgs atbalsts eso\u0161ai sist\u0113mai, FMP ir \u0161eit, lai risin\u0101tu j\u016bsu tehnisk\u0101s probl\u0113mas un nodro\u0161in\u0101tu j\u016bsu turpm\u0101kos pan\u0101kumus.<\/p>\n<p><img loading=\"lazy\" decoding=\"async\" class=\"alignnone size-full wp-image-1861\" src=\"https:\/\/fmp-components.com\/wp-content\/uploads\/2024\/12\/Other-Agricultural-Gearboxes.webp\" sizes=\"(min-width: 0px) and (max-width: 480px) 480px, (min-width: 481px) and (max-width: 980px) 980px, (min-width: 981px) 1200px, 100vw\" srcset=\"https:\/\/fmp-components.com\/wp-content\/uploads\/2024\/12\/Other-Agricultural-Gearboxes.webp 1200w, https:\/\/fmp-components.com\/wp-content\/uploads\/2024\/12\/Other-Agricultural-Gearboxes-980x1143.webp 980w, https:\/\/fmp-components.com\/wp-content\/uploads\/2024\/12\/Other-Agricultural-Gearboxes-480x560.webp 480w\" alt=\"Altri-cambi-agricoli\" width=\"1200\" height=\"1400\" title=\"\"><\/p>\n<p>Autors: CX<\/p>","protected":false},"excerpt":{"rendered":"<p>Round Baler Gearbox EP246 Double Output Dimensions Round Baler Gearbox FMP246 Single Output Dimensions Round Baler Gearbox FMP246 Technical Data i Suitable Rpm input Rpm output KW(Nom) Output torque Toothing r\/min r\/min hp N.m Decelerate 1.92:1 Round baler, harvester, etc 540 282 100 2000 Gleason Helical Teeth Remark: If you have any special require feel [&hellip;]<\/p>","protected":false},"featured_media":2521,"comment_status":"open","ping_status":"closed","template":"","meta":{"_et_pb_use_builder":"","_et_pb_old_content":"","_et_gb_content_width":""},"product_brand":[],"product_cat":[59],"product_tag":[],"class_list":{"0":"post-2515","1":"product","2":"type-product","3":"status-publish","4":"has-post-thumbnail","6":"product_cat-round-baler-gearbox","8":"first","9":"instock","10":"shipping-taxable","11":"product-type-simple"},"_links":{"self":[{"href":"https:\/\/fmp-components.com\/lv\/wp-json\/wp\/v2\/product\/2515","targetHints":{"allow":["GET"]}}],"collection":[{"href":"https:\/\/fmp-components.com\/lv\/wp-json\/wp\/v2\/product"}],"about":[{"href":"https:\/\/fmp-components.com\/lv\/wp-json\/wp\/v2\/types\/product"}],"replies":[{"embeddable":true,"href":"https:\/\/fmp-components.com\/lv\/wp-json\/wp\/v2\/comments?post=2515"}],"wp:featuredmedia":[{"embeddable":true,"href":"https:\/\/fmp-components.com\/lv\/wp-json\/wp\/v2\/media\/2521"}],"wp:attachment":[{"href":"https:\/\/fmp-components.com\/lv\/wp-json\/wp\/v2\/media?parent=2515"}],"wp:term":[{"taxonomy":"product_brand","embeddable":true,"href":"https:\/\/fmp-components.com\/lv\/wp-json\/wp\/v2\/product_brand?post=2515"},{"taxonomy":"product_cat","embeddable":true,"href":"https:\/\/fmp-components.com\/lv\/wp-json\/wp\/v2\/product_cat?post=2515"},{"taxonomy":"product_tag","embeddable":true,"href":"https:\/\/fmp-components.com\/lv\/wp-json\/wp\/v2\/product_tag?post=2515"}],"curies":[{"name":"wp","href":"https:\/\/api.w.org\/{rel}","templated":true}]}}