{"id":2510,"date":"2025-01-02T02:57:49","date_gmt":"2025-01-02T02:57:49","guid":{"rendered":"https:\/\/fmp-components.com\/?page_id=8"},"modified":"2025-01-02T03:35:08","modified_gmt":"2025-01-02T03:35:08","slug":"round-baler-gearbox-fmp9-35-for-round-baler-and-harvester","status":"publish","type":"product","link":"https:\/\/fmp-components.com\/lv\/product\/round-baler-gearbox-fmp9-35-for-round-baler-and-harvester\/","title":{"rendered":"Riepu preses p\u0101rnesumk\u0101rba FMP9.35 rieppresei un kombainam"},"content":{"rendered":"<p><img loading=\"lazy\" decoding=\"async\" class=\"alignnone size-full wp-image-2514\" src=\"https:\/\/fmp-components.com\/wp-content\/uploads\/2025\/01\/Round-Baler-Gearbox-EP9.35-Advantages.webp\" alt=\"Apa\u013co \u0137\u012bpu preses p\u0101rnesumk\u0101rba FMP9.35 priek\u0161roc\u012bbas\" width=\"1440\" height=\"789\" title=\"\" srcset=\"https:\/\/fmp-components.com\/wp-content\/uploads\/2025\/01\/Round-Baler-Gearbox-EP9.35-Advantages.webp 1440w, https:\/\/fmp-components.com\/wp-content\/uploads\/2025\/01\/Round-Baler-Gearbox-EP9.35-Advantages-1280x701.webp 1280w, https:\/\/fmp-components.com\/wp-content\/uploads\/2025\/01\/Round-Baler-Gearbox-EP9.35-Advantages-980x537.webp 980w, https:\/\/fmp-components.com\/wp-content\/uploads\/2025\/01\/Round-Baler-Gearbox-EP9.35-Advantages-480x263.webp 480w\" sizes=\"(min-width: 0px) and (max-width: 480px) 480px, (min-width: 481px) and (max-width: 980px) 980px, (min-width: 981px) and (max-width: 1280px) 1280px, (min-width: 1281px) 1440px, 100vw\" \/><\/p>\n<h2>Ripu preses reduktora FMP9.35 izm\u0113ri<\/h2>\n<p><img loading=\"lazy\" decoding=\"async\" class=\"alignnone size-full wp-image-2513\" src=\"https:\/\/fmp-components.com\/wp-content\/uploads\/2025\/01\/Round-Baler-Gearbox-EP9.35-Dimensions-2.webp\" alt=\"Apa\u013co-preses-reduktors-FMP9.35-izm\u0113ri-2\" width=\"1530\" height=\"489\" title=\"\" srcset=\"https:\/\/fmp-components.com\/wp-content\/uploads\/2025\/01\/Round-Baler-Gearbox-EP9.35-Dimensions-2.webp 1530w, https:\/\/fmp-components.com\/wp-content\/uploads\/2025\/01\/Round-Baler-Gearbox-EP9.35-Dimensions-2-1280x409.webp 1280w, https:\/\/fmp-components.com\/wp-content\/uploads\/2025\/01\/Round-Baler-Gearbox-EP9.35-Dimensions-2-980x313.webp 980w, https:\/\/fmp-components.com\/wp-content\/uploads\/2025\/01\/Round-Baler-Gearbox-EP9.35-Dimensions-2-480x153.webp 480w\" sizes=\"(min-width: 0px) and (max-width: 480px) 480px, (min-width: 481px) and (max-width: 980px) 980px, (min-width: 981px) and (max-width: 1280px) 1280px, (min-width: 1281px) 1530px, 100vw\" \/><\/p>\n<p><img loading=\"lazy\" decoding=\"async\" class=\"alignnone size-full wp-image-2512\" src=\"https:\/\/fmp-components.com\/wp-content\/uploads\/2025\/01\/Round-Baler-Gearbox-EP9.35-Dimensions-1.webp\" alt=\"Apa\u013co-preses-reduktors-FMP9.35-izm\u0113ri-1\" width=\"1548\" height=\"889\" title=\"\" srcset=\"https:\/\/fmp-components.com\/wp-content\/uploads\/2025\/01\/Round-Baler-Gearbox-EP9.35-Dimensions-1.webp 1548w, https:\/\/fmp-components.com\/wp-content\/uploads\/2025\/01\/Round-Baler-Gearbox-EP9.35-Dimensions-1-1280x735.webp 1280w, https:\/\/fmp-components.com\/wp-content\/uploads\/2025\/01\/Round-Baler-Gearbox-EP9.35-Dimensions-1-980x563.webp 980w, https:\/\/fmp-components.com\/wp-content\/uploads\/2025\/01\/Round-Baler-Gearbox-EP9.35-Dimensions-1-480x276.webp 480w\" sizes=\"(min-width: 0px) and (max-width: 480px) 480px, (min-width: 481px) and (max-width: 980px) 980px, (min-width: 981px) and (max-width: 1280px) 1280px, (min-width: 1281px) 1548px, 100vw\" \/><\/p>\n<h2>Ripu preses reduktora FMP9.35 tehniskie dati<\/h2>\n<table style=\"width: 99.9284%; height: 128px;\" border=\"1\" cellspacing=\"0\" cellpadding=\"0\">\n<tbody>\n<tr>\n<td colspan=\"2\" rowspan=\"2\">es<\/td>\n<td rowspan=\"2\">Piem\u0113rots<\/td>\n<td>Apgriezienu skaita ievade<\/td>\n<td>Apgriezienu skaita izeja<\/td>\n<td>kW (nomin\u0101l\u0101)<\/td>\n<td>kW (maks.)<\/td>\n<td rowspan=\"2\">Zobu veido\u0161an\u0101s<\/td>\n<\/tr>\n<tr>\n<td>apgr.\/min<\/td>\n<td>apgr.\/min<\/td>\n<td>ZS<\/td>\n<td>ZS<\/td>\n<\/tr>\n<tr>\n<td>Pal\u0113nin\u0101t<\/td>\n<td>1.92:1<\/td>\n<td>Ripu prese,<br \/>\nkombains utt.<\/td>\n<td>540<\/td>\n<td>282<\/td>\n<td>120<\/td>\n<td>3000<\/td>\n<td>Gl\u012bsona spir\u0101lveida<br \/>\nZobi<\/td>\n<\/tr>\n<tr>\n<td colspan=\"8\">Piez\u012bme: Ja jums ir k\u0101das \u012bpa\u0161as pras\u012bbas, nekautr\u0113jieties man pazi\u0146ot, m\u0113s pie\u0146emam ar\u012b pas\u016bt\u012bjumu.<\/td>\n<\/tr>\n<\/tbody>\n<\/table>\n<h3>Apa\u013co \u0137\u012bpu preses p\u0101rnesumk\u0101rbas FMP9.35 priek\u0161roc\u012bbas<\/h3>\n<p>FMP9.35 apa\u013co \u0137\u012bpu preses p\u0101rnesumk\u0101rba ir augstas veiktsp\u0113jas p\u0101rnesumk\u0101rba, kas \u012bpa\u0161i izstr\u0101d\u0101ta lauksaimniec\u012bbas apa\u013co \u0137\u012bpu pres\u0113m, pied\u0101v\u0101jot daudzas priek\u0161roc\u012bbas, lai uzlabotu darb\u012bbas efektivit\u0101ti un iztur\u012bbu. T\u0101l\u0101k ir nor\u0101d\u012btas FMP9.35 p\u0101rnesumk\u0101rbas galven\u0101s priek\u0161roc\u012bbas:<\/p>\n<p><strong>Augsta jaudas apstr\u0101des sp\u0113ja<\/strong><\/p>\n<ul>\n<li>Priek\u0161roc\u012bba: FMP9.35 ir izstr\u0101d\u0101ts, lai iztur\u0113tu lielas griezes momenta slodzes, padarot to ide\u0101li piem\u0113rotu lieljaudas pres\u0113\u0161anas darbiem.<\/li>\n<li>Ieguvums: Tas \u013cauj p\u0101rnesumk\u0101rbai efekt\u012bvi apstr\u0101d\u0101t cietus materi\u0101lus, piem\u0113ram, sienu, salmus, sk\u0101bbar\u012bbu un lauksaimniec\u012bbas atkritumus, nodro\u0161inot uzticamu jaudas p\u0101rvadi un optim\u0101lu pres\u0113\u0161anas veiktsp\u0113ju pat sare\u017e\u0123\u012btos apst\u0101k\u013cos.<\/li>\n<\/ul>\n<p><strong>Uzlabota iztur\u012bba un ilgm\u016b\u017e\u012bba<\/strong><\/p>\n<ul>\n<li>Priek\u0161roc\u012bba: FMP9.35 p\u0101rnesumk\u0101rba, kas izgatavota no augst\u0101k\u0101s kvalit\u0101tes materi\u0101liem un ir iztur\u012bga, ir paredz\u0113ta ilgsto\u0161ai darb\u012bbai.<\/li>\n<li>Ieguvums: T\u0101 iztur\u012bgais dizains iev\u0113rojami samazina nodilumu, \u013caujot tam iztur\u0113t daudzu gadu intens\u012bvu lieto\u0161anu bez bie\u017eas remonta vai nomai\u0146as, kas samazina lauksaimnieku kop\u0113j\u0101s ekspluat\u0101cijas izmaksas.<\/li>\n<\/ul>\n<p><strong>Vienm\u0113r\u012bga un efekt\u012bva darb\u012bba<\/strong><\/p>\n<ul>\n<li>Priek\u0161roc\u012bba: FMP9.35 p\u0101rnesumk\u0101rba ir optimiz\u0113ta vienm\u0113r\u012bgai jaudas p\u0101rvadei, samazinot ener\u0123ijas zudumus darb\u012bbas laik\u0101.<\/li>\n<li>Ieguvums: Efekt\u012bv\u0101 jaudas p\u0101rne\u0161ana samazina degvielas pat\u0113ri\u0146u un uzlabo preses kop\u0113jo veiktsp\u0113ju, nodro\u0161inot ne tikai efekt\u012bvu, bet ar\u012b izmaksu zi\u0146\u0101 efekt\u012bvu darb\u012bbu.<\/li>\n<\/ul>\n<p><strong>Zemas apkopes pras\u012bbas<\/strong><\/p>\n<ul>\n<li>Priek\u0161roc\u012bba: P\u0101rnesumk\u0101rba ir izstr\u0101d\u0101ta vienk\u0101r\u0161ai apkopei ar funkcij\u0101m, kas \u013cauj veikt \u0101tras p\u0101rbaudes un vienk\u0101r\u0161u apkopi.<\/li>\n<li>Ieguvums: Tas samazina d\u012bkst\u0101ves laiku un nodro\u0161ina, ka p\u0101rnesumk\u0101rba ar minim\u0101lu piep\u016bli saglab\u0101jas lab\u0101kaj\u0101 st\u0101vokl\u012b, t\u0101d\u0113j\u0101di nodro\u0161inot nep\u0101rtraukt\u0101ku darb\u012bbu un maz\u0101k p\u0101rtraukumu pres\u0113\u0161anas sezon\u0101.<\/li>\n<\/ul>\n<p><strong>Kompakts un vietu taupo\u0161s dizains<\/strong><\/p>\n<ul>\n<li>Priek\u0161roc\u012bba: FMP9.35 ir izstr\u0101d\u0101ts ar kompaktu strukt\u016bru, kas pal\u012bdz ietaup\u012bt vietu, vienlaikus nodro\u0161inot optim\u0101lu veiktsp\u0113ju.<\/li>\n<li>Ieguvums: T\u0101 kompaktais izm\u0113rs padara pres\u0113\u0161anas ma\u0161\u012bnu viegl\u0101ku un manevr\u0113tsp\u0113j\u012bg\u0101ku, nodro\u0161inot liel\u0101ku elast\u012bbu, str\u0101d\u0101jot \u0161auros laukos vai gr\u016bti sasniedzam\u0101s viet\u0101s.<\/li>\n<\/ul>\n<p><strong>Daudzpus\u012bba da\u017e\u0101diem pielietojumiem<\/strong><\/p>\n<ul>\n<li>Priek\u0161roc\u012bba: FMP9.35 p\u0101rnesumk\u0101rba ir daudzpus\u012bga un piem\u0113rota da\u017e\u0101du veidu pres\u0113\u0161anai, tostarp siena, salmu un sk\u0101bbar\u012bbas pres\u0113\u0161anai.<\/li>\n<li>Priek\u0161roc\u012bba: T\u0101s piel\u0101gojam\u012bba padara to par lielisku izv\u0113li lauksaimniekiem, kuriem nepiecie\u0161ama p\u0101rnesumk\u0101rba, kas var apstr\u0101d\u0101t da\u017e\u0101das kult\u016bras un materi\u0101lus, nodro\u0161inot, ka prese labi darbojas da\u017e\u0101dos lauksaimniec\u012bbas apst\u0101k\u013cos.<\/li>\n<\/ul>\n<p>FMP9.35 apa\u013co \u0137\u012bpu preses p\u0101rnesumk\u0101rba ir jaud\u012bga, iztur\u012bga un efekt\u012bva p\u0101rnesumk\u0101rba, kas paredz\u0113ta, lai apmierin\u0101tu m\u016bsdienu lauksaimniec\u012bbas pres\u0113\u0161anas oper\u0101ciju pras\u012bbas. T\u0101s iztur\u012bg\u0101 konstrukcija, vienm\u0113r\u012bg\u0101 darb\u012bba un zem\u0101s apkopes pras\u012bbas padara to par ide\u0101lu izv\u0113li lauksaimniekiem, kuri mekl\u0113 uzticamu un augstas veiktsp\u0113jas p\u0101rnesumk\u0101rbu. FMP9.35 pal\u012bdz maksim\u0101li palielin\u0101t efektivit\u0101ti, samazin\u0101t ekspluat\u0101cijas izmaksas un nodro\u0161in\u0101t ilgtermi\u0146a uzticam\u012bbu, veicinot apa\u013co \u0137\u012bpu pres\u0113\u0161anas uzdevumu visp\u0101r\u0113jos pan\u0101kumus da\u017e\u0101dos lauksaimniec\u012bbas apst\u0101k\u013cos.<\/p>\n<p><img loading=\"lazy\" decoding=\"async\" class=\"alignnone size-full wp-image-2507\" src=\"https:\/\/fmp-components.com\/wp-content\/uploads\/2025\/01\/Round-Baler-Gearbox-EP9.0-HL01-for-Agricultural-21.webp\" alt=\"Apa\u013co-preses-reduktors-FMP9.0-HL01-lauksaimniec\u012bbai-2(1)\" width=\"980\" height=\"653\" title=\"\" srcset=\"https:\/\/fmp-components.com\/wp-content\/uploads\/2025\/01\/Round-Baler-Gearbox-EP9.0-HL01-for-Agricultural-21.webp 980w, https:\/\/fmp-components.com\/wp-content\/uploads\/2025\/01\/Round-Baler-Gearbox-EP9.0-HL01-for-Agricultural-21-480x320.webp 480w\" sizes=\"(min-width: 0px) and (max-width: 480px) 480px, (min-width: 481px) 980px, 100vw\" \/><\/p>\n<h3>Apa\u013co \u0137\u012bpu preses p\u0101rnesumk\u0101rbas FMP9.35 funkcija lauksaimniec\u012bb\u0101<\/h3>\n<p>Ri\u0146\u0137a preses reduktoram FMP9.35 ir iz\u0161\u0137iro\u0161a noz\u012bme ritu\u013cu presu darb\u012bb\u0101, kas ir b\u016btiska lauksaimniec\u012bbas tehnika t\u0101du materi\u0101lu k\u0101 siena, salmu un sk\u0101bbar\u012bbas bl\u012bv\u0113\u0161anai un pres\u0113\u0161anai. \u0160\u012b reduktora nodro\u0161ina efekt\u012bvu jaudas p\u0101rnesi no traktora uz presi, veicinot optim\u0101lu veiktsp\u0113ju pres\u0113\u0161anas laik\u0101. T\u0101l\u0101k ir nor\u0101d\u012btas FMP9.35 ri\u0146\u0137a preses reduktora galven\u0101s funkcijas:<\/p>\n<p><strong>Jaudas p\u0101rvade<\/strong><\/p>\n<ul>\n<li>Funkcija: FMP9.35 p\u0101rnesumk\u0101rbas galven\u0101 funkcija ir p\u0101rs\u016bt\u012bt jaudu no traktora j\u016bgv\u0101rpstas (jaudas no\u0146em\u0161anas v\u0101rpstas) uz ru\u013c\u013cu preses iek\u0161\u0113jiem meh\u0101nismiem.<\/li>\n<li>Ieguvums: Tas nodro\u0161ina vienm\u0113r\u012bgu un efekt\u012bvu jaudas p\u0101rnesi, \u013caujot presei veikt da\u017e\u0101das funkcijas, piem\u0113ram, materi\u0101lu padevi, saspie\u0161anu un sie\u0161anu, lai veidotu kompaktus \u0137\u012bpas.<\/li>\n<\/ul>\n<p><strong>Griezes momenta reizin\u0101\u0161ana<\/strong><\/p>\n<ul>\n<li>Funkcija: P\u0101rnesumk\u0101rba nodro\u0161ina griezes momenta pavairo\u0161anu, palielinot rot\u0101cijas sp\u0113ku, kas tiek pielikts preses deta\u013c\u0101m.<\/li>\n<li>Ieguvums: Tas ir \u012bpa\u0161i svar\u012bgi, str\u0101d\u0101jot ar cietiem, bl\u012bviem materi\u0101liem, piem\u0113ram, mitru sienu vai salmiem, nodro\u0161inot, ka prese darbojas ar nepiecie\u0161amo efektivit\u0101ti un jaudas l\u012bmeni, nep\u0101rslogojot sist\u0113mu.<\/li>\n<\/ul>\n<p><strong>\u0100truma samazin\u0101\u0161ana<\/strong><\/p>\n<ul>\n<li>Funkcija: FMP9.35 p\u0101rnesumk\u0101rba samazina traktora j\u016bgv\u0101rpstas augsto rot\u0101cijas \u0101trumu l\u012bdz optim\u0101lam \u0101trumam preses ekspluat\u0101cijas komponentiem, piem\u0113ram, velt\u0146iem un bl\u012bv\u0113\u0161anas meh\u0101nismam.<\/li>\n<li>Ieguvums: \u0160\u012b kontrol\u0113t\u0101 \u0101truma samazin\u0101\u0161ana nov\u0113r\u0161 pres\u0113\u0161anas sist\u0113mas boj\u0101jumus un nodro\u0161ina, ka prese darbojas ide\u0101l\u0101 temp\u0101 efekt\u012bvai bl\u012bv\u0113\u0161anai un ru\u013c\u013cu veido\u0161anai.<\/li>\n<\/ul>\n<p><strong>Preses meh\u0101nismu sinhroniz\u0101cija<\/strong><\/p>\n<ul>\n<li>Funkcija: P\u0101rnesumk\u0101rba ir atbild\u012bga par da\u017e\u0101du preses meh\u0101nisko komponentu, tostarp padeves, saspie\u0161anas un sie\u0161anas sist\u0113mu, sinhroniz\u0101ciju.<\/li>\n<li>Ieguvums: Koordin\u0113jot \u0161o komponentu kust\u012bbu, p\u0101rnesumk\u0101rba nodro\u0161ina visu darb\u012bbu saska\u0146otu norisi, t\u0101d\u0113j\u0101di nodro\u0161inot vienm\u0113r\u012bgu un augstas kvalit\u0101tes ru\u013c\u013cu veido\u0161anos.<\/li>\n<\/ul>\n<p><strong>Slodzes sadal\u012bjums<\/strong><\/p>\n<ul>\n<li>Funkcija: FMP9.35 p\u0101rnesumk\u0101rba pal\u012bdz vienm\u0113r\u012bgi sadal\u012bt meh\u0101nisko slodzi vis\u0101 sist\u0113m\u0101, nodro\u0161inot, ka neviena atsevi\u0161\u0137a deta\u013ca netiek p\u0101rslogota.<\/li>\n<li>Ieguvums: \u0160is slodzes sadal\u012bjums samazina kritiski svar\u012bgu komponentu nodilumu, palielinot preses kalpo\u0161anas laiku un samazinot apkopes pras\u012bbas.<\/li>\n<\/ul>\n<p>Ri\u0146\u0137a preses p\u0101rnesumk\u0101rba FMP9.35 ir neaizst\u0101jama, lai nodro\u0161in\u0101tu efekt\u012bvu un uzticamu ri\u0146\u0137a preses darb\u012bbu lauksaimniec\u012bbas darbos. Nodro\u0161inot vienm\u0113r\u012bgu jaudas p\u0101rvadi, griezes momenta reizin\u0101t\u0101ju, \u0101truma samazin\u0101\u0161anu un slodzes sadal\u012bjumu, t\u0101 maksim\u0101li palielina preses veiktsp\u0113ju, vienlaikus samazinot ekspluat\u0101cijas izmaksas un apkopes pras\u012bbas. \u0160\u012b p\u0101rnesumk\u0101rba pal\u012bdz lauksaimniekiem sasniegt nemain\u012bgas, augstas kvalit\u0101tes ru\u013c\u013cus un palielina pres\u0113\u0161anas darb\u012bbu kop\u0113jo produktivit\u0101ti.<\/p>\n<p><img loading=\"lazy\" decoding=\"async\" class=\"alignnone size-full wp-image-2505\" src=\"https:\/\/fmp-components.com\/wp-content\/uploads\/2025\/01\/Round-Baler-Gearbox-191-scaled.webp\" alt=\"Apa\u013co-preses-reduktors-19(1)\" width=\"2560\" height=\"1920\" title=\"\" srcset=\"https:\/\/fmp-components.com\/wp-content\/uploads\/2025\/01\/Round-Baler-Gearbox-191-scaled.webp 2560w, https:\/\/fmp-components.com\/wp-content\/uploads\/2025\/01\/Round-Baler-Gearbox-191-1280x960.webp 1280w, https:\/\/fmp-components.com\/wp-content\/uploads\/2025\/01\/Round-Baler-Gearbox-191-980x735.webp 980w, https:\/\/fmp-components.com\/wp-content\/uploads\/2025\/01\/Round-Baler-Gearbox-191-480x360.webp 480w\" sizes=\"(min-width: 0px) and (max-width: 480px) 480px, (min-width: 481px) and (max-width: 980px) 980px, (min-width: 981px) and (max-width: 1280px) 1280px, (min-width: 1281px) 2560px, 100vw\" \/><\/p>\n<h3>Par FMP<\/h3>\n<p>FMP galven\u0101 m\u012btne atrodas It\u0101lij\u0101, un tas ir vado\u0161ais ra\u017eot\u0101js, kas paz\u012bstams ar savu pieredzi augstas veiktsp\u0113jas p\u0101rnesumk\u0101rbu projekt\u0113\u0161an\u0101, izstr\u0101d\u0113 un ra\u017eo\u0161an\u0101, \u012bpa\u0161i lauksaimniec\u012bbas tehnikas nozar\u0113. FMP, kas ir paz\u012bstams ar prec\u012bzu in\u017eenieriju, inovat\u012bviem risin\u0101jumiem un nelok\u0101mu uzticam\u012bbu, ir k\u013cuvis par uzticamu partneri, kas apmierina gan lauksaimniec\u012bbas, gan r\u016bpniec\u012bbas tirgu main\u012bg\u0101s pras\u012bbas. M\u016bsu pla\u0161aj\u0101 produktu kl\u0101st\u0101 ietilpst specializ\u0113tas p\u0101rnesumk\u0101rbas z\u0101les p\u013c\u0101v\u0113jiem, j\u016bgv\u0101rpstas un da\u017e\u0101das citas svar\u012bgas sast\u0101vda\u013cas, kas visas ir izstr\u0101d\u0101tas, lai nodro\u0161in\u0101tu piel\u0101gotus risin\u0101jumus pla\u0161am pielietojumu kl\u0101stam.<\/p>\n<p>Uz\u0146\u0113mum\u0101 FMP m\u0113s apzin\u0101mies, ka katra klienta vajadz\u012bbas ir unik\u0101las. T\u0101p\u0113c m\u0113s specializ\u0113jamies piel\u0101gotu risin\u0101jumu nodro\u0161in\u0101\u0161an\u0101, neatkar\u012bgi no t\u0101, vai tie ir paredz\u0113ti atsevi\u0161\u0137\u0101m komponent\u0113m vai piln\u012bb\u0101 integr\u0113t\u0101m sist\u0113m\u0101m. Cie\u0161i sadarbojoties ar m\u016bsu klientiem, m\u0113s nodro\u0161in\u0101m, ka katrs risin\u0101jums ir ne tikai efekt\u012bvs, bet ar\u012b optimiz\u0113ts efektivit\u0101tei, veiktsp\u0113jai un v\u0113rt\u012bbai. M\u016bsu ap\u0146em\u0161an\u0101s sniegt \u0101tras, profesion\u0101las atbildes, ko atbalsta ekspertu nor\u0101d\u012bjumi, nodro\u0161ina, ka katrs piepras\u012bjums tiek apstr\u0101d\u0101ts prec\u012bzi, t\u0101d\u0113j\u0101di sasniedzot vislab\u0101kos iesp\u0113jamos rezult\u0101tus.<\/p>\n<p>M\u0113s pie\u0161\u0137iram priorit\u0101ti p\u0101rredzamai un nep\u0101rtrauktai komunik\u0101cijai vis\u0101 produktu izstr\u0101des proces\u0101. M\u016bsu \u012bpa\u0161i izveidot\u0101 komanda str\u0101d\u0101 tie\u0161i ar klientiem, lai r\u016bp\u012bgi izprastu vi\u0146u \u012bpa\u0161\u0101s pras\u012bbas, pied\u0101v\u0101jot praktiskas atzi\u0146as un ieteikumus, kas noved pie optim\u0101liem risin\u0101jumiem. Neatkar\u012bgi no t\u0101, vai m\u0113s izstr\u0101d\u0101jam inovat\u012bvus produktus vai izpild\u0101m past\u0101v\u012bgus pas\u016bt\u012bjumus, FMP ir ap\u0146\u0113musies vienm\u0113r savlaic\u012bgi pieg\u0101d\u0101t augstas kvalit\u0101tes, prec\u012bzi izstr\u0101d\u0101tus risin\u0101jumus. M\u016bsu misija ir nodro\u0161in\u0101t klientiem izcilu servisu un rezult\u0101tus, past\u0101v\u012bgi p\u0101rsniedzot cer\u012bbas katr\u0101 projekt\u0101.<\/p>\n<p>Kvalit\u0101te ir FMP darb\u012bbas pamat\u0101. M\u0113s iev\u0113rojam augst\u0101kos ra\u017eo\u0161anas standartus, ievie\u0161ot stingras kvalit\u0101tes kontroles procesus, lai nodro\u0161in\u0101tu, ka katrs produkts ne tikai atbilst, bet ar\u012b p\u0101rsniedz nozares standartus. \u0160\u012b nelok\u0101m\u0101 ap\u0146em\u0161an\u0101s nodro\u0161in\u0101t kvalit\u0101ti, k\u0101 ar\u012b m\u016bsu pamatv\u0113rt\u012bbas \u2013 integrit\u0101te, komandas darbs un neatlaid\u012bba \u2013 ir \u013c\u0101vusi mums veidot ilgsto\u0161as, uz uztic\u012bbu balst\u012btas attiec\u012bbas ar klientiem gandr\u012bz 30 valst\u012bs vis\u0101 pasaul\u0113.<\/p>\n<p>FMP m\u0113s vienm\u0113r esam atv\u0113rti glob\u0101lu partner\u012bbu veido\u0161anai un esam ap\u0146\u0113mu\u0161ies pied\u0101v\u0101t ekspertu padomus un piel\u0101gotus risin\u0101jumus, kas atbilst m\u016bsu klientu da\u017e\u0101daj\u0101m vajadz\u012bb\u0101m. M\u0113s sniedzamies t\u0101l\u0101k par vienk\u0101r\u0161u produktu snieg\u0161anu; m\u0113s cen\u0161amies izveidot ilgsto\u0161as \u200b\u200battiec\u012bbas, kas veicina katra projekta pan\u0101kumus. Neatkar\u012bgi no t\u0101, vai jums ir nepiecie\u0161ami inovat\u012bvi risin\u0101jumi jaunai iniciat\u012bvai vai past\u0101v\u012bgs atbalsts eso\u0161ai sist\u0113mai, FMP ir \u0161eit, lai risin\u0101tu j\u016bsu tehnisk\u0101s probl\u0113mas un nodro\u0161in\u0101tu j\u016bsu turpm\u0101kos pan\u0101kumus.<\/p>\n<p><img loading=\"lazy\" decoding=\"async\" class=\"alignnone size-full wp-image-1861\" src=\"https:\/\/fmp-components.com\/wp-content\/uploads\/2024\/12\/Other-Agricultural-Gearboxes.webp\" sizes=\"(min-width: 0px) and (max-width: 480px) 480px, (min-width: 481px) and (max-width: 980px) 980px, (min-width: 981px) 1200px, 100vw\" srcset=\"https:\/\/fmp-components.com\/wp-content\/uploads\/2024\/12\/Other-Agricultural-Gearboxes.webp 1200w, https:\/\/fmp-components.com\/wp-content\/uploads\/2024\/12\/Other-Agricultural-Gearboxes-980x1143.webp 980w, https:\/\/fmp-components.com\/wp-content\/uploads\/2024\/12\/Other-Agricultural-Gearboxes-480x560.webp 480w\" alt=\"Altri-cambi-agricoli\" width=\"1200\" height=\"1400\" title=\"\"><\/p>\n<p>Autors: CX<\/p>","protected":false},"excerpt":{"rendered":"<p>Round Baler Gearbox FMP9.35 Dimensions Round Baler Gearbox FMP9.35 Technical Data i Suitable Rpm input Rpm output KW(Nom) KW(Max) Toothing r\/min r\/min hp hp Decelerate 1.92:1 Round baler, harvester, etc 540 282 120 3000 Gleason Helical Teeth Remark: If you have any special require feel free let me know, we also accept custom. Advantages of [&hellip;]<\/p>","protected":false},"featured_media":2514,"comment_status":"open","ping_status":"closed","template":"","meta":{"_et_pb_use_builder":"","_et_pb_old_content":"","_et_gb_content_width":""},"product_brand":[],"product_cat":[59],"product_tag":[],"class_list":{"0":"post-2510","1":"product","2":"type-product","3":"status-publish","4":"has-post-thumbnail","6":"product_cat-round-baler-gearbox","8":"first","9":"instock","10":"shipping-taxable","11":"product-type-simple"},"_links":{"self":[{"href":"https:\/\/fmp-components.com\/lv\/wp-json\/wp\/v2\/product\/2510","targetHints":{"allow":["GET"]}}],"collection":[{"href":"https:\/\/fmp-components.com\/lv\/wp-json\/wp\/v2\/product"}],"about":[{"href":"https:\/\/fmp-components.com\/lv\/wp-json\/wp\/v2\/types\/product"}],"replies":[{"embeddable":true,"href":"https:\/\/fmp-components.com\/lv\/wp-json\/wp\/v2\/comments?post=2510"}],"wp:featuredmedia":[{"embeddable":true,"href":"https:\/\/fmp-components.com\/lv\/wp-json\/wp\/v2\/media\/2514"}],"wp:attachment":[{"href":"https:\/\/fmp-components.com\/lv\/wp-json\/wp\/v2\/media?parent=2510"}],"wp:term":[{"taxonomy":"product_brand","embeddable":true,"href":"https:\/\/fmp-components.com\/lv\/wp-json\/wp\/v2\/product_brand?post=2510"},{"taxonomy":"product_cat","embeddable":true,"href":"https:\/\/fmp-components.com\/lv\/wp-json\/wp\/v2\/product_cat?post=2510"},{"taxonomy":"product_tag","embeddable":true,"href":"https:\/\/fmp-components.com\/lv\/wp-json\/wp\/v2\/product_tag?post=2510"}],"curies":[{"name":"wp","href":"https:\/\/api.w.org\/{rel}","templated":true}]}}