{"id":2501,"date":"2025-01-02T02:44:16","date_gmt":"2025-01-02T02:44:16","guid":{"rendered":"https:\/\/fmp-components.com\/?page_id=8"},"modified":"2025-01-02T02:46:27","modified_gmt":"2025-01-02T02:46:27","slug":"round-baler-gearbox-fmp9-0-hl01-for-round-baler-and-harvester","status":"publish","type":"product","link":"https:\/\/fmp-components.com\/lv\/product\/round-baler-gearbox-fmp9-0-hl01-for-round-baler-and-harvester\/","title":{"rendered":"Riepu preses p\u0101rnesumk\u0101rba FMP9.0-HL01 rieppresei un kombainam"},"content":{"rendered":"<p><img loading=\"lazy\" decoding=\"async\" class=\"alignnone size-full wp-image-2506\" src=\"https:\/\/fmp-components.com\/wp-content\/uploads\/2025\/01\/Round-Baler-Gearbox-FMP9.0-HL01-Features1.webp\" alt=\"Apa\u013co-preses-reduktora-FMP9.0-HL01-funkcijas(1)\" width=\"1340\" height=\"773\" title=\"\" srcset=\"https:\/\/fmp-components.com\/wp-content\/uploads\/2025\/01\/Round-Baler-Gearbox-FMP9.0-HL01-Features1.webp 1340w, https:\/\/fmp-components.com\/wp-content\/uploads\/2025\/01\/Round-Baler-Gearbox-FMP9.0-HL01-Features1-1280x738.webp 1280w, https:\/\/fmp-components.com\/wp-content\/uploads\/2025\/01\/Round-Baler-Gearbox-FMP9.0-HL01-Features1-980x565.webp 980w, https:\/\/fmp-components.com\/wp-content\/uploads\/2025\/01\/Round-Baler-Gearbox-FMP9.0-HL01-Features1-480x277.webp 480w\" sizes=\"(min-width: 0px) and (max-width: 480px) 480px, (min-width: 481px) and (max-width: 980px) 980px, (min-width: 981px) and (max-width: 1280px) 1280px, (min-width: 1281px) 1340px, 100vw\" \/><\/p>\n<h2>Ripu preses reduktora FMP9.0-HL01 izm\u0113ri<\/h2>\n<p><img loading=\"lazy\" decoding=\"async\" class=\"alignnone size-full wp-image-2508\" src=\"https:\/\/fmp-components.com\/wp-content\/uploads\/2025\/01\/Round-Baler-Gearbox-EP9.0-HL01-Dimensions-2.webp\" alt=\"Apa\u013co-preses-reduktors-FMP9.0-HL01-izm\u0113ri-2\" width=\"1380\" height=\"893\" title=\"\" srcset=\"https:\/\/fmp-components.com\/wp-content\/uploads\/2025\/01\/Round-Baler-Gearbox-EP9.0-HL01-Dimensions-2.webp 1380w, https:\/\/fmp-components.com\/wp-content\/uploads\/2025\/01\/Round-Baler-Gearbox-EP9.0-HL01-Dimensions-2-1280x828.webp 1280w, https:\/\/fmp-components.com\/wp-content\/uploads\/2025\/01\/Round-Baler-Gearbox-EP9.0-HL01-Dimensions-2-980x634.webp 980w, https:\/\/fmp-components.com\/wp-content\/uploads\/2025\/01\/Round-Baler-Gearbox-EP9.0-HL01-Dimensions-2-480x311.webp 480w\" sizes=\"(min-width: 0px) and (max-width: 480px) 480px, (min-width: 481px) and (max-width: 980px) 980px, (min-width: 981px) and (max-width: 1280px) 1280px, (min-width: 1281px) 1380px, 100vw\" \/> <img loading=\"lazy\" decoding=\"async\" class=\"alignnone size-full wp-image-2509\" src=\"https:\/\/fmp-components.com\/wp-content\/uploads\/2025\/01\/Round-Baler-Gearbox-EP9.0-HL01-Dimensions-1.webp\" alt=\"Apa\u013co-preses-reduktors-FMP9.0-HL01-izm\u0113ri-1\" width=\"1386\" height=\"437\" title=\"\" srcset=\"https:\/\/fmp-components.com\/wp-content\/uploads\/2025\/01\/Round-Baler-Gearbox-EP9.0-HL01-Dimensions-1.webp 1386w, https:\/\/fmp-components.com\/wp-content\/uploads\/2025\/01\/Round-Baler-Gearbox-EP9.0-HL01-Dimensions-1-1280x404.webp 1280w, https:\/\/fmp-components.com\/wp-content\/uploads\/2025\/01\/Round-Baler-Gearbox-EP9.0-HL01-Dimensions-1-980x309.webp 980w, https:\/\/fmp-components.com\/wp-content\/uploads\/2025\/01\/Round-Baler-Gearbox-EP9.0-HL01-Dimensions-1-480x151.webp 480w\" sizes=\"(min-width: 0px) and (max-width: 480px) 480px, (min-width: 481px) and (max-width: 980px) 980px, (min-width: 981px) and (max-width: 1280px) 1280px, (min-width: 1281px) 1386px, 100vw\" \/><\/p>\n<h2>Ripu preses reduktora FMP9.0-HL01 tehniskie dati<\/h2>\n<table style=\"width: 99.6064%; height: 141px;\" border=\"1\" cellspacing=\"0\" cellpadding=\"0\">\n<tbody>\n<tr>\n<td colspan=\"2\" rowspan=\"2\">es<\/td>\n<td rowspan=\"2\">Piem\u0113rots<\/td>\n<td>Apgriezienu skaita ievade<\/td>\n<td>Apgriezienu skaita izeja<\/td>\n<td>kW (nomin\u0101l\u0101)<\/td>\n<td>kW (maks.)<\/td>\n<td rowspan=\"2\">Zobu veido\u0161an\u0101s<\/td>\n<\/tr>\n<tr>\n<td>apgr.\/min<\/td>\n<td>apgr.\/min<\/td>\n<td>ZS<\/td>\n<td>ZS<\/td>\n<\/tr>\n<tr>\n<td>Pal\u0113nin\u0101t<\/td>\n<td>1.92:1<\/td>\n<td>Ripu prese,<br \/>\nkombains utt.<\/td>\n<td>540<\/td>\n<td>282<\/td>\n<td>120<\/td>\n<td>3000<\/td>\n<td>Gl\u012bsona spir\u0101lveida<br \/>\nZobi<\/td>\n<\/tr>\n<tr>\n<td colspan=\"8\">Piez\u012bme: Ja jums ir k\u0101das \u012bpa\u0161as pras\u012bbas, nekautr\u0113jieties man pazi\u0146ot, m\u0113s pie\u0146emam ar\u012b pas\u016bt\u012bjumu.<\/td>\n<\/tr>\n<\/tbody>\n<\/table>\n<h2>Ripu preses p\u0101rnesumk\u0101rbas FMP9.0-HL01 funkcijas<\/h2>\n<p>FMP9.0-HL01 apa\u013co \u0137\u012bpu preses p\u0101rnesumk\u0101rba ir augstas veiktsp\u0113jas p\u0101rnesumk\u0101rba, kas \u012bpa\u0161i paredz\u0113ta lauksaimniec\u012bbas apa\u013co \u0137\u012bpu pres\u0113m. \u0160\u012b p\u0101rnesumk\u0101rba, kas izstr\u0101d\u0101ta, \u0146emot v\u0113r\u0101 iztur\u012bbu, efektivit\u0101ti un daudzpus\u012bbu, ir piem\u0113rota pla\u0161am pres\u0113\u0161anas pielietojumu kl\u0101stam, s\u0101kot no siena un salmiem l\u012bdz sk\u0101bbar\u012bbai un lauksaimniec\u012bbas atkritumiem. T\u0101l\u0101k ir nor\u0101d\u012btas FMP9.0-HL01 p\u0101rnesumk\u0101rbas galven\u0101s iez\u012bmes:<\/p>\n<p><strong>Augsta griezes momenta transmisija<\/strong><\/p>\n<ul>\n<li>Funkcija: FMP9.0-HL01 p\u0101rnesumk\u0101rba ir paredz\u0113ta liela griezes momenta apstr\u0101dei, nodro\u0161inot efekt\u012bvu jaudas p\u0101rnesi no traktora uz pres\u0113\u0161anas meh\u0101nismu.<\/li>\n<li>Priek\u0161roc\u012bba: \u0160\u012b iesp\u0113ja \u013cauj p\u0101rnesumk\u0101rbai tikt gal\u0101 ar sare\u017e\u0123\u012bt\u0101m pres\u0113\u0161anas darb\u012bb\u0101m, nodro\u0161inot vienm\u0113r\u012bgu un uzticamu t\u0101du materi\u0101lu k\u0101 siena, salmu un sk\u0101bbar\u012bbas sabl\u012bv\u0113\u0161anu pat sare\u017e\u0123\u012btos apst\u0101k\u013cos.<\/li>\n<\/ul>\n<p><strong>Prec\u012bza in\u017eenierija ilgm\u016b\u017e\u012bbai<\/strong><\/p>\n<ul>\n<li>Funkcija: Izgatavots no augstas kvalit\u0101tes materi\u0101liem un prec\u012bzas in\u017eenierijas, FMP9.0-HL01 ir paredz\u0113ts ilgsto\u0161ai darb\u012bbai intens\u012bvas lieto\u0161anas apst\u0101k\u013cos.<\/li>\n<li>Ieguvums: Iztur\u012bg\u0101 konstrukcija samazina nodilumu, palielinot p\u0101rnesumk\u0101rbas kalpo\u0161anas laiku un nodro\u0161inot uzticamu darb\u012bbu laika gait\u0101, samazinot nepiecie\u0161am\u012bbu p\u0113c bie\u017ea remonta vai nomai\u0146as.<\/li>\n<\/ul>\n<p><strong>Kompakts un telpu taupo\u0161s dizains<\/strong><\/p>\n<ul>\n<li>Funkcija: FMP9.0-HL01 p\u0101rnesumk\u0101rbai ir kompakts, vietu taupo\u0161s dizains, kas \u013cauj to viegli integr\u0113t da\u017e\u0101dos ru\u013c\u013cu presu mode\u013cos, neaiz\u0146emot lieku vietu.<\/li>\n<li>Ieguvums: Mazais izm\u0113rs pal\u012bdz optimiz\u0113t preses kop\u0113jo konstrukciju, samazinot svaru un nodro\u0161inot lab\u0101ku manevr\u0113tsp\u0113ju lauk\u0101, vienlaikus saglab\u0101jot augstu veiktsp\u0113ju.<\/li>\n<\/ul>\n<p><img loading=\"lazy\" decoding=\"async\" class=\"alignnone size-full wp-image-2507\" src=\"https:\/\/fmp-components.com\/wp-content\/uploads\/2025\/01\/Round-Baler-Gearbox-EP9.0-HL01-for-Agricultural-21.webp\" alt=\"Apa\u013co-preses-reduktors-FMP9.0-HL01-lauksaimniec\u012bbai-2(1)\" width=\"980\" height=\"653\" title=\"\" srcset=\"https:\/\/fmp-components.com\/wp-content\/uploads\/2025\/01\/Round-Baler-Gearbox-EP9.0-HL01-for-Agricultural-21.webp 980w, https:\/\/fmp-components.com\/wp-content\/uploads\/2025\/01\/Round-Baler-Gearbox-EP9.0-HL01-for-Agricultural-21-480x320.webp 480w\" sizes=\"(min-width: 0px) and (max-width: 480px) 480px, (min-width: 481px) 980px, 100vw\" \/><\/p>\n<p><strong>Vienm\u0113r\u012bga darb\u012bba ar zemu trok\u0161\u0146a l\u012bmeni<\/strong><\/p>\n<ul>\n<li>Funkcija: P\u0101rnesumk\u0101rba ir paredz\u0113ta vienm\u0113r\u012bgai darb\u012bbai, ar uzlabot\u0101m iek\u0161\u0113j\u0101m sast\u0101vda\u013c\u0101m, kas samazina berzi un troksni darb\u012bbas laik\u0101.<\/li>\n<li>Ieguvums: Tas nodro\u0161ina klus\u0101ku darb\u012bbu, uzlabojot operatora komfortu un samazinot trok\u0161\u0146a pies\u0101r\u0146ojumu saimniec\u012bb\u0101s un lauksaimniec\u012bbas vid\u0113.<\/li>\n<\/ul>\n<p><strong>Augsta efektivit\u0101te jaudas p\u0101rnes\u0113<\/strong><\/p>\n<ul>\n<li>Funkcija: FMP9.0-HL01 p\u0101rnesumk\u0101rba efekt\u012bvi p\u0101rnes jaudu no traktora uz pres\u0113\u0161anas sist\u0113mu, samazinot ener\u0123ijas zudumus un nodro\u0161inot efekt\u012bv\u0101ku pres\u0113\u0161anu.<\/li>\n<li>Ieguvums: Augst\u0101ka efektivit\u0101te noz\u012bm\u0113, ka pres\u0113\u0161anas proces\u0101 tiek iz\u0161\u0137\u0113rd\u0113ta maz\u0101k ener\u0123ijas, k\u0101 rezult\u0101t\u0101 degvielas pat\u0113ri\u0146\u0161 ir efekt\u012bv\u0101ks, produktivit\u0101te uzlabojas un ekspluat\u0101cijas izmaksas samazin\u0101s.<\/li>\n<\/ul>\n<p>FMP9.0-HL01 apa\u013co \u0137\u012bpu preses p\u0101rnesumk\u0101rba apvieno iztur\u012bbu, efektivit\u0101ti un daudzpus\u012bbu, lai nodro\u0161in\u0101tu optim\u0101lu veiktsp\u0113ju pras\u012bgos lauksaimniec\u012bbas darbos. Ar t\u0101d\u0101m funkcij\u0101m k\u0101 augsta griezes momenta transmisija, kompakts dizains, vienk\u0101r\u0161a apkope un zems trok\u0161\u0146a l\u012bmenis, t\u0101 ir ide\u0101la izv\u0113le lauksaimniekiem, kuri v\u0113las uzlabot savu pres\u0113\u0161anas darb\u012bbu efektivit\u0101ti un uzticam\u012bbu. Neatkar\u012bgi no t\u0101, vai to izmanto siena, salmu, sk\u0101bbar\u012bbas vai lauksaimniec\u012bbas atkritumu pres\u0113\u0161anai, FMP9.0-HL01 ir izstr\u0101d\u0101ts, lai atbilstu m\u016bsdienu lauksaimniec\u012bbas vajadz\u012bb\u0101m, pied\u0101v\u0101jot ilgsto\u0161u v\u0113rt\u012bbu un veiktsp\u0113ju.<\/p>\n<p><img loading=\"lazy\" decoding=\"async\" class=\"alignnone size-full wp-image-2505\" src=\"https:\/\/fmp-components.com\/wp-content\/uploads\/2025\/01\/Round-Baler-Gearbox-191-scaled.webp\" alt=\"\" width=\"2560\" height=\"1920\" title=\"\" srcset=\"https:\/\/fmp-components.com\/wp-content\/uploads\/2025\/01\/Round-Baler-Gearbox-191-scaled.webp 2560w, https:\/\/fmp-components.com\/wp-content\/uploads\/2025\/01\/Round-Baler-Gearbox-191-1280x960.webp 1280w, https:\/\/fmp-components.com\/wp-content\/uploads\/2025\/01\/Round-Baler-Gearbox-191-980x735.webp 980w, https:\/\/fmp-components.com\/wp-content\/uploads\/2025\/01\/Round-Baler-Gearbox-191-480x360.webp 480w\" sizes=\"(min-width: 0px) and (max-width: 480px) 480px, (min-width: 481px) and (max-width: 980px) 980px, (min-width: 981px) and (max-width: 1280px) 1280px, (min-width: 1281px) 2560px, 100vw\" \/><\/p>\n<h2>Apa\u013co \u0137\u012bpu preses p\u0101rnesumk\u0101rba FMP9.0-HL01 lauksaimniec\u012bbas vajadz\u012bb\u0101m<\/h2>\n<p>FMP9.0-HL01 apa\u013co \u0137\u012bpu preses p\u0101rnesumk\u0101rba ir iztur\u012bga un augstas veiktsp\u0113jas p\u0101rnesumk\u0101rba, kas \u012bpa\u0161i paredz\u0113ta lauksaimniec\u012bbas apa\u013co \u0137\u012bpu pres\u0113m. \u0160\u012b p\u0101rnesumk\u0101rba, kas izstr\u0101d\u0101ta maksim\u0101lai efektivit\u0101tei, iztur\u012bbai un daudzpus\u012bbai, ir ide\u0101li piem\u0113rota pla\u0161am pres\u0113\u0161anas pielietojumu kl\u0101stam, tostarp siena, salmu, sk\u0101bbar\u012bbas un citu lauksaimniec\u012bbas materi\u0101lu pres\u0113\u0161anai. T\u0101l\u0101k ir nor\u0101d\u012btas FMP9.0-HL01 p\u0101rnesumk\u0101rbas galven\u0101s iez\u012bmes un priek\u0161roc\u012bbas:<\/p>\n<h3>Augsta griezes momenta jauda lieljaudas lietojumiem<\/h3>\n<ul>\n<li>Funkcija: FMP9.0-HL01 ir paredz\u0113ts lielu griezes momentu slodz\u0113m, nodro\u0161inot efekt\u012bvu jaudas p\u0101rnesi uz pres\u0113\u0161anas meh\u0101nismu.<\/li>\n<li>Ieguvums: Tas \u013cauj p\u0101rnesumk\u0101rbai darboties smagos apst\u0101k\u013cos, viegli apstr\u0101d\u0101jot t\u0101dus cietus materi\u0101lus k\u0101 sk\u0101bbar\u012bbu, sienu un salmus, nodro\u0161inot vienm\u0113r\u012bgu pres\u0113\u0161anas procesu pat sare\u017e\u0123\u012btos apst\u0101k\u013cos.<\/li>\n<\/ul>\n<p><strong>Kompakts un efekt\u012bvs dizains<\/strong><\/p>\n<ul>\n<li>Funkcija: P\u0101rnesumk\u0101rbai ir kompakts dizains, kas padara to ide\u0101li piem\u0113rotu lieto\u0161anai \u0161aur\u0101s viet\u0101s, vienlaikus nodro\u0161inot jaud\u012bgu veiktsp\u0113ju.<\/li>\n<li>Ieguvums: T\u0101s telpu taupo\u0161\u0101 konstrukcija pal\u012bdz samazin\u0101t preses kop\u0113jo svaru, uzlabojot manevr\u0113tsp\u0113ju, nezaud\u0113jot veiktsp\u0113ju. T\u0101 ar\u012b pal\u012bdz optimiz\u0113t pres\u0113\u0161anas sist\u0113mas konstrukciju, padarot to efekt\u012bv\u0101ku.<\/li>\n<\/ul>\n<p><strong>Izcila iztur\u012bba un ilgm\u016b\u017e\u012bba<\/strong><\/p>\n<ul>\n<li>Funkcija: FMP9.0-HL01 p\u0101rnesumk\u0101rba, kas izgatavota no augstas kvalit\u0101tes materi\u0101liem un prec\u012bzas in\u017eenierijas, ir izstr\u0101d\u0101ta ilgsto\u0161ai veiktsp\u0113jai un uzticam\u012bbai.<\/li>\n<li>Ieguvums: P\u0101rnesumk\u0101rbas iztur\u012bg\u0101 konstrukcija nodro\u0161ina ilgu ekspluat\u0101cijas laiku, samazinot nepiecie\u0161am\u012bbu p\u0113c bie\u017eas apkopes vai nomai\u0146as, un nodro\u0161ina uzticamu servisu vair\u0101ku intens\u012bvas lieto\u0161anas sezonu laik\u0101.<\/li>\n<\/ul>\n<p><strong>Zems trok\u0161\u0146u un vibr\u0101cijas l\u012bmenis uzlabotam komfortam<\/strong><\/p>\n<ul>\n<li>Funkcija: FMP9.0-HL01 p\u0101rnesumk\u0101rba ir paredz\u0113ta darb\u012bbai ar zemu trok\u0161\u0146a l\u012bmeni un minim\u0101lu vibr\u0101ciju, samazinot trauc\u0113jumus darb\u012bbas laik\u0101.<\/li>\n<li>Ieguvums: Tas nodro\u0161ina klus\u0101ku darba vidi operatoram, uzlabojot komfortu un samazinot nogurumu ilgsto\u0161as \u200b\u200bpres\u0113\u0161anas laik\u0101, k\u0101 ar\u012b samazinot trok\u0161\u0146a pies\u0101r\u0146ojumu saimniec\u012bb\u0101.<\/li>\n<\/ul>\n<p><strong>Augstas efektivit\u0101tes jaudas p\u0101rne\u0161ana<\/strong><\/p>\n<ul>\n<li>Funkcija: P\u0101rnesumk\u0101rba ir paredz\u0113ta efekt\u012bvai jaudas p\u0101rne\u0161anai no traktora uz presi, nodro\u0161inot minim\u0101lus ener\u0123ijas zudumus.<\/li>\n<li>Ieguvums: Jaudas p\u0101rneses augst\u0101 efektivit\u0101te \u013cauj presei darboties optim\u0101li, ietaupot degvielas pat\u0113ri\u0146u un nodro\u0161inot izmaksu zi\u0146\u0101 efekt\u012bv\u0101ku darb\u012bbu.<\/li>\n<\/ul>\n<p>FMP9.0-HL01 apa\u013co \u0137\u012bpu preses p\u0101rnesumk\u0101rba ir augstas veiktsp\u0113jas un uzticama p\u0101rnesumk\u0101rba, kas paredz\u0113ta lauksaimniec\u012bbas vajadz\u012bb\u0101m. Pateicoties augstajai griezes momenta jaudai, efektivit\u0101tei, iztur\u012bbai un zemaj\u0101m apkopes pras\u012bb\u0101m, t\u0101 ir lieliska izv\u0113le lauksaimniekiem, kuri v\u0113las optimiz\u0113t apa\u013co \u0137\u012bpu pres\u0113\u0161anas darb\u012bbas. T\u0101s kompaktais dizains, vienm\u0113r\u012bg\u0101 darb\u012bba un uzlabot\u0101s funkcijas padara to par augst\u0101k\u0101s klases p\u0101rnesumk\u0101rbu, kas nodro\u0161ina izcilu veiktsp\u0113ju, ilgm\u016b\u017e\u012bbu un rentabilit\u0101ti, veicinot lauksaimniec\u012bbas pres\u0113\u0161anas uzdevumu visp\u0101r\u0113jos pan\u0101kumus.<\/p>\n<p><img loading=\"lazy\" decoding=\"async\" class=\"alignnone size-full wp-image-2503\" src=\"https:\/\/fmp-components.com\/wp-content\/uploads\/2025\/01\/Round-Baler-Gearbox-EP9.0-HL01-for-Agricultural-11.webp\" alt=\"Apa\u013co-preses-reduktors-FMP9.0-HL01-lauksaimniec\u012bbai-1(1)\" width=\"980\" height=\"653\" title=\"\" srcset=\"https:\/\/fmp-components.com\/wp-content\/uploads\/2025\/01\/Round-Baler-Gearbox-EP9.0-HL01-for-Agricultural-11.webp 980w, https:\/\/fmp-components.com\/wp-content\/uploads\/2025\/01\/Round-Baler-Gearbox-EP9.0-HL01-for-Agricultural-11-480x320.webp 480w\" sizes=\"(min-width: 0px) and (max-width: 480px) 480px, (min-width: 481px) 980px, 100vw\" \/><\/p>","protected":false},"excerpt":{"rendered":"<p>Round Baler Gearbox FMP9.0-HL01 Dimensions Round Baler Gearbox FMP9.0-HL01 Technical Data i Suitable Rpm input Rpm output KW(Nom) KW(Max) Toothing r\/min r\/min hp hp Decelerate 1.92:1 Round baler, harvester, etc 540 282 120 3000 Gleason Helical Teeth Remark: If you have any special require feel free let me know, we also accept custom. Round Baler [&hellip;]<\/p>","protected":false},"featured_media":2504,"comment_status":"open","ping_status":"closed","template":"","meta":{"_et_pb_use_builder":"","_et_pb_old_content":"","_et_gb_content_width":""},"product_brand":[],"product_cat":[59],"product_tag":[],"class_list":{"0":"post-2501","1":"product","2":"type-product","3":"status-publish","4":"has-post-thumbnail","6":"product_cat-round-baler-gearbox","8":"first","9":"instock","10":"shipping-taxable","11":"product-type-simple"},"_links":{"self":[{"href":"https:\/\/fmp-components.com\/lv\/wp-json\/wp\/v2\/product\/2501","targetHints":{"allow":["GET"]}}],"collection":[{"href":"https:\/\/fmp-components.com\/lv\/wp-json\/wp\/v2\/product"}],"about":[{"href":"https:\/\/fmp-components.com\/lv\/wp-json\/wp\/v2\/types\/product"}],"replies":[{"embeddable":true,"href":"https:\/\/fmp-components.com\/lv\/wp-json\/wp\/v2\/comments?post=2501"}],"wp:featuredmedia":[{"embeddable":true,"href":"https:\/\/fmp-components.com\/lv\/wp-json\/wp\/v2\/media\/2504"}],"wp:attachment":[{"href":"https:\/\/fmp-components.com\/lv\/wp-json\/wp\/v2\/media?parent=2501"}],"wp:term":[{"taxonomy":"product_brand","embeddable":true,"href":"https:\/\/fmp-components.com\/lv\/wp-json\/wp\/v2\/product_brand?post=2501"},{"taxonomy":"product_cat","embeddable":true,"href":"https:\/\/fmp-components.com\/lv\/wp-json\/wp\/v2\/product_cat?post=2501"},{"taxonomy":"product_tag","embeddable":true,"href":"https:\/\/fmp-components.com\/lv\/wp-json\/wp\/v2\/product_tag?post=2501"}],"curies":[{"name":"wp","href":"https:\/\/api.w.org\/{rel}","templated":true}]}}