{"id":2494,"date":"2025-01-02T02:23:31","date_gmt":"2025-01-02T02:23:31","guid":{"rendered":"https:\/\/fmp-components.com\/?page_id=8"},"modified":"2025-01-02T02:27:07","modified_gmt":"2025-01-02T02:27:07","slug":"round-baler-gearbox-fmp9-0-for-round-baler-and-harvester","status":"publish","type":"product","link":"https:\/\/fmp-components.com\/lv\/product\/round-baler-gearbox-fmp9-0-for-round-baler-and-harvester\/","title":{"rendered":"Riepu preses p\u0101rnesumk\u0101rba FMP9.0 rieppresei un kombainam"},"content":{"rendered":"<p><img loading=\"lazy\" decoding=\"async\" class=\"alignnone size-full wp-image-2498\" src=\"https:\/\/fmp-components.com\/wp-content\/uploads\/2025\/01\/Round-Baler-Gearbox-EP9.0-Components-and-Features1.webp\" alt=\"Apa\u013co-preses-reduktors-EP9.0-sast\u0101vda\u013cas-un-funkcijas(1)\" width=\"1140\" height=\"865\" title=\"\" srcset=\"https:\/\/fmp-components.com\/wp-content\/uploads\/2025\/01\/Round-Baler-Gearbox-EP9.0-Components-and-Features1.webp 1140w, https:\/\/fmp-components.com\/wp-content\/uploads\/2025\/01\/Round-Baler-Gearbox-EP9.0-Components-and-Features1-980x744.webp 980w, https:\/\/fmp-components.com\/wp-content\/uploads\/2025\/01\/Round-Baler-Gearbox-EP9.0-Components-and-Features1-480x364.webp 480w\" sizes=\"(min-width: 0px) and (max-width: 480px) 480px, (min-width: 481px) and (max-width: 980px) 980px, (min-width: 981px) 1140px, 100vw\" \/><\/p>\n<h2>Ripu preses reduktora FMP9.0 izm\u0113ri\u00a0<img loading=\"lazy\" decoding=\"async\" class=\"alignnone size-full wp-image-2497\" src=\"https:\/\/fmp-components.com\/wp-content\/uploads\/2025\/01\/Round-Baler-Gearbox-EP9.0-Dimensions-1.webp\" alt=\"Apa\u013co-\u0137\u012bpu-preses-reduktora-EP9.0-izm\u0113ri\" width=\"1381\" height=\"458\" title=\"\" srcset=\"https:\/\/fmp-components.com\/wp-content\/uploads\/2025\/01\/Round-Baler-Gearbox-EP9.0-Dimensions-1.webp 1381w, https:\/\/fmp-components.com\/wp-content\/uploads\/2025\/01\/Round-Baler-Gearbox-EP9.0-Dimensions-1-1280x425.webp 1280w, https:\/\/fmp-components.com\/wp-content\/uploads\/2025\/01\/Round-Baler-Gearbox-EP9.0-Dimensions-1-980x325.webp 980w, https:\/\/fmp-components.com\/wp-content\/uploads\/2025\/01\/Round-Baler-Gearbox-EP9.0-Dimensions-1-480x159.webp 480w\" sizes=\"(min-width: 0px) and (max-width: 480px) 480px, (min-width: 481px) and (max-width: 980px) 980px, (min-width: 981px) and (max-width: 1280px) 1280px, (min-width: 1281px) 1381px, 100vw\" \/><\/h2>\n<p><img loading=\"lazy\" decoding=\"async\" class=\"alignnone size-full wp-image-2496\" src=\"https:\/\/fmp-components.com\/wp-content\/uploads\/2025\/01\/Round-Baler-Gearbox-EP9.0-Dimensions-2.webp\" alt=\"Apa\u013co-\u0137\u012bpu-preses-reduktora-EP9.0-izm\u0113ri\" width=\"1363\" height=\"812\" title=\"\" srcset=\"https:\/\/fmp-components.com\/wp-content\/uploads\/2025\/01\/Round-Baler-Gearbox-EP9.0-Dimensions-2.webp 1363w, https:\/\/fmp-components.com\/wp-content\/uploads\/2025\/01\/Round-Baler-Gearbox-EP9.0-Dimensions-2-1280x763.webp 1280w, https:\/\/fmp-components.com\/wp-content\/uploads\/2025\/01\/Round-Baler-Gearbox-EP9.0-Dimensions-2-980x584.webp 980w, https:\/\/fmp-components.com\/wp-content\/uploads\/2025\/01\/Round-Baler-Gearbox-EP9.0-Dimensions-2-480x286.webp 480w\" sizes=\"(min-width: 0px) and (max-width: 480px) 480px, (min-width: 481px) and (max-width: 980px) 980px, (min-width: 981px) and (max-width: 1280px) 1280px, (min-width: 1281px) 1363px, 100vw\" \/><\/p>\n<h2>Ripu preses reduktora FMP9.0 tehniskie dati<\/h2>\n<table style=\"width: 100.25%; height: 134px;\" border=\"1\" cellspacing=\"0\" cellpadding=\"0\">\n<tbody>\n<tr>\n<td colspan=\"2\" rowspan=\"2\">es<\/td>\n<td rowspan=\"2\">Piem\u0113rots<\/td>\n<td>Apgriezienu skaita ievade<\/td>\n<td>Apgriezienu skaita izeja<\/td>\n<td>kW (nomin\u0101l\u0101)<\/td>\n<td>kW (maks.)<\/td>\n<td rowspan=\"2\">Zobu veido\u0161an\u0101s<\/td>\n<\/tr>\n<tr>\n<td>apgr.\/min<\/td>\n<td>apgr.\/min<\/td>\n<td>ZS<\/td>\n<td>ZS<\/td>\n<\/tr>\n<tr>\n<td>Pal\u0113nin\u0101t<\/td>\n<td>1.92:1<\/td>\n<td>Ripu prese,<br \/>\nkombains utt.<\/td>\n<td>540<\/td>\n<td>282<\/td>\n<td>120<\/td>\n<td>3000<\/td>\n<td>Gl\u012bsona spir\u0101lveida<br \/>\nZobi<\/td>\n<\/tr>\n<tr>\n<td colspan=\"8\">Piez\u012bme: Ja jums ir k\u0101das \u012bpa\u0161as pras\u012bbas, nekautr\u0113jieties man pazi\u0146ot, m\u0113s pie\u0146emam ar\u012b pas\u016bt\u012bjumu.<\/td>\n<\/tr>\n<\/tbody>\n<\/table>\n<h3>Ripu preses reduktora FMP9.0 sast\u0101vda\u013cas un funkcijas<\/h3>\n<p>FMP9.0 apa\u013co \u0137\u012bpu preses p\u0101rnesumk\u0101rba ir \u012bpa\u0161i izstr\u0101d\u0101ta izmanto\u0161anai lauksaimniec\u012bbas pres\u0113\u0161anas darbos, pied\u0101v\u0101jot augstu uzticam\u012bbu un izcilu veiktsp\u0113ju. T\u0101 ir izstr\u0101d\u0101ta, lai iztur\u0113tu pres\u0113\u0161anas tehnikas sare\u017e\u0123\u012btos apst\u0101k\u013cus, vienlaikus nodro\u0161inot optim\u0101lu jaudas p\u0101rvadi un iztur\u012bbu. T\u0101l\u0101k ir nor\u0101d\u012btas FMP9.0 p\u0101rnesumk\u0101rbas galven\u0101s sast\u0101vda\u013cas un funkcijas:<\/p>\n<p><strong>P\u0101rnesumk\u0101rbas korpuss<\/strong><\/p>\n<ul>\n<li>Materi\u0101ls: FMP9.0 p\u0101rnesumk\u0101rbas korpuss parasti ir izgatavots no augstas stipr\u012bbas \u010duguna vai t\u0113rauda, \u200b\u200bkas nodro\u0161ina iztur\u012bbu un ilgsto\u0161u kalpo\u0161anas laiku liel\u0101s ekspluat\u0101cijas slodz\u0113s.<\/li>\n<li>Konstrukcija: Korpuss ir konstru\u0113ts t\u0101, lai tas b\u016btu kompakts un iztur\u012bgs pret \u0101r\u0113ju nodilumu un koroziju, nodro\u0161inot iek\u0161\u0113jo komponentu aizsardz\u012bbu un uzticamu darb\u012bbu skarbos lauksaimniec\u012bbas apst\u0101k\u013cos.<\/li>\n<\/ul>\n<p>Funkcija: Iztur\u012bba un aizsardz\u012bba<br \/>\nNodro\u0161ina p\u0101rnesumk\u0101rbas ilgm\u016b\u017e\u012bbu, aizsarg\u0101jot iek\u0161\u0113j\u0101s deta\u013cas no nodiluma, korozijas un triecieniem.<\/p>\n<p><strong>Zobrati un p\u0101rnesumu meh\u0101nismi<\/strong><\/p>\n<ul>\n<li>Augstas precizit\u0101tes zobrati: FMP9.0 p\u0101rnesumk\u0101rba ir apr\u012bkota ar prec\u012bzi grieztiem zobratiem, kas izgatavoti no augstas kvalit\u0101tes materi\u0101liem, parasti no cement\u0113ta t\u0113rauda vai le\u0123\u0113t\u0101 t\u0113rauda. \u0160ie zobrati ir paredz\u0113ti efekt\u012bvai jaudas p\u0101rvadei un iztur\u0113s ru\u013c\u013cu presu augst\u0101s griezes momenta pras\u012bbas.<\/li>\n<li>P\u0101rnesumu skait\u013ci: P\u0101rnesumk\u0101rbai ir \u012bpa\u0161i p\u0101rnesumu skait\u013ci (piem\u0113ram, 1:3, 1:4 utt.), kas ir optimiz\u0113ti v\u0113lamajam izejas \u0101trumam un griezes momentam, nodro\u0161inot l\u012bdzsvaru starp jaudu un efektivit\u0101ti pres\u0113\u0161anas proces\u0101.<\/li>\n<\/ul>\n<p>Funkcija: Augstas veiktsp\u0113jas jaudas p\u0101rraide<br \/>\nNodro\u0161ina vienm\u0113r\u012bgu darb\u012bbu un maksim\u0101li palielina pres\u0113\u0161anas iek\u0101rtu efektivit\u0101ti, samazinot ener\u0123ijas pat\u0113ri\u0146u un nodilumu.<\/p>\n<p><strong>Gult\u0146i un v\u0101rpstas<\/strong><\/p>\n<ul>\n<li>Iztur\u012bgi gult\u0146i: FMP9.0 p\u0101rnesumk\u0101rb\u0101 ir ieb\u016bv\u0113ti augstas kvalit\u0101tes gult\u0146i, kas parasti ir izgatavoti no hrom\u0113ta t\u0113rauda vai keramikas materi\u0101liem, lai samazin\u0101tu berzi un nodro\u0161in\u0101tu vienm\u0113r\u012bgu zobratu grie\u0161anos.<\/li>\n<li>V\u0101rpstas konstrukcija: V\u0101rpstas ir iztur\u012bgas, lai p\u0101rs\u016bt\u012btu jaudu no j\u016bgv\u0101rpstas (jaudas no\u0146em\u0161anas v\u0101rpstas) uz da\u017e\u0101d\u0101m preses sast\u0101vda\u013c\u0101m, piem\u0113ram, padev\u0113ju un bl\u012bv\u0113\u0161anas sist\u0113m\u0101m. T\u0101s ir paredz\u0113tas \u0101trgaitas rot\u0101cijas un lielu kravu iztur\u0113\u0161anai.<\/li>\n<\/ul>\n<p>Funkcija: vienm\u0113r\u012bga darb\u012bba un liela slodzes iztur\u012bba<br \/>\nNodro\u0161ina klusu darb\u012bbu un samazina vibr\u0101ciju, t\u0101d\u0113j\u0101di veicinot p\u0101rnesumk\u0101rbas un preses ilgm\u016b\u017e\u012bbu.<\/p>\n<p><strong>E\u013c\u013co\u0161anas sist\u0113ma<\/strong><\/p>\n<ul>\n<li>Autom\u0101tisk\u0101 e\u013c\u013co\u0161ana: FMP9.0 p\u0101rnesumk\u0101rba ir apr\u012bkota ar uzlabotu e\u013c\u013co\u0161anas sist\u0113mu, kas nodro\u0161ina optim\u0101lu e\u013c\u013cas cirkul\u0101ciju vis\u0101 p\u0101rnesumk\u0101rb\u0101. T\u0101 pal\u012bdz samazin\u0101t berzi, atdzes\u0113 iek\u0161\u0113j\u0101s deta\u013cas un nov\u0113r\u0161 priek\u0161laic\u012bgu nodilumu.<\/li>\n<li>E\u013c\u013cas bl\u012bvsl\u0113gi: Lai nov\u0113rstu nopl\u016bdes, tiek izmantoti augstas kvalit\u0101tes e\u013c\u013cas bl\u012bvsl\u0113gi, nodro\u0161inot, ka e\u013c\u013co\u0161ana paliek neskarta, kas pagarina p\u0101rnesumk\u0101rbas kalpo\u0161anas laiku.<\/li>\n<\/ul>\n<p>Funkcija: Optim\u0101la e\u013c\u013co\u0161ana ilgm\u016b\u017e\u012bbai<br \/>\nSamazina iek\u0161\u0113jo komponentu nodilumu, nodro\u0161inot vienm\u0113r\u012bgu darb\u012bbu un samazinot nepiecie\u0161am\u012bbu p\u0113c bie\u017eas apkopes.<\/p>\n<p><strong>Izejas atloks un j\u016bgv\u0101rpstas savienojums<\/strong><\/p>\n<ul>\n<li>J\u016bgv\u0101rpstas savienojums: FMP9.0 p\u0101rnesumk\u0101rbai ir j\u016bgv\u0101rpstas savienojums, kas savienojas ar traktora j\u016bgv\u0101rpstas sist\u0113mu. Izejas atloks ir paredz\u0113ts dro\u0161ai piestiprin\u0101\u0161anai pie pres\u0113\u0161anas iek\u0101rtas, nodro\u0161inot dro\u0161u un efekt\u012bvu jaudas p\u0101rnesi.<\/li>\n<li>Dro\u0161\u012bbas funkcijas: P\u0101rnesumk\u0101rb\u0101 ir ieb\u016bv\u0113ti dro\u0161\u012bbas meh\u0101nismi, lai nov\u0113rstu tehnikas boj\u0101jumus p\u0113k\u0161\u0146as p\u0101rslodzes vai nepareizas izl\u012bdzin\u0101\u0161anas gad\u012bjum\u0101. \u0160\u012bs dro\u0161\u012bbas funkcijas pal\u012bdz aizsarg\u0101t gan p\u0101rnesumk\u0101rbu, gan traktoru no iesp\u0113jamiem boj\u0101jumiem.<\/li>\n<\/ul>\n<p>Funkcija: dro\u0161a ener\u0123ijas p\u0101rvade un dro\u0161\u012bba<br \/>\nNodro\u0161ina dro\u0161u un stabilu savienojumu starp traktoru un presi, samazinot meh\u0101nisku boj\u0101jumu risku un uzlabojot darba dro\u0161\u012bbu.<\/p>\n<p>FMP9.0 apa\u013co preses p\u0101rnesumk\u0101rba ir izstr\u0101d\u0101ta, lai nodro\u0161in\u0101tu augstu veiktsp\u0113ju un uzticam\u012bbu lauksaimniec\u012bbas pres\u0113\u0161anas darbos. Pateicoties iztur\u012bbai, efekt\u012bvai jaudas p\u0101rvadei un optimiz\u0113tai e\u013c\u013co\u0161anai paredz\u0113taj\u0101m deta\u013c\u0101m, FMP9.0 nodro\u0161ina vienm\u0113r\u012bgu un efekt\u012bvu pres\u0113\u0161anas darb\u012bbu pat pie liel\u0101m slodz\u0113m. T\u0101s iztur\u012bg\u0101 konstrukcija, dro\u0161\u012bbas funkcijas un apkopei draudz\u012bgais dizains padara to par lielisku izv\u0113li pras\u012bg\u0101m lauksaimniec\u012bbas vid\u0113m, nodro\u0161inot gan uzticam\u012bbu, gan sirdsmieru operatoriem.<\/p>\n<p><img loading=\"lazy\" decoding=\"async\" class=\"alignnone size-full wp-image-2499\" src=\"https:\/\/fmp-components.com\/wp-content\/uploads\/2025\/01\/Round-Baler-Gearbox-EP9.0-Applications-Area1-scaled.webp\" alt=\"Apa\u013co-preses-reduktors-EP9.0-lieto\u0161anas-zona(1)\" width=\"2560\" height=\"1461\" title=\"\" srcset=\"https:\/\/fmp-components.com\/wp-content\/uploads\/2025\/01\/Round-Baler-Gearbox-EP9.0-Applications-Area1-scaled.webp 2560w, https:\/\/fmp-components.com\/wp-content\/uploads\/2025\/01\/Round-Baler-Gearbox-EP9.0-Applications-Area1-1280x731.webp 1280w, https:\/\/fmp-components.com\/wp-content\/uploads\/2025\/01\/Round-Baler-Gearbox-EP9.0-Applications-Area1-980x559.webp 980w, https:\/\/fmp-components.com\/wp-content\/uploads\/2025\/01\/Round-Baler-Gearbox-EP9.0-Applications-Area1-480x274.webp 480w\" sizes=\"(min-width: 0px) and (max-width: 480px) 480px, (min-width: 481px) and (max-width: 980px) 980px, (min-width: 981px) and (max-width: 1280px) 1280px, (min-width: 1281px) 2560px, 100vw\" \/><\/p>\n<h2>Apa\u013co \u0137\u012bpu preses p\u0101rnesumk\u0101rba FMP9.0 pielietojuma zona<\/h2>\n<p>FMP9.0 apa\u013co \u0137\u012bpu preses p\u0101rnesumk\u0101rba ir paredz\u0113ta augstas veiktsp\u0113jas lieto\u0161anai pla\u0161\u0101 lauksaimniec\u012bbas pielietojumu kl\u0101st\u0101. T\u0101s robust\u0101 konstrukcija, efekt\u012bv\u0101 jaudas p\u0101rvade un ilgm\u016b\u017e\u012bba padara to ide\u0101li piem\u0113rotu lieto\u0161anai pras\u012bg\u0101s pres\u0113\u0161anas iek\u0101rt\u0101s. T\u0101l\u0101k ir nor\u0101d\u012btas galven\u0101s jomas, kur\u0101s FMP9.0 p\u0101rnesumk\u0101rba tiek pla\u0161i izmantota:<\/p>\n<p><strong>Siena un salmu pres\u0113\u0161ana<\/strong><\/p>\n<ul>\n<li>Pielietojums: FMP9.0 p\u0101rnesumk\u0101rba tiek pla\u0161i izmantota siena un salmu pres\u0113s, kur tai ir iz\u0161\u0137iro\u0161a noz\u012bme siena vai salmu saspie\u0161an\u0101 un iesie\u0161an\u0101 vien\u0101dos \u0137\u012bp\u0101s, lai tos b\u016btu viegli apstr\u0101d\u0101t un uzglab\u0101t.<\/li>\n<li>Ieguvums: P\u0101rnesumk\u0101rba nodro\u0161ina efekt\u012bvu jaudas p\u0101rnesi uz preses padev\u0113ju un bl\u012bv\u0113\u0161anas meh\u0101nismiem, nodro\u0161inot vienm\u0113r\u012bgu ru\u013c\u013ca veido\u0161anos pat main\u012bgos slodzes apst\u0101k\u013cos.<\/li>\n<\/ul>\n<p>Funkcija: Augsta efektivit\u0101te pres\u0113\u0161anas oper\u0101cij\u0101s<br \/>\nUzlabo sp\u0113ju ra\u017eot vien\u0101dus ru\u013c\u013cus, nodro\u0161inot minim\u0101lus atkritumus un maksim\u0101li palielinot produktivit\u0101ti siena un salmu nov\u0101k\u0161anas laik\u0101.<\/p>\n<p><strong>Sk\u0101bbar\u012bbas pres\u0113\u0161ana<\/strong><\/p>\n<ul>\n<li>Lietojums: FMP9.0 p\u0101rnesumk\u0101rba tiek izmantota ar\u012b sk\u0101bbar\u012bbas pres\u0113\u0161an\u0101, kur t\u0101 pal\u012bdz saspiest sasmalcin\u0101tu lopbar\u012bbu (piem\u0113ram, kukur\u016bzu vai z\u0101li) \u0137\u012bp\u0101s ferment\u0101cijai un uzglab\u0101\u0161anai k\u0101 lopbar\u012bbai.<\/li>\n<li>Ieguvums: P\u0101rnesumk\u0101rba nodro\u0161ina uzticamu veiktsp\u0113ju sare\u017e\u0123\u012btos apst\u0101k\u013cos, tiekot gal\u0101 ar smag\u0101m krav\u0101m un \u0101trgaitas darb\u012bb\u0101m, kas nepiecie\u0161amas sk\u0101bbar\u012bbas sav\u0101k\u0161anai, samazinot d\u012bkst\u0101ves laiku un uzlabojot darb\u012bbas efektivit\u0101ti.<\/li>\n<\/ul>\n<p>Funkcija: Uzticama darb\u012bba pie liel\u0101m slodz\u0113m<br \/>\nNodro\u0161ina vienm\u0113r\u012bgu darb\u012bbu pat ar mitriem materi\u0101liem, piem\u0113ram, sk\u0101bbar\u012bbu, t\u0101d\u0113j\u0101di veicinot nemain\u012bgu ra\u017e\u012bbu un ilgtermi\u0146a iztur\u012bbu.<\/p>\n<p><strong>Lauksaimniec\u012bbas atkritumu p\u0101rstr\u0101de<\/strong><\/p>\n<ul>\n<li>Lietojums: P\u0101rnesumk\u0101rba ir b\u016btiska apa\u013co ru\u013c\u013cu pres\u0113m, ko izmanto lauksaimniec\u012bbas atkritumu p\u0101rstr\u0101d\u0113, pal\u012bdzot sabl\u012bv\u0113t un saist\u012bt organiskos atkritumus viegli p\u0101rvald\u0101m\u0101s \u0137\u012bp\u0101s kompost\u0113\u0161anai vai utiliz\u0101cijai.<\/li>\n<li>Ieguvums: FMP9.0 p\u0101rnesumk\u0101rba \u013cauj pres\u0113m efekt\u012bvi apstr\u0101d\u0101t da\u017e\u0101dus organiskos materi\u0101lus, palielinot p\u0101rstr\u0101des oper\u0101ciju daudzpus\u012bbu saimniec\u012bb\u0101s un liel\u0101s lauksaimniec\u012bbas uz\u0146\u0113mumos.<\/li>\n<\/ul>\n<p>Funkcija: Daudzpus\u012bba lauksaimniec\u012bbas atkritumu apstr\u0101d\u0113<br \/>\nNodro\u0161ina da\u017e\u0101du organisko atkritumu produktu uzticamu un efekt\u012bvu pres\u0113\u0161anu, atbalstot ilgtsp\u0113j\u012bbas centienus un atkritumu apsaimnieko\u0161anu lauksaimniec\u012bb\u0101.<\/p>\n<p><strong>Liela m\u0113roga lauksaimniec\u012bba un lopkop\u012bba<\/strong><\/p>\n<ul>\n<li>Lietojums: Liela m\u0113roga saimniec\u012bb\u0101s vai lopkop\u012bbas saimniec\u012bb\u0101s FMP9.0 p\u0101rnesumk\u0101rba bie\u017ei tiek izmantota lielas ietilp\u012bbas pres\u0113s, lai sara\u017eotu lielu daudzumu siena, salmu vai sk\u0101bbar\u012bbas m\u0101jlopu baro\u0161anai.<\/li>\n<li>Ieguvums: T\u0101 iztur\u012bba un uzticam\u012bba ir b\u016btiska, lai nodro\u0161in\u0101tu liela m\u0113roga darb\u012bbu netrauc\u0113tu norisi, samazin\u0101tu d\u012bkst\u0101ves laiku un palielin\u0101tu ra\u017e\u012bbu ra\u017eas nov\u0101k\u0161anas sezon\u0101s.<\/li>\n<\/ul>\n<p>Funkcija: Iztur\u012bba liela apjoma ra\u017eo\u0161anai<br \/>\nIde\u0101li piem\u0113rota lieliem darbiem, FMP9.0 p\u0101rnesumk\u0101rba tiek gal\u0101 ar smagiem darbiem, nodro\u0161inot augstu produktivit\u0101ti un minim\u0101las apkopes vajadz\u012bbas.<\/p>\n<p><strong>Komerci\u0101lie siena un lopbar\u012bbas pakalpojumi<\/strong><\/p>\n<ul>\n<li>Pielietojums: Daudzi komerci\u0101li siena un lopbar\u012bbas pakalpojumu sniedz\u0113ji sav\u0101 presu park\u0101 izmanto FMP9.0 p\u0101rnesumk\u0101rbu, lai apmierin\u0101tu da\u017e\u0101du klientu, s\u0101kot no maz\u0101m \u0123imenes saimniec\u012bb\u0101m l\u012bdz liel\u0101kiem komerci\u0101liem uz\u0146\u0113mumiem, pras\u012bbas.<\/li>\n<li>Ieguvums: P\u0101rnesumk\u0101rbas efekt\u012bv\u0101 jaudas p\u0101rne\u0161ana un vienk\u0101r\u0161\u0101 apkope padara to par ide\u0101lu izv\u0113li pakalpojumu sniedz\u0113jiem, kuriem nepiecie\u0161ams uzticams, augstas veiktsp\u0113jas apr\u012bkojums da\u017e\u0101du veidu lopbar\u012bbas un pres\u0113\u0161anas apst\u0101k\u013cu apstr\u0101dei.<\/li>\n<\/ul>\n<p>Funkcija: Uzticams un uz pakalpojumiem orient\u0113ts dizains<br \/>\nAtbalsta pakalpojumu sniedz\u0113jus, pied\u0101v\u0101jot uzticam\u012bbu un lieto\u0161anas \u0113rtumu, nodro\u0161inot, ka klienti past\u0101v\u012bgi sa\u0146em augstas kvalit\u0101tes \u0137\u012bpas.<\/p>\n<p><strong>Bioener\u0123ijas ra\u017eo\u0161ana<\/strong><\/p>\n<ul>\n<li>Lietojums: FMP9.0 p\u0101rnesumk\u0101rba tiek izmantota pres\u0113s, kas ra\u017eo biomasas \u0137\u012bpas bioener\u0123ijas ra\u017eo\u0161anai, p\u0101rv\u0113r\u0161ot organiskos materi\u0101lus, piem\u0113ram, salmus vai z\u0101li, degviel\u0101 ener\u0123ijas ra\u017eo\u0161anai.<\/li>\n<li>Ieguvums: P\u0101rnesumk\u0101rba nodro\u0161ina efekt\u012bvu jaudas p\u0101rvadi pres\u0113\u0161anas proces\u0101, pal\u012bdzot ra\u017eot vien\u0101dus ru\u013c\u013cus, kurus var viegli p\u0101rstr\u0101d\u0101t bioener\u0123ij\u0101.<\/li>\n<\/ul>\n<p>Mot\u012bvs: Ilgtsp\u0113j\u012bba un energoefektivit\u0101te<br \/>\nAtbalsta ilgtsp\u0113j\u012bgu praksi bioener\u0123ijas nozar\u0113, nodro\u0161inot efekt\u012bvu atjaunojamo organisko materi\u0101lu pres\u0113\u0161anu ener\u0123ijas ra\u017eo\u0161anai.<\/p>\n<p>FMP9.0 apa\u013co preses reduktors galvenok\u0101rt tiek izmantots siena, salmu, sk\u0101bbar\u012bbas, lauksaimniec\u012bbas atkritumu p\u0101rstr\u0101des, liela m\u0113roga lauksaimniec\u012bbas un bioener\u0123ijas ra\u017eo\u0161anas nozar\u0113s. T\u0101 iztur\u012bbas, uzticam\u012bbas un augstas efektivit\u0101tes veiktsp\u0113jas kombin\u0101cija padara to par lielisku izv\u0113li da\u017e\u0101diem lauksaimniec\u012bbas un r\u016bpniec\u012bbas lietojumiem, nodro\u0161inot augstas kvalit\u0101tes rezult\u0101tus un atbalstot efekt\u012bvu pres\u0113\u0161anas iek\u0101rtu darb\u012bbu da\u017e\u0101d\u0101s nozar\u0113s.<\/p>\n<p><img loading=\"lazy\" decoding=\"async\" class=\"alignnone size-full wp-image-2500\" src=\"https:\/\/fmp-components.com\/wp-content\/uploads\/2025\/01\/Round-Baler-Gearbox-131-scaled.webp\" alt=\"Apa\u013co-preses-reduktors-13(1)\" width=\"2560\" height=\"1459\" title=\"\" srcset=\"https:\/\/fmp-components.com\/wp-content\/uploads\/2025\/01\/Round-Baler-Gearbox-131-scaled.webp 2560w, https:\/\/fmp-components.com\/wp-content\/uploads\/2025\/01\/Round-Baler-Gearbox-131-1280x730.webp 1280w, https:\/\/fmp-components.com\/wp-content\/uploads\/2025\/01\/Round-Baler-Gearbox-131-980x559.webp 980w, https:\/\/fmp-components.com\/wp-content\/uploads\/2025\/01\/Round-Baler-Gearbox-131-480x274.webp 480w\" sizes=\"(min-width: 0px) and (max-width: 480px) 480px, (min-width: 481px) and (max-width: 980px) 980px, (min-width: 981px) and (max-width: 1280px) 1280px, (min-width: 1281px) 2560px, 100vw\" \/><\/p>\n<h3>Par FMP<\/h3>\n<p>FMP galven\u0101 m\u012btne atrodas It\u0101lij\u0101, un tas ir vado\u0161ais ra\u017eot\u0101js, kas paz\u012bstams ar savu pieredzi augstas veiktsp\u0113jas p\u0101rnesumk\u0101rbu projekt\u0113\u0161an\u0101, izstr\u0101d\u0113 un ra\u017eo\u0161an\u0101, \u012bpa\u0161i koncentr\u0113joties uz lauksaimniec\u012bbas tehnikas sektoru. Ar prec\u012bzas in\u017eenierijas, inovat\u012bvu risin\u0101jumu un nelok\u0101mas uzticam\u012bbas reput\u0101ciju FMP ir k\u013cuvis par uzticamu partneri, kas risina gan lauksaimniec\u012bbas, gan r\u016bpniec\u012bbas sektora main\u012bg\u0101s vajadz\u012bbas. M\u016bsu daudzveid\u012bgais produktu kl\u0101sts ietver specializ\u0113tas p\u0101rnesumk\u0101rbas z\u0101les p\u013c\u0101v\u0113jiem, j\u016bgv\u0101rpstas un citas svar\u012bgas sast\u0101vda\u013cas, kas visas ir r\u016bp\u012bgi izstr\u0101d\u0101tas, lai nodro\u0161in\u0101tu piel\u0101gotus risin\u0101jumus pla\u0161am pielietojumu kl\u0101stam.<\/p>\n<p>Uz\u0146\u0113mum\u0101 FMP m\u0113s saprotam, ka katram klientam ir unik\u0101las pras\u012bbas un izaicin\u0101jumi. T\u0101p\u0113c m\u0113s specializ\u0113jamies piel\u0101gotu risin\u0101jumu pied\u0101v\u0101\u0161an\u0101, neatkar\u012bgi no t\u0101, vai tie attiecas uz atsevi\u0161\u0137\u0101m komponent\u0113m vai piln\u012bb\u0101 integr\u0113t\u0101m sist\u0113m\u0101m. M\u0113s cie\u0161i sadarbojamies ar saviem klientiem, lai nodro\u0161in\u0101tu, ka katrs risin\u0101jums ir ne tikai efekt\u012bvs, bet ar\u012b lietder\u012bgs, optimiz\u0113jot gan veiktsp\u0113ju, gan v\u0113rt\u012bbu. M\u016bsu ap\u0146em\u0161an\u0101s sniegt \u0101tras un profesion\u0101las atbildes apvienojum\u0101 ar ekspertu nor\u0101d\u012bjumiem nodro\u0161ina, ka katrs piepras\u012bjums tiek apstr\u0101d\u0101ts ar visliel\u0101ko r\u016bp\u012bbu un precizit\u0101ti, t\u0101d\u0113j\u0101di sasniedzot vislab\u0101kos iesp\u0113jamos rezult\u0101tus.<\/p>\n<p>M\u0113s priorit\u0101ri izvirz\u0101m atv\u0113rtu un nep\u0101rtrauktu komunik\u0101ciju vis\u0101 produktu izstr\u0101des proces\u0101. M\u016bsu \u012bpa\u0161i izveidot\u0101 komanda str\u0101d\u0101 tie\u0161i ar klientiem, lai piln\u012bb\u0101 izprastu vi\u0146u \u012bpa\u0161\u0101s vajadz\u012bbas, pied\u0101v\u0101jot v\u0113rt\u012bgas atzi\u0146as un ieteikumus, lai nodro\u0161in\u0101tu optim\u0101lus risin\u0101jumus. Neatkar\u012bgi no t\u0101, vai izstr\u0101d\u0101jam inovat\u012bvus produktus vai izpild\u0101m past\u0101v\u012bgus pas\u016bt\u012bjumus, FMP ir ap\u0146\u0113musies vienm\u0113r savlaic\u012bgi pieg\u0101d\u0101t augstas kvalit\u0101tes, prec\u012bzi izstr\u0101d\u0101tus risin\u0101jumus. M\u016bsu m\u0113r\u0137is ir nodro\u0161in\u0101t klientiem vislab\u0101ko apkalpo\u0161anu un rezult\u0101tus, p\u0101rsniedzot cer\u012bbas katr\u0101 projekt\u0101.<\/p>\n<p>Kvalit\u0101te ir FMP darb\u012bbas st\u016brakmens. M\u0113s iev\u0113rojam augst\u0101kos ra\u017eo\u0161anas standartus, ievie\u0161ot stingrus kvalit\u0101tes kontroles pas\u0101kumus, lai nodro\u0161in\u0101tu, ka katrs produkts ne tikai atbilst, bet ar\u012b p\u0101rsniedz nozares standartus. \u0160\u012b nelok\u0101m\u0101 ap\u0146em\u0161an\u0101s nodro\u0161in\u0101t kvalit\u0101ti apvienojum\u0101 ar m\u016bsu pamatv\u0113rt\u012bb\u0101m \u2013 integrit\u0101ti, komandas darbu un neatlaid\u012bbu \u2013 ir \u013c\u0101vusi mums veidot ilgsto\u0161as, uz uztic\u012bbu balst\u012btas attiec\u012bbas ar klientiem gandr\u012bz 30 valst\u012bs vis\u0101 pasaul\u0113.<\/p>\n<p>FMP vienm\u0113r ir atv\u0113rts glob\u0101lu partner\u012bbu veido\u0161anai un joproj\u0101m ir ap\u0146\u0113mies pied\u0101v\u0101t ekspertu padomus un piel\u0101gotus risin\u0101jumus, kas atbilst m\u016bsu klientu da\u017e\u0101daj\u0101m vajadz\u012bb\u0101m. M\u0113s nepied\u0101v\u0101jam tikai produktus; m\u016bsu m\u0113r\u0137is ir veidot ilgsto\u0161as \u200b\u200battiec\u012bbas, kas veicina katra projekta pan\u0101kumus. Neatkar\u012bgi no t\u0101, vai jums ir nepiecie\u0161ami inovat\u012bvi risin\u0101jumi jaunai iniciat\u012bvai vai past\u0101v\u012bgs atbalsts eso\u0161ai sist\u0113mai, FMP ir \u0161eit, lai risin\u0101tu j\u016bsu tehnisk\u0101s probl\u0113mas un nodro\u0161in\u0101tu j\u016bsu turpm\u0101kos pan\u0101kumus.<\/p>\n<p><img loading=\"lazy\" decoding=\"async\" class=\"alignnone size-full wp-image-1861\" src=\"https:\/\/fmp-components.com\/wp-content\/uploads\/2024\/12\/Other-Agricultural-Gearboxes.webp\" sizes=\"(min-width: 0px) and (max-width: 480px) 480px, (min-width: 481px) and (max-width: 980px) 980px, (min-width: 981px) 1200px, 100vw\" srcset=\"https:\/\/fmp-components.com\/wp-content\/uploads\/2024\/12\/Other-Agricultural-Gearboxes.webp 1200w, https:\/\/fmp-components.com\/wp-content\/uploads\/2024\/12\/Other-Agricultural-Gearboxes-980x1143.webp 980w, https:\/\/fmp-components.com\/wp-content\/uploads\/2024\/12\/Other-Agricultural-Gearboxes-480x560.webp 480w\" alt=\"Altri-cambi-agricoli\" width=\"1200\" height=\"1400\" title=\"\"><\/p>\n<p>Autors: CX<\/p>\n<p>&nbsp;<\/p>","protected":false},"excerpt":{"rendered":"<p>Round Baler Gearbox FMP9.0 Dimensions\u00a0 Round Baler Gearbox FMP9.0 Technical Data i Suitable Rpm input Rpm output KW(Nom) KW(Max) Toothing r\/min r\/min hp hp Decelerate 1.92:1 Round baler, harvester, etc 540 282 120 3000 Gleason Helical Teeth Remark: If you have any special require feel free let me know, we also accept custom. Round Baler [&hellip;]<\/p>","protected":false},"featured_media":2502,"comment_status":"open","ping_status":"closed","template":"","meta":{"_et_pb_use_builder":"","_et_pb_old_content":"","_et_gb_content_width":""},"product_brand":[],"product_cat":[59],"product_tag":[],"class_list":{"0":"post-2494","1":"product","2":"type-product","3":"status-publish","4":"has-post-thumbnail","6":"product_cat-round-baler-gearbox","8":"first","9":"instock","10":"shipping-taxable","11":"product-type-simple"},"_links":{"self":[{"href":"https:\/\/fmp-components.com\/lv\/wp-json\/wp\/v2\/product\/2494","targetHints":{"allow":["GET"]}}],"collection":[{"href":"https:\/\/fmp-components.com\/lv\/wp-json\/wp\/v2\/product"}],"about":[{"href":"https:\/\/fmp-components.com\/lv\/wp-json\/wp\/v2\/types\/product"}],"replies":[{"embeddable":true,"href":"https:\/\/fmp-components.com\/lv\/wp-json\/wp\/v2\/comments?post=2494"}],"wp:featuredmedia":[{"embeddable":true,"href":"https:\/\/fmp-components.com\/lv\/wp-json\/wp\/v2\/media\/2502"}],"wp:attachment":[{"href":"https:\/\/fmp-components.com\/lv\/wp-json\/wp\/v2\/media?parent=2494"}],"wp:term":[{"taxonomy":"product_brand","embeddable":true,"href":"https:\/\/fmp-components.com\/lv\/wp-json\/wp\/v2\/product_brand?post=2494"},{"taxonomy":"product_cat","embeddable":true,"href":"https:\/\/fmp-components.com\/lv\/wp-json\/wp\/v2\/product_cat?post=2494"},{"taxonomy":"product_tag","embeddable":true,"href":"https:\/\/fmp-components.com\/lv\/wp-json\/wp\/v2\/product_tag?post=2494"}],"curies":[{"name":"wp","href":"https:\/\/api.w.org\/{rel}","templated":true}]}}