{"id":2486,"date":"2025-01-02T01:55:50","date_gmt":"2025-01-02T01:55:50","guid":{"rendered":"https:\/\/fmp-components.com\/?page_id=8"},"modified":"2025-01-02T01:59:39","modified_gmt":"2025-01-02T01:59:39","slug":"round-baler-gearbox-fmp250-yj-for-round-baler-and-harvester","status":"publish","type":"product","link":"https:\/\/fmp-components.com\/lv\/product\/round-baler-gearbox-fmp250-yj-for-round-baler-and-harvester\/","title":{"rendered":"Riepu preses p\u0101rnesumk\u0101rba FMP250-YJ ripu presei un kombainam"},"content":{"rendered":"<p><img loading=\"lazy\" decoding=\"async\" class=\"alignnone size-full wp-image-2492\" src=\"https:\/\/fmp-components.com\/wp-content\/uploads\/2025\/01\/Round-Baler-Gearbox-EP250-YJ-Part-Structure.webp\" alt=\"Apa\u013co-preses-reduktors-EP250-YJ-da\u013cas-strukt\u016bra\" width=\"1281\" height=\"726\" title=\"\" srcset=\"https:\/\/fmp-components.com\/wp-content\/uploads\/2025\/01\/Round-Baler-Gearbox-EP250-YJ-Part-Structure.webp 1281w, https:\/\/fmp-components.com\/wp-content\/uploads\/2025\/01\/Round-Baler-Gearbox-EP250-YJ-Part-Structure-980x555.webp 980w, https:\/\/fmp-components.com\/wp-content\/uploads\/2025\/01\/Round-Baler-Gearbox-EP250-YJ-Part-Structure-480x272.webp 480w\" sizes=\"(min-width: 0px) and (max-width: 480px) 480px, (min-width: 481px) and (max-width: 980px) 980px, (min-width: 981px) 1281px, 100vw\" \/><\/p>\n<h2>Ripu preses reduktora FMP250-YJ izm\u0113ri <img loading=\"lazy\" decoding=\"async\" class=\"alignnone size-full wp-image-2488\" src=\"https:\/\/fmp-components.com\/wp-content\/uploads\/2025\/01\/Round-Baler-Gearbox-EP250-YJ-Dimensions-1.webp\" alt=\"Apa\u013co-preses-reduktors-EP250-YJ-izm\u0113ri-1\" width=\"1608\" height=\"739\" title=\"\" srcset=\"https:\/\/fmp-components.com\/wp-content\/uploads\/2025\/01\/Round-Baler-Gearbox-EP250-YJ-Dimensions-1.webp 1608w, https:\/\/fmp-components.com\/wp-content\/uploads\/2025\/01\/Round-Baler-Gearbox-EP250-YJ-Dimensions-1-1280x588.webp 1280w, https:\/\/fmp-components.com\/wp-content\/uploads\/2025\/01\/Round-Baler-Gearbox-EP250-YJ-Dimensions-1-980x450.webp 980w, https:\/\/fmp-components.com\/wp-content\/uploads\/2025\/01\/Round-Baler-Gearbox-EP250-YJ-Dimensions-1-480x221.webp 480w\" sizes=\"(min-width: 0px) and (max-width: 480px) 480px, (min-width: 481px) and (max-width: 980px) 980px, (min-width: 981px) and (max-width: 1280px) 1280px, (min-width: 1281px) 1608px, 100vw\" \/><\/h2>\n<p><img loading=\"lazy\" decoding=\"async\" class=\"alignnone size-full wp-image-2487\" src=\"https:\/\/fmp-components.com\/wp-content\/uploads\/2025\/01\/Round-Baler-Gearbox-EP250-YJ-Dimensions-2.webp\" alt=\"Apa\u013co-preses-reduktors-EP250-YJ-izm\u0113ri-2\" width=\"1506\" height=\"663\" title=\"\" srcset=\"https:\/\/fmp-components.com\/wp-content\/uploads\/2025\/01\/Round-Baler-Gearbox-EP250-YJ-Dimensions-2.webp 1506w, https:\/\/fmp-components.com\/wp-content\/uploads\/2025\/01\/Round-Baler-Gearbox-EP250-YJ-Dimensions-2-1280x564.webp 1280w, https:\/\/fmp-components.com\/wp-content\/uploads\/2025\/01\/Round-Baler-Gearbox-EP250-YJ-Dimensions-2-980x431.webp 980w, https:\/\/fmp-components.com\/wp-content\/uploads\/2025\/01\/Round-Baler-Gearbox-EP250-YJ-Dimensions-2-480x211.webp 480w\" sizes=\"(min-width: 0px) and (max-width: 480px) 480px, (min-width: 481px) and (max-width: 980px) 980px, (min-width: 981px) and (max-width: 1280px) 1280px, (min-width: 1281px) 1506px, 100vw\" \/><\/p>\n<h2>Ripu preses reduktora FMP250-YJ tehniskie dati<\/h2>\n<table style=\"width: 98.6837%; height: 177px;\" border=\"1\" cellspacing=\"0\" cellpadding=\"0\">\n<tbody>\n<tr style=\"height: 47px;\">\n<td style=\"height: 70px;\" colspan=\"2\" rowspan=\"2\">es<\/td>\n<td style=\"height: 70px;\" rowspan=\"2\">Piem\u0113rots<\/td>\n<td style=\"height: 47px;\">Apgriezienu skaita ievade<\/td>\n<td style=\"height: 47px;\">Apgriezienu skaita izeja<\/td>\n<td style=\"height: 47px;\">kW (nomin\u0101l\u0101)<\/td>\n<td style=\"height: 47px;\">kW (maks.)<\/td>\n<td style=\"height: 70px;\" rowspan=\"2\">Zobu veido\u0161an\u0101s<\/td>\n<\/tr>\n<tr style=\"height: 23px;\">\n<td style=\"height: 23px;\">apgr.\/min<\/td>\n<td style=\"height: 23px;\">apgr.\/min<\/td>\n<td style=\"height: 23px;\">ZS<\/td>\n<td style=\"height: 23px;\">ZS<\/td>\n<\/tr>\n<tr style=\"height: 71px;\">\n<td style=\"height: 71px;\">Pal\u0113nin\u0101t<\/td>\n<td style=\"height: 71px;\">1.92:1<\/td>\n<td style=\"height: 71px;\">Ripu prese,<br \/>\nkombains utt.<\/td>\n<td style=\"height: 71px;\">540<\/td>\n<td style=\"height: 71px;\">282<\/td>\n<td style=\"height: 71px;\">80<\/td>\n<td style=\"height: 71px;\">1800<\/td>\n<td style=\"height: 71px;\">Gl\u012bsona spir\u0101lveida<br \/>\nZobi<\/td>\n<\/tr>\n<tr style=\"height: 23px;\">\n<td style=\"height: 23px;\" colspan=\"8\">Piez\u012bme: Ja jums ir k\u0101das \u012bpa\u0161as pras\u012bbas, nekautr\u0113jieties man pazi\u0146ot, m\u0113s pie\u0146emam ar\u012b pas\u016bt\u012bjumu.<\/td>\n<\/tr>\n<\/tbody>\n<\/table>\n<h2>Apa\u013co \u0137\u012bpu preses p\u0101rnesumk\u0101rba FMP250-YJ deta\u013cas strukt\u016bra<\/h2>\n<p>FMP250-YJ apa\u013co \u0137\u012bpu preses p\u0101rnesumk\u0101rba ir izstr\u0101d\u0101ta, lai tiktu gal\u0101 ar lauksaimniec\u012bbas pres\u0113\u0161anas iek\u0101rtu stingraj\u0101m pras\u012bb\u0101m, nodro\u0161inot efekt\u012bvu un uzticamu darb\u012bbu lauk\u0101. Zem\u0101k ir sniegts FMP250-YJ p\u0101rnesumk\u0101rbas galveno sast\u0101vda\u013cu un deta\u013cu strukt\u016bras sadal\u012bjums, izce\u013cot t\u0101s funkcionalit\u0101ti un katras deta\u013cas noz\u012bmi optim\u0101lai darb\u012bbai:<\/p>\n<p><strong>M\u0101joklis<\/strong><\/p>\n<p>FMP250-YJ p\u0101rnesumk\u0101rbas korpuss ir izgatavots no augstas kvalit\u0101tes \u010duguna vai t\u0113rauda, \u200b\u200bnodro\u0161inot iztur\u012bbu un ilgm\u016b\u017e\u012bbu. Tas nodro\u0161ina \u0101r\u0113jo apvalku, kas notur visas iek\u0161\u0113j\u0101s sast\u0101vda\u013cas viet\u0101 un aizsarg\u0101 t\u0101s no \u0101r\u0113jiem faktoriem, piem\u0113ram, putek\u013ciem, gru\u017eiem un mitruma. Korpuss ar\u012b nodro\u0161ina pareizu siltuma izkliedi, kas ir svar\u012bgi p\u0101rnesumk\u0101rbas darba temperat\u016bras uztur\u0113\u0161anai lieto\u0161anas laik\u0101.<\/p>\n<ul>\n<li>Materi\u0101ls: \u010duguns vai t\u0113rauds.<\/li>\n<li>Funkcija: Aizsarg\u0101 iek\u0161\u0113j\u0101s sast\u0101vda\u013cas un nodro\u0161ina konstrukcijas integrit\u0101ti.<\/li>\n<li>Priek\u0161roc\u012bba: iztur\u012bba un notur\u012bba pret vides apst\u0101k\u013ciem.<\/li>\n<\/ul>\n<p><strong>Ievades v\u0101rpsta<\/strong><\/p>\n<p>Ieejas v\u0101rpsta ir atbild\u012bga par rot\u0101cijas jaudas sa\u0146em\u0161anu no traktora j\u016bgv\u0101rpstas (jaudas no\u0146em\u0161anas) sist\u0113mas. T\u0101 p\u0101rnes \u0161o jaudu uz p\u0101rnesumk\u0101rbu, iedarbinot meh\u0101nisko procesu, kas darbina pres\u0113\u0161anas meh\u0101nismu. Ieejas v\u0101rpstai parasti ir rievots savienojums ar traktora j\u016bgv\u0101rpstu, nodro\u0161inot dro\u0161u un efekt\u012bvu jaudas p\u0101rnesi.<\/p>\n<ul>\n<li>Materi\u0101ls: R\u016bd\u012bts t\u0113rauds vai sakaus\u0113jums.<\/li>\n<li>Funkcija: P\u0101rnes jaudu no j\u016bgv\u0101rpstas sist\u0113mas uz p\u0101rnesumk\u0101rbu.<\/li>\n<li>Priek\u0161roc\u012bba: Augsta griezes momenta jauda, \u200b\u200bkas \u013cauj efekt\u012bvi darboties lielas slodzes apst\u0101k\u013cos.<\/li>\n<\/ul>\n<p><img loading=\"lazy\" decoding=\"async\" class=\"alignnone size-full wp-image-2489\" src=\"https:\/\/fmp-components.com\/wp-content\/uploads\/2025\/01\/Round-Baler-Gearbox-13-scaled.webp\" alt=\"Apa\u013co \u0137\u012bpu preses p\u0101rnesumk\u0101rba\" width=\"2560\" height=\"1459\" title=\"\" srcset=\"https:\/\/fmp-components.com\/wp-content\/uploads\/2025\/01\/Round-Baler-Gearbox-13-scaled.webp 2560w, https:\/\/fmp-components.com\/wp-content\/uploads\/2025\/01\/Round-Baler-Gearbox-13-1280x730.webp 1280w, https:\/\/fmp-components.com\/wp-content\/uploads\/2025\/01\/Round-Baler-Gearbox-13-980x559.webp 980w, https:\/\/fmp-components.com\/wp-content\/uploads\/2025\/01\/Round-Baler-Gearbox-13-480x274.webp 480w\" sizes=\"(min-width: 0px) and (max-width: 480px) 480px, (min-width: 481px) and (max-width: 980px) 980px, (min-width: 981px) and (max-width: 1280px) 1280px, (min-width: 1281px) 2560px, 100vw\" \/><\/p>\n<p><strong>Izejas v\u0101rpsta<\/strong><\/p>\n<p>Izejas v\u0101rpsta ir savienota ar ru\u013c\u013cu preses piedzi\u0146as meh\u0101nismu, piem\u0113ram, preses velt\u0146iem vai mezglo\u0161anas sist\u0113mu. T\u0101 p\u0101rnes reduktora rad\u012bto rot\u0101cijas ener\u0123iju uz pres\u0113\u0161anas komponentiem, nodro\u0161inot ru\u013c\u013cu form\u0113\u0161anu. Izejas v\u0101rpsta ir paredz\u0113ta, lai iztur\u0113tu iev\u0113rojamu slodzi pres\u0113\u0161anas laik\u0101.<\/p>\n<ul>\n<li>Materi\u0101ls: Augstas stipr\u012bbas t\u0113rauds.<\/li>\n<li>Funkcija: P\u0101rnes jaudu uz preses darb\u012bbas meh\u0101nismiem.<\/li>\n<li>Ieguvums: Nodro\u0161ina efekt\u012bvu ener\u0123ijas p\u0101rnesi un vienm\u0113r\u012bgu pres\u0113\u0161anas procesa norisi.<\/li>\n<\/ul>\n<p><strong>Zobrati un zobratu komplekti<\/strong><\/p>\n<p>FMP250-YJ p\u0101rnesumk\u0101rbas zobrati ir galven\u0101s sast\u0101vda\u013cas, kas regul\u0113 \u0101trumu un griezes momentu starp ieejas un izejas v\u0101rpst\u0101m. P\u0101rnesumu attiec\u012bba ir r\u016bp\u012bgi izstr\u0101d\u0101ta, lai nodro\u0161in\u0101tu optim\u0101lu veiktsp\u0113ju da\u017e\u0101d\u0101m pres\u0113\u0161anas oper\u0101cij\u0101m. \u0160ie zobrati var ietvert konusveida zobratus, plan\u0113tu zobratus vai spir\u0101lveida zobratus atkar\u012bb\u0101 no p\u0101rnesumk\u0101rbas konstrukcijas.<\/p>\n<ul>\n<li>Materi\u0101ls: R\u016bd\u012bts t\u0113rauds vai sakaus\u0113jums ar termisko apstr\u0101di nodilumiztur\u012bbai.<\/li>\n<li>Funkcija: Piel\u0101go \u0101trumu un griezes momentu atbilsto\u0161i preses pras\u012bb\u0101m.<\/li>\n<li>Priek\u0161roc\u012bba: Nodro\u0161ina prec\u012bzu jaudas kontroli, garant\u0113jot vienm\u0113r\u012bgu un efekt\u012bvu pres\u0113\u0161anu.<\/li>\n<\/ul>\n<p><strong>Gult\u0146i<\/strong><\/p>\n<p>FMP250-YJ p\u0101rnesumk\u0101rbas gult\u0146i pal\u012bdz atbalst\u012bt v\u0101rpstas un nodro\u0161ina vienm\u0113r\u012bgu rot\u0101ciju bez p\u0101rm\u0113r\u012bgas berzes. Tie ir \u013coti svar\u012bgi, lai samazin\u0101tu p\u0101rnesumk\u0101rbas deta\u013cu nodilumu, uzlabojot ilgm\u016b\u017e\u012bbu un darb\u012bbas efektivit\u0101ti. Gult\u0146i parasti sast\u0101v no rull\u012b\u0161u vai lod\u012b\u0161u gult\u0146iem atkar\u012bb\u0101 no slodzes un rot\u0101cijas pras\u012bb\u0101m.<\/p>\n<ul>\n<li>Materi\u0101ls: t\u0113rauds vai keramika lieto\u0161anai ar lielu slodzi.<\/li>\n<li>Funkcija: Atbalsta v\u0101rpstas un samazina berzi.<\/li>\n<li>Ieguvums: palielin\u0101ts ekspluat\u0101cijas laiks un samazin\u0101tas uztur\u0113\u0161anas izmaksas.<\/li>\n<\/ul>\n<p><strong>E\u013c\u013co\u0161anas sist\u0113ma<\/strong><\/p>\n<p>FMP250-YJ p\u0101rnesumk\u0101rbas e\u013c\u013co\u0161anas sist\u0113ma ir izstr\u0101d\u0101ta, lai samazin\u0101tu berzi starp kust\u012bgaj\u0101m da\u013c\u0101m, nodro\u0161inot vienm\u0113r\u012bgu darb\u012bbu un nov\u0113r\u0161ot p\u0101rkar\u0161anu. P\u0101rnesumk\u0101rba parasti ir piepild\u012bta ar augstas kvalit\u0101tes e\u013c\u013cu, kas cirkul\u0113, lai e\u013c\u013cotu zobratus, v\u0101rpstas un gult\u0146us. Pareiza e\u013c\u013co\u0161ana ir \u013coti svar\u012bga, lai saglab\u0101tu efektivit\u0101ti un samazin\u0101tu nodilumu.<\/p>\n<ul>\n<li>Tips: E\u013c\u013co\u0161ana uz e\u013c\u013cas b\u0101zes.<\/li>\n<li>Funkcija: Samazina berzi un uztur p\u0101rnesumk\u0101rbas darb\u012bbu optim\u0101l\u0101 temperat\u016br\u0101.<\/li>\n<li>Ieguvums: Nov\u0113r\u0161 p\u0101rkar\u0161anu, pagarina komponentu kalpo\u0161anas laiku un samazina apkopes bie\u017eumu.<\/li>\n<\/ul>\n<p>FMP250-YJ apa\u013co \u0137\u012bpu preses p\u0101rnesumk\u0101rba ir sare\u017e\u0123\u012bta tehnika, kas paredz\u0113ta, lai efekt\u012bvi apmierin\u0101tu lauksaimniec\u012bbas pres\u0113\u0161anas iek\u0101rtu augst\u0101s vajadz\u012bbas. Katrai p\u0101rnesumk\u0101rbas da\u013cai, s\u0101kot no korpusa l\u012bdz zobratiem un gult\u0146iem, ir b\u016btiska loma vienm\u0113r\u012bgas darb\u012bbas, jaudas p\u0101rneses un iztur\u012bbas nodro\u0161in\u0101\u0161an\u0101. FMP250-YJ p\u0101rnesumk\u0101rbas strukt\u016bras izpratne ir b\u016btiska pareizai apkopei, optim\u0101las veiktsp\u0113jas nodro\u0161in\u0101\u0161anai un iek\u0101rtas kalpo\u0161anas laika pagarin\u0101\u0161anai lauksaimniec\u012bbas vid\u0113.<\/p>\n<p><img loading=\"lazy\" decoding=\"async\" class=\"alignnone size-full wp-image-2491\" src=\"https:\/\/fmp-components.com\/wp-content\/uploads\/2025\/01\/Round-Baler-Gearbox-EP250-YJ-Applications-980x583-1.webp\" alt=\"Apa\u013co-preses-reduktors-EP250-YJ-lieto\u0161anas-980x583\" width=\"980\" height=\"583\" title=\"\" srcset=\"https:\/\/fmp-components.com\/wp-content\/uploads\/2025\/01\/Round-Baler-Gearbox-EP250-YJ-Applications-980x583-1.webp 980w, https:\/\/fmp-components.com\/wp-content\/uploads\/2025\/01\/Round-Baler-Gearbox-EP250-YJ-Applications-980x583-1-480x286.webp 480w\" sizes=\"(min-width: 0px) and (max-width: 480px) 480px, (min-width: 481px) 980px, 100vw\" \/><\/p>\n<h2>Apa\u013co \u0137\u012bpu preses p\u0101rnesumk\u0101rbas FMP250-YJ bie\u017ei sastopamie pielietojumi<\/h2>\n<p>Ripu preses p\u0101rnesumk\u0101rba FMP250-YJ ir \u012bpa\u0161i izstr\u0101d\u0101ta, lai tiktu gal\u0101 ar lauksaimniec\u012bbas pres\u0113\u0161anas iek\u0101rtu pras\u012bgajiem apst\u0101k\u013ciem. T\u0101s iztur\u012bg\u0101 konstrukcija un uzticam\u0101 veiktsp\u0113ja padara to piem\u0113rotu da\u017e\u0101diem pielietojumiem lauksaimniec\u012bbas nozar\u0113. T\u0101l\u0101k ir nor\u0101d\u012bti da\u017ei no izplat\u012bt\u0101kajiem pielietojumiem, kuros tiek izmantota FMP250-YJ p\u0101rnesumk\u0101rba:<\/p>\n<p><strong>Apa\u013co \u0137\u012bpu preses<\/strong><\/p>\n<p>Prim\u0101rais pielietojums:<br \/>\nFMP250-YJ p\u0101rnesumk\u0101rba visbie\u017e\u0101k tiek izmantota ru\u013c\u013cu pres\u0113s. \u0160\u012bs ma\u0161\u012bnas ir b\u016btiskas lauksaimniec\u012bbas nozar\u0113, lai veidotu kompaktus siena, salmu vai citu kult\u016braugu \u0137\u012bpas. P\u0101rnesumk\u0101rba ir atbild\u012bga par jaudas p\u0101rs\u016bt\u012b\u0161anu no traktora j\u016bgv\u0101rpstas sist\u0113mas uz presi, darbinot meh\u0101nismus, kas veido, saspie\u017e un sasien ru\u013c\u013cus.<\/p>\n<ul>\n<li>Ieguvums: Nodro\u0161ina efekt\u012bvu un vienm\u0113r\u012bgu apa\u013co ru\u013c\u013cu pres\u0113\u0161anas procesa darb\u012bbu, uzlabojot produktivit\u0101ti un samazinot d\u012bkst\u0101ves laiku.<\/li>\n<\/ul>\n<p><strong>Liela m\u0113roga siena un salmu pres\u0113\u0161ana<\/strong><\/p>\n<p>Lielapjoma oper\u0101cijas:<br \/>\nLiela m\u0113roga siena un salmu pres\u0113\u0161an\u0101 FMP250-YJ p\u0101rnesumk\u0101rba ir neat\u0146emama tehnikas sast\u0101vda\u013ca, ko izmanto liela apjoma ru\u013c\u013cu ra\u017eo\u0161anai. T\u0101 var tikt gal\u0101 ar lielu slodzi un nep\u0101rtrauktu darb\u012bbu, kas nepiecie\u0161ama komerci\u0101l\u0101m ru\u013c\u013cu pres\u0113\u0161anas oper\u0101cij\u0101m, kur\u0101s ir j\u0101sav\u0101c un j\u0101uzglab\u0101 liels siena vai salmu daudzums.<\/p>\n<ul>\n<li>Ieguvums: Uzlabo liela apjoma pres\u0113\u0161anas efektivit\u0101ti, nodro\u0161inot nemain\u012bgu veiktsp\u0113ju pat liel\u0101s ekspluat\u0101cijas noslodz\u0113s.<\/li>\n<\/ul>\n<p><strong>Sk\u0101bbar\u012bbas un lopbar\u012bbas pres\u0113\u0161ana<\/strong><\/p>\n<p>Lopbar\u012bbas nov\u0101k\u0161ana:<br \/>\nFMP250-YJ p\u0101rnesumk\u0101rba tiek izmantota ar\u012b sk\u0101bbar\u012bbas un lopbar\u012bbas pres\u0113\u0161an\u0101. Sk\u0101bbar\u012bbas preses saspie\u017e t\u0101dus kult\u016braugus k\u0101 z\u0101le, lucerna vai kukur\u016bza cie\u0161i sapakot\u0101s \u0137\u012bp\u0101s uzglab\u0101\u0161anai un v\u0113l\u0101kai izmanto\u0161anai k\u0101 lopbar\u012bba. P\u0101rnesumk\u0101rbai ir iz\u0161\u0137iro\u0161a loma \u0161o presu pres\u0113\u0161anas un sie\u0161anas meh\u0101nismu piedzi\u0146\u0101.<\/p>\n<ul>\n<li>Ieguvums: Nodro\u0161ina prec\u012bzu pres\u0113\u0161anas procesa kontroli, nodro\u0161inot augstas kvalit\u0101tes ru\u013c\u013cus, kas saglab\u0101 lopbar\u012bbas uzturv\u0113rt\u012bbu.<\/li>\n<\/ul>\n<p><strong>P\u0113c pas\u016bt\u012bjuma izgatavots pres\u0113\u0161anas apr\u012bkojums<\/strong><\/p>\n<p>Piel\u0101gotas lietojumprogrammas:<br \/>\nRa\u017eot\u0101jiem vai operatoriem, kuriem nepiecie\u0161ama piel\u0101gota pres\u0113\u0161anas iek\u0101rta, FMP250-YJ p\u0101rnesumk\u0101rba pied\u0101v\u0101 elast\u012bgu risin\u0101jumu. P\u0101rnesumk\u0101rbu var integr\u0113t speci\u0101li konstru\u0113t\u0101s pres\u0113s, lai apmierin\u0101tu \u012bpa\u0161as ekspluat\u0101cijas vajadz\u012bbas, piem\u0113ram, palielin\u0101tu \u0137\u012bpas izm\u0113ru vai augst\u0101ku saspie\u0161anas l\u012bmeni.<\/p>\n<ul>\n<li>Priek\u0161roc\u012bba: Nodro\u0161ina daudzpus\u012bbu un piel\u0101go\u0161anas iesp\u0113jas specializ\u0113t\u0101m pres\u0113\u0161anas darb\u012bb\u0101m, garant\u0113jot veiktsp\u0113ju, kas atbilst unik\u0101l\u0101m pras\u012bb\u0101m.<\/li>\n<\/ul>\n<p><strong>Lauksaimniec\u012bba un lauksaimniec\u012bbas darb\u012bbas<\/strong><\/p>\n<p>Visp\u0101r\u0113ja lauksaimniec\u012bbas izmanto\u0161ana:<br \/>\nFMP250-YJ p\u0101rnesumk\u0101rba parasti tiek izmantota da\u017e\u0101d\u0101s lauksaimniec\u012bbas darb\u012bb\u0101s, kur apa\u013cie \u0137\u012bpas ir galven\u0101 saimniec\u012bbas p\u0101rvald\u012bbas sast\u0101vda\u013ca. \u0160\u012bs pielietojuma jomas var ietvert siena, salmu vai citu kult\u016braugu materi\u0101lu sav\u0101k\u0161anu un uzglab\u0101\u0161anu lopbar\u012bbai, pakai\u0161iem vai t\u0101l\u0101kai p\u0101rstr\u0101dei.<\/p>\n<ul>\n<li>Ieguvums: Atbalsta efekt\u012bvu resursu p\u0101rvald\u012bbu lauksaimniec\u012bb\u0101, pal\u012bdzot lauksaimniekiem racionaliz\u0113t procesus, lai pan\u0101ktu lab\u0101ku ra\u017eu un kvalit\u0101ti.<\/li>\n<\/ul>\n<p><strong>Lopkop\u012bbas un piena lopkop\u012bbas saimniec\u012bbas<\/strong><\/p>\n<p>Bar\u012bbas uzglab\u0101\u0161ana:<br \/>\nLopkop\u012bbas un piena lopkop\u012bbas saimniec\u012bb\u0101s, kur siens vai sk\u0101bbar\u012bba ir kritiski svar\u012bgs bar\u012bbas avots, FMP250-YJ p\u0101rnesumk\u0101rba tiek izmantota pres\u0113s, kas veido labi iesai\u0146otas, viegli uzglab\u0101jamas \u0137\u012bpas. Sp\u0113ja efekt\u012bvi ra\u017eot un uzglab\u0101t bar\u012bbas materi\u0101lu pal\u012bdz samazin\u0101t atkritumus un nodro\u0161ina vienm\u0113r\u012bgu pieg\u0101di dz\u012bvniekiem visa gada garum\u0101.<\/p>\n<ul>\n<li>Ieguvums: Pal\u012bdz uztur\u0113t augstu bar\u012bbas kvalit\u0101ti un nodro\u0161ina dro\u0161u bar\u012bbas pieejam\u012bbu, samazinot lauksaimnieku darb\u012bbas izmaksas.<\/li>\n<\/ul>\n<p>Ripu preses p\u0101rnesumk\u0101rba FMP250-YJ ir b\u016btiska lauksaimniec\u012bbas nozares sast\u0101vda\u013ca, ko parasti izmanto t\u0101d\u0101s jom\u0101s k\u0101 ru\u013c\u013cu pres\u0113\u0161ana, sk\u0101bbar\u012bbas un lopbar\u012bbas nov\u0101k\u0161ana, k\u0101 ar\u012b liela m\u0113roga siena ra\u017eo\u0161ana. T\u0101s iztur\u012bba, efekt\u012bv\u0101 jaudas p\u0101rvade un elast\u012bba padara to piem\u0113rotu gan komerci\u0101l\u0101m darb\u012bb\u0101m, gan piel\u0101gotiem lauksaimniec\u012bbas lietojumiem. Neatkar\u012bgi no t\u0101, vai to izmanto piena lopkop\u012bbas saimniec\u012bb\u0101s, siena ra\u017eo\u0161an\u0101 vai specializ\u0113t\u0101 apr\u012bkojum\u0101, FMP250-YJ p\u0101rnesumk\u0101rba nodro\u0161ina uzticamas un augstas veiktsp\u0113jas pres\u0113\u0161anas darb\u012bbas.<\/p>\n<p><img loading=\"lazy\" decoding=\"async\" class=\"alignnone size-full wp-image-2490\" src=\"https:\/\/fmp-components.com\/wp-content\/uploads\/2025\/01\/Round-Baler-Gearbox-EP250-YJ-Installation-Operation.webp\" alt=\"Apa\u013co-preses-reduktors-EP250-YJ-uzst\u0101d\u012b\u0161ana-darb\u012bba\" width=\"1000\" height=\"640\" title=\"\" srcset=\"https:\/\/fmp-components.com\/wp-content\/uploads\/2025\/01\/Round-Baler-Gearbox-EP250-YJ-Installation-Operation.webp 1000w, https:\/\/fmp-components.com\/wp-content\/uploads\/2025\/01\/Round-Baler-Gearbox-EP250-YJ-Installation-Operation-980x627.webp 980w, https:\/\/fmp-components.com\/wp-content\/uploads\/2025\/01\/Round-Baler-Gearbox-EP250-YJ-Installation-Operation-480x307.webp 480w\" sizes=\"(min-width: 0px) and (max-width: 480px) 480px, (min-width: 481px) and (max-width: 980px) 980px, (min-width: 981px) 1000px, 100vw\" \/><\/p>\n<h3>Par FMP<\/h3>\n<p>FMP galven\u0101 m\u012btne atrodas It\u0101lij\u0101, un tas ir vado\u0161ais ra\u017eot\u0101js, kas paz\u012bstams ar savu pieredzi augstas veiktsp\u0113jas p\u0101rnesumk\u0101rbu projekt\u0113\u0161an\u0101, izstr\u0101d\u0113 un ra\u017eo\u0161an\u0101, \u012bpa\u0161i koncentr\u0113joties uz lauksaimniec\u012bbas tehnikas sektoru. Ar prec\u012bzas in\u017eenierijas, inovat\u012bvu risin\u0101jumu un nelok\u0101mas uzticam\u012bbas reput\u0101ciju FMP ir k\u013cuvis par uzticamu partneri, kas risina gan lauksaimniec\u012bbas, gan r\u016bpniec\u012bbas sektora main\u012bg\u0101s vajadz\u012bbas. M\u016bsu daudzveid\u012bgais produktu kl\u0101sts ietver specializ\u0113tas p\u0101rnesumk\u0101rbas z\u0101les p\u013c\u0101v\u0113jiem, j\u016bgv\u0101rpstas un citas svar\u012bgas sast\u0101vda\u013cas, kas visas ir r\u016bp\u012bgi izstr\u0101d\u0101tas, lai nodro\u0161in\u0101tu piel\u0101gotus risin\u0101jumus pla\u0161am pielietojumu kl\u0101stam.<\/p>\n<p>Uz\u0146\u0113mum\u0101 FMP m\u0113s saprotam, ka katram klientam ir unik\u0101las pras\u012bbas un izaicin\u0101jumi. T\u0101p\u0113c m\u0113s specializ\u0113jamies piel\u0101gotu risin\u0101jumu pied\u0101v\u0101\u0161an\u0101, neatkar\u012bgi no t\u0101, vai tie attiecas uz atsevi\u0161\u0137\u0101m komponent\u0113m vai piln\u012bb\u0101 integr\u0113t\u0101m sist\u0113m\u0101m. M\u0113s cie\u0161i sadarbojamies ar saviem klientiem, lai nodro\u0161in\u0101tu, ka katrs risin\u0101jums ir ne tikai efekt\u012bvs, bet ar\u012b lietder\u012bgs, optimiz\u0113jot gan veiktsp\u0113ju, gan v\u0113rt\u012bbu. M\u016bsu ap\u0146em\u0161an\u0101s sniegt \u0101tras un profesion\u0101las atbildes apvienojum\u0101 ar ekspertu nor\u0101d\u012bjumiem nodro\u0161ina, ka katrs piepras\u012bjums tiek apstr\u0101d\u0101ts ar visliel\u0101ko r\u016bp\u012bbu un precizit\u0101ti, t\u0101d\u0113j\u0101di sasniedzot vislab\u0101kos iesp\u0113jamos rezult\u0101tus.<\/p>\n<p>M\u0113s priorit\u0101ri izvirz\u0101m atv\u0113rtu un nep\u0101rtrauktu komunik\u0101ciju vis\u0101 produktu izstr\u0101des proces\u0101. M\u016bsu \u012bpa\u0161i izveidot\u0101 komanda str\u0101d\u0101 tie\u0161i ar klientiem, lai piln\u012bb\u0101 izprastu vi\u0146u \u012bpa\u0161\u0101s vajadz\u012bbas, pied\u0101v\u0101jot v\u0113rt\u012bgas atzi\u0146as un ieteikumus, lai nodro\u0161in\u0101tu optim\u0101lus risin\u0101jumus. Neatkar\u012bgi no t\u0101, vai izstr\u0101d\u0101jam inovat\u012bvus produktus vai izpild\u0101m past\u0101v\u012bgus pas\u016bt\u012bjumus, FMP ir ap\u0146\u0113musies vienm\u0113r savlaic\u012bgi pieg\u0101d\u0101t augstas kvalit\u0101tes, prec\u012bzi izstr\u0101d\u0101tus risin\u0101jumus. M\u016bsu m\u0113r\u0137is ir nodro\u0161in\u0101t klientiem vislab\u0101ko apkalpo\u0161anu un rezult\u0101tus, p\u0101rsniedzot cer\u012bbas katr\u0101 projekt\u0101.<\/p>\n<p>Kvalit\u0101te ir FMP darb\u012bbas st\u016brakmens. M\u0113s iev\u0113rojam augst\u0101kos ra\u017eo\u0161anas standartus, ievie\u0161ot stingrus kvalit\u0101tes kontroles pas\u0101kumus, lai nodro\u0161in\u0101tu, ka katrs produkts ne tikai atbilst, bet ar\u012b p\u0101rsniedz nozares standartus. \u0160\u012b nelok\u0101m\u0101 ap\u0146em\u0161an\u0101s nodro\u0161in\u0101t kvalit\u0101ti apvienojum\u0101 ar m\u016bsu pamatv\u0113rt\u012bb\u0101m \u2013 integrit\u0101ti, komandas darbu un neatlaid\u012bbu \u2013 ir \u013c\u0101vusi mums veidot ilgsto\u0161as, uz uztic\u012bbu balst\u012btas attiec\u012bbas ar klientiem gandr\u012bz 30 valst\u012bs vis\u0101 pasaul\u0113.<\/p>\n<p>FMP vienm\u0113r ir atv\u0113rts glob\u0101lu partner\u012bbu veido\u0161anai un joproj\u0101m ir ap\u0146\u0113mies pied\u0101v\u0101t ekspertu padomus un piel\u0101gotus risin\u0101jumus, kas atbilst m\u016bsu klientu da\u017e\u0101daj\u0101m vajadz\u012bb\u0101m. M\u0113s nepied\u0101v\u0101jam tikai produktus; m\u016bsu m\u0113r\u0137is ir veidot ilgsto\u0161as \u200b\u200battiec\u012bbas, kas veicina katra projekta pan\u0101kumus. Neatkar\u012bgi no t\u0101, vai jums ir nepiecie\u0161ami inovat\u012bvi risin\u0101jumi jaunai iniciat\u012bvai vai past\u0101v\u012bgs atbalsts eso\u0161ai sist\u0113mai, FMP ir \u0161eit, lai risin\u0101tu j\u016bsu tehnisk\u0101s probl\u0113mas un nodro\u0161in\u0101tu j\u016bsu turpm\u0101kos pan\u0101kumus.<\/p>\n<p><img loading=\"lazy\" decoding=\"async\" class=\"alignnone size-full wp-image-1861\" src=\"https:\/\/fmp-components.com\/wp-content\/uploads\/2024\/12\/Other-Agricultural-Gearboxes.webp\" sizes=\"(min-width: 0px) and (max-width: 480px) 480px, (min-width: 481px) and (max-width: 980px) 980px, (min-width: 981px) 1200px, 100vw\" srcset=\"https:\/\/fmp-components.com\/wp-content\/uploads\/2024\/12\/Other-Agricultural-Gearboxes.webp 1200w, https:\/\/fmp-components.com\/wp-content\/uploads\/2024\/12\/Other-Agricultural-Gearboxes-980x1143.webp 980w, https:\/\/fmp-components.com\/wp-content\/uploads\/2024\/12\/Other-Agricultural-Gearboxes-480x560.webp 480w\" alt=\"Altri-cambi-agricoli\" width=\"1200\" height=\"1400\" title=\"\"><\/p>\n<p>Autors: CX<\/p>","protected":false},"excerpt":{"rendered":"<p>Round Baler Gearbox FMP250-YJ Dimensions Round Baler Gearbox FMP250-YJ Technical Data i Suitable Rpm input Rpm output KW(Nom) KW(Max) Toothing r\/min r\/min hp hp Decelerate 1.92:1 Round baler, harvester, etc 540 282 80 1800 Gleason Helical Teeth Remark: If you have any special require feel free let me know, we also accept custom. Round Baler [&hellip;]<\/p>","protected":false},"featured_media":2493,"comment_status":"open","ping_status":"closed","template":"","meta":{"_et_pb_use_builder":"","_et_pb_old_content":"","_et_gb_content_width":""},"product_brand":[],"product_cat":[59],"product_tag":[],"class_list":{"0":"post-2486","1":"product","2":"type-product","3":"status-publish","4":"has-post-thumbnail","6":"product_cat-round-baler-gearbox","8":"first","9":"instock","10":"shipping-taxable","11":"product-type-simple"},"_links":{"self":[{"href":"https:\/\/fmp-components.com\/lv\/wp-json\/wp\/v2\/product\/2486","targetHints":{"allow":["GET"]}}],"collection":[{"href":"https:\/\/fmp-components.com\/lv\/wp-json\/wp\/v2\/product"}],"about":[{"href":"https:\/\/fmp-components.com\/lv\/wp-json\/wp\/v2\/types\/product"}],"replies":[{"embeddable":true,"href":"https:\/\/fmp-components.com\/lv\/wp-json\/wp\/v2\/comments?post=2486"}],"wp:featuredmedia":[{"embeddable":true,"href":"https:\/\/fmp-components.com\/lv\/wp-json\/wp\/v2\/media\/2493"}],"wp:attachment":[{"href":"https:\/\/fmp-components.com\/lv\/wp-json\/wp\/v2\/media?parent=2486"}],"wp:term":[{"taxonomy":"product_brand","embeddable":true,"href":"https:\/\/fmp-components.com\/lv\/wp-json\/wp\/v2\/product_brand?post=2486"},{"taxonomy":"product_cat","embeddable":true,"href":"https:\/\/fmp-components.com\/lv\/wp-json\/wp\/v2\/product_cat?post=2486"},{"taxonomy":"product_tag","embeddable":true,"href":"https:\/\/fmp-components.com\/lv\/wp-json\/wp\/v2\/product_tag?post=2486"}],"curies":[{"name":"wp","href":"https:\/\/api.w.org\/{rel}","templated":true}]}}