{"id":2482,"date":"2025-01-02T01:34:55","date_gmt":"2025-01-02T01:34:55","guid":{"rendered":"https:\/\/fmp-components.com\/?page_id=8"},"modified":"2025-01-02T01:34:55","modified_gmt":"2025-01-02T01:34:55","slug":"round-baler-gearbox-replacement-of-comer-code-t-290hd","status":"publish","type":"product","link":"https:\/\/fmp-components.com\/lv\/product\/round-baler-gearbox-replacement-of-comer-code-t-290hd\/","title":{"rendered":"Ripu preses p\u0101rnesumk\u0101rba \u2013 Comer koda T-290HD nomai\u0146a"},"content":{"rendered":"<p><img loading=\"lazy\" decoding=\"async\" class=\"size-full wp-image-2484 aligncenter\" src=\"https:\/\/fmp-components.com\/wp-content\/uploads\/2025\/01\/round-baler-gearbox-t290hd1.webp\" alt=\"apa\u013co-preses-reduktors-t290hd\" width=\"500\" height=\"500\" title=\"\" srcset=\"https:\/\/fmp-components.com\/wp-content\/uploads\/2025\/01\/round-baler-gearbox-t290hd1.webp 500w, https:\/\/fmp-components.com\/wp-content\/uploads\/2025\/01\/round-baler-gearbox-t290hd1-480x480.webp 480w\" sizes=\"(min-width: 0px) and (max-width: 480px) 480px, (min-width: 481px) 500px, 100vw\" \/><\/p>\n<h2>Apa\u013co \u0137\u012bpu preses p\u0101rnesumk\u0101rbas T-290HD specifik\u0101cija<\/h2>\n<p><img loading=\"lazy\" decoding=\"async\" class=\"alignnone size-full wp-image-2483\" src=\"https:\/\/fmp-components.com\/wp-content\/uploads\/2025\/01\/round-baler-gearbox-details-t290hd.webp\" alt=\"apa\u013co-preses-reduktora-deta\u013cas-t290hd\" width=\"891\" height=\"512\" title=\"\" srcset=\"https:\/\/fmp-components.com\/wp-content\/uploads\/2025\/01\/round-baler-gearbox-details-t290hd.webp 891w, https:\/\/fmp-components.com\/wp-content\/uploads\/2025\/01\/round-baler-gearbox-details-t290hd-480x276.webp 480w\" sizes=\"(min-width: 0px) and (max-width: 480px) 480px, (min-width: 481px) 891px, 100vw\" \/><\/p>\n<table style=\"width: 95.2683%; height: 332px;\" border=\"1\">\n<tbody>\n<tr style=\"height: 27px;\">\n<td style=\"height: 27px;\"><strong>es<\/strong><\/td>\n<td style=\"height: 27px;\">1.63\/3.0<\/td>\n<\/tr>\n<tr style=\"height: 27px;\">\n<td style=\"height: 27px;\"><strong>N<sub>1<\/sub>[apgr.\/min]<\/strong><\/td>\n<td style=\"height: 27px;\">540\/1000<\/td>\n<\/tr>\n<tr style=\"height: 27px;\">\n<td style=\"height: 27px;\"><strong>P<sub>1<\/sub>[kW]<\/strong><\/td>\n<td style=\"height: 27px;\">78\/58<\/td>\n<\/tr>\n<tr style=\"height: 27px;\">\n<td style=\"height: 27px;\"><strong>M<sub>2<\/sub>[Nm]<\/strong><\/td>\n<td style=\"height: 27px;\">2180\/1694<\/td>\n<\/tr>\n<tr style=\"height: 73px;\">\n<td style=\"height: 73px;\"><strong>V\u0101rpsta X<img loading=\"lazy\" decoding=\"async\" class=\"size-full wp-image-2472 aligncenter\" src=\"https:\/\/fmp-components.com\/wp-content\/uploads\/2025\/01\/shaft.webp\" alt=\"v\u0101rpsta\" width=\"64\" height=\"57\" title=\"\" srcset=\"https:\/\/fmp-components.com\/wp-content\/uploads\/2025\/01\/shaft.webp 64w, https:\/\/fmp-components.com\/wp-content\/uploads\/2025\/01\/shaft-13x12.webp 13w\" sizes=\"(max-width: 64px) 100vw, 64px\" \/>\u00a0<\/strong><\/td>\n<td style=\"height: 73px;\">40*2*18<\/td>\n<\/tr>\n<tr style=\"height: 27px;\">\n<td style=\"height: 27px;\"><strong>Y v\u0101rpsta<img loading=\"lazy\" decoding=\"async\" class=\"size-full wp-image-2472 aligncenter\" src=\"https:\/\/fmp-components.com\/wp-content\/uploads\/2025\/01\/shaft.webp\" alt=\"v\u0101rpsta\" width=\"64\" height=\"57\" title=\"\" srcset=\"https:\/\/fmp-components.com\/wp-content\/uploads\/2025\/01\/shaft.webp 64w, https:\/\/fmp-components.com\/wp-content\/uploads\/2025\/01\/shaft-13x12.webp 13w\" sizes=\"(max-width: 64px) 100vw, 64px\" \/><\/strong><\/td>\n<td style=\"height: 27px;\">40*2*18<\/td>\n<\/tr>\n<tr style=\"height: 97px;\">\n<td style=\"height: 97px;\"><strong>V\u0101rpsta Z<img loading=\"lazy\" decoding=\"async\" class=\"size-full wp-image-2473 aligncenter\" src=\"https:\/\/fmp-components.com\/wp-content\/uploads\/2025\/01\/shaft-x.webp\" alt=\"v\u0101rpsta-x\" width=\"81\" height=\"78\" title=\"\" srcset=\"https:\/\/fmp-components.com\/wp-content\/uploads\/2025\/01\/shaft-x.webp 81w, https:\/\/fmp-components.com\/wp-content\/uploads\/2025\/01\/shaft-x-12x12.webp 12w\" sizes=\"(max-width: 81px) 100vw, 81px\" \/><\/strong><\/td>\n<td style=\"height: 97px;\">1\u201d 3\/8 Z6<\/td>\n<\/tr>\n<tr style=\"height: 27px;\">\n<td style=\"height: 27px;\"><strong>Ievade<\/strong><\/td>\n<td style=\"height: 27px;\">Z<\/td>\n<\/tr>\n<\/tbody>\n<\/table>\n<h3>Ripojo\u0161o presu p\u0101rnesumk\u0101rbu veidi<\/h3>\n<p>Ri\u0146\u0137a preses p\u0101rnesumk\u0101rbas ir svar\u012bgas sast\u0101vda\u013cas, kas nodro\u0161ina da\u017e\u0101das preses funkcijas, tostarp velt\u0146u rot\u0101ciju, ru\u013c\u013ca sie\u0161anu un ma\u0161\u012bnas kop\u0113jo efektivit\u0101ti. Da\u017e\u0101di ri\u0146\u0137a preses p\u0101rnesumk\u0101rbu veidi atbilst \u012bpa\u0161\u0101m ekspluat\u0101cijas pras\u012bb\u0101m, un katrs no tiem ir izstr\u0101d\u0101ts ar unik\u0101l\u0101m funkcij\u0101m, lai apmierin\u0101tu da\u017e\u0101das lauksaimniec\u012bbas vajadz\u012bbas. T\u0101l\u0101k ir nor\u0101d\u012bti da\u017ei izplat\u012bt\u0101kie ri\u0146\u0137a preses p\u0101rnesumk\u0101rbu veidi:<\/p>\n<p><strong>Standarta p\u0101rnesumk\u0101rbas<\/strong><\/p>\n<p>Standarta apa\u013co ru\u013c\u013cu preses p\u0101rnesumk\u0101rbas ir paredz\u0113tas visp\u0101r\u0113jiem ru\u013c\u013cu pres\u0113\u0161anas darbiem un ir piem\u0113rotas maz\u0101ka un vid\u0113ja m\u0113roga darb\u012bb\u0101m. \u0160\u012bm p\u0101rnesumk\u0101rb\u0101m bie\u017ei vien ir viena \u0101truma piedzi\u0146a ar p\u0101rnesumu attiec\u012bbu, kas parasti sv\u0101rst\u0101s no 1:3 l\u012bdz 1:4 atkar\u012bb\u0101 no ru\u013c\u013cu preses mode\u013ca.<\/p>\n<ul>\n<li>\u012apa\u0161\u012bbas: vienk\u0101r\u0161\u012bba, uzticam\u012bba un viegla apkope.<\/li>\n<li>Pielietojums: Izmanto tipisk\u0101m siena, salmu un z\u0101les pres\u0113\u0161anas darb\u012bb\u0101m.<\/li>\n<li>Ieguvumi: Izmaksu zi\u0146\u0101 efekt\u012bvs un iztur\u012bgs viegl\u0101k\u0101m un vid\u0113j\u0101m darba slodz\u0113m.<\/li>\n<\/ul>\n<p><strong>Augsta griezes momenta p\u0101rnesumk\u0101rbas<\/strong><\/p>\n<p>Augsta griezes momenta p\u0101rnesumk\u0101rbas ir \u012bpa\u0161i izstr\u0101d\u0101tas, lai nodro\u0161in\u0101tu uzlabotu jaudas izvadi sare\u017e\u0123\u012btiem uzdevumiem, piem\u0113ram, mitru vai bl\u012bvu materi\u0101lu, piem\u0113ram, sk\u0101bbar\u012bbas, pres\u0113\u0161anai liel\u0101 apjom\u0101. \u0160\u012bs p\u0101rnesumk\u0101rbas ir paredz\u0113tas liel\u0101kai slodzei un liel\u0101kai pretest\u012bbai.<\/p>\n<ul>\n<li>\u012apa\u0161\u012bbas: Augsts griezes moments lieljaudas lietojumiem, iztur\u012bga konstrukcija.<\/li>\n<li>Pielietojums: Ide\u0101li piem\u0113rots sk\u0101bbar\u012bbas vai cietu, mitru materi\u0101lu pres\u0113\u0161anai.<\/li>\n<li>Ieguvumi: Nodro\u0161ina nemain\u012bgu veiktsp\u0113ju lielas slodzes apst\u0101k\u013cos, samazinot p\u0101rnesumk\u0101rbas atteices risku.<\/li>\n<\/ul>\n<p><strong>Daudzpak\u0101pju p\u0101rnesumk\u0101rbas<\/strong><\/p>\n<p>Daudz\u0101trumu ru\u013c\u013cu preses p\u0101rnesumk\u0101rbas nodro\u0161ina main\u012bga \u0101truma regul\u0113\u0161anu, pied\u0101v\u0101jot liel\u0101ku elast\u012bbu darb\u012bbas laik\u0101. \u0160\u012bs p\u0101rnesumk\u0101rbas \u013cauj operatoriem piel\u0101got ru\u013c\u013cu veido\u0161anas procesa \u0101trumu atkar\u012bb\u0101 no kult\u016braugu veida vai vides apst\u0101k\u013ciem.<\/p>\n<ul>\n<li>Funkcijas: Regul\u0113jami \u0101truma iestat\u012bjumi, lab\u0101ka kontrole p\u0101r pres\u0113\u0161anu.<\/li>\n<li>Pielietojums: Izmanto gan viegl\u0101s, gan smag\u0101s pres\u0113\u0161anas oper\u0101cij\u0101s, \u012bpa\u0161i da\u017e\u0101dos kult\u016braugu apst\u0101k\u013cos.<\/li>\n<li>Priek\u0161roc\u012bbas: Nodro\u0161ina daudzpus\u012bbu un optimiz\u0113tu veiktsp\u0113ju da\u017e\u0101du veidu kult\u016braugiem.<\/li>\n<\/ul>\n<p><strong>Plan\u0113tu p\u0101rnesumk\u0101rbas<\/strong><\/p>\n<p>Planet\u0101r\u0101s p\u0101rnesumk\u0101rbas bie\u017ei izmanto augstas veiktsp\u0113jas ru\u013c\u013cu pres\u0113s to kompakt\u0101 dizaina un augst\u0101s efektivit\u0101tes d\u0113\u013c. Zobrati darbojas plan\u0113tas kust\u012bb\u0101, vienm\u0113r\u012bgi sadalot slodzi, kas uzlabo p\u0101rnesumk\u0101rbas iztur\u012bbu un samazina nepiecie\u0161am\u012bbu p\u0113c bie\u017eas apkopes.<\/p>\n<ul>\n<li>\u012apa\u0161\u012bbas: Kompakts, \u013coti efekt\u012bvs un sp\u0113j\u012bgs nodro\u0161in\u0101t lielu jaudu ar minim\u0101lu izm\u0113ru.<\/li>\n<li>Pielietojums: Piem\u0113rots lieljaudas komerci\u0101liem un lauksaimniec\u012bbas pres\u0113\u0161anas darbiem.<\/li>\n<li>Priek\u0161roc\u012bbas: Liel\u0101ks griezes moments, ilg\u0101ks kalpo\u0161anas laiks un maz\u0101ka apkope.<\/li>\n<\/ul>\n<p><strong>Divu v\u0101rpstu p\u0101rnesumk\u0101rbas<\/strong><\/p>\n<p>Divv\u0101rpstu p\u0101rnesumk\u0101rb\u0101m ir divas v\u0101rpstas divk\u0101r\u0161as piedzi\u0146as funkcionalit\u0101tei. T\u0101s parasti izmanto divk\u0101r\u0161as darb\u012bbas pres\u0113s vai augstas jaudas mode\u013cos, kur vienlaikus j\u0101darbina divas da\u017e\u0101das sist\u0113mas, piem\u0113ram, sav\u0101k\u0161anas sist\u0113ma un bl\u012bv\u0113\u0161anas sist\u0113ma.<\/p>\n<ul>\n<li>Funkcijas: divu piedzi\u0146u iesp\u0113ja, uzlabota daudzpus\u012bba.<\/li>\n<li>Pielietojums: Augstas jaudas vai divk\u0101r\u0161as darb\u012bbas pres\u0113\u0161anas sist\u0113mas.<\/li>\n<li>Ieguvumi: Nodro\u0161ina liel\u0101ku darb\u012bbas elast\u012bbu un efektivit\u0101ti sare\u017e\u0123\u012bt\u0101s pres\u0113\u0161anas sist\u0113m\u0101s.<\/li>\n<\/ul>\n<p>J\u016bsu izv\u0113l\u0113tais ru\u013c\u013cu preses p\u0101rnesumk\u0101rbas veids liel\u0101 m\u0113r\u0101 ir atkar\u012bgs no j\u016bsu darb\u012bbas \u012bpa\u0161aj\u0101m vajadz\u012bb\u0101m, piem\u0113ram, pres\u0113jam\u0101 materi\u0101la veida, v\u0113lam\u0101s ra\u017e\u012bbas un lauksaimniec\u012bbas darb\u012bbas apjoma. Neatkar\u012bgi no t\u0101, vai jums ir nepiecie\u0161ama vienk\u0101r\u0161a, uzticama p\u0101rnesumk\u0101rba viegliem darbiem vai liela griezes momenta, daudzpak\u0101pju p\u0101rnesumk\u0101rba smagiem darbiem, pareiz\u0101 p\u0101rnesumk\u0101rba var b\u016btiski ietekm\u0113t j\u016bsu ru\u013c\u013cu preses efektivit\u0101ti un ilgm\u016b\u017e\u012bbu.<\/p>\n<p><img loading=\"lazy\" decoding=\"async\" class=\"alignnone  wp-image-2464\" src=\"https:\/\/fmp-components.com\/wp-content\/uploads\/2025\/01\/PTO-Shaft-for-Round-Baler-Gearbox-11.webp\" alt=\"J\u016bgv\u0101rpsta apa\u013co \u0137\u012bpu preses p\u0101rnesumk\u0101rbai-1(1)\" width=\"912\" height=\"806\" title=\"\" srcset=\"https:\/\/fmp-components.com\/wp-content\/uploads\/2025\/01\/PTO-Shaft-for-Round-Baler-Gearbox-11.webp 912w, https:\/\/fmp-components.com\/wp-content\/uploads\/2025\/01\/PTO-Shaft-for-Round-Baler-Gearbox-11-480x424.webp 480w\" sizes=\"(min-width: 0px) and (max-width: 480px) 480px, (min-width: 481px) 912px, 100vw\" \/><\/p>\n<h2>Kard\u0101nv\u0101rpstas apa\u013co \u0137\u012bpu preses p\u0101rnesumk\u0101rbai<\/h2>\n<p>J\u016bgv\u0101rpstas (j\u016bgv\u0101rpstas) ir b\u016btiskas sast\u0101vda\u013cas jaudas p\u0101rnesei no traktora uz ru\u013c\u013cu preses p\u0101rnesumk\u0101rbu, nodro\u0161inot preses efekt\u012bvu darb\u012bbu. J\u016bgv\u0101rpsta savieno traktora j\u016bgv\u0101rpstas sist\u0113mu ar p\u0101rnesumk\u0101rbu, \u013caujot p\u0101rvad\u012bt meh\u0101nisko ener\u0123iju, kas nepiecie\u0161ama pres\u0113\u0161anas procesam. T\u0101l\u0101k ir nor\u0101d\u012bti galvenie apsv\u0113rumi, \u012bpa\u0161\u012bbas un priek\u0161roc\u012bbas, kas saist\u012btas ar ru\u013c\u013cu preses p\u0101rnesumk\u0101rb\u0101m paredz\u0113taj\u0101m j\u016bgv\u0101rpst\u0101m:<\/p>\n<p><strong>Augsta efektivit\u0101te un jaudas p\u0101rne\u0161ana<\/strong><\/p>\n<p>Ru\u013c\u013cu preses p\u0101rnesumk\u0101rbu kard\u0101nv\u0101rpstas ir paredz\u0113tas efekt\u012bvai jaudas p\u0101rne\u0161anai no traktora dzin\u0113ja uz preses p\u0101rnesumk\u0101rbu. \u0160o v\u0101rpstu augst\u0101 griezes momenta jauda nodro\u0161ina ener\u0123ijas p\u0101rne\u0161anu bez zudumiem, saglab\u0101jot preses darb\u012bbas veiktsp\u0113ju.<\/p>\n<ul>\n<li>Galven\u0101 iez\u012bme: efekt\u012bva jaudas p\u0101rvade ar minim\u0101liem ener\u0123ijas zudumiem.<\/li>\n<li>Ieguvums: Nodro\u0161ina vienm\u0113r\u012bgu preses darb\u012bbu, samazinot degvielas pat\u0113ri\u0146u un palielinot produktivit\u0101ti.<\/li>\n<\/ul>\n<p><strong>Iztur\u012bba un sp\u0113ks<\/strong><\/p>\n<p>Ripu preses j\u016bgv\u0101rpstas ir izgatavotas no augstas kvalit\u0101tes, iztur\u012bgiem materi\u0101liem, kas var iztur\u0113t lauksaimniec\u012bbas darbu sare\u017e\u0123\u012btos apst\u0101k\u013cus. \u0160\u012bs v\u0101rpstas ir paredz\u0113tas, lai iztur\u0113tu lielus griezes momentus un skarbos apst\u0101k\u013cus, ar kuriem bie\u017ei saskaras lauk\u0101, piem\u0113ram, mitrumu, putek\u013cus un gru\u017eus.<\/p>\n<ul>\n<li>Galven\u0101 iez\u012bme: Augstas iztur\u012bbas konstrukcija, iztur\u012bga pret nodilumu.<\/li>\n<li>Ieguvums: Ilgsto\u0161a iztur\u012bba, samazinot apkopes un nomai\u0146as bie\u017eumu.<\/li>\n<\/ul>\n<p><strong>Piel\u0101gojami garumi un konfigur\u0101cijas<\/strong><\/p>\n<p>Kard\u0101nv\u0101rpstas apa\u013co ru\u013c\u013cu pres\u0113m ir pieejamas da\u017e\u0101dos garumos un konfigur\u0101cij\u0101s, lai t\u0101s atbilstu da\u017e\u0101du ru\u013c\u013cu presu mode\u013cu un traktoru iestat\u012bjumu \u012bpa\u0161aj\u0101m pras\u012bb\u0101m. Kard\u0101nv\u0101rpstas garums ir \u013coti svar\u012bgs, lai nodro\u0161in\u0101tu pareizu savienojumu un nov\u0113rstu boj\u0101jumus darb\u012bbas laik\u0101.<\/p>\n<ul>\n<li>Galven\u0101 iez\u012bme: Pieejams regul\u0113jam\u0101 garum\u0101 un konfigur\u0101cij\u0101s.<\/li>\n<li>Priek\u0161roc\u012bba: Piel\u0101gojama da\u017e\u0101d\u0101m traktoru un presu kombin\u0101cij\u0101m, nodro\u0161inot optim\u0101lu efektivit\u0101ti un dro\u0161\u012bbu.<\/li>\n<\/ul>\n<p><strong>Dro\u0161\u012bbas funkcijas<\/strong><\/p>\n<p>Dro\u0161\u012bba ir \u0101rk\u0101rt\u012bgi svar\u012bga, str\u0101d\u0101jot ar kard\u0101nv\u0101rpst\u0101m, jo \u200b\u200bt\u0101s darbojas liel\u0101 \u0101trum\u0101. M\u016bsdienu kard\u0101nv\u0101rpstas ru\u013c\u013cu presu p\u0101rnesumk\u0101rb\u0101m ir apr\u012bkotas ar dro\u0161\u012bbas elementiem, piem\u0113ram, b\u012bdes skr\u016bv\u0113m, aizsargiem un vairogiem, lai nov\u0113rstu negad\u012bjumus un traumas darb\u012bbas laik\u0101.<\/p>\n<ul>\n<li>Galven\u0101s iez\u012bmes: Dro\u0161\u012bbas aizsargi, b\u012bdes skr\u016bves un aizsargvairogi.<\/li>\n<li>Ieguvums: Samazina traumu risku un aizsarg\u0101 v\u0101rpstu no boj\u0101jumiem, ko rada p\u0101rm\u0113r\u012bga slodze vai \u0101r\u0113ja ietekme.<\/li>\n<\/ul>\n<p><strong>Vienk\u0101r\u0161a apkope un ekspluat\u0101cija<\/strong><\/p>\n<p>Ru\u013c\u013cu presu kard\u0101nv\u0101rpstas ir konstru\u0113tas t\u0101, lai t\u0101s b\u016btu viegli apkopt un lietot. T\u0101s ir apr\u012bkotas ar \u0101tr\u0101s savieno\u0161anas savienojumiem, kas atvieglo v\u0101rpstas pievieno\u0161anu un atvieno\u0161anu gan no traktora, gan no preses. Regul\u0101ra e\u013c\u013co\u0161ana un periodiskas p\u0101rbaudes nodro\u0161ina vienm\u0113r\u012bgu darb\u012bbu un nov\u0113r\u0161 ar nodilumu saist\u012btas probl\u0113mas.<\/p>\n<ul>\n<li><strong>Galven\u0101 iez\u012bme<\/strong>\u0100tri savienojami savienojumi un mazpras\u012bga apkopes konstrukcija.<\/li>\n<li><strong>Ieguvums<\/strong>Vienk\u0101r\u0161o iestat\u012b\u0161anu un apkopi, \u013caujot efekt\u012bv\u0101k izmantot laiku un resursus.<\/li>\n<\/ul>\n<p>Kard\u0101nv\u0101rpstas ir kritiski svar\u012bgas sast\u0101vda\u013cas, kas savieno traktora j\u016bgv\u0101rpstas sist\u0113mu ar ru\u013c\u013cu preses p\u0101rnesumk\u0101rbu, nodro\u0161inot nepiecie\u0161amo jaudu pres\u0113\u0161anas darb\u012bb\u0101m. Pareiz\u0101s j\u016bgv\u0101rpstas izv\u0113le ru\u013c\u013cu presei nodro\u0161ina efekt\u012bvu jaudas p\u0101rnesi, dro\u0161\u012bbu un ilgsto\u0161u veiktsp\u0113ju. Izv\u0113loties j\u016bgv\u0101rpstu, ir svar\u012bgi \u0146emt v\u0113r\u0101 sader\u012bbu, iztur\u012bbu un dro\u0161\u012bbas funkcijas, kas atbilst j\u016bsu pres\u0113\u0161anas apr\u012bkojuma \u012bpa\u0161aj\u0101m pras\u012bb\u0101m un lauka apst\u0101k\u013ciem.<\/p>\n<p><img loading=\"lazy\" decoding=\"async\" class=\"alignnone  wp-image-2485\" src=\"https:\/\/fmp-components.com\/wp-content\/uploads\/2025\/01\/pto-shaft-for-sale.webp\" alt=\"\" width=\"909\" height=\"680\" title=\"\" srcset=\"https:\/\/fmp-components.com\/wp-content\/uploads\/2025\/01\/pto-shaft-for-sale.webp 909w, https:\/\/fmp-components.com\/wp-content\/uploads\/2025\/01\/pto-shaft-for-sale-480x359.webp 480w\" sizes=\"(min-width: 0px) and (max-width: 480px) 480px, (min-width: 481px) 909px, 100vw\" \/><\/p>\n<h3>Par FMP<\/h3>\n<p>FMP galven\u0101 m\u012btne atrodas It\u0101lij\u0101, un tas ir vado\u0161ais ra\u017eot\u0101js, kas paz\u012bstams ar savu pieredzi augstas veiktsp\u0113jas p\u0101rnesumk\u0101rbu projekt\u0113\u0161an\u0101, izstr\u0101d\u0113 un ra\u017eo\u0161an\u0101, \u012bpa\u0161i koncentr\u0113joties uz lauksaimniec\u012bbas tehnikas sektoru. Ar prec\u012bzas in\u017eenierijas, inovat\u012bvu risin\u0101jumu un nelok\u0101mas uzticam\u012bbas reput\u0101ciju FMP ir k\u013cuvis par uzticamu partneri, kas risina gan lauksaimniec\u012bbas, gan r\u016bpniec\u012bbas sektora main\u012bg\u0101s vajadz\u012bbas. M\u016bsu daudzveid\u012bgais produktu kl\u0101sts ietver specializ\u0113tas p\u0101rnesumk\u0101rbas z\u0101les p\u013c\u0101v\u0113jiem, j\u016bgv\u0101rpstas un citas svar\u012bgas sast\u0101vda\u013cas, kas visas ir r\u016bp\u012bgi izstr\u0101d\u0101tas, lai nodro\u0161in\u0101tu piel\u0101gotus risin\u0101jumus pla\u0161am pielietojumu kl\u0101stam.<\/p>\n<p>Uz\u0146\u0113mum\u0101 FMP m\u0113s saprotam, ka katram klientam ir unik\u0101las pras\u012bbas un izaicin\u0101jumi. T\u0101p\u0113c m\u0113s specializ\u0113jamies piel\u0101gotu risin\u0101jumu pied\u0101v\u0101\u0161an\u0101, neatkar\u012bgi no t\u0101, vai tie attiecas uz atsevi\u0161\u0137\u0101m komponent\u0113m vai piln\u012bb\u0101 integr\u0113t\u0101m sist\u0113m\u0101m. M\u0113s cie\u0161i sadarbojamies ar saviem klientiem, lai nodro\u0161in\u0101tu, ka katrs risin\u0101jums ir ne tikai efekt\u012bvs, bet ar\u012b lietder\u012bgs, optimiz\u0113jot gan veiktsp\u0113ju, gan v\u0113rt\u012bbu. M\u016bsu ap\u0146em\u0161an\u0101s sniegt \u0101tras un profesion\u0101las atbildes apvienojum\u0101 ar ekspertu nor\u0101d\u012bjumiem nodro\u0161ina, ka katrs piepras\u012bjums tiek apstr\u0101d\u0101ts ar visliel\u0101ko r\u016bp\u012bbu un precizit\u0101ti, t\u0101d\u0113j\u0101di sasniedzot vislab\u0101kos iesp\u0113jamos rezult\u0101tus.<\/p>\n<p>M\u0113s priorit\u0101ri izvirz\u0101m atv\u0113rtu un nep\u0101rtrauktu komunik\u0101ciju vis\u0101 produktu izstr\u0101des proces\u0101. M\u016bsu \u012bpa\u0161i izveidot\u0101 komanda str\u0101d\u0101 tie\u0161i ar klientiem, lai piln\u012bb\u0101 izprastu vi\u0146u \u012bpa\u0161\u0101s vajadz\u012bbas, pied\u0101v\u0101jot v\u0113rt\u012bgas atzi\u0146as un ieteikumus, lai nodro\u0161in\u0101tu optim\u0101lus risin\u0101jumus. Neatkar\u012bgi no t\u0101, vai izstr\u0101d\u0101jam inovat\u012bvus produktus vai izpild\u0101m past\u0101v\u012bgus pas\u016bt\u012bjumus, FMP ir ap\u0146\u0113musies vienm\u0113r savlaic\u012bgi pieg\u0101d\u0101t augstas kvalit\u0101tes, prec\u012bzi izstr\u0101d\u0101tus risin\u0101jumus. M\u016bsu m\u0113r\u0137is ir nodro\u0161in\u0101t klientiem vislab\u0101ko apkalpo\u0161anu un rezult\u0101tus, p\u0101rsniedzot cer\u012bbas katr\u0101 projekt\u0101.<\/p>\n<p>Kvalit\u0101te ir FMP darb\u012bbas st\u016brakmens. M\u0113s iev\u0113rojam augst\u0101kos ra\u017eo\u0161anas standartus, ievie\u0161ot stingrus kvalit\u0101tes kontroles pas\u0101kumus, lai nodro\u0161in\u0101tu, ka katrs produkts ne tikai atbilst, bet ar\u012b p\u0101rsniedz nozares standartus. \u0160\u012b nelok\u0101m\u0101 ap\u0146em\u0161an\u0101s nodro\u0161in\u0101t kvalit\u0101ti apvienojum\u0101 ar m\u016bsu pamatv\u0113rt\u012bb\u0101m \u2013 integrit\u0101ti, komandas darbu un neatlaid\u012bbu \u2013 ir \u013c\u0101vusi mums veidot ilgsto\u0161as, uz uztic\u012bbu balst\u012btas attiec\u012bbas ar klientiem gandr\u012bz 30 valst\u012bs vis\u0101 pasaul\u0113.<\/p>\n<p>FMP vienm\u0113r ir atv\u0113rts glob\u0101lu partner\u012bbu veido\u0161anai un joproj\u0101m ir ap\u0146\u0113mies pied\u0101v\u0101t ekspertu padomus un piel\u0101gotus risin\u0101jumus, kas atbilst m\u016bsu klientu da\u017e\u0101daj\u0101m vajadz\u012bb\u0101m. M\u0113s nepied\u0101v\u0101jam tikai produktus; m\u016bsu m\u0113r\u0137is ir veidot ilgsto\u0161as \u200b\u200battiec\u012bbas, kas veicina katra projekta pan\u0101kumus. Neatkar\u012bgi no t\u0101, vai jums ir nepiecie\u0161ami inovat\u012bvi risin\u0101jumi jaunai iniciat\u012bvai vai past\u0101v\u012bgs atbalsts eso\u0161ai sist\u0113mai, FMP ir \u0161eit, lai risin\u0101tu j\u016bsu tehnisk\u0101s probl\u0113mas un nodro\u0161in\u0101tu j\u016bsu turpm\u0101kos pan\u0101kumus.<\/p>\n<p><img loading=\"lazy\" decoding=\"async\" class=\"alignnone size-full wp-image-1861\" src=\"https:\/\/fmp-components.com\/wp-content\/uploads\/2024\/12\/Other-Agricultural-Gearboxes.webp\" sizes=\"(min-width: 0px) and (max-width: 480px) 480px, (min-width: 481px) and (max-width: 980px) 980px, (min-width: 981px) 1200px, 100vw\" srcset=\"https:\/\/fmp-components.com\/wp-content\/uploads\/2024\/12\/Other-Agricultural-Gearboxes.webp 1200w, https:\/\/fmp-components.com\/wp-content\/uploads\/2024\/12\/Other-Agricultural-Gearboxes-980x1143.webp 980w, https:\/\/fmp-components.com\/wp-content\/uploads\/2024\/12\/Other-Agricultural-Gearboxes-480x560.webp 480w\" alt=\"Altri-cambi-agricoli\" width=\"1200\" height=\"1400\" title=\"\"><\/p>\n<p>Autors: CX<\/p>","protected":false},"excerpt":{"rendered":"<p>Specification of Round Baler Gearbox T-290HD i 1.63\/3.0 N1[rpm] 540\/1000 P1[kW] 78\/58 M2[Nm] 2180\/1694 Shaft X\u00a0 40*2*18 Shaft Y 40*2*18 Shaft Z 1&#8221; 3\/8 Z6 Input Z Types of Round Baler Gearboxes Round baler gearboxes are crucial components that drive the baler\u2019s various functions, including the rotation of the rollers, the binding of the bale, [&hellip;]<\/p>","protected":false},"featured_media":2484,"comment_status":"open","ping_status":"closed","template":"","meta":{"_et_pb_use_builder":"","_et_pb_old_content":"","_et_gb_content_width":""},"product_brand":[],"product_cat":[59],"product_tag":[],"class_list":{"0":"post-2482","1":"product","2":"type-product","3":"status-publish","4":"has-post-thumbnail","6":"product_cat-round-baler-gearbox","8":"first","9":"instock","10":"shipping-taxable","11":"product-type-simple"},"_links":{"self":[{"href":"https:\/\/fmp-components.com\/lv\/wp-json\/wp\/v2\/product\/2482","targetHints":{"allow":["GET"]}}],"collection":[{"href":"https:\/\/fmp-components.com\/lv\/wp-json\/wp\/v2\/product"}],"about":[{"href":"https:\/\/fmp-components.com\/lv\/wp-json\/wp\/v2\/types\/product"}],"replies":[{"embeddable":true,"href":"https:\/\/fmp-components.com\/lv\/wp-json\/wp\/v2\/comments?post=2482"}],"wp:featuredmedia":[{"embeddable":true,"href":"https:\/\/fmp-components.com\/lv\/wp-json\/wp\/v2\/media\/2484"}],"wp:attachment":[{"href":"https:\/\/fmp-components.com\/lv\/wp-json\/wp\/v2\/media?parent=2482"}],"wp:term":[{"taxonomy":"product_brand","embeddable":true,"href":"https:\/\/fmp-components.com\/lv\/wp-json\/wp\/v2\/product_brand?post=2482"},{"taxonomy":"product_cat","embeddable":true,"href":"https:\/\/fmp-components.com\/lv\/wp-json\/wp\/v2\/product_cat?post=2482"},{"taxonomy":"product_tag","embeddable":true,"href":"https:\/\/fmp-components.com\/lv\/wp-json\/wp\/v2\/product_tag?post=2482"}],"curies":[{"name":"wp","href":"https:\/\/api.w.org\/{rel}","templated":true}]}}