{"id":2476,"date":"2025-01-01T08:57:07","date_gmt":"2025-01-01T08:57:07","guid":{"rendered":"https:\/\/fmp-components.com\/?page_id=8"},"modified":"2025-01-02T01:23:56","modified_gmt":"2025-01-02T01:23:56","slug":"round-baler-gearbox-replacement-of-comer-code-t-292e","status":"publish","type":"product","link":"https:\/\/fmp-components.com\/lv\/product\/round-baler-gearbox-replacement-of-comer-code-t-292e\/","title":{"rendered":"Ripu preses p\u0101rnesumk\u0101rba \u2013 Comer koda T-292E nomai\u0146a"},"content":{"rendered":"<p><img loading=\"lazy\" decoding=\"async\" class=\"size-full wp-image-2477 aligncenter\" src=\"https:\/\/fmp-components.com\/wp-content\/uploads\/2025\/01\/round-baler-gearbox-t292e-11.webp\" alt=\"apa\u013co-preses-reduktors-t292e-1(1)\" width=\"372\" height=\"300\" title=\"\" srcset=\"https:\/\/fmp-components.com\/wp-content\/uploads\/2025\/01\/round-baler-gearbox-t292e-11.webp 372w, https:\/\/fmp-components.com\/wp-content\/uploads\/2025\/01\/round-baler-gearbox-t292e-11-300x242.webp 300w, https:\/\/fmp-components.com\/wp-content\/uploads\/2025\/01\/round-baler-gearbox-t292e-11-15x12.webp 15w\" sizes=\"(max-width: 372px) 100vw, 372px\" \/><\/p>\n<h2>Apa\u013co \u0137\u012bpu preses p\u0101rnesumk\u0101rbas T292E specifik\u0101cija<\/h2>\n<p><img loading=\"lazy\" decoding=\"async\" class=\"alignnone wp-image-2478\" src=\"https:\/\/fmp-components.com\/wp-content\/uploads\/2025\/01\/china-round-baler-gearbox-details-T292E.webp\" alt=\"\u0136\u012bnas apa\u013co \u0137\u012bpu preses p\u0101rnesumk\u0101rbas deta\u013cas-T292E\" width=\"911\" height=\"811\" title=\"\" srcset=\"https:\/\/fmp-components.com\/wp-content\/uploads\/2025\/01\/china-round-baler-gearbox-details-T292E.webp 911w, https:\/\/fmp-components.com\/wp-content\/uploads\/2025\/01\/china-round-baler-gearbox-details-T292E-480x427.webp 480w\" sizes=\"(min-width: 0px) and (max-width: 480px) 480px, (min-width: 481px) 911px, 100vw\" \/><\/p>\n<table style=\"width: 98.5091%; height: 503px;\" border=\"1\">\n<tbody>\n<tr>\n<td><strong>es<\/strong><\/td>\n<td>1.86<\/td>\n<\/tr>\n<tr>\n<td><strong>N<sub>1<\/sub>[apgr.\/min]<\/strong><\/td>\n<td>540<\/td>\n<\/tr>\n<tr>\n<td><strong>P<sub>1<\/sub>[kW]<\/strong><\/td>\n<td>47.7<\/td>\n<\/tr>\n<tr>\n<td><strong>M<sub>2<\/sub>[Nm]<\/strong><\/td>\n<td>&#8211;<\/td>\n<\/tr>\n<tr>\n<td><strong>V\u0101rpsta X<br \/>\n<img loading=\"lazy\" decoding=\"async\" class=\"size-full wp-image-2473 aligncenter\" src=\"https:\/\/fmp-components.com\/wp-content\/uploads\/2025\/01\/shaft-x.webp\" alt=\"v\u0101rpsta-x\" width=\"81\" height=\"78\" title=\"\" srcset=\"https:\/\/fmp-components.com\/wp-content\/uploads\/2025\/01\/shaft-x.webp 81w, https:\/\/fmp-components.com\/wp-content\/uploads\/2025\/01\/shaft-x-12x12.webp 12w\" sizes=\"(max-width: 81px) 100vw, 81px\" \/><br \/>\n<\/strong><\/td>\n<td>\u00a01\u201d 3\/8 Z6<\/td>\n<\/tr>\n<tr>\n<td><strong>Y v\u0101rpsta<img loading=\"lazy\" decoding=\"async\" class=\"size-full wp-image-2473 aligncenter\" src=\"https:\/\/fmp-components.com\/wp-content\/uploads\/2025\/01\/shaft-x.webp\" alt=\"v\u0101rpsta-x\" width=\"81\" height=\"78\" title=\"\" srcset=\"https:\/\/fmp-components.com\/wp-content\/uploads\/2025\/01\/shaft-x.webp 81w, https:\/\/fmp-components.com\/wp-content\/uploads\/2025\/01\/shaft-x-12x12.webp 12w\" sizes=\"(max-width: 81px) 100vw, 81px\" \/><\/strong><\/td>\n<td>1\u201d 3\/8 Z6<\/td>\n<\/tr>\n<tr>\n<td><strong>V\u0101rpsta Z<img loading=\"lazy\" decoding=\"async\" class=\"size-full wp-image-2480 aligncenter\" src=\"https:\/\/fmp-components.com\/wp-content\/uploads\/2025\/01\/shaft1.webp\" alt=\"v\u0101rpsta\" width=\"83\" height=\"83\" title=\"\" srcset=\"https:\/\/fmp-components.com\/wp-content\/uploads\/2025\/01\/shaft1.webp 83w, https:\/\/fmp-components.com\/wp-content\/uploads\/2025\/01\/shaft1-12x12.webp 12w\" sizes=\"(max-width: 83px) 100vw, 83px\" \/><\/strong><\/td>\n<td>L200 \u03a655<\/td>\n<\/tr>\n<tr>\n<td><strong>Ievade<\/strong><\/td>\n<td>X<\/td>\n<\/tr>\n<\/tbody>\n<\/table>\n<h2>Apa\u013co \u0137\u012bpu preses p\u0101rnesumk\u0101rbas funkcijas<\/h2>\n<p>Ri\u0146\u0137a preses p\u0101rnesumk\u0101rba ir b\u016btiska lauksaimniec\u012bbas tehnikas sast\u0101vda\u013ca, kas nodro\u0161ina ru\u013c\u013ca preses efekt\u012bvu darb\u012bbu. T\u0101l\u0101k ir nor\u0101d\u012btas tipiskas ru\u013c\u013ca preses p\u0101rnesumk\u0101rbas galven\u0101s iez\u012bmes, kas paredz\u0113tas veiktsp\u0113jas, iztur\u012bbas un uzticam\u012bbas uzlabo\u0161anai:<\/p>\n<p><strong>Augsta griezes momenta jauda<\/strong><\/p>\n<p>Apa\u013co preses p\u0101rnesumk\u0101rbas ir konstru\u0113tas t\u0101, lai nodro\u0161in\u0101tu lielu griezes momentu, \u013caujot presei efekt\u012bvi apstr\u0101d\u0101t lielus kult\u016braugu daudzumus, tostarp sienu, salmus un sk\u0101bbar\u012bbu. Augstais griezes moments nodro\u0161ina preses vienm\u0113r\u012bgu darb\u012bbu pat lielas slodzes apst\u0101k\u013cos.<\/p>\n<ul>\n<li>Ieguvums: Nodro\u0161ina past\u0101v\u012bgu un uzticamu jaudu bl\u012bv\u0101m un mitr\u0101m kult\u016br\u0101m, samazinot p\u0101rslodzes risku.<\/li>\n<\/ul>\n<p><strong>Iztur\u012bga konstrukcija<\/strong><\/p>\n<p>Ripu preses p\u0101rnesumk\u0101rbas ir izgatavotas no augstas iztur\u012bbas materi\u0101liem, kas var iztur\u0113t skarbos lauksaimniec\u012bbas apst\u0101k\u013cus. Iztur\u012bgais korpuss un p\u0101rnesumi nodro\u0161ina ilgsto\u0161u darb\u012bbu pat sare\u017e\u0123\u012btos apst\u0101k\u013cos, piem\u0113ram, skarbos laikapst\u0101k\u013cos, mitrum\u0101 un augsta spiediena situ\u0101cij\u0101s.<\/p>\n<ul>\n<li>Ieguvums: Maksim\u0101li palielina iztur\u012bbu un samazina boj\u0101jumu risku, samazinot d\u012bkst\u0101ves laiku un apkopes izmaksas.<\/li>\n<\/ul>\n<p><strong>Prec\u012bzs p\u0101rnesumskaitlis (piem\u0113ram, 1:3 vai 1:4)<\/strong><\/p>\n<p>Ripu preses reduktora p\u0101rnesumskaitlis ir optimiz\u0113ts, lai l\u012bdzsvarotu griezes momentu un \u0101trumu. Izplat\u012bt\u0101kie p\u0101rnesumskait\u013ci, piem\u0113ram, 1:3 vai 1:4, nodro\u0161ina pareizo jaudas daudzumu, lai veidotu kompaktus, vienm\u0113r\u012bgus \u0137\u012bpas, nep\u0101rslogojot sist\u0113mu. Atbilsto\u0161s p\u0101rnesumskaitlis pal\u012bdz presei efekt\u012bvi darboties da\u017e\u0101du kult\u016braugu veidu gad\u012bjum\u0101.<\/p>\n<ul>\n<li>Ieguvums: Nodro\u0161ina vienm\u0113r\u012bgu darb\u012bbu un vienm\u0113r\u012bgu ru\u013c\u013cu veido\u0161anos, apstr\u0101d\u0101jot da\u017e\u0101dus materi\u0101lus un lauka apst\u0101k\u013cus.<\/li>\n<\/ul>\n<p><strong>Vienm\u0113r\u012bga darb\u012bba ar zemu vibr\u0101cijas l\u012bmeni<\/strong><\/p>\n<p>Ripu preses p\u0101rnesumk\u0101rbas ir konstru\u0113tas vienm\u0113r\u012bgai darb\u012bbai, ar modernu konstrukciju, kas samazina vibr\u0101cijas un meh\u0101nisko spriegumu. Tas nodro\u0161ina klus\u0101ku darb\u012bbu un samazina gan p\u0101rnesumk\u0101rbas, gan citu savienoto deta\u013cu nodilumu.<\/p>\n<ul>\n<li>Ieguvums: Uzlabo p\u0101rnesumk\u0101rbas un pievienoto komponentu ilgm\u016b\u017e\u012bbu, vienlaikus nodro\u0161inot klus\u0101ku un efekt\u012bv\u0101ku pres\u0113\u0161anas procesu.<\/li>\n<\/ul>\n<p><strong>Viegli kopjams dizains<\/strong><\/p>\n<p>P\u0101rnesumk\u0101rba ir konstru\u0113ta t\u0101, lai to b\u016btu viegli apkopt, ar piek\u013cuves punktiem e\u013c\u013co\u0161anai, p\u0101rbaudei un apkopei. Regul\u0101ri apkopes darbi ir vienk\u0101r\u0161oti, nodro\u0161inot, ka operatori var uztur\u0113t p\u0101rnesumk\u0101rbas efekt\u012bvu darb\u012bbu bez p\u0101rm\u0113r\u012bgas d\u012bkst\u0101ves.<\/p>\n<ul>\n<li>Ieguvums: Samazina apkopes sare\u017e\u0123\u012bt\u012bbu un tai nepiecie\u0161amo laiku, palielinot darb\u012bbas laiku.<\/li>\n<\/ul>\n<p>Ri\u0146\u0137a preses p\u0101rnesumk\u0101rba ir b\u016btiska sast\u0101vda\u013ca pres\u0113\u0161anas iek\u0101rtu efekt\u012bvai darb\u012bbai. T\u0101s augst\u0101 griezes momenta jauda, \u200b\u200biztur\u012bg\u0101 konstrukcija, prec\u012bzie p\u0101rnesumu skait\u013ci un viegli apkopjam\u0101 konstrukcija nodro\u0161ina optim\u0101lu veiktsp\u0113ju, uzticam\u012bbu un ilgm\u016b\u017e\u012bbu lauksaimniec\u012bbas darbos. Neatkar\u012bgi no t\u0101, vai t\u0101 ir siena, salmu vai sk\u0101bbar\u012bbas pres\u0113\u0161ana, ri\u0146\u0137a preses p\u0101rnesumk\u0101rba nodro\u0161ina vienm\u0113r\u012bgu, efekt\u012bvu un rentablu darb\u012bbu, padarot to par v\u0113rt\u012bgu ieguld\u012bjumu lauksaimniekiem un darbuz\u0146\u0113m\u0113jiem.<\/p>\n<p><img loading=\"lazy\" decoding=\"async\" class=\"size-full wp-image-2479 aligncenter\" src=\"https:\/\/fmp-components.com\/wp-content\/uploads\/2025\/01\/round-baler-gearbox-T292E-e1.webp\" alt=\"apa\u013co-preses-reduktors-T292E-e(1)\" width=\"500\" height=\"500\" title=\"\" srcset=\"https:\/\/fmp-components.com\/wp-content\/uploads\/2025\/01\/round-baler-gearbox-T292E-e1.webp 500w, https:\/\/fmp-components.com\/wp-content\/uploads\/2025\/01\/round-baler-gearbox-T292E-e1-480x480.webp 480w\" sizes=\"(min-width: 0px) and (max-width: 480px) 480px, (min-width: 481px) 500px, 100vw\" \/><\/p>\n<h3>Par FMP<\/h3>\n<p>FMP galven\u0101 m\u012btne atrodas It\u0101lij\u0101, un tas ir atz\u012bts l\u012bderis augstas veiktsp\u0113jas p\u0101rnesumk\u0101rbu projekt\u0113\u0161an\u0101, izstr\u0101d\u0113 un ra\u017eo\u0161an\u0101, \u012bpa\u0161u uzsvaru liekot uz lauksaimniec\u012bbas tehniku. FMP, kas ir slavens ar savu prec\u012bzo in\u017eenieriju, inovat\u012bvajiem risin\u0101jumiem un bezkompromisa uzticam\u012bbu, ir iemantojis gan lauksaimniec\u012bbas, gan r\u016bpniec\u012bbas sektora uztic\u012bbu. M\u016bsu visaptvero\u0161aj\u0101 produktu kl\u0101st\u0101 ietilpst specializ\u0113tas p\u0101rnesumk\u0101rbas z\u0101les p\u013c\u0101v\u0113jiem, j\u016bgv\u0101rpstas un citas svar\u012bgas sast\u0101vda\u013cas, kas visas ir paredz\u0113tas, lai nodro\u0161in\u0101tu piel\u0101gotus risin\u0101jumus pla\u0161am pielietojumu kl\u0101stam.<\/p>\n<p>Uz\u0146\u0113mum\u0101 FMP m\u0113s saprotam, ka katram klientam ir unik\u0101las probl\u0113mas un pras\u012bbas. T\u0101p\u0113c m\u0113s specializ\u0113jamies piel\u0101gotu risin\u0101jumu nodro\u0161in\u0101\u0161an\u0101, neatkar\u012bgi no t\u0101, vai tie attiecas uz atsevi\u0161\u0137\u0101m komponent\u0113m vai piln\u012bb\u0101 integr\u0113t\u0101m sist\u0113m\u0101m. M\u0113s cie\u0161i sadarbojamies ar saviem klientiem, lai nodro\u0161in\u0101tu, ka katrs risin\u0101jums ir ne tikai efekt\u012bvs, bet ar\u012b lietder\u012bgs, optimiz\u0113jot veiktsp\u0113ju un v\u0113rt\u012bbu. M\u016bsu ap\u0146em\u0161an\u0101s sniegt \u0101tras un profesion\u0101las atbildes un ekspertu nor\u0101d\u012bjumus garant\u0113, ka katrs piepras\u012bjums tiek p\u0101rvald\u012bts prec\u012bzi, t\u0101d\u0113j\u0101di sasniedzot vislab\u0101kos iesp\u0113jamos rezult\u0101tus.<\/p>\n<p>M\u0113s lielu uzsvaru liekam uz atkl\u0101tu un nep\u0101rtrauktu komunik\u0101ciju vis\u0101 produktu izstr\u0101des proces\u0101. M\u016bsu \u012bpa\u0161i izveidot\u0101 komanda str\u0101d\u0101 tie\u0161i ar klientiem, lai r\u016bp\u012bgi izprastu vi\u0146u \u012bpa\u0161\u0101s vajadz\u012bbas, pied\u0101v\u0101jot ieskatus sniedzo\u0161us ieteikumus un praktiskus risin\u0101jumus. Neatkar\u012bgi no t\u0101, vai izstr\u0101d\u0101jam jaunus, inovat\u012bvus produktus vai izpild\u0101m eso\u0161os pas\u016bt\u012bjumus, FMP stingri turas pie augstas kvalit\u0101tes, prec\u012bzi izstr\u0101d\u0101tu risin\u0101jumu pieg\u0101des konsekventi un laik\u0101. M\u016bsu m\u0113r\u0137is ir p\u0101rsniegt klientu cer\u012bbas, nodro\u0161inot nep\u0101rsp\u0113jamu servisu un izcilus rezult\u0101tus katr\u0101 projekt\u0101.<\/p>\n<p>FMP darb\u012bbas pamat\u0101 ir nelok\u0101ma ap\u0146em\u0161an\u0101s nodro\u0161in\u0101t kvalit\u0101ti. M\u0113s iev\u0113rojam augst\u0101kos ra\u017eo\u0161anas standartus un iev\u0113rojam stingrus kvalit\u0101tes kontroles protokolus, lai nodro\u0161in\u0101tu, ka katrs produkts ne tikai atbilst, bet ar\u012b p\u0101rsniedz nozares cer\u012bbas. \u0160\u012b ap\u0146em\u0161an\u0101s nodro\u0161in\u0101t kvalit\u0101ti apvienojum\u0101 ar m\u016bsu pamatv\u0113rt\u012bb\u0101m \u2013 integrit\u0101ti, sadarb\u012bbu un iztur\u012bbu \u2013 ir \u013c\u0101vusi mums izveidot ilgsto\u0161as \u200b\u200battiec\u012bbas ar klientiem vair\u0101k nek\u0101 30 valst\u012bs vis\u0101 pasaul\u0113.<\/p>\n<p>FMP ir ap\u0146\u0113mies veidot glob\u0101las partnerattiec\u012bbas un joproj\u0101m ir ap\u0146\u0113mies pied\u0101v\u0101t ekspertu padomus un piel\u0101gotus risin\u0101jumus, kas atbilst m\u016bsu klientu da\u017e\u0101daj\u0101m vajadz\u012bb\u0101m. M\u0113s ne tikai pieg\u0101d\u0101jam produktus, bet ar\u012b veicin\u0101m ilgtermi\u0146a attiec\u012bbas, kas veicina katra projekta past\u0101v\u012bgus pan\u0101kumus. Neatkar\u012bgi no t\u0101, vai mekl\u0113jat inovat\u012bvus risin\u0101jumus jaunam uz\u0146\u0113mumam vai past\u0101v\u012bgu atbalstu jau eso\u0161ai sist\u0113mai, FMP ir \u0161eit, lai risin\u0101tu j\u016bsu tehnisk\u0101s probl\u0113mas un nodro\u0161in\u0101tu j\u016bsu nep\u0101rtrauktu izaugsmi.<\/p>\n<p><img loading=\"lazy\" decoding=\"async\" class=\"alignnone size-full wp-image-1861\" src=\"https:\/\/fmp-components.com\/wp-content\/uploads\/2024\/12\/Other-Agricultural-Gearboxes.webp\" sizes=\"(min-width: 0px) and (max-width: 480px) 480px, (min-width: 481px) and (max-width: 980px) 980px, (min-width: 981px) 1200px, 100vw\" srcset=\"https:\/\/fmp-components.com\/wp-content\/uploads\/2024\/12\/Other-Agricultural-Gearboxes.webp 1200w, https:\/\/fmp-components.com\/wp-content\/uploads\/2024\/12\/Other-Agricultural-Gearboxes-980x1143.webp 980w, https:\/\/fmp-components.com\/wp-content\/uploads\/2024\/12\/Other-Agricultural-Gearboxes-480x560.webp 480w\" alt=\"Altri-cambi-agricoli\" width=\"1200\" height=\"1400\" title=\"\"><\/p>\n<p>Autors: CX<\/p>","protected":false},"excerpt":{"rendered":"<p>Round Baler Gearbox T292E\u00a0Specification i 1.86 N1[rpm] 540 P1[kW] 47.7 M2[Nm] &#8211; Shaft X \u00a01&#8221; 3\/8 Z6 Shaft Y 1&#8221; 3\/8 Z6 Shaft Z L200 \u03a655 Input X Round Baler Gearbox Features The Round Baler Gearbox is a critical component in agricultural baling machinery, ensuring the effective operation of round balers. Below are the key [&hellip;]<\/p>","protected":false},"featured_media":2479,"comment_status":"open","ping_status":"closed","template":"","meta":{"_et_pb_use_builder":"","_et_pb_old_content":"","_et_gb_content_width":""},"product_brand":[],"product_cat":[59],"product_tag":[],"class_list":{"0":"post-2476","1":"product","2":"type-product","3":"status-publish","4":"has-post-thumbnail","6":"product_cat-round-baler-gearbox","8":"first","9":"instock","10":"shipping-taxable","11":"product-type-simple"},"_links":{"self":[{"href":"https:\/\/fmp-components.com\/lv\/wp-json\/wp\/v2\/product\/2476","targetHints":{"allow":["GET"]}}],"collection":[{"href":"https:\/\/fmp-components.com\/lv\/wp-json\/wp\/v2\/product"}],"about":[{"href":"https:\/\/fmp-components.com\/lv\/wp-json\/wp\/v2\/types\/product"}],"replies":[{"embeddable":true,"href":"https:\/\/fmp-components.com\/lv\/wp-json\/wp\/v2\/comments?post=2476"}],"wp:featuredmedia":[{"embeddable":true,"href":"https:\/\/fmp-components.com\/lv\/wp-json\/wp\/v2\/media\/2479"}],"wp:attachment":[{"href":"https:\/\/fmp-components.com\/lv\/wp-json\/wp\/v2\/media?parent=2476"}],"wp:term":[{"taxonomy":"product_brand","embeddable":true,"href":"https:\/\/fmp-components.com\/lv\/wp-json\/wp\/v2\/product_brand?post=2476"},{"taxonomy":"product_cat","embeddable":true,"href":"https:\/\/fmp-components.com\/lv\/wp-json\/wp\/v2\/product_cat?post=2476"},{"taxonomy":"product_tag","embeddable":true,"href":"https:\/\/fmp-components.com\/lv\/wp-json\/wp\/v2\/product_tag?post=2476"}],"curies":[{"name":"wp","href":"https:\/\/api.w.org\/{rel}","templated":true}]}}