{"id":2471,"date":"2025-01-01T08:51:38","date_gmt":"2025-01-01T08:51:38","guid":{"rendered":"https:\/\/fmp-components.com\/?page_id=8"},"modified":"2025-01-02T01:11:49","modified_gmt":"2025-01-02T01:11:49","slug":"round-baler-gearbox-replacement-of-comer-code-tv-290h","status":"publish","type":"product","link":"https:\/\/fmp-components.com\/lv\/product\/round-baler-gearbox-replacement-of-comer-code-tv-290h\/","title":{"rendered":"Ripu preses p\u0101rnesumk\u0101rba \u2013 Comer koda TV-290H nomai\u0146a"},"content":{"rendered":"<p><img loading=\"lazy\" decoding=\"async\" class=\"size-full wp-image-2474 aligncenter\" src=\"https:\/\/fmp-components.com\/wp-content\/uploads\/2025\/01\/round-baler-gearbox1.webp\" alt=\"apa\u013co-\u0137\u012bpu-preses-reduktors(1)\" width=\"500\" height=\"500\" title=\"\" srcset=\"https:\/\/fmp-components.com\/wp-content\/uploads\/2025\/01\/round-baler-gearbox1.webp 500w, https:\/\/fmp-components.com\/wp-content\/uploads\/2025\/01\/round-baler-gearbox1-480x480.webp 480w\" sizes=\"(min-width: 0px) and (max-width: 480px) 480px, (min-width: 481px) 500px, 100vw\" \/><\/p>\n<h2>Ripu preses \u0101trumk\u0101rbas TV-290H specifik\u0101cija<\/h2>\n<p><img loading=\"lazy\" decoding=\"async\" class=\"alignnone wp-image-2475\" src=\"https:\/\/fmp-components.com\/wp-content\/uploads\/2025\/01\/round-baler-gearbox-t290h-details.webp\" alt=\"apa\u013co-\u0137\u012bpu-preses-reduktors(1)\" width=\"859\" height=\"492\" title=\"\" srcset=\"https:\/\/fmp-components.com\/wp-content\/uploads\/2025\/01\/round-baler-gearbox-t290h-details.webp 859w, https:\/\/fmp-components.com\/wp-content\/uploads\/2025\/01\/round-baler-gearbox-t290h-details-480x275.webp 480w\" sizes=\"(min-width: 0px) and (max-width: 480px) 480px, (min-width: 481px) 859px, 100vw\" \/><\/p>\n<table style=\"width: 91.9211%; height: 222px;\" border=\"1\">\n<tbody>\n<tr>\n<td style=\"width: 46.9262%;\"><strong>es<\/strong><\/td>\n<td style=\"width: 39.5492%;\">2.07<\/td>\n<\/tr>\n<tr>\n<td style=\"width: 46.9262%;\"><strong>N<sub>1<\/sub>[apgr.\/min]<\/strong><\/td>\n<td style=\"width: 39.5492%;\">540<\/td>\n<\/tr>\n<tr>\n<td style=\"width: 46.9262%;\"><strong>P<sub>1<\/sub>[kW]<\/strong><\/td>\n<td style=\"width: 39.5492%;\">51.5<\/td>\n<\/tr>\n<tr>\n<td style=\"width: 46.9262%;\"><strong>M<sub>2<\/sub>[Nm]<\/strong><\/td>\n<td style=\"width: 39.5492%;\">1828<\/td>\n<\/tr>\n<tr>\n<td style=\"width: 46.9262%;\"><strong>V\u0101rpsta X<img loading=\"lazy\" decoding=\"async\" class=\"size-full wp-image-2472 aligncenter\" src=\"https:\/\/fmp-components.com\/wp-content\/uploads\/2025\/01\/shaft.webp\" alt=\"v\u0101rpsta\" width=\"64\" height=\"57\" title=\"\" srcset=\"https:\/\/fmp-components.com\/wp-content\/uploads\/2025\/01\/shaft.webp 64w, https:\/\/fmp-components.com\/wp-content\/uploads\/2025\/01\/shaft-13x12.webp 13w\" sizes=\"(max-width: 64px) 100vw, 64px\" \/><br \/>\n<\/strong><\/td>\n<td style=\"width: 39.5492%;\">39*40<\/td>\n<\/tr>\n<tr>\n<td style=\"width: 46.9262%;\"><strong>V\u0101rpsta Z<img loading=\"lazy\" decoding=\"async\" class=\"size-full wp-image-2473 aligncenter\" src=\"https:\/\/fmp-components.com\/wp-content\/uploads\/2025\/01\/shaft-x.webp\" alt=\"v\u0101rpsta-x\" width=\"81\" height=\"78\" title=\"\" srcset=\"https:\/\/fmp-components.com\/wp-content\/uploads\/2025\/01\/shaft-x.webp 81w, https:\/\/fmp-components.com\/wp-content\/uploads\/2025\/01\/shaft-x-12x12.webp 12w\" sizes=\"(max-width: 81px) 100vw, 81px\" \/><\/strong><\/td>\n<td style=\"width: 39.5492%;\">1\u201d 3\/8 Z6<\/td>\n<\/tr>\n<tr>\n<td style=\"width: 46.9262%;\"><strong>Ievade<\/strong><\/td>\n<td style=\"width: 39.5492%;\">Z<\/td>\n<\/tr>\n<\/tbody>\n<\/table>\n<h3>Ripu preses reduktora TV-290H galven\u0101s iez\u012bmes<\/h3>\n<p>Ripu preses p\u0101rnesumk\u0101rba TV-290H ir izstr\u0101d\u0101ta, lai nodro\u0161in\u0101tu izcilu veiktsp\u0113ju, iztur\u012bbu un uzticam\u012bbu ru\u013c\u013cu pres\u0113\u0161anas darbos. T\u0101l\u0101k ir nor\u0101d\u012btas \u0161\u012bs p\u0101rnesumk\u0101rbas galven\u0101s iez\u012bmes:<\/p>\n<p><strong>Augsts griezes moments<\/strong><\/p>\n<p>TV-290H p\u0101rnesumk\u0101rba ir konstru\u0113ta ar lielu griezes momentu, padarot to ide\u0101li piem\u0113rotu smagiem pres\u0113\u0161anas darbiem. T\u0101s iztur\u012bg\u0101 konstrukcija nodro\u0161ina vienm\u0113r\u012bgu un uzticamu jaudas p\u0101rvadi, \u013caujot ru\u013c\u013cu presei efekt\u012bvi darboties pat sare\u017e\u0123\u012btos apst\u0101k\u013cos, piem\u0113ram, bl\u012bvas kult\u016bras vai mitru materi\u0101lu gad\u012bjum\u0101.<\/p>\n<ul>\n<li>Priek\u0161roc\u012bba: Efekt\u012bva un jaud\u012bga darb\u012bba sare\u017e\u0123\u012btos lauksaimniec\u012bbas apst\u0101k\u013cos.<\/li>\n<\/ul>\n<p><strong>Uzlabots p\u0101rnesumskaitlis (1:3,4)<\/strong><\/p>\n<p>\u0160ai p\u0101rnesumk\u0101rbai ir 1:3,4 p\u0101rnesumskaitlis, kas nodro\u0161ina optim\u0101lu l\u012bdzsvaru starp griezes momentu un \u0101trumu. \u0160is p\u0101rnesumskaitlis \u013cauj ru\u013c\u013cu presei saglab\u0101t vienm\u0113r\u012bgu un past\u0101v\u012bgu darb\u012bbu pat tad, ja tiek apstr\u0101d\u0101ti lieli kult\u016braugu daudzumi. Tas nodro\u0161ina, ka prese var apstr\u0101d\u0101t pla\u0161u materi\u0101lu kl\u0101stu, neapdraudot veiktsp\u0113ju.<\/p>\n<ul>\n<li>Ieguvums: Nodro\u0161ina vienm\u0113r\u012bgu darb\u012bbu un elast\u012bbu, apstr\u0101d\u0101jot da\u017e\u0101das kult\u016bras.<\/li>\n<\/ul>\n<p><strong>Iztur\u012bga un jaud\u012bga konstrukcija<\/strong><\/p>\n<p>TV-290H p\u0101rnesumk\u0101rba, kas izgatavota no augstas kvalit\u0101tes materi\u0101liem, ir paredz\u0113ta, lai iztur\u0113tu skarbos lauksaimniec\u012bbas vides apst\u0101k\u013cus. Iztur\u012bgais korpuss un iek\u0161\u0113j\u0101s deta\u013cas nodro\u0161ina, ka p\u0101rnesumk\u0101rba var nep\u0101rtraukti darboties skarbos apst\u0101k\u013cos bez k\u013c\u016bm\u0113m, samazinot d\u012bkst\u0101ves laiku un apkopes izmaksas.<\/p>\n<ul>\n<li>Ieguvums: ilg\u0101ks kalpo\u0161anas laiks un samazin\u0101ts boj\u0101jumu risks pat sare\u017e\u0123\u012btos lauka apst\u0101k\u013cos.<\/li>\n<\/ul>\n<p><strong>Prec\u012bza in\u017eenierija vienm\u0113r\u012bgai darb\u012bbai<\/strong><\/p>\n<p>P\u0101rnesumk\u0101rba ir prec\u012bzi konstru\u0113ta, lai samazin\u0101tu berzi un uzlabotu efektivit\u0101ti, t\u0101d\u0113j\u0101di nodro\u0161inot vienm\u0113r\u012bg\u0101ku un klus\u0101ku darb\u012bbu. T\u0101s konstrukcija samazina vibr\u0101cijas un meh\u0101nisko spriegumu, kas pal\u012bdz saglab\u0101t p\u0101rnesumk\u0101rbas integrit\u0101ti laika gait\u0101 un samazina citu pievienoto komponentu nodilumu.<\/p>\n<ul>\n<li>Ieguvums: Uzlabo preses kop\u0113jo efektivit\u0101ti un pagarina p\u0101rnesumk\u0101rbas un pievienoto deta\u013cu kalpo\u0161anas laiku.<\/li>\n<\/ul>\n<p><strong>Viegli kopjams dizains<\/strong><\/p>\n<p>TV-290H p\u0101rnesumk\u0101rba ir izstr\u0101d\u0101ta, \u0146emot v\u0113r\u0101 t\u0101s vienk\u0101r\u0161otu apkopi. Tai ir viegli pieejamas e\u013c\u013co\u0161anas un p\u0101rbaudes vietas, kas \u013cauj veikt \u0101tru un vienk\u0101r\u0161u apkopi. Samazin\u0101ta nepiecie\u0161am\u012bba p\u0113c bie\u017ea remonta nodro\u0161ina zem\u0101kas ekspluat\u0101cijas izmaksas un augst\u0101ku produktivit\u0101ti.<\/p>\n<ul>\n<li>Ieguvums: Vienk\u0101r\u0161o apkopi un samazina d\u012bkst\u0101ves laiku, pal\u012bdzot nodro\u0161in\u0101t netrauc\u0113tu darb\u012bbu.<\/li>\n<\/ul>\n<p><strong>Daudzpus\u012bba un sader\u012bba<\/strong><\/p>\n<p>TV-290H p\u0101rnesumk\u0101rba ir sader\u012bga ar da\u017e\u0101diem ru\u013c\u013cu presu mode\u013ciem, padarot to par daudzpus\u012bgu izv\u0113li da\u017e\u0101d\u0101m lauksaimniec\u012bbas darb\u012bb\u0101m. T\u0101s piel\u0101gojamais dizains noz\u012bm\u0113, ka to var viegli integr\u0113t eso\u0161aj\u0101s sist\u0113m\u0101s, nodro\u0161inot elast\u012bbu lauksaimniekiem un darbuz\u0146\u0113m\u0113jiem, kuri v\u0113las uzlabot vai nomain\u012bt savu ru\u013c\u013cu presu p\u0101rnesumk\u0101rbas.<\/p>\n<ul>\n<li>Priek\u0161roc\u012bba: Pla\u0161a sader\u012bba ar da\u017e\u0101diem presu mode\u013ciem, nodro\u0161inot daudzpus\u012bbu un vienk\u0101r\u0161u integr\u0101ciju.<\/li>\n<\/ul>\n<p>Riepu preses p\u0101rnesumk\u0101rba TV-290H pied\u0101v\u0101 augsta griezes momenta, iztur\u012bbas un prec\u012bzas in\u017eenierijas apvienojumu, padarot to par lielisku izv\u0113li pras\u012bg\u0101m ripu pres\u0113\u0161anas oper\u0101cij\u0101m. Ar savu uzlaboto p\u0101rnesumu attiec\u012bbu, mazpras\u012bgo apkopi un iztur\u012bgo konstrukciju \u0161\u012b p\u0101rnesumk\u0101rba nodro\u0161ina past\u0101v\u012bgu veiktsp\u0113ju, samazin\u0101tu d\u012bkst\u0101ves laiku un ilgsto\u0161u uzticam\u012bbu. Neatkar\u012bgi no t\u0101, vai apstr\u0101d\u0101jat sienu, salmus vai citas kult\u016bras, TV-290H p\u0101rnesumk\u0101rba nodro\u0161ina efektivit\u0101ti un uzticam\u012bbu, kas nepiecie\u0161ama optim\u0101lai pres\u0113\u0161anas veiktsp\u0113jai.<\/p>\n<p><img loading=\"lazy\" decoding=\"async\" class=\"alignnone size-full wp-image-2468\" src=\"https:\/\/fmp-components.com\/wp-content\/uploads\/2025\/01\/Round-Baler-Gearbox-T-304A-Applications-21.webp\" alt=\"Apa\u013co-preses-reduktors-T-304A-lietojumi-2(1)\" width=\"1000\" height=\"640\" title=\"\" srcset=\"https:\/\/fmp-components.com\/wp-content\/uploads\/2025\/01\/Round-Baler-Gearbox-T-304A-Applications-21.webp 1000w, https:\/\/fmp-components.com\/wp-content\/uploads\/2025\/01\/Round-Baler-Gearbox-T-304A-Applications-21-980x627.webp 980w, https:\/\/fmp-components.com\/wp-content\/uploads\/2025\/01\/Round-Baler-Gearbox-T-304A-Applications-21-480x307.webp 480w\" sizes=\"(min-width: 0px) and (max-width: 480px) 480px, (min-width: 481px) and (max-width: 980px) 980px, (min-width: 981px) 1000px, 100vw\" \/><\/p>\n<h2>Apa\u013c\u0101s preses p\u0101rnesumk\u0101rbas TV-290H pielietojums<\/h2>\n<p>Riepu preses p\u0101rnesumk\u0101rba TV-290H ir \u012bpa\u0161i izstr\u0101d\u0101ta izmanto\u0161anai lauksaimniec\u012bbas ru\u013c\u013cu pres\u0113\u0161anas ma\u0161\u012bn\u0101s, padarot to par b\u016btisku efekt\u012bvai un uzticamai pres\u0113\u0161anas darb\u012bbai da\u017e\u0101dos lauksaimniec\u012bbas uzdevumos. T\u0101l\u0101k ir nor\u0101d\u012bti \u0161\u012bs p\u0101rnesumk\u0101rbas galvenie pielietojumi:<\/p>\n<p><strong>Siena pres\u0113\u0161ana<\/strong><\/p>\n<p>TV-290H p\u0101rnesumk\u0101rba tiek pla\u0161i izmantota siena pres\u0113\u0161anas darbos, kur t\u0101 pal\u012bdz apa\u013caj\u0101m pres\u0113m efekt\u012bvi sav\u0101kt un sabl\u012bv\u0113t \u017e\u0101v\u0113tu z\u0101li \u0137\u012bp\u0101s. T\u0101s augstais griezes moments un prec\u012bz\u0101 in\u017eenierija nodro\u0161ina vienm\u0113r\u012bgu darb\u012bbu pat ar lieliem siena apjomiem, samazinot boj\u0101jumu iesp\u0113jam\u012bbu kritiskos ra\u017eas nov\u0101k\u0161anas laikos.<\/p>\n<ul>\n<li>Pielietojums: Ide\u0101li piem\u0113rots siena pres\u0113\u0161anai liela m\u0113roga siena ra\u017eo\u0161an\u0101, nodro\u0161inot vienm\u0113r\u012bgu ru\u013c\u013ca veido\u0161anos un kvalit\u0101ti.<\/li>\n<\/ul>\n<p><strong>Sk\u0101bbar\u012bbas pres\u0113\u0161ana<\/strong><\/p>\n<p>Sk\u0101bbar\u012bbas pres\u0113\u0161an\u0101 TV-290H p\u0101rnesumk\u0101rbai ir iz\u0161\u0137iro\u0161a noz\u012bme mitru kult\u016braugu, piem\u0113ram, lucernas, \u0101boli\u0146a vai kukur\u016bzas stiebru, apstr\u0101d\u0113. P\u0101rnesumk\u0101rbas augst\u0101 griezes momenta jauda nodro\u0161ina, ka prese var apstr\u0101d\u0101t bl\u012bvu, mitru materi\u0101lu, nep\u0101rslogojot sist\u0113mu, t\u0101d\u0113j\u0101di nodro\u0161inot efekt\u012bv\u0101ku sk\u0101bbar\u012bbas uzglab\u0101\u0161anu un bar\u012bbas saglab\u0101\u0161anu.<\/p>\n<ul>\n<li>Pielietojums: Piem\u0113rots sk\u0101bbar\u012bbas pres\u0113\u0161anai, pal\u012bdzot saglab\u0101t kult\u016braugu integrit\u0101ti, vienlaikus uzlabojot bar\u012bbas kvalit\u0101ti m\u0101jlopiem.<\/li>\n<\/ul>\n<p><strong>Salmu pres\u0113\u0161ana<\/strong><\/p>\n<p>TV-290H p\u0101rnesumk\u0101rba tiek pla\u0161i izmantota ar\u012b salmu pres\u0113 p\u0113c ra\u017eas nov\u0101k\u0161anas. T\u0101 pal\u012bdz apa\u013caj\u0101m pres\u0113m sav\u0101kt un saspiest salmus vien\u0101dos \u0137\u012bp\u0101s. T\u0101s augst\u0101 griezes momenta jauda nodro\u0161ina, ka prese var apstr\u0101d\u0101t salmu \u0161\u0137iedraino raksturu, ra\u017eojot iztur\u012bgus \u0137\u012bpus, kas piem\u0113roti da\u017e\u0101diem m\u0113r\u0137iem, piem\u0113ram, dz\u012bvnieku pakai\u0161iem vai bioener\u0123ijas ra\u017eo\u0161anai.<\/p>\n<ul>\n<li>Lietojums: Efekt\u012bvs salmu apstr\u0101dei p\u0113c graudu nov\u0101k\u0161anas, nodro\u0161inot kvalitat\u012bvus \u0137\u012bpas da\u017e\u0101diem lietojumiem lauksaimniec\u012bb\u0101 un r\u016bpniec\u012bb\u0101.<\/li>\n<\/ul>\n<p><strong>Kult\u016braugu atlieku apsaimnieko\u0161ana<\/strong><\/p>\n<p>Lauksaimnieki izmanto ar TV-290H apr\u012bkotas apa\u013c\u0101s preses ra\u017eas atlikumu apstr\u0101dei. P\u0113c ra\u017eas nov\u0101k\u0161anas p\u0101rnesumk\u0101rba pal\u012bdz pres\u0113t atliku\u0161os augu materi\u0101lus, uzlabojot lauka t\u012br\u012bbu un atvieglojot ra\u017eas atlikumu utiliz\u0101ciju vai atk\u0101rtotu izmanto\u0161anu.<\/p>\n<ul>\n<li>Lietojums: Atbalsta efekt\u012bvu kult\u016braugu atlieku p\u0101rvald\u012bbu, samazinot atkritumus un uzlabojot lauka sagatavo\u0161anu n\u0101kamajai s\u0113jas sezonai.<\/li>\n<\/ul>\n<p><strong>Lopbar\u012bbas nov\u0101k\u0161ana<\/strong><\/p>\n<p>P\u0101rnesumk\u0101rba tiek izmantota lopbar\u012bbas nov\u0101k\u0161an\u0101, \u012bpa\u0161i da\u017e\u0101du lopbar\u012bbas kult\u016bru, piem\u0113ram, \u0101boli\u0146a, airenes un citu gan\u012bbu augu, sav\u0101k\u0161an\u0101 un pres\u0113\u0161an\u0101. T\u0101s konstrukcija nodro\u0161ina optim\u0101lu veiktsp\u0113ju bl\u012bv\u0101 lopbar\u012bb\u0101, pal\u012bdzot ra\u017eot cie\u0161i sapres\u0113tas un viegli uzglab\u0101jamas \u0137\u012bpas.<\/p>\n<ul>\n<li>Pielietojums: Ide\u0101li piem\u0113rots liela apjoma lopbar\u012bbas nov\u0101k\u0161anai, nodro\u0161inot augstas kvalit\u0101tes ru\u013c\u013cus, kas saglab\u0101 bar\u012bbas vielas lopbar\u012bbai.<\/li>\n<\/ul>\n<p><strong>Piel\u0101goti lauksaimniec\u012bbas pakalpojumi<\/strong><\/p>\n<p>Piel\u0101gotiem lauksaimniec\u012bbas pakalpojumiem, piem\u0113ram, l\u012bgum\u0137\u012bpu pres\u0113\u0161anai, TV-290H p\u0101rnesumk\u0101rba ir nenov\u0113rt\u0113jama. T\u0101 nodro\u0161ina uzticamu veiktsp\u0113ju un iztur\u012bbu, \u013caujot operatoriem veikt liela m\u0113roga vai piel\u0101gotus \u0137\u012bpu pres\u0113\u0161anas uzdevumus vair\u0101k\u0101m saimniec\u012bb\u0101m. T\u0101s daudzpus\u012bba padara to piem\u0113rotu pla\u0161am pielietojumu kl\u0101stam da\u017e\u0101du veidu un izm\u0113ru saimniec\u012bb\u0101s.<\/p>\n<ul>\n<li>Pielietojums: Atbalsta l\u012bgumpakalpojumus, nodro\u0161inot uzticamu veiktsp\u0113ju lauksaimniekiem, kas mekl\u0113 piel\u0101gotus pres\u0113\u0161anas risin\u0101jumus.<\/li>\n<\/ul>\n<p>Riepu preses p\u0101rnesumk\u0101rba TV-290H ir daudzpus\u012bga un iztur\u012bga, padarot to ide\u0101li piem\u0113rotu da\u017e\u0101diem lauksaimniec\u012bbas darbiem, s\u0101kot no siena un sk\u0101bbar\u012bbas pres\u0113\u0161anas l\u012bdz kult\u016braugu atlieku apstr\u0101dei. T\u0101s augstais griezes moments, efektivit\u0101te un iztur\u012bba padara to par v\u0113rt\u012bgu sast\u0101vda\u013cu rieppres\u0113\u0161anas ma\u0161\u012bn\u0101s, nodro\u0161inot uzticamu un augstas kvalit\u0101tes ru\u013c\u013cu ra\u017eo\u0161anu. Neatkar\u012bgi no t\u0101, vai t\u0101 ir liela m\u0113roga siena ra\u017eo\u0161ana, lopbar\u012bbas nov\u0101k\u0161ana vai piel\u0101goti ru\u013c\u013cu pres\u0113\u0161anas pakalpojumi, TV-290H p\u0101rnesumk\u0101rba pal\u012bdz lauksaimniekiem un darbuz\u0146\u0113m\u0113jiem sasniegt optim\u0101lu darb\u012bbas efektivit\u0101ti.<\/p>\n<p><img loading=\"lazy\" decoding=\"async\" class=\"alignnone size-full wp-image-2467\" src=\"https:\/\/fmp-components.com\/wp-content\/uploads\/2025\/01\/Round-Baler-Gearbox-T-304A-Applications-11.webp\" alt=\"Apa\u013co-preses-reduktors-T-304A-lietojumi-1(1)\" width=\"1000\" height=\"640\" title=\"\" srcset=\"https:\/\/fmp-components.com\/wp-content\/uploads\/2025\/01\/Round-Baler-Gearbox-T-304A-Applications-11.webp 1000w, https:\/\/fmp-components.com\/wp-content\/uploads\/2025\/01\/Round-Baler-Gearbox-T-304A-Applications-11-980x627.webp 980w, https:\/\/fmp-components.com\/wp-content\/uploads\/2025\/01\/Round-Baler-Gearbox-T-304A-Applications-11-480x307.webp 480w\" sizes=\"(min-width: 0px) and (max-width: 480px) 480px, (min-width: 481px) and (max-width: 980px) 980px, (min-width: 981px) 1000px, 100vw\" \/><\/p>\n<h2>Par FMP<\/h2>\n<p>FMP galven\u0101 m\u012btne atrodas It\u0101lij\u0101, un tas ir vado\u0161ais ra\u017eot\u0101js, kas paz\u012bstams ar savu pieredzi augstas veiktsp\u0113jas p\u0101rnesumk\u0101rbu projekt\u0113\u0161an\u0101, izstr\u0101d\u0113 un ra\u017eo\u0161an\u0101, \u012bpa\u0161i lauksaimniec\u012bbas tehnikas nozar\u0113. Ar ap\u0146em\u0161anos nodro\u0161in\u0101t prec\u012bzu in\u017eenieriju, inov\u0101cijas un uzticam\u012bbu FMP ir ieguvis uzticama partnera reput\u0101ciju, apmierinot gan lauksaimniec\u012bbas, gan r\u016bpniec\u012bbas tirgu main\u012bg\u0101s vajadz\u012bbas. M\u016bsu pla\u0161aj\u0101 produktu kl\u0101st\u0101 ietilpst specializ\u0113tas p\u0101rnesumk\u0101rbas z\u0101les p\u013c\u0101v\u0113jiem, j\u016bgv\u0101rpstas un citas svar\u012bgas sast\u0101vda\u013cas, kas visas ir piel\u0101gotas, lai nodro\u0161in\u0101tu piel\u0101gotus risin\u0101jumus pla\u0161am pielietojumu kl\u0101stam.<\/p>\n<p>Uz\u0146\u0113mum\u0101 FMP m\u0113s apzin\u0101mies, ka katrs klients saskaras ar at\u0161\u0137ir\u012bgiem izaicin\u0101jumiem. T\u0101p\u0113c m\u0113s specializ\u0113jamies individu\u0101lu risin\u0101jumu pieg\u0101d\u0113, gan atsevi\u0161\u0137iem komponentiem, gan piln\u012bb\u0101 integr\u0113t\u0101m sist\u0113m\u0101m. M\u0113s cie\u0161i sadarbojamies ar klientiem, lai nodro\u0161in\u0101tu, ka katrs risin\u0101jums ir ne tikai efekt\u012bvs, bet ar\u012b optimiz\u0113ts veiktsp\u0113jas un v\u0113rt\u012bbas zi\u0146\u0101. M\u016bsu ap\u0146em\u0161an\u0101s sniegt savlaic\u012bgas un profesion\u0101las atbildes apvienojum\u0101 ar ekspertu nor\u0101d\u012bjumiem nodro\u0161ina, ka katrs piepras\u012bjums tiek apstr\u0101d\u0101ts prec\u012bzi, t\u0101d\u0113j\u0101di nodro\u0161inot vislab\u0101kos iesp\u0113jamos rezult\u0101tus m\u016bsu klientiem.<\/p>\n<p>M\u0113s pie\u0161\u0137iram priorit\u0101ti skaidrai un nep\u0101rtrauktai komunik\u0101cijai vis\u0101 produktu izstr\u0101des proces\u0101. M\u016bsu \u012bpa\u0161i izveidot\u0101 komanda str\u0101d\u0101 tie\u0161i ar klientiem, lai ieg\u016btu dzi\u013cu izpratni par vi\u0146u vajadz\u012bb\u0101m, pied\u0101v\u0101jot v\u0113rt\u012bgas atzi\u0146as un ieteikumus, lai garant\u0113tu optim\u0101lus risin\u0101jumus. Neatkar\u012bgi no t\u0101, vai m\u0113s izstr\u0101d\u0101jam jaunus produktus vai izpild\u0101m eso\u0161os pas\u016bt\u012bjumus, FMP joproj\u0101m ir ap\u0146\u0113mies nodro\u0161in\u0101t augstas kvalit\u0101tes, prec\u012bzi izstr\u0101d\u0101tus risin\u0101jumus, kas p\u0101rsniedz cer\u012bbas un tiek pieg\u0101d\u0101ti laik\u0101, katru reizi.<\/p>\n<p>Kvalit\u0101te ir m\u016bsu darb\u012bbas st\u016brakmens uz\u0146\u0113mum\u0101 FMP. M\u0113s iev\u0113rojam augst\u0101kos ra\u017eo\u0161anas standartus, izmantojot stingrus kvalit\u0101tes kontroles pas\u0101kumus, lai nodro\u0161in\u0101tu, ka katrs produkts ne tikai atbilst, bet ar\u012b p\u0101rsniedz nozares cer\u012bbas. \u0160\u012b nelok\u0101m\u0101 koncentr\u0113\u0161an\u0101s uz kvalit\u0101ti apvienojum\u0101 ar m\u016bsu pamatv\u0113rt\u012bb\u0101m \u2013 integrit\u0101ti, sadarb\u012bbu un neatlaid\u012bbu \u2013 ir \u013c\u0101vusi mums izveidot ilgtermi\u0146a, uz uztic\u012bbu balst\u012btas attiec\u012bbas ar klientiem gandr\u012bz 30 valst\u012bs vis\u0101 pasaul\u0113.<\/p>\n<p>FMP vienm\u0113r v\u0113las veicin\u0101t glob\u0101las partner\u012bbas, sniedzot ekspertu padomus un piel\u0101gotus risin\u0101jumus, lai apmierin\u0101tu m\u016bsu klientu da\u017e\u0101d\u0101s vajadz\u012bbas. M\u0113s cen\u0161amies sniegt vair\u0101k nek\u0101 tikai pieg\u0101d\u0101t produktus; m\u016bsu m\u0113r\u0137is ir veidot ilgsto\u0161as \u200b\u200battiec\u012bbas, kas veicina katra projekta pan\u0101kumus. Neatkar\u012bgi no t\u0101, vai jums ir nepiecie\u0161ami inovat\u012bvi risin\u0101jumi jaunai iniciat\u012bvai vai past\u0101v\u012bgs atbalsts eso\u0161ai sist\u0113mai, FMP ir \u0161eit, lai risin\u0101tu j\u016bsu tehnisk\u0101s probl\u0113mas un nodro\u0161in\u0101tu j\u016bsu turpm\u0101kos pan\u0101kumus.<\/p>\n<p><img loading=\"lazy\" decoding=\"async\" class=\"alignnone size-full wp-image-1861\" src=\"https:\/\/fmp-components.com\/wp-content\/uploads\/2024\/12\/Other-Agricultural-Gearboxes.webp\" sizes=\"(min-width: 0px) and (max-width: 480px) 480px, (min-width: 481px) and (max-width: 980px) 980px, (min-width: 981px) 1200px, 100vw\" srcset=\"https:\/\/fmp-components.com\/wp-content\/uploads\/2024\/12\/Other-Agricultural-Gearboxes.webp 1200w, https:\/\/fmp-components.com\/wp-content\/uploads\/2024\/12\/Other-Agricultural-Gearboxes-980x1143.webp 980w, https:\/\/fmp-components.com\/wp-content\/uploads\/2024\/12\/Other-Agricultural-Gearboxes-480x560.webp 480w\" alt=\"Altri-cambi-agricoli\" width=\"1200\" height=\"1400\" title=\"\"><\/p>\n<p>Autors: CX<\/p>","protected":false},"excerpt":{"rendered":"<p>Round Baler Gearbox TV-290H Specification i 2.07 N1[rpm] 540 P1[kW] 51.5 M2[Nm] 1828 Shaft X 39*40 Shaft Z 1&#8221; 3\/8 Z6 Input Z Key Features of Round Baler Gearbox TV-290H The Round Baler Gearbox TV-290H is designed to deliver exceptional performance, durability, and reliability for round baling operations. Below are the key features of this [&hellip;]<\/p>","protected":false},"featured_media":2474,"comment_status":"open","ping_status":"closed","template":"","meta":{"_et_pb_use_builder":"","_et_pb_old_content":"","_et_gb_content_width":""},"product_brand":[],"product_cat":[59],"product_tag":[],"class_list":{"0":"post-2471","1":"product","2":"type-product","3":"status-publish","4":"has-post-thumbnail","6":"product_cat-round-baler-gearbox","8":"first","9":"instock","10":"shipping-taxable","11":"product-type-simple"},"_links":{"self":[{"href":"https:\/\/fmp-components.com\/lv\/wp-json\/wp\/v2\/product\/2471","targetHints":{"allow":["GET"]}}],"collection":[{"href":"https:\/\/fmp-components.com\/lv\/wp-json\/wp\/v2\/product"}],"about":[{"href":"https:\/\/fmp-components.com\/lv\/wp-json\/wp\/v2\/types\/product"}],"replies":[{"embeddable":true,"href":"https:\/\/fmp-components.com\/lv\/wp-json\/wp\/v2\/comments?post=2471"}],"wp:featuredmedia":[{"embeddable":true,"href":"https:\/\/fmp-components.com\/lv\/wp-json\/wp\/v2\/media\/2474"}],"wp:attachment":[{"href":"https:\/\/fmp-components.com\/lv\/wp-json\/wp\/v2\/media?parent=2471"}],"wp:term":[{"taxonomy":"product_brand","embeddable":true,"href":"https:\/\/fmp-components.com\/lv\/wp-json\/wp\/v2\/product_brand?post=2471"},{"taxonomy":"product_cat","embeddable":true,"href":"https:\/\/fmp-components.com\/lv\/wp-json\/wp\/v2\/product_cat?post=2471"},{"taxonomy":"product_tag","embeddable":true,"href":"https:\/\/fmp-components.com\/lv\/wp-json\/wp\/v2\/product_tag?post=2471"}],"curies":[{"name":"wp","href":"https:\/\/api.w.org\/{rel}","templated":true}]}}