{"id":2358,"date":"2025-01-01T02:08:52","date_gmt":"2025-01-01T02:08:52","guid":{"rendered":"https:\/\/fmp-components.com\/?page_id=8"},"modified":"2025-01-01T02:08:52","modified_gmt":"2025-01-01T02:08:52","slug":"flail-mower-gearboxes-replacement-of-comer-code-tl281e","status":"publish","type":"product","link":"https:\/\/fmp-components.com\/lv\/product\/flail-mower-gearboxes-replacement-of-comer-code-tl281e\/","title":{"rendered":"Sprigulveida z\u0101les p\u013c\u0101v\u0113ju p\u0101rnesumk\u0101rbas \u2014 Comer koda TL281E nomai\u0146a"},"content":{"rendered":"<p><img loading=\"lazy\" decoding=\"async\" class=\"size-full wp-image-2366 aligncenter\" src=\"https:\/\/fmp-components.com\/wp-content\/uploads\/2025\/01\/Flail-Mower-Gearbox-2.webp\" alt=\"Sprigulveida z\u0101les p\u013c\u0101v\u0113ja p\u0101rnesumk\u0101rba-2\" width=\"500\" height=\"500\" title=\"\" srcset=\"https:\/\/fmp-components.com\/wp-content\/uploads\/2025\/01\/Flail-Mower-Gearbox-2.webp 500w, https:\/\/fmp-components.com\/wp-content\/uploads\/2025\/01\/Flail-Mower-Gearbox-2-480x480.webp 480w\" sizes=\"(min-width: 0px) and (max-width: 480px) 480px, (min-width: 481px) 500px, 100vw\" \/><\/p>\n<h2>P\u013caujma\u0161\u012bnu smalcin\u0101t\u0101ju p\u0101rnesumk\u0101rbu TL281E specifik\u0101cijas<\/h2>\n<p><img loading=\"lazy\" decoding=\"async\" class=\"alignnone size-full wp-image-2364\" src=\"https:\/\/fmp-components.com\/wp-content\/uploads\/2025\/01\/Flail-Mower-Gearbox-L-5A-Specifications-1.webp\" alt=\"Sprigulveida z\u0101les p\u013c\u0101v\u0113ja p\u0101rnesumk\u0101rba L-5A specifik\u0101cijas-1\" width=\"1362\" height=\"829\" title=\"\" srcset=\"https:\/\/fmp-components.com\/wp-content\/uploads\/2025\/01\/Flail-Mower-Gearbox-L-5A-Specifications-1.webp 1362w, https:\/\/fmp-components.com\/wp-content\/uploads\/2025\/01\/Flail-Mower-Gearbox-L-5A-Specifications-1-1280x779.webp 1280w, https:\/\/fmp-components.com\/wp-content\/uploads\/2025\/01\/Flail-Mower-Gearbox-L-5A-Specifications-1-980x596.webp 980w, https:\/\/fmp-components.com\/wp-content\/uploads\/2025\/01\/Flail-Mower-Gearbox-L-5A-Specifications-1-480x292.webp 480w\" sizes=\"(min-width: 0px) and (max-width: 480px) 480px, (min-width: 481px) and (max-width: 980px) 980px, (min-width: 981px) and (max-width: 1280px) 1280px, (min-width: 1281px) 1362px, 100vw\" \/><\/p>\n<table style=\"width: 97.8889%; height: 320px;\" border=\"1\">\n<tbody>\n<tr>\n<td><strong>es<\/strong><\/td>\n<td>2.91\/1.85<\/td>\n<\/tr>\n<tr>\n<td><strong>N<sub>1<\/sub>[apgr.\/min]<\/strong><\/td>\n<td>540<\/td>\n<\/tr>\n<tr>\n<td><strong>P<sub>1<\/sub>[kW]<\/strong><\/td>\n<td>8.1-14.7<\/td>\n<\/tr>\n<tr>\n<td><strong>M<sub>2<\/sub>[Nm]<\/strong><\/td>\n<td>48-136<\/td>\n<\/tr>\n<tr>\n<td><strong>V\u0101rpsta X<img loading=\"lazy\" decoding=\"async\" class=\"size-full wp-image-2180 aligncenter\" src=\"https:\/\/fmp-components.com\/wp-content\/uploads\/2024\/12\/shaft-x-3.webp\" alt=\"v\u0101rpsta-x\" width=\"81\" height=\"78\" title=\"\" srcset=\"https:\/\/fmp-components.com\/wp-content\/uploads\/2024\/12\/shaft-x-3.webp 81w, https:\/\/fmp-components.com\/wp-content\/uploads\/2024\/12\/shaft-x-3-12x12.webp 12w\" sizes=\"(max-width: 81px) 100vw, 81px\" \/>\u00a0<\/strong><\/td>\n<td>1\u201d 3\/8 Z6<\/td>\n<\/tr>\n<tr>\n<td><strong>V\u0101rpsta Z<img loading=\"lazy\" decoding=\"async\" class=\"size-full wp-image-2181 aligncenter\" src=\"https:\/\/fmp-components.com\/wp-content\/uploads\/2024\/12\/shaft-z.webp\" alt=\"v\u0101rpsta-z\" width=\"81\" height=\"84\" title=\"\" srcset=\"https:\/\/fmp-components.com\/wp-content\/uploads\/2024\/12\/shaft-z.webp 81w, https:\/\/fmp-components.com\/wp-content\/uploads\/2024\/12\/shaft-z-12x12.webp 12w\" sizes=\"(max-width: 81px) 100vw, 81px\" \/><\/strong><\/td>\n<td>\u03a625\/\u03a630<\/td>\n<\/tr>\n<tr>\n<td><strong>Ievade<\/strong><\/td>\n<td>X<\/td>\n<\/tr>\n<\/tbody>\n<\/table>\n<h2>P\u013caujma\u0161\u012bnas reduktora raksturojums<\/h2>\n<p>Sprigulp\u013caujma\u0161\u012bnas p\u0101rnesumk\u0101rba ir kritiski svar\u012bga sast\u0101vda\u013ca, kurai ir b\u016btiska loma traktora j\u016bgv\u0101rpstas (jaudas no\u0146em\u0161anas v\u0101rpstas) jaudas p\u0101rveido\u0161an\u0101 izmantojam\u0101 ener\u0123ij\u0101 p\u013caujma\u0161\u012bnas asme\u0146iem. T\u0101s konstrukcija nodro\u0161ina, ka p\u013caujma\u0161\u012bna var efekt\u012bvi darboties da\u017e\u0101dos lauksaimniec\u012bbas, me\u017esaimniec\u012bbas un ainavu veido\u0161anas darbos, apstr\u0101d\u0101jot da\u017e\u0101da veida ve\u0123et\u0101ciju. \u0160eit ir sprigulp\u013caujma\u0161\u012bnas p\u0101rnesumk\u0101rbas galven\u0101s \u012bpa\u0161\u012bbas:<\/p>\n<p><strong>Jaudas p\u0101rvade un griezes momenta p\u0101rveido\u0161ana<\/strong><\/p>\n<p>Viena no svar\u012bg\u0101kaj\u0101m p\u013caujma\u0161\u012bnas reduktora \u012bpa\u0161\u012bb\u0101m ir t\u0101s sp\u0113ja p\u0101rveidot \u0101trgaitas j\u016bgv\u0101rpstas jaudu pareizaj\u0101 griezes moment\u0101 un grie\u0161an\u0101s \u0101trum\u0101 p\u013caujma\u0161\u012bnas asme\u0146iem. Reduktors samazina traktora j\u016bgv\u0101rpstas apgriezienus min\u016bt\u0113, kas parasti ir 540 vai 1000 apgr.\/min, l\u012bdz zem\u0101kam, atbilsto\u0161\u0101kam \u0101trumam efekt\u012bvai p\u013cau\u0161anai. \u0160\u012b p\u0101rveido\u0161ana nodro\u0161ina, ka p\u013caujma\u0161\u012bnas asme\u0146i grie\u017eas ar pareizo \u0101trumu, lai p\u013cautu bl\u012bvu z\u0101li, kr\u016bmus vai biezu ve\u0123et\u0101ciju, nep\u0101rslogojot sist\u0113mu.<\/p>\n<p><strong>Iztur\u012bba un sp\u0113ks<\/strong><\/p>\n<p>Sprigu\u013cu p\u013caujma\u0161\u012bnu p\u0101rnesumk\u0101rbas ir konstru\u0113tas, lai iztur\u0113tu lielas slodzes un skarbus apst\u0101k\u013cus. \u0160\u012bs p\u0101rnesumk\u0101rbas ir izgatavotas no augstas kvalit\u0101tes, iztur\u012bgiem materi\u0101liem, piem\u0113ram, r\u016bd\u012bta t\u0113rauda vai \u010duguna, kas var iztur\u0113t \u0101rk\u0101rt\u0113jus sp\u0113kus un lielu griezes momentu, kas saist\u012bts ar smagiem lauksaimniec\u012bbas darbiem. Iek\u0161\u0113jie zobrati un gult\u0146i ir konstru\u0113ti t\u0101, lai iztur\u0113tu triecienslodzes, nodilumu un vibr\u0101cijas, nodro\u0161inot ilgsto\u0161u veiktsp\u0113ju pat sare\u017e\u0123\u012btos apst\u0101k\u013cos.<\/p>\n<p><strong>Augsta efektivit\u0101te<\/strong><\/p>\n<p>P\u013caujma\u0161\u012bnu reduktori ir paredz\u0113ti augstas efektivit\u0101tes jaudas p\u0101rvadei. Zobrati parasti ir spir\u0101lveida vai konusveida, kas samazina berzi un ener\u0123ijas zudumus, t\u0101d\u0113j\u0101di nodro\u0161inot vienm\u0113r\u012bg\u0101ku darb\u012bbu un liel\u0101ku degvielas ekonomiju. Efekt\u012bva jaudas p\u0101rvade noz\u012bm\u0113, ka p\u0101rveido\u0161anas proces\u0101 tiek iz\u0161\u0137\u0113rd\u0113ta maz\u0101k ener\u0123ijas, nodro\u0161inot, ka p\u013caujma\u0161\u012bnas asme\u0146u piedzi\u0146ai tiek izmantota liel\u0101ka traktora dzin\u0113ja jauda. Tas nodro\u0161ina lab\u0101ku kop\u0113jo veiktsp\u0113ju un samazina degvielas pat\u0113ri\u0146u darb\u012bbas laik\u0101.<\/p>\n<p><strong>Vair\u0101kas izejas v\u0101rpstas (da\u017e\u0101diem grie\u0161anas le\u0146\u0137iem)<\/strong><\/p>\n<p>Daudz\u0101m p\u013caujma\u0161\u012bn\u0101m ar sprigu\u013ciem paredz\u0113t\u0101m p\u0101rnesumk\u0101rb\u0101m ir vair\u0101kas izejas v\u0101rpstas, kas \u013cauj p\u013caujma\u0161\u012bnas asme\u0146us darbin\u0101t da\u017e\u0101dos grie\u0161anas le\u0146\u0137os. Tas ir \u012bpa\u0161i noder\u012bgi p\u013cau\u0161anas augstuma regul\u0113\u0161anai vai da\u017e\u0101du veidu ve\u0123et\u0101cijas apstr\u0101dei. Da\u017e\u0101m p\u0101rnesumk\u0101rb\u0101m ir konusveida zobratu sist\u0113ma, kas var main\u012bt jaudas p\u0101rvades virzienu, \u013caujot p\u013caujma\u0161\u012bnai darboties da\u017e\u0101d\u0101s konfigur\u0101cij\u0101s. \u0160\u012bs vair\u0101ku izeju v\u0101rpstas nodro\u0161ina, ka p\u013caujma\u0161\u012bna ir piel\u0101gojama da\u017e\u0101diem uzdevumiem un reljefam.<\/p>\n<p><strong>Dro\u0161\u012bbas funkcijas<\/strong><\/p>\n<p>Dro\u0161\u012bba ir kritiski svar\u012bgs apsv\u0113rums, projekt\u0113jot sprigu\u013cu p\u013caujma\u0161\u012bnu p\u0101rnesumk\u0101rbas. B\u012bdes skr\u016bves, griezes momenta ierobe\u017eot\u0101ji vai p\u0101rslodzes saj\u016bgi parasti tiek izmantoti, lai nov\u0113rstu p\u0101rnesumk\u0101rbas, j\u016bgv\u0101rpstas vai p\u013caujma\u0161\u012bnas asme\u0146u boj\u0101jumus p\u0113k\u0161\u0146a \u0161\u0137\u0113r\u0161\u013ca, piem\u0113ram, liela akmens vai bl\u012bvu gru\u017eu, gad\u012bjum\u0101. \u0160\u012bs dro\u0161\u012bbas funkcijas nodro\u0161ina, ka, ja p\u013caujma\u0161\u012bna sastopas ar \u0161\u0137\u0113rsli, p\u0101rnesumk\u0101rba atsl\u0113gsies vai absorb\u0113s triecienu, lai aizsarg\u0101tu apr\u012bkojumu un nov\u0113rstu d\u0101rgus boj\u0101jumus.<\/p>\n<p>Sprigulp\u013caujma\u0161\u012bnas p\u0101rnesumk\u0101rba ir izstr\u0101d\u0101ta, lai nodro\u0161in\u0101tu efekt\u012bvu jaudas p\u0101rvadi, iztur\u012bbu un piel\u0101gojam\u012bbu da\u017e\u0101diem lauksaimniec\u012bbas un ainavu veido\u0161anas darbiem. Pateicoties t\u0101d\u0101m galvenaj\u0101m \u012bpa\u0161\u012bb\u0101m k\u0101 griezes momenta p\u0101rveido\u0161ana, augsta efektivit\u0101te, dro\u0161\u012bbas funkcijas un vienk\u0101r\u0161a apkope, p\u0101rnesumk\u0101rba nodro\u0161ina, ka sprigulp\u013caujma\u0161\u012bna darbojas ar maksim\u0101lu veiktsp\u0113ju, vienlaikus saglab\u0101jot tehnikas ilgm\u016b\u017e\u012bbu. Neatkar\u012bgi no t\u0101, vai str\u0101d\u0101jat ar bl\u012bvu ve\u0123et\u0101ciju, nel\u012bdzenu reljefu vai sare\u017e\u0123\u012btiem darba apst\u0101k\u013ciem, sprigulp\u013caujma\u0161\u012bnas p\u0101rnesumk\u0101rba ir izstr\u0101d\u0101ta, lai risin\u0101tu izaicin\u0101jumus, pied\u0101v\u0101jot operatoriem uzticamu risin\u0101jumu p\u013cau\u0161anas un t\u012br\u012b\u0161anas darbiem.<\/p>\n<p><img loading=\"lazy\" decoding=\"async\" class=\"alignnone size-full wp-image-2367\" src=\"https:\/\/fmp-components.com\/wp-content\/uploads\/2025\/01\/flail-mower-gearbox1.webp\" alt=\"p\u013caujma\u0161\u012bnas-sprigu\u013ca-reduktors\" width=\"900\" height=\"600\" title=\"\" srcset=\"https:\/\/fmp-components.com\/wp-content\/uploads\/2025\/01\/flail-mower-gearbox1.webp 900w, https:\/\/fmp-components.com\/wp-content\/uploads\/2025\/01\/flail-mower-gearbox1-480x320.webp 480w\" sizes=\"(min-width: 0px) and (max-width: 480px) 480px, (min-width: 481px) 900px, 100vw\" \/><\/p>\n<h2>Pto\u0161as \u200b\u200bv\u0101rpstas p\u013caujma\u0161\u012bnas reduktoram<\/h2>\n<p>J\u016bgv\u0101rpstas (j\u016bgv\u0101rpstas) ir svar\u012bgas sast\u0101vda\u013cas, kas savieno traktora sp\u0113ka sist\u0113mu ar kr\u016bmu smalcin\u0101t\u0101ja p\u0101rnesumk\u0101rbu, p\u0101rnesot meh\u0101nisko ener\u0123iju p\u013caujma\u0161\u012bnas asme\u0146u darbin\u0101\u0161anai. J\u016bgv\u0101rpsta ir saikne starp traktora dzin\u0113ju un p\u0101rnesumk\u0101rbu, nodro\u0161inot, ka p\u013caujma\u0161\u012bna sa\u0146em past\u0101v\u012bgu un uzticamu jaudu efekt\u012bvai darb\u012bbai. \u0160eit ir galvenie j\u016bgv\u0101rpstu aspekti kr\u016bmu smalcin\u0101t\u0101ja p\u0101rnesumk\u0101rb\u0101m:<\/p>\n<p><strong>Jaudas p\u0101rvade<\/strong><\/p>\n<p>J\u016bgv\u0101rpstas ir atbild\u012bgas par rot\u0101cijas jaudas p\u0101rs\u016bt\u012b\u0161anu no traktora j\u016bgv\u0101rpstas uz kr\u016bmu smalcin\u0101t\u0101ja p\u0101rnesumk\u0101rbu. Parasti \u0161\u012bs v\u0101rpstas ir konstru\u0113tas ar kard\u0101na savienojumiem abos galos, un t\u0101s nodro\u0161ina vienm\u0113r\u012bgu jaudas p\u0101rnesi pat tad, ja j\u016bgv\u0101rpsta nav perfekti saska\u0146ota ar p\u0101rnesumk\u0101rbu. J\u016bgv\u0101rpsta ir tie\u0161i savienota ar kr\u016bmu smalcin\u0101t\u0101ja p\u0101rnesumk\u0101rbas ieeju, nodro\u0161inot, ka p\u0101rnesumk\u0101rba sa\u0146em pareizo jaudu, lai efekt\u012bvi pagrieztu asme\u0146us.<\/p>\n<p><strong>Griezes momenta un \u0101truma regul\u0113\u0161ana<\/strong><\/p>\n<p>P\u013caujma\u0161\u012bnas reduktora j\u016bgv\u0101rpstai j\u0101sp\u0113j apstr\u0101d\u0101t reduktora nepiecie\u0161amo specifisko griezes momentu un grie\u0161an\u0101s \u0101trumu. Reduktora ieejas v\u0101rpsta sa\u0146em j\u016bgv\u0101rpstas rot\u0101cijas jaudu, samazinot traktora augsto apgriezienu skaitu min\u016bt\u0113 (parasti 540 vai 1000 apgr.\/min) l\u012bdz zem\u0101kam, p\u013caujma\u0161\u012bnas asme\u0146iem piem\u0113rot\u0101kam \u0101trumam. Tas nodro\u0161ina, ka p\u013caujma\u0161\u012bnas asme\u0146i darbojas ar efekt\u012bvu grie\u0161anas \u0101trumu, nep\u0101rslogojot traktora dzin\u0113ju.<\/p>\n<p><strong>Iztur\u012bba un sp\u0113ks<\/strong><\/p>\n<p>P\u013caujma\u0161\u012bnu reduktoriem paredz\u0113t\u0101s kard\u0101nv\u0101rpstas ir konstru\u0113tas t\u0101, lai iztur\u0113tu smagus darba apst\u0101k\u013cus un lielu griezes momentu. \u0160\u012bs v\u0101rpstas ir izgatavotas no iztur\u012bga t\u0113rauda vai augstas kvalit\u0101tes materi\u0101liem, kas sp\u0113j iztur\u0113t slodzi, kas saist\u012bta ar nep\u0101rtrauktu lieto\u0161anu sare\u017e\u0123\u012btos lauksaimniec\u012bbas un ainavu veido\u0161anas apst\u0101k\u013cos. V\u0101rpstas parasti tiek termiski apstr\u0101d\u0101tas, lai nodro\u0161in\u0101tu papildu iztur\u012bbu, nodro\u0161inot to ilg\u0101ku kalpo\u0161anas laiku pat sare\u017e\u0123\u012btos darba apst\u0101k\u013cos, piem\u0113ram, p\u013caujot bl\u012bvu z\u0101li vai kr\u016bmus.<\/p>\n<p><strong>Dro\u0161\u012bbas funkcijas<\/strong><\/p>\n<p>Dro\u0161ai darb\u012bbai daudzas kard\u0101nv\u0101rpstas ir apr\u012bkotas ar dro\u0161\u012bbas vairogiem vai aizsargiem, lai nov\u0113rstu nejau\u0161u saskari ar rot\u0113jo\u0161\u0101m deta\u013c\u0101m. Kard\u0101nv\u0101rpstas sist\u0113m\u0101 parasti ir ieb\u016bv\u0113tas p\u0101rslodzes aizsardz\u012bbas ier\u012bces, piem\u0113ram, b\u012bdes skr\u016bves vai griezes momenta ierobe\u017eot\u0101ji. \u0160ie meh\u0101nismi aizsarg\u0101 gan traktoru, gan p\u013caujma\u0161\u012bnas p\u0101rnesumk\u0101rbu no boj\u0101jumiem, ja darb\u012bbas laik\u0101 rodas aizsprostojums vai p\u0101rm\u0113r\u012bga slodze.<\/p>\n<p><strong>Vienk\u0101r\u0161a uzst\u0101d\u012b\u0161ana un apkope<\/strong><\/p>\n<p>Kard\u0101nv\u0101rpstas ir paredz\u0113tas vienk\u0101r\u0161ai pievieno\u0161anai un atvieno\u0161anai, parasti t\u0101m ir \u0101tr\u0101s atbr\u012bvo\u0161anas meh\u0101nismi vai teleskopiskas sekcijas, kas piel\u0101gojas nepiecie\u0161amajam garumam. \u0160\u012b elast\u012bba \u013cauj viegli piel\u0101got t\u0101s da\u017e\u0101diem traktoru mode\u013ciem un p\u013caujma\u0161\u012bnu konfigur\u0101cij\u0101m. Regul\u0101ra apkope, piem\u0113ram, kard\u0101nv\u0101rpstu e\u013c\u013co\u0161anas nodro\u0161in\u0101\u0161ana un nodiluma vai boj\u0101jumu p\u0101rbaude, pal\u012bdz pagarin\u0101t kard\u0101nv\u0101rpstas kalpo\u0161anas laiku un uztur\u0113t vienm\u0113r\u012bgu darb\u012bbu.<\/p>\n<p>P\u013caujma\u0161\u012bnas reduktora j\u016bgv\u0101rpstai ir b\u016btiska loma jaudas p\u0101rnes\u0113 no traktora j\u016bgv\u0101rpstas sist\u0113mas uz reduktoru. Pateicoties t\u0101d\u0101m \u012bpa\u0161\u012bb\u0101m k\u0101 iztur\u012bba, dro\u0161\u012bbas meh\u0101nismi un regul\u0113\u0161anas elast\u012bba, \u0161\u012bs v\u0101rpstas nodro\u0161ina p\u013caujma\u0161\u012bnas efekt\u012bvu un dro\u0161u darb\u012bbu. Pareiza apkope, k\u0101 ar\u012b r\u016bp\u012bga atbilsto\u0161as \u200b\u200bv\u0101rpstas izv\u0113le traktoram un p\u013caujma\u0161\u012bnas reduktoram, pal\u012bdz optimiz\u0113t veiktsp\u0113ju un pagarin\u0101t apr\u012bkojuma kalpo\u0161anas laiku. Neatkar\u012bgi no t\u0101, vai to izmanto regul\u0101rai z\u0101liena p\u013cau\u0161anai vai sare\u017e\u0123\u012bt\u0101kiem kr\u016bmu p\u013cau\u0161anas darbiem, j\u016bgv\u0101rpstas ir b\u016btiskas, lai nodro\u0161in\u0101tu, ka p\u013caujma\u0161\u012bna darbojas dro\u0161i da\u017e\u0101dos pielietojumos.<\/p>\n<p><img loading=\"lazy\" decoding=\"async\" class=\"alignnone  wp-image-2365\" src=\"https:\/\/fmp-components.com\/wp-content\/uploads\/2025\/01\/pto-shaft-for-flail-mower-gearbox1.webp\" alt=\"J\u016bgv\u0101rpsta p\u013caujma\u0161\u012bnas-sprigu\u013cu-reduktoram(1)\" width=\"1016\" height=\"518\" title=\"\" srcset=\"https:\/\/fmp-components.com\/wp-content\/uploads\/2025\/01\/pto-shaft-for-flail-mower-gearbox1.webp 1016w, https:\/\/fmp-components.com\/wp-content\/uploads\/2025\/01\/pto-shaft-for-flail-mower-gearbox1-480x245.webp 480w\" sizes=\"(min-width: 0px) and (max-width: 480px) 480px, (min-width: 481px) 1016px, 100vw\" \/><\/p>\n<h3>Par FMP<\/h3>\n<p>FMP galven\u0101 m\u012btne atrodas It\u0101lij\u0101, un tas ir vado\u0161ais ra\u017eot\u0101js, kas paz\u012bstams ar savu pieredzi augstas veiktsp\u0113jas p\u0101rnesumk\u0101rbu projekt\u0113\u0161an\u0101, izstr\u0101d\u0113 un ra\u017eo\u0161an\u0101, \u012bpa\u0161i koncentr\u0113joties uz lauksaimniec\u012bbas tehnikas sektoru. Ar prec\u012bzas in\u017eenierijas, inovat\u012bvu risin\u0101jumu un nelok\u0101mas uzticam\u012bbas reput\u0101ciju FMP ir k\u013cuvis par uzticamu partneri, kas risina gan lauksaimniec\u012bbas, gan r\u016bpniec\u012bbas sektora main\u012bg\u0101s vajadz\u012bbas. M\u016bsu daudzveid\u012bgais produktu kl\u0101sts ietver specializ\u0113tas p\u0101rnesumk\u0101rbas z\u0101les p\u013c\u0101v\u0113jiem, j\u016bgv\u0101rpstas un citas svar\u012bgas sast\u0101vda\u013cas, kas visas ir r\u016bp\u012bgi izstr\u0101d\u0101tas, lai nodro\u0161in\u0101tu piel\u0101gotus risin\u0101jumus pla\u0161am pielietojumu kl\u0101stam.<\/p>\n<p>Uz\u0146\u0113mum\u0101 FMP m\u0113s saprotam, ka katram klientam ir unik\u0101las pras\u012bbas un izaicin\u0101jumi. T\u0101p\u0113c m\u0113s specializ\u0113jamies piel\u0101gotu risin\u0101jumu pied\u0101v\u0101\u0161an\u0101, neatkar\u012bgi no t\u0101, vai tie attiecas uz atsevi\u0161\u0137\u0101m komponent\u0113m vai piln\u012bb\u0101 integr\u0113t\u0101m sist\u0113m\u0101m. M\u0113s cie\u0161i sadarbojamies ar saviem klientiem, lai nodro\u0161in\u0101tu, ka katrs risin\u0101jums ir ne tikai efekt\u012bvs, bet ar\u012b lietder\u012bgs, optimiz\u0113jot gan veiktsp\u0113ju, gan v\u0113rt\u012bbu. M\u016bsu ap\u0146em\u0161an\u0101s sniegt \u0101tras un profesion\u0101las atbildes apvienojum\u0101 ar ekspertu nor\u0101d\u012bjumiem nodro\u0161ina, ka katrs piepras\u012bjums tiek apstr\u0101d\u0101ts ar visliel\u0101ko r\u016bp\u012bbu un precizit\u0101ti, t\u0101d\u0113j\u0101di sasniedzot vislab\u0101kos iesp\u0113jamos rezult\u0101tus.<\/p>\n<p>M\u0113s priorit\u0101ri izvirz\u0101m atv\u0113rtu un nep\u0101rtrauktu komunik\u0101ciju vis\u0101 produktu izstr\u0101des proces\u0101. M\u016bsu \u012bpa\u0161i izveidot\u0101 komanda str\u0101d\u0101 tie\u0161i ar klientiem, lai piln\u012bb\u0101 izprastu vi\u0146u \u012bpa\u0161\u0101s vajadz\u012bbas, pied\u0101v\u0101jot v\u0113rt\u012bgas atzi\u0146as un ieteikumus, lai nodro\u0161in\u0101tu optim\u0101lus risin\u0101jumus. Neatkar\u012bgi no t\u0101, vai izstr\u0101d\u0101jam inovat\u012bvus produktus vai izpild\u0101m past\u0101v\u012bgus pas\u016bt\u012bjumus, FMP ir ap\u0146\u0113musies vienm\u0113r savlaic\u012bgi pieg\u0101d\u0101t augstas kvalit\u0101tes, prec\u012bzi izstr\u0101d\u0101tus risin\u0101jumus. M\u016bsu m\u0113r\u0137is ir nodro\u0161in\u0101t klientiem vislab\u0101ko apkalpo\u0161anu un rezult\u0101tus, p\u0101rsniedzot cer\u012bbas katr\u0101 projekt\u0101.<\/p>\n<p>Kvalit\u0101te ir FMP darb\u012bbas st\u016brakmens. M\u0113s iev\u0113rojam augst\u0101kos ra\u017eo\u0161anas standartus, ievie\u0161ot stingrus kvalit\u0101tes kontroles pas\u0101kumus, lai nodro\u0161in\u0101tu, ka katrs produkts ne tikai atbilst, bet ar\u012b p\u0101rsniedz nozares standartus. \u0160\u012b nelok\u0101m\u0101 ap\u0146em\u0161an\u0101s nodro\u0161in\u0101t kvalit\u0101ti apvienojum\u0101 ar m\u016bsu pamatv\u0113rt\u012bb\u0101m \u2013 integrit\u0101ti, komandas darbu un neatlaid\u012bbu \u2013 ir \u013c\u0101vusi mums veidot ilgsto\u0161as, uz uztic\u012bbu balst\u012btas attiec\u012bbas ar klientiem gandr\u012bz 30 valst\u012bs vis\u0101 pasaul\u0113.<\/p>\n<p>FMP vienm\u0113r ir atv\u0113rts glob\u0101lu partner\u012bbu veido\u0161anai un joproj\u0101m ir ap\u0146\u0113mies pied\u0101v\u0101t ekspertu padomus un piel\u0101gotus risin\u0101jumus, kas atbilst m\u016bsu klientu da\u017e\u0101daj\u0101m vajadz\u012bb\u0101m. M\u0113s nepied\u0101v\u0101jam tikai produktus; m\u016bsu m\u0113r\u0137is ir veidot ilgsto\u0161as \u200b\u200battiec\u012bbas, kas veicina katra projekta pan\u0101kumus. Neatkar\u012bgi no t\u0101, vai jums ir nepiecie\u0161ami inovat\u012bvi risin\u0101jumi jaunai iniciat\u012bvai vai past\u0101v\u012bgs atbalsts eso\u0161ai sist\u0113mai, FMP ir \u0161eit, lai risin\u0101tu j\u016bsu tehnisk\u0101s probl\u0113mas un nodro\u0161in\u0101tu j\u016bsu turpm\u0101kos pan\u0101kumus.<\/p>\n<p><img loading=\"lazy\" decoding=\"async\" class=\"alignnone size-full wp-image-1861\" src=\"https:\/\/fmp-components.com\/wp-content\/uploads\/2024\/12\/Other-Agricultural-Gearboxes.webp\" sizes=\"(min-width: 0px) and (max-width: 480px) 480px, (min-width: 481px) and (max-width: 980px) 980px, (min-width: 981px) 1200px, 100vw\" srcset=\"https:\/\/fmp-components.com\/wp-content\/uploads\/2024\/12\/Other-Agricultural-Gearboxes.webp 1200w, https:\/\/fmp-components.com\/wp-content\/uploads\/2024\/12\/Other-Agricultural-Gearboxes-980x1143.webp 980w, https:\/\/fmp-components.com\/wp-content\/uploads\/2024\/12\/Other-Agricultural-Gearboxes-480x560.webp 480w\" alt=\"Altri-cambi-agricoli\" width=\"1200\" height=\"1400\" title=\"\"><\/p>\n<p>Autors: CX<\/p>","protected":false},"excerpt":{"rendered":"<p>Specifications of Flail Mower Gearboxes TL281E i 2.91\/1.85 N1[rpm] 540 P1[kW] 8.1-14.7 M2[Nm] 48-136 Shaft X\u00a0 1&#8221; 3\/8 Z6 Shaft Z \u03a625\/\u03a630 Input X Characteristics of Flail Mower Gearbox The flail mower gearbox is a critical component that plays a vital role in converting the tractor&#8217;s PTO (Power Take-Off) power into usable energy for the [&hellip;]<\/p>","protected":false},"featured_media":2366,"comment_status":"open","ping_status":"closed","template":"","meta":{"_et_pb_use_builder":"","_et_pb_old_content":"","_et_gb_content_width":""},"product_brand":[],"product_cat":[58],"product_tag":[],"class_list":{"0":"post-2358","1":"product","2":"type-product","3":"status-publish","4":"has-post-thumbnail","6":"product_cat-flail-mower-gearbox","8":"first","9":"instock","10":"shipping-taxable","11":"product-type-simple"},"_links":{"self":[{"href":"https:\/\/fmp-components.com\/lv\/wp-json\/wp\/v2\/product\/2358","targetHints":{"allow":["GET"]}}],"collection":[{"href":"https:\/\/fmp-components.com\/lv\/wp-json\/wp\/v2\/product"}],"about":[{"href":"https:\/\/fmp-components.com\/lv\/wp-json\/wp\/v2\/types\/product"}],"replies":[{"embeddable":true,"href":"https:\/\/fmp-components.com\/lv\/wp-json\/wp\/v2\/comments?post=2358"}],"wp:featuredmedia":[{"embeddable":true,"href":"https:\/\/fmp-components.com\/lv\/wp-json\/wp\/v2\/media\/2366"}],"wp:attachment":[{"href":"https:\/\/fmp-components.com\/lv\/wp-json\/wp\/v2\/media?parent=2358"}],"wp:term":[{"taxonomy":"product_brand","embeddable":true,"href":"https:\/\/fmp-components.com\/lv\/wp-json\/wp\/v2\/product_brand?post=2358"},{"taxonomy":"product_cat","embeddable":true,"href":"https:\/\/fmp-components.com\/lv\/wp-json\/wp\/v2\/product_cat?post=2358"},{"taxonomy":"product_tag","embeddable":true,"href":"https:\/\/fmp-components.com\/lv\/wp-json\/wp\/v2\/product_tag?post=2358"}],"curies":[{"name":"wp","href":"https:\/\/api.w.org\/{rel}","templated":true}]}}