{"id":2334,"date":"2024-12-31T08:45:51","date_gmt":"2024-12-31T08:45:51","guid":{"rendered":"https:\/\/fmp-components.com\/?page_id=8"},"modified":"2025-01-01T01:41:07","modified_gmt":"2025-01-01T01:41:07","slug":"flail-mower-gearboxes-replacement-of-comer-code-ll-5l","status":"publish","type":"product","link":"https:\/\/fmp-components.com\/lv\/product\/flail-mower-gearboxes-replacement-of-comer-code-ll-5l\/","title":{"rendered":"Sprigulveida z\u0101les p\u013c\u0101v\u0113ju p\u0101rnesumk\u0101rbas \u2014 Comer koda LL-5L nomai\u0146a"},"content":{"rendered":"<h2><img loading=\"lazy\" decoding=\"async\" class=\"size-full wp-image-2335 aligncenter\" src=\"https:\/\/fmp-components.com\/wp-content\/uploads\/2024\/12\/flail-mower-gearbox-LL-5L.webp\" alt=\"Sprigulveida z\u0101les p\u013c\u0101v\u0113ja p\u0101rnesumk\u0101rba LL-5L\" width=\"500\" height=\"500\" title=\"\" srcset=\"https:\/\/fmp-components.com\/wp-content\/uploads\/2024\/12\/flail-mower-gearbox-LL-5L.webp 500w, https:\/\/fmp-components.com\/wp-content\/uploads\/2024\/12\/flail-mower-gearbox-LL-5L-480x480.webp 480w\" sizes=\"(min-width: 0px) and (max-width: 480px) 480px, (min-width: 481px) 500px, 100vw\" \/><\/h2>\n<h2>Sprigulveida z\u0101les p\u013c\u0101v\u0113ja p\u0101rnesumk\u0101rbas LL-5L specifik\u0101cija<\/h2>\n<p><img loading=\"lazy\" decoding=\"async\" class=\"alignnone size-full wp-image-2336\" src=\"https:\/\/fmp-components.com\/wp-content\/uploads\/2024\/12\/flail-mower-gearbox-specification-LL-5L.webp\" alt=\"Sprigulp\u013caujma\u0161\u012bnas p\u0101rnesumk\u0101rbas specifik\u0101cija LL-5L\" width=\"795\" height=\"428\" title=\"\" srcset=\"https:\/\/fmp-components.com\/wp-content\/uploads\/2024\/12\/flail-mower-gearbox-specification-LL-5L.webp 795w, https:\/\/fmp-components.com\/wp-content\/uploads\/2024\/12\/flail-mower-gearbox-specification-LL-5L-480x258.webp 480w\" sizes=\"(min-width: 0px) and (max-width: 480px) 480px, (min-width: 481px) 795px, 100vw\" \/><\/p>\n<table style=\"width: 95.9652%; height: 351px;\" border=\"1\">\n<tbody>\n<tr>\n<td style=\"width: 49.9526%;\"><strong>es<\/strong><\/td>\n<td style=\"width: 36.9094%;\">1.9<\/td>\n<\/tr>\n<tr>\n<td style=\"width: 49.9526%;\"><strong>N<sub>1<\/sub>[apgr.\/min]<\/strong><\/td>\n<td style=\"width: 36.9094%;\">540<\/td>\n<\/tr>\n<tr>\n<td style=\"width: 49.9526%;\"><strong>P<sub>1<\/sub>[kW]<\/strong><\/td>\n<td style=\"width: 36.9094%;\">11<\/td>\n<\/tr>\n<tr>\n<td style=\"width: 49.9526%;\"><strong>M<sub>2<\/sub>[Nm]<\/strong><\/td>\n<td style=\"width: 36.9094%;\">99<\/td>\n<\/tr>\n<tr>\n<td style=\"width: 49.9526%;\"><strong>V\u0101rpsta X<img loading=\"lazy\" decoding=\"async\" class=\"size-full wp-image-2180 aligncenter\" src=\"https:\/\/fmp-components.com\/wp-content\/uploads\/2024\/12\/shaft-x-3.webp\" alt=\"v\u0101rpsta-x\" width=\"81\" height=\"78\" title=\"\" srcset=\"https:\/\/fmp-components.com\/wp-content\/uploads\/2024\/12\/shaft-x-3.webp 81w, https:\/\/fmp-components.com\/wp-content\/uploads\/2024\/12\/shaft-x-3-12x12.webp 12w\" sizes=\"(max-width: 81px) 100vw, 81px\" \/><br \/>\n<\/strong><\/td>\n<td style=\"width: 36.9094%;\">1\u201d 3\/8 Z6<\/td>\n<\/tr>\n<tr>\n<td style=\"width: 49.9526%;\"><strong>V\u0101rpsta Z<img loading=\"lazy\" decoding=\"async\" class=\"size-full wp-image-2181 aligncenter\" src=\"https:\/\/fmp-components.com\/wp-content\/uploads\/2024\/12\/shaft-z.webp\" alt=\"v\u0101rpsta-z\" width=\"81\" height=\"84\" title=\"\" srcset=\"https:\/\/fmp-components.com\/wp-content\/uploads\/2024\/12\/shaft-z.webp 81w, https:\/\/fmp-components.com\/wp-content\/uploads\/2024\/12\/shaft-z-12x12.webp 12w\" sizes=\"(max-width: 81px) 100vw, 81px\" \/><br \/>\n<\/strong><\/td>\n<td style=\"width: 36.9094%;\">L60 \u03a625<\/td>\n<\/tr>\n<tr>\n<td style=\"width: 49.9526%;\"><strong>Ievade<\/strong><\/td>\n<td style=\"width: 36.9094%;\">X<\/td>\n<\/tr>\n<\/tbody>\n<\/table>\n<h2>Sprigulveida z\u0101les p\u013c\u0101v\u0113ja p\u0101rnesumk\u0101rbas funkcijas<\/h2>\n<p>Sprigu\u013cp\u013caujma\u0161\u012bnas reduktors ir b\u016btiska sast\u0101vda\u013ca, kas nodro\u0161ina efekt\u012bvu sprigu\u013cp\u013caujma\u0161\u012bnu darb\u012bbu, nodro\u0161inot nepiecie\u0161amo jaudas p\u0101rvadi p\u013caujma\u0161\u012bnas asme\u0146u piedzi\u0146ai. Reduktors, kas paredz\u0113ts iztur\u012bbai, uzticam\u012bbai un augstai veiktsp\u0113jai, nodro\u0161ina optim\u0101lu p\u013cau\u0161anas efektivit\u0101ti, vienlaikus izturot skarbos lauksaimniec\u012bbas un zemes kop\u0161anas darbus. T\u0101l\u0101k ir nor\u0101d\u012btas sprigu\u013cp\u013caujma\u0161\u012bnas reduktora galven\u0101s iez\u012bmes:<\/p>\n<p><strong>Augsta jaudas p\u0101rraides efektivit\u0101te<\/strong><\/p>\n<p>Sprigu\u013cp\u013caujma\u0161\u012bnas p\u0101rnesumk\u0101rbas ir paredz\u0113tas, lai nodro\u0161in\u0101tu efekt\u012bvu jaudas p\u0101rvadi no traktora j\u016bgv\u0101rpstas (jaudas no\u0146em\u0161anas) sist\u0113mas uz sprigu\u013cp\u013caujma\u0161\u012bnas asme\u0146iem. P\u0101rnesumk\u0101rba efekt\u012bvi p\u0101rnes griezes momentu, \u013caujot p\u013caujma\u0161\u012bnai p\u013caut bl\u012bvu z\u0101li, kr\u016bmus un citu ve\u0123et\u0101ciju. Konstrukcija ir optimiz\u0113ta, lai nodro\u0161in\u0101tu efekt\u012bvu jaudas pieg\u0101di, samazinot ener\u0123ijas zudumus un palielinot darb\u012bbas veiktsp\u0113ju.<\/p>\n<p><strong>Iztur\u012bga un stabila konstrukcija<\/strong><\/p>\n<p>Sprigu\u013cu p\u013caujma\u0161\u012bnu p\u0101rnesumk\u0101rbas ir izgatavotas no augstas iztur\u012bbas materi\u0101liem, lai iztur\u0113tu liel\u0101s slodzes un lielo griezes momentu, kas rodas ekspluat\u0101cijas laik\u0101. T\u0101das sast\u0101vda\u013cas k\u0101 zobrati, v\u0101rpstas un korpusi ir konstru\u0113tas augstai iztur\u012bbai, padarot p\u0101rnesumk\u0101rbu sp\u0113j\u012bgu tikt gal\u0101 ar sare\u017e\u0123\u012btiem p\u013cau\u0161anas apst\u0101k\u013ciem, tostarp biezu ve\u0123et\u0101ciju, akme\u0146ainu augsni un nel\u012bdzenu reljefu. Iztur\u012bg\u0101 konstrukcija nodro\u0161ina, ka p\u0101rnesumk\u0101rba var dro\u0161i darboties ilgsto\u0161i ar minim\u0101lu apkopi.<\/p>\n<p><strong>Prec\u012bza p\u0101rnesuma attiec\u012bba<\/strong><\/p>\n<p>Spurveida z\u0101les p\u013c\u0101v\u0113ja reduktora p\u0101rnesumskaitlis ir \u013coti svar\u012bgs, lai pan\u0101ktu pareizu l\u012bdzsvaru starp asme\u0146u \u0101trumu un p\u013cau\u0161anas efektivit\u0101ti. Tipiskai reduktoram var b\u016bt p\u0101rnesumskaitlis no 1:1,5 l\u012bdz 1:2 atkar\u012bb\u0101 no konkr\u0113t\u0101 mode\u013ca un pielietojuma. Prec\u012bz\u0101 p\u0101rnesumskait\u013ca d\u0113\u013c asme\u0146i grie\u017eas ar optim\u0101lu grie\u0161anas \u0101trumu, nodro\u0161inot t\u012bru un vienm\u0113r\u012bgu griezumu, vienlaikus nov\u0113r\u0161ot p\u0101rm\u0113r\u012bgu p\u013c\u0101v\u0113ja asme\u0146u un reduktora nodilumu.<\/p>\n<p><strong>Kompakts un viegls dizains<\/strong><\/p>\n<p>Neskatoties uz jaud\u012bgaj\u0101m iesp\u0113j\u0101m, p\u013caujma\u0161\u012bnas-spie\u0137a p\u0101rnesumk\u0101rba ir konstru\u0113ta kompakti un viegli, atvieglojot uzst\u0101d\u012b\u0161anu un integr\u0101ciju ar p\u013caujma\u0161\u012bnu. T\u0101s mazais izm\u0113rs un samazin\u0101tais svars nodro\u0161ina, ka t\u0101 nepalielina p\u013caujma\u0161\u012bnas apjomu, atvieglojot manevr\u0113\u0161anu un samazinot traktora slodzi. Viegl\u0101 konstrukcija ar\u012b uzlabo p\u013caujma\u0161\u012bnas kop\u0113jo efektivit\u0101ti, samazinot ener\u0123ijas pat\u0113ri\u0146u.<\/p>\n<p><strong>P\u0101rslodzes aizsardz\u012bba<\/strong><\/p>\n<p>Trimmeru z\u0101les p\u013c\u0101v\u0113ju p\u0101rnesumk\u0101rbas bie\u017ei ir apr\u012bkotas ar p\u0101rslodzes aizsardz\u012bbas meh\u0101nismiem, piem\u0113ram, b\u012bdes tap\u0101m, griezes momenta ierobe\u017eot\u0101jiem vai p\u0101rslodzes saj\u016bgiem. \u0160\u012bs dro\u0161\u012bbas funkcijas nov\u0113r\u0161 p\u0101rnesumk\u0101rbas un p\u013c\u0101v\u0113ja deta\u013cu boj\u0101jumus p\u0113k\u0161\u0146u \u0161\u0137\u0113r\u0161\u013cu, piem\u0113ram, akme\u0146u vai smagu gru\u017eu, gad\u012bjum\u0101. Ja rodas \u0161\u0137\u0113rslis, p\u0101rslodzes aizsardz\u012bba atvieno transmisiju, nov\u0113r\u0161ot turpm\u0101kus boj\u0101jumus un nodro\u0161inot \u0101tru remontu. \u0160\u012b funkcija uzlabo dro\u0161\u012bbu un pagarina p\u0101rnesumk\u0101rbas ekspluat\u0101cijas laiku.<\/p>\n<p>Sprigulp\u013caujma\u0161\u012bnas reduktors ir augsti konstru\u0113ts komponents, kas nodro\u0161ina sprigulp\u013caujma\u0161\u012bn\u0101m b\u016btisku jaudas p\u0101rvadi, garant\u0113jot vienm\u0113r\u012bgu, efekt\u012bvu un uzticamu darb\u012bbu. T\u0101 galven\u0101s \u012bpa\u0161\u012bbas, tostarp iztur\u012bga konstrukcija, prec\u012bzi p\u0101rnesumu skait\u013ci, p\u0101rslodzes aizsardz\u012bba un mazpras\u012bg\u0101 apkope, padara to par b\u016btisku jebkuras sprigulp\u013caujma\u0161\u012bnas sist\u0113mas sast\u0101vda\u013cu. Neatkar\u012bgi no t\u0101, vai to izmanto z\u0101les, kr\u016bmu vai biez\u0101kas ve\u0123et\u0101cijas p\u013cau\u0161anai, sprigulp\u013caujma\u0161\u012bnas reduktoram ir iz\u0161\u0137iro\u0161a noz\u012bme veiktsp\u0113jas optimiz\u0113\u0161an\u0101 un apr\u012bkojuma kalpo\u0161anas laika pagarin\u0101\u0161an\u0101.<\/p>\n<p><img loading=\"lazy\" decoding=\"async\" class=\"alignnone size-full wp-image-2329\" src=\"https:\/\/fmp-components.com\/wp-content\/uploads\/2024\/12\/Installation-of-Flail-Mower-Gearboxes-Precautions-21.webp\" alt=\"P\u013caujma\u0161\u012bnas-sprigu\u013cu-reduktoru-uzst\u0101d\u012b\u0161anas-piesardz\u012bbas-pas\u0101kumi-2(1)\" width=\"900\" height=\"675\" title=\"\" srcset=\"https:\/\/fmp-components.com\/wp-content\/uploads\/2024\/12\/Installation-of-Flail-Mower-Gearboxes-Precautions-21.webp 900w, https:\/\/fmp-components.com\/wp-content\/uploads\/2024\/12\/Installation-of-Flail-Mower-Gearboxes-Precautions-21-480x360.webp 480w\" sizes=\"(min-width: 0px) and (max-width: 480px) 480px, (min-width: 481px) 900px, 100vw\" \/><\/p>\n<h2>Lauksaimniec\u012bbas j\u016bgv\u0101rpsta p\u013caujma\u0161\u012bnas \u0101trumk\u0101rbai<\/h2>\n<p>Lauksaimniec\u012bbas j\u016bgv\u0101rpsta p\u013caujma\u0161\u012bnas-sprigu\u013cu p\u013caujma\u0161\u012bnas reduktoram ir b\u016btiska sast\u0101vda\u013ca, kas nodro\u0161ina efekt\u012bvu jaudas p\u0101rnesi no traktora j\u016bgv\u0101rpstas (jaudas no\u0146em\u0161anas v\u0101rpstas) sist\u0113mas uz p\u013caujma\u0161\u012bnas-sprigu\u013cu p\u013caujma\u0161\u012bnas reduktoru. \u0160\u012b v\u0101rpsta ir paredz\u0113ta, lai iztur\u0113tu lielu griezes momentu un nodro\u0161in\u0101tu vienm\u0113r\u012bgu, past\u0101v\u012bgu jaudu p\u013caujma\u0161\u012bnas asme\u0146iem, nodro\u0161inot optim\u0101lu p\u013cau\u0161anas veiktsp\u0113ju sare\u017e\u0123\u012btos lauksaimniec\u012bbas darbos. T\u0101l\u0101k ir nor\u0101d\u012btas lauksaimniec\u012bbas j\u016bgv\u0101rpstas p\u013caujma\u0161\u012bnas-sprigu\u013cu p\u013caujma\u0161\u012bnas reduktoram galven\u0101s \u012bpa\u0161\u012bbas un priek\u0161roc\u012bbas:<\/p>\n<p><strong>Efekt\u012bva jaudas p\u0101rvade<\/strong><\/p>\n<p>J\u016bgv\u0101rpstas galven\u0101 funkcija ir p\u0101rs\u016bt\u012bt jaudu no traktora uz p\u013caujma\u0161\u012bnas p\u0101rnesumk\u0101rbu. Savienojot traktora j\u016bgv\u0101rpstas sist\u0113mu ar p\u013caujma\u0161\u012bnas p\u0101rnesumk\u0101rbu, j\u016bgv\u0101rpsta \u013cauj p\u0101rnesumk\u0101rbai griezt p\u013caujma\u0161\u012bnas asme\u0146us ar nepiecie\u0161amo \u0101trumu efekt\u012bvai p\u013cau\u0161anai. \u0160\u012b jaudas p\u0101rvade ir b\u016btiska, lai nodro\u0161in\u0101tu, ka p\u013caujma\u0161\u012bna darbojas ar maksim\u0101lu veiktsp\u0113ju, nodro\u0161inot nemain\u012bgus rezult\u0101tus, p\u013caujot z\u0101li, kr\u016bmus vai citu ve\u0123et\u0101ciju.<\/p>\n<p><strong>Iztur\u012bga konstrukcija<\/strong><\/p>\n<p>P\u013caujma\u0161\u012bnu reduktoriem paredz\u0113t\u0101 j\u016bgv\u0101rpsta ir konstru\u0113ta, lai nodro\u0161in\u0101tu augstu iztur\u012bbu un ilgm\u016b\u017e\u012bbu. Izgatavota no augstas kvalit\u0101tes, nodilumiztur\u012bgiem materi\u0101liem, v\u0101rpsta ir paredz\u0113ta, lai iztur\u0113tu ekstrem\u0101lus lauksaimniec\u012bbas apst\u0101k\u013cus. V\u0101rpsta sp\u0113j iztur\u0113t lielu griezes momentu, trieciena slodzes un vibr\u0101cijas, neapdraudot t\u0101s veiktsp\u0113ju. \u0160\u012b iztur\u012bg\u0101 konstrukcija nodro\u0161ina ilgu kalpo\u0161anas laiku un samazina nepiecie\u0161am\u012bbu p\u0113c bie\u017eas nomai\u0146as vai remonta.<\/p>\n<p><strong>Dro\u0161\u012bbas funkcijas<\/strong><\/p>\n<p>Dro\u0161\u012bba ir galvenais apsv\u0113rums, projekt\u0113jot j\u016bgv\u0101rpstu kr\u016bmu p\u013caujma\u0161\u012bnu p\u0101rnesumk\u0101rb\u0101m. V\u0101rpsta ir apr\u012bkota ar dro\u0161\u012bbas vairogiem, lai nov\u0113rstu nejau\u0161u saskari ar rot\u0113jo\u0161\u0101m deta\u013c\u0101m. \u0160ie vairogi aizsarg\u0101 operatoru un citus tuvum\u0101 eso\u0161os no iesp\u0113jamiem savainojumiem. Turkl\u0101t bie\u017ei tiek iek\u013cauti p\u0101rslodzes aizsardz\u012bbas meh\u0101nismi, piem\u0113ram, b\u012bdes skr\u016bves vai griezes momenta ierobe\u017eot\u0101ji, lai nov\u0113rstu p\u0101rnesumk\u0101rbas vai traktora boj\u0101jumus \u0161\u0137\u0113r\u0161\u013cu vai p\u0101rm\u0113r\u012bgas slodzes gad\u012bjum\u0101. Tas nodro\u0161ina, ka j\u016bgv\u0101rpsta un t\u0101s sast\u0101vda\u013cas ir dro\u0161as lieto\u0161anai sare\u017e\u0123\u012btos apst\u0101k\u013cos.<\/p>\n<p><strong>Vienk\u0101r\u0161a uzst\u0101d\u012b\u0161ana un regul\u0113\u0161ana<\/strong><\/p>\n<p>Lauksaimniec\u012bbas j\u016bgv\u0101rpsta ir paredz\u0113ta vienk\u0101r\u0161ai uzst\u0101d\u012b\u0161anai un regul\u0113\u0161anai. V\u0101rpstai parasti ir teleskopiska konstrukcija, kas \u013cauj to noregul\u0113t pareizaj\u0101 garum\u0101, lai t\u0101 atbilstu da\u017e\u0101d\u0101m traktora un p\u013caujma\u0161\u012bnas konfigur\u0101cij\u0101m. \u0160\u012b regul\u0113jam\u012bba nodro\u0161ina, ka j\u016bgv\u0101rpsta var piel\u0101goties da\u017e\u0101diem ma\u0161\u012bnu mode\u013ciem, uzlabojot daudzpus\u012bbu da\u017e\u0101d\u0101s lauksaimniec\u012bbas darb\u012bb\u0101s. J\u016bgv\u0101rpsta ir apr\u012bkota ar \u0101tr\u0101s savieno\u0161anas savienojumiem, kas atvieglo t\u0101s pievieno\u0161anu un atvieno\u0161anu gan no traktora, gan no p\u013caujma\u0161\u012bnas p\u0101rnesumk\u0101rbas, ietaupot laiku un p\u016bles uzst\u0101d\u012b\u0161anas laik\u0101.<\/p>\n<p><strong>Zemas apkopes pras\u012bbas<\/strong><\/p>\n<p>P\u013caujma\u0161\u012bnas-smulgures reduktora kard\u0101nv\u0101rpsta ir izstr\u0101d\u0101ta t\u0101, lai tai b\u016btu nepiecie\u0161ama minim\u0101la apkope. T\u0101 ir apr\u012bkota ar nosl\u0113gtiem gult\u0146iem un iee\u013c\u013cot\u0101m deta\u013c\u0101m, lai samazin\u0101tu berzi un nodilumu, nodro\u0161inot vienm\u0113r\u012bgu darb\u012bbu un pagarinot v\u0101rpstas kalpo\u0161anas laiku. Regul\u0101ra apkope parasti ietver v\u0101rpstas p\u0101rbaudi, vai tai nav boj\u0101jumu vai nodiluma, e\u013c\u013co\u0161anas p\u0101rbaudi un p\u0101rliecin\u0101\u0161anos, ka visi dro\u0161\u012bbas vairogi un komponenti ir pareizi uzst\u0101d\u012bti. \u0160\u012bs zem\u0101s apkopes pras\u012bbas padara kard\u0101nv\u0101rpstu par \u0113rtu un uzticamu izv\u0113li regul\u0101rai lieto\u0161anai.<\/p>\n<p>Lauksaimniec\u012bbas j\u016bgv\u0101rpsta p\u013caujma\u0161\u012bnu ar sprigu\u013ciem p\u0101rnesumk\u0101rbai ir b\u016btiska sast\u0101vda\u013ca p\u013caujma\u0161\u012bnu darbin\u0101\u0161anai lauksaimniec\u012bbas darbos. Pateicoties t\u0101s iztur\u012bgajai konstrukcijai, dro\u0161\u012bbas funkcij\u0101m un vienk\u0101r\u0161ajai uzst\u0101d\u012b\u0161anai, t\u0101 nodro\u0161ina efekt\u012bvu jaudas p\u0101rvadi, vienlaikus uzlabojot p\u013caujma\u0161\u012bnas veiktsp\u0113ju un ilgm\u016b\u017e\u012bbu. Zem\u0101s apkopes pras\u012bbas, iztur\u012bba pret koroziju un daudzpus\u012bba padara to par uzticamu izv\u0113li pla\u0161am lauksaimniec\u012bbas pielietojumu kl\u0101stam. Nodro\u0161inot past\u0101v\u012bgu jaudu un vienm\u0113r\u012bgu darb\u012bbu, j\u016bgv\u0101rpstai ir b\u016btiska loma p\u013caujma\u0161\u012bnu ar sprigu\u013ciem efektivit\u0101tes optimiz\u0113\u0161an\u0101 neatkar\u012bgi no t\u0101, vai to izmanto ikdienas z\u0101liena kop\u0161anai, intens\u012bvai kr\u016bmu t\u012br\u012b\u0161anai vai zemes uztur\u0113\u0161anai.<\/p>\n<p><img loading=\"lazy\" decoding=\"async\" class=\"alignnone size-full wp-image-2328\" src=\"https:\/\/fmp-components.com\/wp-content\/uploads\/2024\/12\/Agricultural-PTO-Shaft-for-Flail-Mower-Gearbox1.webp\" alt=\"Lauksaimniec\u012bbas-j\u016bgv\u0101rpsta-sprigu\u013cu-p\u013caujma\u0161\u012bnas-reduktoram(1)\" width=\"1200\" height=\"680\" title=\"\" srcset=\"https:\/\/fmp-components.com\/wp-content\/uploads\/2024\/12\/Agricultural-PTO-Shaft-for-Flail-Mower-Gearbox1.webp 1200w, https:\/\/fmp-components.com\/wp-content\/uploads\/2024\/12\/Agricultural-PTO-Shaft-for-Flail-Mower-Gearbox1-980x555.webp 980w, https:\/\/fmp-components.com\/wp-content\/uploads\/2024\/12\/Agricultural-PTO-Shaft-for-Flail-Mower-Gearbox1-480x272.webp 480w\" sizes=\"(min-width: 0px) and (max-width: 480px) 480px, (min-width: 481px) and (max-width: 980px) 980px, (min-width: 981px) 1200px, 100vw\" \/><\/p>\n<h2>Par FMP<\/h2>\n<p>FMP galven\u0101 m\u012btne atrodas It\u0101lij\u0101, un tas ir vado\u0161ais ra\u017eot\u0101js, kas atz\u012bts par savu pieredzi augstas veiktsp\u0113jas p\u0101rnesumk\u0101rbu projekt\u0113\u0161an\u0101, izstr\u0101d\u0113 un ra\u017eo\u0161an\u0101, galvenok\u0101rt lauksaimniec\u012bbas tehnikas sektoram. FMP, kas ir paz\u012bstams ar savu prec\u012bzo in\u017eenieriju, inov\u0101cij\u0101m un nelok\u0101mo uzticam\u012bbu, ir k\u013cuvis par uzticamu partneri, kas apmierina gan lauksaimniec\u012bbas, gan r\u016bpniec\u012bbas tirgu main\u012bg\u0101s pras\u012bbas. M\u016bsu visaptvero\u0161aj\u0101 produktu kl\u0101st\u0101 ietilpst specializ\u0113tas p\u0101rnesumk\u0101rbas z\u0101les p\u013c\u0101v\u0113jiem, j\u016bgv\u0101rpstas un citas svar\u012bgas sast\u0101vda\u013cas, kas visas ir paredz\u0113tas, lai nodro\u0161in\u0101tu efekt\u012bvus, piel\u0101gotus risin\u0101jumus pla\u0161am pielietojumu kl\u0101stam.<\/p>\n<p>Uz\u0146\u0113mum\u0101 FMP m\u0113s saprotam, ka katram klientam ir unik\u0101las vajadz\u012bbas un izaicin\u0101jumi. T\u0101p\u0113c m\u0113s specializ\u0113jamies piel\u0101gotu risin\u0101jumu pied\u0101v\u0101\u0161an\u0101, s\u0101kot no atsevi\u0161\u0137u komponentu l\u012bdz piln\u012bb\u0101 integr\u0113t\u0101m sist\u0113m\u0101m. M\u0113s izmantojam sadarb\u012bbas pieeju, cie\u0161i sadarbojoties ar saviem klientiem, lai nodro\u0161in\u0101tu, ka katrs risin\u0101jums ir ne tikai efekt\u012bvs, bet ar\u012b lietder\u012bgs. M\u016bsu ap\u0146em\u0161an\u0101s sniegt \u0101tras un profesion\u0101las atbildes un ekspertu konsult\u0101cijas garant\u0113, ka katrs piepras\u012bjums tiek apstr\u0101d\u0101ts ar visliel\u0101ko r\u016bp\u012bbu un precizit\u0101ti, nodro\u0161inot vislab\u0101kos rezult\u0101tus m\u016bsu klientiem.<\/p>\n<p>M\u0113s uzsveram atv\u0113rtu un past\u0101v\u012bgu komunik\u0101ciju, \u012bpa\u0161i jaunu produktu izstr\u0101d\u0113. M\u016bsu \u012bpa\u0161i izveidot\u0101 komanda str\u0101d\u0101 tie\u0161i ar klientiem, lai piln\u012bb\u0101 izprastu vi\u0146u pras\u012bbas, pied\u0101v\u0101jot v\u0113rt\u012bgas atzi\u0146as un ieteikumus, kas noved pie optim\u0101liem risin\u0101jumiem. Neatkar\u012bgi no t\u0101, vai m\u0113s izstr\u0101d\u0101jam inovat\u012bvus produktus vai izpild\u0101m eso\u0161os pas\u016bt\u012bjumus, FMP ir ap\u0146\u0113musies vienm\u0113r savlaic\u012bgi pieg\u0101d\u0101t augstas kvalit\u0101tes, prec\u012bzi izstr\u0101d\u0101tus risin\u0101jumus, nodro\u0161inot, ka m\u016bsu klienti sa\u0146em vislab\u0101ko apkalpo\u0161anu un rezult\u0101tus.<\/p>\n<p>FMP darb\u012bbas pamat\u0101 ir m\u016bsu nerimsto\u0161\u0101 koncentr\u0113\u0161an\u0101s uz kvalit\u0101ti. M\u0113s iev\u0113rojam augst\u0101kos ra\u017eo\u0161anas standartus, izmantojot stingrus kvalit\u0101tes kontroles pas\u0101kumus, lai nodro\u0161in\u0101tu, ka katrs produkts ne tikai atbilst, bet ar\u012b p\u0101rsniedz nozares cer\u012bbas. \u0160\u012b ap\u0146em\u0161an\u0101s nodro\u0161in\u0101t kvalit\u0101ti apvienojum\u0101 ar m\u016bsu pamatv\u0113rt\u012bb\u0101m \u2013 integrit\u0101ti, komandas darbu un neatlaid\u012bbu \u2013 ir \u013c\u0101vusi mums veidot ilgsto\u0161as, uztic\u012bbas pilnas attiec\u012bbas ar klientiem gandr\u012bz 30 valst\u012bs vis\u0101 pasaul\u0113.<\/p>\n<p>FMP vienm\u0113r v\u0113las veidot glob\u0101las partnerattiec\u012bbas un joproj\u0101m ir ap\u0146\u0113mies sniegt ekspertu konsult\u0101cijas un piel\u0101gotus risin\u0101jumus, lai apmierin\u0101tu m\u016bsu klientu da\u017e\u0101d\u0101s vajadz\u012bbas. M\u016bsu pieeja sniedzas t\u0101l\u0101k par vienk\u0101r\u0161u produktu pieg\u0101di; m\u0113s cen\u0161amies veidot ilgtermi\u0146a attiec\u012bbas, kas veicina katra projekta pan\u0101kumus. Neatkar\u012bgi no t\u0101, vai jums ir nepiecie\u0161ami inovat\u012bvi risin\u0101jumi jaunam projektam vai past\u0101v\u012bgs atbalsts eso\u0161ai sist\u0113mai, FMP ir \u0161eit, lai risin\u0101tu j\u016bsu tehnisk\u0101s probl\u0113mas un pal\u012bdz\u0113tu nodro\u0161in\u0101t j\u016bsu ilgtsp\u0113j\u012bgus pan\u0101kumus.<\/p>\n<p><img loading=\"lazy\" decoding=\"async\" class=\"alignnone size-full wp-image-1861\" src=\"https:\/\/fmp-components.com\/wp-content\/uploads\/2024\/12\/Other-Agricultural-Gearboxes.webp\" sizes=\"(min-width: 0px) and (max-width: 480px) 480px, (min-width: 481px) and (max-width: 980px) 980px, (min-width: 981px) 1200px, 100vw\" srcset=\"https:\/\/fmp-components.com\/wp-content\/uploads\/2024\/12\/Other-Agricultural-Gearboxes.webp 1200w, https:\/\/fmp-components.com\/wp-content\/uploads\/2024\/12\/Other-Agricultural-Gearboxes-980x1143.webp 980w, https:\/\/fmp-components.com\/wp-content\/uploads\/2024\/12\/Other-Agricultural-Gearboxes-480x560.webp 480w\" alt=\"Altri-cambi-agricoli\" width=\"1200\" height=\"1400\" title=\"\"><\/p>\n<p>Autors: CX<\/p>","protected":false},"excerpt":{"rendered":"<p>Flail Mower Gearbox LL-5L Specification i 1.9 N1[rpm] 540 P1[kW] 11 M2[Nm] 99 Shaft X 1&#8221; 3\/8 Z6 Shaft Z L60 \u03a625 Input X Flail Mower Gearbox Features The Flail Mower Gearbox is an essential component that enables the efficient operation of flail mowers, providing the necessary power transmission to drive the mower blades. Designed [&hellip;]<\/p>","protected":false},"featured_media":2335,"comment_status":"open","ping_status":"closed","template":"","meta":{"_et_pb_use_builder":"","_et_pb_old_content":"","_et_gb_content_width":""},"product_brand":[],"product_cat":[58],"product_tag":[],"class_list":{"0":"post-2334","1":"product","2":"type-product","3":"status-publish","4":"has-post-thumbnail","6":"product_cat-flail-mower-gearbox","8":"first","9":"instock","10":"shipping-taxable","11":"product-type-simple"},"_links":{"self":[{"href":"https:\/\/fmp-components.com\/lv\/wp-json\/wp\/v2\/product\/2334","targetHints":{"allow":["GET"]}}],"collection":[{"href":"https:\/\/fmp-components.com\/lv\/wp-json\/wp\/v2\/product"}],"about":[{"href":"https:\/\/fmp-components.com\/lv\/wp-json\/wp\/v2\/types\/product"}],"replies":[{"embeddable":true,"href":"https:\/\/fmp-components.com\/lv\/wp-json\/wp\/v2\/comments?post=2334"}],"wp:featuredmedia":[{"embeddable":true,"href":"https:\/\/fmp-components.com\/lv\/wp-json\/wp\/v2\/media\/2335"}],"wp:attachment":[{"href":"https:\/\/fmp-components.com\/lv\/wp-json\/wp\/v2\/media?parent=2334"}],"wp:term":[{"taxonomy":"product_brand","embeddable":true,"href":"https:\/\/fmp-components.com\/lv\/wp-json\/wp\/v2\/product_brand?post=2334"},{"taxonomy":"product_cat","embeddable":true,"href":"https:\/\/fmp-components.com\/lv\/wp-json\/wp\/v2\/product_cat?post=2334"},{"taxonomy":"product_tag","embeddable":true,"href":"https:\/\/fmp-components.com\/lv\/wp-json\/wp\/v2\/product_tag?post=2334"}],"curies":[{"name":"wp","href":"https:\/\/api.w.org\/{rel}","templated":true}]}}