{"id":2319,"date":"2024-12-31T08:13:54","date_gmt":"2024-12-31T08:13:54","guid":{"rendered":"https:\/\/fmp-components.com\/?page_id=8"},"modified":"2024-12-31T08:13:54","modified_gmt":"2024-12-31T08:13:54","slug":"irrigation-center-drive-gearbox-syf-2m-series","status":"publish","type":"product","link":"https:\/\/fmp-components.com\/lv\/product\/irrigation-center-drive-gearbox-syf-2m-series\/","title":{"rendered":"Ap\u016bde\u0146o\u0161anas centr\u0101l\u0101s piedzi\u0146as p\u0101rnesumk\u0101rba SYF-2M s\u0113rija"},"content":{"rendered":"<h2>Ap\u016bde\u0146o\u0161anas centr\u0101l\u0101s piedzi\u0146as reduktora SYF-2M s\u0113rijas mode\u013cu numuri<\/h2>\n<p>SYF-2M-20 = 87 apgr.\/min (attiec\u012bba 20:1, 1-1\/2 ZS motors)<br \/>\nSYF-2M-30 = 58 apgr.\/min (attiec\u012bba 30:1, 1-1\/2 ZS motors)<br \/>\nSYF-2M-40 = 43 apgr.\/min (attiec\u012bba 40:1, 1 ZS motors)<br \/>\nSYF-2M-50 = 35 apgr.\/min (attiec\u012bba 50:1, 1 ZS motors)<br \/>\nSYF-2M-58 = 30 apgr.\/min (58:1 attiec\u012bba, 1 ZS motors)<br \/>\nSYF-2M-60 = 29 apgr.\/min (attiec\u012bba 60:1, 1 ZS motors)<br \/>\n(Kad ieejas \u0101trums ir 1740 apgr.\/min)<\/p>\n<h2>Ap\u016bde\u0146o\u0161anas centr\u0101l\u0101s piedzi\u0146as p\u0101rnesumk\u0101rba SYF-2M s\u0113rijas veiktsp\u0113ja<\/h2>\n<p>1. Attiec\u012bba: 20:1, 30:1, 40:1, 50:1, 58:1, 60:1 (pieejamas ar\u012b citas).<br \/>\n2. Izmantojot pa\u0161blo\u0137\u0113jo\u0161u konusveida v\u0101rpstas savienojumu (motors pret t\u0101rpa v\u0101rpstu), var veikt nomai\u0146u uz vietas bez<br \/>\nno\u0146emot t\u0101rpa v\u0101rpstu vai atvienojot slodzi. Tas nodro\u0161ina prec\u012bzu izl\u012bdzin\u0101\u0161anu un nov\u0113r\u0161 berzi.<br \/>\nLai pa\u0101trin\u0101tu motora no\u0146em\u0161anu.<br \/>\n3. Uzst\u0101diet skr\u016bvju rakstus 5\u201d \u00d7 6\u201d.<br \/>\n4. Augstas iztur\u012bbas alum\u012bnija bronzas t\u0101rpu p\u0101rnesums.<br \/>\n5. Nos\u016bt\u012bts ar e\u013c\u013cu.<br \/>\n6. Ietver \u012bpa\u0161as \u0101r\u0113j\u0101s ra\u017eas aizsarga bl\u012bves.<br \/>\n7. Prec\u012bzs, spiedliets, r\u016bd\u012bta alum\u012bnija korpuss.<br \/>\n8. Visi kritiski svar\u012bgi elektriskie savienojumi ir iekapsul\u0113ti, lai nov\u0113rstu mitruma iek\u013c\u016b\u0161anu.<br \/>\n9. \u012apa\u0161i izstr\u0101d\u0101ts iztur\u012bgai ap\u016bde\u0146o\u0161anas darb\u012bbai.<br \/>\n10. 460\/380 volti, 3 f\u0101zes, 60\/50 Hz div\u0113j\u0101ds spriegums.<br \/>\n11. Termiski aizsarg\u0101ts; autom\u0101tiska atiestat\u012b\u0161ana.<br \/>\n12. Iek\u0161\u0113j\u0101 spura tiek atdzes\u0113ta.<br \/>\n13. Piln\u012bb\u0101 sl\u0113gta, viegla, viegli pieejama aug\u0161\u0113j\u0101 sadales k\u0101rba.<br \/>\n14. F klases izol\u0101cija.<br \/>\n15. Minim\u0101lais str\u0101vas pat\u0113ri\u0146\u0161: pilnas slodzes str\u0101va pie nomin\u0101l\u0101 sprieguma, 2,3 amp\u0113ri.<br \/>\n16. Svars: 43,2 m\u0101rci\u0146as (19,6 kg).<br \/>\n17. E\u013c\u013cas tilpums: 0,21 gal (0,8 l)<\/p>\n<h2>Ap\u016bde\u0146o\u0161anas centr\u0101l\u0101s piedzi\u0146as p\u0101rnesumk\u0101rbas SYF-2M s\u0113rijas uzst\u0101d\u012b\u0161ana un kont\u016bras izm\u0113ri<\/h2>\n<p><img loading=\"lazy\" decoding=\"async\" class=\"alignnone size-full wp-image-2321\" src=\"https:\/\/fmp-components.com\/wp-content\/uploads\/2024\/12\/Irrigation-Center-Drive-Gearbox-SYF-2M-Series-Installation-and-Contour-Dimensions.webp\" alt=\"Ap\u016bde\u0146o\u0161anas centra piedzi\u0146as p\u0101rnesumk\u0101rba SYF-2M s\u0113rija uzst\u0101d\u012b\u0161ana un kont\u016bras izm\u0113ri\" width=\"1536\" height=\"880\" title=\"\" srcset=\"https:\/\/fmp-components.com\/wp-content\/uploads\/2024\/12\/Irrigation-Center-Drive-Gearbox-SYF-2M-Series-Installation-and-Contour-Dimensions.webp 1536w, https:\/\/fmp-components.com\/wp-content\/uploads\/2024\/12\/Irrigation-Center-Drive-Gearbox-SYF-2M-Series-Installation-and-Contour-Dimensions-1280x733.webp 1280w, https:\/\/fmp-components.com\/wp-content\/uploads\/2024\/12\/Irrigation-Center-Drive-Gearbox-SYF-2M-Series-Installation-and-Contour-Dimensions-980x561.webp 980w, https:\/\/fmp-components.com\/wp-content\/uploads\/2024\/12\/Irrigation-Center-Drive-Gearbox-SYF-2M-Series-Installation-and-Contour-Dimensions-480x275.webp 480w\" sizes=\"(min-width: 0px) and (max-width: 480px) 480px, (min-width: 481px) and (max-width: 980px) 980px, (min-width: 981px) and (max-width: 1280px) 1280px, (min-width: 1281px) 1536px, 100vw\" \/><\/p>\n<h2>Ap\u016bde\u0146o\u0161anas centr\u0101l\u0101s piedzi\u0146as p\u0101rnesumk\u0101rbas SYF-2M s\u0113rijas priek\u0161roc\u012bbas<\/h2>\n<p>Ap\u016bde\u0146o\u0161anas centra piedzi\u0146as p\u0101rnesumk\u0101rba SYF-2M s\u0113rijai pied\u0101v\u0101 daudzas priek\u0161roc\u012bbas izmanto\u0161anai modern\u0101s ap\u016bde\u0146o\u0161anas sist\u0113m\u0101s, \u012bpa\u0161i centr\u0101l\u0101s \u0161arn\u012bra un line\u0101r\u0101s ap\u016bde\u0146o\u0161anas sist\u0113m\u0101s. SYF-2M s\u0113rija, kas paredz\u0113ta augstai veiktsp\u0113jai un iztur\u012bbai, ir izstr\u0101d\u0101ta, lai nodro\u0161in\u0101tu vienm\u0113r\u012bgu jaudas p\u0101rvadi, uzticam\u012bbu un \u0113rtu apkopi, padarot to par ide\u0101lu izv\u0113li lauksaimniec\u012bbas un d\u0101rzkop\u012bbas ap\u016bde\u0146o\u0161anas sist\u0113m\u0101m. T\u0101l\u0101k ir nor\u0101d\u012btas galven\u0101s SYF-2M s\u0113rijas ap\u016bde\u0146o\u0161anas centra piedzi\u0146as p\u0101rnesumk\u0101rbas izmanto\u0161anas priek\u0161roc\u012bbas:<\/p>\n<p><strong>Uzlabota energoefektivit\u0101te<\/strong><\/p>\n<p>SYF-2M s\u0113rijas p\u0101rnesumk\u0101rba ir izstr\u0101d\u0101ta, lai nodro\u0161in\u0101tu \u013coti efekt\u012bvu jaudas p\u0101rvadi no traktora j\u016bgv\u0101rpstas sist\u0113mas uz centr\u0101lo \u0161arn\u012bra konstrukciju. Optimiz\u0113jot p\u0101rnesumu skait\u013cus un samazinot ener\u0123ijas zudumus, p\u0101rnesumk\u0101rba nodro\u0161ina efekt\u012bvu jaudas p\u0101rvadi, \u013caujot ap\u016bde\u0146o\u0161anas sist\u0113mai darboties ar minim\u0101lu ener\u0123ijas pat\u0113ri\u0146u. \u0160\u012b uzlabot\u0101 jaudas efektivit\u0101te pal\u012bdz samazin\u0101t ekspluat\u0101cijas izmaksas, padarot SYF-2M s\u0113riju par rentablu risin\u0101jumu liela m\u0113roga ap\u016bde\u0146o\u0161anas darb\u012bb\u0101m.<\/p>\n<p><strong>Augsta iztur\u012bba un uzticam\u012bba<\/strong><\/p>\n<p>SYF-2M s\u0113rijas p\u0101rnesumk\u0101rba, kas izgatavota no augstas iztur\u012bbas materi\u0101liem, piem\u0113ram, r\u016bd\u012bta t\u0113rauda un prec\u012bzi konstru\u0113t\u0101m deta\u013c\u0101m, ir paredz\u0113ta, lai iztur\u0113tu lielas slodzes un nep\u0101rtrauktu darb\u012bbu. Iztur\u012bg\u0101 konstrukcija nodro\u0161ina, ka p\u0101rnesumk\u0101rba var tikt gal\u0101 ar lauksaimniec\u012bbas ap\u016bde\u0146o\u0161anas sist\u0113mu pras\u012bgo vidi, nodro\u0161inot uzticamu veiktsp\u0113ju ekstrem\u0101los apst\u0101k\u013cos, piem\u0113ram, pie liela griezes momenta, main\u012bgas temperat\u016bras un skarbiem laikapst\u0101k\u013ciem. T\u0101s iztur\u012bba samazina nepiecie\u0161am\u012bbu p\u0113c bie\u017ea remonta vai nomai\u0146as, nodro\u0161inot ilgtermi\u0146a uzticam\u012bbu un samazinot apkopes izmaksas.<\/p>\n<p><strong>Zemas apkopes pras\u012bbas<\/strong><\/p>\n<p>SYF-2M s\u0113rijas p\u0101rnesumk\u0101rba ir izstr\u0101d\u0101ta t\u0101, lai tai b\u016btu nepiecie\u0161ama neliela apkope, ar nosl\u0113gtiem gult\u0146iem un prec\u012bziem zobratiem, kas samazina iek\u0161\u0113jo berzi un nodilumu. T\u0101s konstrukcija samazina deta\u013cu boj\u0101jumu risku, nodro\u0161inot vienm\u0113r\u012bg\u0101ku darb\u012bbu ar minim\u0101lu apkopi. Regul\u0101ra e\u013c\u013co\u0161ana un neregul\u0101ras p\u0101rbaudes parasti ir pietiekamas, lai uztur\u0113tu optim\u0101lu veiktsp\u0113ju, kas pal\u012bdz samazin\u0101t kop\u0113j\u0101s ekspluat\u0101cijas izmaksas un d\u012bkst\u0101ves laiku, t\u0101d\u0113j\u0101di nodro\u0161inot ap\u016bde\u0146o\u0161anas sist\u0113mu darb\u012bbu un efektivit\u0101ti.<\/p>\n<p><strong>Laikapst\u0101k\u013ciem un korozijai iztur\u012bgs dizains<\/strong><\/p>\n<p>Viena no SYF-2M s\u0113rijas p\u0101rnesumk\u0101rbas izcil\u0101kaj\u0101m iez\u012bm\u0113m ir t\u0101s laikapst\u0101k\u013ciem un korozijai iztur\u012bga konstrukcija. P\u0101rnesumk\u0101rba ir izgatavota ar aizsargp\u0101rkl\u0101jumiem un bl\u012bv\u0113jumiem, kas to pasarg\u0101 no mitruma, putek\u013ciem un citiem vides faktoriem. \u0160\u012b laikapst\u0101k\u013ciem iztur\u012bg\u0101 konstrukcija nodro\u0161ina, ka p\u0101rnesumk\u0101rba darbojas efekt\u012bvi da\u017e\u0101dos apst\u0101k\u013cos, s\u0101kot no stipra lietus l\u012bdz ekstrem\u0101lam karstumam vai aukstumam, padarot to ide\u0101li piem\u0113rotu izmanto\u0161anai lauksaimniec\u012bbas vid\u0113 \u0101rpus telp\u0101m. T\u0101s sp\u0113ja iztur\u0113t skarbus laikapst\u0101k\u013cus nodro\u0161ina vienm\u0113r\u012bgu veiktsp\u0113ju vis\u0101 ap\u016bde\u0146o\u0161anas sezon\u0101.<\/p>\n<p><strong>Sader\u012bba un vienk\u0101r\u0161a integr\u0101cija<\/strong><\/p>\n<p>SYF-2M s\u0113rijas p\u0101rnesumk\u0101rba ir \u013coti daudzpus\u012bga un sader\u012bga ar da\u017e\u0101d\u0101m ap\u016bde\u0146o\u0161anas sist\u0113mu konfigur\u0101cij\u0101m, tostarp centr\u0101l\u0101s \u0161arn\u012bra un line\u0101raj\u0101m ap\u016bde\u0146o\u0161anas sist\u0113m\u0101m. To var viegli integr\u0113t eso\u0161aj\u0101s sist\u0113m\u0101s, pied\u0101v\u0101jot vienk\u0101r\u0161u nomai\u0146as iesp\u0113ju nolietot\u0101m vai boj\u0101t\u0101m p\u0101rnesumk\u0101rb\u0101m. T\u0101s sader\u012bba ar standarta ap\u016bde\u0146o\u0161anas sist\u0113m\u0101m nodro\u0161ina minim\u0101lu uzst\u0101d\u012b\u0161anas laiku, \u013caujot \u0101tri veikt sist\u0113mas moderniz\u0101ciju vai remontu bez pla\u0161\u0101m modifik\u0101cij\u0101m, nodro\u0161inot netrauc\u0113tu p\u0101reju un minim\u0101lus trauc\u0113jumus ap\u016bde\u0146o\u0161anas darb\u012bb\u0101s.<\/p>\n<p>Ap\u016bde\u0146o\u0161anas centra piedzi\u0146as p\u0101rnesumk\u0101rba SYF-2M s\u0113rija pied\u0101v\u0101 iev\u0113rojamas priek\u0161roc\u012bbas energoefektivit\u0101tes, iztur\u012bbas un zemas apkopes zi\u0146\u0101. T\u0101s augstas veiktsp\u0113jas konstrukcija nodro\u0161ina uzticamu un rentablu darb\u012bbu da\u017e\u0101d\u0101s lauksaimniec\u012bbas un d\u0101rzkop\u012bbas ap\u016bde\u0146o\u0161anas sist\u0113m\u0101s. P\u0101rnesumk\u0101rbas laikapst\u0101k\u013ciem un korozijai iztur\u012bg\u0101 konstrukcija apvienojum\u0101 ar t\u0101s vienk\u0101r\u0161o integr\u0113\u0161anu eso\u0161aj\u0101s sist\u0113m\u0101s padara to par lielisku izv\u0113li centr\u0101l\u0101s ass un line\u0101ro ap\u016bde\u0146o\u0161anas sist\u0113mu efektivit\u0101tes un ilgm\u016b\u017e\u012bbas uzlabo\u0161anai. Samazinot ekspluat\u0101cijas izmaksas un d\u012bkst\u0101ves laiku, SYF-2M s\u0113rijas p\u0101rnesumk\u0101rba pal\u012bdz optimiz\u0113t \u016bdens apsaimnieko\u0161anu un ap\u016bde\u0146o\u0161anas efektivit\u0101ti lauksaimniec\u012bbas darb\u012bb\u0101s.<\/p>\n<p><img loading=\"lazy\" decoding=\"async\" class=\"alignnone size-full wp-image-2323\" src=\"https:\/\/fmp-components.com\/wp-content\/uploads\/2024\/12\/Irrigation-Center-Drive-Gearbox-SYF-2M-Series-Applications.webp\" alt=\"Ap\u016bde\u0146o\u0161anas-centra-piedzi\u0146as-p\u0101rnesumk\u0101rbas-SYF-2M-s\u0113rijas-lieto\u0161anas-pieteikumi\" width=\"1540\" height=\"800\" title=\"\" srcset=\"https:\/\/fmp-components.com\/wp-content\/uploads\/2024\/12\/Irrigation-Center-Drive-Gearbox-SYF-2M-Series-Applications.webp 1540w, https:\/\/fmp-components.com\/wp-content\/uploads\/2024\/12\/Irrigation-Center-Drive-Gearbox-SYF-2M-Series-Applications-1280x665.webp 1280w, https:\/\/fmp-components.com\/wp-content\/uploads\/2024\/12\/Irrigation-Center-Drive-Gearbox-SYF-2M-Series-Applications-980x509.webp 980w, https:\/\/fmp-components.com\/wp-content\/uploads\/2024\/12\/Irrigation-Center-Drive-Gearbox-SYF-2M-Series-Applications-480x249.webp 480w\" sizes=\"(min-width: 0px) and (max-width: 480px) 480px, (min-width: 481px) and (max-width: 980px) 980px, (min-width: 981px) and (max-width: 1280px) 1280px, (min-width: 1281px) 1540px, 100vw\" \/><\/p>\n<h2>Ap\u016bde\u0146o\u0161anas centra piedzi\u0146as p\u0101rnesumk\u0101rbas SYF-2M s\u0113rijas pielietojumi<\/h2>\n<p>Ap\u016bde\u0146o\u0161anas centra piedzi\u0146as p\u0101rnesumk\u0101rba SYF-2M s\u0113rija ir izstr\u0101d\u0101ta, lai nodro\u0161in\u0101tu uzticamu un efekt\u012bvu jaudas p\u0101rvadi da\u017e\u0101d\u0101s ap\u016bde\u0146o\u0161anas sist\u0113m\u0101s. \u0160\u012b p\u0101rnesumk\u0101rba ir \u012bpa\u0161i paredz\u0113ta lauksaimniec\u012bbas un d\u0101rzkop\u012bbas vajadz\u012bb\u0101m, nodro\u0161inot vienm\u0113r\u012bgu \u016bdens sadali un optimiz\u0113jot sist\u0113mas veiktsp\u0113ju. T\u0101l\u0101k ir nor\u0101d\u012bti SYF-2M s\u0113rijas ap\u016bde\u0146o\u0161anas centra piedzi\u0146as p\u0101rnesumk\u0101rbas galvenie pielietojumi:<\/p>\n<p><strong>Centra \u0161arn\u012bra ap\u016bde\u0146o\u0161anas sist\u0113mas<\/strong><\/p>\n<p>SYF-2M s\u0113rijas p\u0101rnesumk\u0101rba ir galven\u0101 sast\u0101vda\u013ca centr\u0101l\u0101s \u0161arn\u012bra ap\u016bde\u0146o\u0161anas sist\u0113m\u0101s, kur t\u0101 darbina centr\u0101l\u0101s \u0161arn\u012bra konstrukciju. \u0160\u012bs sist\u0113mas tiek pla\u0161i izmantotas lielu lauku ap\u016bde\u0146o\u0161anai, un p\u0101rnesumk\u0101rba nodro\u0161ina vienm\u0113r\u012bgu un efekt\u012bvu \u0161arn\u012bra sviras rot\u0101ciju. P\u0101rnesot jaudu no j\u016bgv\u0101rpstas sist\u0113mas uz meh\u0101nisko piedzi\u0146u, p\u0101rnesumk\u0101rba pal\u012bdz pan\u0101kt vienm\u0113r\u012bgu \u016bdens sadali, samazinot \u016bdens iz\u0161\u0137\u0113rd\u0113\u0161anu un uzlabojot ra\u017eas apjomu.<\/p>\n<p><strong>Line\u0101r\u0101s ap\u016bde\u0146o\u0161anas sist\u0113mas<\/strong><\/p>\n<p>Line\u0101raj\u0101s ap\u016bde\u0146o\u0161anas sist\u0113m\u0101s SYF-2M s\u0113rijas p\u0101rnesumk\u0101rba tiek izmantota, lai darbin\u0101tu ap\u016bde\u0146o\u0161anas cauru\u013cvadu line\u0101ru kust\u012bbu p\u0101ri laukam. \u0160\u012bs sist\u0113mas nodro\u0161ina m\u0113r\u0137tiec\u012bgu ap\u016bde\u0146o\u0161anu, un p\u0101rnesumk\u0101rba garant\u0113, ka ap\u016bde\u0146o\u0161anas l\u012bnijas p\u0101rvietojas vienm\u0113r\u012bgi pa visu teritoriju, lai efekt\u012bvi pieg\u0101d\u0101tu \u016bdeni. T\u0101s sp\u0113ja tikt gal\u0101 ar da\u017e\u0101diem slodzes apst\u0101k\u013ciem un uztur\u0113t prec\u012bzu kust\u012bbu padara to ide\u0101li piem\u0113rotu gan maza, gan liela m\u0113roga ap\u016bde\u0146o\u0161anas projektiem.<\/p>\n<p><strong>Siltumn\u012bcu ap\u016bde\u0146o\u0161anas sist\u0113mas<\/strong><\/p>\n<p>SYF-2M s\u0113rijas p\u0101rnesumk\u0101rba ir labi piem\u0113rota ar\u012b siltumn\u012bcu ap\u016bde\u0146o\u0161anas sist\u0113m\u0101m, kur stabilas un vienm\u0113r\u012bgas \u016bdens pl\u016bsmas uztur\u0113\u0161ana ir \u013coti svar\u012bga augu vesel\u012bbai. P\u0101rnesumk\u0101rba ir atbild\u012bga par ap\u016bde\u0146o\u0161anas l\u012bniju darbin\u0101\u0161anu, nodro\u0161inot, ka katra siltumn\u012bcas sekcija sa\u0146em nepiecie\u0161amo \u016bdens daudzumu. T\u0101s zem\u0101 apkopes nepiecie\u0161am\u012bba, augst\u0101 iztur\u012bba un efekt\u012bv\u0101 jaudas p\u0101rvade pal\u012bdz optimiz\u0113t \u016bdens pat\u0113ri\u0146u, samazin\u0101t ekspluat\u0101cijas izmaksas un uztur\u0113t vienm\u0113r\u012bgu aug\u0161anas vidi.<\/p>\n<p><strong>Z\u0101liena un ainavu ap\u016bde\u0146o\u0161ana<\/strong><\/p>\n<p>Z\u0101lienu un ainavu ap\u016bde\u0146o\u0161an\u0101 SYF-2M s\u0113rijas p\u0101rnesumk\u0101rba tiek izmantota, lai darbin\u0101tu sist\u0113mas, kas ap\u016bde\u0146o golfa laukumus, sporta laukumus, parkus un citas ainavu zonas. \u0160\u012bm sist\u0113m\u0101m ir nepiecie\u0161ama efekt\u012bva jaudas p\u0101rvade, lai nodro\u0161in\u0101tu, ka lielas z\u0101liena plat\u012bbas sa\u0146em vienm\u0113r\u012bgu ap\u016bde\u0146o\u0161anu. P\u0101rnesumk\u0101rbas laikapst\u0101k\u013ciem un korozijai iztur\u012bgais dizains nodro\u0161ina uzticamu darb\u012bbu da\u017e\u0101dos laika apst\u0101k\u013cos, nodro\u0161inot vienm\u0113r\u012bgu veiktsp\u0113ju vis\u0101 ap\u016bde\u0146o\u0161anas sezon\u0101.<\/p>\n<p><strong>Lauksaimniec\u012bbas ap\u016bde\u0146o\u0161ana kult\u016braugu laukiem<\/strong><\/p>\n<p>SYF-2M s\u0113rijas p\u0101rnesumk\u0101rba tiek pla\u0161i izmantota liela m\u0113roga lauksaimniec\u012bbas ap\u016bde\u0146o\u0161anas sist\u0113m\u0101s, kur t\u0101 pal\u012bdz uztur\u0113t vienm\u0113r\u012bgu ap\u016bde\u0146o\u0161anu laukos, kuros audz\u0113 rindkopas, aug\u013cu d\u0101rzus vai specializ\u0113tas kult\u016bras. Nodro\u0161inot efekt\u012bvu centr\u0101l\u0101s \u0161arn\u012bra un line\u0101ro ap\u016bde\u0146o\u0161anas sist\u0113mu darb\u012bbu, p\u0101rnesumk\u0101rba pal\u012bdz optimiz\u0113t \u016bdens pat\u0113ri\u0146u, palielin\u0101t ra\u017eas apjomu un samazin\u0101t \u016bdens iz\u0161\u0137\u0113rd\u0113\u0161anu. T\u0101s sp\u0113ja tikt gal\u0101 ar pras\u012bgajiem lauksaimniec\u012bbas apst\u0101k\u013ciem nodro\u0161ina uzticamu ap\u016bde\u0146o\u0161anu, kas ir b\u016btiska ra\u017eo\u0161anas maksimiz\u0113\u0161anai un augsnes vesel\u012bbas uztur\u0113\u0161anai.<\/p>\n<p>Ap\u016bde\u0146o\u0161anas centra piedzi\u0146as p\u0101rnesumk\u0101rba SYF-2M s\u0113rija ir paredz\u0113ta pla\u0161am ap\u016bde\u0146o\u0161anas pielietojumu kl\u0101stam, tostarp centra \u0161arn\u012bra sist\u0113m\u0101m, line\u0101r\u0101m ap\u016bde\u0146o\u0161anas sist\u0113m\u0101m, siltumn\u012bcu ap\u016bde\u0146o\u0161anai, z\u0101lienu un ainavu ap\u016bde\u0146o\u0161anai, k\u0101 ar\u012b lauksaimniec\u012bbas ap\u016bde\u0146o\u0161anai kult\u016braugu laukiem. T\u0101s iztur\u012bba, efektivit\u0101te un vienk\u0101r\u0161\u0101 integr\u0101cija padara to par lielisku izv\u0113li \u016bdens sadales un ap\u016bde\u0146o\u0161anas sist\u0113mas veiktsp\u0113jas optimiz\u0113\u0161anai. Nodro\u0161inot vienm\u0113r\u012bgu un uzticamu jaudas p\u0101rraidi, SYF-2M s\u0113rijas p\u0101rnesumk\u0101rba nodro\u0161ina ap\u016bde\u0146o\u0161anas sist\u0113mu efekt\u012bvu darb\u012bbu, samazinot izmaksas un uzlabojot kult\u016braugu produktivit\u0101ti.<\/p>\n<p><img loading=\"lazy\" decoding=\"async\" class=\"alignnone size-full wp-image-2324\" src=\"https:\/\/fmp-components.com\/wp-content\/uploads\/2024\/12\/Irrigation-Center-Drive-Gearbox-SYF-2M-Series-Benefits.webp\" alt=\"Ap\u016bde\u0146o\u0161anas-centra-piedzi\u0146as-p\u0101rnesumk\u0101rbas-SYF-2M-s\u0113rijas-priek\u0161roc\u012bbas\" width=\"980\" height=\"544\" title=\"\" srcset=\"https:\/\/fmp-components.com\/wp-content\/uploads\/2024\/12\/Irrigation-Center-Drive-Gearbox-SYF-2M-Series-Benefits.webp 980w, https:\/\/fmp-components.com\/wp-content\/uploads\/2024\/12\/Irrigation-Center-Drive-Gearbox-SYF-2M-Series-Benefits-480x266.webp 480w\" sizes=\"(min-width: 0px) and (max-width: 480px) 480px, (min-width: 481px) 980px, 100vw\" \/><\/p>\n<h3>Par FMP<\/h3>\n<p>FMP galven\u0101 m\u012btne atrodas It\u0101lij\u0101, un tas ir vado\u0161ais ra\u017eot\u0101js, kas paz\u012bstams ar savu pieredzi augstas veiktsp\u0113jas p\u0101rnesumk\u0101rbu projekt\u0113\u0161an\u0101, izstr\u0101d\u0113 un ra\u017eo\u0161an\u0101, \u012bpa\u0161i koncentr\u0113joties uz lauksaimniec\u012bbas tehnikas sektoru. Ar prec\u012bzas in\u017eenierijas, inovat\u012bvu risin\u0101jumu un nelok\u0101mas uzticam\u012bbas reput\u0101ciju FMP ir k\u013cuvis par uzticamu partneri, kas risina gan lauksaimniec\u012bbas, gan r\u016bpniec\u012bbas sektora main\u012bg\u0101s vajadz\u012bbas. M\u016bsu daudzveid\u012bgais produktu kl\u0101sts ietver specializ\u0113tas p\u0101rnesumk\u0101rbas z\u0101les p\u013c\u0101v\u0113jiem, j\u016bgv\u0101rpstas un citas svar\u012bgas sast\u0101vda\u013cas, kas visas ir r\u016bp\u012bgi izstr\u0101d\u0101tas, lai nodro\u0161in\u0101tu piel\u0101gotus risin\u0101jumus pla\u0161am pielietojumu kl\u0101stam.<\/p>\n<p>Uz\u0146\u0113mum\u0101 FMP m\u0113s saprotam, ka katram klientam ir unik\u0101las pras\u012bbas un izaicin\u0101jumi. T\u0101p\u0113c m\u0113s specializ\u0113jamies piel\u0101gotu risin\u0101jumu pied\u0101v\u0101\u0161an\u0101, neatkar\u012bgi no t\u0101, vai tie attiecas uz atsevi\u0161\u0137\u0101m komponent\u0113m vai piln\u012bb\u0101 integr\u0113t\u0101m sist\u0113m\u0101m. M\u0113s cie\u0161i sadarbojamies ar saviem klientiem, lai nodro\u0161in\u0101tu, ka katrs risin\u0101jums ir ne tikai efekt\u012bvs, bet ar\u012b lietder\u012bgs, optimiz\u0113jot gan veiktsp\u0113ju, gan v\u0113rt\u012bbu. M\u016bsu ap\u0146em\u0161an\u0101s sniegt \u0101tras un profesion\u0101las atbildes apvienojum\u0101 ar ekspertu nor\u0101d\u012bjumiem nodro\u0161ina, ka katrs piepras\u012bjums tiek apstr\u0101d\u0101ts ar visliel\u0101ko r\u016bp\u012bbu un precizit\u0101ti, t\u0101d\u0113j\u0101di sasniedzot vislab\u0101kos iesp\u0113jamos rezult\u0101tus.<\/p>\n<p>M\u0113s priorit\u0101ri izvirz\u0101m atv\u0113rtu un nep\u0101rtrauktu komunik\u0101ciju vis\u0101 produktu izstr\u0101des proces\u0101. M\u016bsu \u012bpa\u0161i izveidot\u0101 komanda str\u0101d\u0101 tie\u0161i ar klientiem, lai piln\u012bb\u0101 izprastu vi\u0146u \u012bpa\u0161\u0101s vajadz\u012bbas, pied\u0101v\u0101jot v\u0113rt\u012bgas atzi\u0146as un ieteikumus, lai nodro\u0161in\u0101tu optim\u0101lus risin\u0101jumus. Neatkar\u012bgi no t\u0101, vai izstr\u0101d\u0101jam inovat\u012bvus produktus vai izpild\u0101m past\u0101v\u012bgus pas\u016bt\u012bjumus, FMP ir ap\u0146\u0113musies vienm\u0113r savlaic\u012bgi pieg\u0101d\u0101t augstas kvalit\u0101tes, prec\u012bzi izstr\u0101d\u0101tus risin\u0101jumus. M\u016bsu m\u0113r\u0137is ir nodro\u0161in\u0101t klientiem vislab\u0101ko apkalpo\u0161anu un rezult\u0101tus, p\u0101rsniedzot cer\u012bbas katr\u0101 projekt\u0101.<\/p>\n<p>Kvalit\u0101te ir FMP darb\u012bbas st\u016brakmens. M\u0113s iev\u0113rojam augst\u0101kos ra\u017eo\u0161anas standartus, ievie\u0161ot stingrus kvalit\u0101tes kontroles pas\u0101kumus, lai nodro\u0161in\u0101tu, ka katrs produkts ne tikai atbilst, bet ar\u012b p\u0101rsniedz nozares standartus. \u0160\u012b nelok\u0101m\u0101 ap\u0146em\u0161an\u0101s nodro\u0161in\u0101t kvalit\u0101ti apvienojum\u0101 ar m\u016bsu pamatv\u0113rt\u012bb\u0101m \u2013 integrit\u0101ti, komandas darbu un neatlaid\u012bbu \u2013 ir \u013c\u0101vusi mums veidot ilgsto\u0161as, uz uztic\u012bbu balst\u012btas attiec\u012bbas ar klientiem gandr\u012bz 30 valst\u012bs vis\u0101 pasaul\u0113.<\/p>\n<p>FMP vienm\u0113r ir atv\u0113rts glob\u0101lu partner\u012bbu veido\u0161anai un joproj\u0101m ir ap\u0146\u0113mies pied\u0101v\u0101t ekspertu padomus un piel\u0101gotus risin\u0101jumus, kas atbilst m\u016bsu klientu da\u017e\u0101daj\u0101m vajadz\u012bb\u0101m. M\u0113s nepied\u0101v\u0101jam tikai produktus; m\u016bsu m\u0113r\u0137is ir veidot ilgsto\u0161as \u200b\u200battiec\u012bbas, kas veicina katra projekta pan\u0101kumus. Neatkar\u012bgi no t\u0101, vai jums ir nepiecie\u0161ami inovat\u012bvi risin\u0101jumi jaunai iniciat\u012bvai vai past\u0101v\u012bgs atbalsts eso\u0161ai sist\u0113mai, FMP ir \u0161eit, lai risin\u0101tu j\u016bsu tehnisk\u0101s probl\u0113mas un nodro\u0161in\u0101tu j\u016bsu turpm\u0101kos pan\u0101kumus.<\/p>\n<p><img loading=\"lazy\" decoding=\"async\" class=\"alignnone size-full wp-image-1861\" src=\"https:\/\/fmp-components.com\/wp-content\/uploads\/2024\/12\/Other-Agricultural-Gearboxes.webp\" sizes=\"(min-width: 0px) and (max-width: 480px) 480px, (min-width: 481px) and (max-width: 980px) 980px, (min-width: 981px) 1200px, 100vw\" srcset=\"https:\/\/fmp-components.com\/wp-content\/uploads\/2024\/12\/Other-Agricultural-Gearboxes.webp 1200w, https:\/\/fmp-components.com\/wp-content\/uploads\/2024\/12\/Other-Agricultural-Gearboxes-980x1143.webp 980w, https:\/\/fmp-components.com\/wp-content\/uploads\/2024\/12\/Other-Agricultural-Gearboxes-480x560.webp 480w\" alt=\"Altri-cambi-agricoli\" width=\"1200\" height=\"1400\" title=\"\"><\/p>\n<p>Autors: CX<\/p>","protected":false},"excerpt":{"rendered":"<p>Irrigation Center-Drive Gearbox SYF-2M Series Model Numbers SYF-2M-20=87rpm(20:1 ratio,1-1\/2 HP motor) SYF-2M-30=58rpm(30:1 ratio, 1-1\/2 HP motor) SYF-2M-40=43rpm(40:1 ratio, 1 HP motor) SYF-2M-50=35rpm(50:1 ratio, 1 HP motor) SYF-2M-58=30rpm(58:1 ratio, 1 HP motor) SYF-2M-60=29rpm(60:1 ratio, 1 HP motor) (When input speed is 1740 rpm) Irrigation Center-Drive Gearbox SYF-2M Series Performance 1. Ratio: 20:1, 30:1, 40:1, 50:1, 58:1, [&hellip;]<\/p>","protected":false},"featured_media":2322,"comment_status":"open","ping_status":"closed","template":"","meta":{"_et_pb_use_builder":"","_et_pb_old_content":"","_et_gb_content_width":""},"product_brand":[],"product_cat":[57],"product_tag":[],"class_list":{"0":"post-2319","1":"product","2":"type-product","3":"status-publish","4":"has-post-thumbnail","6":"product_cat-irrigation-gearbox","8":"first","9":"instock","10":"shipping-taxable","11":"product-type-simple"},"_links":{"self":[{"href":"https:\/\/fmp-components.com\/lv\/wp-json\/wp\/v2\/product\/2319","targetHints":{"allow":["GET"]}}],"collection":[{"href":"https:\/\/fmp-components.com\/lv\/wp-json\/wp\/v2\/product"}],"about":[{"href":"https:\/\/fmp-components.com\/lv\/wp-json\/wp\/v2\/types\/product"}],"replies":[{"embeddable":true,"href":"https:\/\/fmp-components.com\/lv\/wp-json\/wp\/v2\/comments?post=2319"}],"wp:featuredmedia":[{"embeddable":true,"href":"https:\/\/fmp-components.com\/lv\/wp-json\/wp\/v2\/media\/2322"}],"wp:attachment":[{"href":"https:\/\/fmp-components.com\/lv\/wp-json\/wp\/v2\/media?parent=2319"}],"wp:term":[{"taxonomy":"product_brand","embeddable":true,"href":"https:\/\/fmp-components.com\/lv\/wp-json\/wp\/v2\/product_brand?post=2319"},{"taxonomy":"product_cat","embeddable":true,"href":"https:\/\/fmp-components.com\/lv\/wp-json\/wp\/v2\/product_cat?post=2319"},{"taxonomy":"product_tag","embeddable":true,"href":"https:\/\/fmp-components.com\/lv\/wp-json\/wp\/v2\/product_tag?post=2319"}],"curies":[{"name":"wp","href":"https:\/\/api.w.org\/{rel}","templated":true}]}}