{"id":2297,"date":"2024-12-31T06:50:02","date_gmt":"2024-12-31T06:50:02","guid":{"rendered":"https:\/\/fmp-components.com\/?page_id=8"},"modified":"2024-12-31T07:35:56","modified_gmt":"2024-12-31T07:35:56","slug":"irrigation-reels-gearboxes-replacement-of-comer-code-a-4a","status":"publish","type":"product","link":"https:\/\/fmp-components.com\/lv\/product\/irrigation-reels-gearboxes-replacement-of-comer-code-a-4a\/","title":{"rendered":"Ap\u016bde\u0146o\u0161anas ru\u013c\u013cu p\u0101rnesumk\u0101rbas \u2014 Comer koda A-4A nomai\u0146a"},"content":{"rendered":"<h2 style=\"text-align: center;\">Ap\u016bde\u0146o\u0161anas ru\u013c\u013cu p\u0101rnesumk\u0101rbas \u2014 Comer koda A-4A nomai\u0146a<\/h2>\n<p>Ap\u016bde\u0146o\u0161anas spo\u013cu p\u0101rnesumk\u0101rba \u2014 Comer Code A-4A nomai\u0146a ir augstas veiktsp\u0113jas, iztur\u012bga p\u0101rnesumk\u0101rba, kas paredz\u0113ta Comer Code A-4A p\u0101rnesumk\u0101rbas nomai\u0146ai ap\u016bde\u0146o\u0161anas spo\u013cu sist\u0113m\u0101s. \u0160\u012b nomai\u0146as p\u0101rnesumk\u0101rba nodro\u0161ina uzticamu jaudas p\u0101rvadi un uzlabotu efektivit\u0101ti da\u017e\u0101diem lauksaimniec\u012bbas ap\u016bde\u0146o\u0161anas lietojumiem, garant\u0113jot ap\u016bde\u0146o\u0161anas spo\u013cu vienm\u0113r\u012bgu darb\u012bbu. Neatkar\u012bgi no t\u0101, vai to izmanto liela m\u0113roga lauksaimniec\u012bbas laukos vai ainavu veido\u0161anas projektos, \u0161\u012b p\u0101rnesumk\u0101rba nodro\u0161ina optim\u0101lu \u016bdens sadali un minim\u0101lu d\u012bkst\u0101vi, veicinot lab\u0101ku ap\u016bde\u0146o\u0161anas p\u0101rvald\u012bbu.<\/p>\n<p><img loading=\"lazy\" decoding=\"async\" class=\"size-full wp-image-2300 aligncenter\" src=\"https:\/\/fmp-components.com\/wp-content\/uploads\/2024\/12\/irrigation-gearbox-1.webp\" alt=\"ap\u016bde\u0146o\u0161anas p\u0101rnesumk\u0101rba\" width=\"500\" height=\"500\" title=\"\" srcset=\"https:\/\/fmp-components.com\/wp-content\/uploads\/2024\/12\/irrigation-gearbox-1.webp 500w, https:\/\/fmp-components.com\/wp-content\/uploads\/2024\/12\/irrigation-gearbox-1-480x480.webp 480w\" sizes=\"(min-width: 0px) and (max-width: 480px) 480px, (min-width: 481px) 500px, 100vw\" \/><\/p>\n<h3>Galven\u0101s iez\u012bmes:<\/h3>\n<ol>\n<li>Augsta jaudas apstr\u0101des jauda<br \/>\nComer Code A-4A rezerves p\u0101rnesumk\u0101rba ir paredz\u0113ta lielas jaudas apstr\u0101dei, nodro\u0161inot efekt\u012bvu ap\u016bde\u0146o\u0161anas ru\u013c\u013cu sist\u0113mas darb\u012bbu. Pateicoties sp\u0113jai atbalst\u012bt iev\u0113rojamu griezes momentu un jaudu, \u0161\u012b p\u0101rnesumk\u0101rba ir labi piem\u0113rota ap\u016bde\u0146o\u0161anas sist\u0113mu pras\u012bgaj\u0101m vajadz\u012bb\u0101m, padarot to ide\u0101li piem\u0113rotu lauksaimniec\u012bbas darbiem, kuriem nepiecie\u0161ama stabila veiktsp\u0113ja.<\/li>\n<li>Iztur\u012bga konstrukcija<br \/>\nNo augstas kvalit\u0101tes materi\u0101liem izgatavot\u0101 rezerves p\u0101rnesumk\u0101rba ir izstr\u0101d\u0101ta ilgsto\u0161ai iztur\u012bbai un nodilumiztur\u012bbai. T\u0101s iztur\u012bg\u0101 konstrukcija nodro\u0161ina uzticamu darb\u012bbu pat skarbos laika apst\u0101k\u013cos un pras\u012bg\u0101 vid\u0113, nodro\u0161inot, ka p\u0101rnesumk\u0101rba iztur nep\u0101rtrauktas darb\u012bbas rad\u012bto slodzi ap\u016bde\u0146o\u0161anas sist\u0113m\u0101s.<\/li>\n<li>Efekt\u012bva jaudas p\u0101rvade<br \/>\nP\u0101rnesumk\u0101rba ir izstr\u0101d\u0101ta, lai nodro\u0161in\u0101tu vienm\u0113r\u012bgu un efekt\u012bvu jaudas p\u0101rnesi no piedzi\u0146as motora uz ap\u016bde\u0146o\u0161anas spoli. T\u0101 nodro\u0161ina optim\u0101lu \u0101truma samazin\u0101\u0161anu un griezes momenta palielin\u0101\u0161anu, \u013caujot ap\u016bde\u0146o\u0161anas spolei p\u0101rvietoties ar vienm\u0113r\u012bgu \u0101trumu un kontroli. \u0160\u012b prec\u012bz\u0101 jaudas p\u0101rne\u0161ana samazina ener\u0123ijas zudumus un uzlabo kop\u0113jo efektivit\u0101ti, samazinot ekspluat\u0101cijas izmaksas.<\/li>\n<\/ol>\n<p>Ap\u016bde\u0146o\u0161anas spo\u013cu p\u0101rnesumk\u0101rba \u2014 Comer koda A-4A nomai\u0146a \u2014 ir iztur\u012bgs, efekt\u012bvs un uzticams risin\u0101jums ap\u016bde\u0146o\u0161anas spo\u013cu sist\u0113m\u0101m. Pateicoties lielajai jaudai, iztur\u012bgajai konstrukcijai un zemaj\u0101m apkopes pras\u012bb\u0101m, \u0161\u012b p\u0101rnesumk\u0101rba nodro\u0161ina optim\u0101lu veiktsp\u0113ju lauksaimniec\u012bbas, ainavu veido\u0161anas un d\u0101rzkop\u012bbas vajadz\u012bb\u0101m. Vienk\u0101r\u0161a uzst\u0101d\u012b\u0161ana un sader\u012bba ar eso\u0161aj\u0101m sist\u0113m\u0101m padara to par ide\u0101lu nomai\u0146as iesp\u0113ju, samazinot d\u012bkst\u0101ves laiku un uzlabojot ap\u016bde\u0146o\u0161anas efektivit\u0101ti.<\/p>\n<h2 class=\"et_pb_module_header\">Ap\u016bde\u0146o\u0161anas ru\u013c\u013cu p\u0101rnesumk\u0101rbas \u2014 Comer koda A-4A nomai\u0146a<\/h2>\n<table style=\"width: 100%;\" border=\"1\" width=\"100%\" cellspacing=\"0\" cellpadding=\"0\">\n<tbody>\n<tr>\n<th>Apraksts<\/th>\n<td>Ap\u016bde\u0146o\u0161anas ru\u013c\u013cu p\u0101rnesumk\u0101rbas \u2014 Comer koda A-4A nomai\u0146a<\/td>\n<\/tr>\n<tr>\n<th>Pieteikums<\/th>\n<td>Da\u017e\u0101di (lauksaimniec\u012bbas) pielietojumi<\/td>\n<\/tr>\n<tr>\n<th>Sast\u0101v no<\/th>\n<td>\u0100trumk\u0101rba<\/td>\n<\/tr>\n<tr>\n<th>Bez e\u013c\u013cas<\/th>\n<td>Tehnisk\u0101 inform\u0101cija<\/td>\n<\/tr>\n<tr>\n<th><\/th>\n<td>Ja jums ir k\u0101di jaut\u0101jumi par veiktsp\u0113ju da\u017e\u0101dos \u0101trumos, l\u016bdzu, nevilcinieties sazin\u0101ties ar mums.<\/td>\n<\/tr>\n<tr>\n<th><\/th>\n<td>Pirmo reizi lietojot, e\u013c\u013ca j\u0101nomaina p\u0113c 50 darba stund\u0101m.<\/td>\n<\/tr>\n<tr>\n<th>Satur e\u013c\u013cu<\/th>\n<td>N\u0113<\/td>\n<\/tr>\n<tr>\n<th>Maksim\u0101l\u0101 e\u013c\u013cas ietilp\u012bba<\/th>\n<td>1 l<\/td>\n<\/tr>\n<tr>\n<th>Maks. e\u013c\u013cas mai\u0146as interv\u0101ls<\/th>\n<td>500 stundas<\/td>\n<\/tr>\n<tr>\n<th>E\u013c\u013cas SAE viskozit\u0101tes klase<\/th>\n<td>80W-90<\/td>\n<\/tr>\n<tr>\n<th>Korpusa materi\u0101ls<\/th>\n<td>\u010cuguns GG25<\/td>\n<\/tr>\n<tr>\n<th>Svars<\/th>\n<td>41 kg<\/td>\n<\/tr>\n<tr>\n<th>P\u0101rnesumu izvietojuma palielin\u0101\u0161ana<\/th>\n<td>46 &#8211; 47<\/td>\n<\/tr>\n<tr>\n<th>P\u0101rnesumu izvietojuma samazin\u0101\u0161ana<\/th>\n<td>57 &#8211; 58<\/td>\n<\/tr>\n<tr>\n<th>Ievades jauda kW \/ ZS pieaug<\/th>\n<td>56,7\u00a0\/\u00a077\u00a0kW\/ZS<\/td>\n<\/tr>\n<tr>\n<th>Ievades v\u0101rpstas palielin\u0101\u0161ana<\/th>\n<td>X<\/td>\n<\/tr>\n<tr>\n<th>Ieejas v\u0101rpstas samazin\u0101\u0161ana<\/th>\n<td>J\u0101<\/td>\n<\/tr>\n<tr>\n<th>Ievades jauda kW \/ ZS samazin\u0101\u0161ana<\/th>\n<td>15,8 \/ 21,5 kW\/ZS<\/td>\n<\/tr>\n<tr>\n<th>Izejas griezes moments DaNm pieaug<\/th>\n<td>24,2 daNm<\/td>\n<\/tr>\n<tr>\n<th>Attiec\u012bbas palielin\u0101\u0161ana<\/th>\n<td>1 : 4<\/td>\n<\/tr>\n<tr>\n<th>Attiec\u012bbas samazin\u0101\u0161ana<\/th>\n<td>4 : 1<\/td>\n<\/tr>\n<tr>\n<th>X v\u0101rpsta<\/th>\n<td>1 3\/8 collas (6) (A)<\/td>\n<\/tr>\n<tr>\n<th>Y v\u0101rpsta<\/th>\n<td>35 (C)<\/td>\n<\/tr>\n<\/tbody>\n<\/table>\n<h2 class=\"et_pb_module_header\">Ap\u016bde\u0146o\u0161anas ru\u013c\u013cu p\u0101rnesumk\u0101rbas \u2014 st\u016bra koda A-4A nomai\u0146a 1:1<\/h2>\n<table style=\"width: 100%;\" border=\"1\" width=\"100%\" cellspacing=\"0\" cellpadding=\"0\">\n<tbody>\n<tr>\n<th>Apraksts<\/th>\n<td>Ap\u016bde\u0146o\u0161anas ru\u013c\u013cu p\u0101rnesumk\u0101rbas \u2014 st\u016bra koda A-4A nomai\u0146a 1:1<\/td>\n<\/tr>\n<tr>\n<th>Pieteikums<\/th>\n<td>Da\u017e\u0101di (lauksaimniec\u012bbas) pielietojumi<\/td>\n<\/tr>\n<tr>\n<th>Sast\u0101v no<\/th>\n<td>\u0100trumk\u0101rba<\/td>\n<\/tr>\n<tr>\n<th>Bez e\u013c\u013cas<\/th>\n<td>Ap\u016bde\u0146o\u0161anas ru\u013c\u013cu p\u0101rnesumk\u0101rbas<\/td>\n<\/tr>\n<tr>\n<th>Tehnisk\u0101 inform\u0101cija<\/th>\n<td>Ja jums ir k\u0101di jaut\u0101jumi par veiktsp\u0113ju da\u017e\u0101dos \u0101trumos, l\u016bdzu, nevilcinieties sazin\u0101ties ar mums.<\/td>\n<\/tr>\n<tr>\n<th><\/th>\n<td>Pirmo reizi lietojot, e\u013c\u013ca j\u0101nomaina p\u0113c 50 darba stund\u0101m.<\/td>\n<\/tr>\n<tr>\n<th>Maks. ieejas jauda<\/th>\n<td>62,6 kW<\/td>\n<\/tr>\n<tr>\n<th>Maks. izejas griezes moments<\/th>\n<td>1071 Nm<\/td>\n<\/tr>\n<tr>\n<th>Satur e\u013c\u013cu<\/th>\n<td>N\u0113<\/td>\n<\/tr>\n<tr>\n<th>Maksim\u0101l\u0101 e\u013c\u013cas ietilp\u012bba<\/th>\n<td>1 l<\/td>\n<\/tr>\n<tr>\n<th>Maks. e\u013c\u013cas mai\u0146as interv\u0101ls<\/th>\n<td>500 stundas<\/td>\n<\/tr>\n<tr>\n<th>E\u013c\u013cas SAE viskozit\u0101tes klase<\/th>\n<td>80W-90<\/td>\n<\/tr>\n<tr>\n<th>Korpusa materi\u0101ls<\/th>\n<td>\u010cuguns GG25<\/td>\n<\/tr>\n<tr>\n<th>Svars<\/th>\n<td>41 kg<\/td>\n<\/tr>\n<tr>\n<th>P\u0101rnesumu izvietojums<\/th>\n<td>51 &#8211; 52<\/td>\n<\/tr>\n<tr>\n<th>Attiec\u012bba<\/th>\n<td>1 : 1<\/td>\n<\/tr>\n<tr>\n<th>Ievades v\u0101rpsta<\/th>\n<td>J\u0101<\/td>\n<\/tr>\n<tr>\n<th>X v\u0101rpsta<\/th>\n<td>1 3\/8 collas (6) (A)<\/td>\n<\/tr>\n<tr>\n<th>Y v\u0101rpsta<\/th>\n<td>1 3\/8 collas (6) (B)<\/td>\n<\/tr>\n<\/tbody>\n<\/table>\n<h2>Ap\u016bde\u0146o\u0161anas spo\u013cu p\u0101rnesumk\u0101rbu \u012bpa\u0161\u012bbas<\/h2>\n<p>Ap\u016bde\u0146o\u0161anas spo\u013cu p\u0101rnesumk\u0101rbas ir b\u016btiskas m\u016bsdienu ap\u016bde\u0146o\u0161anas sist\u0113mu sast\u0101vda\u013cas, kas paredz\u0113tas, lai p\u0101rveidotu traktora j\u016bgv\u0101rpstas (jaudas no\u0146em\u0161anas v\u0101rpstas) jaudu rot\u0101cijas kust\u012bb\u0101, kas nepiecie\u0161ama ap\u016bde\u0146o\u0161anas \u0161\u013c\u016bte\u0146u uzt\u012b\u0161anai vai att\u012b\u0161anai. \u0160\u012bs p\u0101rnesumk\u0101rbas nodro\u0161ina efekt\u012bvu darb\u012bbu, iztur\u012bbu un vienm\u0113r\u012bgu jaudas p\u0101rnesi, \u013caujot dro\u0161i ap\u016bde\u0146ot lauksaimniec\u012bbas un ainavu veido\u0161anas darbos. T\u0101l\u0101k ir nor\u0101d\u012btas da\u017eas ap\u016bde\u0146o\u0161anas spo\u013cu p\u0101rnesumk\u0101rbu galven\u0101s iez\u012bmes:<\/p>\n<p><strong>Augsta griezes momenta jauda<\/strong><\/p>\n<p>Ap\u016bde\u0146o\u0161anas spo\u013cu p\u0101rnesumk\u0101rbas ir konstru\u0113tas t\u0101, lai iztur\u0113tu lielu griezes momentu, nodro\u0161inot efekt\u012bvu darb\u012bbu pat pie liel\u0101m slodz\u0113m. T\u0101s ir paredz\u0113tas nepiecie\u0161am\u0101s rot\u0101cijas jaudas p\u0101rne\u0161anai no j\u016bgv\u0101rpstas sist\u0113mas uz ap\u016bde\u0146o\u0161anas spoli, nodro\u0161inot vienm\u0113r\u012bgu ap\u016bde\u0146o\u0161anas \u0161\u013c\u016bte\u0146u uzt\u012b\u0161anu un att\u012b\u0161anu bez slodzes. Augst\u0101 griezes momenta jauda padara t\u0101s piem\u0113rotas liela m\u0113roga ap\u016bde\u0146o\u0161anas darb\u012bb\u0101m, sp\u0113jot bez k\u013c\u016bm\u0113m apstr\u0101d\u0101t iev\u0113rojamas darba slodzes.<\/p>\n<p><strong>Iztur\u012bga konstrukcija<\/strong><\/p>\n<p>Ap\u016bde\u0146o\u0161anas spo\u013cu p\u0101rnesumk\u0101rbas, kas ir rad\u012btas, lai iztur\u0113tu skarbos \u0101ra apst\u0101k\u013cus, ir izgatavotas no augstas kvalit\u0101tes, pret koroziju iztur\u012bgiem materi\u0101liem, piem\u0113ram, r\u016bd\u012bta t\u0113rauda un apstr\u0101d\u0101tiem sakaus\u0113jumiem. \u0160ie materi\u0101li nodro\u0161ina, ka p\u0101rnesumk\u0101rba laika gait\u0101 saglab\u0101 iztur\u012bbu, ir iztur\u012bga pret nodilumu, r\u016bsu un boj\u0101jumiem, ko rada mitruma, net\u012brumu un lauksaimniec\u012bbas \u0137imik\u0101liju iedarb\u012bba. \u0160\u012b iztur\u012bba pagarina p\u0101rnesumk\u0101rbas kalpo\u0161anas laiku, samazinot apkopes un nomai\u0146as izmaksas.<\/p>\n<p><strong>Efekt\u012bva jaudas p\u0101rvade<\/strong><\/p>\n<p>P\u0101rnesumk\u0101rba ir paredz\u0113ta, lai efekt\u012bvi p\u0101rnestu jaudu no traktora j\u016bgv\u0101rpstas uz ap\u016bde\u0146o\u0161anas spoli. Nodro\u0161inot pareizu \u0101truma samazin\u0101\u0161anu un griezes momenta palielin\u0101\u0161anu, t\u0101 nodro\u0161ina, ka spole darbojas ar pareizo \u0101trumu optim\u0101lai ap\u016bde\u0146o\u0161anas veiktsp\u0113jai. \u0160\u012b prec\u012bz\u0101 jaudas p\u0101rraide samazina ener\u0123ijas zudumus, uzlabo efektivit\u0101ti un \u013cauj sist\u0113mai darboties ar nemain\u012bgu \u0101trumu, nodro\u0161inot vienm\u0113r\u012bgu un efekt\u012bvu \u016bdens sadali.<\/p>\n<p><strong>Zemas apkopes pras\u012bbas<\/strong><\/p>\n<p>Ap\u016bde\u0146o\u0161anas ru\u013c\u013cu p\u0101rnesumk\u0101rbas ir konstru\u0113tas, \u0146emot v\u0113r\u0101 minim\u0101lu apkopi. T\u0101m parasti ir augstas kvalit\u0101tes gult\u0146i, bl\u012bves un sm\u0113rvielas, kas samazina berzi un nodilumu, pal\u012bdzot uztur\u0113t vienm\u0113r\u012bgu darb\u012bbu laika gait\u0101. Regul\u0101ras p\u0101rbaudes un periodiska e\u013c\u013co\u0161ana parasti ir viss, kas nepiecie\u0161ams, lai nodro\u0161in\u0101tu p\u0101rnesumk\u0101rbas labu darba st\u0101vokli. \u0160\u012b mazpras\u012bg\u0101 konstrukcija pal\u012bdz samazin\u0101t d\u012bkst\u0101ves laiku un samazina kop\u0113j\u0101s ekspluat\u0101cijas izmaksas.<\/p>\n<p><strong>Vienk\u0101r\u0161a uzst\u0101d\u012b\u0161ana un sader\u012bba<\/strong><\/p>\n<p>Ap\u016bde\u0146o\u0161anas spo\u013cu p\u0101rnesumk\u0101rbas ir izstr\u0101d\u0101tas t\u0101, lai t\u0101s b\u016btu viegli uzst\u0101d\u012bt un nomain\u012bt, un daudziem mode\u013ciem ir univers\u0101li stiprin\u0101juma punkti, kas nodro\u0161ina sader\u012bbu ar pla\u0161u ap\u016bde\u0146o\u0161anas spo\u013cu sist\u0113mu kl\u0101stu. Neatkar\u012bgi no t\u0101, vai t\u0101 ir standarta vai piel\u0101gota ap\u016bde\u0146o\u0161anas spo\u013cu sist\u0113ma, p\u0101rnesumk\u0101rbu parasti ir viegli savienot ar j\u016bgv\u0101rpstu un ap\u016bde\u0146o\u0161anas spoli. Skaidras uzst\u0101d\u012b\u0161anas instrukcijas un vienk\u0101r\u0161s dizains padara iestat\u012b\u0161anu \u0101tru un vienk\u0101r\u0161u, samazinot d\u012bkst\u0101ves laiku apkopes vai sist\u0113mas jaunin\u0101\u0161anas laik\u0101.<\/p>\n<p>Ap\u016bde\u0146o\u0161anas spo\u013cu p\u0101rnesumk\u0101rbas ir paredz\u0113tas maksim\u0101lai efektivit\u0101tei, iztur\u012bbai un vienk\u0101r\u0161ai apkopei. Ar augstu griezes momenta jaudu, iztur\u012bgu konstrukciju un efekt\u012bvu jaudas p\u0101rvadi \u0161\u012bm p\u0101rnesumk\u0101rb\u0101m ir iz\u0161\u0137iro\u0161a noz\u012bme ap\u016bde\u0146o\u0161anas sist\u0113mu vienm\u0113r\u012bgas un uzticamas darb\u012bbas nodro\u0161in\u0101\u0161an\u0101. Neatkar\u012bgi no t\u0101, vai t\u0101s ir paredz\u0113tas lauksaimniec\u012bbas laukiem, ainavu veido\u0161anai vai d\u0101rzkop\u012bbai, ap\u016bde\u0146o\u0161anas spo\u013cu p\u0101rnesumk\u0101rbu uzlabot\u0101s funkcijas pal\u012bdz optimiz\u0113t ap\u016bde\u0146o\u0161anas procesus, samazin\u0101t d\u012bkst\u0101ves laiku un uzlabot kop\u0113jo sist\u0113mas veiktsp\u0113ju.<\/p>\n<h3>Par FMP<\/h3>\n<p>FMP galven\u0101 m\u012btne atrodas It\u0101lij\u0101, un tas ir vado\u0161ais ra\u017eot\u0101js, kas paz\u012bstams ar savu pieredzi augstas veiktsp\u0113jas p\u0101rnesumk\u0101rbu projekt\u0113\u0161an\u0101, izstr\u0101d\u0113 un ra\u017eo\u0161an\u0101, \u012bpa\u0161i koncentr\u0113joties uz lauksaimniec\u012bbas tehnikas sektoru. Ar prec\u012bzas in\u017eenierijas, inovat\u012bvu risin\u0101jumu un nelok\u0101mas uzticam\u012bbas reput\u0101ciju FMP ir k\u013cuvis par uzticamu partneri, kas risina gan lauksaimniec\u012bbas, gan r\u016bpniec\u012bbas sektora main\u012bg\u0101s vajadz\u012bbas. M\u016bsu daudzveid\u012bgais produktu kl\u0101sts ietver specializ\u0113tas p\u0101rnesumk\u0101rbas z\u0101les p\u013c\u0101v\u0113jiem, j\u016bgv\u0101rpstas un citas svar\u012bgas sast\u0101vda\u013cas, kas visas ir r\u016bp\u012bgi izstr\u0101d\u0101tas, lai nodro\u0161in\u0101tu piel\u0101gotus risin\u0101jumus pla\u0161am pielietojumu kl\u0101stam.<\/p>\n<p>Uz\u0146\u0113mum\u0101 FMP m\u0113s saprotam, ka katram klientam ir unik\u0101las pras\u012bbas un izaicin\u0101jumi. T\u0101p\u0113c m\u0113s specializ\u0113jamies piel\u0101gotu risin\u0101jumu pied\u0101v\u0101\u0161an\u0101, neatkar\u012bgi no t\u0101, vai tie attiecas uz atsevi\u0161\u0137\u0101m komponent\u0113m vai piln\u012bb\u0101 integr\u0113t\u0101m sist\u0113m\u0101m. M\u0113s cie\u0161i sadarbojamies ar saviem klientiem, lai nodro\u0161in\u0101tu, ka katrs risin\u0101jums ir ne tikai efekt\u012bvs, bet ar\u012b lietder\u012bgs, optimiz\u0113jot gan veiktsp\u0113ju, gan v\u0113rt\u012bbu. M\u016bsu ap\u0146em\u0161an\u0101s sniegt \u0101tras un profesion\u0101las atbildes apvienojum\u0101 ar ekspertu nor\u0101d\u012bjumiem nodro\u0161ina, ka katrs piepras\u012bjums tiek apstr\u0101d\u0101ts ar visliel\u0101ko r\u016bp\u012bbu un precizit\u0101ti, t\u0101d\u0113j\u0101di sasniedzot vislab\u0101kos iesp\u0113jamos rezult\u0101tus.<\/p>\n<p>M\u0113s priorit\u0101ri izvirz\u0101m atv\u0113rtu un nep\u0101rtrauktu komunik\u0101ciju vis\u0101 produktu izstr\u0101des proces\u0101. M\u016bsu \u012bpa\u0161i izveidot\u0101 komanda str\u0101d\u0101 tie\u0161i ar klientiem, lai piln\u012bb\u0101 izprastu vi\u0146u \u012bpa\u0161\u0101s vajadz\u012bbas, pied\u0101v\u0101jot v\u0113rt\u012bgas atzi\u0146as un ieteikumus, lai nodro\u0161in\u0101tu optim\u0101lus risin\u0101jumus. Neatkar\u012bgi no t\u0101, vai izstr\u0101d\u0101jam inovat\u012bvus produktus vai izpild\u0101m past\u0101v\u012bgus pas\u016bt\u012bjumus, FMP ir ap\u0146\u0113musies vienm\u0113r savlaic\u012bgi pieg\u0101d\u0101t augstas kvalit\u0101tes, prec\u012bzi izstr\u0101d\u0101tus risin\u0101jumus. M\u016bsu m\u0113r\u0137is ir nodro\u0161in\u0101t klientiem vislab\u0101ko apkalpo\u0161anu un rezult\u0101tus, p\u0101rsniedzot cer\u012bbas katr\u0101 projekt\u0101.<\/p>\n<p>Kvalit\u0101te ir FMP darb\u012bbas st\u016brakmens. M\u0113s iev\u0113rojam augst\u0101kos ra\u017eo\u0161anas standartus, ievie\u0161ot stingrus kvalit\u0101tes kontroles pas\u0101kumus, lai nodro\u0161in\u0101tu, ka katrs produkts ne tikai atbilst, bet ar\u012b p\u0101rsniedz nozares standartus. \u0160\u012b nelok\u0101m\u0101 ap\u0146em\u0161an\u0101s nodro\u0161in\u0101t kvalit\u0101ti apvienojum\u0101 ar m\u016bsu pamatv\u0113rt\u012bb\u0101m \u2013 integrit\u0101ti, komandas darbu un neatlaid\u012bbu \u2013 ir \u013c\u0101vusi mums veidot ilgsto\u0161as, uz uztic\u012bbu balst\u012btas attiec\u012bbas ar klientiem gandr\u012bz 30 valst\u012bs vis\u0101 pasaul\u0113.<\/p>\n<p>FMP vienm\u0113r ir atv\u0113rts glob\u0101lu partner\u012bbu veido\u0161anai un joproj\u0101m ir ap\u0146\u0113mies pied\u0101v\u0101t ekspertu padomus un piel\u0101gotus risin\u0101jumus, kas atbilst m\u016bsu klientu da\u017e\u0101daj\u0101m vajadz\u012bb\u0101m. M\u0113s nepied\u0101v\u0101jam tikai produktus; m\u016bsu m\u0113r\u0137is ir veidot ilgsto\u0161as \u200b\u200battiec\u012bbas, kas veicina katra projekta pan\u0101kumus. Neatkar\u012bgi no t\u0101, vai jums ir nepiecie\u0161ami inovat\u012bvi risin\u0101jumi jaunai iniciat\u012bvai vai past\u0101v\u012bgs atbalsts eso\u0161ai sist\u0113mai, FMP ir \u0161eit, lai risin\u0101tu j\u016bsu tehnisk\u0101s probl\u0113mas un nodro\u0161in\u0101tu j\u016bsu turpm\u0101kos pan\u0101kumus.<\/p>\n<p><img loading=\"lazy\" decoding=\"async\" class=\"alignnone size-full wp-image-1861\" src=\"https:\/\/fmp-components.com\/wp-content\/uploads\/2024\/12\/Other-Agricultural-Gearboxes.webp\" sizes=\"(min-width: 0px) and (max-width: 480px) 480px, (min-width: 481px) and (max-width: 980px) 980px, (min-width: 981px) 1200px, 100vw\" srcset=\"https:\/\/fmp-components.com\/wp-content\/uploads\/2024\/12\/Other-Agricultural-Gearboxes.webp 1200w, https:\/\/fmp-components.com\/wp-content\/uploads\/2024\/12\/Other-Agricultural-Gearboxes-980x1143.webp 980w, https:\/\/fmp-components.com\/wp-content\/uploads\/2024\/12\/Other-Agricultural-Gearboxes-480x560.webp 480w\" alt=\"Altri-cambi-agricoli\" width=\"1200\" height=\"1400\" title=\"\"><\/p>\n<p>Autors: CX<\/p>","protected":false},"excerpt":{"rendered":"<p>Irrigation Reels Gearboxes \u2013 Replacement of Comer Code A-4A The Irrigation Reels Gearbox \u2013 Replacement of Comer Code A-4A is a high-performance, durable gearbox designed to replace the Comer Code A-4A gearbox in irrigation reel systems. This replacement gearbox provides reliable power transmission and enhanced efficiency for various agricultural irrigation applications, ensuring consistent operation of [&hellip;]<\/p>","protected":false},"featured_media":2300,"comment_status":"open","ping_status":"closed","template":"","meta":{"_et_pb_use_builder":"","_et_pb_old_content":"","_et_gb_content_width":""},"product_brand":[],"product_cat":[57],"product_tag":[],"class_list":{"0":"post-2297","1":"product","2":"type-product","3":"status-publish","4":"has-post-thumbnail","6":"product_cat-irrigation-gearbox","8":"first","9":"instock","10":"shipping-taxable","11":"product-type-simple"},"_links":{"self":[{"href":"https:\/\/fmp-components.com\/lv\/wp-json\/wp\/v2\/product\/2297","targetHints":{"allow":["GET"]}}],"collection":[{"href":"https:\/\/fmp-components.com\/lv\/wp-json\/wp\/v2\/product"}],"about":[{"href":"https:\/\/fmp-components.com\/lv\/wp-json\/wp\/v2\/types\/product"}],"replies":[{"embeddable":true,"href":"https:\/\/fmp-components.com\/lv\/wp-json\/wp\/v2\/comments?post=2297"}],"wp:featuredmedia":[{"embeddable":true,"href":"https:\/\/fmp-components.com\/lv\/wp-json\/wp\/v2\/media\/2300"}],"wp:attachment":[{"href":"https:\/\/fmp-components.com\/lv\/wp-json\/wp\/v2\/media?parent=2297"}],"wp:term":[{"taxonomy":"product_brand","embeddable":true,"href":"https:\/\/fmp-components.com\/lv\/wp-json\/wp\/v2\/product_brand?post=2297"},{"taxonomy":"product_cat","embeddable":true,"href":"https:\/\/fmp-components.com\/lv\/wp-json\/wp\/v2\/product_cat?post=2297"},{"taxonomy":"product_tag","embeddable":true,"href":"https:\/\/fmp-components.com\/lv\/wp-json\/wp\/v2\/product_tag?post=2297"}],"curies":[{"name":"wp","href":"https:\/\/api.w.org\/{rel}","templated":true}]}}