{"id":2158,"date":"2024-12-30T07:35:02","date_gmt":"2024-12-30T07:35:02","guid":{"rendered":"https:\/\/fmp-components.com\/?page_id=8"},"modified":"2024-12-30T08:06:30","modified_gmt":"2024-12-30T08:06:30","slug":"fertilizer-spreader-gearbox-replacement-of-comer-code-l-25j","status":"publish","type":"product","link":"https:\/\/fmp-components.com\/lv\/product\/fertilizer-spreader-gearbox-replacement-of-comer-code-l-25j\/","title":{"rendered":"M\u0113slojuma izklied\u0113t\u0101ja p\u0101rnesumk\u0101rba \u2013 Comer koda L-25J nomai\u0146a"},"content":{"rendered":"<p><img loading=\"lazy\" decoding=\"async\" class=\"alignnone size-full wp-image-2159\" src=\"https:\/\/fmp-components.com\/wp-content\/uploads\/2024\/12\/Agricultural-Gearbox-and-PTO-Drive-Shaft-3.webp\" alt=\"Lauksaimniec\u012bbas-reduktors-un-j\u016bgv\u0101rpsta-3\" width=\"1200\" height=\"540\" title=\"\" srcset=\"https:\/\/fmp-components.com\/wp-content\/uploads\/2024\/12\/Agricultural-Gearbox-and-PTO-Drive-Shaft-3.webp 1200w, https:\/\/fmp-components.com\/wp-content\/uploads\/2024\/12\/Agricultural-Gearbox-and-PTO-Drive-Shaft-3-980x441.webp 980w, https:\/\/fmp-components.com\/wp-content\/uploads\/2024\/12\/Agricultural-Gearbox-and-PTO-Drive-Shaft-3-480x216.webp 480w\" sizes=\"(min-width: 0px) and (max-width: 480px) 480px, (min-width: 481px) and (max-width: 980px) 980px, (min-width: 981px) 1200px, 100vw\" \/><\/p>\n<h2>M\u0113slojuma izklied\u0113t\u0101ja p\u0101rnesumk\u0101rbas L-25J specifik\u0101cijas<\/h2>\n<table style=\"width: 103.326%; height: 185px;\" width=\"270\">\n<tbody>\n<tr>\n<td width=\"132\"><img loading=\"lazy\" decoding=\"async\" class=\"alignnone size-full wp-image-2163\" src=\"https:\/\/fmp-components.com\/wp-content\/uploads\/2024\/12\/Fertilizer-Spreader-Gearbox-L-25J-Specifications-1.webp\" alt=\"M\u0113slojuma izklied\u0113t\u0101ja p\u0101rnesumk\u0101rba L-25J specifik\u0101cijas-1\" width=\"600\" height=\"600\" title=\"\" srcset=\"https:\/\/fmp-components.com\/wp-content\/uploads\/2024\/12\/Fertilizer-Spreader-Gearbox-L-25J-Specifications-1.webp 600w, https:\/\/fmp-components.com\/wp-content\/uploads\/2024\/12\/Fertilizer-Spreader-Gearbox-L-25J-Specifications-1-480x480.webp 480w\" sizes=\"(min-width: 0px) and (max-width: 480px) 480px, (min-width: 481px) 600px, 100vw\" \/><\/td>\n<td width=\"138\"><img loading=\"lazy\" decoding=\"async\" class=\"alignnone size-full wp-image-2164\" src=\"https:\/\/fmp-components.com\/wp-content\/uploads\/2024\/12\/Fertilizer-Spreader-Gearbox-L-25J-Specifications-2.webp\" alt=\"M\u0113slojuma izklied\u0113t\u0101ja p\u0101rnesumk\u0101rba L-25J specifik\u0101cijas 2\" width=\"600\" height=\"600\" title=\"\" srcset=\"https:\/\/fmp-components.com\/wp-content\/uploads\/2024\/12\/Fertilizer-Spreader-Gearbox-L-25J-Specifications-2.webp 600w, https:\/\/fmp-components.com\/wp-content\/uploads\/2024\/12\/Fertilizer-Spreader-Gearbox-L-25J-Specifications-2-480x480.webp 480w\" sizes=\"(min-width: 0px) and (max-width: 480px) 480px, (min-width: 481px) 600px, 100vw\" \/><\/td>\n<\/tr>\n<\/tbody>\n<\/table>\n<table class=\"kh-1xzm1su\" border=\"1\" cellspacing=\"0\" cellpadding=\"0\" data-intent=\"lists-product-attributes\" data-test-id=\"attributes-list\">\n<tbody class=\"kh-1ago99h\">\n<tr id=\"attLongDescription\" class=\"kh-bwvum6\">\n<th class=\"kh-10oizfy\">Apraksts<\/th>\n<td class=\"kh-1f5nhat\">\n<div class=\"kh-pkx4zo\">M\u0113slojuma izklied\u0113t\u0101ja p\u0101rnesumk\u0101rba \u2013 Comer p\u0101rnesumk\u0101rbas L-25J nomai\u0146a<\/div>\n<\/td>\n<\/tr>\n<tr id=\"attApplicationRange\" class=\"kh-bwvum6\">\n<th class=\"kh-10oizfy\">Pieteikums<\/th>\n<td class=\"kh-1f5nhat\">\n<ul>\n<li class=\"kh-16zd49f\">Da\u017e\u0101di (lauksaimniec\u012bbas) pielietojumi<\/li>\n<li class=\"kh-16zd49f\">Z\u0101les p\u013c\u0101v\u0113ji<\/li>\n<li class=\"kh-16zd49f\">\u0136\u012bmisk\u0101 m\u0113slojuma izklied\u0113t\u0101ji<\/li>\n<li class=\"kh-16zd49f\">Lentz\u0101\u0123i<\/li>\n<\/ul>\n<\/td>\n<\/tr>\n<tr id=\"attConsistsOf\" class=\"kh-bwvum6\">\n<th class=\"kh-10oizfy\">Sast\u0101v no<\/th>\n<td class=\"kh-1f5nhat\">\n<ul>\n<li class=\"kh-16zd49f\">\u0100trumk\u0101rba<\/li>\n<li class=\"kh-16zd49f\">Bez e\u013c\u013cas<\/li>\n<\/ul>\n<\/td>\n<\/tr>\n<tr id=\"attTechnicalInformation\" class=\"kh-bwvum6\">\n<th class=\"kh-10oizfy\">Tehnisk\u0101 inform\u0101cija<\/th>\n<td class=\"kh-1f5nhat\">\n<ul>\n<li class=\"kh-16zd49f\">Ja jums ir k\u0101di jaut\u0101jumi par veiktsp\u0113ju da\u017e\u0101dos \u0101trumos, l\u016bdzu, nevilcinieties sazin\u0101ties ar mums.<\/li>\n<li class=\"kh-16zd49f\">Pirmo reizi lietojot, e\u013c\u013ca j\u0101nomaina p\u0113c 50 darba stund\u0101m.<\/li>\n<\/ul>\n<\/td>\n<\/tr>\n<tr id=\"taMaxOutputTorqueDaNm\" class=\"kh-bwvum6\">\n<th class=\"kh-10oizfy\">Maks. izejas griezes moments<\/th>\n<td class=\"kh-1f5nhat\">\n<div class=\"kh-pkx4zo\">22,7 daNm<\/div>\n<\/td>\n<\/tr>\n<tr id=\"taContainsOil\" class=\"kh-bwvum6\">\n<th class=\"kh-10oizfy\">Satur e\u013c\u013cu<\/th>\n<td class=\"kh-1f5nhat\">\n<div class=\"kh-pkx4zo\">N\u0113<\/div>\n<\/td>\n<\/tr>\n<tr id=\"taMaxOilCapacityL\" class=\"kh-bwvum6\">\n<th class=\"kh-10oizfy\">Maks. e\u013c\u013cas ietilp\u012bba<\/th>\n<td class=\"kh-1f5nhat\">\n<div class=\"kh-pkx4zo\">0,35 l<\/div>\n<\/td>\n<\/tr>\n<tr id=\"taMaxOilChangeIntervalH\" class=\"kh-bwvum6\">\n<th class=\"kh-10oizfy\">Maks. e\u013c\u013cas mai\u0146as interv\u0101ls<\/th>\n<td class=\"kh-1f5nhat\">\n<div class=\"kh-pkx4zo\">500 stundas<\/div>\n<\/td>\n<\/tr>\n<tr id=\"taOilSAEViscosityGrade\" class=\"kh-bwvum6\">\n<th class=\"kh-10oizfy\">E\u013c\u013cas SAE viskozit\u0101tes klase<\/th>\n<td class=\"kh-1f5nhat\">\n<div class=\"kh-pkx4zo\">80W-90<\/div>\n<\/td>\n<\/tr>\n<tr id=\"taHousingMaterial_16\" class=\"kh-bwvum6\">\n<th class=\"kh-10oizfy\">Korpusa materi\u0101ls<\/th>\n<td class=\"kh-1f5nhat\">\n<div class=\"kh-pkx4zo\">Alum\u012bnijs<\/div>\n<\/td>\n<\/tr>\n<tr id=\"taWeightKg_75\" class=\"kh-bwvum6\">\n<th class=\"kh-10oizfy\">Svars<\/th>\n<td class=\"kh-1f5nhat\">\n<div class=\"kh-pkx4zo\">4,1 kg<\/div>\n<\/td>\n<\/tr>\n<tr id=\"taGearArrangementRed\" class=\"kh-bwvum6\">\n<th class=\"kh-10oizfy\">P\u0101rnesumu izvietojums Reduc\u0113jo\u0161a<\/th>\n<td class=\"kh-1f5nhat\">\n<div class=\"kh-pkx4zo\">3 &#8211; 4<\/div>\n<\/td>\n<\/tr>\n<tr id=\"taInputPowerKwHpInc\" class=\"kh-bwvum6\">\n<th class=\"kh-10oizfy\">Ieejas jauda kW \/ ZS Pieaugo\u0161a<\/th>\n<td class=\"kh-1f5nhat\">\n<div class=\"kh-pkx4zo\">11\/15 kW\/ZS<\/div>\n<\/td>\n<\/tr>\n<tr id=\"taInputShaftIncreasi\" class=\"kh-bwvum6\">\n<th class=\"kh-10oizfy\">Ieejas v\u0101rpsta palielin\u0101s<\/th>\n<td class=\"kh-1f5nhat\">\n<div class=\"kh-pkx4zo\">X<\/div>\n<\/td>\n<\/tr>\n<tr id=\"taInputShaftReducing\" class=\"kh-bwvum6\">\n<th class=\"kh-10oizfy\">Ieejas v\u0101rpstas reduc\u0113\u0161ana<\/th>\n<td class=\"kh-1f5nhat\">\n<div class=\"kh-pkx4zo\">Z<\/div>\n<\/td>\n<\/tr>\n<tr id=\"taNSInputpowerKW-HPR\" class=\"kh-bwvum6\">\n<th class=\"kh-10oizfy\">Ieejas jauda kW \/ ZS Samazino\u0161a<\/th>\n<td class=\"kh-1f5nhat\">\n<div class=\"kh-pkx4zo\">7 \/ 9,5 kW\/ZS<\/div>\n<\/td>\n<\/tr>\n<tr id=\"taNSOutputTorqueDaNm_1\" class=\"kh-bwvum6\">\n<th class=\"kh-10oizfy\">Izejas griezes moments DaNm pieaug<\/th>\n<td class=\"kh-1f5nhat\">\n<div class=\"kh-pkx4zo\">9,9 daNm<\/div>\n<\/td>\n<\/tr>\n<tr id=\"taRatioIncreasing\" class=\"kh-bwvum6\">\n<th class=\"kh-10oizfy\">Attiec\u012bbas palielin\u0101\u0161ana<\/th>\n<td class=\"kh-1f5nhat\">\n<div class=\"kh-pkx4zo\">1: 1,9<\/div>\n<\/td>\n<\/tr>\n<tr id=\"taRatioReducing\" class=\"kh-bwvum6\">\n<th class=\"kh-10oizfy\">Attiec\u012bbas samazin\u0101\u0161ana<\/th>\n<td class=\"kh-1f5nhat\">\n<div class=\"kh-pkx4zo\">1.9: 1<\/div>\n<\/td>\n<\/tr>\n<tr id=\"taShaftX\" class=\"kh-bwvum6\">\n<th class=\"kh-10oizfy\">V\u0101rpsta X<\/th>\n<td class=\"kh-1f5nhat\">\n<div class=\"kh-pkx4zo\">1 3\/8 collas (6) (A)<\/div>\n<\/td>\n<\/tr>\n<tr id=\"taShaftZ\" class=\"kh-bwvum6\">\n<th class=\"kh-10oizfy\">V\u0101rpsta Z<\/th>\n<td class=\"kh-1f5nhat\">\n<div class=\"kh-pkx4zo\">22 (D)<\/div>\n<\/td>\n<\/tr>\n<\/tbody>\n<\/table>\n<h2>M\u0113slojuma izklied\u0113t\u0101ja p\u0101rnesumk\u0101rbas L-25J raksturojums<\/h2>\n<ol>\n<li><strong>Augsta veiktsp\u0113ja un efektivit\u0101te<\/strong>L-25J m\u0113slojuma izklied\u0113t\u0101ja p\u0101rnesumk\u0101rba ir izstr\u0101d\u0101ta, lai nodro\u0161in\u0101tu optim\u0101lu veiktsp\u0113ju pla\u0161\u0101 izklied\u0113\u0161anas pielietojumu kl\u0101st\u0101. T\u0101 efekt\u012bvi p\u0101rnes jaudu no traktora j\u016bgv\u0101rpstas sist\u0113mas uz m\u0113slojuma izklied\u0113t\u0101ju, nodro\u0161inot vienm\u0113r\u012bgu un nemain\u012bgu darb\u012bbu. T\u0101s augst\u0101 efektivit\u0101te \u013cauj efekt\u012bvi izmantot resursus, samazinot degvielas pat\u0113ri\u0146u un vienlaikus uzlabojot produktivit\u0101ti.<\/li>\n<li><strong>Iztur\u012bga konstrukcija<\/strong>L-25J p\u0101rnesumk\u0101rba, kas izgatavota no iztur\u012bgiem materi\u0101liem, ir izstr\u0101d\u0101ta, lai iztur\u0113tu skarbos apst\u0101k\u013cus, ar kuriem parasti saskaras lauksaimniec\u012bbas vid\u0113. T\u0101s augstas iztur\u012bbas korpuss un iek\u0161\u0113j\u0101s deta\u013cas ir iztur\u012bgas pret nodilumu un koroziju, nodro\u0161inot ilgsto\u0161u iztur\u012bbu un samazinot apkopes vai nomai\u0146as bie\u017eumu.<\/li>\n<li><strong>Kompakts un telpu taupo\u0161s dizains<\/strong>L-25J p\u0101rnesumk\u0101rba ir kompakta un viegli integr\u0113jama m\u0113slojuma izklied\u0113t\u0101ju sist\u0113m\u0101s. T\u0101s telpu taupo\u0161ais dizains nodro\u0161ina, ka to var uzst\u0101d\u012bt bez liekas sare\u017e\u0123\u012bt\u012bbas, pied\u0101v\u0101jot gan \u0113rtu lieto\u0161anu, gan uzst\u0101d\u012b\u0161anu da\u017e\u0101d\u0101s lauksaimniec\u012bbas tehnik\u0101s.<\/li>\n<li><strong>Vienm\u0113r\u012bga jaudas p\u0101rraide<\/strong>\u0160ai p\u0101rnesumk\u0101rbai ir vienm\u0113r\u012bgs jaudas p\u0101rvades meh\u0101nisms, kas nodro\u0161ina vienm\u0113r\u012bgu m\u0113slojuma izkliedi, pal\u012bdzot pan\u0101kt vienm\u0113r\u012bgu sadali pla\u0161\u0101s lauksaimniec\u012bbas plat\u012bb\u0101s. T\u0101s konstrukcija samazina vibr\u0101cijas, nodro\u0161inot stabilu un kontrol\u0113tu darb\u012bbu, kas nov\u0113r\u0161 nevienm\u0113r\u012bgu m\u0113slo\u0161anu.<\/li>\n<li><strong>Daudzpus\u012bgs pielietojums<\/strong>L-25J p\u0101rnesumk\u0101rba ir \u013coti daudzpus\u012bga un tiek izmantota da\u017e\u0101du veidu m\u0113slojuma izklied\u0113t\u0101jos, tostarp tajos, ko izmanto granul\u0113tiem vai granul\u0113tiem m\u0113slo\u0161anas l\u012bdzek\u013ciem. T\u0101 var apstr\u0101d\u0101t da\u017e\u0101dus izklied\u0113\u0161anas platumus un regul\u0113jamus pl\u016bsmas \u0101trumus, padarot to piem\u0113rotu pla\u0161am lauksaimniec\u012bbas pielietojumu kl\u0101stam, s\u0101kot no maziem l\u012bdz lieliem lauksaimniec\u012bbas darbiem.<\/li>\n<\/ol>\n<p>L-25J m\u0113slojuma izklied\u0113t\u0101ja p\u0101rnesumk\u0101rba pied\u0101v\u0101 uzticamu un efekt\u012bvu risin\u0101jumu m\u0113slojuma izklied\u0113\u0161anas uzdevumiem, ko raksturo iztur\u012bba, vienm\u0113r\u012bga darb\u012bba un daudzpus\u012bba, padarot to par b\u016btisku sast\u0101vda\u013cu lauksaimniec\u012bbas darb\u012bbu optimiz\u0113\u0161anai.<\/p>\n<p><img loading=\"lazy\" decoding=\"async\" class=\"alignnone size-full wp-image-2172\" src=\"https:\/\/fmp-components.com\/wp-content\/uploads\/2024\/12\/Characteristic-of-Fertilizer-Spreader-Gearbox-L-25J.webp\" alt=\"M\u0113slojuma izklied\u0113t\u0101ja p\u0101rnesumk\u0101rbas L-25J raksturojums\" width=\"1200\" height=\"743\" title=\"\" srcset=\"https:\/\/fmp-components.com\/wp-content\/uploads\/2024\/12\/Characteristic-of-Fertilizer-Spreader-Gearbox-L-25J.webp 1200w, https:\/\/fmp-components.com\/wp-content\/uploads\/2024\/12\/Characteristic-of-Fertilizer-Spreader-Gearbox-L-25J-980x607.webp 980w, https:\/\/fmp-components.com\/wp-content\/uploads\/2024\/12\/Characteristic-of-Fertilizer-Spreader-Gearbox-L-25J-480x297.webp 480w\" sizes=\"(min-width: 0px) and (max-width: 480px) 480px, (min-width: 481px) and (max-width: 980px) 980px, (min-width: 981px) 1200px, 100vw\" \/><\/p>\n<h3>Lauksaimniec\u012bbas m\u0113slojuma izklied\u0113t\u0101ja p\u0101rnesumk\u0101rbas kard\u0101nv\u0101rpstas<\/h3>\n<ol>\n<li><strong>Uzticama jaudas p\u0101rraide<\/strong><br \/>\nLauksaimniec\u012bbas m\u0113slojuma izklied\u0113t\u0101ja p\u0101rnesumk\u0101rbu kard\u0101nv\u0101rpstas ir b\u016btiskas, lai efekt\u012bvi p\u0101rnestu jaudu no traktora uz p\u0101rnesumk\u0101rbu. \u0160\u012bs v\u0101rpstas ir konstru\u0113tas, lai nodro\u0161in\u0101tu vienm\u0113r\u012bgu un uzticamu jaudas p\u0101rvadi, garant\u0113jot m\u0113slojuma izklied\u0113t\u0101ja vienm\u0113r\u012bgu darb\u012bbu. Ar labi konstru\u0113tu kard\u0101nv\u0101rpstu p\u0101rnesumk\u0101rba var efekt\u012bvi darbin\u0101t izklied\u0113\u0161anas meh\u0101nismu, uzturot pareizu m\u0113slojuma izklied\u0113\u0161anas \u0101trumu.<\/li>\n<li><strong>Iztur\u012bga konstrukcija<\/strong><br \/>\nLauksaimniec\u012bbas kard\u0101nv\u0101rpstas ir konstru\u0113tas, lai iztur\u0113tu sare\u017e\u0123\u012btus lauksaimniec\u012bbas darb\u012bbas apst\u0101k\u013cus. T\u0101s ir izgatavotas no augstas iztur\u012bbas materi\u0101liem un paredz\u0113tas, lai iztur\u0113tu lielas slodzes, triecienus un spriegumu nep\u0101rtrauktas lieto\u0161anas laik\u0101. Neatkar\u012bgi no t\u0101, vai vide ir sausa, mitra vai dub\u013caina, \u0161\u012bs kard\u0101nv\u0101rpstas ir konstru\u0113tas t\u0101, lai t\u0101s b\u016btu iztur\u012bgas pret nodilumu un koroziju, nodro\u0161inot ilgsto\u0161u iztur\u012bbu un uzticamu veiktsp\u0113ju pat skarbos lauksaimniec\u012bbas apst\u0101k\u013cos.<\/li>\n<li><strong>Vienk\u0101r\u0161a pievieno\u0161ana un atvieno\u0161ana<\/strong><br \/>\nViena no izcil\u0101kaj\u0101m m\u0113slojuma izklied\u0113t\u0101ju j\u016bgv\u0101rpstu \u012bpa\u0161\u012bb\u0101m ir to vienk\u0101r\u0161\u0101 pievieno\u0161ana un atvieno\u0161ana. \u0160\u012bs v\u0101rpstas, kas paredz\u0113tas \u0101trai piestiprin\u0101\u0161anai gan pie traktora, gan p\u0101rnesumk\u0101rbas, nodro\u0161ina lauksaimniekiem \u0113rt\u012bbas darba laik\u0101. \u0160\u012b \u0101tr\u0101s savieno\u0161anas funkcija samazina d\u012bkst\u0101ves laiku un \u013cauj operatoriem \u0101tri p\u0101rsl\u0113gties starp da\u017e\u0101d\u0101m apr\u012bkojuma da\u013c\u0101m p\u0113c nepiecie\u0161am\u012bbas, uzlabojot darb\u012bbas efektivit\u0101ti.<\/li>\n<li><strong>Dro\u0161\u012bbas funkcijas<\/strong><br \/>\nDro\u0161\u012bba ir kritiski svar\u012bgs jaut\u0101jums lauksaimniec\u012bbas tehnik\u0101, un m\u0113slojuma izklied\u0113t\u0101ju j\u016bgv\u0101rpstas ir apr\u012bkotas ar ieb\u016bv\u0113t\u0101m dro\u0161\u012bbas funkcij\u0101m. T\u0101s parasti ietver aizsargvairogus un dro\u0161\u012bbas savienojumus, kas nov\u0113r\u0161 nejau\u0161u atvieno\u0161anos un samazina traumu risku. Vairogi aizsarg\u0101 rot\u0113jo\u0161\u0101s deta\u013cas, savuk\u0101rt dro\u0161\u012bbas savienojumi nodro\u0161ina v\u0101rpstas atvieno\u0161anos darb\u012bbas trauc\u0113jumu gad\u012bjum\u0101, pied\u0101v\u0101jot operatoram papildu dro\u0161\u012bbu lieto\u0161anas laik\u0101.<\/li>\n<li><strong>Regul\u0113jams garums daudzpus\u012bbai<\/strong><br \/>\nKard\u0101nv\u0101rpstas ir pieejamas ar regul\u0113jamu garumu, lai t\u0101s atbilstu da\u017e\u0101d\u0101m lauksaimniec\u012bbas tehnikas iestat\u012bjumiem. \u0160\u012b elast\u012bba nodro\u0161ina, ka v\u0101rpstu var izmantot ar pla\u0161u m\u0113slojuma izklied\u0113t\u0101ju un traktoru kl\u0101stu neatkar\u012bgi no to izm\u0113ra vai konfigur\u0101cijas. Iesp\u0113ja regul\u0113t v\u0101rpstas garumu nodro\u0161ina optim\u0101lu izl\u012bdzin\u0101\u0161anu un efekt\u012bvu jaudas p\u0101rnesi, padarot \u0161\u012bs kard\u0101nv\u0101rpstas par daudzpus\u012bgu risin\u0101jumu da\u017e\u0101du veidu lauksaimniec\u012bbas darb\u012bb\u0101m.<\/li>\n<\/ol>\n<table style=\"width: 103.326%; height: 185px;\" width=\"270\">\n<tbody>\n<tr>\n<td style=\"width: 49.6862%;\" width=\"132\"><img loading=\"lazy\" decoding=\"async\" class=\"alignnone size-full wp-image-2170\" src=\"https:\/\/fmp-components.com\/wp-content\/uploads\/2024\/12\/PTO-Shafts-for-Agricultural-Fertilizer-Spreader-Gearbox-2.webp\" alt=\"J\u016bgv\u0101rpstas-lauksaimniec\u012bbas-m\u0113slojuma-izklied\u0113t\u0101ja-reduktoram-2\" width=\"1200\" height=\"800\" title=\"\" srcset=\"https:\/\/fmp-components.com\/wp-content\/uploads\/2024\/12\/PTO-Shafts-for-Agricultural-Fertilizer-Spreader-Gearbox-2.webp 1200w, https:\/\/fmp-components.com\/wp-content\/uploads\/2024\/12\/PTO-Shafts-for-Agricultural-Fertilizer-Spreader-Gearbox-2-980x653.webp 980w, https:\/\/fmp-components.com\/wp-content\/uploads\/2024\/12\/PTO-Shafts-for-Agricultural-Fertilizer-Spreader-Gearbox-2-480x320.webp 480w\" sizes=\"(min-width: 0px) and (max-width: 480px) 480px, (min-width: 481px) and (max-width: 980px) 980px, (min-width: 981px) 1200px, 100vw\" \/><\/td>\n<td style=\"width: 49.6862%;\" width=\"138\"><img loading=\"lazy\" decoding=\"async\" class=\"alignnone size-full wp-image-2171\" src=\"https:\/\/fmp-components.com\/wp-content\/uploads\/2024\/12\/PTO-Shafts-for-Agricultural-Fertilizer-Spreader-Gearbox-1.webp\" alt=\"J\u016bgv\u0101rpstas-lauksaimniec\u012bbas-m\u0113slojuma-izklied\u0113t\u0101ja-reduktoram-1\" width=\"1200\" height=\"800\" title=\"\" srcset=\"https:\/\/fmp-components.com\/wp-content\/uploads\/2024\/12\/PTO-Shafts-for-Agricultural-Fertilizer-Spreader-Gearbox-1.webp 1200w, https:\/\/fmp-components.com\/wp-content\/uploads\/2024\/12\/PTO-Shafts-for-Agricultural-Fertilizer-Spreader-Gearbox-1-980x653.webp 980w, https:\/\/fmp-components.com\/wp-content\/uploads\/2024\/12\/PTO-Shafts-for-Agricultural-Fertilizer-Spreader-Gearbox-1-480x320.webp 480w\" sizes=\"(min-width: 0px) and (max-width: 480px) 480px, (min-width: 481px) and (max-width: 980px) 980px, (min-width: 981px) 1200px, 100vw\" \/><\/td>\n<\/tr>\n<\/tbody>\n<\/table>\n<h3>Par FMP<\/h3>\n<p>FMP galven\u0101 m\u012btne atrodas It\u0101lij\u0101, un t\u0101 ie\u0146em vado\u0161o poz\u012bciju p\u0101rnesumk\u0101rbu ra\u017eo\u0161anas nozar\u0113, kas ir paz\u012bstama ar savu pieredzi augstas veiktsp\u0113jas p\u0101rnesumk\u0101rbu projekt\u0113\u0161an\u0101, izstr\u0101d\u0113 un ra\u017eo\u0161an\u0101. Specializ\u0113joties lauksaimniec\u012bbas ma\u0161\u012bn\u0101s, FMP ir k\u013cuvis par uzticamu v\u0101rdu \u0161aj\u0101 nozar\u0113. Ar reput\u0101ciju, kas balst\u012bta uz prec\u012bzu in\u017eenieriju, inov\u0101cij\u0101m un nelok\u0101mu uzticam\u012bbu, m\u0113s pieg\u0101d\u0101jam augst\u0101k\u0101s kvalit\u0101tes produktus, kas atbilst gan lauksaimniec\u012bbas, gan r\u016bpniec\u012bbas tirgu main\u012bgaj\u0101m pras\u012bb\u0101m. M\u016bsu daudzveid\u012bgaj\u0101 produktu kl\u0101st\u0101 ietilpst specializ\u0113tas p\u0101rnesumk\u0101rbas z\u0101les p\u013c\u0101v\u0113jiem, j\u016bgv\u0101rpstas un citas svar\u012bgas sast\u0101vda\u013cas, kas visas ir paredz\u0113tas, lai nodro\u0161in\u0101tu piel\u0101gotus risin\u0101jumus pla\u0161am pielietojumu kl\u0101stam.<\/p>\n<p>FMP ir ap\u0146\u0113mies pied\u0101v\u0101t vair\u0101k nek\u0101 tikai produktus; m\u0113s nodro\u0161in\u0101m visaptvero\u0161us, piel\u0101gotus risin\u0101jumus, kas risina m\u016bsu klientu unik\u0101l\u0101s probl\u0113mas. Neatkar\u012bgi no t\u0101, vai t\u0101s ir atsevi\u0161\u0137as sast\u0101vda\u013cas vai piln\u012bgas, piln\u012bb\u0101 integr\u0113tas sist\u0113mas, m\u0113s specializ\u0113jamies risin\u0101jumu izstr\u0101d\u0113, kas optimiz\u0113 veiktsp\u0113ju un sniedz pievienoto v\u0113rt\u012bbu. Cie\u0161i sadarbojoties ar m\u016bsu klientiem, m\u0113s nodro\u0161in\u0101m, ka katrs risin\u0101jums ir gan efekt\u012bvs, gan lietder\u012bgs, r\u016bp\u012bgi izstr\u0101d\u0101ts, lai apmierin\u0101tu \u012bpa\u0161as vajadz\u012bbas, vienlaikus maksim\u0101li palielinot ra\u017eo\u0161anas apjomu. M\u016bsu ap\u0146em\u0161an\u0101s sniegt \u0101tras un profesion\u0101las atbildes apvienojum\u0101 ar ekspertu nor\u0101d\u012bjumiem nodro\u0161ina, ka katrs piepras\u012bjums tiek apstr\u0101d\u0101ts prec\u012bzi un r\u016bp\u012bgi, stiprinot m\u016bsu uzticam\u012bbas reput\u0101ciju.<\/p>\n<p>Atkl\u0101ta komunik\u0101cija ir m\u016bsu pan\u0101kumu atsl\u0113ga, \u012bpa\u0161i jaunu produktu izstr\u0101d\u0113. M\u016bsu \u012bpa\u0161i izveidot\u0101 komanda cie\u0161i sadarbojas ar klientiem, lai piln\u012bb\u0101 izprastu vi\u0146u unik\u0101l\u0101s vajadz\u012bbas, sniedzot v\u0113rt\u012bgas atzi\u0146as, kas noved pie visefekt\u012bv\u0101kajiem risin\u0101jumiem. Neatkar\u012bgi no t\u0101, vai m\u0113s projekt\u0113jam modernus produktus vai izpild\u0101m past\u0101v\u012bgus pas\u016bt\u012bjumus, m\u0113s esam ap\u0146\u0113mu\u0161ies nodro\u0161in\u0101t augstas kvalit\u0101tes, prec\u012bzi izstr\u0101d\u0101tus risin\u0101jumus ar efektivit\u0101ti un konsekvenci. FMP katrs projekts tiek \u012bstenots ar m\u0113r\u0137i nodro\u0161in\u0101t ilgtermi\u0146a apmierin\u0101t\u012bbu un izcilu funkcionalit\u0101ti.<\/p>\n<p>Kvalit\u0101te ir visa m\u016bsu darba pamat\u0101. M\u0113s iev\u0113rojam augst\u0101kos ra\u017eo\u0161anas standartus, integr\u0113jot stingrus kvalit\u0101tes kontroles procesus, lai nodro\u0161in\u0101tu, ka katrs produkts ne tikai atbilst, bet ar\u012b p\u0101rsniedz nozares cer\u012bbas. M\u016bsu ap\u0146em\u0161an\u0101s nep\u0101rtraukti uzlaboties apvienojum\u0101 ar m\u016bsu pamatv\u0113rt\u012bb\u0101m \u2013 integrit\u0101ti, sadarb\u012bbu un neatlaid\u012bbu \u2013 ir \u013c\u0101vusi mums veidot ilgsto\u0161as \u200b\u200battiec\u012bbas ar klientiem vair\u0101k nek\u0101 30 valst\u012bs vis\u0101 pasaul\u0113. \u0160\u012b ap\u0146em\u0161an\u0101s sasniegt izcil\u012bbu nodro\u0161ina, ka FMP joproj\u0101m ir v\u0113lamais partneris uz\u0146\u0113mumiem, kas mekl\u0113 uzticamus, augstas veiktsp\u0113jas komponentus.<\/p>\n<p>FMP vienm\u0113r ir atv\u0113rts glob\u0101lu partnerattiec\u012bbu veido\u0161anai un kop\u0161anai. M\u0113s saprotam, ka katram klientam ir at\u0161\u0137ir\u012bgas vajadz\u012bbas, un m\u0113s esam ap\u0146\u0113mu\u0161ies pied\u0101v\u0101t ekspertu padomus un individu\u0101lus risin\u0101jumus \u0161o pras\u012bbu izpildei. M\u016bsu pieeja sniedzas t\u0101l\u0101k par vienk\u0101r\u0161u produktu pieg\u0101di; m\u0113s cen\u0161amies veidot ilgtermi\u0146a attiec\u012bbas, kas atbalsta katra projekta pan\u0101kumus. Neatkar\u012bgi no t\u0101, vai jums ir nepiecie\u0161ami inovat\u012bvi risin\u0101jumi jaunai iniciat\u012bvai vai past\u0101v\u012bgs atbalsts eso\u0161ai sist\u0113mai, FMP ir \u0161eit, lai risin\u0101tu j\u016bsu tehnisk\u0101s probl\u0113mas un nodro\u0161in\u0101tu j\u016bsu nep\u0101rtrauktus pan\u0101kumus. Ar FMP j\u016bs ieg\u016bstat vair\u0101k nek\u0101 tikai pieg\u0101d\u0101t\u0101ju \u2014 j\u016bs ieg\u016bstat uzticamu partneri, kas ir velt\u012bts j\u016bsu uz\u0146\u0113muma att\u012bst\u012bbai.<\/p>\n<p><img loading=\"lazy\" decoding=\"async\" class=\"alignnone size-full wp-image-1861\" src=\"https:\/\/fmp-components.com\/wp-content\/uploads\/2024\/12\/Other-Agricultural-Gearboxes.webp\" sizes=\"(min-width: 0px) and (max-width: 480px) 480px, (min-width: 481px) and (max-width: 980px) 980px, (min-width: 981px) 1200px, 100vw\" srcset=\"https:\/\/fmp-components.com\/wp-content\/uploads\/2024\/12\/Other-Agricultural-Gearboxes.webp 1200w, https:\/\/fmp-components.com\/wp-content\/uploads\/2024\/12\/Other-Agricultural-Gearboxes-980x1143.webp 980w, https:\/\/fmp-components.com\/wp-content\/uploads\/2024\/12\/Other-Agricultural-Gearboxes-480x560.webp 480w\" alt=\"Altri-cambi-agricoli\" width=\"1200\" height=\"1400\" title=\"\"><\/p>\n<p>Autors: CX<\/p>","protected":false},"excerpt":{"rendered":"<p>Specifications of Fertilizer Spreader Gearbox L-25J Description Fertilizer Spreader Gearbox &#8211; Replacement of Comer Gearbox L-25J Application Various (agricultural) applications Mowers Chemical fertilizer spreaders Band saws Consists of Gearbox Without oil Technical information If you have any questions regarding performance at different speeds, please do not hesitate to contact us. When using it for the [&hellip;]<\/p>","protected":false},"featured_media":2160,"comment_status":"open","ping_status":"closed","template":"","meta":{"_et_pb_use_builder":"","_et_pb_old_content":"","_et_gb_content_width":""},"product_brand":[],"product_cat":[53],"product_tag":[],"class_list":{"0":"post-2158","1":"product","2":"type-product","3":"status-publish","4":"has-post-thumbnail","6":"product_cat-rotary-tiller-gearbox","8":"first","9":"instock","10":"shipping-taxable","11":"product-type-simple"},"_links":{"self":[{"href":"https:\/\/fmp-components.com\/lv\/wp-json\/wp\/v2\/product\/2158","targetHints":{"allow":["GET"]}}],"collection":[{"href":"https:\/\/fmp-components.com\/lv\/wp-json\/wp\/v2\/product"}],"about":[{"href":"https:\/\/fmp-components.com\/lv\/wp-json\/wp\/v2\/types\/product"}],"replies":[{"embeddable":true,"href":"https:\/\/fmp-components.com\/lv\/wp-json\/wp\/v2\/comments?post=2158"}],"wp:featuredmedia":[{"embeddable":true,"href":"https:\/\/fmp-components.com\/lv\/wp-json\/wp\/v2\/media\/2160"}],"wp:attachment":[{"href":"https:\/\/fmp-components.com\/lv\/wp-json\/wp\/v2\/media?parent=2158"}],"wp:term":[{"taxonomy":"product_brand","embeddable":true,"href":"https:\/\/fmp-components.com\/lv\/wp-json\/wp\/v2\/product_brand?post=2158"},{"taxonomy":"product_cat","embeddable":true,"href":"https:\/\/fmp-components.com\/lv\/wp-json\/wp\/v2\/product_cat?post=2158"},{"taxonomy":"product_tag","embeddable":true,"href":"https:\/\/fmp-components.com\/lv\/wp-json\/wp\/v2\/product_tag?post=2158"}],"curies":[{"name":"wp","href":"https:\/\/api.w.org\/{rel}","templated":true}]}}