{"id":2151,"date":"2024-12-30T06:59:10","date_gmt":"2024-12-30T06:59:10","guid":{"rendered":"https:\/\/fmp-components.com\/?page_id=8"},"modified":"2024-12-30T08:06:25","modified_gmt":"2024-12-30T08:06:25","slug":"fertilizer-spreader-gearbox-replacement-of-comer-code-l-25c","status":"publish","type":"product","link":"https:\/\/fmp-components.com\/lv\/product\/fertilizer-spreader-gearbox-replacement-of-comer-code-l-25c\/","title":{"rendered":"M\u0113slojuma izklied\u0113t\u0101ja p\u0101rnesumk\u0101rba \u2013 Comer koda L-25C nomai\u0146a"},"content":{"rendered":"<p><img loading=\"lazy\" decoding=\"async\" class=\"wp-image-2156 aligncenter\" src=\"https:\/\/fmp-components.com\/wp-content\/uploads\/2024\/12\/fertilizer-spreader-gearbox-l25c.webp\" alt=\"M\u0113slojuma izklied\u0113t\u0101ja p\u0101rnesumk\u0101rba L25C\" width=\"790\" height=\"790\" title=\"\" srcset=\"https:\/\/fmp-components.com\/wp-content\/uploads\/2024\/12\/fertilizer-spreader-gearbox-l25c.webp 300w, https:\/\/fmp-components.com\/wp-content\/uploads\/2024\/12\/fertilizer-spreader-gearbox-l25c-150x150.webp 150w, https:\/\/fmp-components.com\/wp-content\/uploads\/2024\/12\/fertilizer-spreader-gearbox-l25c-12x12.webp 12w, https:\/\/fmp-components.com\/wp-content\/uploads\/2024\/12\/fertilizer-spreader-gearbox-l25c-100x100.webp 100w\" sizes=\"(max-width: 790px) 100vw, 790px\" \/><\/p>\n<h2>M\u0113slojuma izklied\u0113t\u0101ja p\u0101rnesumk\u0101rbas L-25C specifik\u0101cijas<\/h2>\n<p><img loading=\"lazy\" decoding=\"async\" class=\"alignnone size-full wp-image-2157\" src=\"https:\/\/fmp-components.com\/wp-content\/uploads\/2024\/12\/fertilizer-spreader-gearbox-specifications-l25c.webp\" alt=\"M\u0113slojuma izklied\u0113t\u0101ja p\u0101rnesumk\u0101rbas specifik\u0101cijas L25C\" width=\"974\" height=\"544\" title=\"\" srcset=\"https:\/\/fmp-components.com\/wp-content\/uploads\/2024\/12\/fertilizer-spreader-gearbox-specifications-l25c.webp 974w, https:\/\/fmp-components.com\/wp-content\/uploads\/2024\/12\/fertilizer-spreader-gearbox-specifications-l25c-480x268.webp 480w\" sizes=\"(min-width: 0px) and (max-width: 480px) 480px, (min-width: 481px) 974px, 100vw\" \/><\/p>\n<table style=\"width: 100%;\" border=\"1\" width=\"100%\" cellspacing=\"0\" cellpadding=\"0\">\n<tbody>\n<tr>\n<th style=\"width: 53.1318%;\">Ievades koeficients (i)<\/th>\n<td style=\"width: 46.6522%;\">1.35<\/td>\n<\/tr>\n<tr>\n<th style=\"width: 53.1318%;\">Ievades \u0101trums (N1 [apgr.\/min])<\/th>\n<td style=\"width: 46.6522%;\">540<\/td>\n<\/tr>\n<tr>\n<th style=\"width: 53.1318%;\">Ieejas jauda (P1 [kW])<\/th>\n<td style=\"width: 46.6522%;\">9.9<\/td>\n<\/tr>\n<tr>\n<th style=\"width: 53.1318%;\">Izejas griezes moments (M2 [Nm])<\/th>\n<td style=\"width: 46.6522%;\">126<\/td>\n<\/tr>\n<tr>\n<th style=\"width: 53.1318%;\">Ievades veids<\/th>\n<td style=\"width: 46.6522%;\">Z<\/td>\n<\/tr>\n<tr>\n<th style=\"width: 53.1318%;\">Svars<\/th>\n<td style=\"width: 46.6522%;\">17 kg<\/td>\n<\/tr>\n<\/tbody>\n<\/table>\n<p><span style=\"color: #333333; font-size: 26px;\">M\u0113slojuma izklied\u0113t\u0101ja \u0101trumk\u0101rbas \u012bpa\u0161\u012bbas<\/span><\/p>\n<article class=\"w-full scroll-mb-[var(--thread-trailing-height,150px)] text-token-text-primary focus-visible:outline-2 focus-visible:outline-offset-[-4px]\" dir=\"auto\" data-testid=\"conversation-turn-92\" data-scroll-anchor=\"false\">\n<div class=\"m-auto text-base py-[18px] px-3 md:px-4 w-full md:px-5 lg:px-4 xl:px-5\">\n<div class=\"mx-auto flex flex-1 gap-4 text-base md:gap-5 lg:gap-6 md:max-w-3xl lg:max-w-[40rem] xl:max-w-[48rem]\">\n<div class=\"group\/conversation-turn relative flex w-full min-w-0 flex-col\">\n<div class=\"flex-col gap-1 md:gap-3\">\n<div class=\"flex max-w-full flex-col flex-grow\">\n<div class=\"min-h-8 text-message flex w-full flex-col items-end gap-2 whitespace-normal break-words text-start [.text-message+&amp;]:mt-5\" dir=\"auto\" data-message-author-role=\"user\" data-message-id=\"aaa27537-8ed0-4e1f-9cf5-d9a41e7e7f9f\">\n<div class=\"flex w-full flex-col gap-1 empty:hidden items-end rtl:items-start\">\n<div class=\"relative max-w-[var(--user-chat-width,70%)] rounded-3xl bg-token-message-surface px-5 py-2.5\">\n<ol>\n<li><strong>Prec\u012bza jaudas sadale<\/strong><br \/>\nM\u0113slojuma izklied\u0113t\u0101ja p\u0101rnesumk\u0101rba ir paredz\u0113ta, lai prec\u012bzi kontrol\u0113tu izklied\u0113t\u0101ja komponentu rot\u0101ciju un \u0101trumu. Tas nodro\u0161ina vienm\u0113r\u012bgu un prec\u012bzu m\u0113slojuma sadali vis\u0101 lauk\u0101, nov\u0113r\u0161ot p\u0101rm\u0113r\u012bgu vai nepietiekamu m\u0113slojuma izklied\u0113\u0161anu, kas var kait\u0113t kult\u016braugiem un izrais\u012bt resursu iz\u0161\u0137\u0113rd\u0113\u0161anu. P\u0101rnesumk\u0101rba optimiz\u0113 jaudas pl\u016bsmu no traktora uz izklied\u0113t\u0101ju, nodro\u0161inot vienm\u0113r\u012bgu p\u0101rkl\u0101jumu katr\u0101 braucien\u0101.<\/li>\n<li><strong>Iztur\u012bga konstrukcija<\/strong><br \/>\nM\u0113slojuma izklied\u0113t\u0101ja p\u0101rnesumk\u0101rba, kas paredz\u0113ta skarbajiem lauksaimniec\u012bbas apst\u0101k\u013ciem, ir izgatavota no augstas kvalit\u0101tes materi\u0101liem, kas nodro\u0161ina iztur\u012bbu un notur\u012bbu intens\u012bvas lieto\u0161anas laik\u0101. T\u0101 ir paredz\u0113ta, lai iztur\u0113tu ekspluat\u0101cijas laik\u0101 rad\u012bt\u0101s slodzes un lielo griezes momentu, nodro\u0161inot ilgtermi\u0146a uzticam\u012bbu un ilg\u0101ku kalpo\u0161anas laiku. P\u0101rnesumk\u0101rba var iztur\u0113t skarbus apst\u0101k\u013cus, piem\u0113ram, mitrumu, putek\u013cus un augsni, neapdraudot veiktsp\u0113ju.<\/li>\n<li><strong>Regul\u0113jami izejas \u0101trumi<\/strong><br \/>\nDaudz\u0101m m\u0113slojuma izklied\u0113t\u0101ju p\u0101rnesumk\u0101rb\u0101m ir regul\u0113jams izejas \u0101trums, kas \u013cauj operatoriem kontrol\u0113t izklied\u0113t\u0101ja izklied\u0113\u0161anas \u0101trumu un nodro\u0161in\u0101t, ka tas atbilst konkr\u0113t\u0101m m\u0113slo\u0161anas pras\u012bb\u0101m. \u0160\u012b funkcija uzlabo p\u0101rnesumk\u0101rbas daudzpus\u012bbu, padarot to piem\u0113rotu da\u017e\u0101diem uzdevumiem, s\u0101kot no vieglas izklied\u0113\u0161anas l\u012bdz intens\u012bvai lieto\u0161anai. Piel\u0101gojot \u0101trumu, lietot\u0101ji var optimiz\u0113t m\u0113slojuma izmanto\u0161anu da\u017e\u0101d\u0101m kult\u016br\u0101m un lauka apst\u0101k\u013ciem.<\/li>\n<li><strong>Kompakts un telpu taupo\u0161s dizains<\/strong><br \/>\nM\u0113slojuma izklied\u0113t\u0101ja p\u0101rnesumk\u0101rbas ir konstru\u0113tas kompaktas un vietu taupo\u0161as, t\u0101p\u0113c t\u0101s ir viegli uzst\u0101d\u012bt uz da\u017e\u0101diem izklied\u0113t\u0101ja mode\u013ciem. To kompaktais dizains \u013cauj efekt\u012bvi integr\u0113ties ar minim\u0101l\u0101m modifik\u0101cij\u0101m, nodro\u0161inot, ka t\u0101s neaiz\u0146em lieku vietu un nepievieno nevajadz\u012bgu svaru. Tas veicina izklied\u0113t\u0101ja visp\u0101r\u0113jo lieto\u0161anas \u0113rtumu un manevr\u0113tsp\u0113ju darb\u012bbas laik\u0101.<\/li>\n<li><strong>Zema apkope un augsta efektivit\u0101te<\/strong><br \/>\nM\u0113slojuma izklied\u0113t\u0101ja p\u0101rnesumk\u0101rba ir paredz\u0113ta darb\u012bbai ar nelielu apkopi, un tai ir iztur\u012bgi bl\u012bv\u0113jumi un pa\u0161e\u013c\u013cojo\u0161as deta\u013cas, kas samazina nepiecie\u0161am\u012bbu p\u0113c bie\u017eas apkopes. Tas pal\u012bdz samazin\u0101t d\u012bkst\u0101ves laiku un nodro\u0161ina nep\u0101rtrauktu darb\u012bbu vis\u0101 s\u0113\u0161anas un m\u0113slo\u0161anas sezon\u0101. Augstas efektivit\u0101tes p\u0101rnesumk\u0101rba samazina jaudas zudumus, uzlabojot degvielas ekonomiju un padarot to par rentablu risin\u0101jumu liela m\u0113roga lauksaimniec\u012bbas darb\u012bb\u0101m. Turkl\u0101t p\u0101rnesumk\u0101rbu ir viegli uztur\u0113t, ar pieejam\u0101m e\u013c\u013co\u0161anas viet\u0101m un iztur\u012bgiem gult\u0146iem, kas veicina t\u0101s ilgo kalpo\u0161anas laiku.<\/li>\n<\/ol>\n<div class=\"absolute bottom-0 right-full top-0 -mr-3.5 hidden pr-5 pt-1 [.group\\\/conversation-turn:hover_&amp;]:block\"><\/div>\n<\/div>\n<\/div>\n<\/div>\n<\/div>\n<\/div>\n<\/div>\n<\/div>\n<\/div>\n<\/article>\n<article class=\"w-full scroll-mb-[var(--thread-trailing-height,150px)] text-token-text-primary focus-visible:outline-2 focus-visible:outline-offset-[-4px]\" dir=\"auto\" data-testid=\"conversation-turn-93\" data-scroll-anchor=\"true\">\n<h6 class=\"sr-only\"><\/h6>\n<\/article>\n<p>\u00a0<img loading=\"lazy\" decoding=\"async\" class=\"wp-image-2155 aligncenter\" src=\"https:\/\/fmp-components.com\/wp-content\/uploads\/2024\/12\/fertilizer-spreader-gearbox-2.webp\" alt=\"m\u0113slojuma-izklied\u0113t\u0101ja-reduktora-2\" width=\"631\" height=\"631\" title=\"\" srcset=\"https:\/\/fmp-components.com\/wp-content\/uploads\/2024\/12\/fertilizer-spreader-gearbox-2.webp 400w, https:\/\/fmp-components.com\/wp-content\/uploads\/2024\/12\/fertilizer-spreader-gearbox-2-300x300.webp 300w, https:\/\/fmp-components.com\/wp-content\/uploads\/2024\/12\/fertilizer-spreader-gearbox-2-150x150.webp 150w, https:\/\/fmp-components.com\/wp-content\/uploads\/2024\/12\/fertilizer-spreader-gearbox-2-12x12.webp 12w, https:\/\/fmp-components.com\/wp-content\/uploads\/2024\/12\/fertilizer-spreader-gearbox-2-100x100.webp 100w\" sizes=\"(max-width: 631px) 100vw, 631px\" \/><\/p>\n<h2>Lauksaimniec\u012bbas m\u0113slojuma izklied\u0113t\u0101ja p\u0101rnesumk\u0101rbas kard\u0101nv\u0101rpstas<\/h2>\n<p>Lauksaimniec\u012bbas m\u0113slojuma izklied\u0113t\u0101ja p\u0101rnesumk\u0101rbu j\u016bgv\u0101rpstas (pto) ir b\u016btiskas sast\u0101vda\u013cas, kas p\u0101rnes meh\u0101nisko jaudu no traktora uz p\u0101rnesumk\u0101rbu, nodro\u0161inot m\u0113slojuma izklied\u0113t\u0101ja darb\u012bbu. \u0160\u012bs v\u0101rpstas ir \u012bpa\u0161i izstr\u0101d\u0101tas, lai apmierin\u0101tu lauksaimniec\u012bbas darbu augst\u0101s pras\u012bbas, nodro\u0161inot uzticamu un efekt\u012bvu jaudas p\u0101rvadi vienm\u0113r\u012bgai veiktsp\u0113jai da\u017e\u0101dos lauka apst\u0101k\u013cos. Savienojot traktora dzin\u0113ju ar p\u0101rnesumk\u0101rbu, j\u016bgv\u0101rpst\u0101m ir iz\u0161\u0137iro\u0161a noz\u012bme izklied\u0113t\u0101ja funkcionalit\u0101tes un efektivit\u0101tes nodro\u0161in\u0101\u0161an\u0101.<\/p>\n<p><strong>1. Iztur\u012bga jaudas p\u0101rraide:<\/strong> M\u0113slojuma izklied\u0113t\u0101ju p\u0101rnesumk\u0101rbu kard\u0101nv\u0101rpstas ir konstru\u0113tas t\u0101, lai iztur\u0113tu lielu griezes momentu un intens\u012bvu lieto\u0161anu. Izgatavotas no iztur\u012bgiem materi\u0101liem, piem\u0113ram, augstas stipr\u012bbas t\u0113rauda, \u200b\u200b\u0161\u012bs v\u0101rpstas nodro\u0161ina optim\u0101lu jaudas p\u0101rnesi, neapdraudot veiktsp\u0113ju. \u0160\u012b iztur\u012bg\u0101 konstrukcija pal\u012bdz nov\u0113rst nodilumu ilgsto\u0161as \u200b\u200blieto\u0161anas laik\u0101, padarot v\u0101rpstas ide\u0101li piem\u0113rotas pras\u012bg\u0101m lauksaimniec\u012bbas vid\u0113m, kur uzticam\u012bba un iztur\u012bba ir \u0101rk\u0101rt\u012bgi svar\u012bga.<\/p>\n<p><strong>2. Prec\u012bz\u0101 in\u017eenierija:<\/strong> Ar prec\u012bzu in\u017eenieriju izstr\u0101d\u0101t\u0101s kard\u0101nv\u0101rpstas ir optimiz\u0113tas, lai neman\u0101mi darbotos ar m\u0113slojuma izklied\u0113t\u0101ja p\u0101rnesumk\u0101rbu. V\u0101rpstas garums, diametrs un savienojuma punkti ir r\u016bp\u012bgi izstr\u0101d\u0101ti, lai nodro\u0161in\u0101tu, ka traktora dzin\u0113ja jauda tiek efekt\u012bvi p\u0101rnesta uz p\u0101rnesumk\u0101rbu, nodro\u0161inot nepiecie\u0161amo rot\u0101cijas sp\u0113ku izklied\u0113t\u0101ja darbin\u0101\u0161anai. Tas nodro\u0161ina, ka izklied\u0113t\u0101js nodro\u0161ina vienm\u0113r\u012bgu un konsekventu m\u0113slojuma sadali lielos lauksaimniec\u012bbas laukos.<\/p>\n<p><strong>3. Daudzpus\u012bba un savietojam\u012bba:<\/strong> M\u0113slojuma izklied\u0113t\u0101ju p\u0101rnesumk\u0101rbu kard\u0101nv\u0101rpstas ir pieejamas da\u017e\u0101dos izm\u0113ros un konfigur\u0101cij\u0101s, nodro\u0161inot sader\u012bbu ar pla\u0161u lauksaimniec\u012bbas tehnikas kl\u0101stu. Neatkar\u012bgi no t\u0101, vai izklied\u0113t\u0101js ir mazs vai liels, kard\u0101nv\u0101rpstu var izv\u0113l\u0113ties atbilsto\u0161i tehnikas \u012bpa\u0161aj\u0101m pras\u012bb\u0101m un traktora j\u016bgv\u0101rpstas jaudai. \u0160\u012b daudzpus\u012bba atvieglo lauksaimniekiem optim\u0101las veiktsp\u0113jas uztur\u0113\u0161anu, izmantojot da\u017e\u0101da veida tehniku \u200b\u200bun lauka apst\u0101k\u013cus.<\/p>\n<p><strong>4. Vienk\u0101r\u0161a apkope un ilgm\u016b\u017e\u012bba:<\/strong> Kard\u0101nv\u0101rpstu konstrukcija ietver funkcijas, kas atvieglo apkopi un pagarina to kalpo\u0161anas laiku. T\u0101das sast\u0101vda\u013cas k\u0101 e\u013c\u013co\u0161anas nipe\u013ci, regul\u0113jami garumi un aizsargp\u0101rsegi padara ikdienas apkopi vienk\u0101r\u0161u, nodro\u0161inot, ka v\u0101rpstas laika gait\u0101 turpina efekt\u012bvi darboties. Regul\u0101ra apkope pal\u012bdz nov\u0113rst boj\u0101jumus un samazina d\u0101rgu remontu iesp\u0113jam\u012bbu, padarot \u0161\u012bs kard\u0101nv\u0101rpstas par rentablu risin\u0101jumu lauksaimniekiem.<\/p>\n<p><strong>5. Uzlabota m\u0113slo\u0161anas l\u012bdzek\u013cu lieto\u0161anas efektivit\u0101te:<\/strong> Nodro\u0161inot vienm\u0113r\u012bgu un uzticamu jaudas padevi m\u0113slojuma izklied\u0113t\u0101ja p\u0101rnesumk\u0101rbai, j\u016bgv\u0101rpstas veicina uzlabotu darb\u012bbas efektivit\u0101ti. Tas nodro\u0161ina vienm\u0113r\u012bgu m\u0113slojuma izkliedi, samazinot atkritumus un optimiz\u0113jot ra\u017eu. J\u016bgv\u0101rpstu precizit\u0101te un iztur\u012bba pal\u012bdz uzlabot m\u0113slojuma lieto\u0161anas kop\u0113jo efektivit\u0101ti, atbalstot ilgtsp\u0113j\u012bgu lauksaimniec\u012bbas praksi un veicinot lab\u0101ku kult\u016braugu aug\u0161anu.<\/p>\n<p>Nosl\u0113gum\u0101 j\u0101saka, ka lauksaimniec\u012bbas m\u0113slojuma izklied\u0113t\u0101ju p\u0101rnesumk\u0101rbu kard\u0101nv\u0101rpstas ir svar\u012bgas sast\u0101vda\u013cas, kas nodro\u0161ina uzticamu jaudas p\u0101rvadi, darb\u012bbas efektivit\u0101ti un ilgsto\u0161u veiktsp\u0113ju lauksaimniec\u012bbas darbos. \u0160\u012bs v\u0101rpstas, kas paredz\u0113tas iztur\u012bbai, precizit\u0101tei un vieglai apkopei, pal\u012bdz optimiz\u0113t m\u0113slojuma izklied\u0113t\u0101ju veiktsp\u0113ju, t\u0101d\u0113j\u0101di uzlabojot lauksaimniec\u012bbas produktivit\u0101ti.<\/p>\n<p><img loading=\"lazy\" decoding=\"async\" class=\"alignnone size-full wp-image-2171\" src=\"https:\/\/fmp-components.com\/wp-content\/uploads\/2024\/12\/PTO-Shafts-for-Agricultural-Fertilizer-Spreader-Gearbox-1.webp\" alt=\"J\u016bgv\u0101rpstas-lauksaimniec\u012bbas-m\u0113slojuma-izklied\u0113t\u0101ja-reduktoram-1\" width=\"1200\" height=\"800\" title=\"\" srcset=\"https:\/\/fmp-components.com\/wp-content\/uploads\/2024\/12\/PTO-Shafts-for-Agricultural-Fertilizer-Spreader-Gearbox-1.webp 1200w, https:\/\/fmp-components.com\/wp-content\/uploads\/2024\/12\/PTO-Shafts-for-Agricultural-Fertilizer-Spreader-Gearbox-1-980x653.webp 980w, https:\/\/fmp-components.com\/wp-content\/uploads\/2024\/12\/PTO-Shafts-for-Agricultural-Fertilizer-Spreader-Gearbox-1-480x320.webp 480w\" sizes=\"(min-width: 0px) and (max-width: 480px) 480px, (min-width: 481px) and (max-width: 980px) 980px, (min-width: 981px) 1200px, 100vw\" \/><\/p>\n<h3>Par FMP<\/h3>\n<p>FMP galven\u0101 m\u012btne atrodas It\u0101lij\u0101, un tas ir pasaul\u0113 atz\u012bts vado\u0161ais ra\u017eot\u0101js, kas ir atz\u012bts par savu pieredzi augstas veiktsp\u0113jas p\u0101rnesumk\u0101rbu projekt\u0113\u0161an\u0101, izstr\u0101d\u0113 un ra\u017eo\u0161an\u0101, galvenok\u0101rt apkalpojot lauksaimniec\u012bbas tehnikas nozari. FMP, kas ir paz\u012bstams ar savu ap\u0146em\u0161anos attiec\u012bb\u0101 uz prec\u012bzu in\u017eenieriju, inov\u0101cij\u0101m un nep\u0101rsp\u0113jamu uzticam\u012bbu, ir k\u013cuvis par uzticamu partneri, nodro\u0161inot augst\u0101k\u0101s kvalit\u0101tes produktus, kas atbilst gan lauksaimniec\u012bbas, gan r\u016bpniec\u012bbas tirgu main\u012bgaj\u0101m pras\u012bb\u0101m. M\u016bsu pla\u0161aj\u0101 produktu kl\u0101st\u0101 ir iek\u013cautas specializ\u0113tas p\u0101rnesumk\u0101rbas z\u0101les p\u013c\u0101v\u0113jiem, j\u016bgv\u0101rpstas un citas svar\u012bgas sast\u0101vda\u013cas, kas visas ir izstr\u0101d\u0101tas, lai pied\u0101v\u0101tu piel\u0101gotus risin\u0101jumus pla\u0161am pielietojumu kl\u0101stam.<\/p>\n<p>Uz\u0146\u0113mum\u0101 FMP m\u0113s saprotam, ka katram klientam ir unik\u0101las probl\u0113mas un pras\u012bbas. T\u0101p\u0113c m\u0113s specializ\u0113jamies piel\u0101gotu risin\u0101jumu pied\u0101v\u0101\u0161an\u0101, neatkar\u012bgi no t\u0101, vai t\u0101s ir atsevi\u0161\u0137as komponentes vai piln\u012bgas, integr\u0113tas sist\u0113mas. M\u016bsu sadarb\u012bbas pieeja nodro\u0161ina, ka katrs risin\u0101jums ir gan efekt\u012bvs, gan lietder\u012bgs, uzlabojot veiktsp\u0113ju un optimiz\u0113jot v\u0113rt\u012bbu. Ap\u0146emoties sniegt \u0101tras, profesion\u0101las atbildes un ekspertu nor\u0101d\u012bjumus, m\u0113s katru piepras\u012bjumu apstr\u0101d\u0101jam prec\u012bzi un piev\u0113r\u0161ot uzman\u012bbu deta\u013c\u0101m, nodro\u0161inot, ka m\u016bsu klienti sa\u0146em visaugst\u0101ko apkalpo\u0161anas un atbalsta l\u012bmeni.<\/p>\n<p>M\u0113s lielu uzsvaru liekam uz skaidru un past\u0101v\u012bgu komunik\u0101ciju, \u012bpa\u0161i jaunu produktu izstr\u0101d\u0113. M\u016bsu \u012bpa\u0161\u0101 komanda cie\u0161i sadarbojas ar klientiem, lai izprastu vi\u0146u \u012bpa\u0161\u0101s vajadz\u012bbas, pied\u0101v\u0101jot praktiski pielietojamas atzi\u0146as, kas noved pie visefekt\u012bv\u0101kajiem risin\u0101jumiem. Neatkar\u012bgi no t\u0101, vai m\u0113s izstr\u0101d\u0101jam inovat\u012bvus produktus vai izpild\u0101m eso\u0161os pas\u016bt\u012bjumus, m\u0113s koncentr\u0113jamies uz augstas kvalit\u0101tes, prec\u012bzi izstr\u0101d\u0101tu risin\u0101jumu snieg\u0161anu, kas tiek pabeigti laik\u0101 un p\u0101rsniedz cer\u012bbas.<\/p>\n<p>FMP darb\u012bbas pamat\u0101 ir nelok\u0101ma ap\u0146em\u0161an\u0101s nodro\u0161in\u0101t kvalit\u0101ti. M\u0113s iev\u0113rojam augst\u0101kos ra\u017eo\u0161anas standartus un ievie\u0161am stingras kvalit\u0101tes kontroles proced\u016bras, lai nodro\u0161in\u0101tu, ka katrs produkts atbilst vai p\u0101rsniedz nozares standartus. M\u016bsu neatlaid\u012bg\u0101 koncentr\u0113\u0161an\u0101s uz kvalit\u0101ti apvienojum\u0101 ar m\u016bsu pamatv\u0113rt\u012bb\u0101m \u2013 integrit\u0101ti, sadarb\u012bbu un neatlaid\u012bbu \u2013 ir pal\u012bdz\u0113jusi mums izveidot sp\u0113c\u012bgas, ilgtermi\u0146a attiec\u012bbas ar klientiem vair\u0101k nek\u0101 30 valst\u012bs vis\u0101 pasaul\u0113.<\/p>\n<p>FMP vienm\u0113r ir atv\u0113rta glob\u0101lu partnerattiec\u012bbu veido\u0161anai un joproj\u0101m ir ap\u0146\u0113musies pied\u0101v\u0101t ekspertu padomus un personaliz\u0113tus risin\u0101jumus, lai apmierin\u0101tu m\u016bsu klientu da\u017e\u0101d\u0101s vajadz\u012bbas. M\u0113s ejam t\u0101l\u0101k par vienk\u0101r\u0161u produktu pieg\u0101di \u2014 m\u0113s koncentr\u0113jamies uz ilgsto\u0161u, j\u0113gpilnu attiec\u012bbu veido\u0161anu, kas veicina katra projekta pan\u0101kumus. Neatkar\u012bgi no t\u0101, vai mekl\u0113jat inovat\u012bvus risin\u0101jumus jaunai iniciat\u012bvai vai nepiecie\u0161ams past\u0101v\u012bgs atbalsts eso\u0161ai sist\u0113mai, FMP ir \u0161eit, lai pal\u012bdz\u0113tu risin\u0101t j\u016bsu tehnisk\u0101s probl\u0113mas un nodro\u0161in\u0101tu j\u016bsu turpm\u0101kos pan\u0101kumus.<\/p>\n<p><img loading=\"lazy\" decoding=\"async\" class=\"alignnone size-full wp-image-1861\" src=\"https:\/\/fmp-components.com\/wp-content\/uploads\/2024\/12\/Other-Agricultural-Gearboxes.webp\" sizes=\"(min-width: 0px) and (max-width: 480px) 480px, (min-width: 481px) and (max-width: 980px) 980px, (min-width: 981px) 1200px, 100vw\" srcset=\"https:\/\/fmp-components.com\/wp-content\/uploads\/2024\/12\/Other-Agricultural-Gearboxes.webp 1200w, https:\/\/fmp-components.com\/wp-content\/uploads\/2024\/12\/Other-Agricultural-Gearboxes-980x1143.webp 980w, https:\/\/fmp-components.com\/wp-content\/uploads\/2024\/12\/Other-Agricultural-Gearboxes-480x560.webp 480w\" alt=\"Altri-cambi-agricoli\" width=\"1200\" height=\"1400\" title=\"\"><\/p>\n<p>Autors: CX<\/p>","protected":false},"excerpt":{"rendered":"<p>Specifications of Fertilizer Spreader Gearbox L-25C Input Ratio (i) 1.35 Input Speed (N1 [rpm]) 540 Input Power (P1 [kW]) 9.9 Output Torque (M2 [Nm]) 126 Input Type Z Weight 17 kg Features of Fertilizer Spreader Gearbox Precision Power Distribution The fertilizer spreader gearbox is designed to deliver precise control over the rotation and speed of [&hellip;]<\/p>","protected":false},"featured_media":2156,"comment_status":"open","ping_status":"closed","template":"","meta":{"_et_pb_use_builder":"","_et_pb_old_content":"","_et_gb_content_width":""},"product_brand":[],"product_cat":[54],"product_tag":[],"class_list":{"0":"post-2151","1":"product","2":"type-product","3":"status-publish","4":"has-post-thumbnail","6":"product_cat-fertilizer-spreader-gearbox","8":"first","9":"instock","10":"shipping-taxable","11":"product-type-simple"},"_links":{"self":[{"href":"https:\/\/fmp-components.com\/lv\/wp-json\/wp\/v2\/product\/2151","targetHints":{"allow":["GET"]}}],"collection":[{"href":"https:\/\/fmp-components.com\/lv\/wp-json\/wp\/v2\/product"}],"about":[{"href":"https:\/\/fmp-components.com\/lv\/wp-json\/wp\/v2\/types\/product"}],"replies":[{"embeddable":true,"href":"https:\/\/fmp-components.com\/lv\/wp-json\/wp\/v2\/comments?post=2151"}],"wp:featuredmedia":[{"embeddable":true,"href":"https:\/\/fmp-components.com\/lv\/wp-json\/wp\/v2\/media\/2156"}],"wp:attachment":[{"href":"https:\/\/fmp-components.com\/lv\/wp-json\/wp\/v2\/media?parent=2151"}],"wp:term":[{"taxonomy":"product_brand","embeddable":true,"href":"https:\/\/fmp-components.com\/lv\/wp-json\/wp\/v2\/product_brand?post=2151"},{"taxonomy":"product_cat","embeddable":true,"href":"https:\/\/fmp-components.com\/lv\/wp-json\/wp\/v2\/product_cat?post=2151"},{"taxonomy":"product_tag","embeddable":true,"href":"https:\/\/fmp-components.com\/lv\/wp-json\/wp\/v2\/product_tag?post=2151"}],"curies":[{"name":"wp","href":"https:\/\/api.w.org\/{rel}","templated":true}]}}