{"id":2133,"date":"2024-12-30T06:13:01","date_gmt":"2024-12-30T06:13:01","guid":{"rendered":"https:\/\/fmp-components.com\/?page_id=8"},"modified":"2024-12-30T06:19:44","modified_gmt":"2024-12-30T06:19:44","slug":"rotary-tiller-gearboxes-replacement-of-comer-code-tlz292a","status":"publish","type":"product","link":"https:\/\/fmp-components.com\/lv\/product\/rotary-tiller-gearboxes-replacement-of-comer-code-tlz292a\/","title":{"rendered":"Rot\u0113jo\u0161\u0101s fr\u0113zes p\u0101rnesumk\u0101rbas \u2014 Comer koda TLZ292A nomai\u0146a"},"content":{"rendered":"<p><img loading=\"lazy\" decoding=\"async\" class=\"size-full wp-image-2140 aligncenter\" src=\"https:\/\/fmp-components.com\/wp-content\/uploads\/2024\/12\/rotary-tiller-gearbox-TLZ-292A.webp\" alt=\"rot\u0113jo\u0161\u0101s-fr\u0113zes-reduktora-TLZ-292A\" width=\"414\" height=\"216\" title=\"\" srcset=\"https:\/\/fmp-components.com\/wp-content\/uploads\/2024\/12\/rotary-tiller-gearbox-TLZ-292A.webp 414w, https:\/\/fmp-components.com\/wp-content\/uploads\/2024\/12\/rotary-tiller-gearbox-TLZ-292A-300x157.webp 300w, https:\/\/fmp-components.com\/wp-content\/uploads\/2024\/12\/rotary-tiller-gearbox-TLZ-292A-18x9.webp 18w\" sizes=\"(max-width: 414px) 100vw, 414px\" \/><\/p>\n<h2>Rot\u0113jo\u0161\u0101s kultivatora p\u0101rnesumk\u0101rbas TLZ-292A specifik\u0101cijas<\/h2>\n<p><img loading=\"lazy\" decoding=\"async\" class=\"alignnone size-full wp-image-2134\" src=\"https:\/\/fmp-components.com\/wp-content\/uploads\/2024\/12\/rotary-tiller-gearbox-TLZ-292A-specification.webp\" alt=\"rot\u0113jo\u0161\u0101s-fr\u0113zes-reduktora-TLZ-292A-specifik\u0101cija\" width=\"936\" height=\"444\" title=\"\" srcset=\"https:\/\/fmp-components.com\/wp-content\/uploads\/2024\/12\/rotary-tiller-gearbox-TLZ-292A-specification.webp 936w, https:\/\/fmp-components.com\/wp-content\/uploads\/2024\/12\/rotary-tiller-gearbox-TLZ-292A-specification-480x228.webp 480w\" sizes=\"(min-width: 0px) and (max-width: 480px) 480px, (min-width: 481px) 936px, 100vw\" \/><\/p>\n<table style=\"width: 93.9782%; height: 304px;\" border=\"1\" cellspacing=\"0\" cellpadding=\"0\">\n<tbody>\n<tr>\n<td style=\"width: 59.8851%;\"><strong>es<\/strong><\/td>\n<td style=\"width: 40%;\">1.86<\/td>\n<\/tr>\n<tr>\n<td style=\"width: 59.8851%;\"><strong>N<sub>1<\/sub>[apgr.\/min]<\/strong><\/td>\n<td style=\"width: 40%;\">540<\/td>\n<\/tr>\n<tr>\n<td style=\"width: 59.8851%;\"><strong>P<sub>1<\/sub>[kW]<\/strong><\/td>\n<td style=\"width: 40%;\">47.8<\/td>\n<\/tr>\n<tr>\n<td style=\"width: 59.8851%;\"><strong>M<sub>2<\/sub>[Nm]<\/strong><\/td>\n<td style=\"width: 40%;\">1525<\/td>\n<\/tr>\n<tr>\n<td style=\"width: 59.8851%;\"><strong>V\u0101rpsta X<img loading=\"lazy\" decoding=\"async\" class=\"alignnone size-full wp-image-2136\" src=\"https:\/\/fmp-components.com\/wp-content\/uploads\/2024\/12\/shaft-x-2.webp\" alt=\"v\u0101rpsta-x\" width=\"81\" height=\"78\" title=\"\" srcset=\"https:\/\/fmp-components.com\/wp-content\/uploads\/2024\/12\/shaft-x-2.webp 81w, https:\/\/fmp-components.com\/wp-content\/uploads\/2024\/12\/shaft-x-2-12x12.webp 12w\" sizes=\"(max-width: 81px) 100vw, 81px\" \/><\/strong><\/td>\n<td style=\"width: 40%;\">1\u201d 3\/8 Z6<\/td>\n<\/tr>\n<tr>\n<td style=\"width: 59.8851%;\"><strong>V\u0101rpsta Z<img loading=\"lazy\" decoding=\"async\" class=\"alignnone size-full wp-image-2135\" src=\"https:\/\/fmp-components.com\/wp-content\/uploads\/2024\/12\/shaft-2.webp\" alt=\"v\u0101rpsta\" width=\"64\" height=\"57\" title=\"\" srcset=\"https:\/\/fmp-components.com\/wp-content\/uploads\/2024\/12\/shaft-2.webp 64w, https:\/\/fmp-components.com\/wp-content\/uploads\/2024\/12\/shaft-2-13x12.webp 13w\" sizes=\"(max-width: 64px) 100vw, 64px\" \/><\/strong><\/td>\n<td style=\"width: 40%;\">42*48<\/td>\n<\/tr>\n<tr>\n<td style=\"width: 59.8851%;\"><strong>Ievade<\/strong><\/td>\n<td style=\"width: 40%;\">X<\/td>\n<\/tr>\n<\/tbody>\n<\/table>\n<h2>Rot\u0113jo\u0161\u0101s kultivatora p\u0101rnesumk\u0101rbas TLZ292A \u012bpa\u0161\u012bbas<\/h2>\n<p>Rot\u0113jo\u0161\u0101s fr\u0113zes p\u0101rnesumk\u0101rba TLZ292A ir izstr\u0101d\u0101ta, lai nodro\u0161in\u0101tu augstu veiktsp\u0113ju, iztur\u012bbu un uzticam\u012bbu izmanto\u0161anai lauksaimniec\u012bbas tehnik\u0101, \u012bpa\u0161i rot\u0113jo\u0161aj\u0101s fr\u0113z\u0113s. T\u0101l\u0101k ir nor\u0101d\u012btas \u0161\u012bs p\u0101rnesumk\u0101rbas galven\u0101s iez\u012bmes:<\/p>\n<p><strong>Iztur\u012bga konstrukcija<\/strong><\/p>\n<p>TLZ292A p\u0101rnesumk\u0101rba ir veidota ar iztur\u012bgu, \u012bpa\u0161i lielu slodzi, lai iztur\u0113tu sare\u017e\u0123\u012btus lauksaimniec\u012bbas darba apst\u0101k\u013cus. T\u0101 ir izgatavota, izmantojot augstas kvalit\u0101tes materi\u0101lus, kas nodro\u0161ina ilgm\u016b\u017e\u012bbu un izcilu iztur\u012bbu pret nodilumu pat lielas slodzes apst\u0101k\u013cos.<\/p>\n<p><strong>Augstas efektivit\u0101tes p\u0101rraide<\/strong><\/p>\n<p>P\u0101rnesumk\u0101rba ir izstr\u0101d\u0101ta optim\u0101lai jaudas p\u0101rvadei, nodro\u0161inot fr\u0113zes asme\u0146u efekt\u012bvu darb\u012bbu. T\u0101 nodro\u0161ina vienm\u0113r\u012bgu un past\u0101v\u012bgu jaudas pl\u016bsmu, uzlabojot augsnes iek\u013c\u016b\u0161anu un apstr\u0101des veiktsp\u0113ju. Augstas efektivit\u0101tes dizains samazina ener\u0123ijas zudumus un uzlabo fr\u0113zes kop\u0113jo produktivit\u0101ti.<\/p>\n<p><strong>Kompakts un viegls dizains<\/strong><\/p>\n<p>Neskatoties uz jaud\u012bgo veiktsp\u0113ju, TLZ292A p\u0101rnesumk\u0101rbai ir kompakta un viegla konstrukcija. Tas atvieglo t\u0101s lieto\u0161anu, uzst\u0101d\u012b\u0161anu un apkopi, vienlaikus pal\u012bdzot samazin\u0101t augsnes apstr\u0101des sist\u0113mas kop\u0113jo svaru, uzlabojot manevr\u0113tsp\u0113ju un degvielas ekonomiju.<\/p>\n<p><strong>Izcila siltuma izkliede<\/strong><\/p>\n<p>P\u0101rnesumk\u0101rba ir apr\u012bkota ar dzes\u0113\u0161anas sist\u0113mu, kas paredz\u0113ta optim\u0101las darba temperat\u016bras uztur\u0113\u0161anai. Uzlabotais siltuma izkliedes meh\u0101nisms nodro\u0161ina, ka p\u0101rnesumk\u0101rba ilgsto\u0161i darbojas ar maksim\u0101lu jaudu bez p\u0101rkar\u0161anas, t\u0101d\u0113j\u0101di uzlabojot p\u0101rnesumk\u0101rbas kop\u0113jo uzticam\u012bbu un kalpo\u0161anas laiku.<\/p>\n<p><strong>Regul\u0113jamas j\u016bgv\u0101rpstas sader\u012bba<\/strong><\/p>\n<p>TLZ292A p\u0101rnesumk\u0101rba ir sader\u012bga ar da\u017e\u0101d\u0101m j\u016bgv\u0101rpst\u0101m, nodro\u0161inot \u0113rtu integr\u0101ciju ar da\u017e\u0101diem traktoru mode\u013ciem. Tai ir regul\u0113jamas j\u016bgv\u0101rpstas ieejas iesp\u0113jas, kas nodro\u0161ina elast\u012bbu un sader\u012bbu ar pla\u0161u lauksaimniec\u012bbas tehnikas kl\u0101stu.<\/p>\n<p>Rezum\u0113jot, rot\u0113jo\u0161\u0101s augsnes apstr\u0101des p\u0101rnesumk\u0101rba TLZ292A ir augstas veiktsp\u0113jas, iztur\u012bgs un uzticams risin\u0101jums lauksaimniec\u012bbas augsnes apstr\u0101des vajadz\u012bb\u0101m. T\u0101s efekt\u012bv\u0101 transmisija, iztur\u012bg\u0101 konstrukcija un zem\u0101s apkopes pras\u012bbas padara to par lielisku izv\u0113li lauksaimniekiem, kuri v\u0113las uzlabot produktivit\u0101ti un nodro\u0161in\u0101t ilgtermi\u0146a darb\u012bbas uzticam\u012bbu.<\/p>\n<p><img loading=\"lazy\" decoding=\"async\" class=\"size-full wp-image-2139 aligncenter\" src=\"https:\/\/fmp-components.com\/wp-content\/uploads\/2024\/12\/Rotary-Tiller-Gearbox-4.webp\" alt=\"Rot\u0101cijas kultivatora p\u0101rnesumk\u0101rba\" width=\"600\" height=\"600\" title=\"\" srcset=\"https:\/\/fmp-components.com\/wp-content\/uploads\/2024\/12\/Rotary-Tiller-Gearbox-4.webp 600w, https:\/\/fmp-components.com\/wp-content\/uploads\/2024\/12\/Rotary-Tiller-Gearbox-4-480x480.webp 480w\" sizes=\"(min-width: 0px) and (max-width: 480px) 480px, (min-width: 481px) 600px, 100vw\" \/><\/p>\n<h2>Rot\u0113jo\u0161\u0101s piedzi\u0146as reduktora TLZ292A konstrukcijas komponenti<\/h2>\n<p>Rot\u0113jo\u0161\u0101s fr\u0113zes p\u0101rnesumk\u0101rba TLZ292A sast\u0101v no vair\u0101k\u0101m galvenaj\u0101m konstrukcijas sast\u0101vda\u013c\u0101m, kas paredz\u0113tas iztur\u012bbai, efektivit\u0101tei un \u0113rtai lieto\u0161anai sare\u017e\u0123\u012btos lauksaimniec\u012bbas darbos. Zem\u0101k ir sniegts galveno sast\u0101vda\u013cu apraksts:<\/p>\n<p><strong>Ievades v\u0101rpstas un j\u016bgv\u0101rpstas savienojums<\/strong><\/p>\n<p>TLZ292A p\u0101rnesumk\u0101rbas ieejas v\u0101rpsta ir savienota ar traktora jaudas no\u0146em\u0161anas (PTO) sist\u0113mu. \u0160\u012b sast\u0101vda\u013ca p\u0101rnes jaudu no traktora dzin\u0113ja uz p\u0101rnesumk\u0101rbu, darbinot fr\u0113zes asme\u0146us. J\u016bgv\u0101rpstas savienojums ir paredz\u0113ts vienk\u0101r\u0161ai integr\u0101cijai ar da\u017e\u0101diem traktoru mode\u013ciem, pied\u0101v\u0101jot elast\u012bbu un nodro\u0161inot efekt\u012bvu jaudas p\u0101rnesi uz p\u0101rnesumk\u0101rbu.<\/p>\n<p><strong>Reduktoru<\/strong><\/p>\n<p>P\u0101rnesumk\u0101rb\u0101 ir iek\u013cauti prec\u012bzi konstru\u0113ti reduktori, kas samazina j\u016bgv\u0101rpstas liel\u0101truma ieejas \u0101trumu l\u012bdz zem\u0101kam, fr\u0113zes asme\u0146iem piem\u0113rot\u0101kam \u0101trumam. \u0160ie zobrati nodro\u0161ina fr\u0113zes efekt\u012bvu darb\u012bbu, nodro\u0161inot nepiecie\u0161amo griezes momentu optim\u0101lai iek\u013c\u016b\u0161anai augsn\u0113 un apstr\u0101des veiktsp\u0113jai, vienlaikus samazinot ener\u0123ijas zudumus.<\/p>\n<p><strong>Gult\u0146i un bukses<\/strong><\/p>\n<p>Lai nodro\u0161in\u0101tu vienm\u0113r\u012bgu un uzticamu darb\u012bbu, TLZ292A p\u0101rnesumk\u0101rba ir apr\u012bkota ar augstas kvalit\u0101tes gult\u0146iem un buks\u0113m. \u0160\u012bs sast\u0101vda\u013cas samazina berzi starp kust\u012bgaj\u0101m da\u013c\u0101m, nodro\u0161inot vienm\u0113r\u012bgu p\u0101rnesumu p\u0101rsl\u0113g\u0161anu un nov\u0113r\u0161ot nodilumu. Iztur\u012bgie gult\u0146i ar\u012b pagarina p\u0101rnesumk\u0101rbas kalpo\u0161anas laiku, \u013caujot tai efekt\u012bvi darboties smagos apst\u0101k\u013cos.<\/p>\n<p><strong>Korpuss un korpuss<\/strong><\/p>\n<p>TLZ292A p\u0101rnesumk\u0101rbas korpuss ir izgatavots no augstas iztur\u012bbas materi\u0101liem, lai nodro\u0161in\u0101tu stabilu iek\u0161\u0113jo komponentu aizsardz\u012bbu. Iztur\u012bgais korpuss aizsarg\u0101 p\u0101rnesumk\u0101rbas zobratus, v\u0101rpstas un gult\u0146us no vides elementiem, piem\u0113ram, putek\u013ciem, net\u012brumiem, mitruma un triecieniem. Turkl\u0101t korpusam ir korozijiztur\u012bgs p\u0101rkl\u0101jums, kas uzlabo t\u0101 iztur\u012bbu un aizsarg\u0101 to no r\u016bsas un citiem boj\u0101jumiem.<\/p>\n<p><strong>Izejas v\u0101rpstas un kultivatora l\u0101psti\u0146as savienojums<\/strong><\/p>\n<p>Izejas v\u0101rpsta savieno p\u0101rnesumk\u0101rbu ar fr\u0113zes asme\u0146iem. T\u0101 ir paredz\u0113ta, lai p\u0101rnestu samazin\u0101to jaudu no p\u0101rnesumk\u0101rbas uz fr\u0113zes asme\u0146iem, liekot tiem griezties ar atbilsto\u0161u \u0101trumu un griezes momentu. Izejas v\u0101rpstas konstrukcija nodro\u0161ina uzticamu veiktsp\u0113ju un efekt\u012bvu jaudas p\u0101rvadi, veicinot fr\u0113zes procesa kop\u0113jo efektivit\u0101ti.<\/p>\n<p>Rot\u0113jo\u0161\u0101s augsnes apstr\u0101des reduktora TLZ292A galven\u0101s konstrukcijas sast\u0101vda\u013cas ir ieejas v\u0101rpsta, reduktori, gult\u0146i, korpuss un izejas v\u0101rpsta, kas visas darbojas kop\u0101, lai nodro\u0161in\u0101tu augstu efektivit\u0101ti, uzticam\u012bbu un ilgm\u016b\u017e\u012bbu lauksaimniec\u012bbas augsnes apstr\u0101des darbos.<\/p>\n<p><img loading=\"lazy\" decoding=\"async\" class=\"size-full wp-image-2138 aligncenter\" src=\"https:\/\/fmp-components.com\/wp-content\/uploads\/2024\/12\/Rotary-Tiller-Gearbox-3.webp\" alt=\"Rot\u0101cijas kultivatora p\u0101rnesumk\u0101rba\" width=\"600\" height=\"600\" title=\"\" srcset=\"https:\/\/fmp-components.com\/wp-content\/uploads\/2024\/12\/Rotary-Tiller-Gearbox-3.webp 600w, https:\/\/fmp-components.com\/wp-content\/uploads\/2024\/12\/Rotary-Tiller-Gearbox-3-480x480.webp 480w\" sizes=\"(min-width: 0px) and (max-width: 480px) 480px, (min-width: 481px) 600px, 100vw\" \/><\/p>\n<h2>Traktora j\u016bgv\u0101rpstas piedzi\u0146as rot\u0113jo\u0161\u0101s d\u012bseles p\u0101rnesumk\u0101rbas darb\u012bbas princips<\/h2>\n<p>Traktora j\u016bgv\u0101rpstas piedzi\u0146as rot\u0113jo\u0161\u0101s fr\u0113zes p\u0101rnesumk\u0101rbas darb\u012bbas princips ir balst\u012bts uz efekt\u012bvu jaudas p\u0101rnesi no traktora dzin\u0113ja uz rot\u0113jo\u0161\u0101s fr\u0113zes asme\u0146iem, \u013caujot ma\u0161\u012bnai veikt augsnes apstr\u0101des darb\u012bbas. L\u016bk, k\u0101 p\u0101rnesumk\u0101rba darbojas piecos galvenajos posmos:<\/p>\n<p><strong>Jaudas p\u0101rne\u0161ana no traktora j\u016bgv\u0101rpstas uz p\u0101rnesumk\u0101rbu<\/strong><\/p>\n<p>Process s\u0101kas, kad traktora dzin\u0113js darbina j\u016bgv\u0101rpstu (jaudas no\u0146em\u0161anas v\u0101rpstu), kas ir savienota ar p\u0101rnesumk\u0101rbas ieejas v\u0101rpstu. J\u016bgv\u0101rpsta ir paredz\u0113ta grie\u0161anai ar lielu \u0101trumu, parasti no 540 l\u012bdz 1000 apgr.\/min atkar\u012bb\u0101 no traktora dzin\u0113ja jaudas. \u0160\u012b rot\u0101cijas jauda tiek tie\u0161i p\u0101rnesta uz p\u0101rnesumk\u0101rbu, kas kalpo k\u0101 starpnieks starp traktoru un kultivatora asme\u0146iem.<\/p>\n<p><strong>\u0100truma samazin\u0101\u0161ana, izmantojot reduktorus<\/strong><\/p>\n<p>Kad jauda non\u0101k p\u0101rnesumk\u0101rb\u0101, t\u0101 iziet cauri reduktoru komplektam. \u0160ie zobrati samazina j\u016bgv\u0101rpstas augsto grie\u0161an\u0101s \u0101trumu l\u012bdz daudz zem\u0101kam, fr\u0113zes asme\u0146iem piem\u0113rot\u0101kam \u0101trumam. Reduktoru sist\u0113ma nodro\u0161ina, ka asme\u0146i darbojas ar optim\u0101lu \u0101trumu, nodro\u0161inot nepiecie\u0161amo griezes momentu efekt\u012bvai augsnes grie\u0161anai un iek\u013c\u016b\u0161anai augsn\u0113.<\/p>\n<p><strong>Griezes momenta pastiprin\u0101\u0161ana augsnes apstr\u0101des efektivit\u0101tei<\/strong><\/p>\n<p>Samazin\u0101tais \u0101trums no p\u0101rnesumk\u0101rbas ir apvienots ar palielin\u0101tu griezes momentu, kas ir b\u016btiski smagas vai sabl\u012bv\u0113tas augsnes apstr\u0101dei. \u0160is palielin\u0101tais griezes moments \u013cauj kultivatora asme\u0146iem ierakties dzi\u013c\u0101k zem\u0113, efekt\u012bvi uzirdinot un aer\u0113jot augsni. P\u0101rnesumk\u0101rba nodro\u0161ina pareizu \u0101truma un griezes momenta l\u012bdzsvaru maksim\u0101lai augsnes apstr\u0101des efektivit\u0101tei atkar\u012bb\u0101 no augsnes apst\u0101k\u013ciem.<\/p>\n<p><strong>Izejas v\u0101rpsta darbina kultivatora asme\u0146us<\/strong><\/p>\n<p>P\u0101rnesumk\u0101rbas izejas v\u0101rpsta ir savienota ar rot\u0113jo\u0161\u0101s fr\u0113zes l\u0101psti\u0146\u0101m. T\u0101 k\u0101 p\u0101rnesumk\u0101rba samazina j\u016bgv\u0101rpstas ieejas \u0101trumu un palielina griezes momentu, izejas v\u0101rpsta grie\u017eas ar maz\u0101ku, bet jaud\u012bg\u0101ku \u0101trumu. \u0160\u012b rot\u0101cija darbina fr\u0113zes asme\u0146us, liekot tiem griezties un griezt augsni. Fr\u0113zes asme\u0146i parasti ir izvietoti spir\u0101lveida rakst\u0101, \u013caujot tiem vienm\u0113r\u012bgi un vienm\u0113r\u012bgi p\u0101rkl\u0101t augsni.<\/p>\n<p><strong>Nep\u0101rtraukta jaudas pl\u016bsma un vienm\u0113r\u012bga darb\u012bba<\/strong><\/p>\n<p>P\u0101rnesumk\u0101rba nodro\u0161ina nep\u0101rtrauktu jaudas pl\u016bsmu no traktora j\u016bgv\u0101rpstas uz kultivatora l\u0101psti\u0146\u0101m. P\u0101rnesumk\u0101rbas konstrukcija pal\u012bdz uztur\u0113t vienm\u0113r\u012bgu darb\u012bbu pat main\u012bg\u0101s slodz\u0113s, optimiz\u0113jot jaudas sadal\u012bjumu. T\u0101 ar\u012b samazina ener\u0123ijas zudumus, nodro\u0161ina vienm\u0113r\u012bgu p\u0101rsl\u0113g\u0161anos starp p\u0101rnesumiem un samazina kritiski svar\u012bgu komponentu nodilumu, \u013caujot kultivatoram efekt\u012bvi darboties ilgsto\u0161i.<\/p>\n<p>J\u016bgv\u0101rpstas piedzi\u0146as rot\u0113jo\u0161\u0101s fr\u0113zes p\u0101rnesumk\u0101rba darbojas, p\u0101rnesot \u0101trgaitas jaudu no traktora j\u016bgv\u0101rpstas, samazinot un regul\u0113jot \u0101trumu un griezes momentu un p\u0113c tam pieg\u0101d\u0101jot kontrol\u0113tu jaudu fr\u0113zes asme\u0146iem efekt\u012bvai augsnes apstr\u0101dei. P\u0101rnesumk\u0101rbas loma \u0101truma, griezes momenta un jaudas pl\u016bsmas optimiz\u0113\u0161an\u0101 ir kritiski svar\u012bga rot\u0113jo\u0161\u0101s fr\u0113zes veiktsp\u0113jai un iztur\u012bbai.<\/p>\n<p><img loading=\"lazy\" decoding=\"async\" class=\"alignnone size-full wp-image-2137\" src=\"https:\/\/fmp-components.com\/wp-content\/uploads\/2024\/12\/Rotary-Tiller-Gearbox-48.webp\" alt=\"Rot\u0101cijas kultivatora p\u0101rnesumk\u0101rba\" width=\"1110\" height=\"714\" title=\"\" srcset=\"https:\/\/fmp-components.com\/wp-content\/uploads\/2024\/12\/Rotary-Tiller-Gearbox-48.webp 1110w, https:\/\/fmp-components.com\/wp-content\/uploads\/2024\/12\/Rotary-Tiller-Gearbox-48-980x630.webp 980w, https:\/\/fmp-components.com\/wp-content\/uploads\/2024\/12\/Rotary-Tiller-Gearbox-48-480x309.webp 480w\" sizes=\"(min-width: 0px) and (max-width: 480px) 480px, (min-width: 481px) and (max-width: 980px) 980px, (min-width: 981px) 1110px, 100vw\" \/><\/p>\n<h3>Par FMP<\/h3>\n<p>FMP galven\u0101 m\u012btne atrodas It\u0101lij\u0101, un tas ir vado\u0161ais ra\u017eot\u0101js, kas atz\u012bts par savu pieredzi augstas veiktsp\u0113jas p\u0101rnesumk\u0101rbu projekt\u0113\u0161an\u0101, izstr\u0101d\u0113 un ra\u017eo\u0161an\u0101, galvenok\u0101rt lauksaimniec\u012bbas tehnikas sektoram. FMP, kas ir paz\u012bstams ar savu prec\u012bzo in\u017eenieriju, inov\u0101cij\u0101m un nelok\u0101mo uzticam\u012bbu, ir k\u013cuvis par uzticamu partneri, kas apmierina gan lauksaimniec\u012bbas, gan r\u016bpniec\u012bbas tirgu main\u012bg\u0101s pras\u012bbas. M\u016bsu visaptvero\u0161aj\u0101 produktu kl\u0101st\u0101 ietilpst specializ\u0113tas p\u0101rnesumk\u0101rbas z\u0101les p\u013c\u0101v\u0113jiem, j\u016bgv\u0101rpstas un citas svar\u012bgas sast\u0101vda\u013cas, kas visas ir paredz\u0113tas, lai nodro\u0161in\u0101tu efekt\u012bvus, piel\u0101gotus risin\u0101jumus pla\u0161am pielietojumu kl\u0101stam.<\/p>\n<p>Uz\u0146\u0113mum\u0101 FMP m\u0113s saprotam, ka katram klientam ir unik\u0101las vajadz\u012bbas un izaicin\u0101jumi. T\u0101p\u0113c m\u0113s specializ\u0113jamies piel\u0101gotu risin\u0101jumu pied\u0101v\u0101\u0161an\u0101, s\u0101kot no atsevi\u0161\u0137u komponentu l\u012bdz piln\u012bb\u0101 integr\u0113t\u0101m sist\u0113m\u0101m. M\u0113s izmantojam sadarb\u012bbas pieeju, cie\u0161i sadarbojoties ar saviem klientiem, lai nodro\u0161in\u0101tu, ka katrs risin\u0101jums ir ne tikai efekt\u012bvs, bet ar\u012b lietder\u012bgs. M\u016bsu ap\u0146em\u0161an\u0101s sniegt \u0101tras un profesion\u0101las atbildes un ekspertu konsult\u0101cijas garant\u0113, ka katrs piepras\u012bjums tiek apstr\u0101d\u0101ts ar visliel\u0101ko r\u016bp\u012bbu un precizit\u0101ti, nodro\u0161inot vislab\u0101kos rezult\u0101tus m\u016bsu klientiem.<\/p>\n<p>M\u0113s uzsveram atv\u0113rtu un past\u0101v\u012bgu komunik\u0101ciju, \u012bpa\u0161i jaunu produktu izstr\u0101d\u0113. M\u016bsu \u012bpa\u0161i izveidot\u0101 komanda str\u0101d\u0101 tie\u0161i ar klientiem, lai piln\u012bb\u0101 izprastu vi\u0146u pras\u012bbas, pied\u0101v\u0101jot v\u0113rt\u012bgas atzi\u0146as un ieteikumus, kas noved pie optim\u0101liem risin\u0101jumiem. Neatkar\u012bgi no t\u0101, vai m\u0113s izstr\u0101d\u0101jam inovat\u012bvus produktus vai izpild\u0101m eso\u0161os pas\u016bt\u012bjumus, FMP ir ap\u0146\u0113musies vienm\u0113r savlaic\u012bgi pieg\u0101d\u0101t augstas kvalit\u0101tes, prec\u012bzi izstr\u0101d\u0101tus risin\u0101jumus, nodro\u0161inot, ka m\u016bsu klienti sa\u0146em vislab\u0101ko apkalpo\u0161anu un rezult\u0101tus.<\/p>\n<p>FMP darb\u012bbas pamat\u0101 ir m\u016bsu nerimsto\u0161\u0101 koncentr\u0113\u0161an\u0101s uz kvalit\u0101ti. M\u0113s iev\u0113rojam augst\u0101kos ra\u017eo\u0161anas standartus, izmantojot stingrus kvalit\u0101tes kontroles pas\u0101kumus, lai nodro\u0161in\u0101tu, ka katrs produkts ne tikai atbilst, bet ar\u012b p\u0101rsniedz nozares cer\u012bbas. \u0160\u012b ap\u0146em\u0161an\u0101s nodro\u0161in\u0101t kvalit\u0101ti apvienojum\u0101 ar m\u016bsu pamatv\u0113rt\u012bb\u0101m \u2013 integrit\u0101ti, komandas darbu un neatlaid\u012bbu \u2013 ir \u013c\u0101vusi mums veidot ilgsto\u0161as, uztic\u012bbas pilnas attiec\u012bbas ar klientiem gandr\u012bz 30 valst\u012bs vis\u0101 pasaul\u0113.<\/p>\n<p>FMP vienm\u0113r v\u0113las veidot glob\u0101las partnerattiec\u012bbas un joproj\u0101m ir ap\u0146\u0113mies sniegt ekspertu konsult\u0101cijas un piel\u0101gotus risin\u0101jumus, lai apmierin\u0101tu m\u016bsu klientu da\u017e\u0101d\u0101s vajadz\u012bbas. M\u016bsu pieeja sniedzas t\u0101l\u0101k par vienk\u0101r\u0161u produktu pieg\u0101di; m\u0113s cen\u0161amies veidot ilgtermi\u0146a attiec\u012bbas, kas veicina katra projekta pan\u0101kumus. Neatkar\u012bgi no t\u0101, vai jums ir nepiecie\u0161ami inovat\u012bvi risin\u0101jumi jaunam projektam vai past\u0101v\u012bgs atbalsts eso\u0161ai sist\u0113mai, FMP ir \u0161eit, lai risin\u0101tu j\u016bsu tehnisk\u0101s probl\u0113mas un pal\u012bdz\u0113tu nodro\u0161in\u0101t j\u016bsu ilgtsp\u0113j\u012bgus pan\u0101kumus.<\/p>\n<p><img loading=\"lazy\" decoding=\"async\" class=\"alignnone size-full wp-image-1861\" src=\"https:\/\/fmp-components.com\/wp-content\/uploads\/2024\/12\/Other-Agricultural-Gearboxes.webp\" sizes=\"(min-width: 0px) and (max-width: 480px) 480px, (min-width: 481px) and (max-width: 980px) 980px, (min-width: 981px) 1200px, 100vw\" srcset=\"https:\/\/fmp-components.com\/wp-content\/uploads\/2024\/12\/Other-Agricultural-Gearboxes.webp 1200w, https:\/\/fmp-components.com\/wp-content\/uploads\/2024\/12\/Other-Agricultural-Gearboxes-980x1143.webp 980w, https:\/\/fmp-components.com\/wp-content\/uploads\/2024\/12\/Other-Agricultural-Gearboxes-480x560.webp 480w\" alt=\"Altri-cambi-agricoli\" width=\"1200\" height=\"1400\" title=\"\"><\/p>\n<p>Autors: CX<\/p>","protected":false},"excerpt":{"rendered":"<p>Rotary Tiller Gearbox TLZ-292A Specifications i 1.86 N1[rpm] 540 P1[kW] 47.8 M2[Nm] 1525 Shaft X 1&#8221; 3\/8 Z6 Shaft Z 42*48 Input X Features of the Rotary Tiller Gearbox TLZ292A The Rotary Tiller Gearbox TLZ292A is designed to offer high performance, durability, and reliability for use in agricultural machinery, particularly in rotary tillers. Below are [&hellip;]<\/p>","protected":false},"featured_media":2140,"comment_status":"open","ping_status":"closed","template":"","meta":{"_et_pb_use_builder":"","_et_pb_old_content":"","_et_gb_content_width":""},"product_brand":[],"product_cat":[53],"product_tag":[],"class_list":{"0":"post-2133","1":"product","2":"type-product","3":"status-publish","4":"has-post-thumbnail","6":"product_cat-rotary-tiller-gearbox","8":"first","9":"instock","10":"shipping-taxable","11":"product-type-simple"},"_links":{"self":[{"href":"https:\/\/fmp-components.com\/lv\/wp-json\/wp\/v2\/product\/2133","targetHints":{"allow":["GET"]}}],"collection":[{"href":"https:\/\/fmp-components.com\/lv\/wp-json\/wp\/v2\/product"}],"about":[{"href":"https:\/\/fmp-components.com\/lv\/wp-json\/wp\/v2\/types\/product"}],"replies":[{"embeddable":true,"href":"https:\/\/fmp-components.com\/lv\/wp-json\/wp\/v2\/comments?post=2133"}],"wp:featuredmedia":[{"embeddable":true,"href":"https:\/\/fmp-components.com\/lv\/wp-json\/wp\/v2\/media\/2140"}],"wp:attachment":[{"href":"https:\/\/fmp-components.com\/lv\/wp-json\/wp\/v2\/media?parent=2133"}],"wp:term":[{"taxonomy":"product_brand","embeddable":true,"href":"https:\/\/fmp-components.com\/lv\/wp-json\/wp\/v2\/product_brand?post=2133"},{"taxonomy":"product_cat","embeddable":true,"href":"https:\/\/fmp-components.com\/lv\/wp-json\/wp\/v2\/product_cat?post=2133"},{"taxonomy":"product_tag","embeddable":true,"href":"https:\/\/fmp-components.com\/lv\/wp-json\/wp\/v2\/product_tag?post=2133"}],"curies":[{"name":"wp","href":"https:\/\/api.w.org\/{rel}","templated":true}]}}