{"id":2117,"date":"2024-12-30T05:53:09","date_gmt":"2024-12-30T05:53:09","guid":{"rendered":"https:\/\/fmp-components.com\/?page_id=8"},"modified":"2024-12-30T06:19:10","modified_gmt":"2024-12-30T06:19:10","slug":"rotary-tiller-gearboxes-replacement-of-comer-code-tlz21j","status":"publish","type":"product","link":"https:\/\/fmp-components.com\/lv\/product\/rotary-tiller-gearboxes-replacement-of-comer-code-tlz21j\/","title":{"rendered":"Rot\u0113jo\u0161\u0101s fr\u0113zes p\u0101rnesumk\u0101rbas \u2014 Comer koda TLZ21J nomai\u0146a"},"content":{"rendered":"<p><img loading=\"lazy\" decoding=\"async\" class=\"size-full wp-image-2132 aligncenter\" src=\"https:\/\/fmp-components.com\/wp-content\/uploads\/2024\/12\/rotary-tiller-gearbox-TLZ-21J1.webp\" alt=\"rot\u0113jo\u0161\u0101s-fr\u0113zes-reduktora-TLZ-21J\" width=\"674\" height=\"314\" title=\"\" srcset=\"https:\/\/fmp-components.com\/wp-content\/uploads\/2024\/12\/rotary-tiller-gearbox-TLZ-21J1.webp 674w, https:\/\/fmp-components.com\/wp-content\/uploads\/2024\/12\/rotary-tiller-gearbox-TLZ-21J1-480x224.webp 480w\" sizes=\"(min-width: 0px) and (max-width: 480px) 480px, (min-width: 481px) 674px, 100vw\" \/><\/p>\n<h2>Rot\u0113jo\u0161\u0101s kultivatora p\u0101rnesumk\u0101rbas TLZ-21J specifik\u0101cijas<\/h2>\n<p><img loading=\"lazy\" decoding=\"async\" class=\"alignnone size-full wp-image-2127\" src=\"https:\/\/fmp-components.com\/wp-content\/uploads\/2024\/12\/rotary-tiller-gearbox-TLZ-21J-detail.webp\" alt=\"rot\u0113jo\u0161\u0101s-fr\u0113zes-reduktora-TLZ-21J-deta\u013ca\" width=\"936\" height=\"565\" title=\"\" srcset=\"https:\/\/fmp-components.com\/wp-content\/uploads\/2024\/12\/rotary-tiller-gearbox-TLZ-21J-detail.webp 936w, https:\/\/fmp-components.com\/wp-content\/uploads\/2024\/12\/rotary-tiller-gearbox-TLZ-21J-detail-480x290.webp 480w\" sizes=\"(min-width: 0px) and (max-width: 480px) 480px, (min-width: 481px) 936px, 100vw\" \/><\/p>\n<table style=\"width: 101.556%; height: 310px;\" border=\"1\" cellspacing=\"0\" cellpadding=\"0\">\n<tbody>\n<tr>\n<td style=\"width: 58.0851%;\"><strong>es<\/strong><\/td>\n<td style=\"width: 41.7021%;\">1.46<\/td>\n<\/tr>\n<tr>\n<td style=\"width: 58.0851%;\"><strong>N<sub>1<\/sub>[apgr.\/min]<\/strong><\/td>\n<td style=\"width: 41.7021%;\">540<\/td>\n<\/tr>\n<tr>\n<td style=\"width: 58.0851%;\"><strong>P<sub>1<\/sub>[kW]<\/strong><\/td>\n<td style=\"width: 41.7021%;\">29.4<\/td>\n<\/tr>\n<tr>\n<td style=\"width: 58.0851%;\"><strong>M<sub>2<\/sub>[Nm]<\/strong><\/td>\n<td style=\"width: 41.7021%;\">736<\/td>\n<\/tr>\n<tr>\n<td style=\"width: 58.0851%;\"><strong>V\u0101rpsta X\u00a0 \u00a0 \u00a0 \u00a0 \u00a0 \u00a0 \u00a0 \u00a0 \u00a0 \u00a0 \u00a0 \u00a0 \u00a0 \u00a0 \u00a0 \u00a0 \u00a0 \u00a0 \u00a0 \u00a0 \u00a0 \u00a0 \u00a0 \u00a0 \u00a0 \u00a0 \u00a0 \u00a0 \u00a0 \u00a0 \u00a0 \u00a0 \u00a0 \u00a0 \u00a0 \u00a0 \u00a0 \u00a0 \u00a0 \u00a0 <img loading=\"lazy\" decoding=\"async\" class=\"alignnone size-full wp-image-2126\" src=\"https:\/\/fmp-components.com\/wp-content\/uploads\/2024\/12\/shaft-x-1.webp\" alt=\"v\u0101rpsta-x \" width=\"81\" height=\"78\" title=\"\" srcset=\"https:\/\/fmp-components.com\/wp-content\/uploads\/2024\/12\/shaft-x-1.webp 81w, https:\/\/fmp-components.com\/wp-content\/uploads\/2024\/12\/shaft-x-1-12x12.webp 12w\" sizes=\"(max-width: 81px) 100vw, 81px\" \/><\/strong><\/td>\n<td style=\"width: 41.7021%;\">1\u201d 3\/8 Z6<\/td>\n<\/tr>\n<tr>\n<td style=\"width: 58.0851%;\"><strong>V\u0101rpsta Z\u00a0 \u00a0 \u00a0 \u00a0 \u00a0 \u00a0 \u00a0 \u00a0 \u00a0 \u00a0 \u00a0 \u00a0 \u00a0 \u00a0 \u00a0 \u00a0 \u00a0 \u00a0 \u00a0 \u00a0 \u00a0 \u00a0 \u00a0 \u00a0 \u00a0 \u00a0 \u00a0 \u00a0 \u00a0 \u00a0 \u00a0 \u00a0 \u00a0 \u00a0 \u00a0 \u00a0 \u00a0 \u00a0 \u00a0 \u00a0 \u00a0 \u00a0<img loading=\"lazy\" decoding=\"async\" class=\"alignnone size-full wp-image-2125\" src=\"https:\/\/fmp-components.com\/wp-content\/uploads\/2024\/12\/shaft-1.webp\" alt=\"v\u0101rpsta\" width=\"64\" height=\"57\" title=\"\" srcset=\"https:\/\/fmp-components.com\/wp-content\/uploads\/2024\/12\/shaft-1.webp 64w, https:\/\/fmp-components.com\/wp-content\/uploads\/2024\/12\/shaft-1-13x12.webp 13w\" sizes=\"(max-width: 64px) 100vw, 64px\" \/><\/strong><\/td>\n<td style=\"width: 41.7021%;\">36*40<\/td>\n<\/tr>\n<tr>\n<td style=\"width: 58.0851%;\"><strong>Ievade<\/strong><\/td>\n<td style=\"width: 41.7021%;\">X<\/td>\n<\/tr>\n<\/tbody>\n<\/table>\n<h2>K\u0101 darbojas traktora j\u016bgv\u0101rpstas piedzi\u0146as rot\u0113jo\u0161\u0101 kultivatora p\u0101rnesumk\u0101rba?<\/h2>\n<p>Ar j\u016bgv\u0101rpstu darbin\u0101m\u0101 rot\u0113jo\u0161\u0101s augsnes fr\u0113zes p\u0101rnesumk\u0101rba darbojas, p\u0101rnesot meh\u0101nisko jaudu no traktora jaudas no\u0146em\u0161anas v\u0101rpstas (JVV) uz rot\u0113jo\u0161\u0101s augsnes fr\u0113zes asme\u0146iem, nodro\u0161inot efekt\u012bvu augsnes apstr\u0101di. Kad traktors ir kust\u012bb\u0101, JVV grie\u017eas, p\u0101rnesot rot\u0101cijas ener\u0123iju uz p\u0101rnesumk\u0101rbu, kas p\u0113c tam sadala \u0161o jaudu augsnes fr\u0113zes asme\u0146iem. \u0160ie asme\u0146i, kas bie\u017ei vien ir konstru\u0113ti rot\u0113jo\u0161u disku vai zaru komplekt\u0101, ierokas augsn\u0113, sadalot to maz\u0101k\u0101s da\u013ci\u0146\u0101s, lai nodro\u0161in\u0101tu lab\u0101ku aer\u0101ciju un s\u0113klas gultnes sagatavo\u0161anu.<\/p>\n<p>P\u0101rnesumk\u0101rbai ir iz\u0161\u0137iro\u0161a noz\u012bme, lai nodro\u0161in\u0101tu, ka j\u016bgv\u0101rpstas nodro\u0161in\u0101tais rot\u0101cijas \u0101trums un griezes moments tiek atbilsto\u0161i p\u0101rveidoti un sadal\u012bti kultivatora asme\u0146iem. P\u0101rnesumk\u0101rba parasti ietver virkni zobratu un v\u0101rpstu, kas paredz\u0113tas \u0101truma un sp\u0113ka regul\u0113\u0161anai, nodro\u0161inot optim\u0101lus apst\u0101k\u013cus da\u017e\u0101diem augsnes tipiem un kultiv\u0113\u0161anas dzi\u013cumiem. Tas \u013cauj fr\u0113zei efekt\u012bvi darboties da\u017e\u0101dos lauksaimniec\u012bbas apst\u0101k\u013cos.<\/p>\n<p>P\u0101rnesumk\u0101rba ar\u012b pal\u012bdz uztur\u0113t vienm\u0113r\u012bgu grie\u0161an\u0101s \u0101trumu, nodro\u0161inot vienm\u0113r\u012bgu darb\u012bbu un nov\u0113r\u0161ot fr\u0113zes asme\u0146u p\u0101rslodzi. J\u016bgv\u0101rpstas nodro\u0161in\u0101tais griezes moments tiek p\u0101rvad\u012bts caur p\u0101rnesumk\u0101rbu, kas samazina gan j\u016bgv\u0101rpstas, gan pa\u0161a fr\u0113zes boj\u0101jumu risku. Rezult\u0101t\u0101 p\u0101rnesumk\u0101rba pal\u012bdz pagarin\u0101t gan traktora, gan fr\u0113zes kalpo\u0161anas laiku.<\/p>\n<p>Papildus jaudas p\u0101rvadei p\u0101rnesumk\u0101rba ir izstr\u0101d\u0101ta, lai tiktu gal\u0101 ar sare\u017e\u0123\u012btiem apst\u0101k\u013ciem, ar kuriem rot\u0101cijas fr\u0113zes saskaras lieto\u0161anas laik\u0101, piem\u0113ram, iztur\u012bbu pret cietu augsni vai akme\u0146iem. Augstas kvalit\u0101tes materi\u0101li, iztur\u012bga konstrukcija un atbilsto\u0161a e\u013c\u013co\u0161ana nodro\u0161ina, ka p\u0101rnesumk\u0101rba var iztur\u0113t ekspluat\u0101cijas slodzi bez boj\u0101jumiem. Regul\u0101ra apkope, piem\u0113ram, e\u013c\u013cas mai\u0146a un p\u0101rbaudes, ir b\u016btiska, lai p\u0101rnesumk\u0101rba b\u016btu optim\u0101l\u0101 darba st\u0101vokl\u012b.<\/p>\n<p>Kopum\u0101 traktora j\u016bgv\u0101rpstas piedzi\u0146as rot\u0113jo\u0161\u0101s fr\u0113zes p\u0101rnesumk\u0101rba ir b\u016btiska, lai p\u0101rveidotu traktora dzin\u0113ja jaudu nepiecie\u0161amaj\u0101 sp\u0113k\u0101 fr\u0113zes asme\u0146u piedzi\u0146ai. Regul\u0113jot \u0101trumu, griezes momentu un efektivit\u0101ti, t\u0101 nodro\u0161ina, ka rot\u0113jo\u0161\u0101 fr\u0113ze darbojas efekt\u012bvi un ar minim\u0101lu nodilumu, maksim\u0101li palielinot produktivit\u0101ti uz lauka.<\/p>\n<p><img loading=\"lazy\" decoding=\"async\" class=\"alignnone size-full wp-image-2128\" src=\"https:\/\/fmp-components.com\/wp-content\/uploads\/2024\/12\/Rotary-Tiller-Gearbox-47.webp\" alt=\"Rot\u0101cijas kultivatora p\u0101rnesumk\u0101rba\" width=\"1024\" height=\"600\" title=\"\" srcset=\"https:\/\/fmp-components.com\/wp-content\/uploads\/2024\/12\/Rotary-Tiller-Gearbox-47.webp 1024w, https:\/\/fmp-components.com\/wp-content\/uploads\/2024\/12\/Rotary-Tiller-Gearbox-47-980x574.webp 980w, https:\/\/fmp-components.com\/wp-content\/uploads\/2024\/12\/Rotary-Tiller-Gearbox-47-480x281.webp 480w\" sizes=\"(min-width: 0px) and (max-width: 480px) 480px, (min-width: 481px) and (max-width: 980px) 980px, (min-width: 981px) 1024px, 100vw\" \/><\/p>\n<h2>Traktora j\u016bgv\u0101rpstas piedzi\u0146as rot\u0113jo\u0161\u0101s d\u012bseles p\u0101rnesumk\u0101rbas pielietojums<\/h2>\n<p>Ar j\u016bgv\u0101rpstu darbin\u0101m\u0101 traktora rot\u0113jo\u0161\u0101s augsnes fr\u0113zes p\u0101rnesumk\u0101rba ir b\u016btiska m\u016bsdienu lauksaimniec\u012bbas sast\u0101vda\u013ca, kas nodro\u0161ina efekt\u012bvu augsnes sagatavo\u0161anu un kultiv\u0113\u0161anu. T\u0101s galvenais pielietojums ir rot\u0113jo\u0161\u0101s augsnes fr\u0113zes, ko izmanto augsnes apstr\u0101dei un irdin\u0101\u0161anai, padarot to ide\u0101li piem\u0113rotu da\u017e\u0101diem lauksaimniec\u012bbas darbiem, s\u0101kot no s\u0113klas gultnes sagatavo\u0161anas l\u012bdz organisko vielu iestr\u0101d\u0101\u0161anai augsn\u0113. T\u0101l\u0101k ir nor\u0101d\u012btas galven\u0101s jomas, kur\u0101s tiek izmantota ar j\u016bgv\u0101rpstu darbin\u0101m\u0101 rot\u0113jo\u0161\u0101s augsnes fr\u0113zes p\u0101rnesumk\u0101rba:<\/p>\n<ol>\n<li><strong>Augsnes apstr\u0101de un s\u0113klas gultnes sagatavo\u0161ana<\/strong><br \/>\nViens no galvenajiem traktora j\u016bgv\u0101rpstas piedzi\u0146as rot\u0113jo\u0161\u0101s augsnes fr\u0113zes p\u0101rnesumk\u0101rbas pielietojumiem ir augsnes apstr\u0101de. P\u0101rnesot jaudu no traktora j\u016bgv\u0101rpstas uz rot\u0113jo\u0161\u0101s augsnes fr\u0113zes asme\u0146iem, p\u0101rnesumk\u0101rba \u013cauj asme\u0146iem iegriezt un uzirdin\u0101t sabl\u012bv\u0113tu augsni. \u0160is process pal\u012bdz sagatavot augsni st\u0101d\u012b\u0161anai, nodro\u0161inot pien\u0101c\u012bgu aer\u0101ciju un sadalot zemes kunku\u013cus, t\u0101d\u0113j\u0101di atvieglojot s\u0113klu d\u012bg\u0161anu un sak\u0146o\u0161anos.<\/li>\n<li><strong>Nez\u0101\u013cu apkaro\u0161ana<\/strong><br \/>\nNez\u0101\u013cu apkaro\u0161anai pla\u0161i izmanto ar\u012b fr\u0113zes, kas apr\u012bkotas ar j\u016bgv\u0101rpstas piedzi\u0146u. Apgrie\u017eot augsni un trauc\u0113jot nez\u0101\u013cu sak\u0146u sist\u0113mu, \u0161\u012bs fr\u0113zes pal\u012bdz izn\u012bcin\u0101t nev\u0113lamu ve\u0123et\u0101ciju un nov\u0113rst t\u0101s ataug\u0161anu. Reduktors nodro\u0161ina, ka fr\u0113zes asme\u0146i darbojas ar pareizo \u0101trumu un griezes momentu, lai efekt\u012bvi izrautu nez\u0101les, neboj\u0101jot apk\u0101rt\u0113jo augsnes strukt\u016bru.<\/li>\n<li><strong>Organisko vielu un m\u0113slo\u0161anas l\u012bdzek\u013cu iek\u013cau\u0161ana<\/strong><br \/>\nV\u0113l viens noz\u012bm\u012bgs j\u016bgv\u0101rpstas piedzi\u0146as rot\u0113jo\u0161\u0101s fr\u0113zes p\u0101rnesumk\u0101rbas pielietojums ir organisko vielu (piem\u0113ram, kult\u016braugu atlieku, komposta vai k\u016btsm\u0113slu) iestr\u0101de augsn\u0113. Rot\u0113jo\u0161\u0101s fr\u0113zes asme\u0146i sajauc organisk\u0101s vielas ar augsnes virsk\u0101rtu, uzlabojot augsnes augl\u012bbu un t\u0101s strukt\u016bru. \u0160is process ar\u012b pal\u012bdz pa\u0101trin\u0101t sadal\u012b\u0161anos, bag\u0101tinot augsni ar nepiecie\u0161amaj\u0101m bar\u012bbas viel\u0101m n\u0101kamaj\u0101m kult\u016br\u0101m.<\/li>\n<li><strong>Cietas augsnes uzirdin\u0101\u0161ana<\/strong><br \/>\nViet\u0101s ar sabl\u012bv\u0113tu augsni ar j\u016bgv\u0101rpstas piedzi\u0146u darbin\u0101ma rot\u0113jo\u0161\u0101s augsnes fr\u0113zes p\u0101rnesumk\u0101rba var b\u016bt nenov\u0113rt\u0113jama cieto augsnes sl\u0101\u0146u irdin\u0101\u0161anai. Ciet\u0101 augsnes virsma ir bl\u012bvs, necaurlaid\u012bgs sl\u0101nis zem augsnes virsmas, kas ierobe\u017eo sak\u0146u aug\u0161anu un \u016bdens ies\u016bk\u0161anos. P\u0101rnesumk\u0101rba nodro\u0161ina, ka augsnes fr\u0113zes asme\u0146iem ir nepiecie\u0161am\u0101 jauda, \u200b\u200blai izlauztos cauri \u0161iem cietajiem sl\u0101\u0146iem, veicinot lab\u0101ku sak\u0146u iek\u013c\u016b\u0161anu un uzlabojot augsnes kop\u0113jo \u016bdens saglab\u0101\u0161anu.<\/li>\n<li><strong>Zemes att\u012br\u012b\u0161ana un vietas sagatavo\u0161ana<\/strong><br \/>\nPapildus tradicion\u0101lajai augsnes apstr\u0101dei, ar j\u016bgv\u0101rpstu darbin\u0101m\u0101 rot\u0113jo\u0161\u0101 fr\u0113zes p\u0101rnesumk\u0101rba tiek izmantota ar\u012b zemes att\u012br\u012b\u0161an\u0101 un vietas sagatavo\u0161an\u0101 lauksaimniec\u012bbas vai b\u016bvniec\u012bbas vajadz\u012bb\u0101m. Fr\u0113ze var att\u012br\u012bt ve\u0123et\u0101ciju, irdin\u0101t akme\u0146ainu vai nel\u012bdzenu reljefu un sagatavot lielas plat\u012bbas st\u0101d\u012b\u0161anai vai b\u016bvniec\u012bbai. P\u0101rnesumk\u0101rba nodro\u0161ina nepiecie\u0161amo jaudu fr\u0113zes asme\u0146u darbin\u0101\u0161anai liel\u0101 \u0101trum\u0101, \u013caujot efekt\u012bvi att\u012br\u012bt zemi pat sare\u017e\u0123\u012btos apst\u0101k\u013cos.<\/li>\n<\/ol>\n<p>Traktora j\u016bgv\u0101rpstas piedzi\u0146as rot\u0113jo\u0161\u0101s kultivatora p\u0101rnesumk\u0101rba ir b\u016btisks instruments pla\u0161am lauksaimniec\u012bbas darbu kl\u0101stam. T\u0101 pal\u012bdz uzlabot augsnes kvalit\u0101ti, palielin\u0101t ra\u017eu un palielin\u0101t darb\u012bbas efektivit\u0101ti, nodro\u0161inot optim\u0101lu jaudas p\u0101rvadi da\u017e\u0101diem uzdevumiem, piem\u0113ram, augsnes apstr\u0101dei, nez\u0101\u013cu apkaro\u0161anai un zemes sagatavo\u0161anai.<\/p>\n<p><img loading=\"lazy\" decoding=\"async\" class=\"alignnone size-full wp-image-2129\" src=\"https:\/\/fmp-components.com\/wp-content\/uploads\/2024\/12\/Rotary-Tiller-Gearbox-Applications.webp\" alt=\"Rot\u0101cijas kultivatora p\u0101rnesumk\u0101rbas pielietojumi\" width=\"1000\" height=\"720\" title=\"\" srcset=\"https:\/\/fmp-components.com\/wp-content\/uploads\/2024\/12\/Rotary-Tiller-Gearbox-Applications.webp 1000w, https:\/\/fmp-components.com\/wp-content\/uploads\/2024\/12\/Rotary-Tiller-Gearbox-Applications-980x706.webp 980w, https:\/\/fmp-components.com\/wp-content\/uploads\/2024\/12\/Rotary-Tiller-Gearbox-Applications-480x346.webp 480w\" sizes=\"(min-width: 0px) and (max-width: 480px) 480px, (min-width: 481px) and (max-width: 980px) 980px, (min-width: 981px) 1000px, 100vw\" \/><\/p>\n<h3>Par FMP<\/h3>\n<p>FMP galven\u0101 m\u012btne atrodas It\u0101lij\u0101, un tas ir vado\u0161ais ra\u017eot\u0101js, kas paz\u012bstams ar savu pieredzi augstas veiktsp\u0113jas p\u0101rnesumk\u0101rbu projekt\u0113\u0161an\u0101, izstr\u0101d\u0113 un ra\u017eo\u0161an\u0101, galvenok\u0101rt koncentr\u0113joties uz lauksaimniec\u012bbas tehnikas sektoru. FMP, kas paz\u012bstams ar savu ap\u0146em\u0161anos attiec\u012bb\u0101 uz prec\u012bzu in\u017eenieriju, inov\u0101cij\u0101m un nep\u0101rsp\u0113jamu uzticam\u012bbu, ir ieguvis stabilu reput\u0101ciju, pieg\u0101d\u0101jot augst\u0101k\u0101s kvalit\u0101tes produktus, kas atbilst gan lauksaimniec\u012bbas, gan r\u016bpniec\u012bbas tirgu dinamiskaj\u0101m vajadz\u012bb\u0101m. M\u016bsu pla\u0161aj\u0101 produktu kl\u0101st\u0101 ietilpst specializ\u0113tas p\u0101rnesumk\u0101rbas z\u0101les p\u013c\u0101v\u0113jiem, j\u016bgv\u0101rpstas un citas svar\u012bgas sast\u0101vda\u013cas, kas visas ir piel\u0101gotas, lai nodro\u0161in\u0101tu individu\u0101lus risin\u0101jumus pla\u0161am pielietojumu kl\u0101stam.<\/p>\n<p>Uz\u0146\u0113mum\u0101 FMP m\u0113s apzin\u0101mies, ka katrs klients saskaras ar at\u0161\u0137ir\u012bgiem izaicin\u0101jumiem un pras\u012bb\u0101m. T\u0101p\u0113c m\u0113s specializ\u0113jamies piel\u0101gotu risin\u0101jumu nodro\u0161in\u0101\u0161an\u0101, neatkar\u012bgi no t\u0101, vai tie ir atsevi\u0161\u0137i komponenti vai piln\u012bgas, integr\u0113tas sist\u0113mas. M\u0113s cie\u0161i sadarbojamies ar saviem klientiem, nodro\u0161inot, ka katrs risin\u0101jums ir ne tikai efekt\u012bvs, bet ar\u012b lietder\u012bgs, optimiz\u0113jot veiktsp\u0113ju un v\u0113rt\u012bbu. M\u016bsu ap\u0146em\u0161an\u0101s sniegt \u0101tras un profesion\u0101las atbildes apvienojum\u0101 ar ekspertu nor\u0101d\u012bjumiem nodro\u0161ina, ka katrs piepras\u012bjums tiek apstr\u0101d\u0101ts prec\u012bzi un r\u016bp\u012bgi.<\/p>\n<p>M\u0113s pie\u0161\u0137iram priorit\u0101ti skaidrai un nep\u0101rtrauktai komunik\u0101cijai, \u012bpa\u0161i izstr\u0101d\u0101jot jaunus produktus. M\u016bsu \u012bpa\u0161i izveidot\u0101 komanda str\u0101d\u0101 tie\u0161i ar klientiem, lai ieg\u016btu dzi\u013cu izpratni par vi\u0146u \u012bpa\u0161aj\u0101m vajadz\u012bb\u0101m, pied\u0101v\u0101jot praktiskus ieskatus, kas noved pie optim\u0101l\u0101kajiem risin\u0101jumiem. Neatkar\u012bgi no t\u0101, vai m\u0113s projekt\u0113jam modernus produktus vai izpild\u0101m past\u0101v\u012bgus pas\u016bt\u012bjumus, m\u0113s stingri turamies pie savas ap\u0146em\u0161an\u0101s pieg\u0101d\u0101t augstas kvalit\u0101tes, prec\u012bzi konstru\u0113tus risin\u0101jumus \u0101tri un uzticami.<\/p>\n<p>FMP darb\u012bbas pamat\u0101 ir nelok\u0101ma koncentr\u0113\u0161an\u0101s uz kvalit\u0101ti. M\u0113s iev\u0113rojam augst\u0101kos ra\u017eo\u0161anas standartus, iek\u013caujot stingras kvalit\u0101tes kontroles proced\u016bras, lai nodro\u0161in\u0101tu, ka katrs produkts ne tikai atbilst, bet ar\u012b p\u0101rsniedz nozares cer\u012bbas. M\u016bsu ap\u0146em\u0161an\u0101s nodro\u0161in\u0101t kvalit\u0101ti apvienojum\u0101 ar m\u016bsu pamatv\u0113rt\u012bb\u0101m \u2013 integrit\u0101ti, sadarb\u012bbu un neatlaid\u012bbu \u2013 ir pal\u012bdz\u0113jusi mums izveidot sp\u0113c\u012bgas, ilgtermi\u0146a attiec\u012bbas ar klientiem vair\u0101k nek\u0101 30 valst\u012bs vis\u0101 pasaul\u0113.<\/p>\n<p>FMP vienm\u0113r ir atv\u0113rts glob\u0101lu partner\u012bbu veido\u0161anai un joproj\u0101m ir ap\u0146\u0113mies pied\u0101v\u0101t ekspertu padomus un piel\u0101gotus risin\u0101jumus, lai apmierin\u0101tu m\u016bsu klientu da\u017e\u0101d\u0101s vajadz\u012bbas. M\u0113s sniedzamies t\u0101l\u0101k par tikai produktu pieg\u0101di \u2014 m\u0113s cen\u0161amies veidot ilgsto\u0161as, j\u0113gpilnas attiec\u012bbas, kas veicina katra projekta pan\u0101kumus. Neatkar\u012bgi no t\u0101, vai mekl\u0113jat inovat\u012bvus risin\u0101jumus jaunai iniciat\u012bvai vai past\u0101v\u012bgu atbalstu eso\u0161ai sist\u0113mai, FMP ir \u0161eit, lai risin\u0101tu j\u016bsu tehnisk\u0101s probl\u0113mas un nodro\u0161in\u0101tu j\u016bsu turpm\u0101kos pan\u0101kumus.<\/p>\n<p><img loading=\"lazy\" decoding=\"async\" class=\"alignnone size-full wp-image-1861\" src=\"https:\/\/fmp-components.com\/wp-content\/uploads\/2024\/12\/Other-Agricultural-Gearboxes.webp\" sizes=\"(min-width: 0px) and (max-width: 480px) 480px, (min-width: 481px) and (max-width: 980px) 980px, (min-width: 981px) 1200px, 100vw\" srcset=\"https:\/\/fmp-components.com\/wp-content\/uploads\/2024\/12\/Other-Agricultural-Gearboxes.webp 1200w, https:\/\/fmp-components.com\/wp-content\/uploads\/2024\/12\/Other-Agricultural-Gearboxes-980x1143.webp 980w, https:\/\/fmp-components.com\/wp-content\/uploads\/2024\/12\/Other-Agricultural-Gearboxes-480x560.webp 480w\" alt=\"Altri-cambi-agricoli\" width=\"1200\" height=\"1400\" title=\"\"><\/p>\n<p>Autors: CX<\/p>","protected":false},"excerpt":{"rendered":"<p>Rotary Tiller Gearbox TLZ-21J Specifications i 1.46 N1[rpm] 540 P1[kW] 29.4 M2[Nm] 736 Shaft X\u00a0 \u00a0 \u00a0 \u00a0 \u00a0 \u00a0 \u00a0 \u00a0 \u00a0 \u00a0 \u00a0 \u00a0 \u00a0 \u00a0 \u00a0 \u00a0 \u00a0 \u00a0 \u00a0 \u00a0 \u00a0 \u00a0 \u00a0 \u00a0 \u00a0 \u00a0 \u00a0 \u00a0 \u00a0 \u00a0 \u00a0 \u00a0 \u00a0 \u00a0 \u00a0 \u00a0 \u00a0 \u00a0 \u00a0 \u00a0 1&#8221; [&hellip;]<\/p>","protected":false},"featured_media":2131,"comment_status":"open","ping_status":"closed","template":"","meta":{"_et_pb_use_builder":"","_et_pb_old_content":"","_et_gb_content_width":""},"product_brand":[],"product_cat":[53],"product_tag":[],"class_list":{"0":"post-2117","1":"product","2":"type-product","3":"status-publish","4":"has-post-thumbnail","6":"product_cat-rotary-tiller-gearbox","8":"first","9":"instock","10":"shipping-taxable","11":"product-type-simple"},"_links":{"self":[{"href":"https:\/\/fmp-components.com\/lv\/wp-json\/wp\/v2\/product\/2117","targetHints":{"allow":["GET"]}}],"collection":[{"href":"https:\/\/fmp-components.com\/lv\/wp-json\/wp\/v2\/product"}],"about":[{"href":"https:\/\/fmp-components.com\/lv\/wp-json\/wp\/v2\/types\/product"}],"replies":[{"embeddable":true,"href":"https:\/\/fmp-components.com\/lv\/wp-json\/wp\/v2\/comments?post=2117"}],"wp:featuredmedia":[{"embeddable":true,"href":"https:\/\/fmp-components.com\/lv\/wp-json\/wp\/v2\/media\/2131"}],"wp:attachment":[{"href":"https:\/\/fmp-components.com\/lv\/wp-json\/wp\/v2\/media?parent=2117"}],"wp:term":[{"taxonomy":"product_brand","embeddable":true,"href":"https:\/\/fmp-components.com\/lv\/wp-json\/wp\/v2\/product_brand?post=2117"},{"taxonomy":"product_cat","embeddable":true,"href":"https:\/\/fmp-components.com\/lv\/wp-json\/wp\/v2\/product_cat?post=2117"},{"taxonomy":"product_tag","embeddable":true,"href":"https:\/\/fmp-components.com\/lv\/wp-json\/wp\/v2\/product_tag?post=2117"}],"curies":[{"name":"wp","href":"https:\/\/api.w.org\/{rel}","templated":true}]}}