{"id":2054,"date":"2024-12-30T01:51:43","date_gmt":"2024-12-30T01:51:43","guid":{"rendered":"https:\/\/fmp-components.com\/?page_id=8"},"modified":"2024-12-30T02:12:06","modified_gmt":"2024-12-30T02:12:06","slug":"pull-behind-mower-gearbox-trailing-mower-gearbox-fmp-gc325-for-lawn-mower","status":"publish","type":"product","link":"https:\/\/fmp-components.com\/lv\/product\/pull-behind-mower-gearbox-trailing-mower-gearbox-fmp-gc325-for-lawn-mower\/","title":{"rendered":"Velkam\u0101 z\u0101les p\u013c\u0101v\u0113ja p\u0101rnesumk\u0101rba (piekabin\u0101m\u0101 z\u0101les p\u013c\u0101v\u0113ja p\u0101rnesumk\u0101rba) FMP-GC325 z\u0101les p\u013c\u0101v\u0113jam"},"content":{"rendered":"<p><img loading=\"lazy\" decoding=\"async\" class=\"size-full wp-image-2060 aligncenter\" src=\"https:\/\/fmp-components.com\/wp-content\/uploads\/2024\/12\/Lawn-Mower-Gearbox-12.webp\" alt=\"Z\u0101les p\u013c\u0101v\u0113ja p\u0101rnesumk\u0101rba\" width=\"500\" height=\"500\" title=\"\" srcset=\"https:\/\/fmp-components.com\/wp-content\/uploads\/2024\/12\/Lawn-Mower-Gearbox-12.webp 500w, https:\/\/fmp-components.com\/wp-content\/uploads\/2024\/12\/Lawn-Mower-Gearbox-12-480x480.webp 480w\" sizes=\"(min-width: 0px) and (max-width: 480px) 480px, (min-width: 481px) 500px, 100vw\" \/><\/p>\n<h2>Vilk\u0161anas z\u0101les p\u013c\u0101v\u0113ja reduktora FMP-GC325 izm\u0113ri\u00a0<img loading=\"lazy\" decoding=\"async\" class=\"alignnone size-full wp-image-2058\" src=\"https:\/\/fmp-components.com\/wp-content\/uploads\/2024\/12\/Trailing-Mower-Gearbox-FMP-GC325-Dimensions.webp\" alt=\"Piekabin\u0101m\u0101s z\u0101les p\u013c\u0101v\u0113ja p\u0101rnesumk\u0101rbas FMP GC325 izm\u0113ri\" width=\"1291\" height=\"812\" title=\"\" srcset=\"https:\/\/fmp-components.com\/wp-content\/uploads\/2024\/12\/Trailing-Mower-Gearbox-FMP-GC325-Dimensions.webp 1291w, https:\/\/fmp-components.com\/wp-content\/uploads\/2024\/12\/Trailing-Mower-Gearbox-FMP-GC325-Dimensions-1280x805.webp 1280w, https:\/\/fmp-components.com\/wp-content\/uploads\/2024\/12\/Trailing-Mower-Gearbox-FMP-GC325-Dimensions-980x616.webp 980w, https:\/\/fmp-components.com\/wp-content\/uploads\/2024\/12\/Trailing-Mower-Gearbox-FMP-GC325-Dimensions-480x302.webp 480w\" sizes=\"(min-width: 0px) and (max-width: 480px) 480px, (min-width: 481px) and (max-width: 980px) 980px, (min-width: 981px) and (max-width: 1280px) 1280px, (min-width: 1281px) 1291px, 100vw\" \/><\/h2>\n<h2>Vilk\u0161anas z\u0101les p\u013c\u0101v\u0113ja reduktora FMP-GC325 v\u0101rpstas izm\u0113ri<\/h2>\n<p><img loading=\"lazy\" decoding=\"async\" class=\"alignnone size-full wp-image-2057\" src=\"https:\/\/fmp-components.com\/wp-content\/uploads\/2024\/12\/Trailing-Mower-Gearbox-FMP-GC325-Shaft-Dimensions.webp\" alt=\"Vilk\u0161anas-p\u013caujma\u0161\u012bnas-reduktora-FMP-GC325-v\u0101rpstas-izm\u0113ri\" width=\"1074\" height=\"348\" title=\"\" srcset=\"https:\/\/fmp-components.com\/wp-content\/uploads\/2024\/12\/Trailing-Mower-Gearbox-FMP-GC325-Shaft-Dimensions.webp 1074w, https:\/\/fmp-components.com\/wp-content\/uploads\/2024\/12\/Trailing-Mower-Gearbox-FMP-GC325-Shaft-Dimensions-980x318.webp 980w, https:\/\/fmp-components.com\/wp-content\/uploads\/2024\/12\/Trailing-Mower-Gearbox-FMP-GC325-Shaft-Dimensions-480x156.webp 480w\" sizes=\"(min-width: 0px) and (max-width: 480px) 480px, (min-width: 481px) and (max-width: 980px) 980px, (min-width: 981px) 1074px, 100vw\" \/><\/p>\n<h2>Vilk\u0161anas z\u0101les p\u013c\u0101v\u0113ja p\u0101rnesumk\u0101rbas FMP-GC325 tehniskie dati<\/h2>\n<table style=\"width: 97.8567%; height: 138px;\" border=\"1\" cellspacing=\"0\" cellpadding=\"0\">\n<tbody>\n<tr>\n<td colspan=\"3\" rowspan=\"2\">es<\/td>\n<td rowspan=\"2\">Piem\u0113rots<\/td>\n<td>Apgriezienu skaita ievade<\/td>\n<td>Apgriezienu skaita izeja<\/td>\n<td>kW (nomin\u0101l\u0101)<\/td>\n<td>Izejas griezes moments<\/td>\n<td rowspan=\"2\">Zobu veido\u0161an\u0101s<\/td>\n<\/tr>\n<tr>\n<td>apgr.\/min<\/td>\n<td>apgr.\/min<\/td>\n<td>ZS<\/td>\n<td>Nm<\/td>\n<\/tr>\n<tr>\n<td colspan=\"2\">\u0100truma palielin\u0101\u0161ana<\/td>\n<td>1: 1<\/td>\n<td>Z\u0101les p\u013c\u0101v\u0113js utt.<\/td>\n<td>540<\/td>\n<td>540<\/td>\n<td>160<\/td>\n<td>1400<\/td>\n<td>Gl\u012bsona spir\u0101lveida<br \/>\nZobi<\/td>\n<\/tr>\n<tr>\n<td colspan=\"9\">Piez\u012bme: Ja jums ir k\u0101das \u012bpa\u0161as pras\u012bbas, nekautr\u0113jieties man pazi\u0146ot, m\u0113s pie\u0146emam ar\u012b pas\u016bt\u012bjumu.<\/td>\n<\/tr>\n<\/tbody>\n<\/table>\n<h2>Velkam\u0101 p\u013caujma\u0161\u012bnas griez\u0113jjosla (velkam\u0101s p\u013caujma\u0161\u012bnas griez\u0113jjosla) FMP-GCYB izm\u0113ri<\/h2>\n<p><img loading=\"lazy\" decoding=\"async\" class=\"alignnone size-full wp-image-2053\" src=\"https:\/\/fmp-components.com\/wp-content\/uploads\/2024\/12\/Pull-behind-Mower-Cutter-Bar-Trailing-Mower-Cutter-Bar.webp\" alt=\"Velkam\u0101 p\u013caujma\u0161\u012bna-p\u013caujma\u0161\u012bnas-sliede-piekabin\u0101m\u0101-p\u013caujma\u0161\u012bnas-sliede\" width=\"805\" height=\"1024\" title=\"\" srcset=\"https:\/\/fmp-components.com\/wp-content\/uploads\/2024\/12\/Pull-behind-Mower-Cutter-Bar-Trailing-Mower-Cutter-Bar.webp 805w, https:\/\/fmp-components.com\/wp-content\/uploads\/2024\/12\/Pull-behind-Mower-Cutter-Bar-Trailing-Mower-Cutter-Bar-480x611.webp 480w\" sizes=\"(min-width: 0px) and (max-width: 480px) 480px, (min-width: 481px) 805px, 100vw\" \/><\/p>\n<h2>Velkam\u0101 p\u013caujma\u0161\u012bnas griez\u0113jjosla (velkam\u0101s p\u013caujma\u0161\u012bnas griez\u0113jjosla) FMP-GCYB tehniskie dati<\/h2>\n<table style=\"width: 101.49%; height: 211px;\" border=\"1\" cellspacing=\"0\" cellpadding=\"0\">\n<tbody>\n<tr>\n<td style=\"width: 45.2514%;\">Mode\u013ca numurs<\/td>\n<td style=\"width: 27.1881%;\">FMP-GCYB06<\/td>\n<td style=\"width: 27.1881%;\">FMP-GCYB07<\/td>\n<\/tr>\n<tr>\n<td style=\"width: 45.2514%;\">Maksim\u0101l\u0101 jauda (kW\/ZS)<\/td>\n<td style=\"width: 27.1881%;\">52\/70<\/td>\n<td style=\"width: 27.1881%;\">66\/90<\/td>\n<\/tr>\n<tr>\n<td style=\"width: 45.2514%;\">Darba platums (m)<\/td>\n<td style=\"width: 27.1881%;\">2.5<\/td>\n<td style=\"width: 27.1881%;\">3.0<\/td>\n<\/tr>\n<tr>\n<td style=\"width: 45.2514%;\">griez\u0113ja numurs (n)<\/td>\n<td style=\"width: 27.1881%;\">6<\/td>\n<td style=\"width: 27.1881%;\">7<\/td>\n<\/tr>\n<tr>\n<td style=\"width: 45.2514%;\">L\u0101psti\u0146u skaits (n)<\/td>\n<td style=\"width: 27.1881%;\">12<\/td>\n<td style=\"width: 27.1881%;\">14<\/td>\n<\/tr>\n<tr>\n<td style=\"width: 45.2514%;\">Ievades apgriezieni (apgr.\/min)<\/td>\n<td style=\"width: 54.3762%;\" colspan=\"2\">3000<\/td>\n<\/tr>\n<tr>\n<td style=\"width: 45.2514%;\">Apgriezienu skaits min\u016bt\u0113 (r\/min)<\/td>\n<td style=\"width: 54.3762%;\" colspan=\"2\">3000<\/td>\n<\/tr>\n<tr>\n<td style=\"width: 99.6276%;\" colspan=\"3\">Piez\u012bme: Ja jums ir k\u0101das \u012bpa\u0161as pras\u012bbas, nekautr\u0113jieties man pazi\u0146ot, m\u0113s pie\u0146emam ar\u012b pas\u016bt\u012bjumu.<\/td>\n<\/tr>\n<\/tbody>\n<\/table>\n<h2>Velkam\u0101 p\u013caujma\u0161\u012bnas p\u0101rnesumk\u0101rbas (piekabin\u0101m\u0101s p\u013caujma\u0161\u012bnas p\u0101rnesumk\u0101rbas) \u012bpa\u0161\u012bbas<\/h2>\n<p>Velkam\u0101s p\u013caujma\u0161\u012bnas p\u0101rnesumk\u0101rba, kas paz\u012bstama ar\u012b k\u0101 piekabin\u0101m\u0101s p\u013caujma\u0161\u012bnas p\u0101rnesumk\u0101rba, ir b\u016btiska lauksaimniec\u012bbas un ainavu veido\u0161anas tehnikas sast\u0101vda\u013ca. T\u0101 ir paredz\u0113ta, lai efekt\u012bvi p\u0101rnestu jaudu no traktora j\u016bgv\u0101rpstas (jaudas no\u0146em\u0161anas v\u0101rpstas) uz p\u013caujma\u0161\u012bnas grie\u0161anas meh\u0101nismu, nodro\u0161inot optim\u0101lu veiktsp\u0113ju da\u017e\u0101dos p\u013cau\u0161anas un lauka kop\u0161anas darbos. T\u0101l\u0101k ir nor\u0101d\u012btas velkam\u0101s p\u013caujma\u0161\u012bnas p\u0101rnesumk\u0101rbas galven\u0101s iez\u012bmes:<\/p>\n<ol>\n<li>Iztur\u012bga konstrukcija:\n<ul>\n<li>Piekabin\u0101mo z\u0101les p\u013c\u0101v\u0113ju p\u0101rnesumk\u0101rbas ir izgatavotas no iztur\u012bgiem, augstas kvalit\u0101tes materi\u0101liem, lai iztur\u0113tu skarbos \u0101ra apst\u0101k\u013cus. To iztur\u012bg\u0101 konstrukcija nodro\u0161ina ilgsto\u0161u iztur\u012bbu pat nel\u012bdzen\u0101 reljef\u0101 un skarbos darba apst\u0101k\u013cos.<\/li>\n<\/ul>\n<\/li>\n<li>Efekt\u012bva jaudas p\u0101rne\u0161ana:\n<ul>\n<li>\u0160\u012bs p\u0101rnesumk\u0101rbas ir konstru\u0113tas, lai efekt\u012bvi p\u0101rnestu jaudu no traktora j\u016bgv\u0101rpstas uz p\u013caujma\u0161\u012bnas asme\u0146iem vai grie\u0161anas meh\u0101nismu. Tas nodro\u0161ina p\u013caujma\u0161\u012bnas vienm\u0113r\u012bgu darb\u012bbu ar minim\u0101liem jaudas zudumiem, nodro\u0161inot vienm\u0113r\u012bgu p\u013cau\u0161anas veiktsp\u0113ju.<\/li>\n<\/ul>\n<\/li>\n<li>Vienm\u0113r\u012bga darb\u012bba:\n<ul>\n<li>Velkam\u0101s z\u0101les p\u013c\u0101v\u0113ju p\u0101rnesumk\u0101rbas, kas paredz\u0113tas minim\u0101lai vibr\u0101cijai un vienm\u0113r\u012bgai p\u0101rnesumu darb\u012bbai, samazina gan p\u0101rnesumk\u0101rbas, gan p\u013c\u0101v\u0113ja nodilumu. Tas uzlabo p\u013cau\u0161anas veiktsp\u0113ju, samazina apkopes nepiecie\u0161am\u012bbu un nodro\u0161ina \u0113rt\u0101ku lietot\u0101ja pieredzi.<\/li>\n<\/ul>\n<\/li>\n<li>Daudzpus\u012bba:\n<ul>\n<li>Velkamo z\u0101les p\u013c\u0101v\u0113ju p\u0101rnesumk\u0101rbas ir sader\u012bgas ar pla\u0161u p\u013cau\u0161anas apr\u012bkojuma kl\u0101stu, piem\u0113ram, rot\u0101cijas griez\u0113jiem, kr\u016bmu p\u013c\u0101v\u0113jiem un z\u0101les p\u013c\u0101v\u0113jiem. To daudzpus\u012bba \u013cauj lietot\u0101jiem piel\u0101got p\u0101rnesumk\u0101rbu da\u017e\u0101diem lietojumiem, s\u0101kot no gan\u012bbu p\u013cau\u0161anas l\u012bdz kr\u016bmu t\u012br\u012b\u0161anai un lielu teritoriju uztur\u0113\u0161anai.<\/li>\n<\/ul>\n<\/li>\n<li>Vienk\u0101r\u0161a apkope:\n<ul>\n<li>Daudzas piekabin\u0101mo p\u013caujma\u0161\u012bnu p\u0101rnesumk\u0101rbas ir apr\u012bkotas ar \u0113rt\u0101m apkopes funkcij\u0101m, piem\u0113ram, e\u013c\u013cas iepild\u012b\u0161anas un iztuk\u0161o\u0161anas aizb\u0101\u017e\u0146iem, kas atvieglo e\u013c\u013cas mai\u0146u un e\u013c\u013co\u0161anu. Regul\u0101ra apkope ir vienk\u0101r\u0161ota, nodro\u0161inot, ka p\u0101rnesumk\u0101rba saglab\u0101jas optim\u0101l\u0101 st\u0101vokl\u012b ilg\u0101kam kalpo\u0161anas laikam.<\/li>\n<\/ul>\n<\/li>\n<\/ol>\n<p>Rezum\u0113jot, velkam\u0101 p\u013caujma\u0161\u012bnas p\u0101rnesumk\u0101rba ir izstr\u0101d\u0101ta iztur\u012bbai, efektivit\u0101tei un \u0113rtai lieto\u0161anai, padarot to par b\u016btisku sast\u0101vda\u013cu pla\u0161a spektra p\u013cau\u0161anas un zemes kop\u0161anas darbos. Neatkar\u012bgi no t\u0101, vai t\u0101 ir lauksaimniec\u012bba, ainavu veido\u0161ana vai ce\u013cmalu p\u013cau\u0161ana, t\u0101s uzticam\u0101 veiktsp\u0113ja un lietot\u0101jam draudz\u012bg\u0101s funkcijas padara to par v\u0113rt\u012bgu instrumentu efekt\u012bvu un augstas kvalit\u0101tes rezult\u0101tu sasnieg\u0161anai.<\/p>\n<p><img loading=\"lazy\" decoding=\"async\" class=\"alignnone size-full wp-image-2062\" src=\"https:\/\/fmp-components.com\/wp-content\/uploads\/2024\/12\/Lawn-Mower-Gearbox-11.webp\" alt=\"Z\u0101les p\u013c\u0101v\u0113ja p\u0101rnesumk\u0101rba\" width=\"1256\" height=\"758\" title=\"\" srcset=\"https:\/\/fmp-components.com\/wp-content\/uploads\/2024\/12\/Lawn-Mower-Gearbox-11.webp 1256w, https:\/\/fmp-components.com\/wp-content\/uploads\/2024\/12\/Lawn-Mower-Gearbox-11-980x591.webp 980w, https:\/\/fmp-components.com\/wp-content\/uploads\/2024\/12\/Lawn-Mower-Gearbox-11-480x290.webp 480w\" sizes=\"(min-width: 0px) and (max-width: 480px) 480px, (min-width: 481px) and (max-width: 980px) 980px, (min-width: 981px) 1256px, 100vw\" \/><\/p>\n<h2>FMP-GC325 piekabin\u0101m\u0101s z\u0101les p\u013c\u0101v\u0113ja p\u0101rnesumk\u0101rbas bie\u017ei sastopamie pielietojumi<\/h2>\n<p>FMP-GC325 piekabin\u0101m\u0101s z\u0101les p\u013c\u0101v\u0113ja p\u0101rnesumk\u0101rba ir paredz\u0113ta pla\u0161am lauksaimniec\u012bbas un ainavu veido\u0161anas darbu kl\u0101stam, nodro\u0161inot efekt\u012bvu jaudas p\u0101rnesi un uzticamu veiktsp\u0113ju. T\u0101l\u0101k ir nor\u0101d\u012bti da\u017ei no visbie\u017e\u0101k izmantotajiem FMP-GC325 p\u0101rnesumk\u0101rbas pielietojumiem:<\/p>\n<ol>\n<li>Gan\u012bbu p\u013cau\u0161ana:\n<ul>\n<li>FMP-GC325 p\u0101rnesumk\u0101rba parasti tiek izmantota gan\u012bbu p\u013cau\u0161an\u0101, kur t\u0101 pal\u012bdz apstr\u0101d\u0101t lielas z\u0101les plat\u012bbas. T\u0101 efekt\u012bvi darbina rot\u0101cijas p\u013caujma\u0161\u012bnas vai z\u0101les p\u013c\u0101v\u0113jus, lai apstr\u0101d\u0101tu bl\u012bvu ve\u0123et\u0101ciju un uztur\u0113tu vesel\u012bgas gan\u012bbas.<\/li>\n<\/ul>\n<\/li>\n<li>Lauka apkope:\n<ul>\n<li>\u0160\u012b p\u0101rnesumk\u0101rba ir ide\u0101li piem\u0113rota lauksaimniec\u012bbas lauku uztur\u0113\u0161anai, tostarp nez\u0101\u013cu, z\u0101les un pame\u017ea p\u013cau\u0161anai lab\u012bbas laukos, aug\u013cu d\u0101rzos un v\u012bna d\u0101rzos. T\u0101s daudzpus\u012bba \u013cauj to savienot p\u0101r\u012b ar da\u017e\u0101diem p\u013cau\u0161anas piederumiem, piel\u0101gojoties da\u017e\u0101du lauku veidu \u012bpa\u0161aj\u0101m vajadz\u012bb\u0101m.<\/li>\n<\/ul>\n<\/li>\n<li>Ce\u013cmalas p\u013cau\u0161ana:\n<ul>\n<li>Lauku un automa\u0123istr\u0101\u013cu uztur\u0113\u0161an\u0101 FMP-GC325 p\u0101rnesumk\u0101rba darbina velkamos z\u0101les p\u013c\u0101v\u0113jus, kas tiek izmantoti ce\u013cmalu ve\u0123et\u0101cijas t\u012br\u012b\u0161anai, nodro\u0161inot labu redzam\u012bbu un dro\u0161us brauk\u0161anas apst\u0101k\u013cus. T\u0101 p\u013cauj z\u0101li, kr\u016bmus un mazus kokus ce\u013cmal\u0101s, gr\u0101vjos un uzb\u0113rumos.<\/li>\n<\/ul>\n<\/li>\n<li>Zemes att\u012br\u012b\u0161ana un kr\u016bmu p\u013cau\u0161ana:\n<ul>\n<li>FMP-GC325 ir \u013coti efekt\u012bvs zemes att\u012br\u012b\u0161anas darbos, \u012bpa\u0161i, ja to lieto kop\u0101 ar jaud\u012bgiem rot\u0101cijas p\u013c\u0101v\u0113jiem vai kr\u016bmu p\u013c\u0101v\u0113jiem. Tas ir ide\u0101li piem\u0113rots bl\u012bvas ve\u0123et\u0101cijas, kr\u016bmu un aizaugu\u0161u plat\u012bbu att\u012br\u012b\u0161anai, sagatavojot zemi turpm\u0101kai lauksaimniec\u012bbas izmanto\u0161anai vai b\u016bvniec\u012bbai.<\/li>\n<\/ul>\n<\/li>\n<li>Lielu teritoriju un atp\u016btas zonu uztur\u0113\u0161ana:\n<ul>\n<li>FMP-GC325 p\u0101rnesumk\u0101rba tiek izmantota ar\u012b lielu atkl\u0101tu plat\u012bbu, piem\u0113ram, parku, golfa laukumu un sporta laukumu, uztur\u0113\u0161anai. T\u0101 var darbin\u0101t platus p\u013cau\u0161anas blokus, nodro\u0161inot efekt\u012bvu un vienm\u0113r\u012bgu z\u0101les p\u013cau\u0161anu pla\u0161\u0101s teritorij\u0101s.<\/li>\n<\/ul>\n<\/li>\n<\/ol>\n<p>Pied\u0101v\u0101jot uzticamu un daudzpus\u012bgu veiktsp\u0113ju, FMP-GC325 piekabin\u0101m\u0101s z\u0101les p\u013c\u0101v\u0113ja p\u0101rnesumk\u0101rba atbalsta da\u017e\u0101dus pielietojumus, s\u0101kot no gan\u012bbu p\u013cau\u0161anas un zemes att\u012br\u012b\u0161anas l\u012bdz lielu plat\u012bbu uztur\u0113\u0161anai, padarot to par b\u016btisku lauksaimniec\u012bbas un ainavu veido\u0161anas tehnikas sast\u0101vda\u013cu.<\/p>\n<p><img loading=\"lazy\" decoding=\"async\" class=\"alignnone size-full wp-image-2061\" src=\"https:\/\/fmp-components.com\/wp-content\/uploads\/2024\/12\/Trailing-Mower-Gearbox-EP-GC325-Common-Applications.webp\" alt=\"Piekabin\u0101m\u0101s z\u0101les p\u013c\u0101v\u0113ja p\u0101rnesumk\u0101rba FMP GC325 bie\u017ei lietota\" width=\"980\" height=\"551\" title=\"\" srcset=\"https:\/\/fmp-components.com\/wp-content\/uploads\/2024\/12\/Trailing-Mower-Gearbox-EP-GC325-Common-Applications.webp 980w, https:\/\/fmp-components.com\/wp-content\/uploads\/2024\/12\/Trailing-Mower-Gearbox-EP-GC325-Common-Applications-480x270.webp 480w\" sizes=\"(min-width: 0px) and (max-width: 480px) 480px, (min-width: 481px) 980px, 100vw\" \/><\/p>\n<div class=\"flex max-w-full flex-col flex-grow\">\n<div class=\"min-h-8 text-message flex w-full flex-col items-end gap-2 whitespace-normal break-words text-start [.text-message+&amp;]:mt-5\" dir=\"auto\" data-message-author-role=\"assistant\" data-message-id=\"f0e5c835-c083-47c5-957f-0b86b6a1a5cd\" data-message-model-slug=\"gpt-4o\">\n<div class=\"flex w-full flex-col gap-1 empty:hidden first:pt-[3px]\">\n<div class=\"markdown prose w-full break-words dark:prose-invert light\">\n<h3>Par FMP<\/h3>\n<p>FMP galven\u0101 m\u012btne atrodas It\u0101lij\u0101, un tas ir vado\u0161ais ra\u017eot\u0101js, kas atz\u012bts par savu pieredzi augstas veiktsp\u0113jas p\u0101rnesumk\u0101rbu projekt\u0113\u0161an\u0101, izstr\u0101d\u0113 un ra\u017eo\u0161an\u0101, galvenok\u0101rt apkalpojot lauksaimniec\u012bbas tehnikas nozari. FMP, kas ir paz\u012bstams ar savu prec\u012bzo in\u017eenieriju, inov\u0101cij\u0101m un nelok\u0101mo uzticam\u012bbu, ir izveidojis sp\u0113c\u012bgu reput\u0101ciju, pieg\u0101d\u0101jot augst\u0101k\u0101s klases produktus, kas atbilst lauksaimniec\u012bbas un r\u016bpniec\u012bbas nozaru nep\u0101rtraukti main\u012bgaj\u0101m pras\u012bb\u0101m. M\u016bsu daudzveid\u012bgaj\u0101 produktu kl\u0101st\u0101 ietilpst specializ\u0113tas p\u0101rnesumk\u0101rbas z\u0101les p\u013c\u0101v\u0113jiem, j\u016bgv\u0101rpstas un citas svar\u012bgas sast\u0101vda\u013cas, kas visas ir paredz\u0113tas, lai pied\u0101v\u0101tu piel\u0101gotus risin\u0101jumus pla\u0161am pielietojumu kl\u0101stam.<\/p>\n<p>Uz\u0146\u0113mum\u0101 FMP m\u0113s saprotam, ka katram klientam ir unik\u0101las vajadz\u012bbas un izaicin\u0101jumi. T\u0101p\u0113c m\u0113s specializ\u0113jamies piel\u0101gotu risin\u0101jumu nodro\u0161in\u0101\u0161an\u0101 \u2014 neatkar\u012bgi no t\u0101, vai tie ir atsevi\u0161\u0137i komponenti vai piln\u012bb\u0101 integr\u0113tas sist\u0113mas. M\u0113s izmantojam sadarb\u012bbas pieeju, cie\u0161i sadarbojoties ar saviem klientiem, lai nodro\u0161in\u0101tu, ka katrs risin\u0101jums ir gan \u013coti efekt\u012bvs, gan lietder\u012bgs. M\u016bsu ap\u0146em\u0161an\u0101s sniegt \u0101tras, profesion\u0101las atbildes un ekspertu nor\u0101d\u012bjumus nodro\u0161ina, ka katrs piepras\u012bjums tiek izskat\u012bts ar visliel\u0101ko r\u016bp\u012bbu un precizit\u0101ti.<\/p>\n<p>M\u0113s lielu uzsvaru liekam uz atkl\u0101tu, past\u0101v\u012bgu komunik\u0101ciju, \u012bpa\u0161i jaunu produktu izstr\u0101d\u0113. M\u016bsu \u012bpa\u0161i izveidot\u0101 komanda str\u0101d\u0101 tie\u0161i ar klientiem, lai piln\u012bb\u0101 izprastu vi\u0146u pras\u012bbas un sniegtu praktiski izmantojamas atzi\u0146as, kas noved pie optim\u0101liem risin\u0101jumiem. Neatkar\u012bgi no t\u0101, vai izstr\u0101d\u0101jam inovat\u012bvus produktus vai izpild\u0101m eso\u0161os pas\u016bt\u012bjumus, m\u0113s esam ap\u0146\u0113mu\u0161ies \u0101tri un uzticami pieg\u0101d\u0101t augstas kvalit\u0101tes, prec\u012bzi konstru\u0113tus risin\u0101jumus.<\/p>\n<p>FMP darb\u012bbas pamat\u0101 ir m\u016bsu nelok\u0101m\u0101 koncentr\u0113\u0161an\u0101s uz kvalit\u0101ti. M\u0113s iev\u0113rojam augst\u0101kos ra\u017eo\u0161anas standartus, ievie\u0161ot stingrus kvalit\u0101tes kontroles pas\u0101kumus, lai nodro\u0161in\u0101tu, ka katrs produkts atbilst vai p\u0101rsniedz nozares cer\u012bbas. M\u016bsu ap\u0146em\u0161an\u0101s nodro\u0161in\u0101t kvalit\u0101ti apvienojum\u0101 ar m\u016bsu pamatv\u0113rt\u012bb\u0101m \u2013 integrit\u0101ti, komandas darbu un neatlaid\u012bbu \u2013 ir \u013c\u0101vusi mums veidot ilgsto\u0161as, uzticamas attiec\u012bbas ar klientiem gandr\u012bz 30 valst\u012bs vis\u0101 pasaul\u0113.<\/p>\n<p>FMP vienm\u0113r ir atv\u0113rts glob\u0101lu partnerattiec\u012bbu veido\u0161anai un joproj\u0101m ir ap\u0146\u0113mies sniegt ekspertu padomus un piel\u0101gotus risin\u0101jumus, lai apmierin\u0101tu m\u016bsu klientu da\u017e\u0101d\u0101s vajadz\u012bbas. M\u0113s ejam t\u0101l\u0101k par vienk\u0101r\u0161u produktu pieg\u0101di \u2014 m\u016bsu m\u0113r\u0137is ir veidot ilgtermi\u0146a attiec\u012bbas, kas veicina katra projekta pan\u0101kumus. Neatkar\u012bgi no t\u0101, vai jums ir nepiecie\u0161ami inovat\u012bvi risin\u0101jumi jaunai iniciat\u012bvai vai past\u0101v\u012bgs atbalsts eso\u0161ai sist\u0113mai, FMP ir \u0161eit, lai risin\u0101tu j\u016bsu tehnisk\u0101s probl\u0113mas un pal\u012bdz\u0113tu nodro\u0161in\u0101t j\u016bsu turpm\u0101kos pan\u0101kumus.<\/p>\n<p><img loading=\"lazy\" decoding=\"async\" class=\"alignnone size-full wp-image-1861\" src=\"https:\/\/fmp-components.com\/wp-content\/uploads\/2024\/12\/Other-Agricultural-Gearboxes.webp\" sizes=\"(min-width: 0px) and (max-width: 480px) 480px, (min-width: 481px) and (max-width: 980px) 980px, (min-width: 981px) 1200px, 100vw\" srcset=\"https:\/\/fmp-components.com\/wp-content\/uploads\/2024\/12\/Other-Agricultural-Gearboxes.webp 1200w, https:\/\/fmp-components.com\/wp-content\/uploads\/2024\/12\/Other-Agricultural-Gearboxes-980x1143.webp 980w, https:\/\/fmp-components.com\/wp-content\/uploads\/2024\/12\/Other-Agricultural-Gearboxes-480x560.webp 480w\" alt=\"Altri-cambi-agricoli\" width=\"1200\" height=\"1400\" title=\"\"><\/p>\n<p>Autors: CX<\/p>\n<\/div>\n<\/div>\n<\/div>\n<\/div>","protected":false},"excerpt":{"rendered":"<p>Dimensions of Trailing Mower Gearbox FMP-GC325\u00a0 Trailing Mower Gearbox FMP-GC325 Shaft Dimensions Trailing Mower Gearbox FMP-GC325 Technical Data i Suitable Rpm input Rpm output KW(Nom) Output torque Toothing r\/min r\/min hp N.m Speed increase 1: 1 Lawn Mower, etc 540 540 160 1400 Gleason Helical Teeth Remark: If you have any special require feel free [&hellip;]<\/p>","protected":false},"featured_media":2060,"comment_status":"open","ping_status":"closed","template":"","meta":{"_et_pb_use_builder":"","_et_pb_old_content":"","_et_gb_content_width":""},"product_brand":[],"product_cat":[52],"product_tag":[],"class_list":{"0":"post-2054","1":"product","2":"type-product","3":"status-publish","4":"has-post-thumbnail","6":"product_cat-lawn-mower-gearbox","8":"first","9":"instock","10":"shipping-taxable","11":"product-type-simple"},"_links":{"self":[{"href":"https:\/\/fmp-components.com\/lv\/wp-json\/wp\/v2\/product\/2054","targetHints":{"allow":["GET"]}}],"collection":[{"href":"https:\/\/fmp-components.com\/lv\/wp-json\/wp\/v2\/product"}],"about":[{"href":"https:\/\/fmp-components.com\/lv\/wp-json\/wp\/v2\/types\/product"}],"replies":[{"embeddable":true,"href":"https:\/\/fmp-components.com\/lv\/wp-json\/wp\/v2\/comments?post=2054"}],"wp:featuredmedia":[{"embeddable":true,"href":"https:\/\/fmp-components.com\/lv\/wp-json\/wp\/v2\/media\/2060"}],"wp:attachment":[{"href":"https:\/\/fmp-components.com\/lv\/wp-json\/wp\/v2\/media?parent=2054"}],"wp:term":[{"taxonomy":"product_brand","embeddable":true,"href":"https:\/\/fmp-components.com\/lv\/wp-json\/wp\/v2\/product_brand?post=2054"},{"taxonomy":"product_cat","embeddable":true,"href":"https:\/\/fmp-components.com\/lv\/wp-json\/wp\/v2\/product_cat?post=2054"},{"taxonomy":"product_tag","embeddable":true,"href":"https:\/\/fmp-components.com\/lv\/wp-json\/wp\/v2\/product_tag?post=2054"}],"curies":[{"name":"wp","href":"https:\/\/api.w.org\/{rel}","templated":true}]}}