{"id":2039,"date":"2024-12-30T01:00:18","date_gmt":"2024-12-30T01:00:18","guid":{"rendered":"https:\/\/fmp-components.com\/?page_id=8"},"modified":"2024-12-30T01:08:49","modified_gmt":"2024-12-30T01:08:49","slug":"agricultural-lawn-mower-gearbox-fmp-140","status":"publish","type":"product","link":"https:\/\/fmp-components.com\/lv\/product\/agricultural-lawn-mower-gearbox-fmp-140\/","title":{"rendered":"Lauksaimniec\u012bbas z\u0101les p\u013c\u0101v\u0113ja \u0101trumk\u0101rba FMP-140"},"content":{"rendered":"<h2>Lauksaimniec\u012bbas z\u0101les p\u013c\u0101v\u0113ja p\u0101rnesumk\u0101rba FMP-140 \u2013 produkta ievads<\/h2>\n<p>Lauksaimniec\u012bbas z\u0101les p\u013c\u0101v\u0113ja p\u0101rnesumk\u0101rba FMP-140 ir augstas veiktsp\u0113jas, iztur\u012bga p\u0101rnesumk\u0101rba, kas \u012bpa\u0161i paredz\u0113ta z\u0101les p\u013c\u0101v\u0113jiem un citai lauksaimniec\u012bbas tehnikai. FMP, vado\u0161\u0101 prec\u012bzo p\u0101rnesumk\u0101rbu ra\u017eot\u0101ja, izstr\u0101d\u0101t\u0101 FMP-140 apvieno uzticam\u012bbu, efektivit\u0101ti un ilgsto\u0161u veiktsp\u0113ju, lai apmierin\u0101tu gan komerci\u0101lo, gan priv\u0101tm\u0101ju p\u013cau\u0161anas pielietojumu pras\u012bbas.<\/p>\n<p><strong>Galven\u0101s iez\u012bmes:<\/strong><\/p>\n<ol>\n<li><strong>Iztur\u012bga konstrukcija:<\/strong> FMP-140 ir izgatavots no augstas kvalit\u0101tes materi\u0101liem, lai iztur\u0113tu skarbos lauksaimniec\u012bbas darba apst\u0101k\u013cus. T\u0101 iztur\u012bg\u0101 konstrukcija nodro\u0161ina, ka tas var tikt gal\u0101 ar intens\u012bvu lieto\u0161anu, nodro\u0161inot ilgu kalpo\u0161anas laiku pat sare\u017e\u0123\u012btos apst\u0101k\u013cos.<\/li>\n<li><strong>Augsta efektivit\u0101te:<\/strong> \u0160\u012b p\u0101rnesumk\u0101rba ir izstr\u0101d\u0101ta, lai maksim\u0101li palielin\u0101tu darb\u012bbas efektivit\u0101ti, garant\u0113jot vienm\u0113r\u012bgu jaudas p\u0101rvadi ar minim\u0101liem ener\u0123ijas zudumiem. T\u0101 nodro\u0161ina optim\u0101lu z\u0101les p\u013c\u0101v\u0113ju veiktsp\u0113ju, nodro\u0161inot vienm\u0113r\u012bgu jaudu grie\u0161anas asme\u0146iem t\u012brai un prec\u012bzai p\u013cau\u0161anai.<\/li>\n<li><strong>Kompakts un viegls:<\/strong> FMP-140 p\u0101rnesumk\u0101rbai ir kompakts un viegls dizains, kas atvieglo uzst\u0101d\u012b\u0161anu un integr\u0113\u0161anu da\u017e\u0101d\u0101s z\u0101les p\u013c\u0101v\u0113ju sist\u0113m\u0101s. Neskatoties uz mazo izm\u0113ru, t\u0101 neietekm\u0113 jaudu vai veiktsp\u0113ju.<\/li>\n<li><strong>Daudzpus\u012bba:<\/strong> FMP-140 ir \u013coti piel\u0101gojams un to var izmantot da\u017e\u0101d\u0101s lauksaimniec\u012bbas tehnik\u0101, tostarp rot\u0101cijas z\u0101les p\u013c\u0101v\u0113jos, kr\u016bmgrie\u017eos un cit\u0101s l\u012bdz\u012bg\u0101s iek\u0101rt\u0101s. T\u0101 daudzpus\u012bba padara to par uzticamu izv\u0113li da\u017e\u0101diem pielietojumiem.<\/li>\n<li><strong>Vienk\u0101r\u0161a apkope:<\/strong> FMP-140 p\u0101rnesumk\u0101rba ir izstr\u0101d\u0101ta, \u0146emot v\u0113r\u0101 t\u0101s vienk\u0101r\u0161\u012bbu apkop\u0113. T\u0101s vienk\u0101r\u0161\u0101, bet iztur\u012bg\u0101 konstrukcija nodro\u0161ina vienk\u0101r\u0161u ikdienas apkopi, samazinot d\u012bkst\u0101ves laiku un nodro\u0161inot nevainojamu darb\u012bbu.<\/li>\n<li><strong>Piel\u0101gojamas opcijas:<\/strong> FMP pied\u0101v\u0101 FMP-140 p\u0101rnesumk\u0101rbas piel\u0101go\u0161anas iesp\u0113jas, \u013caujot to piel\u0101got konkr\u0113t\u0101m klientu vajadz\u012bb\u0101m, tostarp modifik\u0101cijas ieejas\/izejas v\u0101rpst\u0101m, gult\u0146u diametram un mont\u0101\u017eas konfigur\u0101cij\u0101m.<\/li>\n<\/ol>\n<p><strong>Lietojumi:<\/strong><\/p>\n<ul>\n<li>Lauksaimniec\u012bbas z\u0101les p\u013c\u0101v\u0113ji<\/li>\n<li>Rot\u0113jo\u0161\u0101s z\u0101les p\u013c\u0101v\u0113jas<\/li>\n<li>Kr\u016bmgrie\u017ei<\/li>\n<li>Z\u0101liena kop\u0161anas tehnika<\/li>\n<li>Cita lauksaimniec\u012bbas tehnika, kurai nepiecie\u0161ama efekt\u012bva jaudas p\u0101rvade<\/li>\n<\/ul>\n<table style=\"width: 96.2203%; height: 596px;\" border=\"1\" width=\"100%\" cellspacing=\"0\" cellpadding=\"0\">\n<tbody>\n<tr>\n<td width=\"110\"><img loading=\"lazy\" decoding=\"async\" class=\"alignnone size-full wp-image-2040\" src=\"https:\/\/fmp-components.com\/wp-content\/uploads\/2024\/12\/FMP_agricultural-gearbox-HC-140-2.webp\" alt=\"FMP_lauksaimniec\u012bbas-p\u0101rnesumk\u0101rba-HC-140-2\" width=\"413\" height=\"553\" title=\"\" srcset=\"https:\/\/fmp-components.com\/wp-content\/uploads\/2024\/12\/FMP_agricultural-gearbox-HC-140-2.webp 413w, https:\/\/fmp-components.com\/wp-content\/uploads\/2024\/12\/FMP_agricultural-gearbox-HC-140-2-224x300.webp 224w, https:\/\/fmp-components.com\/wp-content\/uploads\/2024\/12\/FMP_agricultural-gearbox-HC-140-2-9x12.webp 9w\" sizes=\"(max-width: 413px) 100vw, 413px\" \/><\/td>\n<td width=\"98\"><img loading=\"lazy\" decoding=\"async\" class=\"alignnone size-full wp-image-2041\" src=\"https:\/\/fmp-components.com\/wp-content\/uploads\/2024\/12\/Lawn-Mower-Gearbox-9.webp\" alt=\"Z\u0101les p\u013c\u0101v\u0113ja p\u0101rnesumk\u0101rba\" width=\"500\" height=\"500\" title=\"\" srcset=\"https:\/\/fmp-components.com\/wp-content\/uploads\/2024\/12\/Lawn-Mower-Gearbox-9.webp 500w, https:\/\/fmp-components.com\/wp-content\/uploads\/2024\/12\/Lawn-Mower-Gearbox-9-480x480.webp 480w\" sizes=\"(min-width: 0px) and (max-width: 480px) 480px, (min-width: 481px) 500px, 100vw\" \/><\/td>\n<\/tr>\n<\/tbody>\n<\/table>\n<table style=\"width: 97.407%; height: 214px;\" border=\"1\">\n<tbody>\n<tr>\n<td style=\"width: 31.0059%;\"><strong>PRECE<\/strong><\/td>\n<td style=\"width: 68.284%;\">FMP-140<\/td>\n<\/tr>\n<tr>\n<td style=\"width: 31.0059%;\"><strong>Attiec\u012bba<\/strong><\/td>\n<td style=\"width: 68.284%;\">1:1.5\/1:1.93<\/td>\n<\/tr>\n<tr>\n<td style=\"width: 31.0059%;\"><strong>Zobi<\/strong><\/td>\n<td style=\"width: 68.284%;\">21\/14 27\/14<\/td>\n<\/tr>\n<tr>\n<td style=\"width: 31.0059%;\"><strong>Modulis<\/strong><\/td>\n<td style=\"width: 68.284%;\">\u00a05.7 \/5.64<\/td>\n<\/tr>\n<tr>\n<td style=\"width: 31.0059%;\"><strong>Jauda (ZS)<\/strong><\/td>\n<td style=\"width: 68.284%;\">60<\/td>\n<\/tr>\n<tr>\n<td style=\"width: 31.0059%;\"><strong>Nomin\u0101l\u0101 ieeja<\/strong><\/td>\n<td style=\"width: 68.284%;\">540 apgr.\/min<\/td>\n<\/tr>\n<tr>\n<td style=\"width: 31.0059%;\"><strong>Ievades\/izvades apraksts<\/strong><\/td>\n<td style=\"width: 68.284%;\">1-3\/8 Z6 konusveida rievas<\/td>\n<\/tr>\n<tr>\n<td style=\"width: 31.0059%;\"><strong>Svars (ZR)<\/strong><\/td>\n<td style=\"width: 68.284%;\">30\u00a0kg<\/td>\n<\/tr>\n<\/tbody>\n<\/table>\n<article class=\"w-full scroll-mb-[var(--thread-trailing-height,150px)] text-token-text-primary focus-visible:outline-2 focus-visible:outline-offset-[-4px]\" dir=\"auto\" data-testid=\"conversation-turn-11\" data-scroll-anchor=\"true\">\n<div class=\"m-auto text-base py-[18px] px-3 md:px-4 w-full md:px-5 lg:px-4 xl:px-5\">\n<div class=\"mx-auto flex flex-1 gap-4 text-base md:gap-5 lg:gap-6 md:max-w-3xl lg:max-w-[40rem] xl:max-w-[48rem]\">\n<div class=\"group\/conversation-turn relative flex w-full min-w-0 flex-col agent-turn\">\n<div class=\"flex-col gap-1 md:gap-3\">\n<div class=\"flex max-w-full flex-col flex-grow\">\n<div class=\"min-h-8 text-message flex w-full flex-col items-end gap-2 whitespace-normal break-words text-start [.text-message+&amp;]:mt-5\" dir=\"auto\" data-message-author-role=\"assistant\" data-message-id=\"34732349-e34e-4f41-bcf6-f51e6a4c4ca7\" data-message-model-slug=\"gpt-4o\">\n<div class=\"flex w-full flex-col gap-1 empty:hidden first:pt-[3px]\">\n<div class=\"markdown prose w-full break-words dark:prose-invert light\">\n<h2>Lauksaimniec\u012bbas z\u0101les p\u013c\u0101v\u0113ja \u0101trumk\u0101rbas FMP-140 priek\u0161roc\u012bbas<\/h2>\n<p>Lauksaimniec\u012bbas z\u0101les p\u013c\u0101v\u0113ja FMP-140 p\u0101rnesumk\u0101rba ir \u012bpa\u0161i izstr\u0101d\u0101ta, lai uzlabotu z\u0101les p\u013c\u0101v\u0113ju un citas lauksaimniec\u012bbas tehnikas veiktsp\u0113ju, efektivit\u0101ti un iztur\u012bbu. \u0160eit ir galven\u0101s FMP-140 p\u0101rnesumk\u0101rbas izv\u0113les priek\u0161roc\u012bbas:<\/p>\n<ol>\n<li>Izcila iztur\u012bba un ilgm\u016b\u017e\u012bba:\n<ul>\n<li>FMP-140 ir izgatavots no augstas kvalit\u0101tes materi\u0101liem un prec\u012bzas ra\u017eo\u0161anas, nodro\u0161inot iztur\u012bgu un ilgsto\u0161u p\u0101rnesumk\u0101rbu, kas sp\u0113j tikt gal\u0101 ar intens\u012bvu lieto\u0161anu.<\/li>\n<li>T\u0101 iztur\u012bg\u0101 konstrukcija iztur skarbas lauksaimniec\u012bbas vides apst\u0101k\u013cus, samazinot nepiecie\u0161am\u012bbu p\u0113c bie\u017ea remonta vai nomai\u0146as.<\/li>\n<\/ul>\n<\/li>\n<li>Uzlabota darb\u012bbas efektivit\u0101te:\n<ul>\n<li>P\u0101rnesumk\u0101rba ir konstru\u0113ta maksim\u0101lai jaudas p\u0101rvades efektivit\u0101tei, samazinot ener\u0123ijas zudumus starp dzin\u0113ju un grie\u0161anas asme\u0146iem.<\/li>\n<li>\u0160\u012b efektivit\u0101te nodro\u0161ina lab\u0101ku degvielas ekonomiju, zem\u0101kas ekspluat\u0101cijas izmaksas un uzlabotu kop\u0113jo veiktsp\u0113ju, padarot to par rentablu izv\u0113li gan komerci\u0101liem, gan dz\u012bvojamiem objektiem.<\/li>\n<\/ul>\n<\/li>\n<li>Daudzpus\u012bba da\u017e\u0101dos pielietojumos:\n<ul>\n<li>FMP-140 p\u0101rnesumk\u0101rba ir sader\u012bga ar pla\u0161u lauksaimniec\u012bbas un z\u0101liena kop\u0161anas tehnikas kl\u0101stu, tostarp rot\u0101cijas z\u0101les p\u013c\u0101v\u0113jiem, kr\u016bmgrie\u017eiem un z\u0101liena kop\u0161anas apr\u012bkojumu.<\/li>\n<li>T\u0101 daudzpus\u012bgais dizains \u013cauj to izmantot da\u017e\u0101da veida z\u0101liena p\u013cau\u0161anas un ainavu veido\u0161anas tehnik\u0101, nodro\u0161inot elast\u012bgu risin\u0101jumu da\u017e\u0101d\u0101m ekspluat\u0101cijas vajadz\u012bb\u0101m.<\/li>\n<\/ul>\n<\/li>\n<li>Kompakts un viegls:\n<ul>\n<li>Neskatoties uz sp\u0113c\u012bgo veiktsp\u0113ju, FMP-140 ir izstr\u0101d\u0101ts t\u0101, lai b\u016btu kompakts un viegls, t\u0101d\u0113j\u0101di atvieglojot uzst\u0101d\u012b\u0161anu un integr\u0113\u0161anu da\u017e\u0101d\u0101s sist\u0113m\u0101s.<\/li>\n<li>Tas samazina tehnikas kop\u0113jo svaru, uzlabojot manevr\u0113tsp\u0113ju un lieto\u0161anas \u0113rtumu ekspluat\u0101cijas laik\u0101.<\/li>\n<\/ul>\n<\/li>\n<li>Zema apkope un vienk\u0101r\u0161a apkope:\n<ul>\n<li>FMP-140 p\u0101rnesumk\u0101rba ir izstr\u0101d\u0101ta, \u0146emot v\u0113r\u0101 lietot\u0101jam draudz\u012bgu apkopi, un tai ir viegli pieejamas deta\u013cas regul\u0101rai apkopei un remontam.<\/li>\n<li>T\u0101 vienk\u0101r\u0161ais dizains samazina nepiecie\u0161am\u012bbu p\u0113c specializ\u0113tiem instrumentiem vai tehnisk\u0101m zin\u0101\u0161an\u0101m, t\u0101d\u0113j\u0101di pal\u012bdzot samazin\u0101t apkopes izmaksas un d\u012bkst\u0101ves laiku.<\/li>\n<\/ul>\n<\/li>\n<\/ol>\n<p>Lauksaimniec\u012bbas z\u0101les p\u013c\u0101v\u0113ja FMP-140 p\u0101rnesumk\u0101rba pied\u0101v\u0101 daudzas priek\u0161roc\u012bbas, padarot to par ide\u0101lu izv\u0113li ikvienam, kas mekl\u0113 uzticamu, efekt\u012bvu un iztur\u012bgu p\u0101rnesumk\u0101rbas risin\u0101jumu z\u0101les p\u013c\u0101v\u0113jiem un lauksaimniec\u012bbas tehnikai. Pateicoties t\u0101s daudzpus\u012bbai, vieglajai apkopei un izcilajai veiktsp\u0113jai sare\u017e\u0123\u012btos apst\u0101k\u013cos, FMP-140 ir izstr\u0101d\u0101ta, lai nodro\u0161in\u0101tu izcilu v\u0113rt\u012bbu un ilgtermi\u0146a uzticam\u012bbu darb\u0101 uz lauka.<\/p>\n<p><img loading=\"lazy\" decoding=\"async\" class=\"alignnone  wp-image-1961\" src=\"https:\/\/fmp-components.com\/wp-content\/uploads\/2024\/12\/Lawn-Mower-Gearbox-1.webp\" alt=\"Z\u0101les p\u013c\u0101v\u0113ja p\u0101rnesumk\u0101rba\" width=\"928\" height=\"620\" title=\"\" srcset=\"https:\/\/fmp-components.com\/wp-content\/uploads\/2024\/12\/Lawn-Mower-Gearbox-1.webp 928w, https:\/\/fmp-components.com\/wp-content\/uploads\/2024\/12\/Lawn-Mower-Gearbox-1-480x321.webp 480w\" sizes=\"(min-width: 0px) and (max-width: 480px) 480px, (min-width: 481px) 928px, 100vw\" \/><\/p>\n<\/div>\n<\/div>\n<\/div>\n<\/div>\n<\/div>\n<\/div>\n<\/div>\n<\/div>\n<\/article>\n<h3>K\u0101p\u0113c izv\u0113l\u0113ties FMP-140 p\u0101rnesumk\u0101rbu?<\/h3>\n<p>FMP-140 ir izstr\u0101d\u0101ts, lai nodro\u0161in\u0101tu augstu veiktsp\u0113ju, uzticam\u012bbu un lieto\u0161anas \u0113rtumu. Pateicoties FMP ap\u0146em\u0161an\u0101s pret prec\u012bzu in\u017eenieriju un kvalit\u0101ti, FMP-140 p\u0101rnesumk\u0101rba nodro\u0161ina, ka j\u016bsu z\u0101les p\u013c\u0101v\u0113js darbojas efekt\u012bvi un lietder\u012bgi pat sare\u017e\u0123\u012btos apst\u0101k\u013cos. Neatkar\u012bgi no t\u0101, vai j\u016bs apkopjat lielus \u012bpa\u0161umus, komerci\u0101lus \u012bpa\u0161umus vai lauksaimniec\u012bbas laukus, \u0161\u012b p\u0101rnesumk\u0101rba nodro\u0161ina uzticam\u012bbu un jaudu, kas nepiecie\u0161ama, lai sasniegtu izcilus p\u013cau\u0161anas rezult\u0101tus.<\/p>\n<p>Lai ieg\u016btu pla\u0161\u0101ku inform\u0101ciju vai interes\u0113tos par piel\u0101got\u0101m iesp\u0113j\u0101m, l\u016bdzu, sazinieties ar FMP jau \u0161odien. M\u0113s esam ap\u0146\u0113mu\u0161ies sniegt lab\u0101kos risin\u0101jumus, kas piel\u0101goti j\u016bsu \u012bpa\u0161aj\u0101m pras\u012bb\u0101m.<\/p>\n<h3>Par FMP<\/h3>\n<p>FMP, kura galven\u0101 m\u012btne atrodas It\u0101lij\u0101, ir atz\u012bts l\u012bderis augstas veiktsp\u0113jas p\u0101rnesumk\u0101rbu projekt\u0113\u0161an\u0101, izstr\u0101d\u0113 un ra\u017eo\u0161an\u0101, galvenok\u0101rt koncentr\u0113joties uz lauksaimniec\u012bbas tehnikas nozari. FMP, kas ir paz\u012bstams ar savu pieredzi prec\u012bz\u0101s in\u017eenierijas, inov\u0101ciju un uzticam\u012bbas jom\u0101, ir ieguvis reput\u0101ciju, pieg\u0101d\u0101jot augstas kvalit\u0101tes produktus, kas atbilst lauksaimniec\u012bbas un r\u016bpniec\u012bbas nozaru main\u012bgaj\u0101m pras\u012bb\u0101m. M\u016bsu daudzveid\u012bgais produktu kl\u0101sts ietver specializ\u0113tas p\u0101rnesumk\u0101rbas z\u0101les p\u013c\u0101v\u0113jiem, j\u016bgv\u0101rpstas un da\u017e\u0101das svar\u012bgas sast\u0101vda\u013cas, kas visas ir izstr\u0101d\u0101tas, lai nodro\u0161in\u0101tu piel\u0101gotus risin\u0101jumus pla\u0161am pielietojumu spektram.<\/p>\n<p>Uz\u0146\u0113mum\u0101 FMP m\u0113s apzin\u0101mies, ka katram klientam ir at\u0161\u0137ir\u012bgas vajadz\u012bbas. T\u0101p\u0113c m\u0113s specializ\u0113jamies piel\u0101gotu risin\u0101jumu pied\u0101v\u0101\u0161an\u0101 \u2014 neatkar\u012bgi no t\u0101, vai tie ietver atsevi\u0161\u0137as komponentes vai piln\u012bb\u0101 integr\u0113tas sist\u0113mas. M\u0113s izmantojam sadarb\u012bbas pieeju, cie\u0161i sadarbojoties ar saviem klientiem, lai nodro\u0161in\u0101tu, ka katrs risin\u0101jums ir gan efekt\u012bvs, gan lietder\u012bgs. M\u016bsu ap\u0146em\u0161an\u0101s sniegt \u0101tras un profesion\u0101las atbildes un ekspertu nor\u0101d\u012bjumus nodro\u0161ina, ka katrs piepras\u012bjums tiek atbild\u0113ts prec\u012bzi un r\u016bp\u012bgi.<\/p>\n<p>M\u0113s pie\u0161\u0137iram lielu noz\u012bmi atkl\u0101tai un nep\u0101rtrauktai komunik\u0101cijai, \u012bpa\u0161i produktu izstr\u0101des jom\u0101. M\u016bsu komanda str\u0101d\u0101 tie\u0161i ar klientiem, lai piln\u012bb\u0101 izprastu vi\u0146u konkr\u0113t\u0101s probl\u0113mas, pied\u0101v\u0101jot praktiski izmantojamas atzi\u0146as, kas noved pie optim\u0101liem risin\u0101jumiem. Neatkar\u012bgi no t\u0101, vai m\u0113s izstr\u0101d\u0101jam jaunus produktus vai izpild\u0101m eso\u0161os pas\u016bt\u012bjumus, m\u016bsu ap\u0146em\u0161an\u0101s nodro\u0161in\u0101t augstas kvalit\u0101tes, prec\u012bzi in\u017eeniertehniskus risin\u0101jumus paliek nemain\u012bga.<\/p>\n<p>Kvalit\u0101te ir visa m\u016bsu FMP darb\u012bbas st\u016brakmens. M\u0113s iev\u0113rojam augst\u0101kos ra\u017eo\u0161anas standartus un ievie\u0161am stingras kvalit\u0101tes kontroles procesus, lai nodro\u0161in\u0101tu, ka katrs produkts atbilst vai p\u0101rsniedz nozares cer\u012bbas. M\u016bsu nelok\u0101m\u0101 ap\u0146em\u0161an\u0101s nodro\u0161in\u0101t kvalit\u0101ti apvienojum\u0101 ar m\u016bsu pamatv\u0113rt\u012bb\u0101m \u2013 integrit\u0101ti, komandas darbu un neatlaid\u012bbu \u2013 ir pal\u012bdz\u0113jusi mums veidot ilgtermi\u0146a attiec\u012bbas ar klientiem gandr\u012bz 30 valst\u012bs vis\u0101 pasaul\u0113.<\/p>\n<p>FMP vienm\u0113r ir atv\u0113rts glob\u0101l\u0101m partnerattiec\u012bb\u0101m un ir ap\u0146\u0113mies sniegt ekspertu padomus un piel\u0101gotus risin\u0101jumus, lai apmierin\u0101tu m\u016bsu klientu da\u017e\u0101d\u0101s vajadz\u012bbas. M\u0113s ejam t\u0101l\u0101k par vienk\u0101r\u0161u produktu pieg\u0101di \u2014 m\u0113s koncentr\u0113jamies uz ilgsto\u0161u attiec\u012bbu veido\u0161anu, nodro\u0161inot katra projekta pan\u0101kumus. Neatkar\u012bgi no t\u0101, vai mekl\u0113jat inovat\u012bvus risin\u0101jumus jaunai iniciat\u012bvai vai nepiecie\u0161ams atbalsts eso\u0161ai sist\u0113mai, FMP ir ap\u0146\u0113mies risin\u0101t j\u016bsu tehnisk\u0101s probl\u0113mas un pal\u012bdz\u0113t jums sasniegt ilgtsp\u0113j\u012bgus pan\u0101kumus.<\/p>\n<p><img loading=\"lazy\" decoding=\"async\" class=\"alignnone size-full wp-image-1861\" src=\"https:\/\/fmp-components.com\/wp-content\/uploads\/2024\/12\/Other-Agricultural-Gearboxes.webp\" sizes=\"(min-width: 0px) and (max-width: 480px) 480px, (min-width: 481px) and (max-width: 980px) 980px, (min-width: 981px) 1200px, 100vw\" srcset=\"https:\/\/fmp-components.com\/wp-content\/uploads\/2024\/12\/Other-Agricultural-Gearboxes.webp 1200w, https:\/\/fmp-components.com\/wp-content\/uploads\/2024\/12\/Other-Agricultural-Gearboxes-980x1143.webp 980w, https:\/\/fmp-components.com\/wp-content\/uploads\/2024\/12\/Other-Agricultural-Gearboxes-480x560.webp 480w\" alt=\"Altri-cambi-agricoli\" width=\"1200\" height=\"1400\" title=\"\"><\/p>\n<p>Autors: CX<\/p>\n<p>&nbsp;<\/p>","protected":false},"excerpt":{"rendered":"<p>Agricultural Lawn Mower Gearbox FMP-140 \u2013 Product Introduction The FMP-140 Agricultural Lawn Mower Gearbox is a high-performance, durable gearbox designed specifically for lawn mowers and other agricultural machinery. Engineered by FMP, a leading manufacturer of precision gearboxes, the FMP-140 combines reliability, efficiency, and long-lasting performance to meet the demands of both commercial and residential mowing [&hellip;]<\/p>","protected":false},"featured_media":2041,"comment_status":"open","ping_status":"closed","template":"","meta":{"_et_pb_use_builder":"","_et_pb_old_content":"","_et_gb_content_width":""},"product_brand":[],"product_cat":[52],"product_tag":[],"class_list":{"0":"post-2039","1":"product","2":"type-product","3":"status-publish","4":"has-post-thumbnail","6":"product_cat-lawn-mower-gearbox","8":"first","9":"instock","10":"shipping-taxable","11":"product-type-simple"},"_links":{"self":[{"href":"https:\/\/fmp-components.com\/lv\/wp-json\/wp\/v2\/product\/2039","targetHints":{"allow":["GET"]}}],"collection":[{"href":"https:\/\/fmp-components.com\/lv\/wp-json\/wp\/v2\/product"}],"about":[{"href":"https:\/\/fmp-components.com\/lv\/wp-json\/wp\/v2\/types\/product"}],"replies":[{"embeddable":true,"href":"https:\/\/fmp-components.com\/lv\/wp-json\/wp\/v2\/comments?post=2039"}],"wp:featuredmedia":[{"embeddable":true,"href":"https:\/\/fmp-components.com\/lv\/wp-json\/wp\/v2\/media\/2041"}],"wp:attachment":[{"href":"https:\/\/fmp-components.com\/lv\/wp-json\/wp\/v2\/media?parent=2039"}],"wp:term":[{"taxonomy":"product_brand","embeddable":true,"href":"https:\/\/fmp-components.com\/lv\/wp-json\/wp\/v2\/product_brand?post=2039"},{"taxonomy":"product_cat","embeddable":true,"href":"https:\/\/fmp-components.com\/lv\/wp-json\/wp\/v2\/product_cat?post=2039"},{"taxonomy":"product_tag","embeddable":true,"href":"https:\/\/fmp-components.com\/lv\/wp-json\/wp\/v2\/product_tag?post=2039"}],"curies":[{"name":"wp","href":"https:\/\/api.w.org\/{rel}","templated":true}]}}