{"id":2031,"date":"2024-12-27T01:51:37","date_gmt":"2024-12-27T01:51:37","guid":{"rendered":"https:\/\/fmp-components.com\/?page_id=8"},"modified":"2024-12-27T01:51:37","modified_gmt":"2024-12-27T01:51:37","slug":"agricultural-lawn-mower-gearbox-fmp-rc81","status":"publish","type":"product","link":"https:\/\/fmp-components.com\/lv\/product\/agricultural-lawn-mower-gearbox-fmp-rc81\/","title":{"rendered":"Lauksaimniec\u012bbas z\u0101les p\u013c\u0101v\u0113ja p\u0101rnesumk\u0101rba FMP-RC81"},"content":{"rendered":"<h2>Lauksaimniec\u012bbas z\u0101les p\u013c\u0101v\u0113ja \u0101trumk\u0101rbas FMP-RC81 specifik\u0101cija<\/h2>\n<table style=\"width: 96.2203%; height: 596px;\" border=\"1\" width=\"100%\" cellspacing=\"0\" cellpadding=\"0\">\n<tbody>\n<tr>\n<td width=\"110\"><img loading=\"lazy\" decoding=\"async\" class=\"alignnone size-full wp-image-2033\" src=\"https:\/\/fmp-components.com\/wp-content\/uploads\/2024\/12\/fmp_agricultural-gearbox-HC-RC81-2.webp\" alt=\"fmp_lauksaimniec\u012bbas-p\u0101rnesumk\u0101rba-HC-RC81-2\" width=\"399\" height=\"518\" title=\"\" srcset=\"https:\/\/fmp-components.com\/wp-content\/uploads\/2024\/12\/fmp_agricultural-gearbox-HC-RC81-2.webp 399w, https:\/\/fmp-components.com\/wp-content\/uploads\/2024\/12\/fmp_agricultural-gearbox-HC-RC81-2-231x300.webp 231w, https:\/\/fmp-components.com\/wp-content\/uploads\/2024\/12\/fmp_agricultural-gearbox-HC-RC81-2-9x12.webp 9w\" sizes=\"(max-width: 399px) 100vw, 399px\" \/><\/td>\n<td width=\"98\"><img loading=\"lazy\" decoding=\"async\" class=\"alignnone size-full wp-image-2034\" src=\"https:\/\/fmp-components.com\/wp-content\/uploads\/2024\/12\/fmp_agricultural-gearbox-HC-RC81.webp\" alt=\"fmp_lauksaimniec\u012bbas-p\u0101rnesumk\u0101rba-HC-RC81-2\" width=\"400\" height=\"400\" title=\"\" srcset=\"https:\/\/fmp-components.com\/wp-content\/uploads\/2024\/12\/fmp_agricultural-gearbox-HC-RC81.webp 400w, https:\/\/fmp-components.com\/wp-content\/uploads\/2024\/12\/fmp_agricultural-gearbox-HC-RC81-300x300.webp 300w, https:\/\/fmp-components.com\/wp-content\/uploads\/2024\/12\/fmp_agricultural-gearbox-HC-RC81-150x150.webp 150w, https:\/\/fmp-components.com\/wp-content\/uploads\/2024\/12\/fmp_agricultural-gearbox-HC-RC81-12x12.webp 12w, https:\/\/fmp-components.com\/wp-content\/uploads\/2024\/12\/fmp_agricultural-gearbox-HC-RC81-100x100.webp 100w\" sizes=\"(max-width: 400px) 100vw, 400px\" \/><\/td>\n<\/tr>\n<\/tbody>\n<\/table>\n<table style=\"width: 95.6387%; height: 235px;\" border=\"1\">\n<tbody>\n<tr>\n<td><strong>PRECE<\/strong><\/td>\n<td>FMP-RC81<\/td>\n<\/tr>\n<tr>\n<td><strong>Attiec\u012bba<\/strong><\/td>\n<td>1:1.93\/1:1.46<\/td>\n<\/tr>\n<tr>\n<td><strong>Zobi<\/strong><\/td>\n<td>27\/14 19\/13<\/td>\n<\/tr>\n<tr>\n<td><strong>Modulis<\/strong><\/td>\n<td>5.5 \/ 7.0<\/td>\n<\/tr>\n<tr>\n<td><strong>Jauda (ZS)<\/strong><\/td>\n<td>80<\/td>\n<\/tr>\n<tr>\n<td><strong>Nomin\u0101l\u0101 ieeja<\/strong><\/td>\n<td>600 apgr.\/min<\/td>\n<\/tr>\n<tr>\n<td><strong>Ievades\/izvades apraksts<\/strong><\/td>\n<td>1-3\/8 Z6 konusveida rievas<\/td>\n<\/tr>\n<tr>\n<td><strong>Svars (ZR)<\/strong><\/td>\n<td>28,7\u00a0kg<\/td>\n<\/tr>\n<\/tbody>\n<\/table>\n<h3>Lauksaimniec\u012bbas z\u0101les p\u013c\u0101v\u0113ja reduktora FMP-RC81 \u012bpa\u0161\u012bbas<\/h3>\n<p>Lauksaimniec\u012bbas z\u0101les p\u013c\u0101v\u0113ja FMP-RC81 p\u0101rnesumk\u0101rba ir augstas veiktsp\u0113jas, iztur\u012bga p\u0101rnesumk\u0101rba, kas paredz\u0113ta, lai nodro\u0161in\u0101tu izcilu uzticam\u012bbu, efektivit\u0101ti un iztur\u012bbu pras\u012bgiem z\u0101les p\u013cau\u0161anas darbiem. T\u0101 ir izstr\u0101d\u0101ta, lai tiktu gal\u0101 ar vissmag\u0101kajiem apst\u0101k\u013ciem un nodro\u0161in\u0101tu ilgsto\u0161u kalpo\u0161anu. FMP-RC81 galven\u0101s iez\u012bmes ir \u0161\u0101das:<\/p>\n<ol>\n<li><strong>Iztur\u012bgs dizains<\/strong><br \/>\nFMP-RC81 ir izgatavots no iztur\u012bgiem, augstas stipr\u012bbas materi\u0101liem, lai iztur\u0113tu lielo slodzi, kas saist\u012bta ar lauksaimniec\u012bbas z\u0101liena p\u013cau\u0161anu. T\u0101 robustais dizains nodro\u0161ina izcilu sniegumu sare\u017e\u0123\u012btos apst\u0101k\u013cos, s\u0101kot no biezas z\u0101les l\u012bdz nel\u012bdzenam reljefam.<\/li>\n<li><strong>Augsta griezes momenta jauda<\/strong><br \/>\nPateicoties izcilai griezes momenta apstr\u0101dei, FMP-RC81 ir ide\u0101li piem\u0113rots lielas slodzes lietojumprogramm\u0101m. Tas nodro\u0161ina efekt\u012bvu jaudas p\u0101rvadi pat vissare\u017e\u0123\u012bt\u0101kajos apst\u0101k\u013cos, \u013caujot z\u0101les p\u013c\u0101v\u0113jam darboties vislab\u0101kaj\u0101 veid\u0101 pat bl\u012bv\u0101 z\u0101l\u0113 vai sl\u012bpum\u0101.<\/li>\n<li><strong>Prec\u012bzi apstr\u0101d\u0101ti zobrati<\/strong><br \/>\nApr\u012bkots ar prec\u012bzi konstru\u0113tiem zobratiem, FMP-RC81 nodro\u0161ina vienm\u0113r\u012bgu un efekt\u012bvu jaudas p\u0101rvadi ar minim\u0101lu vibr\u0101ciju. \u0160\u012b precizit\u0101te samazina nodilumu, t\u0101d\u0113j\u0101di nodro\u0161inot ilg\u0101ku kalpo\u0161anas laiku un zem\u0101kas apkopes izmaksas.<\/li>\n<li><strong>Optimiz\u0113ta energoefektivit\u0101te<\/strong><br \/>\nFMP-RC81 modelim ir optimiz\u0113ta p\u0101rnesumu konstrukcija, kas samazina jaudas zudumus, uzlabojot z\u0101les p\u013c\u0101v\u0113ja kop\u0113jo efektivit\u0101ti. Tas samazina dzin\u0113ja slodzi, uzlabo degvielas ekonomiju un nodro\u0161ina, ka jauda tiek efekt\u012bvi izmantota p\u013cau\u0161anas veiktsp\u0113jai.<\/li>\n<li><strong>Kompakts un viegls<\/strong><br \/>\nNeskatoties uz t\u0101 lieljaudas iesp\u0113j\u0101m, FMP-RC81 ir izstr\u0101d\u0101ts t\u0101, lai b\u016btu kompakts un viegls. Tas \u013cauj to viegli integr\u0113t da\u017e\u0101d\u0101s z\u0101les p\u013c\u0101v\u0113ju sist\u0113m\u0101s, nepalielinot svaru, t\u0101d\u0113j\u0101di uzlabojot manevr\u0113tsp\u0113ju un samazinot slodzi uz apr\u012bkojumu.<\/li>\n<li><strong>Viegli kopjams dizains<\/strong><br \/>\nFMP-RC81 p\u0101rnesumk\u0101rba ir konstru\u0113ta t\u0101, lai tai b\u016btu nepiecie\u0161ama minim\u0101la apkope, un taj\u0101 ir pa\u0161e\u013c\u013cojo\u0161as deta\u013cas, kas samazina nepiecie\u0161am\u012bbu p\u0113c bie\u017eas apkopes. \u0160\u012b konstrukcija nodro\u0161ina nep\u0101rtrauktu darb\u012bbu ar samazin\u0101tu d\u012bkst\u0101ves laiku un apkopes izmaks\u0101m.<\/li>\n<li><strong>Daudzpus\u012bgs un piel\u0101gojams<\/strong><br \/>\nFMP-RC81 ir \u013coti daudzpus\u012bgs un sader\u012bgs ar pla\u0161u lauksaimniec\u012bb\u0101 un ainavu veido\u0161an\u0101 izmantoto z\u0101les p\u013c\u0101v\u0113ju kl\u0101stu. To var piel\u0101got konkr\u0113t\u0101m pras\u012bb\u0101m, nodro\u0161inot optim\u0101lu veiktsp\u0113ju da\u017e\u0101d\u0101s p\u013c\u0101v\u0113ju konfigur\u0101cij\u0101s.<\/li>\n<\/ol>\n<p>Lauksaimniec\u012bbas z\u0101les p\u013c\u0101v\u0113ja FMP-RC81 p\u0101rnesumk\u0101rba apvieno iztur\u012bbu, efektivit\u0101ti un uzticam\u012bbu, padarot to par lielisku izv\u0113li lauksaimniec\u012bbas un r\u016bpnieciskajiem p\u013cau\u0161anas darbiem. T\u0101 ir izstr\u0101d\u0101ta, lai iztur\u0113tu lielas slodzes, samazin\u0101tu apkopi un nodro\u0161in\u0101tu vienm\u0113r\u012bgu jaudas p\u0101rvadi, un t\u0101 ir veidota, lai maksim\u0101li palielin\u0101tu darb\u012bbas efektivit\u0101ti un samazin\u0101tu d\u012bkst\u0101ves laiku.<\/p>\n<p><img loading=\"lazy\" decoding=\"async\" class=\"alignnone size-full wp-image-1994\" src=\"https:\/\/fmp-components.com\/wp-content\/uploads\/2024\/12\/Lawn-Mower-Gearbox-7.webp\" alt=\"Z\u0101les p\u013c\u0101v\u0113ja p\u0101rnesumk\u0101rba\" width=\"1502\" height=\"805\" title=\"\" srcset=\"https:\/\/fmp-components.com\/wp-content\/uploads\/2024\/12\/Lawn-Mower-Gearbox-7.webp 1502w, https:\/\/fmp-components.com\/wp-content\/uploads\/2024\/12\/Lawn-Mower-Gearbox-7-1280x686.webp 1280w, https:\/\/fmp-components.com\/wp-content\/uploads\/2024\/12\/Lawn-Mower-Gearbox-7-980x525.webp 980w, https:\/\/fmp-components.com\/wp-content\/uploads\/2024\/12\/Lawn-Mower-Gearbox-7-480x257.webp 480w\" sizes=\"(min-width: 0px) and (max-width: 480px) 480px, (min-width: 481px) and (max-width: 980px) 980px, (min-width: 981px) and (max-width: 1280px) 1280px, (min-width: 1281px) 1502px, 100vw\" \/><\/p>\n<h3>Par FMP<\/h3>\n<p>FMP, kura galven\u0101 m\u012btne atrodas It\u0101lij\u0101, ir vado\u0161ais ra\u017eot\u0101js, kas specializ\u0113jas augstas veiktsp\u0113jas p\u0101rnesumk\u0101rbu ra\u017eo\u0161an\u0101 lauksaimniec\u012bbas tehnikai. M\u0113s esam paz\u012bstami ar prec\u012bzu in\u017eenieriju, inov\u0101cij\u0101m un uzticam\u012bbu, un pied\u0101v\u0101jam pla\u0161u p\u0101rnesumk\u0101rbu kl\u0101stu, tostarp z\u0101les p\u013c\u0101v\u0113ju p\u0101rnesumk\u0101rbas un t\u0101das svar\u012bgas sast\u0101vda\u013cas k\u0101 j\u016bgv\u0101rpstas. M\u016bsu misija ir nodro\u0161in\u0101t piel\u0101gotus risin\u0101jumus, kas atbilst lauksaimniec\u012bbas un r\u016bpniec\u012bbas nozaru \u012bpa\u0161aj\u0101m vajadz\u012bb\u0101m, gan ar atsevi\u0161\u0137u produktu, gan integr\u0113tu sist\u0113mu pal\u012bdz\u012bbu.<\/p>\n<p>M\u0113s saprotam, ka katram klientam ir unik\u0101las pras\u012bbas, t\u0101p\u0113c m\u0113s izcili piel\u0101gojam savus produktus \u0161\u012bm vajadz\u012bb\u0101m. Neatkar\u012bgi no t\u0101, vai jums nepiecie\u0161ama specializ\u0113ta p\u0101rnesumk\u0101rba vai piln\u012bga sist\u0113ma, m\u0113s cie\u0161i sadarbojamies ar jums, lai sniegtu visefekt\u012bv\u0101kos un lietder\u012bg\u0101kos risin\u0101jumus. M\u016bsu \u0101tr\u0101s un profesion\u0101l\u0101s atbildes apvienojum\u0101 ar ekspertu padomiem nodro\u0161ina, ka katrs piepras\u012bjums tiek apstr\u0101d\u0101ts r\u016bp\u012bgi un prec\u012bzi.<\/p>\n<p>FMP m\u0113s priorit\u0101ri izvirz\u0101m atv\u0113rtu komunik\u0101ciju un sadarb\u012bbu, \u012bpa\u0161i jaunu produktu izstr\u0101d\u0113. M\u016bsu komanda str\u0101d\u0101 kop\u0101 ar klientiem, lai izprastu vi\u0146u izaicin\u0101jumus un sniegtu ieskatu, kas noved pie optim\u0101liem risin\u0101jumiem. M\u0113s esam ap\u0146\u0113mu\u0161ies savlaic\u012bgi pieg\u0101d\u0101t augstas kvalit\u0101tes, prec\u012bzi konstru\u0113tus produktus, neatkar\u012bgi no t\u0101, vai tie ir jaunizstr\u0101d\u0101jumi vai eso\u0161i pas\u016bt\u012bjumi.<\/p>\n<p>Kvalit\u0101te ir FMP darb\u012bbas pamat\u0101. M\u016bsu ra\u017eo\u0161anas procesi atbilst augst\u0101kajiem standartiem, nodro\u0161inot precizit\u0101ti un defektu neesam\u012bbu. Stingra kvalit\u0101tes kontrole garant\u0113, ka katrs produkts atbilst vai p\u0101rsniedz nozares standartus. \u0160\u012b ap\u0146em\u0161an\u0101s nodro\u0161in\u0101t kvalit\u0101ti apvienojum\u0101 ar m\u016bsu pamatv\u0113rt\u012bb\u0101m \u2013 integrit\u0101ti, komandas darbu un neatlaid\u012bbu \u2013 ir \u013c\u0101vusi mums izveidot sp\u0113c\u012bgas attiec\u012bbas ar klientiem gandr\u012bz 30 valst\u012bs.<\/p>\n<p>FMP vienm\u0113r ir atv\u0113rts glob\u0101l\u0101m partner\u012bb\u0101m, pied\u0101v\u0101jot ekspertu padomus un piel\u0101gotus risin\u0101jumus. M\u016bsu pieeja sniedzas t\u0101l\u0101k par vienk\u0101r\u0161u produktu pieg\u0101di; m\u0113s cen\u0161amies veidot ilgtermi\u0146a attiec\u012bbas, kas veicina abpus\u0113jus pan\u0101kumus. Neatkar\u012bgi no t\u0101, vai jums ir nepiecie\u0161ami jauni risin\u0101jumi vai atbalsts eso\u0161aj\u0101m sist\u0113m\u0101m, FMP ir ap\u0146\u0113mies risin\u0101t j\u016bsu tehnisk\u0101s probl\u0113mas un nodro\u0161in\u0101t turpm\u0101kus pan\u0101kumus.<\/p>\n<p><img loading=\"lazy\" decoding=\"async\" class=\"alignnone size-full wp-image-1861\" src=\"https:\/\/fmp-components.com\/wp-content\/uploads\/2024\/12\/Other-Agricultural-Gearboxes.webp\" sizes=\"(min-width: 0px) and (max-width: 480px) 480px, (min-width: 481px) and (max-width: 980px) 980px, (min-width: 981px) 1200px, 100vw\" srcset=\"https:\/\/fmp-components.com\/wp-content\/uploads\/2024\/12\/Other-Agricultural-Gearboxes.webp 1200w, https:\/\/fmp-components.com\/wp-content\/uploads\/2024\/12\/Other-Agricultural-Gearboxes-980x1143.webp 980w, https:\/\/fmp-components.com\/wp-content\/uploads\/2024\/12\/Other-Agricultural-Gearboxes-480x560.webp 480w\" alt=\"Altri-cambi-agricoli\" width=\"1200\" height=\"1400\" title=\"\"><\/p>\n<p>Autors: CX<\/p>","protected":false},"excerpt":{"rendered":"<p>Agricultural Lawn Mower Gearbox FMP-RC81 Specification ITEM FMP-RC81 Ratio 1:1.93\/1:1.46 Teeth 27\/14 19\/13 Module 5.5 \/ 7.0 Power(HP) 80 Rated Input 600rpm Input\/Output Description 1-3\/8 Z6 Taper spline Weight(N.W) 28.7KG Features of Agricultural Lawn Mower Gearbox FMP-RC81 The FMP-RC81 Agricultural Lawn Mower Gearbox is a high-performance, heavy-duty gearbox designed to deliver exceptional reliability, efficiency, and [&hellip;]<\/p>","protected":false},"featured_media":2034,"comment_status":"open","ping_status":"closed","template":"","meta":{"_et_pb_use_builder":"","_et_pb_old_content":"","_et_gb_content_width":""},"product_brand":[],"product_cat":[52],"product_tag":[],"class_list":{"0":"post-2031","1":"product","2":"type-product","3":"status-publish","4":"has-post-thumbnail","6":"product_cat-lawn-mower-gearbox","8":"first","9":"instock","10":"shipping-taxable","11":"product-type-simple"},"_links":{"self":[{"href":"https:\/\/fmp-components.com\/lv\/wp-json\/wp\/v2\/product\/2031","targetHints":{"allow":["GET"]}}],"collection":[{"href":"https:\/\/fmp-components.com\/lv\/wp-json\/wp\/v2\/product"}],"about":[{"href":"https:\/\/fmp-components.com\/lv\/wp-json\/wp\/v2\/types\/product"}],"replies":[{"embeddable":true,"href":"https:\/\/fmp-components.com\/lv\/wp-json\/wp\/v2\/comments?post=2031"}],"wp:featuredmedia":[{"embeddable":true,"href":"https:\/\/fmp-components.com\/lv\/wp-json\/wp\/v2\/media\/2034"}],"wp:attachment":[{"href":"https:\/\/fmp-components.com\/lv\/wp-json\/wp\/v2\/media?parent=2031"}],"wp:term":[{"taxonomy":"product_brand","embeddable":true,"href":"https:\/\/fmp-components.com\/lv\/wp-json\/wp\/v2\/product_brand?post=2031"},{"taxonomy":"product_cat","embeddable":true,"href":"https:\/\/fmp-components.com\/lv\/wp-json\/wp\/v2\/product_cat?post=2031"},{"taxonomy":"product_tag","embeddable":true,"href":"https:\/\/fmp-components.com\/lv\/wp-json\/wp\/v2\/product_tag?post=2031"}],"curies":[{"name":"wp","href":"https:\/\/api.w.org\/{rel}","templated":true}]}}