{"id":2028,"date":"2024-12-27T01:47:24","date_gmt":"2024-12-27T01:47:24","guid":{"rendered":"https:\/\/fmp-components.com\/?page_id=8"},"modified":"2024-12-27T01:47:24","modified_gmt":"2024-12-27T01:47:24","slug":"agricultural-lawn-mower-gearbox-fmp-rc61","status":"publish","type":"product","link":"https:\/\/fmp-components.com\/lv\/product\/agricultural-lawn-mower-gearbox-fmp-rc61\/","title":{"rendered":"Lauksaimniec\u012bbas z\u0101les p\u013c\u0101v\u0113ja p\u0101rnesumk\u0101rba FMP-RC61"},"content":{"rendered":"<h2>Lauksaimniec\u012bbas z\u0101les p\u013c\u0101v\u0113ja \u0101trumk\u0101rbas FMP-RC61 specifik\u0101cija<\/h2>\n<table style=\"width: 96.2203%; height: 596px;\" border=\"1\" width=\"100%\" cellspacing=\"0\" cellpadding=\"0\">\n<tbody>\n<tr>\n<td width=\"110\"><img loading=\"lazy\" decoding=\"async\" class=\"alignnone size-full wp-image-2029\" src=\"https:\/\/fmp-components.com\/wp-content\/uploads\/2024\/12\/fmp_agricultural-gearbox-HC-RC61-2.webp\" alt=\"fmp_lauksaimniec\u012bbas-p\u0101rnesumk\u0101rba-HC-RC61-2\" width=\"470\" height=\"564\" title=\"\" srcset=\"https:\/\/fmp-components.com\/wp-content\/uploads\/2024\/12\/fmp_agricultural-gearbox-HC-RC61-2.webp 470w, https:\/\/fmp-components.com\/wp-content\/uploads\/2024\/12\/fmp_agricultural-gearbox-HC-RC61-2-250x300.webp 250w, https:\/\/fmp-components.com\/wp-content\/uploads\/2024\/12\/fmp_agricultural-gearbox-HC-RC61-2-10x12.webp 10w\" sizes=\"(max-width: 470px) 100vw, 470px\" \/><\/td>\n<td width=\"98\"><img loading=\"lazy\" decoding=\"async\" class=\"alignnone size-full wp-image-2030\" src=\"https:\/\/fmp-components.com\/wp-content\/uploads\/2024\/12\/fmp_agricultural-gearbox-HC-RC61.webp\" alt=\"fmp_lauksaimniec\u012bbas-p\u0101rnesumk\u0101rba-HC-RC61-2\" width=\"400\" height=\"400\" title=\"\" srcset=\"https:\/\/fmp-components.com\/wp-content\/uploads\/2024\/12\/fmp_agricultural-gearbox-HC-RC61.webp 400w, https:\/\/fmp-components.com\/wp-content\/uploads\/2024\/12\/fmp_agricultural-gearbox-HC-RC61-300x300.webp 300w, https:\/\/fmp-components.com\/wp-content\/uploads\/2024\/12\/fmp_agricultural-gearbox-HC-RC61-150x150.webp 150w, https:\/\/fmp-components.com\/wp-content\/uploads\/2024\/12\/fmp_agricultural-gearbox-HC-RC61-12x12.webp 12w, https:\/\/fmp-components.com\/wp-content\/uploads\/2024\/12\/fmp_agricultural-gearbox-HC-RC61-100x100.webp 100w\" sizes=\"(max-width: 400px) 100vw, 400px\" \/><\/td>\n<\/tr>\n<\/tbody>\n<\/table>\n<table style=\"width: 96.4817%; height: 184px;\" border=\"1\">\n<tbody>\n<tr style=\"height: 23px;\">\n<td style=\"width: 39.6789%; height: 23px;\"><strong>PRECE<\/strong><\/td>\n<td style=\"width: 62.0413%; height: 23px;\">FMP-RC61<\/td>\n<\/tr>\n<tr style=\"height: 23px;\">\n<td style=\"width: 39.6789%; height: 23px;\"><strong>Attiec\u012bba<\/strong><\/td>\n<td style=\"width: 62.0413%; height: 23px;\">1:1.46\/1:1.93<\/td>\n<\/tr>\n<tr style=\"height: 23px;\">\n<td style=\"width: 39.6789%; height: 23px;\"><strong>Zobi<\/strong><\/td>\n<td style=\"width: 62.0413%; height: 23px;\">19\/13 27\/14<\/td>\n<\/tr>\n<tr style=\"height: 23px;\">\n<td style=\"width: 39.6789%; height: 23px;\"><strong>Modulis<\/strong><\/td>\n<td style=\"width: 62.0413%; height: 23px;\">\u00a07.0\u00a0\/5.5<\/td>\n<\/tr>\n<tr style=\"height: 23px;\">\n<td style=\"width: 39.6789%; height: 23px;\"><strong>Jauda (ZS)<\/strong><\/td>\n<td style=\"width: 62.0413%; height: 23px;\">60<\/td>\n<\/tr>\n<tr style=\"height: 23px;\">\n<td style=\"width: 39.6789%; height: 23px;\"><strong>Nomin\u0101l\u0101 ieeja<\/strong><\/td>\n<td style=\"width: 62.0413%; height: 23px;\">540 apgr.\/min<\/td>\n<\/tr>\n<tr style=\"height: 23px;\">\n<td style=\"width: 39.6789%; height: 23px;\"><strong>Ievades\/izvades apraksts<\/strong><\/td>\n<td style=\"width: 62.0413%; height: 23px;\">1-3\/8 Z6 konusveida rievas<\/td>\n<\/tr>\n<tr style=\"height: 23px;\">\n<td style=\"width: 39.6789%; height: 23px;\"><strong>Svars (ZR)<\/strong><\/td>\n<td style=\"width: 62.0413%; height: 23px;\">36,5\u00a0kg<\/td>\n<\/tr>\n<\/tbody>\n<\/table>\n<h2>Lauksaimniec\u012bbas z\u0101les p\u013c\u0101v\u0113ja reduktora FMP-RC61 \u012bpa\u0161\u012bbas<\/h2>\n<p>Lauksaimniec\u012bbas z\u0101les p\u013c\u0101v\u0113ja FMP-RC61 p\u0101rnesumk\u0101rba ir izstr\u0101d\u0101ta, lai nodro\u0161in\u0101tu izcilu veiktsp\u0113ju, iztur\u012bbu un uzticam\u012bbu sare\u017e\u0123\u012btos lauksaimniec\u012bbas apst\u0101k\u013cos. T\u0101 ir paredz\u0113ta lieljaudas lietojumiem, nodro\u0161inot izcilu efektivit\u0101ti un ilgu kalpo\u0161anas laiku. FMP-RC61 galven\u0101s iez\u012bmes ir \u0161\u0101das:<\/p>\n<ol>\n<li><strong>Iztur\u012bga konstrukcija<\/strong><br \/>\nFMP-RC61 ir izgatavots no augstas iztur\u012bbas materi\u0101liem, lai tiktu gal\u0101 ar stingraj\u0101m lauksaimniec\u012bbas z\u0101liena p\u013cau\u0161anas pras\u012bb\u0101m. T\u0101 robustais dizains nodro\u0161ina uzticam\u012bbu pat sare\u017e\u0123\u012btos darba apst\u0101k\u013cos.<\/li>\n<li><strong>Augsts griezes moments un kravnes\u012bba<\/strong><br \/>\nFMP-RC61 p\u0101rnesumk\u0101rba, kas sp\u0113j iztur\u0113t liel\u0101kas griezes momenta slodzes, izce\u013cas ar izcilu noslodzi lieljaudas lietojumos, nodro\u0161inot efekt\u012bvu jaudas p\u0101rnesi uz p\u013c\u0101v\u0113ja asme\u0146iem pat biez\u0101 z\u0101l\u0113 un nel\u012bdzen\u0101 reljef\u0101.<\/li>\n<li><strong>Prec\u012bzijas p\u0101rnesumu dizains<\/strong><br \/>\nAr smalki konstru\u0113tiem zobratiem FMP-RC61 nodro\u0161ina vienm\u0113r\u012bgu un past\u0101v\u012bgu jaudas p\u0101rvadi. \u0160\u012b precizit\u0101te samazina nodilumu, vibr\u0101cijas un pagarina p\u0101rnesumk\u0101rbas kalpo\u0161anas laiku.<\/li>\n<li><strong>Uzlabota energoefektivit\u0101te<\/strong><br \/>\nFMP-RC61 ir izstr\u0101d\u0101ts maksim\u0101lai efektivit\u0101tei, samazinot ener\u0123ijas zudumus jaudas p\u0101rvades laik\u0101. Efekt\u012bvais dizains uzlabo degvielas ekonomiju, samazina dzin\u0113ja slodzi un nodro\u0161ina optim\u0101lu p\u013cau\u0161anas veiktsp\u0113ju.<\/li>\n<li><strong>Kompakts un vietu taupo\u0161s<\/strong><br \/>\nNeskatoties uz t\u0101 jaud\u012bgaj\u0101m iesp\u0113j\u0101m, FMP-RC61 ir izstr\u0101d\u0101ts ar kompaktu, vietu taupo\u0161u konstrukciju, kas \u013cauj to viegli integr\u0113t da\u017e\u0101d\u0101s z\u0101les p\u013c\u0101v\u0113ju sist\u0113m\u0101s, neapdraudot veiktsp\u0113ju.<\/li>\n<li><strong>Zemas apkopes pras\u012bbas<\/strong><br \/>\nFMP-RC61 ir paredz\u0113ts minim\u0101lai apkopei, un tam ir pa\u0161e\u013c\u013cojo\u0161as deta\u013cas un iztur\u012bgi bl\u012bv\u0113jumi, kas samazina nepiecie\u0161am\u012bbu p\u0113c bie\u017eas apkopes un nodro\u0161ina nep\u0101rtrauktu darb\u012bbu ar minim\u0101lu d\u012bkst\u0101vi.<\/li>\n<li><strong>Daudzpus\u012bga sader\u012bba<\/strong><br \/>\nFMP-RC61 ir sader\u012bgs ar pla\u0161u lauksaimniec\u012bbas z\u0101les p\u013c\u0101v\u0113ju kl\u0101stu, pied\u0101v\u0101jot daudzpus\u012bbu da\u017e\u0101diem pielietojumiem. To var piel\u0101got konkr\u0113t\u0101m tehnikas konfigur\u0101cij\u0101m un klientu vajadz\u012bb\u0101m.<\/li>\n<\/ol>\n<p>Lauksaimniec\u012bbas z\u0101les p\u013c\u0101v\u0113ja FMP-RC61 p\u0101rnesumk\u0101rba ir augstas veiktsp\u0113jas, uzticams un iztur\u012bgs risin\u0101jums, kas paredz\u0113ts, lai nodro\u0161in\u0101tu izcilus rezult\u0101tus pras\u012bgos lauksaimniec\u012bbas un r\u016bpniecisk\u0101s p\u013cau\u0161anas darbos. T\u0101s inovat\u012bv\u0101s funkcijas nodro\u0161ina optim\u0101lu efektivit\u0101ti, ilgu kalpo\u0161anas laiku un zemas ekspluat\u0101cijas izmaksas.<\/p>\n<p><img loading=\"lazy\" decoding=\"async\" class=\"alignnone size-full wp-image-1994\" src=\"https:\/\/fmp-components.com\/wp-content\/uploads\/2024\/12\/Lawn-Mower-Gearbox-7.webp\" alt=\"Z\u0101les p\u013c\u0101v\u0113ja p\u0101rnesumk\u0101rba\" width=\"1502\" height=\"805\" title=\"\" srcset=\"https:\/\/fmp-components.com\/wp-content\/uploads\/2024\/12\/Lawn-Mower-Gearbox-7.webp 1502w, https:\/\/fmp-components.com\/wp-content\/uploads\/2024\/12\/Lawn-Mower-Gearbox-7-1280x686.webp 1280w, https:\/\/fmp-components.com\/wp-content\/uploads\/2024\/12\/Lawn-Mower-Gearbox-7-980x525.webp 980w, https:\/\/fmp-components.com\/wp-content\/uploads\/2024\/12\/Lawn-Mower-Gearbox-7-480x257.webp 480w\" sizes=\"(min-width: 0px) and (max-width: 480px) 480px, (min-width: 481px) and (max-width: 980px) 980px, (min-width: 981px) and (max-width: 1280px) 1280px, (min-width: 1281px) 1502px, 100vw\" \/><\/p>\n<h3>Par FMP<\/h3>\n<p>FMP, kas atrodas It\u0101lij\u0101, ir iev\u0113rojams ra\u017eot\u0101js, kas paz\u012bstams ar sav\u0101m augstas veiktsp\u0113jas p\u0101rnesumk\u0101rb\u0101m, kas piel\u0101gotas lauksaimniec\u012bbas tehnikai. Ar sp\u0113c\u012bgu reput\u0101ciju prec\u012bz\u0101s in\u017eenierijas, inov\u0101ciju un uzticam\u012bbas jom\u0101 m\u0113s pied\u0101v\u0101jam pla\u0161u p\u0101rnesumk\u0101rbu kl\u0101stu, tostarp specializ\u0113tas z\u0101les p\u013c\u0101v\u0113ju p\u0101rnesumk\u0101rbas un kritiski svar\u012bgas sast\u0101vda\u013cas, piem\u0113ram, j\u016bgv\u0101rpstas. M\u016bsu m\u0113r\u0137is ir sniegt piel\u0101gotus risin\u0101jumus, kas lieliski atbilst lauksaimniec\u012bbas un r\u016bpniec\u012bbas nozaru unik\u0101laj\u0101m pras\u012bb\u0101m, gan k\u0101 atsevi\u0161\u0137i produkti, gan integr\u0113tas sist\u0113mas.<\/p>\n<p>Saprotot, ka katra klienta vajadz\u012bbas ir at\u0161\u0137ir\u012bgas, m\u0113s specializ\u0113jamies savu produktu piel\u0101go\u0161an\u0101 \u0161\u012bm \u012bpa\u0161aj\u0101m pras\u012bb\u0101m. Neatkar\u012bgi no t\u0101, vai mekl\u0113jat piel\u0101gotu p\u0101rnesumk\u0101rbu vai piln\u012bgu sist\u0113mu, m\u0113s cie\u0161i sadarbojamies ar jums, lai izstr\u0101d\u0101tu efekt\u012bvus un lietder\u012bgus risin\u0101jumus. M\u016bsu \u0101tr\u0101s, profesion\u0101l\u0101s atbildes un ekspertu nor\u0101d\u012bjumi nodro\u0161ina, ka katrs piepras\u012bjums tiek apstr\u0101d\u0101ts ar visliel\u0101ko r\u016bp\u012bbu un precizit\u0101ti.<\/p>\n<p>Uz\u0146\u0113mum\u0101 FMP m\u0113s lielu uzsvaru liekam uz caursp\u012bd\u012bgu komunik\u0101ciju un sadarb\u012bbu, \u012bpa\u0161i jaunu produktu projekt\u0113\u0161an\u0101 un att\u012bst\u012b\u0161an\u0101. M\u0113s cie\u0161i sadarbojamies ar saviem klientiem, lai ieg\u016btu dzi\u013cu izpratni par vi\u0146u izaicin\u0101jumiem, pied\u0101v\u0101jot ieskatu, kas noved pie optim\u0101liem, inovat\u012bviem risin\u0101jumiem. M\u016bsu ap\u0146em\u0161an\u0101s pieg\u0101d\u0101t augstas kvalit\u0101tes, prec\u012bzi konstru\u0113tus produktus laik\u0101 un atbilsto\u0161i klientu cer\u012bb\u0101m ir m\u016bsu darb\u012bbas pamat\u0101.<\/p>\n<p>Kvalit\u0101te ir FMP darb\u012bbas st\u016brakmens. M\u016bsu ra\u017eo\u0161anas procesus regul\u0113 augst\u0101kie standarti, nodro\u0161inot nevainojamu izpildi un nulles defektus. Stingra kvalit\u0101tes kontrole nodro\u0161ina, ka katrs produkts atbilst vai p\u0101rsniedz nozares standartus. \u0160\u012b nelok\u0101m\u0101 ap\u0146em\u0161an\u0101s nodro\u0161in\u0101t kvalit\u0101ti apvienojum\u0101 ar m\u016bsu pamatv\u0113rt\u012bb\u0101m \u2013 integrit\u0101ti, komandas darbu un neatlaid\u012bbu \u2013 ir pal\u012bdz\u0113jusi mums veidot ilgsto\u0161as \u200b\u200battiec\u012bbas ar klientiem vair\u0101k nek\u0101 30 valst\u012bs.<\/p>\n<p>FMP vienm\u0113r ir atv\u0113rts glob\u0101lu partner\u012bbu veido\u0161anai, sniedzot ekspertu konsult\u0101cijas un personaliz\u0113tus risin\u0101jumus. M\u016bsu pieeja nav tikai produktu pieg\u0101de, bet gan ilgtermi\u0146a partner\u012bbu veido\u0161ana, kas noved pie kop\u012bgiem pan\u0101kumiem. Neatkar\u012bgi no t\u0101, vai mekl\u0113jat inovat\u012bvus risin\u0101jumus vai past\u0101v\u012bgu atbalstu eso\u0161aj\u0101m sist\u0113m\u0101m, FMP ir ap\u0146\u0113mies atrisin\u0101t j\u016bsu tehnisk\u0101s probl\u0113mas un nodro\u0161in\u0101t j\u016bsu turpm\u0101kos pan\u0101kumus.<\/p>\n<p><img loading=\"lazy\" decoding=\"async\" class=\"alignnone size-full wp-image-1861\" src=\"https:\/\/fmp-components.com\/wp-content\/uploads\/2024\/12\/Other-Agricultural-Gearboxes.webp\" sizes=\"(min-width: 0px) and (max-width: 480px) 480px, (min-width: 481px) and (max-width: 980px) 980px, (min-width: 981px) 1200px, 100vw\" srcset=\"https:\/\/fmp-components.com\/wp-content\/uploads\/2024\/12\/Other-Agricultural-Gearboxes.webp 1200w, https:\/\/fmp-components.com\/wp-content\/uploads\/2024\/12\/Other-Agricultural-Gearboxes-980x1143.webp 980w, https:\/\/fmp-components.com\/wp-content\/uploads\/2024\/12\/Other-Agricultural-Gearboxes-480x560.webp 480w\" alt=\"Altri-cambi-agricoli\" width=\"1200\" height=\"1400\" title=\"\"><\/p>\n<p>Autors: CX<\/p>","protected":false},"excerpt":{"rendered":"<p>Agricultural Lawn Mower Gearbox FMP-RC61 Specification ITEM FMP-RC61 Ratio 1:1.46\/1:1.93 Teeth 19\/13 27\/14 Module \u00a07.0\u00a0\/5.5 Power(HP) 60 Rated Input 540rpm Input\/Output Description 1-3\/8 Z6 Taper spline Weight(N.W) 36.5KG Features of Agricultural Lawn Mower Gearbox FMP-RC61 The FMP-RC61 Agricultural Lawn Mower Gearbox is engineered to provide outstanding performance, durability, and reliability in demanding agricultural environments. Designed [&hellip;]<\/p>","protected":false},"featured_media":2030,"comment_status":"open","ping_status":"closed","template":"","meta":{"_et_pb_use_builder":"","_et_pb_old_content":"","_et_gb_content_width":""},"product_brand":[],"product_cat":[52],"product_tag":[],"class_list":{"0":"post-2028","1":"product","2":"type-product","3":"status-publish","4":"has-post-thumbnail","6":"product_cat-lawn-mower-gearbox","8":"first","9":"instock","10":"shipping-taxable","11":"product-type-simple"},"_links":{"self":[{"href":"https:\/\/fmp-components.com\/lv\/wp-json\/wp\/v2\/product\/2028","targetHints":{"allow":["GET"]}}],"collection":[{"href":"https:\/\/fmp-components.com\/lv\/wp-json\/wp\/v2\/product"}],"about":[{"href":"https:\/\/fmp-components.com\/lv\/wp-json\/wp\/v2\/types\/product"}],"replies":[{"embeddable":true,"href":"https:\/\/fmp-components.com\/lv\/wp-json\/wp\/v2\/comments?post=2028"}],"wp:featuredmedia":[{"embeddable":true,"href":"https:\/\/fmp-components.com\/lv\/wp-json\/wp\/v2\/media\/2030"}],"wp:attachment":[{"href":"https:\/\/fmp-components.com\/lv\/wp-json\/wp\/v2\/media?parent=2028"}],"wp:term":[{"taxonomy":"product_brand","embeddable":true,"href":"https:\/\/fmp-components.com\/lv\/wp-json\/wp\/v2\/product_brand?post=2028"},{"taxonomy":"product_cat","embeddable":true,"href":"https:\/\/fmp-components.com\/lv\/wp-json\/wp\/v2\/product_cat?post=2028"},{"taxonomy":"product_tag","embeddable":true,"href":"https:\/\/fmp-components.com\/lv\/wp-json\/wp\/v2\/product_tag?post=2028"}],"curies":[{"name":"wp","href":"https:\/\/api.w.org\/{rel}","templated":true}]}}