{"id":2021,"date":"2024-12-27T01:29:14","date_gmt":"2024-12-27T01:29:14","guid":{"rendered":"https:\/\/fmp-components.com\/?page_id=8"},"modified":"2024-12-27T01:42:20","modified_gmt":"2024-12-27T01:42:20","slug":"agricultural-lawn-mower-gearbox-fmp-rc51","status":"publish","type":"product","link":"https:\/\/fmp-components.com\/lv\/product\/agricultural-lawn-mower-gearbox-fmp-rc51\/","title":{"rendered":"Lauksaimniec\u012bbas z\u0101les p\u013c\u0101v\u0113ja p\u0101rnesumk\u0101rba FMP-RC51"},"content":{"rendered":"<h2>Specifik\u0101cija<\/h2>\n<table style=\"width: 96.2203%; height: 596px;\" border=\"1\" width=\"100%\" cellspacing=\"0\" cellpadding=\"0\">\n<tbody>\n<tr>\n<td width=\"110\"><img loading=\"lazy\" decoding=\"async\" class=\"alignnone size-full wp-image-2025\" src=\"https:\/\/fmp-components.com\/wp-content\/uploads\/2024\/12\/fmp_agricultural-gearbox-HC-RC51-2.webp\" alt=\"fmp_lauksaimniec\u012bbas-p\u0101rnesumk\u0101rba-HC-RC51-2\" width=\"404\" height=\"547\" title=\"\" srcset=\"https:\/\/fmp-components.com\/wp-content\/uploads\/2024\/12\/fmp_agricultural-gearbox-HC-RC51-2.webp 404w, https:\/\/fmp-components.com\/wp-content\/uploads\/2024\/12\/fmp_agricultural-gearbox-HC-RC51-2-222x300.webp 222w, https:\/\/fmp-components.com\/wp-content\/uploads\/2024\/12\/fmp_agricultural-gearbox-HC-RC51-2-9x12.webp 9w\" sizes=\"(max-width: 404px) 100vw, 404px\" \/><\/td>\n<td width=\"98\"><img loading=\"lazy\" decoding=\"async\" class=\"alignnone size-full wp-image-2026\" src=\"https:\/\/fmp-components.com\/wp-content\/uploads\/2024\/12\/fmp_agricultural-gearbox-HC-RC51.webp\" alt=\"fmp_lauksaimniec\u012bbas-p\u0101rnesumk\u0101rba-HC-RC51-2\" width=\"400\" height=\"400\" title=\"\" srcset=\"https:\/\/fmp-components.com\/wp-content\/uploads\/2024\/12\/fmp_agricultural-gearbox-HC-RC51.webp 400w, https:\/\/fmp-components.com\/wp-content\/uploads\/2024\/12\/fmp_agricultural-gearbox-HC-RC51-300x300.webp 300w, https:\/\/fmp-components.com\/wp-content\/uploads\/2024\/12\/fmp_agricultural-gearbox-HC-RC51-150x150.webp 150w, https:\/\/fmp-components.com\/wp-content\/uploads\/2024\/12\/fmp_agricultural-gearbox-HC-RC51-12x12.webp 12w, https:\/\/fmp-components.com\/wp-content\/uploads\/2024\/12\/fmp_agricultural-gearbox-HC-RC51-100x100.webp 100w\" sizes=\"(max-width: 400px) 100vw, 400px\" \/><\/td>\n<\/tr>\n<\/tbody>\n<\/table>\n<p>&nbsp;<\/p>\n<table style=\"width: 100.19%; height: 241px;\" border=\"1\">\n<tbody>\n<tr>\n<td style=\"width: 36.3538%;\"><strong>PRECE<\/strong><\/td>\n<td style=\"width: 62.9989%;\">FMP-rc51<\/td>\n<\/tr>\n<tr>\n<td style=\"width: 36.3538%;\"><strong>Attiec\u012bba<\/strong><\/td>\n<td style=\"width: 62.9989%;\">1:1.47\/1:1.93<\/td>\n<\/tr>\n<tr>\n<td style=\"width: 36.3538%;\"><strong>Zobi<\/strong><\/td>\n<td style=\"width: 62.9989%;\">22\/15 29\/15<\/td>\n<\/tr>\n<tr>\n<td style=\"width: 36.3538%;\"><strong>Modulis<\/strong><\/td>\n<td style=\"width: 62.9989%;\">\u00a05.08 \/4.0<\/td>\n<\/tr>\n<tr>\n<td style=\"width: 36.3538%;\"><strong>Jauda (ZS)<\/strong><\/td>\n<td style=\"width: 62.9989%;\">30<\/td>\n<\/tr>\n<tr>\n<td style=\"width: 36.3538%;\"><strong>Nomin\u0101l\u0101 ieeja<\/strong><\/td>\n<td style=\"width: 62.9989%;\">540 apgr.\/min<\/td>\n<\/tr>\n<tr>\n<td style=\"width: 36.3538%;\"><strong>Ievades\/izvades apraksts<\/strong><\/td>\n<td style=\"width: 62.9989%;\">\u00a0Spline\/konusveida spline<\/td>\n<\/tr>\n<tr>\n<td style=\"width: 36.3538%;\"><strong>Svars (ZR)<\/strong><\/td>\n<td style=\"width: 62.9989%;\">29\u00a0kg<\/td>\n<\/tr>\n<\/tbody>\n<\/table>\n<h2>Lauksaimniec\u012bbas z\u0101les p\u013c\u0101v\u0113ja p\u0101rnesumk\u0101rbas FMP-RC51 \u012bpa\u0161\u012bbas<\/h2>\n<p>Lauksaimniec\u012bbas z\u0101les p\u013c\u0101v\u0113ja FMP-RC51 p\u0101rnesumk\u0101rba ir paredz\u0113ta augstai veiktsp\u0113jai, uzticam\u012bbai un iztur\u012bbai, padarot to par ide\u0101lu risin\u0101jumu z\u0101les p\u013cau\u0161anai. FMP-RC51 galven\u0101s iez\u012bmes ir \u0161\u0101das:<\/p>\n<ol>\n<li><strong>Iztur\u012bgs dizains<\/strong><br \/>\nFMP-RC51 p\u0101rnesumk\u0101rba, kas izgatavota no augstas kvalit\u0101tes materi\u0101liem, pied\u0101v\u0101 izcilu iztur\u012bbu un notur\u012bbu, nodro\u0161inot, ka t\u0101 var iztur\u0113t stingr\u0101s lauksaimniec\u012bbas vides pras\u012bbas.<\/li>\n<li><strong>Prec\u012bzijas in\u017eenierija<\/strong><br \/>\nFMP-RC51 ir prec\u012bzas apstr\u0101des rezult\u0101ts, kas nodro\u0161ina vienm\u0113r\u012bgu darb\u012bbu un optim\u0101lu jaudas p\u0101rvadi. \u0160\u012b konstrukcija samazina nodilumu, uzlabojot p\u0101rnesumk\u0101rbas ilgm\u016b\u017e\u012bbu un efektivit\u0101ti.<\/li>\n<li><strong>Augsta griezes momenta jauda<\/strong><br \/>\nFMP-RC51, kas paredz\u0113ts lielu griezes momentu slodz\u0113m, nodro\u0161ina izcilu veiktsp\u0113ju sare\u017e\u0123\u012btos p\u013cau\u0161anas apst\u0101k\u013cos, garant\u0113jot uzticamu darb\u012bbu pat sare\u017e\u0123\u012bt\u0101 reljef\u0101.<\/li>\n<li><strong>Efekt\u012bva jaudas p\u0101rvade<\/strong><br \/>\nPateicoties augstas efektivit\u0101tes p\u0101rnesumu konstrukcijai, FMP-RC51 nodro\u0161ina minim\u0101lus ener\u0123ijas zudumus un maksim\u0101lu jaudas izvadi. Tas \u013cauj vienm\u0113r\u012bgi darboties, samazinot dzin\u0113ja slodzi un palielinot degvielas ekonomiju.<\/li>\n<li><strong>Kompakts un viegls<\/strong><br \/>\nP\u0101rnesumk\u0101rba ir konstru\u0113ta ar kompaktu un vieglu konstrukciju, t\u0101p\u0113c to ir viegli uzst\u0101d\u012bt un integr\u0113t da\u017e\u0101d\u0101s z\u0101les p\u013c\u0101v\u0113ju sist\u0113m\u0101s, nepalielinot lieku svaru.<\/li>\n<li><strong>Zema apkope<\/strong><br \/>\nFMP-RC51 p\u0101rnesumk\u0101rba ir izstr\u0101d\u0101ta t\u0101, lai tai b\u016btu nepiecie\u0161ama neliela apkope, un taj\u0101 ir pa\u0161e\u013c\u013cojo\u0161as deta\u013cas, kas samazina nepiecie\u0161am\u012bbu p\u0113c bie\u017eas apkopes, uzlabojot produktivit\u0101ti un samazinot d\u012bkst\u0101ves laiku.<\/li>\n<li><strong>Daudzpus\u012bga sader\u012bba<\/strong><br \/>\nFMP-RC51 ir sader\u012bgs ar pla\u0161u z\u0101les p\u013c\u0101v\u0113ju kl\u0101stu, padarot to par daudzpus\u012bgu iesp\u0113ju da\u017e\u0101diem pielietojumiem lauksaimniec\u012bbas nozar\u0113. To var viegli piel\u0101got konkr\u0113t\u0101m tehnikas pras\u012bb\u0101m.<\/li>\n<\/ol>\n<p>\u0160\u012bs \u012bpa\u0161\u012bbas padara FMP-RC51 lauksaimniec\u012bbas z\u0101les p\u013c\u0101v\u0113ja p\u0101rnesumk\u0101rbu par uzticamu, efekt\u012bvu un iztur\u012bgu izv\u0113li lauksaimniec\u012bbas tehnikai, nodro\u0161inot izcilu veiktsp\u0113ju un ilgm\u016b\u017e\u012bbu z\u0101liena p\u013cau\u0161anas darbos.<\/p>\n<div class=\"flex-shrink-0 flex flex-col relative items-end\">\n<div>\n<div class=\"pt-0\">\n<div class=\"gizmo-bot-avatar flex h-8 w-8 items-center justify-center overflow-hidden rounded-full\">\n<div class=\"relative p-1 rounded-sm flex items-center justify-center bg-token-main-surface-primary text-token-text-primary h-8 w-8\"><img loading=\"lazy\" decoding=\"async\" class=\"alignnone size-full wp-image-1994\" src=\"https:\/\/fmp-components.com\/wp-content\/uploads\/2024\/12\/Lawn-Mower-Gearbox-7.webp\" alt=\"Z\u0101les p\u013c\u0101v\u0113ja p\u0101rnesumk\u0101rba\" width=\"1502\" height=\"805\" title=\"\" srcset=\"https:\/\/fmp-components.com\/wp-content\/uploads\/2024\/12\/Lawn-Mower-Gearbox-7.webp 1502w, https:\/\/fmp-components.com\/wp-content\/uploads\/2024\/12\/Lawn-Mower-Gearbox-7-1280x686.webp 1280w, https:\/\/fmp-components.com\/wp-content\/uploads\/2024\/12\/Lawn-Mower-Gearbox-7-980x525.webp 980w, https:\/\/fmp-components.com\/wp-content\/uploads\/2024\/12\/Lawn-Mower-Gearbox-7-480x257.webp 480w\" sizes=\"(min-width: 0px) and (max-width: 480px) 480px, (min-width: 481px) and (max-width: 980px) 980px, (min-width: 981px) and (max-width: 1280px) 1280px, (min-width: 1281px) 1502px, 100vw\" \/><\/div>\n<\/div>\n<\/div>\n<\/div>\n<\/div>\n<div class=\"group\/conversation-turn relative flex w-full min-w-0 flex-col agent-turn\">\n<div class=\"flex-col gap-1 md:gap-3\">\n<div class=\"flex max-w-full flex-col flex-grow\">\n<div class=\"min-h-8 text-message flex w-full flex-col items-end gap-2 whitespace-normal break-words text-start [.text-message+&amp;]:mt-5\" dir=\"auto\" data-message-author-role=\"assistant\" data-message-id=\"f83c79da-cb0c-4da0-823f-20067c852903\" data-message-model-slug=\"gpt-4o\">\n<div class=\"flex w-full flex-col gap-1 empty:hidden first:pt-[3px]\">\n<div class=\"markdown prose w-full break-words dark:prose-invert light\">\n<h3>Par FMP<\/h3>\n<p>FMP, kas atrodas It\u0101lij\u0101, ir iev\u0113rojams ra\u017eot\u0101js, kas paz\u012bstams ar sav\u0101m augstas veiktsp\u0113jas p\u0101rnesumk\u0101rb\u0101m, kas piel\u0101gotas lauksaimniec\u012bbas tehnikai. Ar sp\u0113c\u012bgu reput\u0101ciju prec\u012bz\u0101s in\u017eenierijas, inov\u0101ciju un uzticam\u012bbas jom\u0101 m\u0113s pied\u0101v\u0101jam pla\u0161u p\u0101rnesumk\u0101rbu kl\u0101stu, tostarp specializ\u0113tas z\u0101les p\u013c\u0101v\u0113ju p\u0101rnesumk\u0101rbas un kritiski svar\u012bgas sast\u0101vda\u013cas, piem\u0113ram, j\u016bgv\u0101rpstas. M\u016bsu m\u0113r\u0137is ir sniegt piel\u0101gotus risin\u0101jumus, kas lieliski atbilst lauksaimniec\u012bbas un r\u016bpniec\u012bbas nozaru unik\u0101laj\u0101m pras\u012bb\u0101m, gan k\u0101 atsevi\u0161\u0137i produkti, gan integr\u0113tas sist\u0113mas.<\/p>\n<p>Saprotot, ka katra klienta vajadz\u012bbas ir at\u0161\u0137ir\u012bgas, m\u0113s specializ\u0113jamies savu produktu piel\u0101go\u0161an\u0101 \u0161\u012bm \u012bpa\u0161aj\u0101m pras\u012bb\u0101m. Neatkar\u012bgi no t\u0101, vai mekl\u0113jat piel\u0101gotu p\u0101rnesumk\u0101rbu vai piln\u012bgu sist\u0113mu, m\u0113s cie\u0161i sadarbojamies ar jums, lai izstr\u0101d\u0101tu efekt\u012bvus un lietder\u012bgus risin\u0101jumus. M\u016bsu \u0101tr\u0101s, profesion\u0101l\u0101s atbildes un ekspertu nor\u0101d\u012bjumi nodro\u0161ina, ka katrs piepras\u012bjums tiek apstr\u0101d\u0101ts ar visliel\u0101ko r\u016bp\u012bbu un precizit\u0101ti.<\/p>\n<p>Uz\u0146\u0113mum\u0101 FMP m\u0113s lielu uzsvaru liekam uz caursp\u012bd\u012bgu komunik\u0101ciju un sadarb\u012bbu, \u012bpa\u0161i jaunu produktu projekt\u0113\u0161an\u0101 un att\u012bst\u012b\u0161an\u0101. M\u0113s cie\u0161i sadarbojamies ar saviem klientiem, lai ieg\u016btu dzi\u013cu izpratni par vi\u0146u izaicin\u0101jumiem, pied\u0101v\u0101jot ieskatu, kas noved pie optim\u0101liem, inovat\u012bviem risin\u0101jumiem. M\u016bsu ap\u0146em\u0161an\u0101s pieg\u0101d\u0101t augstas kvalit\u0101tes, prec\u012bzi konstru\u0113tus produktus laik\u0101 un atbilsto\u0161i klientu cer\u012bb\u0101m ir m\u016bsu darb\u012bbas pamat\u0101.<\/p>\n<p>Kvalit\u0101te ir FMP darb\u012bbas st\u016brakmens. M\u016bsu ra\u017eo\u0161anas procesus regul\u0113 augst\u0101kie standarti, nodro\u0161inot nevainojamu izpildi un nulles defektus. Stingra kvalit\u0101tes kontrole nodro\u0161ina, ka katrs produkts atbilst vai p\u0101rsniedz nozares standartus. \u0160\u012b nelok\u0101m\u0101 ap\u0146em\u0161an\u0101s nodro\u0161in\u0101t kvalit\u0101ti apvienojum\u0101 ar m\u016bsu pamatv\u0113rt\u012bb\u0101m \u2013 integrit\u0101ti, komandas darbu un neatlaid\u012bbu \u2013 ir pal\u012bdz\u0113jusi mums veidot ilgsto\u0161as \u200b\u200battiec\u012bbas ar klientiem vair\u0101k nek\u0101 30 valst\u012bs.<\/p>\n<p>FMP vienm\u0113r ir atv\u0113rts glob\u0101lu partner\u012bbu veido\u0161anai, sniedzot ekspertu konsult\u0101cijas un personaliz\u0113tus risin\u0101jumus. M\u016bsu pieeja nav tikai produktu pieg\u0101de, bet gan ilgtermi\u0146a partner\u012bbu veido\u0161ana, kas noved pie kop\u012bgiem pan\u0101kumiem. Neatkar\u012bgi no t\u0101, vai mekl\u0113jat inovat\u012bvus risin\u0101jumus vai past\u0101v\u012bgu atbalstu eso\u0161aj\u0101m sist\u0113m\u0101m, FMP ir ap\u0146\u0113mies atrisin\u0101t j\u016bsu tehnisk\u0101s probl\u0113mas un nodro\u0161in\u0101t j\u016bsu turpm\u0101kos pan\u0101kumus.<\/p>\n<\/div>\n<\/div>\n<\/div>\n<\/div>\n<\/div>\n<\/div>\n<p><img loading=\"lazy\" decoding=\"async\" class=\"alignnone size-full wp-image-1861\" src=\"https:\/\/fmp-components.com\/wp-content\/uploads\/2024\/12\/Other-Agricultural-Gearboxes.webp\" sizes=\"(min-width: 0px) and (max-width: 480px) 480px, (min-width: 481px) and (max-width: 980px) 980px, (min-width: 981px) 1200px, 100vw\" srcset=\"https:\/\/fmp-components.com\/wp-content\/uploads\/2024\/12\/Other-Agricultural-Gearboxes.webp 1200w, https:\/\/fmp-components.com\/wp-content\/uploads\/2024\/12\/Other-Agricultural-Gearboxes-980x1143.webp 980w, https:\/\/fmp-components.com\/wp-content\/uploads\/2024\/12\/Other-Agricultural-Gearboxes-480x560.webp 480w\" alt=\"Altri-cambi-agricoli\" width=\"1200\" height=\"1400\" title=\"\"><\/p>\n<p>Autors: CX<\/p>","protected":false},"excerpt":{"rendered":"<p>Specification &nbsp; ITEM FMP-rc51 Ratio 1:1.47\/1:1.93 Teeth 22\/15 29\/15 Module \u00a05.08 \/4.0 Power(HP) 30 Rated Input 540rpm Input\/Output Description \u00a0Spline \/Taper spline Weight(N.W) 29KG Features of Agricultural Lawn Mower Gearbox FMP-RC51 The FMP-RC51 Agricultural Lawn Mower Gearbox is designed for high performance, reliability, and durability, making it the ideal solution for lawn mowing applications. Key [&hellip;]<\/p>","protected":false},"featured_media":2026,"comment_status":"open","ping_status":"closed","template":"","meta":{"_et_pb_use_builder":"","_et_pb_old_content":"","_et_gb_content_width":""},"product_brand":[],"product_cat":[52],"product_tag":[],"class_list":{"0":"post-2021","1":"product","2":"type-product","3":"status-publish","4":"has-post-thumbnail","6":"product_cat-lawn-mower-gearbox","8":"first","9":"instock","10":"shipping-taxable","11":"product-type-simple"},"_links":{"self":[{"href":"https:\/\/fmp-components.com\/lv\/wp-json\/wp\/v2\/product\/2021","targetHints":{"allow":["GET"]}}],"collection":[{"href":"https:\/\/fmp-components.com\/lv\/wp-json\/wp\/v2\/product"}],"about":[{"href":"https:\/\/fmp-components.com\/lv\/wp-json\/wp\/v2\/types\/product"}],"replies":[{"embeddable":true,"href":"https:\/\/fmp-components.com\/lv\/wp-json\/wp\/v2\/comments?post=2021"}],"wp:featuredmedia":[{"embeddable":true,"href":"https:\/\/fmp-components.com\/lv\/wp-json\/wp\/v2\/media\/2026"}],"wp:attachment":[{"href":"https:\/\/fmp-components.com\/lv\/wp-json\/wp\/v2\/media?parent=2021"}],"wp:term":[{"taxonomy":"product_brand","embeddable":true,"href":"https:\/\/fmp-components.com\/lv\/wp-json\/wp\/v2\/product_brand?post=2021"},{"taxonomy":"product_cat","embeddable":true,"href":"https:\/\/fmp-components.com\/lv\/wp-json\/wp\/v2\/product_cat?post=2021"},{"taxonomy":"product_tag","embeddable":true,"href":"https:\/\/fmp-components.com\/lv\/wp-json\/wp\/v2\/product_tag?post=2021"}],"curies":[{"name":"wp","href":"https:\/\/api.w.org\/{rel}","templated":true}]}}