{"id":2020,"date":"2024-12-27T01:24:26","date_gmt":"2024-12-27T01:24:26","guid":{"rendered":"https:\/\/fmp-components.com\/?page_id=8"},"modified":"2024-12-27T01:37:57","modified_gmt":"2024-12-27T01:37:57","slug":"agricultural-lawn-mower-gearbox-fmp-rc31-193-fmp-rc31-147","status":"publish","type":"product","link":"https:\/\/fmp-components.com\/lv\/product\/agricultural-lawn-mower-gearbox-fmp-rc31-193-fmp-rc31-147\/","title":{"rendered":"Lauksaimniec\u012bbas z\u0101les p\u013c\u0101v\u0113ja p\u0101rnesumk\u0101rba FMP-RC31-193 FMP-RC31-147"},"content":{"rendered":"<h2>Specifik\u0101cija<\/h2>\n<table style=\"width: 96.2203%; height: 596px;\" border=\"1\" width=\"100%\" cellspacing=\"0\" cellpadding=\"0\">\n<tbody>\n<tr>\n<td width=\"110\">\u00a0<img loading=\"lazy\" decoding=\"async\" class=\"alignnone size-full wp-image-2024\" src=\"https:\/\/fmp-components.com\/wp-content\/uploads\/2024\/12\/fmp_agricultural-gearbox-HC-RC31-2.webp\" alt=\"fmp_lauksaimniec\u012bbas-p\u0101rnesumk\u0101rba-HC-RC31\" width=\"460\" height=\"559\" title=\"\" srcset=\"https:\/\/fmp-components.com\/wp-content\/uploads\/2024\/12\/fmp_agricultural-gearbox-HC-RC31-2.webp 460w, https:\/\/fmp-components.com\/wp-content\/uploads\/2024\/12\/fmp_agricultural-gearbox-HC-RC31-2-247x300.webp 247w, https:\/\/fmp-components.com\/wp-content\/uploads\/2024\/12\/fmp_agricultural-gearbox-HC-RC31-2-10x12.webp 10w\" sizes=\"(max-width: 460px) 100vw, 460px\" \/><\/td>\n<td width=\"98\"><img loading=\"lazy\" decoding=\"async\" class=\"alignnone size-full wp-image-2023\" src=\"https:\/\/fmp-components.com\/wp-content\/uploads\/2024\/12\/fmp_agricultural-gearbox-HC-RC31.webp\" alt=\"fmp_lauksaimniec\u012bbas-p\u0101rnesumk\u0101rba-HC-RC31\" width=\"400\" height=\"400\" title=\"\" srcset=\"https:\/\/fmp-components.com\/wp-content\/uploads\/2024\/12\/fmp_agricultural-gearbox-HC-RC31.webp 400w, https:\/\/fmp-components.com\/wp-content\/uploads\/2024\/12\/fmp_agricultural-gearbox-HC-RC31-300x300.webp 300w, https:\/\/fmp-components.com\/wp-content\/uploads\/2024\/12\/fmp_agricultural-gearbox-HC-RC31-150x150.webp 150w, https:\/\/fmp-components.com\/wp-content\/uploads\/2024\/12\/fmp_agricultural-gearbox-HC-RC31-12x12.webp 12w, https:\/\/fmp-components.com\/wp-content\/uploads\/2024\/12\/fmp_agricultural-gearbox-HC-RC31-100x100.webp 100w\" sizes=\"(max-width: 400px) 100vw, 400px\" \/><\/td>\n<\/tr>\n<\/tbody>\n<\/table>\n<p>&nbsp;<\/p>\n<table style=\"width: 99.0815%; height: 208px;\" border=\"1\" cellspacing=\"0\" cellpadding=\"0\">\n<tbody>\n<tr>\n<td><strong>PRECE<\/strong><\/td>\n<td>Z\u0101les p\u013c\u0101v\u0113ja p\u0101rnesumk\u0101rba FMP-RC30-193<\/td>\n<\/tr>\n<tr>\n<td><strong>Attiec\u012bba<\/strong><\/td>\n<td>1:1.93<\/td>\n<\/tr>\n<tr>\n<td><strong>Zobi<\/strong><\/td>\n<td>15\/29<\/td>\n<\/tr>\n<tr>\n<td><strong>Modulis<\/strong><\/td>\n<td>4.0<\/td>\n<\/tr>\n<tr>\n<td><strong>Jauda (ZS)<\/strong><\/td>\n<td>30<\/td>\n<\/tr>\n<tr>\n<td><strong>Nomin\u0101l\u0101 ieeja<\/strong><\/td>\n<td>540 apgr.\/min<\/td>\n<\/tr>\n<tr>\n<td><strong>Ievades\/izvades apraksts<\/strong><\/td>\n<td>1-3\/8 Z6\u03c631,75 Optisk\u0101 ass<\/td>\n<\/tr>\n<tr>\n<td><strong>Svars (ZR)<\/strong><\/td>\n<td>24,5\u00a0kg<\/td>\n<\/tr>\n<\/tbody>\n<\/table>\n<h2>Lauksaimniec\u012bbas z\u0101les p\u013c\u0101v\u0113ja p\u0101rnesumk\u0101rba FMP-RC31-193 un FMP-RC31-147<\/h2>\n<p>FMP pied\u0101v\u0101 pla\u0161u augstas veiktsp\u0113jas lauksaimniec\u012bbas z\u0101les p\u013c\u0101v\u0113ju p\u0101rnesumk\u0101rbu kl\u0101stu, kas izstr\u0101d\u0101ts, lai apmierin\u0101tu da\u017e\u0101du z\u0101liena kop\u0161anas darbu pras\u012bbas. Starp m\u016bsu iev\u0113rojam\u0101kajiem mode\u013ciem ir FMP-RC31-193 un FMP-RC31-147, kas nodro\u0161ina izcilu uzticam\u012bbu, iztur\u012bbu un efektivit\u0101ti. Abi mode\u013ci ir izstr\u0101d\u0101ti, lai nodro\u0161in\u0101tu optim\u0101lu veiktsp\u0113ju da\u017e\u0101d\u0101m lauksaimniec\u012bbas un r\u016bpniec\u012bbas ma\u0161\u012bn\u0101m, garant\u0113jot vienm\u0113r\u012bgu darb\u012bbu un augstu produktivit\u0101ti.<\/p>\n<h3>FMP-RC31-193 un FMP-RC31-147 galven\u0101s iez\u012bmes:<\/h3>\n<ol>\n<li><strong>Augsta efektivit\u0101te un griezes momenta p\u0101rraide<\/strong>:\n<ul>\n<li>Abas p\u0101rnesumk\u0101rbas ir paredz\u0113tas jaud\u012bga griezes momenta un augstas efektivit\u0101tes nodro\u0161in\u0101\u0161anai, garant\u0113jot, ka j\u016bsu z\u0101les p\u013c\u0101v\u0113js vai lauksaimniec\u012bbas tehnika darbojas ar maksim\u0101lu veiktsp\u0113ju.<\/li>\n<\/ul>\n<\/li>\n<li><strong>Iztur\u012bba<\/strong>:\n<ul>\n<li>FMP-RC31-193 un FMP-RC31-147 ir izgatavoti no augstas kvalit\u0101tes materi\u0101liem un uzlabotas in\u017eenierijas, lai iztur\u0113tu skarbus darba apst\u0101k\u013cus un ilgsto\u0161u lieto\u0161anu, nodro\u0161inot ilgu kalpo\u0161anas laiku.<\/li>\n<\/ul>\n<\/li>\n<li><strong>Prec\u012bzijas in\u017eenierija<\/strong>:\n<ul>\n<li>\u0160ie mode\u013ci ir izgatavoti ar precizit\u0101ti, lai nodro\u0161in\u0101tu minim\u0101lu br\u012bvkust\u012bbu un troksni, t\u0101d\u0113j\u0101di nodro\u0161inot z\u0101les p\u013c\u0101v\u0113ja vai cita lauksaimniec\u012bbas apr\u012bkojuma vienm\u0113r\u012bgu darb\u012bbu.<\/li>\n<\/ul>\n<\/li>\n<li><strong>Daudzpus\u012bba<\/strong>:\n<ul>\n<li>FMP-RC31-193 un FMP-RC31-147 p\u0101rnesumk\u0101rbas var viegli integr\u0113t ar da\u017e\u0101d\u0101m lauksaimniec\u012bbas ma\u0161\u012bn\u0101m, pied\u0101v\u0101jot uzst\u0101d\u012b\u0161anas un lieto\u0161anas elast\u012bbu. Abi mode\u013ci ir piel\u0101gojami da\u017e\u0101d\u0101m jaudas ieejas un izejas pras\u012bb\u0101m.<\/li>\n<\/ul>\n<\/li>\n<li><strong>Zema apkope<\/strong>:\n<ul>\n<li>Abas p\u0101rnesumk\u0101rbas ir paredz\u0113tas minim\u0101lam nodilumam, t\u0101p\u0113c t\u0101m nepiecie\u0161ama ret\u0101ka apkope, t\u0101d\u0113j\u0101di samazinot d\u012bkst\u0101ves laiku un uzlabojot darb\u012bbas efektivit\u0101ti.<\/li>\n<\/ul>\n<\/li>\n<li><strong>Klusa darb\u012bba<\/strong>:\n<ul>\n<li>Pateicoties progres\u012bvai ra\u017eo\u0161anai un augstas kvalit\u0101tes materi\u0101liem, gan FMP-RC31-193, gan FMP-RC31-147 p\u0101rnesumk\u0101rbas ir konstru\u0113tas klusai un vienm\u0113r\u012bgai darb\u012bbai, samazinot troksni lieto\u0161anas laik\u0101.<\/li>\n<\/ul>\n<\/li>\n<\/ol>\n<p><img loading=\"lazy\" decoding=\"async\" class=\"alignnone size-full wp-image-2009\" src=\"https:\/\/fmp-components.com\/wp-content\/uploads\/2024\/12\/Lawn-Mower-Gearbox-Suppliers-6.webp\" alt=\"Z\u0101les p\u013c\u0101v\u0113ja p\u0101rnesumk\u0101rba\" width=\"1000\" height=\"445\" title=\"\" srcset=\"https:\/\/fmp-components.com\/wp-content\/uploads\/2024\/12\/Lawn-Mower-Gearbox-Suppliers-6.webp 1000w, https:\/\/fmp-components.com\/wp-content\/uploads\/2024\/12\/Lawn-Mower-Gearbox-Suppliers-6-980x436.webp 980w, https:\/\/fmp-components.com\/wp-content\/uploads\/2024\/12\/Lawn-Mower-Gearbox-Suppliers-6-480x214.webp 480w\" sizes=\"(min-width: 0px) and (max-width: 480px) 480px, (min-width: 481px) and (max-width: 980px) 980px, (min-width: 981px) 1000px, 100vw\" \/><\/p>\n<h3>Lietojumi:<\/h3>\n<p>FMP-RC31-193 un FMP-RC31-147 ir ide\u0101li piem\u0113roti lieto\u0161anai:<\/p>\n<ul>\n<li><strong>Rot\u0101cijas z\u0101les p\u013c\u0101v\u0113ji<\/strong><\/li>\n<li><strong>Z\u0101liena kop\u0161anas apr\u012bkojums<\/strong><\/li>\n<li><strong>Lauksaimniec\u012bbas tehnika<\/strong><\/li>\n<li><strong>Rot\u0101cijas griez\u0113ji un \u0161\u0137\u0113l\u0113ji<\/strong><\/li>\n<li><strong>Lauka p\u013cau\u0161anas sist\u0113mas<\/strong><\/li>\n<\/ul>\n<h3>K\u0101p\u0113c izv\u0113l\u0113ties FMP-RC31-193 un FMP-RC31-147?<\/h3>\n<p>FMP p\u0101rnesumk\u0101rbas ir izstr\u0101d\u0101tas, lai atbilstu lauksaimniec\u012bbas tehnikas \u012bpa\u0161aj\u0101m vajadz\u012bb\u0101m, apvienojot iztur\u012bbu, precizit\u0101ti un uzticam\u012bbu. Neatkar\u012bgi no t\u0101, vai jums ir nepiecie\u0161ama nomai\u0146a vai projekt\u0113jat jaunu sist\u0113mu, \u0161ie mode\u013ci pied\u0101v\u0101 efekt\u012bvu un iztur\u012bgu risin\u0101jumu j\u016bsu lauksaimniec\u012bbas vajadz\u012bb\u0101m.<\/p>\n<p>FMP saprot, ka katrs pielietojums ir unik\u0101ls. T\u0101p\u0113c m\u0113s pied\u0101v\u0101jam piel\u0101go\u0161anas iesp\u0113jas, lai atbilstu specifisk\u0101m ekspluat\u0101cijas pras\u012bb\u0101m. Neatkar\u012bgi no t\u0101, vai jums ir nepiecie\u0161ama piel\u0101gota jaudas ieejas\/izejas attiec\u012bba vai \u012bpa\u0161as mont\u0101\u017eas konfigur\u0101cijas, m\u0113s varam pal\u012bdz\u0113t izstr\u0101d\u0101t j\u016bsu vajadz\u012bb\u0101m atbilsto\u0161u ide\u0101lu risin\u0101jumu.<\/p>\n<p>Lai ieg\u016btu pla\u0161\u0101ku inform\u0101ciju vai piepras\u012btu cenu pied\u0101v\u0101jumu, sazinieties ar m\u016bsu FMP komandu. M\u0113s esam ap\u0146\u0113mu\u0161ies nodro\u0161in\u0101t augst\u0101k\u0101s kvalit\u0101tes p\u0101rnesumk\u0101rbas un izcilu servisu, lai apmierin\u0101tu visas j\u016bsu lauksaimniec\u012bbas tehnikas vajadz\u012bbas.<\/p>\n<p><img loading=\"lazy\" decoding=\"async\" class=\"alignnone size-full wp-image-1994\" src=\"https:\/\/fmp-components.com\/wp-content\/uploads\/2024\/12\/Lawn-Mower-Gearbox-7.webp\" alt=\"Z\u0101les p\u013c\u0101v\u0113ja p\u0101rnesumk\u0101rba\" width=\"1502\" height=\"805\" title=\"\" srcset=\"https:\/\/fmp-components.com\/wp-content\/uploads\/2024\/12\/Lawn-Mower-Gearbox-7.webp 1502w, https:\/\/fmp-components.com\/wp-content\/uploads\/2024\/12\/Lawn-Mower-Gearbox-7-1280x686.webp 1280w, https:\/\/fmp-components.com\/wp-content\/uploads\/2024\/12\/Lawn-Mower-Gearbox-7-980x525.webp 980w, https:\/\/fmp-components.com\/wp-content\/uploads\/2024\/12\/Lawn-Mower-Gearbox-7-480x257.webp 480w\" sizes=\"(min-width: 0px) and (max-width: 480px) 480px, (min-width: 481px) and (max-width: 980px) 980px, (min-width: 981px) and (max-width: 1280px) 1280px, (min-width: 1281px) 1502px, 100vw\" \/><\/p>\n<h3>Par FMP<\/h3>\n<p>FMP, kura galven\u0101 m\u012btne atrodas It\u0101lij\u0101, ir vado\u0161ais ra\u017eot\u0101js, kas atz\u012bts par savu pieredzi augstas veiktsp\u0113jas p\u0101rnesumk\u0101rbu projekt\u0113\u0161an\u0101, izstr\u0101d\u0113 un ra\u017eo\u0161an\u0101 lauksaimniec\u012bbas tehnikai. M\u0113s esam ap\u0146\u0113mu\u0161ies nodro\u0161in\u0101t prec\u012bzu in\u017eenieriju, inov\u0101cijas un uzticam\u012bbu. M\u016bsu produktu kl\u0101st\u0101 ietilpst z\u0101les p\u013c\u0101v\u0113ju p\u0101rnesumk\u0101rbas un galven\u0101s sast\u0101vda\u013cas, piem\u0113ram, j\u016bgv\u0101rpstas, kuru m\u0113r\u0137is ir nodro\u0161in\u0101t piel\u0101gotus risin\u0101jumus lauksaimniec\u012bbas un r\u016bpniec\u012bbas nozar\u0113m. Neatkar\u012bgi no t\u0101, vai t\u0101s ir atsevi\u0161\u0137as sast\u0101vda\u013cas vai piln\u012bb\u0101 integr\u0113tas sist\u0113mas, m\u0113s koncentr\u0113jamies uz m\u016bsu klientu unik\u0101lo vajadz\u012bbu apmierin\u0101\u0161anu.<\/p>\n<p>Uz\u0146\u0113mum\u0101 FMP m\u0113s saprotam, ka katram klientam ir \u012bpa\u0161as pras\u012bbas, t\u0101p\u0113c m\u0113s specializ\u0113jamies individu\u0101lu risin\u0101jumu nodro\u0161in\u0101\u0161an\u0101. S\u0101kot ar specializ\u0113t\u0101m p\u0101rnesumk\u0101rb\u0101m un beidzot ar piln\u012bg\u0101m sist\u0113m\u0101m, m\u0113s cie\u0161i sadarbojamies ar saviem klientiem, lai nodro\u0161in\u0101tu visefekt\u012bv\u0101kos un lietder\u012bg\u0101kos risin\u0101jumus. M\u016bsu \u0101tr\u0101s un profesion\u0101l\u0101s atbildes apvienojum\u0101 ar ekspertu konsult\u0101cij\u0101m garant\u0113, ka katrs piepras\u012bjums tiek apstr\u0101d\u0101ts r\u016bp\u012bgi un prec\u012bzi.<\/p>\n<p>M\u0113s priorit\u0101ri izvirz\u0101m atv\u0113rtu un nep\u0101rtrauktu komunik\u0101ciju ar saviem klientiem, \u012bpa\u0161i jaunu produktu izstr\u0101d\u0113. M\u016bsu komanda str\u0101d\u0101 tie\u0161i ar klientiem, lai piln\u012bb\u0101 izprastu vi\u0146u izaicin\u0101jumus un sniegtu ieskatus, kas noved pie optim\u0101liem risin\u0101jumiem. Neatkar\u012bgi no t\u0101, vai m\u0113s projekt\u0113jam jaunus produktus vai izpild\u0101m eso\u0161os pas\u016bt\u012bjumus, m\u0113s esam ap\u0146\u0113mu\u0161ies pieg\u0101d\u0101t augstas kvalit\u0101tes, prec\u012bzi konstru\u0113tus produktus laik\u0101.<\/p>\n<p>Kvalit\u0101te ir visa m\u016bsu FMP darb\u012bbas pamat\u0101. M\u016bsu ra\u017eo\u0161anas procesi atbilst augst\u0101kajiem precizit\u0101tes un defektu neesam\u012bbas standartiem. M\u0113s ievie\u0161am stingras kvalit\u0101tes kontroles proced\u016bras, lai nodro\u0161in\u0101tu, ka katrs produkts atbilst vai p\u0101rsniedz nozares standartus. \u0160\u012b ap\u0146em\u0161an\u0101s nodro\u0161in\u0101t kvalit\u0101ti, k\u0101 ar\u012b m\u016bsu pamatv\u0113rt\u012bbas \u2013 integrit\u0101te, komandas darbs un neatlaid\u012bba \u2013 ir \u013c\u0101vusi mums izveidot sp\u0113c\u012bgas un ilgsto\u0161as \u200b\u200battiec\u012bbas ar klientiem gandr\u012bz 30 valst\u012bs.<\/p>\n<p>FMP vienm\u0113r ir atv\u0113rts glob\u0101l\u0101m partner\u012bb\u0101m un ir ap\u0146\u0113mies pied\u0101v\u0101t ekspertu padomus un piel\u0101gotus risin\u0101jumus. M\u016bsu pieeja sniedzas t\u0101l\u0101k par vienk\u0101r\u0161u produktu pieg\u0101di \u2014 m\u0113s koncentr\u0113jamies uz ilgtermi\u0146a attiec\u012bbu uztur\u0113\u0161anu ar m\u016bsu klientiem, nodro\u0161inot vi\u0146u pan\u0101kumus katr\u0101 projekt\u0101. Neatkar\u012bgi no t\u0101, vai jums ir nepiecie\u0161ami inovat\u012bvi risin\u0101jumi jaunam projektam vai atbalsts eso\u0161ai sist\u0113mai, FMP ir ap\u0146\u0113mies risin\u0101t j\u016bsu tehnisk\u0101s probl\u0113mas un nodro\u0161in\u0101t j\u016bsu turpm\u0101kus pan\u0101kumus.<\/p>\n<p><img loading=\"lazy\" decoding=\"async\" class=\"alignnone size-full wp-image-1861\" src=\"https:\/\/fmp-components.com\/wp-content\/uploads\/2024\/12\/Other-Agricultural-Gearboxes.webp\" sizes=\"(min-width: 0px) and (max-width: 480px) 480px, (min-width: 481px) and (max-width: 980px) 980px, (min-width: 981px) 1200px, 100vw\" srcset=\"https:\/\/fmp-components.com\/wp-content\/uploads\/2024\/12\/Other-Agricultural-Gearboxes.webp 1200w, https:\/\/fmp-components.com\/wp-content\/uploads\/2024\/12\/Other-Agricultural-Gearboxes-980x1143.webp 980w, https:\/\/fmp-components.com\/wp-content\/uploads\/2024\/12\/Other-Agricultural-Gearboxes-480x560.webp 480w\" alt=\"Altri-cambi-agricoli\" width=\"1200\" height=\"1400\" title=\"\"><\/p>\n<p>Autors: CX<\/p>","protected":false},"excerpt":{"rendered":"<p>Specification \u00a0 &nbsp; ITEM Lawnmower Gearbox FMP-RC30-193 Ratio 1:1.93 Teeth 15\/29 Module 4.0 Power(HP) 30 Rated Input 540rpm Input\/Output Description 1-3\/8 Z6\u03c631.75 Optic axis Weight(N.W) 24.5KG Agricultural Lawn Mower Gearbox FMP-RC31-193 &amp; FMP-RC31-147 FMP offers a range of high-performance agricultural lawn mower gearboxes designed to meet the demands of various lawn maintenance applications. Among our [&hellip;]<\/p>","protected":false},"featured_media":2023,"comment_status":"open","ping_status":"closed","template":"","meta":{"_et_pb_use_builder":"","_et_pb_old_content":"","_et_gb_content_width":""},"product_brand":[],"product_cat":[52],"product_tag":[],"class_list":{"0":"post-2020","1":"product","2":"type-product","3":"status-publish","4":"has-post-thumbnail","6":"product_cat-lawn-mower-gearbox","8":"first","9":"instock","10":"shipping-taxable","11":"product-type-simple"},"_links":{"self":[{"href":"https:\/\/fmp-components.com\/lv\/wp-json\/wp\/v2\/product\/2020","targetHints":{"allow":["GET"]}}],"collection":[{"href":"https:\/\/fmp-components.com\/lv\/wp-json\/wp\/v2\/product"}],"about":[{"href":"https:\/\/fmp-components.com\/lv\/wp-json\/wp\/v2\/types\/product"}],"replies":[{"embeddable":true,"href":"https:\/\/fmp-components.com\/lv\/wp-json\/wp\/v2\/comments?post=2020"}],"wp:featuredmedia":[{"embeddable":true,"href":"https:\/\/fmp-components.com\/lv\/wp-json\/wp\/v2\/media\/2023"}],"wp:attachment":[{"href":"https:\/\/fmp-components.com\/lv\/wp-json\/wp\/v2\/media?parent=2020"}],"wp:term":[{"taxonomy":"product_brand","embeddable":true,"href":"https:\/\/fmp-components.com\/lv\/wp-json\/wp\/v2\/product_brand?post=2020"},{"taxonomy":"product_cat","embeddable":true,"href":"https:\/\/fmp-components.com\/lv\/wp-json\/wp\/v2\/product_cat?post=2020"},{"taxonomy":"product_tag","embeddable":true,"href":"https:\/\/fmp-components.com\/lv\/wp-json\/wp\/v2\/product_tag?post=2020"}],"curies":[{"name":"wp","href":"https:\/\/api.w.org\/{rel}","templated":true}]}}