{"id":2006,"date":"2024-12-27T00:52:54","date_gmt":"2024-12-27T00:52:54","guid":{"rendered":"https:\/\/fmp-components.com\/?page_id=8"},"modified":"2024-12-27T01:06:40","modified_gmt":"2024-12-27T01:06:40","slug":"agricultural-lawn-mower-gearbox-fmp-gs4rc","status":"publish","type":"product","link":"https:\/\/fmp-components.com\/lv\/product\/agricultural-lawn-mower-gearbox-fmp-gs4rc\/","title":{"rendered":"Lauksaimniec\u012bbas z\u0101les p\u013c\u0101v\u0113ja p\u0101rnesumk\u0101rba FMP-GS4RC"},"content":{"rendered":"<h2>Lauksaimniec\u012bbas z\u0101les p\u013c\u0101v\u0113ja \u0101trumk\u0101rbas specifik\u0101cija<\/h2>\n<table style=\"width: 100%;\" border=\"1\" width=\"100%\" cellspacing=\"0\" cellpadding=\"0\">\n<tbody>\n<tr>\n<td width=\"110\"><img loading=\"lazy\" decoding=\"async\" class=\"wp-image-2007 alignleft\" src=\"https:\/\/fmp-components.com\/wp-content\/uploads\/2024\/12\/fmp_agricultural-gearbox-HC-GS4RC-2.webp\" alt=\"fmp_lauksaimniec\u012bbas-p\u0101rnesumk\u0101rba-HC-GS4RC-2\" width=\"363\" height=\"460\" title=\"\"><\/td>\n<td width=\"98\"><img loading=\"lazy\" decoding=\"async\" class=\"alignnone wp-image-2008\" src=\"https:\/\/fmp-components.com\/wp-content\/uploads\/2024\/12\/Lawn-Mower-Gearbox-8.webp\" alt=\"Z\u0101les p\u013c\u0101v\u0113ja p\u0101rnesumk\u0101rba\" width=\"420\" height=\"420\" title=\"\"><\/td>\n<\/tr>\n<\/tbody>\n<\/table>\n<table style=\"width: 96.588%; height: 225px;\" border=\"1\" cellspacing=\"0\" cellpadding=\"0\">\n<tbody>\n<tr>\n<td><strong>PRECE<\/strong><\/td>\n<td>FMP-GS4RC<\/td>\n<\/tr>\n<tr>\n<td><strong>Attiec\u012bba<\/strong><\/td>\n<td>1:1.46\/1:1.93<\/td>\n<\/tr>\n<tr>\n<td><strong>Zobi<\/strong><\/td>\n<td>22\/15 23\/12<\/td>\n<\/tr>\n<tr>\n<td><strong>Modulis<\/strong><\/td>\n<td>\u00a05.08 \/5.0<\/td>\n<\/tr>\n<tr>\n<td><strong>Jauda (ZS)<\/strong><\/td>\n<td>30<\/td>\n<\/tr>\n<tr>\n<td><strong>Nomin\u0101l\u0101 ieeja<\/strong><\/td>\n<td>540 apgr.\/min<\/td>\n<\/tr>\n<tr>\n<td><strong>Ievades\/izvades apraksts<\/strong><\/td>\n<td>1-3\/8 Z6 konusveida rievas<\/td>\n<\/tr>\n<tr>\n<td><strong>Svars (ZR)<\/strong><\/td>\n<td>19\u00a0kg<\/td>\n<\/tr>\n<\/tbody>\n<\/table>\n<h2>Lauksaimniec\u012bbas z\u0101les p\u013c\u0101v\u0113ja p\u0101rnesumk\u0101rbas materi\u0101ls<\/h2>\n<table style=\"width: 96.0662%; height: 133px;\" border=\"1\" cellspacing=\"0\" cellpadding=\"0\">\n<tbody>\n<tr>\n<td colspan=\"2\"><strong>Materi\u0101ls<\/strong><\/td>\n<\/tr>\n<tr>\n<td><strong>M\u0101joklis\u00a0<\/strong><\/td>\n<td>QT450<\/td>\n<\/tr>\n<tr>\n<td><strong>Zobrata v\u0101rpsta<\/strong><\/td>\n<td>20CrMnTi<\/td>\n<\/tr>\n<tr>\n<td><strong>\u0160\u0137\u012bvis<\/strong><\/td>\n<td>Alum\u012bnijs<\/td>\n<\/tr>\n<\/tbody>\n<\/table>\n<h2>Lauksaimniec\u012bbas z\u0101les p\u013c\u0101v\u0113ja \u0101trumk\u0101rbas pielietojumi<\/h2>\n<p>Uz\u0146\u0113mum\u0101 FMP m\u0113s specializ\u0113jamies augstas veiktsp\u0113jas p\u0101rnesumk\u0101rbu nodro\u0161in\u0101\u0161an\u0101, kas paredz\u0113tas lauksaimniec\u012bbas un r\u016bpniec\u012bbas tehnikas \u012bpa\u0161aj\u0101m pras\u012bb\u0101m. M\u016bsu p\u0101rnesumk\u0101rbas tiek izmantotas pla\u0161\u0101 pielietojumu kl\u0101st\u0101, nodro\u0161inot efektivit\u0101ti, iztur\u012bbu un uzticam\u012bbu da\u017e\u0101d\u0101s nozar\u0113s. T\u0101l\u0101k ir nor\u0101d\u012bti da\u017ei no m\u016bsu lauksaimniec\u012bbas z\u0101les p\u013c\u0101v\u0113ju p\u0101rnesumk\u0101rbu galvenajiem pielietojumiem:<\/p>\n<h4>Rot\u0101cijas griez\u0113ji<\/h4>\n<p>Rot\u0113jo\u0161\u0101s z\u0101les p\u013c\u0101v\u0113ji ir nepiecie\u0161ami aizaugu\u0161as z\u0101les, kr\u016bmu un nez\u0101\u013cu att\u012br\u012b\u0161anai lauksaimniec\u012bbas un lauku apvidos. M\u016bsu p\u0101rnesumk\u0101rbas ir paredz\u0113tas efekt\u012bvai jaudas p\u0101rne\u0161anai no traktora uz p\u013c\u0101v\u0113ja asme\u0146iem, nodro\u0161inot vienm\u0113r\u012bgu un efekt\u012bvu p\u013cau\u0161anu pat bl\u012bv\u0101 ve\u0123et\u0101cij\u0101. Pateicoties izcilai iztur\u012bbai, \u0161\u012bs p\u0101rnesumk\u0101rbas nodro\u0161ina minim\u0101lu d\u012bkst\u0101vi un maksim\u0101lu veiktsp\u0113ju zemes att\u012br\u012b\u0161anas darbos.<\/p>\n<h4>Rot\u0101cijas griez\u0113ji<\/h4>\n<p>Rot\u0101cijas griez\u0113ji tiek pla\u0161i izmantoti lauksaimniec\u012bb\u0101 un ainavu veido\u0161an\u0101, lai uztur\u0113tu laukus, gan\u012bbas un ce\u013cmalas, p\u013caujot z\u0101li, nez\u0101les un mazus kr\u016bmus. FMP p\u0101rnesumk\u0101rbas ir konstru\u0113tas t\u0101, lai nodro\u0161in\u0101tu atbilsto\u0161u griezes momentu un jaudu, garant\u0113jot vienm\u0113r\u012bgu asme\u0146u rot\u0101ciju un optim\u0101lu grie\u0161anas veiktsp\u0113ju. To iztur\u012bg\u0101 konstrukcija pal\u012bdz samazin\u0101t nodilumu, padarot tos ide\u0101li piem\u0113rotus smagiem grie\u0161anas darbiem.<\/p>\n<h4>Kokvilnas smalcin\u0101t\u0101ji<\/h4>\n<p>Kokvilnas smalcin\u0101t\u0101jiem ir iz\u0161\u0137iro\u0161a noz\u012bme nez\u0101\u013cu apkaro\u0161an\u0101 un kult\u016braugu apsaimnieko\u0161an\u0101 kokvilnas laukos. M\u016bsu p\u0101rnesumk\u0101rbas nodro\u0161ina prec\u012bzu jaudas p\u0101rvadi, kas nepiecie\u0161ama, lai kokvilnas smalcin\u0101\u0161anas iek\u0101rtas darbotos vislab\u0101k, nodro\u0161inot, ka operatori var efekt\u012bvi p\u0101rvald\u012bt kokvilnas ra\u017eu un uztur\u0113t lauku vesel\u012bbu. \u0160\u012bs p\u0101rnesumk\u0101rbas ir konstru\u0113tas, lai tiktu gal\u0101 ar skarbajiem darba apst\u0101k\u013ciem, kas bie\u017ei vien ir rakstur\u012bgi kokvilnas audz\u0113\u0161an\u0101.<\/p>\n<h4>Koku griez\u0113ji<\/h4>\n<p>Koku griez\u0113ji tiek izmantoti me\u017esaimniec\u012bb\u0101 un lauksaimniec\u012bb\u0101, lai att\u012br\u012btu kokus, kr\u016bmus un bl\u012bvu lapotni. FMP z\u0101les p\u013c\u0101v\u0113ju p\u0101rnesumk\u0101rbas nodro\u0161ina lielo griezes momentu, kas nepiecie\u0161ams grie\u0161anas meh\u0101nismu darbin\u0101\u0161anai, \u013caujot operatoriem viegli apstr\u0101d\u0101t resnus zarus un stumbrus. M\u016bsu p\u0101rnesumk\u0101rbas ir paredz\u0113tas darbam pie lielas slodzes, vienlaikus saglab\u0101jot efektivit\u0101ti un samazinot vibr\u0101ciju, kas uzlabo operatora komfortu un veiktsp\u0113ju.<\/p>\n<h4>Lauka tvertnes<\/h4>\n<p>Lauka bunkuru parasti izmanto nov\u0101kt\u0101s ra\u017eas sav\u0101k\u0161anai un transport\u0113\u0161anai. FMP p\u0101rnesumk\u0101rbas nodro\u0161ina uzticamu jaudas p\u0101rvadi, kas nepiecie\u0161ama, lai darbin\u0101tu lauka bunkuru izkrau\u0161anas meh\u0101nismus, garant\u0113jot vienm\u0113r\u012bgu darb\u012bbu ra\u017eas nov\u0101k\u0161anas laik\u0101. Neatkar\u012bgi no t\u0101, vai t\u0101s tiek izmantotas graudu, kokvilnas vai citu kult\u016braugu nov\u0101k\u0161anai, \u0161\u012bs p\u0101rnesumk\u0101rbas ir konstru\u0113tas t\u0101, lai iztur\u0113tu lauksaimniec\u012bbas ra\u017eas nov\u0101k\u0161anas gr\u016bt\u012bbas, samazinot d\u012bkst\u0101ves laiku un uzlabojot kop\u0113jo produktivit\u0101ti.<\/p>\n<h4>Z\u0101les p\u013c\u0101v\u0113ji un z\u0101liena kop\u0161anas apr\u012bkojums<\/h4>\n<p>Papildus iepriek\u0161min\u0113tajiem specializ\u0113tajiem pielietojumiem m\u016bsu lauksaimniec\u012bbas p\u0101rnesumk\u0101rbas tiek pla\u0161i izmantotas ar\u012b da\u017e\u0101d\u0101s z\u0101les p\u013c\u0101v\u0113jos un z\u0101liena kop\u0161anas apr\u012bkojum\u0101. Tas ietver z\u0101les p\u013c\u0101v\u0113jus ar s\u0113dekli, komerci\u0101los z\u0101les p\u013c\u0101v\u0113jus un r\u016bpniecisk\u0101s p\u013cau\u0161anas sist\u0113mas, kur m\u016bsu p\u0101rnesumk\u0101rbas nodro\u0161ina efekt\u012bvu z\u0101les p\u013cau\u0161anu un vienm\u0113r\u012bgu jaudas sadali uz asme\u0146iem.<\/p>\n<p>FMP p\u0101rnesumk\u0101rbas ir paredz\u0113tas uzticamai darb\u012bbai da\u017e\u0101d\u0101s lauksaimniec\u012bbas tehnikas lietojumprogramm\u0101s. S\u0101kot ar rot\u0113jo\u0161\u0101m griez\u0113jma\u0161\u012bn\u0101m un p\u013c\u0101v\u0113jiem l\u012bdz kokvilnas smalcin\u0101t\u0101jiem un lauka tvertn\u0113m, m\u016bsu p\u0101rnesumk\u0101rbas nodro\u0161ina vienm\u0113r\u012bgu jaudas p\u0101rvadi, iztur\u012bbu un precizit\u0101ti. Neatkar\u012bgi no t\u0101, vai t\u0101s paredz\u0113tas maza m\u0113roga lauksaimniec\u012bbas darb\u012bb\u0101m vai lieliem r\u016bpnieciskiem lietojumiem, FMP p\u0101rnesumk\u0101rbas ir izstr\u0101d\u0101tas, lai optimiz\u0113tu veiktsp\u0113ju, samazin\u0101tu apkopes izmaksas un nodro\u0161in\u0101tu j\u016bsu lauksaimniec\u012bbas tehnikas ilgm\u016b\u017e\u012bbu.<\/p>\n<p><img loading=\"lazy\" decoding=\"async\" class=\"alignnone size-full wp-image-2009\" src=\"https:\/\/fmp-components.com\/wp-content\/uploads\/2024\/12\/Lawn-Mower-Gearbox-Suppliers-6.webp\" alt=\"\" width=\"1000\" height=\"445\" title=\"\" srcset=\"https:\/\/fmp-components.com\/wp-content\/uploads\/2024\/12\/Lawn-Mower-Gearbox-Suppliers-6.webp 1000w, https:\/\/fmp-components.com\/wp-content\/uploads\/2024\/12\/Lawn-Mower-Gearbox-Suppliers-6-980x436.webp 980w, https:\/\/fmp-components.com\/wp-content\/uploads\/2024\/12\/Lawn-Mower-Gearbox-Suppliers-6-480x214.webp 480w\" sizes=\"(min-width: 0px) and (max-width: 480px) 480px, (min-width: 481px) and (max-width: 980px) 980px, (min-width: 981px) 1000px, 100vw\" \/><\/p>\n<h2>Lauksaimniec\u012bbas z\u0101les p\u013c\u0101v\u0113ja p\u0101rnesumk\u0101rbas kard\u0101nv\u0101rpsta<\/h2>\n<p>Jaudas no\u0146em\u0161anas v\u0101rpsta (PTO) ir b\u016btiska lauksaimniec\u012bbas tehnikas sast\u0101vda\u013ca, kas kalpo k\u0101 saikne starp traktora dzin\u0113ju un da\u017e\u0101d\u0101m agreg\u0101tu p\u0101rnesumk\u0101rb\u0101m, piem\u0113ram, z\u0101les p\u013c\u0101v\u0113ju p\u0101rnesumk\u0101rb\u0101m. FMP ra\u017eo augstas kvalit\u0101tes j\u016bgv\u0101rpstas, kas \u012bpa\u0161i paredz\u0113tas neman\u0101mai darb\u012bbai ar z\u0101les p\u013c\u0101v\u0113ju p\u0101rnesumk\u0101rb\u0101m, nodro\u0161inot uzticamu veiktsp\u0113ju da\u017e\u0101diem lauksaimniec\u012bbas darbiem.<\/p>\n<h3>Lauksaimniec\u012bbas z\u0101les p\u013c\u0101v\u0113ja p\u0101rnesumk\u0101rbas kard\u0101nv\u0101rpstas galven\u0101s iez\u012bmes un priek\u0161roc\u012bbas<\/h3>\n<ol>\n<li><strong>Efekt\u012bva jaudas p\u0101rne\u0161ana<\/strong><br \/>\nKard\u0101nv\u0101rpstas ir paredz\u0113tas, lai efekt\u012bvi p\u0101rnestu meh\u0101nisko jaudu no traktora dzin\u0113ja uz z\u0101les p\u013c\u0101v\u0113ja p\u0101rnesumk\u0101rbu. Tas nodro\u0161ina, ka p\u013c\u0101v\u0113ja asme\u0146i darbojas ar optim\u0101lu \u0101trumu, lai efekt\u012bvi p\u013cautu z\u0101li un ve\u0123et\u0101ciju. Uzturot vienm\u0113r\u012bgu jaudas pl\u016bsmu, kard\u0101nv\u0101rpstas pal\u012bdz pan\u0101kt t\u012br\u0101ku un vienm\u0113r\u012bg\u0101ku p\u013cau\u0161anu, uzlabojot z\u0101les p\u013c\u0101v\u0113ja kop\u0113jo efektivit\u0101ti.<\/li>\n<li><strong>Iztur\u012bba un uzticam\u012bba<\/strong><br \/>\nFMP kard\u0101nv\u0101rpstas ir konstru\u0113tas, lai iztur\u0113tu lauksaimniec\u012bbas vides slodzi. Izgatavotas no augstas iztur\u012bbas materi\u0101liem un prec\u012bzi konstru\u0113tas, lai samazin\u0101tu nodilumu, \u0161\u012bs v\u0101rpstas nodro\u0161ina ilgu kalpo\u0161anas laiku pat pie liel\u0101m slodz\u0113m un sare\u017e\u0123\u012btiem lauka apst\u0101k\u013ciem. To iztur\u012bba samazina d\u012bkst\u0101ves laiku un nepiecie\u0161am\u012bbu p\u0113c bie\u017ea remonta, t\u0101d\u0113j\u0101di palielinot produktivit\u0101ti.<\/li>\n<li><strong>Piel\u0101gojams garums un konfigur\u0101cija<\/strong><br \/>\nFMP kard\u0101nv\u0101rpstas var piel\u0101got garuma un konfigur\u0101cijas zi\u0146\u0101, lai t\u0101s atbilstu \u012bpa\u0161\u0101m pras\u012bb\u0101m. Neatkar\u012bgi no t\u0101, vai jums ir nepiecie\u0161ams standarta garums vai piel\u0101gota iestat\u012b\u0161ana konkr\u0113tam z\u0101les p\u013c\u0101v\u0113ja modelim, m\u0113s pied\u0101v\u0101jam risin\u0101jumus, kas piel\u0101goti j\u016bsu apr\u012bkojuma unik\u0101laj\u0101m specifik\u0101cij\u0101m.<\/li>\n<li><strong>Dro\u0161\u012bba un vienk\u0101r\u0161a apkope<\/strong><br \/>\nM\u016bsu kard\u0101nv\u0101rpstas ir apr\u012bkotas ar dro\u0161\u012bbas funkcij\u0101m, piem\u0113ram, aizsargiem un vairogiem, lai samazin\u0101tu negad\u012bjumu risku ekspluat\u0101cijas laik\u0101. Turkl\u0101t t\u0101s ir paredz\u0113tas vienk\u0101r\u0161ai apkopei, \u013caujot \u0101tri p\u0101rbaud\u012bt un nomain\u012bt nodilu\u0161\u0101s deta\u013cas, t\u0101d\u0113j\u0101di nodro\u0161inot sist\u0113mas nevainojamu un dro\u0161u darb\u012bbu.<\/li>\n<li><strong>Daudzpus\u012bba lauksaimniec\u012bbas apr\u012bkojum\u0101<\/strong><br \/>\nLai gan FMP kard\u0101nv\u0101rpstas ir paredz\u0113tas z\u0101les p\u013c\u0101v\u0113jiem, t\u0101s var izmantot ar\u012b ar da\u017e\u0101d\u0101m cit\u0101m lauksaimniec\u012bbas ma\u0161\u012bn\u0101m, tostarp rot\u0101cijas griez\u0113jiem, lauka p\u013c\u0101v\u0113jiem un z\u0101les trimmeriem. \u0160\u012b daudzpus\u012bba padara t\u0101s par v\u0113rt\u012bgu resursu saimniec\u012bb\u0101m un ainavu veido\u0161anas darbiem, kuriem nepiecie\u0161ama uzticama jaudas p\u0101rvade starp da\u017e\u0101da veida apr\u012bkojumu.<\/li>\n<\/ol>\n<p><img loading=\"lazy\" decoding=\"async\" class=\"alignnone size-full wp-image-2010\" src=\"https:\/\/fmp-components.com\/wp-content\/uploads\/2024\/12\/Agricultural-Lawnmower-Gearbox-Precautions-for-Use1.webp\" alt=\"\" width=\"1202\" height=\"665\" title=\"\" srcset=\"https:\/\/fmp-components.com\/wp-content\/uploads\/2024\/12\/Agricultural-Lawnmower-Gearbox-Precautions-for-Use1.webp 1202w, https:\/\/fmp-components.com\/wp-content\/uploads\/2024\/12\/Agricultural-Lawnmower-Gearbox-Precautions-for-Use1-980x542.webp 980w, https:\/\/fmp-components.com\/wp-content\/uploads\/2024\/12\/Agricultural-Lawnmower-Gearbox-Precautions-for-Use1-480x266.webp 480w\" sizes=\"(min-width: 0px) and (max-width: 480px) 480px, (min-width: 481px) and (max-width: 980px) 980px, (min-width: 981px) 1202px, 100vw\" \/><\/p>\n<h3>PTO v\u0101rpstas pielietojums lauksaimniec\u012bbas z\u0101les p\u013c\u0101v\u0113ja p\u0101rnesumk\u0101rbai<\/h3>\n<ul>\n<li><strong>Z\u0101les p\u013c\u0101v\u0113ji un kr\u016bmgrie\u017ei:<\/strong> J\u016bgv\u0101rpstas savieno traktora dzin\u0113ju ar p\u013caujma\u0161\u012bnas asme\u0146iem, nodro\u0161inot efekt\u012bvu z\u0101les, nez\u0101\u013cu un mazu kr\u016bmu p\u013cau\u0161anu.<\/li>\n<li><strong>Rot\u0101cijas griez\u0113ji:<\/strong> J\u016bgv\u0101rpstas tiek izmantotas rot\u0113jo\u0161o griez\u0113ju darbin\u0101\u0161anai, \u013caujot tiem efekt\u012bvi darboties sare\u017e\u0123\u012btos lauka apst\u0101k\u013cos.<\/li>\n<li><strong>Rot\u0101cijas p\u013caujma\u0161\u012bnas un nez\u0101\u013cu p\u013c\u0101v\u0113ji:<\/strong> J\u016bgv\u0101rpstas pal\u012bdz darbin\u0101t rot\u0113jo\u0161o p\u013caujma\u0161\u012bnu jaud\u012bgos asme\u0146us, att\u012brot biezu ve\u0123et\u0101ciju un nez\u0101les lauksaimniec\u012bbas laukos.<\/li>\n<li><strong>Lauka p\u013caujma\u0161\u012bnas:<\/strong> J\u016bgv\u0101rpstas ir b\u016btiskas traktora savieno\u0161anai ar lauka p\u013caujma\u0161\u012bn\u0101m, nodro\u0161inot efekt\u012bvu p\u013cau\u0161anu un lielu lauksaimniec\u012bbas plat\u012bbu uztur\u0113\u0161anu.<\/li>\n<\/ul>\n<h3>K\u0101p\u0113c lauksaimniec\u012bbas z\u0101les p\u013c\u0101v\u0113ja p\u0101rnesumk\u0101rbai izv\u0113l\u0113ties FMP kard\u0101nv\u0101rpstas?<\/h3>\n<ul>\n<li><strong>Piel\u0101go\u0161ana<\/strong>FMP pied\u0101v\u0101 pla\u0161u kard\u0101nv\u0101rpstu kl\u0101stu da\u017e\u0101dos garumos, konfigur\u0101cij\u0101s un dizainos, lai apmierin\u0101tu \u012bpa\u0161as vajadz\u012bbas.<\/li>\n<li><strong>Uzticam\u012bba<\/strong>M\u016bsu kard\u0101nv\u0101rpstas ir konstru\u0113tas ilgsto\u0161ai veiktsp\u0113jai sare\u017e\u0123\u012btos lauksaimniec\u012bbas apst\u0101k\u013cos, samazinot d\u012bkst\u0101ves laiku un remonta izmaksas.<\/li>\n<li><strong>Dro\u0161\u012bba<\/strong>Ar ieb\u016bv\u0113t\u0101m dro\u0161\u012bbas funkcij\u0101m m\u016bsu kard\u0101nv\u0101rpstas pal\u012bdz samazin\u0101t traumu risku lieto\u0161anas laik\u0101.<\/li>\n<li><strong>Prec\u012bzijas in\u017eenierija<\/strong>Katra kard\u0101nv\u0101rpsta ir izgatavota ar augstu precizit\u0101ti, nodro\u0161inot vienm\u0113r\u012bgu jaudas p\u0101rnesi un samazinot meh\u0101nisku boj\u0101jumu risku.<\/li>\n<li><strong>Glob\u0101lais atbalsts<\/strong>FMP produktiem uzticas klienti vis\u0101 pasaul\u0113, un m\u0113s pied\u0101v\u0101jam ekspertu konsult\u0101cijas un atbalstu, lai nodro\u0161in\u0101tu, ka m\u016bsu kard\u0101nv\u0101rpstas atbilst j\u016bsu prec\u012bzaj\u0101m pras\u012bb\u0101m.<\/li>\n<\/ul>\n<p>FMP kard\u0101nv\u0101rpstas lauksaimniec\u012bbas z\u0101les p\u013c\u0101v\u0113ju p\u0101rnesumk\u0101rb\u0101m ir lieliska izv\u0113le, lai nodro\u0161in\u0101tu uzticamu jaudas p\u0101rvadi un optim\u0101lu veiktsp\u0113ju da\u017e\u0101dos lauksaimniec\u012bbas un ainavu veido\u0161anas darbos. M\u016bsu kard\u0101nv\u0101rpstas ir rad\u012btas ilgam kalpo\u0161anas laikam un konstru\u0113tas \u0113rtai lieto\u0161anai un dro\u0161\u012bbai, lai pal\u012bdz\u0113tu jums maksim\u0101li izmantot z\u0101les p\u013c\u0101v\u0113ja p\u0101rnesumk\u0101rbu, nodro\u0161inot ilgtermi\u0146a efektivit\u0101ti un uzticam\u012bbu pla\u0161\u0101 lauksaimniec\u012bbas uzdevumu kl\u0101st\u0101.<\/p>\n<p><img loading=\"lazy\" decoding=\"async\" class=\"alignnone size-full wp-image-1906\" src=\"https:\/\/fmp-components.com\/wp-content\/uploads\/2024\/12\/Rotary-Mower-Gearbox17.webp\" alt=\"Rot\u0101cijas z\u0101les p\u013c\u0101v\u0113ja \u0101trumk\u0101rba\" width=\"1280\" height=\"463\" title=\"\" srcset=\"https:\/\/fmp-components.com\/wp-content\/uploads\/2024\/12\/Rotary-Mower-Gearbox17.webp 1280w, https:\/\/fmp-components.com\/wp-content\/uploads\/2024\/12\/Rotary-Mower-Gearbox17-980x354.webp 980w, https:\/\/fmp-components.com\/wp-content\/uploads\/2024\/12\/Rotary-Mower-Gearbox17-480x174.webp 480w\" sizes=\"(min-width: 0px) and (max-width: 480px) 480px, (min-width: 481px) and (max-width: 980px) 980px, (min-width: 981px) 1280px, 100vw\" \/><\/p>\n<h2>Par FMP<\/h2>\n<p>FMP galven\u0101 m\u012btne atrodas It\u0101lij\u0101, un tas ir vado\u0161ais ra\u017eot\u0101js, kas paz\u012bstams ar augstas veiktsp\u0113jas p\u0101rnesumk\u0101rbu projekt\u0113\u0161anu un ra\u017eo\u0161anu lauksaimniec\u012bbas tehnikai. Pateicoties prec\u012bzai in\u017eenierijai, inov\u0101cij\u0101m un uzticam\u012bbai, m\u0113s pied\u0101v\u0101jam pla\u0161u produktu kl\u0101stu, tostarp z\u0101les p\u013c\u0101v\u0113ju p\u0101rnesumk\u0101rbas un t\u0101dus svar\u012bgus komponentus k\u0101 j\u016bgv\u0101rpstas. M\u016bsu m\u0113r\u0137is ir nodro\u0161in\u0101t piel\u0101gotus risin\u0101jumus, kas atbilst lauksaimniec\u012bbas un r\u016bpniec\u012bbas nozaru unik\u0101laj\u0101m vajadz\u012bb\u0101m, pieg\u0101d\u0101jot gan atsevi\u0161\u0137us produktus, gan piln\u012bb\u0101 integr\u0113tas sist\u0113mas.<\/p>\n<p>Uz\u0146\u0113mum\u0101 FMP m\u0113s apzin\u0101mies, ka katram klientam ir \u012bpa\u0161as pras\u012bbas, t\u0101p\u0113c m\u0113s specializ\u0113jamies savu produktu piel\u0101go\u0161an\u0101 individu\u0101l\u0101m vajadz\u012bb\u0101m. Neatkar\u012bgi no t\u0101, vai mekl\u0113jat specializ\u0113tu p\u0101rnesumk\u0101rbu vai piln\u012bgu sist\u0113mu, m\u0113s cie\u0161i sadarbojamies ar jums, lai nodro\u0161in\u0101tu visefekt\u012bv\u0101ko un lietder\u012bg\u0101ko risin\u0101jumu. M\u016bsu ap\u0146em\u0161an\u0101s nodro\u0161in\u0101t klientu apmierin\u0101t\u012bbu atspogu\u013cojas m\u016bsu \u0101traj\u0101s un profesion\u0101laj\u0101s atbild\u0113s, k\u0101 ar\u012b ekspertu padomos, nodro\u0161inot, ka katrs piepras\u012bjums tiek apstr\u0101d\u0101ts prec\u012bzi un r\u016bp\u012bgi.<\/p>\n<p>M\u0113s augstu v\u0113rt\u0113jam atkl\u0101tu komunik\u0101ciju un nep\u0101rtrauktu sadarb\u012bbu ar saviem klientiem, \u012bpa\u0161i jaunu produktu izstr\u0101des laik\u0101. M\u016bsu komanda cie\u0161i sadarbojas ar klientiem, lai izprastu vi\u0146u izaicin\u0101jumus un sniegtu v\u0113rt\u012bgu ieskatu, kas noved pie optim\u0101liem risin\u0101jumiem. Neatkar\u012bgi no t\u0101, vai izstr\u0101d\u0101jam jaunus produktus vai izpild\u0101m eso\u0161os pas\u016bt\u012bjumus, m\u0113s esam ap\u0146\u0113mu\u0161ies pieg\u0101d\u0101t augstas kvalit\u0101tes, prec\u012bzi konstru\u0113tus produktus laik\u0101.<\/p>\n<p>Kvalit\u0101te ir FMP darb\u012bbas st\u016brakmens. M\u016bsu ra\u017eo\u0161anas procesi ir balst\u012bti uz augstu standartu, precizit\u0101tes un nulles defektu principiem. M\u0113s ievie\u0161am stingrus kvalit\u0101tes kontroles pas\u0101kumus, lai nodro\u0161in\u0101tu, ka katrs produkts atbilst vai p\u0101rsniedz nozares standartus. \u0160\u012b nelok\u0101m\u0101 koncentr\u0113\u0161an\u0101s uz kvalit\u0101ti apvienojum\u0101 ar m\u016bsu pamatv\u0113rt\u012bb\u0101m \u2013 integrit\u0101ti, komandas darbu un neatlaid\u012bbu \u2013 ir pal\u012bdz\u0113jusi mums veidot ilgsto\u0161as \u200b\u200battiec\u012bbas ar klientiem gandr\u012bz 30 valst\u012bs.<\/p>\n<p>FMP vienm\u0113r ir atv\u0113rta glob\u0101lu partner\u012bbu veido\u0161anai, pied\u0101v\u0101jot ekspertu padomus un piel\u0101gotus risin\u0101jumus. M\u016bsu pieeja sniedzas t\u0101l\u0101k par vienk\u0101r\u0161u produktu pieg\u0101di \u2014 m\u0113s cen\u0161amies veicin\u0101t ilgtermi\u0146a attiec\u012bbas, kas veicina abpus\u0113jus pan\u0101kumus. Neatkar\u012bgi no t\u0101, vai jums ir nepiecie\u0161ami jauni risin\u0101jumi vai atbalsts eso\u0161aj\u0101m sist\u0113m\u0101m, FMP ir ap\u0146\u0113mies risin\u0101t j\u016bsu tehnisk\u0101s probl\u0113mas un nodro\u0161in\u0101t j\u016bsu past\u0101v\u012bgus pan\u0101kumus.<\/p>\n<p><img loading=\"lazy\" decoding=\"async\" class=\"alignnone size-full wp-image-1861\" src=\"https:\/\/fmp-components.com\/wp-content\/uploads\/2024\/12\/Other-Agricultural-Gearboxes.webp\" sizes=\"(min-width: 0px) and (max-width: 480px) 480px, (min-width: 481px) and (max-width: 980px) 980px, (min-width: 981px) 1200px, 100vw\" srcset=\"https:\/\/fmp-components.com\/wp-content\/uploads\/2024\/12\/Other-Agricultural-Gearboxes.webp 1200w, https:\/\/fmp-components.com\/wp-content\/uploads\/2024\/12\/Other-Agricultural-Gearboxes-980x1143.webp 980w, https:\/\/fmp-components.com\/wp-content\/uploads\/2024\/12\/Other-Agricultural-Gearboxes-480x560.webp 480w\" alt=\"Altri-cambi-agricoli\" width=\"1200\" height=\"1400\" title=\"\"><\/p>\n<p>Autors: CX<\/p>\n<p>&nbsp;<\/p>","protected":false},"excerpt":{"rendered":"<p>Agricultural Lawnmower Gearbox\u00a0Specification ITEM FMP-GS4RC Ratio 1:1.46\/1:1.93 Teeth 22\/15 23\/12 Module \u00a05.08 \/5.0 Power(HP) 30 Rated Input 540rpm Input\/Output Description 1-3\/8 Z6 Taper spline Weight(N.W) 19KG Agricultural Lawn Mower Gearbox Material Material Housing\u00a0 QT450 Gear shaft 20CrMnTi Plate Aluminum Agricultural Lawnmower Gearbox Applications At FMP, we specialize in providing high-performance gearboxes designed to meet the [&hellip;]<\/p>","protected":false},"featured_media":2008,"comment_status":"open","ping_status":"closed","template":"","meta":{"_et_pb_use_builder":"","_et_pb_old_content":"","_et_gb_content_width":""},"product_brand":[],"product_cat":[52],"product_tag":[],"class_list":{"0":"post-2006","1":"product","2":"type-product","3":"status-publish","4":"has-post-thumbnail","6":"product_cat-lawn-mower-gearbox","8":"first","9":"instock","10":"shipping-taxable","11":"product-type-simple"},"_links":{"self":[{"href":"https:\/\/fmp-components.com\/lv\/wp-json\/wp\/v2\/product\/2006","targetHints":{"allow":["GET"]}}],"collection":[{"href":"https:\/\/fmp-components.com\/lv\/wp-json\/wp\/v2\/product"}],"about":[{"href":"https:\/\/fmp-components.com\/lv\/wp-json\/wp\/v2\/types\/product"}],"replies":[{"embeddable":true,"href":"https:\/\/fmp-components.com\/lv\/wp-json\/wp\/v2\/comments?post=2006"}],"wp:featuredmedia":[{"embeddable":true,"href":"https:\/\/fmp-components.com\/lv\/wp-json\/wp\/v2\/media\/2008"}],"wp:attachment":[{"href":"https:\/\/fmp-components.com\/lv\/wp-json\/wp\/v2\/media?parent=2006"}],"wp:term":[{"taxonomy":"product_brand","embeddable":true,"href":"https:\/\/fmp-components.com\/lv\/wp-json\/wp\/v2\/product_brand?post=2006"},{"taxonomy":"product_cat","embeddable":true,"href":"https:\/\/fmp-components.com\/lv\/wp-json\/wp\/v2\/product_cat?post=2006"},{"taxonomy":"product_tag","embeddable":true,"href":"https:\/\/fmp-components.com\/lv\/wp-json\/wp\/v2\/product_tag?post=2006"}],"curies":[{"name":"wp","href":"https:\/\/api.w.org\/{rel}","templated":true}]}}