{"id":1978,"date":"2024-12-26T07:41:22","date_gmt":"2024-12-26T07:41:22","guid":{"rendered":"https:\/\/fmp-components.com\/?page_id=8"},"modified":"2024-12-26T07:41:22","modified_gmt":"2024-12-26T07:41:22","slug":"fmp-bgb9-lawn-mower-gearbox-for-agricultural-lawn-mower","status":"publish","type":"product","link":"https:\/\/fmp-components.com\/lv\/product\/fmp-bgb9-lawn-mower-gearbox-for-agricultural-lawn-mower\/","title":{"rendered":"Z\u0101les p\u013c\u0101v\u0113ja p\u0101rnesumk\u0101rba FMP-BGB9 lauksaimniec\u012bbas z\u0101les p\u013c\u0101v\u0113jam"},"content":{"rendered":"<p><img loading=\"lazy\" decoding=\"async\" class=\"alignnone size-full wp-image-1981\" src=\"https:\/\/fmp-components.com\/wp-content\/uploads\/2024\/12\/FMP_agricultural-gearbox-HC-LF211-1.webp\" alt=\"FMP_lauksaimniec\u012bbas-p\u0101rnesumk\u0101rba-HC-LF211-1\" width=\"1000\" height=\"500\" title=\"\" srcset=\"https:\/\/fmp-components.com\/wp-content\/uploads\/2024\/12\/FMP_agricultural-gearbox-HC-LF211-1.webp 1000w, https:\/\/fmp-components.com\/wp-content\/uploads\/2024\/12\/FMP_agricultural-gearbox-HC-LF211-1-980x490.webp 980w, https:\/\/fmp-components.com\/wp-content\/uploads\/2024\/12\/FMP_agricultural-gearbox-HC-LF211-1-480x240.webp 480w\" sizes=\"(min-width: 0px) and (max-width: 480px) 480px, (min-width: 481px) and (max-width: 980px) 980px, (min-width: 981px) 1000px, 100vw\" \/><\/p>\n<h2>Lauksaimniec\u012bbas z\u0101les p\u013c\u0101v\u0113ja \u0101trumk\u0101rbas specifik\u0101cija<\/h2>\n<table style=\"width: 92.9372%; height: 200px;\" border=\"1\" cellspacing=\"0\" cellpadding=\"0\">\n<tbody>\n<tr style=\"height: 27px;\">\n<td style=\"width: 32.0166%; height: 27px;\">PRECE<\/td>\n<td style=\"width: 67.8794%; height: 27px;\">Z\u0101les p\u013c\u0101v\u0113ja p\u0101rnesumk\u0101rba FMP-BGB9<\/td>\n<\/tr>\n<tr style=\"height: 27px;\">\n<td style=\"width: 32.0166%; height: 27px;\">Attiec\u012bba<\/td>\n<td style=\"width: 67.8794%; height: 27px;\">1:1 \/ 1:1.35 \/ 1:1.46 \/ 1:2<\/td>\n<\/tr>\n<tr style=\"height: 27px;\">\n<td style=\"width: 32.0166%; height: 27px;\">Zobi<\/td>\n<td style=\"width: 67.8794%; height: 27px;\">16\/16\u00a0 23\/17\u00a0 22\/15 15\/30<\/td>\n<\/tr>\n<tr style=\"height: 27px;\">\n<td style=\"width: 32.0166%; height: 27px;\">Modulis<\/td>\n<td style=\"width: 67.8794%; height: 27px;\">6.35 \/\u00a0 5.0 \/ 5.0 \/ 3.5<\/td>\n<\/tr>\n<tr style=\"height: 27px;\">\n<td style=\"width: 32.0166%; height: 27px;\">Jauda (ZS)<\/td>\n<td style=\"width: 67.8794%; height: 27px;\">30<\/td>\n<\/tr>\n<tr style=\"height: 27px;\">\n<td style=\"width: 32.0166%; height: 27px;\">Nomin\u0101l\u0101 ieeja<\/td>\n<td style=\"width: 67.8794%; height: 27px;\">540 apgr.\/min<\/td>\n<\/tr>\n<tr style=\"height: 27px;\">\n<td style=\"width: 32.0166%; height: 27px;\">Ievades\/izvades apraksts<\/td>\n<td style=\"width: 67.8794%; height: 27px;\">1 3\/8 Z6 13\/8 Z6 Optisk\u0101 ass<\/td>\n<\/tr>\n<tr style=\"height: 27px;\">\n<td style=\"width: 32.0166%; height: 27px;\">Svars (ZR)<\/td>\n<td style=\"width: 67.8794%; height: 27px;\">23 kg<\/td>\n<\/tr>\n<\/tbody>\n<\/table>\n<h3>Z\u0101les p\u013c\u0101v\u0113ja \u0101trumk\u0101rba lauksaimniec\u012bbas vajadz\u012bb\u0101m<\/h3>\n<p>Z\u0101les p\u013c\u0101v\u0113ja p\u0101rnesumk\u0101rba ir b\u016btiska jaudas p\u0101rne\u0161anai no dzin\u0113ja uz lauksaimniec\u012bbas z\u0101les p\u013c\u0101v\u0113ju grie\u0161anas asme\u0146iem. T\u0101 nodro\u0161ina efekt\u012bvu darb\u012bbu, padarot p\u013cau\u0161anas darbus \u0101tr\u0101kus un vienm\u0113r\u012bg\u0101kus. \u0160eit ir galveno funkciju un priek\u0161roc\u012bbu p\u0101rskats:<\/p>\n<h3>Galven\u0101s iez\u012bmes:<\/h3>\n<ul>\n<li><strong>Jaudas p\u0101rraide:<\/strong> P\u0101rnes dzin\u0113ja jaudu uz z\u0101les p\u013c\u0101v\u0113ja asme\u0146iem, nodro\u0161inot efekt\u012bvu p\u013cau\u0161anu.<\/li>\n<li><strong>Iztur\u012bba:<\/strong> \u0160\u012bs p\u0101rnesumk\u0101rbas ir izgatavotas no augstas stipr\u012bbas materi\u0101liem, piem\u0113ram, t\u0113rauda, \u200b\u200bun t\u0101s iztur smagus lauksaimniec\u012bbas apst\u0101k\u013cus.<\/li>\n<li><strong>\u0100truma un griezes momenta kontrole:<\/strong> Pied\u0101v\u0101 da\u017e\u0101dus p\u0101rnesumu skait\u013cus optim\u0101lai grie\u0161anas veiktsp\u0113jai da\u017e\u0101dos reljefos.<\/li>\n<li><strong>Dro\u0161\u012bbas funkcijas:<\/strong> Apr\u012bkots ar p\u0101rslodzes saj\u016bgiem un aizsardz\u012bbu pret p\u0101rslodzi, lai nov\u0113rstu boj\u0101jumus un nodro\u0161in\u0101tu dro\u0161\u012bbu.<\/li>\n<li><strong>Piel\u0101go\u0161ana:<\/strong> Piel\u0101gojams garumam, griezes momentam un savienojumam, lai atbilstu konkr\u0113t\u0101m z\u0101les p\u013c\u0101v\u0113ja pras\u012bb\u0101m.<\/li>\n<li><strong>Daudzpus\u012bba:<\/strong> Piem\u0113rots rot\u0113jo\u0161aj\u0101m z\u0101les p\u013c\u0101v\u0113j\u0101m, trimmeru z\u0101les p\u013c\u0101v\u0113j\u0101m un citai lauksaimniec\u012bbas tehnikai.<\/li>\n<li><strong>Izmaksu zi\u0146\u0101 efekt\u012bvs:<\/strong> Samazina d\u012bkst\u0101ves laiku un remonta izmaksas, nodro\u0161inot nevainojamu darb\u012bbu.<\/li>\n<\/ul>\n<h3>Lietojumi:<\/h3>\n<ul>\n<li><strong>Rot\u0101cijas z\u0101les p\u013c\u0101v\u0113ji:<\/strong> Efekt\u012bvai z\u0101les p\u013cau\u0161anai, pievienots, izmantojot j\u016bgv\u0101rpstu.<\/li>\n<li><strong>Z\u0101les p\u013c\u0101v\u0113ji ar spur\u0101m:<\/strong> Nodro\u0161ina vienm\u0113r\u012bgu rot\u0101ciju da\u017e\u0101das ve\u0123et\u0101cijas smalcin\u0101\u0161anai un p\u013cau\u0161anai.<\/li>\n<li><strong>Z\u0101les p\u013c\u0101v\u0113ji ar braucamo un nulles pagrieziena r\u0101diusu:<\/strong> Nodro\u0161ina vienm\u0113r\u012bgu jaudas p\u0101rvadi liela m\u0113roga p\u013cau\u0161anai.<\/li>\n<li><strong>Stumjam\u0101s z\u0101les p\u013c\u0101v\u0113jas:<\/strong> Optimiz\u0113 asmens \u0101trumu t\u012briem griezumiem pat uz nel\u012bdzenas virsmas.<\/li>\n<\/ul>\n<h3>Ieguvumi:<\/h3>\n<ul>\n<li><strong>Uzlabota grie\u0161ana:<\/strong> Vienm\u0113r\u012bgs asmens \u0101trums t\u012bram un vienm\u0113r\u012bgam griezumam.<\/li>\n<li><strong>Degvielas pat\u0113ri\u0146a efektivit\u0101te:<\/strong> Optimiz\u0113 ener\u0123ijas pat\u0113ri\u0146u, uzlabojot degvielas ekonomiju.<\/li>\n<li><strong>Ilg\u0101ks apr\u012bkojuma kalpo\u0161anas laiks:<\/strong> Iztur\u012bgs dizains pagarina z\u0101les p\u013c\u0101v\u0113ja kalpo\u0161anas laiku.<\/li>\n<li><strong>Zema apkope:<\/strong> Nepiecie\u0161ama minim\u0101la apkope, samazinot d\u012bkst\u0101ves laiku.<\/li>\n<li><strong>Paaugstin\u0101ta dro\u0161\u012bba:<\/strong> Dro\u0161\u012bbas funkcijas nov\u0113r\u0161 boj\u0101jumus, samazinot operatora risku.<\/li>\n<\/ul>\n<h3>K\u0101p\u0113c izv\u0113l\u0113ties FMP:<\/h3>\n<p>FMP ra\u017eo augstas kvalit\u0101tes z\u0101les p\u013c\u0101v\u0113ju p\u0101rnesumk\u0101rbas, kas paredz\u0113tas iztur\u012bbai, uzticam\u012bbai un veiktsp\u0113jai. Neatkar\u012bgi no t\u0101, vai jums nepiecie\u0161ams standarta vai piel\u0101gots risin\u0101jums, FMP nodro\u0161ina perfektu p\u0101rnesumk\u0101rbu lauksaimniec\u012bbas z\u0101les p\u013c\u0101v\u0113jiem, nodro\u0161inot efekt\u012bvu darb\u012bbu un ilgsto\u0161u veiktsp\u0113ju.<\/p>\n<p>FMP z\u0101les p\u013c\u0101v\u0113ju p\u0101rnesumk\u0101rbas pied\u0101v\u0101 iztur\u012bbu, precizit\u0101ti un efektivit\u0101ti, padarot t\u0101s ide\u0101li piem\u0113rotas lauksaimniec\u012bbas p\u013cau\u0161anas darbiem. Uzticieties FMP, lai ieg\u016btu piel\u0101gotas, augstas veiktsp\u0113jas p\u0101rnesumk\u0101rbas, kas piel\u0101gotas j\u016bsu vajadz\u012bb\u0101m.<\/p>\n<p><img loading=\"lazy\" decoding=\"async\" class=\"alignnone size-full wp-image-1871\" src=\"https:\/\/fmp-components.com\/wp-content\/uploads\/2024\/12\/Differences-Between-Rotary-Mower-Gearbox-and-Flail-Mower-Gearbox-2.webp\" alt=\"At\u0161\u0137ir\u012bbas starp rot\u0113jo\u0161\u0101s z\u0101les p\u013c\u0101v\u0113ja p\u0101rnesumk\u0101rbu un sprigu\u013cveida z\u0101les p\u013c\u0101v\u0113ja p\u0101rnesumk\u0101rbu 2\" width=\"1000\" height=\"600\" title=\"\" srcset=\"https:\/\/fmp-components.com\/wp-content\/uploads\/2024\/12\/Differences-Between-Rotary-Mower-Gearbox-and-Flail-Mower-Gearbox-2.webp 1000w, https:\/\/fmp-components.com\/wp-content\/uploads\/2024\/12\/Differences-Between-Rotary-Mower-Gearbox-and-Flail-Mower-Gearbox-2-980x588.webp 980w, https:\/\/fmp-components.com\/wp-content\/uploads\/2024\/12\/Differences-Between-Rotary-Mower-Gearbox-and-Flail-Mower-Gearbox-2-480x288.webp 480w\" sizes=\"(min-width: 0px) and (max-width: 480px) 480px, (min-width: 481px) and (max-width: 980px) 980px, (min-width: 981px) 1000px, 100vw\" \/><\/p>\n<h3>Par FMP<\/h3>\n<p>FMP, kura galven\u0101 m\u012btne atrodas It\u0101lij\u0101, ir vado\u0161ais ra\u017eot\u0101js, kas specializ\u0113jas augstas veiktsp\u0113jas p\u0101rnesumk\u0101rbu projekt\u0113\u0161an\u0101, izstr\u0101d\u0113 un ra\u017eo\u0161an\u0101 lauksaimniec\u012bbas tehnikai. M\u0113s esam paz\u012bstami ar savu prec\u012bzo in\u017eenieriju, inov\u0101cij\u0101m un uzticam\u012bbu, un pied\u0101v\u0101jam pla\u0161u p\u0101rnesumk\u0101rbu kl\u0101stu, tostarp z\u0101les p\u013c\u0101v\u0113jiem paredz\u0113t\u0101s p\u0101rnesumk\u0101rbas, k\u0101 ar\u012b t\u0101das svar\u012bgas sast\u0101vda\u013cas k\u0101 j\u016bgv\u0101rpstas. M\u016bsu m\u0113r\u0137is ir sniegt piel\u0101gotus risin\u0101jumus, kas atbilst lauksaimniec\u012bbas un r\u016bpniec\u012bbas nozaru \u012bpa\u0161aj\u0101m vajadz\u012bb\u0101m, gan atsevi\u0161\u0137u produktu, gan piln\u012bb\u0101 integr\u0113tu sist\u0113mu veid\u0101.<\/p>\n<p>Uz\u0146\u0113mum\u0101 FMP m\u0113s saprotam, ka katram klientam ir unik\u0101las pras\u012bbas. Tas veicina m\u016bsu ap\u0146em\u0161anos piel\u0101got m\u016bsu produktus, lai tie atbilstu \u0161\u012bm \u012bpa\u0161aj\u0101m vajadz\u012bb\u0101m. Neatkar\u012bgi no t\u0101, vai jums ir nepiecie\u0161ama specializ\u0113ta p\u0101rnesumk\u0101rba vai piln\u012bga sist\u0113ma, m\u0113s cie\u0161i sadarbojamies ar jums, lai izstr\u0101d\u0101tu visefekt\u012bv\u0101ko un lietder\u012bg\u0101ko risin\u0101jumu. M\u0113s lepojamies ar to, ka sniedzam \u0101tras un profesion\u0101las atbildes, nodro\u0161inot, ka katrs piepras\u012bjums tiek apstr\u0101d\u0101ts ar kompetenci un precizit\u0101ti.<\/p>\n<p>M\u0113s pie\u0161\u0137iram lielu noz\u012bmi atkl\u0101tai un past\u0101v\u012bgai komunik\u0101cijai ar m\u016bsu klientiem, \u012bpa\u0161i jaunu produktu izstr\u0101d\u0113. M\u016bsu \u012bpa\u0161i izveidot\u0101 komanda str\u0101d\u0101 kop\u0101 ar klientiem, lai piln\u012bb\u0101 izprastu vi\u0146u izaicin\u0101jumus un sniegtu v\u0113rt\u012bgas atzi\u0146as, kas noved pie optim\u0101liem risin\u0101jumiem. S\u0101kot ar jaunu produktu izstr\u0101di un beidzot ar eso\u0161o pas\u016bt\u012bjumu izpildi, m\u0113s esam ap\u0146\u0113mu\u0161ies pieg\u0101d\u0101t augstas kvalit\u0101tes, prec\u012bzi konstru\u0113tus produktus gan \u0101tri, gan prec\u012bzi.<\/p>\n<p>Kvalit\u0101te ir visa m\u016bsu FMP darb\u012bbas st\u016brakmens. M\u016bsu ra\u017eo\u0161anas procesi ir balst\u012bti uz augstiem standartiem, precizit\u0101ti un nulles defektiem. M\u0113s izmantojam stingras kvalit\u0101tes kontroles proced\u016bras, lai nodro\u0161in\u0101tu, ka katrs produkts p\u0101rsniedz nozares standartus. \u0160\u012b nelok\u0101m\u0101 ap\u0146em\u0161an\u0101s nodro\u0161in\u0101t kvalit\u0101ti apvienojum\u0101 ar m\u016bsu v\u0113rt\u012bb\u0101m \u2013 integrit\u0101ti, komandas darbu un neatlaid\u012bbu \u2013 ir \u013c\u0101vusi mums veidot ilgsto\u0161as \u200b\u200battiec\u012bbas ar klientiem gandr\u012bz 30 valst\u012bs vis\u0101 pasaul\u0113.<\/p>\n<p>FMP vienm\u0113r ir atv\u0113rts glob\u0101lu partner\u012bbu veido\u0161anai un labpr\u0101t sniedz ekspertu padomus un piel\u0101gotus risin\u0101jumus. M\u016bsu pieeja sniedzas t\u0101l\u0101k par vienk\u0101r\u0161u produktu pieg\u0101di \u2014 m\u0113s esam ap\u0146\u0113mu\u0161ies veicin\u0101t ilgtermi\u0146a attiec\u012bbas ar saviem klientiem, nodro\u0161inot vi\u0146u pan\u0101kumus katr\u0101 projekt\u0101. Neatkar\u012bgi no t\u0101, vai mekl\u0113jat risin\u0101jumus jaunai iniciat\u012bvai vai nepiecie\u0161ams atbalsts eso\u0161ai sist\u0113mai, FMP ir \u0161eit, lai risin\u0101tu j\u016bsu tehnisk\u0101s probl\u0113mas un pal\u012bdz\u0113tu nodro\u0161in\u0101t j\u016bsu turpm\u0101kos pan\u0101kumus.<\/p>\n<p><img loading=\"lazy\" decoding=\"async\" class=\"alignnone size-full wp-image-1861\" src=\"https:\/\/fmp-components.com\/wp-content\/uploads\/2024\/12\/Other-Agricultural-Gearboxes.webp\" sizes=\"(min-width: 0px) and (max-width: 480px) 480px, (min-width: 481px) and (max-width: 980px) 980px, (min-width: 981px) 1200px, 100vw\" srcset=\"https:\/\/fmp-components.com\/wp-content\/uploads\/2024\/12\/Other-Agricultural-Gearboxes.webp 1200w, https:\/\/fmp-components.com\/wp-content\/uploads\/2024\/12\/Other-Agricultural-Gearboxes-980x1143.webp 980w, https:\/\/fmp-components.com\/wp-content\/uploads\/2024\/12\/Other-Agricultural-Gearboxes-480x560.webp 480w\" alt=\"Altri-cambi-agricoli\" width=\"1200\" height=\"1400\" title=\"\"><\/p>\n<p>Autors: CX<\/p>","protected":false},"excerpt":{"rendered":"<p>Agricultural Lawnmower Gearbox Specification ITEM FMP-BGB9 Lawn mower gearbox Ratio 1:1 \/ 1:1.35 \/ 1:1.46 \/ 1:2 Teeth 16\/16\u00a0 23\/17\u00a0 22\/15 15\/30 Module 6.35 \/\u00a0 5.0 \/ 5.0 \/ 3.5 Power\uff08HP\uff09 30 Rated Input 540rpm Input\/Output description 1 3\/8 Z6 13\/8 Z6 OPtic axis Weight\uff08N.W\uff09 23Kg Lawn Mower Gearbox for Agricultural Use A lawn mower [&hellip;]<\/p>","protected":false},"featured_media":1982,"comment_status":"open","ping_status":"closed","template":"","meta":{"_et_pb_use_builder":"","_et_pb_old_content":"","_et_gb_content_width":""},"product_brand":[],"product_cat":[52],"product_tag":[],"class_list":{"0":"post-1978","1":"product","2":"type-product","3":"status-publish","4":"has-post-thumbnail","6":"product_cat-lawn-mower-gearbox","8":"first","9":"instock","10":"shipping-taxable","11":"product-type-simple"},"_links":{"self":[{"href":"https:\/\/fmp-components.com\/lv\/wp-json\/wp\/v2\/product\/1978","targetHints":{"allow":["GET"]}}],"collection":[{"href":"https:\/\/fmp-components.com\/lv\/wp-json\/wp\/v2\/product"}],"about":[{"href":"https:\/\/fmp-components.com\/lv\/wp-json\/wp\/v2\/types\/product"}],"replies":[{"embeddable":true,"href":"https:\/\/fmp-components.com\/lv\/wp-json\/wp\/v2\/comments?post=1978"}],"wp:featuredmedia":[{"embeddable":true,"href":"https:\/\/fmp-components.com\/lv\/wp-json\/wp\/v2\/media\/1982"}],"wp:attachment":[{"href":"https:\/\/fmp-components.com\/lv\/wp-json\/wp\/v2\/media?parent=1978"}],"wp:term":[{"taxonomy":"product_brand","embeddable":true,"href":"https:\/\/fmp-components.com\/lv\/wp-json\/wp\/v2\/product_brand?post=1978"},{"taxonomy":"product_cat","embeddable":true,"href":"https:\/\/fmp-components.com\/lv\/wp-json\/wp\/v2\/product_cat?post=1978"},{"taxonomy":"product_tag","embeddable":true,"href":"https:\/\/fmp-components.com\/lv\/wp-json\/wp\/v2\/product_tag?post=1978"}],"curies":[{"name":"wp","href":"https:\/\/api.w.org\/{rel}","templated":true}]}}