{"id":1975,"date":"2024-12-26T06:42:03","date_gmt":"2024-12-26T06:42:03","guid":{"rendered":"https:\/\/fmp-components.com\/?page_id=8"},"modified":"2024-12-26T06:54:35","modified_gmt":"2024-12-26T06:54:35","slug":"mowers-gearboxes-replacement-of-bondioli-pavesi-gearbox-code-1018","status":"publish","type":"product","link":"https:\/\/fmp-components.com\/lv\/product\/mowers-gearboxes-replacement-of-bondioli-pavesi-gearbox-code-1018\/","title":{"rendered":"Z\u0101les p\u013c\u0101v\u0113ju p\u0101rnesumk\u0101rbas \u2013 Bondioli Pavesi p\u0101rnesumk\u0101rbas (koda 1018) nomai\u0146a"},"content":{"rendered":"<p><img loading=\"lazy\" decoding=\"async\" class=\"size-full wp-image-1976 aligncenter\" src=\"https:\/\/fmp-components.com\/wp-content\/uploads\/2024\/12\/Lawn-Mower-Gearbox-5.webp\" alt=\"Z\u0101les p\u013c\u0101v\u0113ja p\u0101rnesumk\u0101rba\" width=\"500\" height=\"500\" title=\"\" srcset=\"https:\/\/fmp-components.com\/wp-content\/uploads\/2024\/12\/Lawn-Mower-Gearbox-5.webp 500w, https:\/\/fmp-components.com\/wp-content\/uploads\/2024\/12\/Lawn-Mower-Gearbox-5-480x480.webp 480w\" sizes=\"(min-width: 0px) and (max-width: 480px) 480px, (min-width: 481px) 500px, 100vw\" \/><\/p>\n<h2>Z\u0101les p\u013c\u0101v\u0113ju p\u0101rnesumk\u0101rbas \u2014 Bondioli Pavesi p\u0101rnesumk\u0101rbas koda 1080 specifik\u0101cijas nomai\u0146a<\/h2>\n<p><img loading=\"lazy\" decoding=\"async\" class=\"alignnone size-full wp-image-1977\" src=\"https:\/\/fmp-components.com\/wp-content\/uploads\/2024\/12\/Lawn-Mower-Gearbox-4.webp\" alt=\"Z\u0101les p\u013c\u0101v\u0113ja p\u0101rnesumk\u0101rba\" width=\"1250\" height=\"626\" title=\"\" srcset=\"https:\/\/fmp-components.com\/wp-content\/uploads\/2024\/12\/Lawn-Mower-Gearbox-4.webp 1250w, https:\/\/fmp-components.com\/wp-content\/uploads\/2024\/12\/Lawn-Mower-Gearbox-4-980x491.webp 980w, https:\/\/fmp-components.com\/wp-content\/uploads\/2024\/12\/Lawn-Mower-Gearbox-4-480x240.webp 480w\" sizes=\"(min-width: 0px) and (max-width: 480px) 480px, (min-width: 481px) and (max-width: 980px) 980px, (min-width: 981px) 1250px, 100vw\" \/><\/p>\n<table style=\"width: 100%;\" border=\"1\" width=\"100%\" cellspacing=\"0\" cellpadding=\"0\">\n<tbody>\n<tr>\n<th>Jauda<\/th>\n<td>L\u012bdz 26 kW pie 1000 min-1<sup>-1<\/sup><\/td>\n<\/tr>\n<tr>\n<th>Attiec\u012bba<\/th>\n<td>No 1:2,78 l\u012bdz 2,78:1<\/td>\n<\/tr>\n<tr>\n<th>Vien\u012bba<\/th>\n<td>Katrs<\/td>\n<\/tr>\n<tr>\n<th>Satur e\u013c\u013cu<\/th>\n<td>N\u0113<\/td>\n<\/tr>\n<tr>\n<th>V\u0101rpsta X<\/th>\n<td>25 stundas 8<\/td>\n<\/tr>\n<tr>\n<th>V\u0101rpsta Z<\/th>\n<td>1-3\/8 Z6<\/td>\n<\/tr>\n<tr>\n<th>Piez\u012bmes<\/th>\n<td>1 3\/8 collu Z6 v\u0101rpsta nav pieejama vien\u0101 gabal\u0101:<br \/>\n\u2013 Vienlaikus uz ab\u0101m as\u012bm X un Y.<br \/>\n\u2013 Uz Z ass modelim S1018190 un S1018278.<br \/>\n\u2013 S1018053 gad\u012bjum\u0101 uz ab\u0101m X un Y as\u012bm.<br \/>\nIepriek\u0161 min\u0113tajos gad\u012bjumos ir nepiecie\u0161ama 1 collas Z15 5. tipa v\u0101rpsta kop\u0101 ar att\u0113l\u0101 redzamo speci\u0101lo adapteri.<\/td>\n<\/tr>\n<\/tbody>\n<\/table>\n<h3>Bondioli Pavesi p\u0101rnesumk\u0101rbas koda 1018 nomai\u0146as pieteikums<\/h3>\n<p>Bondioli Pavesi p\u0101rnesumk\u0101rbas ar kodu 1018 nomai\u0146a ir daudzpus\u012bga un iztur\u012bga p\u0101rnesumk\u0101rba, ko izmanto da\u017e\u0101dos lauksaimniec\u012bbas, r\u016bpniec\u012bbas un meh\u0101niskajos pielietojumos. T\u0101s konstrukcija un specifik\u0101cijas padara to piem\u0113rotu uzdevumiem, kuriem nepiecie\u0161amas iztur\u012bgas un efekt\u012bvas jaudas p\u0101rvades sist\u0113mas. T\u0101l\u0101k ir nor\u0101d\u012bti \u0161\u012bs p\u0101rnesumk\u0101rbas galvenie pielietojumi:<\/p>\n<h4>Lauksaimniec\u012bbas tehnika<\/h4>\n<ul>\n<li>Rot\u0113jo\u0161\u0101s z\u0101les p\u013c\u0101v\u0113jas: Bondioli Pavesi 1018 p\u0101rnesumk\u0101rba parasti tiek izmantota rot\u0113jo\u0161aj\u0101s z\u0101les p\u013c\u0101v\u0113j\u0101s, lai nodro\u0161in\u0101tu efekt\u012bvu jaudas p\u0101rnesi no traktora uz p\u013c\u0101v\u0113ja asme\u0146iem. T\u0101 pal\u012bdz nodro\u0161in\u0101t vienm\u0113r\u012bgu un nemain\u012bgu p\u013cau\u0161anas veiktsp\u0113ju.<\/li>\n<li>Augsnes apstr\u0101des tehnika: P\u0101rnesumk\u0101rbu izmanto ar\u012b augsnes fr\u0113z\u0113s un cit\u0101s augsnes sagatavo\u0161anas tehnik\u0101, kur t\u0101s sp\u0113ja iztur\u0113t lielas griezes momenta slodzes ir \u013coti svar\u012bga augsnes irdin\u0101\u0161anai un lauku sagatavo\u0161anai s\u0113\u0161anai.<\/li>\n<li>M\u0113slojuma izklied\u0113t\u0101ji: P\u0101rnesumk\u0101rba pal\u012bdz vad\u012bt izklied\u0113\u0161anas meh\u0101nismu, nodro\u0161inot nepiecie\u0161amo jaudu, lai vienm\u0113r\u012bgi sadal\u012btu m\u0113slojumu liel\u0101s plat\u012bb\u0101s.<\/li>\n<li>Siena preses: P\u0101rnesumk\u0101rbai ir iz\u0161\u0137iro\u0161a noz\u012bme siena preses darb\u012bb\u0101, p\u0101rnesot jaudu no traktora uz pres\u0113\u0161anas meh\u0101nismu.<\/li>\n<li>Apr\u012bkojums p\u0113c ra\u017eas nov\u0101k\u0161anas: p\u0101rnesumk\u0101rba, ko izmanto t\u0101d\u0101s ma\u0161\u012bn\u0101s k\u0101 graudu kombaini vai graudu konveijeri, nodro\u0161ina vienm\u0113r\u012bgu darb\u012bbu p\u0113c ra\u017eas nov\u0101k\u0161anas apstr\u0101des laik\u0101.<\/li>\n<\/ul>\n<h4>Me\u017esaimniec\u012bbas tehnika<\/h4>\n<ul>\n<li>Koksnes smalcin\u0101t\u0101ji un smalcin\u0101t\u0101ji: P\u0101rnesumk\u0101rba tiek pla\u0161i izmantota me\u017esaimniec\u012bbas tehnik\u0101, piem\u0113ram, koksnes smalcin\u0101t\u0101jos, smalcin\u0101t\u0101jos un celmu fr\u0113z\u0113s, nodro\u0161inot augstu griezes momentu un jaudas p\u0101rvadi smagiem grie\u0161anas darbiem.<\/li>\n<li>Koku griez\u0113ji: Koku kop\u0161anai un apgrie\u0161anai Bondioli Pavesi 1018 p\u0101rnesumk\u0101rba pal\u012bdz efekt\u012bvi darbin\u0101t atzaro\u0161anas instrumentus, nodro\u0161inot vienm\u0113r\u012bgu darb\u012bbu un samazinot nodilumu.<\/li>\n<\/ul>\n<h4>Celtniec\u012bbas tehnika<\/h4>\n<ul>\n<li>Betona mais\u012bt\u0101ji: B\u016bvniec\u012bb\u0101 Bondioli Pavesi p\u0101rnesumk\u0101rba tiek izmantota betona mais\u012bt\u0101jos, kur t\u0101 efekt\u012bvi p\u0101rnes jaudu uz mais\u012b\u0161anas cilindru, nodro\u0161inot vienm\u0113r\u012bgu rot\u0101ciju optim\u0101lai betona sajauk\u0161anai.<\/li>\n<li>Hidraulisk\u0101s sist\u0113mas: P\u0101rnesumk\u0101rbu da\u017ereiz izmanto celtniec\u012bbas tehnikas hidrauliskaj\u0101s sist\u0113m\u0101s, lai darbin\u0101tu s\u016bk\u0146us vai citus meh\u0101niskus elementus, kuriem nepiecie\u0161ams nemain\u012bgs griezes moments un jauda.<\/li>\n<\/ul>\n<h4>R\u016bpniecisk\u0101s iek\u0101rtas<\/h4>\n<ul>\n<li>Jaudas p\u0101rvades sist\u0113mas: Bondioli Pavesi 1018 p\u0101rnesumk\u0101rba, ko izmanto da\u017e\u0101d\u0101s r\u016bpniecisk\u0101s iek\u0101rt\u0101s, ir efekt\u012bva sist\u0113m\u0101s, kur\u0101m nepiecie\u0161ama uzticama un iztur\u012bga p\u0101rvades sist\u0113ma da\u017e\u0101du ma\u0161\u012bnu vai komponentu vad\u012b\u0161anai.<\/li>\n<li>Konveijera lentes: To var izmantot ra\u017eo\u0161anas nozar\u0113 konveijera lentu vad\u012b\u0161anai, pal\u012bdzot transport\u0113t preces r\u016bpn\u012bc\u0101s un noliktav\u0101s.<\/li>\n<\/ul>\n<h4>J\u016bras lietojumprogrammas<\/h4>\n<ul>\n<li>Laivu piedzi\u0146as sist\u0113mas: P\u0101rnesumk\u0101rbu var izmantot ar\u012b j\u016bras ku\u0123os piedzi\u0146as sist\u0113mu vad\u012b\u0161anai, kur t\u0101 nodro\u0161ina efekt\u012bvu jaudas p\u0101rnesi starp dzin\u0113ju un propelleru.<\/li>\n<\/ul>\n<h4>Sniega t\u012br\u012b\u0161anas apr\u012bkojums<\/h4>\n<ul>\n<li>Sniega t\u012br\u012bt\u0101ji: Apgabalos ar sp\u0113c\u012bgu snig\u0161anu sniega t\u012br\u012bt\u0101jos un slauc\u012bt\u0101jos tiek izmantota Bondioli Pavesi p\u0101rnesumk\u0101rba. T\u0101 p\u0101rnes jaudu no transportl\u012bdzek\u013ca uz sniega t\u012br\u012b\u0161anas meh\u0101nismu, nodro\u0161inot efekt\u012bvu sniega t\u012br\u012b\u0161anu.<\/li>\n<\/ul>\n<h4>Pa\u0161vald\u012bbas apr\u012bkojums<\/h4>\n<ul>\n<li>Ielu t\u012br\u012bt\u0101ji: Ielu t\u012br\u012bt\u0101jos tiek izmantota p\u0101rnesumk\u0101rba, kas nodro\u0161ina birstes vai slauc\u012b\u0161anas meh\u0101nisma vienm\u0113r\u012bgu darb\u012bbu, nodro\u0161inot vienm\u0113r\u012bgu jaudu t\u012br\u012b\u0161anas komponentiem.<\/li>\n<\/ul>\n<h4>Ap\u016bde\u0146o\u0161anas sist\u0113mas<\/h4>\n<ul>\n<li>S\u016bk\u0146i un \u016bdens p\u0101rvades sist\u0113mas: Liela m\u0113roga ap\u016bde\u0146o\u0161anas sist\u0113m\u0101s p\u0101rnesumk\u0101rba tiek izmantota, lai darbin\u0101tu s\u016bk\u0146us, kas izplata \u016bdeni pa lauksaimniec\u012bbas zemi, nodro\u0161inot efekt\u012bvu ap\u016bde\u0146o\u0161anas procesu.<\/li>\n<\/ul>\n<h3>Bondioli Pavesi p\u0101rnesumk\u0101rbas koda 1018 galven\u0101s iez\u012bmes \u0161iem lietojumiem:<\/h3>\n<ul>\n<li>Augsts griezes moments un efektivit\u0101te: P\u0101rnesumk\u0101rba ir izstr\u0101d\u0101ta, lai apstr\u0101d\u0101tu lielu griezes momentu, padarot to piem\u0113rotu lieljaudas lauksaimniec\u012bbas un r\u016bpniec\u012bbas tehnikai.<\/li>\n<li>Iztur\u012bba un uzticam\u012bba: P\u0101rnesumk\u0101rba, kas rad\u012bta ilgsto\u0161ai darb\u012bbai, ir paredz\u0113ta, lai iztur\u0113tu skarbus ekspluat\u0101cijas apst\u0101k\u013cus gan lauksaimniec\u012bbas laukos, gan r\u016bpniec\u012bbas uz\u0146\u0113mumos, gan b\u016bvlaukumos.<\/li>\n<li>Daudzpus\u012bba: Bondioli Pavesi 1018 p\u0101rnesumk\u0101rbas piel\u0101gojamais dizains padara to piem\u0113rotu da\u017e\u0101du veidu ma\u0161\u012bn\u0101m un iek\u0101rt\u0101m da\u017e\u0101d\u0101s nozar\u0113s.<\/li>\n<li>Piel\u0101gojamas opcijas: atkar\u012bb\u0101 no pielietojuma p\u0101rnesumk\u0101rbu var piel\u0101got, lai t\u0101 atbilstu konkr\u0113t\u0101m jaudas pras\u012bb\u0101m, \u0101truma attiec\u012bb\u0101m un savienojuma veidiem.<\/li>\n<\/ul>\n<p>Bondioli Pavesi \u0101trumk\u0101rbas koda 1018 nomai\u0146a tiek pla\u0161i izmantota lauksaimniec\u012bbas, r\u016bpniec\u012bbas un meh\u0101niskaj\u0101s sist\u0113m\u0101s, kur\u0101m nepiecie\u0161ama iztur\u012bga, uzticama un augstas veiktsp\u0113jas jaudas p\u0101rvade. T\u0101s sp\u0113ja veikt da\u017e\u0101dus uzdevumus vair\u0101k\u0101s nozar\u0113s padara to par nenov\u0113rt\u0113jamu sast\u0101vda\u013cu daudzu nozaru meh\u0101nismos.<\/p>\n<p><img loading=\"lazy\" decoding=\"async\" class=\"alignnone size-full wp-image-1980\" src=\"https:\/\/fmp-components.com\/wp-content\/uploads\/2024\/12\/1018-gearbox-1.webp\" alt=\"1018 p\u0101rnesumk\u0101rba\" width=\"1280\" height=\"720\" title=\"\" srcset=\"https:\/\/fmp-components.com\/wp-content\/uploads\/2024\/12\/1018-gearbox-1.webp 1280w, https:\/\/fmp-components.com\/wp-content\/uploads\/2024\/12\/1018-gearbox-1-980x551.webp 980w, https:\/\/fmp-components.com\/wp-content\/uploads\/2024\/12\/1018-gearbox-1-480x270.webp 480w\" sizes=\"(min-width: 0px) and (max-width: 480px) 480px, (min-width: 481px) and (max-width: 980px) 980px, (min-width: 981px) 1280px, 100vw\" \/><\/p>\n<h3>Par FMP<\/h3>\n<p>It\u0101lij\u0101 b\u0101z\u0113tais uz\u0146\u0113mums FMP ir vado\u0161ais ra\u017eot\u0101js, kas specializ\u0113jas augstas veiktsp\u0113jas p\u0101rnesumk\u0101rbu projekt\u0113\u0161an\u0101, izstr\u0101d\u0113 un ra\u017eo\u0161an\u0101 lauksaimniec\u012bbas tehnikai. Ar lielu uzsvaru uz precizit\u0101ti, inov\u0101cij\u0101m un uzticam\u012bbu m\u0113s pied\u0101v\u0101jam pla\u0161u p\u0101rnesumk\u0101rbu kl\u0101stu, tostarp z\u0101les p\u013c\u0101v\u0113ju p\u0101rnesumk\u0101rbas, k\u0101 ar\u012b t\u0101das svar\u012bgas sast\u0101vda\u013cas k\u0101 j\u016bgv\u0101rpstas. M\u016bsu misija ir nodro\u0161in\u0101t piel\u0101gotus risin\u0101jumus, kas piel\u0101goti gan lauksaimniec\u012bbas, gan r\u016bpniec\u012bbas nozaru \u012bpa\u0161aj\u0101m vajadz\u012bb\u0101m, pied\u0101v\u0101jot visu, s\u0101kot no atsevi\u0161\u0137\u0101m sast\u0101vda\u013c\u0101m l\u012bdz piln\u012bb\u0101 integr\u0113t\u0101m sist\u0113m\u0101m.<\/p>\n<p>Uz\u0146\u0113mum\u0101 FMP m\u0113s saprotam, ka katram klientam ir unik\u0101las pras\u012bbas. T\u0101p\u0113c m\u0113s izce\u013camies, pied\u0101v\u0101jot personaliz\u0113tus risin\u0101jumus, kas prec\u012bzi atbilst \u0161\u012bm vajadz\u012bb\u0101m. Neatkar\u012bgi no t\u0101, vai mekl\u0113jat specializ\u0113tu p\u0101rnesumk\u0101rbu vai piln\u012bgu sist\u0113mu, m\u0113s cie\u0161i sadarbojamies ar jums, lai nodro\u0161in\u0101tu visefekt\u012bv\u0101ko un lietder\u012bg\u0101ko risin\u0101jumu. M\u016bsu ap\u0146em\u0161an\u0101s nodro\u0161in\u0101t klientu apmierin\u0101t\u012bbu izpau\u017eas m\u016bsu \u0101traj\u0101s, profesion\u0101laj\u0101s atbild\u0113s un ekspertu vadl\u012bnij\u0101s, nodro\u0161inot, ka katrs piepras\u012bjums tiek apstr\u0101d\u0101ts ar visliel\u0101ko r\u016bp\u012bbu un precizit\u0101ti.<\/p>\n<p>M\u0113s priorit\u0101ri izvirz\u0101m atv\u0113rtu un past\u0101v\u012bgu komunik\u0101ciju ar saviem klientiem, \u012bpa\u0161i jaunu produktu izstr\u0101d\u0113. M\u016bsu \u012bpa\u0161i izveidot\u0101 komanda sadarbojas ar klientiem, lai ieg\u016btu dzi\u013cu izpratni par vi\u0146u konkr\u0113taj\u0101m probl\u0113m\u0101m un sniegtu v\u0113rt\u012bgu ieskatu lab\u0101ko iesp\u0113jamo risin\u0101jumu izstr\u0101d\u0113. Neatkar\u012bgi no t\u0101, vai str\u0101d\u0101jam pie jaunu produktu izstr\u0101des vai izpild\u0101m eso\u0161os pas\u016bt\u012bjumus, m\u0113s joproj\u0101m esam ap\u0146\u0113mu\u0161ies \u0101tri un efekt\u012bvi pieg\u0101d\u0101t augstas kvalit\u0101tes, prec\u012bzi konstru\u0113tus produktus.<\/p>\n<p>Kvalit\u0101te ir visa m\u016bsu darba st\u016brakmens. M\u016bsu ra\u017eo\u0161anas procesi ir balst\u012bti uz augstu standartu, precizit\u0101tes un nulles defektu principiem. Ievie\u0161ot stingrus kvalit\u0101tes kontroles pas\u0101kumus, m\u0113s nodro\u0161in\u0101m, ka katrs m\u016bsu pieg\u0101d\u0101tais produkts atbilst vai p\u0101rsniedz nozares standartus. \u0160\u012b nelok\u0101m\u0101 ap\u0146em\u0161an\u0101s nodro\u0161in\u0101t kvalit\u0101ti apvienojum\u0101 ar m\u016bsu v\u0113rt\u012bb\u0101m \u2013 integrit\u0101ti, komandas darbu un neatlaid\u012bbu \u2013 ir \u013c\u0101vusi mums izveidot sp\u0113c\u012bgas un ilgsto\u0161as \u200b\u200battiec\u012bbas ar klientiem gandr\u012bz 30 valst\u012bs vis\u0101 pasaul\u0113.<\/p>\n<p>FMP vienm\u0113r ir atv\u0113rts glob\u0101l\u0101m partnerattiec\u012bb\u0101m un cen\u0161as pied\u0101v\u0101t ekspertu padomus un piel\u0101gotus risin\u0101jumus, lai apmierin\u0101tu m\u016bsu klientu da\u017e\u0101d\u0101s vajadz\u012bbas. M\u016bsu pieeja sniedzas t\u0101l\u0101k par vienk\u0101r\u0161u produktu pieg\u0101di; m\u0113s cen\u0161amies veicin\u0101t ilgtermi\u0146a attiec\u012bbas, kas atbalsta abpus\u0113jus pan\u0101kumus. Neatkar\u012bgi no t\u0101, vai mekl\u0113jat risin\u0101jumus jaunam projektam vai nepiecie\u0161ama pal\u012bdz\u012bba ar eso\u0161u sist\u0113mu, FMP ir \u0161eit, lai risin\u0101tu j\u016bsu tehnisk\u0101s probl\u0113mas un nodro\u0161in\u0101tu j\u016bsu turpm\u0101kus pan\u0101kumus.<\/p>\n<p><img loading=\"lazy\" decoding=\"async\" class=\"alignnone size-full wp-image-1861\" src=\"https:\/\/fmp-components.com\/wp-content\/uploads\/2024\/12\/Other-Agricultural-Gearboxes.webp\" sizes=\"(min-width: 0px) and (max-width: 480px) 480px, (min-width: 481px) and (max-width: 980px) 980px, (min-width: 981px) 1200px, 100vw\" srcset=\"https:\/\/fmp-components.com\/wp-content\/uploads\/2024\/12\/Other-Agricultural-Gearboxes.webp 1200w, https:\/\/fmp-components.com\/wp-content\/uploads\/2024\/12\/Other-Agricultural-Gearboxes-980x1143.webp 980w, https:\/\/fmp-components.com\/wp-content\/uploads\/2024\/12\/Other-Agricultural-Gearboxes-480x560.webp 480w\" alt=\"Altri-cambi-agricoli\" width=\"1200\" height=\"1400\" title=\"\"><\/p>\n<p>Autors: CX<\/p>","protected":false},"excerpt":{"rendered":"<p>Mowers Gearboxes \u2013 Replacement of Bondioli Pavesi Gearbox Code 1080 Specification Power Up to 26 kW at 1000 min-1 Ratio From 1:2.78 to 2.78:1 Unit Each Contains Oil No Shaft X 25 h8 Shaft Z 1-3\/8 Z6 Notes 1 3\/8&#8243; Z6 shaft not available in one piece: &#8211; On both axes X and Y at [&hellip;]<\/p>","protected":false},"featured_media":1976,"comment_status":"open","ping_status":"closed","template":"","meta":{"_et_pb_use_builder":"on","_et_pb_old_content":"<img class=\"size-full wp-image-1976 aligncenter\" src=\"https:\/\/fmp-components.com\/wp-content\/uploads\/2024\/12\/Lawn-Mower-Gearbox-5.webp\" alt=\"Lawn-Mower-Gearbox\" width=\"500\" height=\"500\" \/>\r\n<h2>Mowers Gearboxes \u2013 Replacement of Bondioli Pavesi Gearbox Code 1080 Specification<\/h2>\r\n<img class=\"alignnone size-full wp-image-1977\" src=\"https:\/\/fmp-components.com\/wp-content\/uploads\/2024\/12\/Lawn-Mower-Gearbox-4.webp\" alt=\"Lawn-Mower-Gearbox\" width=\"1250\" height=\"626\" \/>\r\n<table style=\"width: 100%;\" border=\"1\" width=\"100%\" cellspacing=\"0\" cellpadding=\"0\">\r\n<tbody>\r\n<tr>\r\n<th>Power<\/th>\r\n<td>Up to 26 kW at 1000 min<sup>-1<\/sup><\/td>\r\n<\/tr>\r\n<tr>\r\n<th>Ratio<\/th>\r\n<td>From 1:2.78 to 2.78:1<\/td>\r\n<\/tr>\r\n<tr>\r\n<th>Unit<\/th>\r\n<td>Each<\/td>\r\n<\/tr>\r\n<tr>\r\n<th>Contains Oil<\/th>\r\n<td>No<\/td>\r\n<\/tr>\r\n<tr>\r\n<th>Shaft X<\/th>\r\n<td>25 h8<\/td>\r\n<\/tr>\r\n<tr>\r\n<th>Shaft Z<\/th>\r\n<td>1-3\/8 Z6<\/td>\r\n<\/tr>\r\n<tr>\r\n<th>Notes<\/th>\r\n<td>1 3\/8\" Z6 shaft not available in one piece:\r\n- On both axes X and Y at the same time.\r\n- On axis Z for S1018190 and S1018278.\r\n- On both axes X and Y for S1018053.\r\nThe above cases require shaft 1\" Z15 type 5 together with the special adapter illustrated.<\/td>\r\n<\/tr>\r\n<\/tbody>\r\n<\/table>\r\n<h3>Replacement of Bondioli Pavesi Gearbox Code 1018 Application<\/h3>\r\nThe replacement of Bondioli Pavesi Gearbox Code 1018 is a versatile and robust gearbox used in various agricultural, industrial, and mechanical applications. Its design and specifications make it suitable for tasks that require durable and efficient power transmission systems. Below are the key applications of this gearbox:\r\n<h4>Agricultural Machinery<\/h4>\r\n<ul>\r\n \t<li>Rotary Mowers: The Bondioli Pavesi 1018 gearbox is commonly used in rotary mowers for efficient power transmission from the tractor to the mower blades. It helps ensure smooth and consistent cutting performance.<\/li>\r\n \t<li>Tillage Equipment: The gearbox is also used in tillers and other soil preparation machinery, where its ability to handle high torque loads is crucial for breaking up soil and preparing fields for planting.<\/li>\r\n \t<li>Fertilizer Spreaders: The gearbox helps in driving the spreading mechanism, providing the necessary power to distribute fertilizer evenly across large areas.<\/li>\r\n \t<li>Hay Balers: The gearbox plays a critical role in the operation of hay balers by transferring power from the tractor to the baling mechanism.<\/li>\r\n \t<li>Post-Harvest Equipment: Used in machines such as grain harvesters or grain conveyors, the gearbox ensures smooth operation during post-harvest processing.<\/li>\r\n<\/ul>\r\n<h4>Forestry Equipment<\/h4>\r\n<ul>\r\n \t<li>Wood Chippers and Shredders: The gearbox is widely used in forestry machinery like wood chippers, shredders, and stump grinders, ensuring high torque and power transmission for heavy-duty cutting tasks.<\/li>\r\n \t<li>Tree Pruners: For tree maintenance and pruning, the Bondioli Pavesi 1018 gearbox helps in driving pruning tools effectively, ensuring smooth operation and reducing wear.<\/li>\r\n<\/ul>\r\n<h4>Construction Machinery<\/h4>\r\n<ul>\r\n \t<li>Concrete Mixers: In construction, the Bondioli Pavesi gearbox is used in concrete mixers, where it efficiently transmits power to the mixing drum, ensuring consistent rotation for optimal concrete blending.<\/li>\r\n \t<li>Hydraulic Systems: The gearbox is sometimes used in hydraulic systems within construction machinery to drive pumps or other mechanical elements that require consistent torque and power.<\/li>\r\n<\/ul>\r\n<h4>Industrial Equipment<\/h4>\r\n<ul>\r\n \t<li>Power Transmission Systems: Used in a variety of industrial equipment, the Bondioli Pavesi 1018 gearbox is effective in systems that require a reliable and durable transmission system to drive various machines or components.<\/li>\r\n \t<li>Conveyor Belts: It can be used in the manufacturing sector for driving conveyor belts, helping to transport goods in factories and warehouses.<\/li>\r\n<\/ul>\r\n<h4>Marine Applications<\/h4>\r\n<ul>\r\n \t<li>Boat Propulsion Systems: The gearbox can also be applied in marine vessels for driving propulsion systems, where it ensures efficient power transfer between the engine and propeller.<\/li>\r\n<\/ul>\r\n<h4>Snow Removal Equipment<\/h4>\r\n<ul>\r\n \t<li>Snow Plows: In areas with heavy snowfalls, the Bondioli Pavesi gearbox is used in snow plows and sweepers. It transmits power from the vehicle to the snow-moving mechanism, ensuring that snow can be cleared efficiently.<\/li>\r\n<\/ul>\r\n<h4>Municipal Equipment<\/h4>\r\n<ul>\r\n \t<li>Street Sweepers: The gearbox is used in street sweepers, enabling the brushing or sweeping mechanism to function smoothly by delivering consistent power to the cleaning components.<\/li>\r\n<\/ul>\r\n<h4>Irrigation Systems<\/h4>\r\n<ul>\r\n \t<li>Pumps and Water Transfer Systems: In large-scale irrigation systems, the gearbox is used to drive pumps that distribute water across farmland, ensuring an efficient irrigation process.<\/li>\r\n<\/ul>\r\n<h3>Key Features of Bondioli Pavesi Gearbox Code 1018 for These Applications:<\/h3>\r\n<ul>\r\n \t<li>High Torque and Efficiency: The gearbox is engineered to handle high torque, making it suitable for heavy-duty agricultural and industrial machinery.<\/li>\r\n \t<li>Durability and Reliability: Built for long-lasting performance, the gearbox is designed to withstand harsh operating conditions, whether in agricultural fields, industrial plants, or construction sites.<\/li>\r\n \t<li>Versatility: The Bondioli Pavesi 1018 gearbox\u2019s adaptable design makes it suitable for various machinery and equipment types across different industries.<\/li>\r\n \t<li>Customizable Options: Depending on the application, the gearbox can be customized to meet specific power requirements, speed ratios, and coupling types.<\/li>\r\n<\/ul>\r\nThe replacement of Bondioli Pavesi Gearbox Code 1018 is widely used in agricultural, industrial, and mechanical systems that require durable, reliable, and high-performance power transmission. Its ability to handle a variety of tasks across multiple sectors makes it an invaluable component in the machinery of many industries.\r\n\r\n<img class=\"alignnone size-full wp-image-1980\" src=\"https:\/\/fmp-components.com\/wp-content\/uploads\/2024\/12\/1018-gearbox-1.webp\" alt=\"1018-gearbox\" width=\"1280\" height=\"720\" \/>\r\n<h3>About FMP<\/h3>\r\nFMP, based in Italy, is a premier manufacturer specializing in the design, development, and production of high-performance gearboxes for agricultural machinery. With a strong emphasis on precision, innovation, and dependability, we offer a wide array of gearboxes, including lawn mower gearboxes, as well as essential components such as PTO shafts. Our mission is to provide customized solutions tailored to the specific needs of both the agricultural and industrial sectors, offering everything from individual components to fully integrated systems.\r\n\r\nAt FMP, we understand that each customer has unique requirements. This is why we excel in providing personalized solutions that precisely meet those needs. Whether you're looking for a specialized gearbox or a complete system, we work closely with you to ensure we deliver the most effective and efficient solution. Our commitment to customer satisfaction is evident in our rapid, professional responses and expert guidance, ensuring that every inquiry is handled with utmost care and precision.\r\n\r\nWe prioritize open and ongoing communication with our clients, particularly when it comes to developing new products. Our dedicated team works collaboratively with customers to gain a deep understanding of their specific challenges and provide valuable insights to craft the best possible solutions. Whether we are working on new product development or fulfilling existing orders, we remain dedicated to delivering top-quality, precision-engineered products with speed and efficiency.\r\n\r\nQuality is the cornerstone of everything we do. Our manufacturing processes are built around the principles of high standards, precision, and zero defects. With strict quality control measures in place, we ensure that every product we deliver meets or exceeds industry standards. This relentless commitment to quality, combined with our values of integrity, teamwork, and perseverance, has enabled us to form strong, long-lasting relationships with customers in nearly 30 countries worldwide.\r\n\r\nFMP is always open to global partnerships and strives to offer expert advice and tailored solutions to meet the diverse needs of our clients. Our approach goes beyond merely supplying products; we aim to foster long-term relationships that support mutual success. Whether you're seeking solutions for a new project or need assistance with an existing system, FMP is here to address your technical challenges and ensure your continued success.\r\n\r\n<img class=\"alignnone size-full wp-image-1861\" src=\"https:\/\/fmp-components.com\/wp-content\/uploads\/2024\/12\/Other-Agricultural-Gearboxes.webp\" sizes=\"(min-width: 0px) and (max-width: 480px) 480px, (min-width: 481px) and (max-width: 980px) 980px, (min-width: 981px) 1200px, 100vw\" srcset=\"https:\/\/fmp-components.com\/wp-content\/uploads\/2024\/12\/Other-Agricultural-Gearboxes.webp 1200w, https:\/\/fmp-components.com\/wp-content\/uploads\/2024\/12\/Other-Agricultural-Gearboxes-980x1143.webp 980w, https:\/\/fmp-components.com\/wp-content\/uploads\/2024\/12\/Other-Agricultural-Gearboxes-480x560.webp 480w\" alt=\"Altri-cambi-agricoli\" width=\"1200\" height=\"1400\" \/>\r\n\r\nAuthor: CX","_et_gb_content_width":""},"product_brand":[],"product_cat":[52],"product_tag":[],"class_list":{"0":"post-1975","1":"product","2":"type-product","3":"status-publish","4":"has-post-thumbnail","6":"product_cat-lawn-mower-gearbox","8":"first","9":"instock","10":"shipping-taxable","11":"product-type-simple"},"_links":{"self":[{"href":"https:\/\/fmp-components.com\/lv\/wp-json\/wp\/v2\/product\/1975","targetHints":{"allow":["GET"]}}],"collection":[{"href":"https:\/\/fmp-components.com\/lv\/wp-json\/wp\/v2\/product"}],"about":[{"href":"https:\/\/fmp-components.com\/lv\/wp-json\/wp\/v2\/types\/product"}],"replies":[{"embeddable":true,"href":"https:\/\/fmp-components.com\/lv\/wp-json\/wp\/v2\/comments?post=1975"}],"wp:featuredmedia":[{"embeddable":true,"href":"https:\/\/fmp-components.com\/lv\/wp-json\/wp\/v2\/media\/1976"}],"wp:attachment":[{"href":"https:\/\/fmp-components.com\/lv\/wp-json\/wp\/v2\/media?parent=1975"}],"wp:term":[{"taxonomy":"product_brand","embeddable":true,"href":"https:\/\/fmp-components.com\/lv\/wp-json\/wp\/v2\/product_brand?post=1975"},{"taxonomy":"product_cat","embeddable":true,"href":"https:\/\/fmp-components.com\/lv\/wp-json\/wp\/v2\/product_cat?post=1975"},{"taxonomy":"product_tag","embeddable":true,"href":"https:\/\/fmp-components.com\/lv\/wp-json\/wp\/v2\/product_tag?post=1975"}],"curies":[{"name":"wp","href":"https:\/\/api.w.org\/{rel}","templated":true}]}}