{"id":1973,"date":"2024-12-26T05:53:04","date_gmt":"2024-12-26T05:53:04","guid":{"rendered":"https:\/\/fmp-components.com\/?page_id=8"},"modified":"2024-12-26T07:47:18","modified_gmt":"2024-12-26T07:47:18","slug":"mower-gearboxes-replacement-of-comer-code-tl-312d","status":"publish","type":"product","link":"https:\/\/fmp-components.com\/lv\/product\/mower-gearboxes-replacement-of-comer-code-tl-312d\/","title":{"rendered":"P\u013caujma\u0161\u012bnas p\u0101rnesumk\u0101rbas \u2014 Comer koda TL-312D nomai\u0146a"},"content":{"rendered":"<p><img loading=\"lazy\" decoding=\"async\" class=\"size-full wp-image-1974 aligncenter\" src=\"https:\/\/fmp-components.com\/wp-content\/uploads\/2024\/12\/Mower-Gearboxes-\u2013-Replacement-of-Comer-Code-TL-312D.webp\" alt=\"P\u013caujma\u0161\u012bnas p\u0101rnesumk\u0101rbas \u2014 Comer koda TL-312D nomai\u0146a\" width=\"500\" height=\"500\" title=\"\" srcset=\"https:\/\/fmp-components.com\/wp-content\/uploads\/2024\/12\/Mower-Gearboxes-\u2013-Replacement-of-Comer-Code-TL-312D.webp 500w, https:\/\/fmp-components.com\/wp-content\/uploads\/2024\/12\/Mower-Gearboxes-\u2013-Replacement-of-Comer-Code-TL-312D-300x300.webp 300w, https:\/\/fmp-components.com\/wp-content\/uploads\/2024\/12\/Mower-Gearboxes-\u2013-Replacement-of-Comer-Code-TL-312D-150x150.webp 150w, https:\/\/fmp-components.com\/wp-content\/uploads\/2024\/12\/Mower-Gearboxes-\u2013-Replacement-of-Comer-Code-TL-312D-12x12.webp 12w, https:\/\/fmp-components.com\/wp-content\/uploads\/2024\/12\/Mower-Gearboxes-\u2013-Replacement-of-Comer-Code-TL-312D-480x480.webp 480w, https:\/\/fmp-components.com\/wp-content\/uploads\/2024\/12\/Mower-Gearboxes-\u2013-Replacement-of-Comer-Code-TL-312D-100x100.webp 100w\" sizes=\"(max-width: 500px) 100vw, 500px\" \/><\/p>\n<h2>P\u013caujma\u0161\u012bnas p\u0101rnesumk\u0101rbas \u2014 Comer koda TL-312D specifik\u0101cijas nomai\u0146a<\/h2>\n<table style=\"width: 100%;\" border=\"1\" width=\"100%\" cellspacing=\"0\" cellpadding=\"0\">\n<tbody>\n<tr>\n<th>Apraksts<\/th>\n<td>P\u013caujma\u0161\u012bnas p\u0101rnesumk\u0101rbas \u2014 Comer koda TL-312D nomai\u0146a<\/td>\n<\/tr>\n<tr>\n<th>Pieteikums<\/th>\n<td>Z\u0101les p\u013c\u0101v\u0113ji<\/td>\n<\/tr>\n<tr>\n<th>Sast\u0101v no<\/th>\n<td>\u0100trumk\u0101rba<\/td>\n<\/tr>\n<tr>\n<th>Bez e\u013c\u013cas<\/th>\n<td>Tehnisk\u0101 inform\u0101cija<\/td>\n<\/tr>\n<tr>\n<th><\/th>\n<td>Ja jums ir k\u0101di jaut\u0101jumi par veiktsp\u0113ju da\u017e\u0101dos \u0101trumos, l\u016bdzu, nevilcinieties sazin\u0101ties ar mums.<\/td>\n<\/tr>\n<tr>\n<th><\/th>\n<td>Pirmo reizi lietojot, e\u013c\u013ca j\u0101nomaina p\u0113c 50 darba stund\u0101m.<\/td>\n<\/tr>\n<tr>\n<th>Satur e\u013c\u013cu<\/th>\n<td>N\u0113<\/td>\n<\/tr>\n<tr>\n<th>Maksim\u0101l\u0101 e\u013c\u013cas ietilp\u012bba<\/th>\n<td>1,5 l<\/td>\n<\/tr>\n<tr>\n<th>Maks. e\u013c\u013cas mai\u0146as interv\u0101ls<\/th>\n<td>500 stundas<\/td>\n<\/tr>\n<tr>\n<th>E\u013c\u013cas SAE viskozit\u0101tes klase<\/th>\n<td>80W-90<\/td>\n<\/tr>\n<tr>\n<th>Korpusa materi\u0101ls<\/th>\n<td>\u010cuguns GG25<\/td>\n<\/tr>\n<tr>\n<th>Svars<\/th>\n<td>27 kg<\/td>\n<\/tr>\n<tr>\n<th>P\u0101rnesumu izvietojuma palielin\u0101\u0161ana<\/th>\n<td>21-22<\/td>\n<\/tr>\n<tr>\n<th>Ievades jauda kW \/ ZS pieaug<\/th>\n<td>76,5\u00a0\/\u00a0104\u00a0kW\/ZS<\/td>\n<\/tr>\n<tr>\n<th>Ievades v\u0101rpstas palielin\u0101\u0161ana<\/th>\n<td>X<\/td>\n<\/tr>\n<tr>\n<th>Izejas griezes moments DaNm pieaug<\/th>\n<td>42,7 daNm<\/td>\n<\/tr>\n<tr>\n<th>Attiec\u012bbas palielin\u0101\u0161ana<\/th>\n<td>1 : 1.6<\/td>\n<\/tr>\n<tr>\n<th>Attiec\u012bbas samazin\u0101\u0161ana<\/th>\n<td>1.6 : 1<\/td>\n<\/tr>\n<tr>\n<th>V\u0101rpsta X<\/th>\n<td>1 3\/8 collas (6) (A)<\/td>\n<\/tr>\n<tr>\n<th>V\u0101rpsta Z<\/th>\n<td>33 stundas 7 dienas (B)<\/td>\n<\/tr>\n<\/tbody>\n<\/table>\n<h3>P\u013caujma\u0161\u012bnu p\u0101rnesumk\u0101rbu priek\u0161roc\u012bbas<\/h3>\n<p>Z\u0101les p\u013c\u0101v\u0113ju p\u0101rnesumk\u0101rbas ir b\u016btiskas z\u0101les p\u013cau\u0161anas tehnikas sast\u0101vda\u013cas, kas p\u0101rnes jaudu no traktora vai dzin\u0113ja uz z\u0101les p\u013c\u0101v\u0113ja asme\u0146iem. \u0160\u012bm p\u0101rnesumk\u0101rb\u0101m ir iz\u0161\u0137iro\u0161a noz\u012bme, lai nodro\u0161in\u0101tu z\u0101les p\u013c\u0101v\u0113ju efekt\u012bvu, lietder\u012bgu un uzticamu darb\u012bbu. T\u0101l\u0101k ir min\u0113tas da\u017eas no galvenaj\u0101m augstas kvalit\u0101tes z\u0101les p\u013c\u0101v\u0113ju p\u0101rnesumk\u0101rbu izmanto\u0161anas priek\u0161roc\u012bb\u0101m:<\/p>\n<h4>Efekt\u012bva jaudas p\u0101rvade<\/h4>\n<p>Z\u0101les p\u013c\u0101v\u0113ju p\u0101rnesumk\u0101rbas ir konstru\u0113tas t\u0101, lai nodro\u0161in\u0101tu, ka traktora dzin\u0113ja jauda tiek efekt\u012bvi p\u0101rnesta uz z\u0101les p\u013c\u0101v\u0113ja asme\u0146iem. \u0160\u012b efekt\u012bv\u0101 jaudas p\u0101rne\u0161ana pal\u012bdz uztur\u0113t pareizu asme\u0146u \u0101trumu un griezes momentu, nodro\u0161inot optim\u0101lu p\u013cau\u0161anas veiktsp\u0113ju. Neatkar\u012bgi no t\u0101, vai t\u0101 ir rot\u0113jo\u0161\u0101 z\u0101les p\u013c\u0101v\u0113ja vai braucam\u0101 z\u0101les p\u013c\u0101v\u0113ja, efekt\u012bv\u0101 jaudas p\u0101rne\u0161ana nodro\u0161ina, ka asme\u0146i vienm\u0113r\u012bgi nop\u013cauj z\u0101li, ieg\u016bstot t\u012bru un vienm\u0113r\u012bgu rezult\u0101tu.<\/p>\n<h4>Iztur\u012bba un ilgm\u016b\u017e\u012bba<\/h4>\n<p>Augstas kvalit\u0101tes p\u013caujma\u0161\u012bnu p\u0101rnesumk\u0101rbas ir konstru\u0113tas t\u0101, lai iztur\u0113tu sare\u017e\u0123\u012btus darba apst\u0101k\u013cus un intens\u012bvu lieto\u0161anu. T\u0101s ir izgatavotas no iztur\u012bgiem materi\u0101liem, piem\u0113ram, augstas kvalit\u0101tes t\u0113rauda un alum\u012bnija sakaus\u0113jumiem, un ir iztur\u012bgas pret nodilumu, koroziju un karstumu. Tas nodro\u0161ina, ka p\u013caujma\u0161\u012bnu p\u0101rnesumk\u0101rbas ilgsto\u0161i darbojas nevainojami un uzticami, samazinot nepiecie\u0161am\u012bbu p\u0113c bie\u017ea remonta vai nomai\u0146as. To iztur\u012bba ir \u013coti svar\u012bga, lai saglab\u0101tu optim\u0101lu veiktsp\u0113ju pras\u012bgos lauksaimniec\u012bbas, ainavu veido\u0161anas un r\u016bpniec\u012bbas lietojumos.<\/p>\n<h4>Samazin\u0101tas apkopes pras\u012bbas<\/h4>\n<p>Z\u0101les p\u013c\u0101v\u0113ju p\u0101rnesumk\u0101rbas ir paredz\u0113tas darb\u012bbai ar nelielu apkopi. Ar pareizu e\u013c\u013co\u0161anu un iztur\u012bgu konstrukciju t\u0101s maz\u0101k nolietojas sal\u012bdzin\u0101jum\u0101 ar cit\u0101m meh\u0101niskaj\u0101m sast\u0101vda\u013c\u0101m. Tas samazina boj\u0101jumu skaitu un kop\u0113j\u0101s apkopes izmaksas. Ar minim\u0101lu apkopi \u0161\u012bs p\u0101rnesumk\u0101rbas nodro\u0161ina z\u0101les p\u013c\u0101v\u0113ja vienm\u0113r\u012bgu darb\u012bbu, nodro\u0161inot liel\u0101ku darbsp\u0113jas laiku un produktivit\u0101ti.<\/p>\n<h4>Uzlabota grie\u0161anas veiktsp\u0113ja<\/h4>\n<p>P\u0101rnesumk\u0101rbai ir iz\u0161\u0137iro\u0161a noz\u012bme, lai nodro\u0161in\u0101tu, ka p\u013caujma\u0161\u012bnas asme\u0146i grie\u017eas ar pareizu \u0101trumu un griezes momentu, kas ir svar\u012bgi efekt\u012bvai p\u013cau\u0161anai. Neatkar\u012bgi no t\u0101, vai j\u016bs apstr\u0101d\u0101jat bl\u012bvu z\u0101li, nez\u0101les vai nel\u012bdzenu reljefu, labi izstr\u0101d\u0101ta p\u013caujma\u0161\u012bnas p\u0101rnesumk\u0101rba nodro\u0161ina vienm\u0113r\u012bgu p\u013cau\u0161anas veiktsp\u0113ju. Tas nodro\u0161ina t\u012br\u0101ku un vienm\u0113r\u012bg\u0101ku p\u013cau\u0161anu, uzlabojot z\u0101liena vai lauka est\u0113tiku, vienlaikus nov\u0113r\u0161ot apr\u012bkojuma boj\u0101jumus.<\/p>\n<h4>Daudzpus\u012bba un piel\u0101go\u0161anas iesp\u0113jas<\/h4>\n<p>P\u013caujma\u0161\u012bnu p\u0101rnesumk\u0101rbas ir \u013coti daudzpus\u012bgas un var tikt piel\u0101gotas da\u017e\u0101diem p\u013caujma\u0161\u012bnu mode\u013ciem un pielietojumiem. Neatkar\u012bgi no t\u0101, vai jums ir nepiecie\u0161ama viena \u0101truma vai vair\u0101ku \u0101trumu p\u0101rnesumk\u0101rba, vai piel\u0101gots risin\u0101jums \u012bpa\u0161\u0101m p\u013cau\u0161anas vajadz\u012bb\u0101m, p\u013caujma\u0161\u012bnu p\u0101rnesumk\u0101rbas pied\u0101v\u0101 elast\u012bbu. Daudzi ra\u017eot\u0101ji, tostarp FMP, pied\u0101v\u0101 piel\u0101gotas p\u0101rnesumk\u0101rbu iesp\u0113jas, lai apmierin\u0101tu da\u017e\u0101du p\u013cau\u0161anas uzdevumu veiktsp\u0113jas pras\u012bbas, s\u0101kot no nelieliem z\u0101liena kop\u0161anas darbiem l\u012bdz lieliem lauksaimniec\u012bbas darbiem.<\/p>\n<h4>Dro\u0161\u012bba un uzticam\u012bba<\/h4>\n<p>M\u016bsdienu z\u0101les p\u013c\u0101v\u0113ju p\u0101rnesumk\u0101rbas ir apr\u012bkotas ar dro\u0161\u012bbas funkcij\u0101m, piem\u0113ram, br\u012bvgaitas saj\u016bgiem vai atvieno\u0161anas meh\u0101nismiem, kas aizsarg\u0101 gan z\u0101les p\u013c\u0101v\u0113ju, gan operatoru. \u0160\u012bs funkcijas nov\u0113r\u0161 p\u0101rnesumk\u0101rbas un p\u013c\u0101v\u0113ja asme\u0146u boj\u0101jumus, ja z\u0101les p\u013c\u0101v\u0113js p\u0113k\u0161\u0146i tiek izsl\u0113gts vai atvienots. T\u0101s ar\u012b pal\u012bdz nov\u0113rst negad\u012bjumus, nodro\u0161inot operatora dro\u0161\u012bbu un samazinot meh\u0101nisku boj\u0101jumu risku darb\u012bbas laik\u0101.<\/p>\n<p>P\u013caujma\u0161\u012bnu p\u0101rnesumk\u0101rbas ir svar\u012bgas sast\u0101vda\u013cas, kas uzlabo z\u0101les un lauksaimniec\u012bbas p\u013caujma\u0161\u012bnu efektivit\u0101ti, iztur\u012bbu un veiktsp\u0113ju. To sp\u0113ja efekt\u012bvi p\u0101rvad\u012bt jaudu, uzlabot p\u013cau\u0161anas veiktsp\u0113ju un samazin\u0101t apkopes nepiecie\u0161am\u012bbu padara t\u0101s neaizst\u0101jamas augstas kvalit\u0101tes p\u013cau\u0161anas apr\u012bkojuma uztur\u0113\u0161an\u0101. Ar da\u017e\u0101d\u0101m piel\u0101go\u0161anas iesp\u0113j\u0101m, iztur\u012bgu konstrukciju un izmaksu zi\u0146\u0101 efekt\u012bv\u0101m funkcij\u0101m p\u013caujma\u0161\u012bnu p\u0101rnesumk\u0101rbas nodro\u0161ina ilgtermi\u0146a v\u0113rt\u012bbu gan person\u012bgai, gan profesion\u0101lai lieto\u0161anai.<\/p>\n<p><img loading=\"lazy\" decoding=\"async\" class=\"alignnone wp-image-1951\" src=\"https:\/\/fmp-components.com\/wp-content\/uploads\/2024\/12\/Rotary-Mower-Gearbox-211.webp\" alt=\"Rot\u0113jo\u0161\u0101s z\u0101les p\u013c\u0101v\u0113ja p\u0101rnesumk\u0101rba\" width=\"929\" height=\"697\" title=\"\" srcset=\"https:\/\/fmp-components.com\/wp-content\/uploads\/2024\/12\/Rotary-Mower-Gearbox-211.webp 929w, https:\/\/fmp-components.com\/wp-content\/uploads\/2024\/12\/Rotary-Mower-Gearbox-211-480x360.webp 480w\" sizes=\"(min-width: 0px) and (max-width: 480px) 480px, (min-width: 481px) 929px, 100vw\" \/><\/p>\n<h3>Par FMP<\/h3>\n<p>FMP, kas atrodas It\u0101lij\u0101, ir vado\u0161ais ra\u017eot\u0101js, kas ir paz\u012bstams ar augstas veiktsp\u0113jas p\u0101rnesumk\u0101rbu projekt\u0113\u0161anu, izstr\u0101di un ra\u017eo\u0161anu lauksaimniec\u012bbas tehnikai. Koncentr\u0113joties uz prec\u012bzu in\u017eenieriju, inov\u0101cij\u0101m un nelok\u0101mu uzticam\u012bbu, m\u0113s pied\u0101v\u0101jam pla\u0161u p\u0101rnesumk\u0101rbu kl\u0101stu, tostarp z\u0101les p\u013c\u0101v\u0113ju p\u0101rnesumk\u0101rbas, k\u0101 ar\u012b t\u0101dus svar\u012bgus komponentus k\u0101 j\u016bgv\u0101rpstas. M\u016bsu misija ir nodro\u0161in\u0101t piel\u0101gotus risin\u0101jumus lauksaimniec\u012bbas un r\u016bpniec\u012bbas nozar\u0113m, pied\u0101v\u0101jot gan individu\u0101lus produktus, gan piln\u012bb\u0101 integr\u0113tas sist\u0113mas, kas atbilst m\u016bsu klientu \u012bpa\u0161aj\u0101m vajadz\u012bb\u0101m.<\/p>\n<p>Uz\u0146\u0113mum\u0101 FMP m\u0113s apzin\u0101mies, ka katram klientam ir unik\u0101las pras\u012bbas. T\u0101p\u0113c m\u0113s izce\u013camies savu produktu piel\u0101go\u0161an\u0101, lai tie piln\u012bb\u0101 atbilstu \u0161\u012bm vajadz\u012bb\u0101m. Neatkar\u012bgi no t\u0101, vai mekl\u0113jat specializ\u0113tu p\u0101rnesumk\u0101rbu vai visaptvero\u0161u sist\u0113mu, m\u0113s cie\u0161i sadarbojamies ar jums, lai izstr\u0101d\u0101tu visefekt\u012bv\u0101ko un lietder\u012bg\u0101ko risin\u0101jumu. M\u016bsu ap\u0146em\u0161an\u0101s nodro\u0161in\u0101t klientu apmierin\u0101t\u012bbu atspogu\u013cojas m\u016bsu \u0101traj\u0101s, profesion\u0101laj\u0101s atbild\u0113s un ekspertu padomos, nodro\u0161inot, ka katrs piepras\u012bjums tiek apstr\u0101d\u0101ts ar visliel\u0101ko r\u016bp\u012bbu un precizit\u0101ti.<\/p>\n<p>Atkl\u0101ta un nep\u0101rtraukta komunik\u0101cija ar m\u016bsu klientiem ir \u013coti svar\u012bga, \u012bpa\u0161i jaunu produktu izstr\u0101d\u0113. M\u016bsu \u012bpa\u0161i izveidot\u0101 komanda str\u0101d\u0101 kop\u0101 ar klientiem, lai izprastu vi\u0146u izaicin\u0101jumus un sniegtu v\u0113rt\u012bgas atzi\u0146as, kas veicina optim\u0101lu risin\u0101jumu mekl\u0113\u0161anu. Neatkar\u012bgi no t\u0101, vai izstr\u0101d\u0101jam jaunus produktus vai izpild\u0101m eso\u0161os pas\u016bt\u012bjumus, m\u0113s joproj\u0101m esam ap\u0146\u0113mu\u0161ies \u0101tri un efekt\u012bvi pieg\u0101d\u0101t augstas kvalit\u0101tes, prec\u012bzi konstru\u0113tus produktus.<\/p>\n<p>Kvalit\u0101te ir visa m\u016bsu darba pamat\u0101. FMP ra\u017eo\u0161anas procesi ir balst\u012bti uz augstiem standartiem, precizit\u0101ti un nulles defektiem. M\u0113s ievie\u0161am stingrus kvalit\u0101tes kontroles pas\u0101kumus, lai nodro\u0161in\u0101tu, ka katrs produkts atbilst nozares standartiem vai p\u0101rsniedz tos. \u0160\u012b neatlaid\u012bg\u0101 koncentr\u0113\u0161an\u0101s uz kvalit\u0101ti apvienojum\u0101 ar m\u016bsu pamatv\u0113rt\u012bb\u0101m \u2013 integrit\u0101ti, komandas darbu un neatlaid\u012bbu \u2013 ir pal\u012bdz\u0113jusi mums izveidot sp\u0113c\u012bgas un ilgsto\u0161as \u200b\u200battiec\u012bbas ar klientiem gandr\u012bz 30 valst\u012bs vis\u0101 pasaul\u0113.<\/p>\n<p>FMP vienm\u0113r ir atv\u0113rts glob\u0101lu partnerattiec\u012bbu veido\u0161anai un labpr\u0101t pied\u0101v\u0101 ekspertu padomus un piel\u0101gotus risin\u0101jumus. M\u016bsu pieeja sniedzas t\u0101l\u0101k par vienk\u0101r\u0161u produktu pieg\u0101di \u2014 m\u0113s esam ap\u0146\u0113mu\u0161ies uztur\u0113t ilgtermi\u0146a attiec\u012bbas ar saviem klientiem, nodro\u0161inot vi\u0146u pan\u0101kumus katr\u0101 projekt\u0101. Neatkar\u012bgi no t\u0101, vai jums ir nepiecie\u0161ami risin\u0101jumi jaunai iniciat\u012bvai vai atbalsts eso\u0161ai sist\u0113mai, FMP ir \u0161eit, lai risin\u0101tu j\u016bsu tehnisk\u0101s probl\u0113mas un pal\u012bdz\u0113tu nodro\u0161in\u0101t j\u016bsu turpm\u0101kos pan\u0101kumus.<\/p>\n<p><img loading=\"lazy\" decoding=\"async\" class=\"alignnone size-full wp-image-1861\" src=\"https:\/\/fmp-components.com\/wp-content\/uploads\/2024\/12\/Other-Agricultural-Gearboxes.webp\" sizes=\"(min-width: 0px) and (max-width: 480px) 480px, (min-width: 481px) and (max-width: 980px) 980px, (min-width: 981px) 1200px, 100vw\" srcset=\"https:\/\/fmp-components.com\/wp-content\/uploads\/2024\/12\/Other-Agricultural-Gearboxes.webp 1200w, https:\/\/fmp-components.com\/wp-content\/uploads\/2024\/12\/Other-Agricultural-Gearboxes-980x1143.webp 980w, https:\/\/fmp-components.com\/wp-content\/uploads\/2024\/12\/Other-Agricultural-Gearboxes-480x560.webp 480w\" alt=\"Altri-cambi-agricoli\" width=\"1200\" height=\"1400\" title=\"\"><\/p>\n<p>Autors: CX<\/p>","protected":false},"excerpt":{"rendered":"<p>Mower Gearboxes \u2013 Replacement of Comer Code TL-312D Specification Description Mower Gearboxes &#8211; Replacement of Comer Code TL-312D Application Mowers Consists of Gearbox Without Oil Technical Information If you have any questions regarding performance at different speeds, please do not hesitate to contact us. When using for the first time, replace the oil after 50 [&hellip;]<\/p>","protected":false},"featured_media":1974,"comment_status":"open","ping_status":"closed","template":"","meta":{"_et_pb_use_builder":"","_et_pb_old_content":"","_et_gb_content_width":""},"product_brand":[],"product_cat":[52],"product_tag":[],"class_list":{"0":"post-1973","1":"product","2":"type-product","3":"status-publish","4":"has-post-thumbnail","6":"product_cat-lawn-mower-gearbox","8":"first","9":"instock","10":"shipping-taxable","11":"product-type-simple"},"_links":{"self":[{"href":"https:\/\/fmp-components.com\/lv\/wp-json\/wp\/v2\/product\/1973","targetHints":{"allow":["GET"]}}],"collection":[{"href":"https:\/\/fmp-components.com\/lv\/wp-json\/wp\/v2\/product"}],"about":[{"href":"https:\/\/fmp-components.com\/lv\/wp-json\/wp\/v2\/types\/product"}],"replies":[{"embeddable":true,"href":"https:\/\/fmp-components.com\/lv\/wp-json\/wp\/v2\/comments?post=1973"}],"wp:featuredmedia":[{"embeddable":true,"href":"https:\/\/fmp-components.com\/lv\/wp-json\/wp\/v2\/media\/1974"}],"wp:attachment":[{"href":"https:\/\/fmp-components.com\/lv\/wp-json\/wp\/v2\/media?parent=1973"}],"wp:term":[{"taxonomy":"product_brand","embeddable":true,"href":"https:\/\/fmp-components.com\/lv\/wp-json\/wp\/v2\/product_brand?post=1973"},{"taxonomy":"product_cat","embeddable":true,"href":"https:\/\/fmp-components.com\/lv\/wp-json\/wp\/v2\/product_cat?post=1973"},{"taxonomy":"product_tag","embeddable":true,"href":"https:\/\/fmp-components.com\/lv\/wp-json\/wp\/v2\/product_tag?post=1973"}],"curies":[{"name":"wp","href":"https:\/\/api.w.org\/{rel}","templated":true}]}}