{"id":1966,"date":"2024-12-26T03:59:58","date_gmt":"2024-12-26T03:59:58","guid":{"rendered":"https:\/\/fmp-components.com\/?page_id=8"},"modified":"2026-03-16T08:00:26","modified_gmt":"2026-03-16T08:00:26","slug":"lmowers-gearboxes-replacement-of-comer-code-t-269a","status":"publish","type":"product","link":"https:\/\/fmp-components.com\/lv\/product\/lmowers-gearboxes-replacement-of-comer-code-t-269a\/","title":{"rendered":"Z\u0101les p\u013c\u0101v\u0113ju p\u0101rnesumk\u0101rbas \u2014 Comer koda T-269A nomai\u0146a"},"content":{"rendered":"<p><img loading=\"lazy\" decoding=\"async\" class=\"size-full wp-image-1968 aligncenter\" src=\"https:\/\/fmp-components.com\/wp-content\/uploads\/2024\/12\/Lawn-Mower-Gearbox-3.webp\" alt=\"Z\u0101les p\u013c\u0101v\u0113ja p\u0101rnesumk\u0101rba\" width=\"500\" height=\"500\" title=\"\" srcset=\"https:\/\/fmp-components.com\/wp-content\/uploads\/2024\/12\/Lawn-Mower-Gearbox-3.webp 500w, https:\/\/fmp-components.com\/wp-content\/uploads\/2024\/12\/Lawn-Mower-Gearbox-3-480x480.webp 480w\" sizes=\"(min-width: 0px) and (max-width: 480px) 480px, (min-width: 481px) 500px, 100vw\" \/><\/p>\n<h2>Z\u0101les p\u013c\u0101v\u0113ju p\u0101rnesumk\u0101rbas \u2014 Comer koda T-269A specifik\u0101cijas nomai\u0146a<\/h2>\n<table style=\"width: 100%; height: 506px;\" border=\"1\" width=\"100%\" cellspacing=\"0\" cellpadding=\"0\">\n<tbody>\n<tr style=\"height: 23px;\">\n<th style=\"height: 23px;\">Apraksts<\/th>\n<td style=\"height: 23px;\">Z\u0101les p\u013c\u0101v\u0113ju p\u0101rnesumk\u0101rbas \u2014 Comer koda T-269A nomai\u0146a<\/td>\n<\/tr>\n<tr style=\"height: 23px;\">\n<th style=\"height: 23px;\">Pieteikums<\/th>\n<td style=\"height: 23px;\">Da\u017e\u0101di (lauksaimniec\u012bbas) pielietojumi, Z\u0101les p\u013c\u0101v\u0113ji<\/td>\n<\/tr>\n<tr style=\"height: 23px;\">\n<th style=\"height: 23px;\">Sast\u0101v no<\/th>\n<td style=\"height: 23px;\">\u0100trumk\u0101rba<\/p>\n<p>Pas\u016bt\u012bt e\u013c\u013cu atsevi\u0161\u0137i<\/td>\n<\/tr>\n<tr style=\"height: 23px;\">\n<th style=\"height: 23px;\">Tehnisk\u0101 inform\u0101cija<\/th>\n<td style=\"height: 23px;\">Visi tehniskie dati atbilst ISO 6335 un ISO 281 standartiem.<\/td>\n<\/tr>\n<tr style=\"height: 23px;\">\n<th style=\"height: 23px;\">Maks. izejas griezes moments<\/th>\n<td style=\"height: 23px;\">161,1 daNm<\/td>\n<\/tr>\n<tr style=\"height: 23px;\">\n<th style=\"height: 23px;\">Satur e\u013c\u013cu<\/th>\n<td style=\"height: 23px;\">N\u0113<\/td>\n<\/tr>\n<tr style=\"height: 23px;\">\n<th style=\"height: 23px;\">Maksim\u0101l\u0101 e\u013c\u013cas ietilp\u012bba<\/th>\n<td style=\"height: 23px;\">3,25 l<\/td>\n<\/tr>\n<tr style=\"height: 23px;\">\n<th style=\"height: 23px;\">E\u013c\u013cas SAE viskozit\u0101tes klase<\/th>\n<td style=\"height: 23px;\">80W-90<\/td>\n<\/tr>\n<tr style=\"height: 23px;\">\n<th style=\"height: 23px;\">Svars<\/th>\n<td style=\"height: 23px;\">48 kg<\/td>\n<\/tr>\n<tr style=\"height: 23px;\">\n<th style=\"height: 23px;\">P\u0101rnesumu izvietojuma palielin\u0101\u0161ana<\/th>\n<td style=\"height: 23px;\">25 &#8211; 26 &#8211; 27 &#8211; 28<\/td>\n<\/tr>\n<tr style=\"height: 23px;\">\n<th style=\"height: 23px;\">P\u0101rnesumu izvietojuma samazin\u0101\u0161ana<\/th>\n<td style=\"height: 23px;\">5 &#8211; 6<\/td>\n<\/tr>\n<tr style=\"height: 23px;\">\n<th style=\"height: 23px;\">Ievades jauda kW \/ ZS pieaug<\/th>\n<td style=\"height: 23px;\">77,3\u00a0\/\u00a0105\u00a0kW\/ZS<\/td>\n<\/tr>\n<tr style=\"height: 23px;\">\n<th style=\"height: 23px;\">Ievades v\u0101rpstas palielin\u0101\u0161ana<\/th>\n<td style=\"height: 23px;\">X\u2013Y<\/td>\n<\/tr>\n<tr style=\"height: 23px;\">\n<th style=\"height: 23px;\">Ieejas v\u0101rpstas samazin\u0101\u0161ana<\/th>\n<td style=\"height: 23px;\">Z<\/td>\n<\/tr>\n<tr style=\"height: 23px;\">\n<th style=\"height: 23px;\">Ievades jauda kW \/ ZS samazin\u0101\u0161ana<\/th>\n<td style=\"height: 23px;\">66,2\u00a0\/\u00a090\u00a0kW\/ZS<\/td>\n<\/tr>\n<tr style=\"height: 23px;\">\n<th style=\"height: 23px;\">Izejas griezes moments DaNm pieaug<\/th>\n<td style=\"height: 23px;\">93,2 daNm<\/td>\n<\/tr>\n<tr style=\"height: 23px;\">\n<th style=\"height: 23px;\">Attiec\u012bbas palielin\u0101\u0161ana<\/th>\n<td style=\"height: 23px;\">1 : 1.42<\/td>\n<\/tr>\n<tr style=\"height: 23px;\">\n<th style=\"height: 23px;\">Attiec\u012bbas samazin\u0101\u0161ana<\/th>\n<td style=\"height: 23px;\">1.42 : 1<\/td>\n<\/tr>\n<tr style=\"height: 23px;\">\n<th style=\"height: 23px;\">V\u0101rpsta X<\/th>\n<td style=\"height: 23px;\">1 3\/8 collas (6) (B)<\/td>\n<\/tr>\n<tr style=\"height: 23px;\">\n<th style=\"height: 23px;\">Y v\u0101rpsta<\/th>\n<td style=\"height: 23px;\">1 3\/8 collas (6) (A)<\/td>\n<\/tr>\n<tr style=\"height: 23px;\">\n<th style=\"height: 23px;\">V\u0101rpsta Z<\/th>\n<td style=\"height: 23px;\">1 3\/8 collas (6) (C)<\/td>\n<\/tr>\n<\/tbody>\n<\/table>\n<h3>K\u0101p\u0113c z\u0101les p\u013c\u0101v\u0113ja p\u0101rnesumk\u0101rbai izv\u0113l\u0113ties FMP kard\u0101nv\u0101rpstas?<\/h3>\n<p><strong>Bezkompromisa kvalit\u0101tes nodro\u0161in\u0101\u0161ana:<\/strong><br \/>\nUz\u0146\u0113mum\u0101 FMP kvalit\u0101te ir m\u016bsu galven\u0101 priorit\u0101te. M\u0113s iev\u0113rojam stingrus ra\u017eo\u0161anas standartus, nodro\u0161inot, ka katra m\u016bsu ra\u017eot\u0101 j\u016bgv\u0101rpsta ir izgatavota t\u0101, lai t\u0101 kalpotu ilgi un darbotos optim\u0101li pat vissmag\u0101kajos apst\u0101k\u013cos. M\u016bsu j\u016bgv\u0101rpstas tiek r\u016bp\u012bgi p\u0101rbaud\u012btas, lai garant\u0113tu to iztur\u012bbu, stipr\u012bbu un ilgtermi\u0146a uzticam\u012bbu, padarot t\u0101s par ide\u0101lu izv\u0113li, lai nodro\u0161in\u0101tu z\u0101les p\u013c\u0101v\u0113ja p\u0101rnesumk\u0101rbas vienm\u0113r\u012bgu un efekt\u012bvu darb\u012bbu.<\/p>\n<p><strong>Piel\u0101goti risin\u0101jumi un ekspertu atbalsts:<\/strong><br \/>\nM\u0113s saprotam, ka katrai lauksaimniec\u012bbas tehnikai ir unik\u0101las pras\u012bbas. T\u0101p\u0113c m\u0113s pied\u0101v\u0101jam piel\u0101gojamas kard\u0101nv\u0101rpstas, kas paredz\u0113tas j\u016bsu darb\u012bbas \u012bpa\u0161aj\u0101m vajadz\u012bb\u0101m. Neatkar\u012bgi no t\u0101, vai jums ir nepiecie\u0161ama kard\u0101nv\u0101rpsta rot\u0113jo\u0161ajai z\u0101les p\u013c\u0101v\u0113jai, sniega t\u012br\u012bt\u0101jam vai citai lauksaimniec\u012bbas tehnikai, m\u016bsu ekspertu komanda ir gatava sniegt personaliz\u0113tus padomus un risin\u0101jumus. M\u0113s cie\u0161i sadarbojamies ar jums, lai nodro\u0161in\u0101tu, ka m\u016bsu pieg\u0101d\u0101t\u0101s kard\u0101nv\u0101rpstas lieliski atbilst j\u016bsu tehnikai, uzlabojot t\u0101s veiktsp\u0113ju un efektivit\u0101ti.<\/p>\n<p><strong>Glob\u0101ls sasniedzam\u012bbas l\u012bmenis un pier\u0101d\u012bta uzticam\u012bba:<\/strong><br \/>\nAr augo\u0161u klientu b\u0101zi gandr\u012bz 30 valst\u012bs vis\u0101 pasaul\u0113, FMP ir izveidojis reput\u0101ciju, pieg\u0101d\u0101jot augstas kvalit\u0101tes, uzticamus komponentus lauksaimniec\u012bbas nozarei. M\u016bsu kard\u0101nv\u0101rpst\u0101m uzticas lauksaimnieki, ainavu veidot\u0101ji un r\u016bpniec\u012bbas operatori vis\u0101 pasaul\u0113, pateicoties to iztur\u012bbai, lieto\u0161anas vienk\u0101r\u0161\u012bbai un nemain\u012bgai veiktsp\u0113jai. Neatkar\u012bgi no t\u0101, vai atrodaties Zieme\u013camerik\u0101, Eirop\u0101 vai citur, varat pa\u013cauties uz FMP, lai nodro\u0161in\u0101tu augst\u0101k\u0101s klases produktus, kas atbilst j\u016bsu tehnikas pras\u012bb\u0101m.<\/p>\n<p><strong>Visaptvero\u0161s klientu apkalpo\u0161anas serviss:<\/strong><br \/>\nFMP ap\u0146em\u0161an\u0101s nodro\u0161in\u0101t klientu apmierin\u0101t\u012bbu sniedzas t\u0101l\u0101k par vienk\u0101r\u0161u produktu nodro\u0161in\u0101\u0161anu. M\u0113s esam ap\u0146\u0113mu\u0161ies sniegt past\u0101v\u012bgu atbalstu vis\u0101 j\u016bsu apr\u012bkojuma dz\u012bves cikl\u0101. M\u016bsu klientu apkalpo\u0161anas komanda ir pieejama, lai atbild\u0113tu uz jaut\u0101jumiem, sniegtu tehnisko pal\u012bdz\u012bbu un nodro\u0161in\u0101tu, ka j\u016bsu j\u016bgv\u0101rpsta darbojas nevainojami. S\u0101kot ar konsult\u0101cij\u0101m pirms p\u0101rdo\u0161anas l\u012bdz pat apkopes ieteikumiem p\u0113c p\u0101rdo\u0161anas, m\u0113s esam \u0161eit, lai pal\u012bdz\u0113tu jums ik uz so\u013ca.<\/p>\n<p>Lai ieg\u016btu pla\u0161\u0101ku inform\u0101ciju vai interes\u0113tos par piel\u0101got\u0101m kard\u0101nv\u0101rpst\u0101m j\u016bsu lauksaimniec\u012bbas z\u0101les p\u013c\u0101v\u0113ja p\u0101rnesumk\u0101rbai, sazinieties ar FMP jau \u0161odien. M\u016bsu komanda labpr\u0101t pal\u012bdz\u0113s jums ar lab\u0101kajiem risin\u0101jumiem j\u016bsu tehnikai, nodro\u0161inot maksim\u0101lu efektivit\u0101ti un uzticam\u012bbu j\u016bsu darb\u012bb\u0101. \u013baujiet FMP b\u016bt j\u016bsu uzticamajam partnerim j\u016bsu apr\u012bkojuma darbin\u0101\u0161an\u0101 turpm\u0101kajos gados.<\/p>\n<table border=\"1\" width=\"100%\" cellspacing=\"0\" cellpadding=\"0\">\n<tbody>\n<tr>\n<td width=\"110\"><img loading=\"lazy\" decoding=\"async\" class=\"alignnone size-full wp-image-1872\" src=\"https:\/\/fmp-components.com\/wp-content\/uploads\/2024\/12\/PTO-Shaft-for-Rotary-Mower-Gearboxes-16.webp\" sizes=\"(min-width: 0px) and (max-width: 480px) 480px, (min-width: 481px) and (max-width: 980px) 980px, (min-width: 981px) 1000px, 100vw\" srcset=\"https:\/\/fmp-components.com\/wp-content\/uploads\/2024\/12\/PTO-Shaft-for-Rotary-Mower-Gearboxes-16.webp 1000w, https:\/\/fmp-components.com\/wp-content\/uploads\/2024\/12\/PTO-Shaft-for-Rotary-Mower-Gearboxes-16-980x980.webp 980w, https:\/\/fmp-components.com\/wp-content\/uploads\/2024\/12\/PTO-Shaft-for-Rotary-Mower-Gearboxes-16-480x480.webp 480w\" alt=\"J\u016bgv\u0101rpsta-rot\u0113jo\u0161u-z\u0101\u013cma\u0161\u012bnu-reduktoriem-16\" width=\"1000\" height=\"1000\" title=\"\"><\/td>\n<td width=\"98\"><img loading=\"lazy\" decoding=\"async\" class=\"alignnone size-full wp-image-1873\" src=\"https:\/\/fmp-components.com\/wp-content\/uploads\/2024\/12\/PTO-Shaft-for-Rotary-Mower-Gearboxes-15.webp\" sizes=\"(min-width: 0px) and (max-width: 480px) 480px, (min-width: 481px) and (max-width: 980px) 980px, (min-width: 981px) 1000px, 100vw\" srcset=\"https:\/\/fmp-components.com\/wp-content\/uploads\/2024\/12\/PTO-Shaft-for-Rotary-Mower-Gearboxes-15.webp 1000w, https:\/\/fmp-components.com\/wp-content\/uploads\/2024\/12\/PTO-Shaft-for-Rotary-Mower-Gearboxes-15-980x980.webp 980w, https:\/\/fmp-components.com\/wp-content\/uploads\/2024\/12\/PTO-Shaft-for-Rotary-Mower-Gearboxes-15-480x480.webp 480w\" alt=\"J\u016bgv\u0101rpsta-rot\u0113jo\u0161u-z\u0101\u013cma\u0161\u012bnu-reduktoriem-15\" width=\"1000\" height=\"1000\" title=\"\"><\/td>\n<\/tr>\n<\/tbody>\n<\/table>\n<h3>Par FMP<\/h3>\n<p>FMP, kura galven\u0101 m\u012btne atrodas It\u0101lij\u0101, ir vado\u0161ais ra\u017eot\u0101js, kas specializ\u0113jas augstas veiktsp\u0113jas p\u0101rnesumk\u0101rbu projekt\u0113\u0161an\u0101, izstr\u0101d\u0113 un ra\u017eo\u0161an\u0101 lauksaimniec\u012bbas tehnikai. M\u0113s cen\u0161amies nodro\u0161in\u0101t prec\u012bzi in\u017eeniertehniskus risin\u0101jumus, koncentr\u0113joties uz kvalit\u0101ti, inov\u0101cij\u0101m un uzticam\u012bbu. M\u016bsu produktu portfel\u012b ir pla\u0161s p\u0101rnesumk\u0101rbu kl\u0101sts, piem\u0113ram, z\u0101les p\u013c\u0101v\u0113ju p\u0101rnesumk\u0101rbas, k\u0101 ar\u012b t\u0101das svar\u012bgas sast\u0101vda\u013cas k\u0101 j\u016bgv\u0101rpstas. M\u016bsu misija ir pied\u0101v\u0101t piel\u0101gotus risin\u0101jumus, kas atbilst lauksaimniec\u012bbas un r\u016bpniec\u012bbas nozaru \u012bpa\u0161aj\u0101m pras\u012bb\u0101m, gan atsevi\u0161\u0137u produktu, gan piln\u012bb\u0101 integr\u0113tu sist\u0113mu veid\u0101.<\/p>\n<p>Uz\u0146\u0113mum\u0101 FMP m\u0113s saprotam, ka katram klientam ir unik\u0101las vajadz\u012bbas. T\u0101p\u0113c m\u016bsu sp\u0113ks ir sp\u0113ja piel\u0101got produktus, lai tie piln\u012bb\u0101 atbilstu \u0161\u012bm vajadz\u012bb\u0101m. Neatkar\u012bgi no t\u0101, vai mekl\u0113jat specializ\u0113tu p\u0101rnesumk\u0101rbu vai piln\u012bgu sist\u0113mu, m\u0113s cie\u0161i sadarbojamies ar jums, lai nodro\u0161in\u0101tu visefekt\u012bv\u0101ko un lietder\u012bg\u0101ko risin\u0101jumu. M\u016bsu ap\u0146em\u0161an\u0101s nodro\u0161in\u0101t klientu apmierin\u0101t\u012bbu atspogu\u013cojas m\u016bsu \u0101traj\u0101s, profesion\u0101laj\u0101s atbild\u0113s un ekspertu padomos, nodro\u0161inot, ka katrs piepras\u012bjums tiek izskat\u012bts r\u016bp\u012bgi un prec\u012bzi.<\/p>\n<p>M\u0113s augstu v\u0113rt\u0113jam atkl\u0101tu komunik\u0101ciju ar saviem klientiem, \u012bpa\u0161i jaunu produktu izstr\u0101d\u0113. M\u016bsu \u012bpa\u0161i izveidot\u0101 komanda cie\u0161i sadarbojas ar klientiem, lai izprastu vi\u0146u izaicin\u0101jumus un sniegtu v\u0113rt\u012bgu ieskatu optim\u0101lu risin\u0101jumu rad\u012b\u0161an\u0101. S\u0101kot ar jaunu produktu izstr\u0101di un beidzot ar eso\u0161o pas\u016bt\u012bjumu izpildi, m\u0113s esam ap\u0146\u0113mu\u0161ies \u0101tri un prec\u012bzi pieg\u0101d\u0101t augstas kvalit\u0101tes produktus.<\/p>\n<p>Kvalit\u0101te ir visa m\u016bsu FMP darb\u012bbas st\u016brakmens. M\u016bsu ra\u017eo\u0161anas procesu virza augsti standarti, precizit\u0101te un nulles defektu principi. M\u0113s iev\u0113rojam stingrus kvalit\u0101tes kontroles pas\u0101kumus, lai nodro\u0161in\u0101tu, ka katrs m\u016bsu pieg\u0101d\u0101tais produkts p\u0101rsniedz nozares standartus. \u0160\u012b neatlaid\u012bg\u0101 koncentr\u0113\u0161an\u0101s uz kvalit\u0101ti apvienojum\u0101 ar m\u016bsu v\u0113rt\u012bb\u0101m \u2013 integrit\u0101ti, komandas darbu un neatlaid\u012bbu \u2013 ir \u013c\u0101vusi mums izveidot sp\u0113c\u012bgas un ilgsto\u0161as \u200b\u200bpartnerattiec\u012bbas ar klientiem gandr\u012bz 30 valst\u012bs vis\u0101 pasaul\u0113.<\/p>\n<p>FMP vienm\u0113r ir atv\u0113rts glob\u0101lai sadarb\u012bbai un labpr\u0101t sniedz ekspertu padomus un piel\u0101gotus risin\u0101jumus. M\u016bsu pieeja nav tikai produktu pieg\u0101de, bet gan ilgtermi\u0146a partnerattiec\u012bbu veido\u0161ana, kas noved pie abpus\u0113jiem pan\u0101kumiem. Neatkar\u012bgi no t\u0101, vai jums ir nepiecie\u0161ami risin\u0101jumi jaunam projektam vai atbalsts eso\u0161aj\u0101m sist\u0113m\u0101m, FMP ir ap\u0146\u0113mies risin\u0101t j\u016bsu tehnisk\u0101s probl\u0113mas un pal\u012bdz\u0113t jums sasniegt ilgtermi\u0146a pan\u0101kumus.<\/p>\n<p><img loading=\"lazy\" decoding=\"async\" class=\"alignnone size-full wp-image-1861\" src=\"https:\/\/fmp-components.com\/wp-content\/uploads\/2024\/12\/Other-Agricultural-Gearboxes.webp\" sizes=\"(min-width: 0px) and (max-width: 480px) 480px, (min-width: 481px) and (max-width: 980px) 980px, (min-width: 981px) 1200px, 100vw\" srcset=\"https:\/\/fmp-components.com\/wp-content\/uploads\/2024\/12\/Other-Agricultural-Gearboxes.webp 1200w, https:\/\/fmp-components.com\/wp-content\/uploads\/2024\/12\/Other-Agricultural-Gearboxes-980x1143.webp 980w, https:\/\/fmp-components.com\/wp-content\/uploads\/2024\/12\/Other-Agricultural-Gearboxes-480x560.webp 480w\" alt=\"Altri-cambi-agricoli\" width=\"1200\" height=\"1400\" title=\"\"><\/p>\n<p>Autors: CX<\/p>","protected":false},"excerpt":{"rendered":"<p>Lawn Mowers Gearboxes \u2013 Replacement of Comer Code T-269A Specification Description Mowers Gearboxes &#8211; Replacement of Comer Code T-269A Application Various (agricultural) applications, Mowers Consists of Gearbox Order Oil Separately Technical Information All technical data corresponds to ISO 6335 and ISO 281. Max. Output Torque 161.1 daNm Contains Oil No Max. Oil Capacity 3.25 l [&hellip;]<\/p>","protected":false},"featured_media":1968,"comment_status":"open","ping_status":"closed","template":"","meta":{"_et_pb_use_builder":"","_et_pb_old_content":"","_et_gb_content_width":""},"product_brand":[],"product_cat":[52],"product_tag":[],"class_list":{"0":"post-1966","1":"product","2":"type-product","3":"status-publish","4":"has-post-thumbnail","6":"product_cat-lawn-mower-gearbox","8":"first","9":"instock","10":"shipping-taxable","11":"product-type-simple"},"_links":{"self":[{"href":"https:\/\/fmp-components.com\/lv\/wp-json\/wp\/v2\/product\/1966","targetHints":{"allow":["GET"]}}],"collection":[{"href":"https:\/\/fmp-components.com\/lv\/wp-json\/wp\/v2\/product"}],"about":[{"href":"https:\/\/fmp-components.com\/lv\/wp-json\/wp\/v2\/types\/product"}],"replies":[{"embeddable":true,"href":"https:\/\/fmp-components.com\/lv\/wp-json\/wp\/v2\/comments?post=1966"}],"wp:featuredmedia":[{"embeddable":true,"href":"https:\/\/fmp-components.com\/lv\/wp-json\/wp\/v2\/media\/1968"}],"wp:attachment":[{"href":"https:\/\/fmp-components.com\/lv\/wp-json\/wp\/v2\/media?parent=1966"}],"wp:term":[{"taxonomy":"product_brand","embeddable":true,"href":"https:\/\/fmp-components.com\/lv\/wp-json\/wp\/v2\/product_brand?post=1966"},{"taxonomy":"product_cat","embeddable":true,"href":"https:\/\/fmp-components.com\/lv\/wp-json\/wp\/v2\/product_cat?post=1966"},{"taxonomy":"product_tag","embeddable":true,"href":"https:\/\/fmp-components.com\/lv\/wp-json\/wp\/v2\/product_tag?post=1966"}],"curies":[{"name":"wp","href":"https:\/\/api.w.org\/{rel}","templated":true}]}}