{"id":1952,"date":"2024-12-26T02:38:39","date_gmt":"2024-12-26T02:38:39","guid":{"rendered":"https:\/\/fmp-components.com\/?page_id=8"},"modified":"2024-12-26T02:54:44","modified_gmt":"2024-12-26T02:54:44","slug":"rotary-mower-gearbox-replacement-of-comer-code-t-305j","status":"publish","type":"product","link":"https:\/\/fmp-components.com\/lv\/product\/rotary-mower-gearbox-replacement-of-comer-code-t-305j\/","title":{"rendered":"Rot\u0113jo\u0161\u0101 z\u0101les p\u013c\u0101v\u0113ja p\u0101rnesumk\u0101rba \u2014 Comer koda T-305J nomai\u0146a"},"content":{"rendered":"<p><img loading=\"lazy\" decoding=\"async\" class=\"size-full wp-image-1955 aligncenter\" src=\"https:\/\/fmp-components.com\/wp-content\/uploads\/2024\/12\/rotary-mower-gearbox-t305j.webp\" alt=\"rot\u0113jo\u0161\u0101 z\u0101les p\u013c\u0101v\u0113ja p\u0101rnesumk\u0101rba t305j\" width=\"300\" height=\"300\" title=\"\" srcset=\"https:\/\/fmp-components.com\/wp-content\/uploads\/2024\/12\/rotary-mower-gearbox-t305j.webp 300w, https:\/\/fmp-components.com\/wp-content\/uploads\/2024\/12\/rotary-mower-gearbox-t305j-150x150.webp 150w, https:\/\/fmp-components.com\/wp-content\/uploads\/2024\/12\/rotary-mower-gearbox-t305j-12x12.webp 12w, https:\/\/fmp-components.com\/wp-content\/uploads\/2024\/12\/rotary-mower-gearbox-t305j-100x100.webp 100w\" sizes=\"(max-width: 300px) 100vw, 300px\" \/><\/p>\n<h2>Rot\u0113jo\u0161\u0101s z\u0101les p\u013c\u0101v\u0113ja p\u0101rnesumk\u0101rbas T-305J specifik\u0101cijas<\/h2>\n<p><img loading=\"lazy\" decoding=\"async\" class=\"alignnone wp-image-1954\" src=\"https:\/\/fmp-components.com\/wp-content\/uploads\/2024\/12\/rotary-mower-gearbox-specifications-t305j.webp\" alt=\"Rot\u0113jo\u0161\u0101s z\u0101les p\u013c\u0101v\u0113ja p\u0101rnesumk\u0101rbas specifik\u0101cijas t305j\" width=\"932\" height=\"785\" title=\"\" srcset=\"https:\/\/fmp-components.com\/wp-content\/uploads\/2024\/12\/rotary-mower-gearbox-specifications-t305j.webp 932w, https:\/\/fmp-components.com\/wp-content\/uploads\/2024\/12\/rotary-mower-gearbox-specifications-t305j-480x404.webp 480w\" sizes=\"(min-width: 0px) and (max-width: 480px) 480px, (min-width: 481px) 932px, 100vw\" \/><\/p>\n<table style=\"width: 101.273%; height: 159px;\" border=\"1\">\n<tbody>\n<tr>\n<td rowspan=\"2\"><strong>es<\/strong><\/td>\n<td rowspan=\"2\"><strong>N<sub>1<\/sub>[apgr.\/min]<\/strong><\/td>\n<td rowspan=\"2\"><strong>P<sub>1<\/sub>[kW]<\/strong><\/td>\n<td rowspan=\"2\"><strong>M<sub>2<\/sub>[Nm]<\/strong><\/td>\n<td colspan=\"3\"><strong>V\u0101rpstas tips<\/strong><\/td>\n<td rowspan=\"2\"><strong>Ievade<\/strong><\/td>\n<\/tr>\n<tr>\n<td><strong>X<\/strong><\/td>\n<td><strong>J\u0101<\/strong><\/td>\n<td><strong>Z<\/strong><\/td>\n<\/tr>\n<tr>\n<td>1.35<\/td>\n<td>540<\/td>\n<td>183.8<\/td>\n<td>2335<\/td>\n<td>\"3\/4 Z20\"<\/td>\n<td>1\u201d 3\/4 Z20<\/td>\n<td>\"3\/4 Z20\"<\/td>\n<td>X<\/td>\n<\/tr>\n<tr>\n<td>1.20<\/td>\n<td>1000<\/td>\n<td>183.8<\/td>\n<td>2043<\/td>\n<td>\"3\/4 Z20\"<\/td>\n<td>\"3\/4 Z20\"<\/td>\n<td>\"3\/4 Z20\"<\/td>\n<td>X<\/td>\n<\/tr>\n<tr>\n<td>1.35<\/td>\n<td>1000<\/td>\n<td>183.8<\/td>\n<td>2298<\/td>\n<td>\"3\/4 Z20\"<\/td>\n<td>\"3\/4 Z20\"<\/td>\n<td>\"3\/4 Z20\"<\/td>\n<td>X<\/td>\n<\/tr>\n<\/tbody>\n<\/table>\n<h3>Rot\u0113jo\u0161\u0101s z\u0101les p\u013c\u0101v\u0113ja p\u0101rnesumk\u0101rbas \u012bpa\u0161\u012bbas<\/h3>\n<h4>1. Efekt\u012bva jaudas p\u0101rvade<\/h4>\n<p>P\u0101rnesumk\u0101rbai ir galven\u0101 loma jaudas p\u0101rnes\u0113 no traktora dzin\u0113ja uz p\u013caujma\u0161\u012bnas asme\u0146iem. \u0160\u012b efekt\u012bv\u0101 transmisija nodro\u0161ina, ka asme\u0146i grie\u017eas ar optim\u0101lu \u0101trumu un griezes momentu, \u013caujot p\u013caujma\u0161\u012bnai vienm\u0113r\u012bgi p\u013caut z\u0101li un citu ve\u0123et\u0101ciju. P\u0101rnesumk\u0101rbas sp\u0113ja uztur\u0113t vienm\u0113r\u012bgu jaudas p\u0101rnesi nodro\u0161ina efekt\u012bvu p\u013cau\u0161anu pat sare\u017e\u0123\u012btos apst\u0101k\u013cos, piem\u0113ram, bl\u012bv\u0101 z\u0101l\u0113 vai nel\u012bdzen\u0101 reljef\u0101.<\/p>\n<h4>2. Iztur\u012bba un ilgm\u016b\u017e\u012bba<\/h4>\n<p>Rot\u0113jo\u0161o z\u0101les p\u013c\u0101v\u0113ju p\u0101rnesumk\u0101rbas ir konstru\u0113tas t\u0101, lai iztur\u0113tu intens\u012bvu lieto\u0161anu un skarbus apst\u0101k\u013cus. T\u0101s ir izgatavotas no augstas kvalit\u0101tes materi\u0101liem, piem\u0113ram, \u010duguna, t\u0113rauda vai alum\u012bnija sakaus\u0113jumiem, un nodro\u0161ina iztur\u012bbu pret nodilumu, koroziju un nogurumu. \u0160\u012b iztur\u012bg\u0101 konstrukcija pal\u012bdz p\u0101rnesumk\u0101rbai efekt\u012bvi darboties ilgsto\u0161i, samazinot nepiecie\u0161am\u012bbu p\u0113c bie\u017ea remonta vai nomai\u0146as un padarot to piem\u0113rotu ilgsto\u0161ai, uzticamai lieto\u0161anai.<\/p>\n<h4>3. Samazin\u0101tas apkopes pras\u012bbas<\/h4>\n<p>Pateicoties iztur\u012bgajai konstrukcijai un efekt\u012bvaj\u0101m iek\u0161\u0113j\u0101m sast\u0101vda\u013c\u0101m, rot\u0113jo\u0161o p\u013caujma\u0161\u012bnu p\u0101rnesumk\u0101rb\u0101m ir nepiecie\u0161ama maz\u0101ka apkope sal\u012bdzin\u0101jum\u0101 ar cit\u0101m p\u013caujma\u0161\u012bnu piedzi\u0146\u0101m. Kvalitat\u012bvu materi\u0101lu un e\u013c\u013co\u0161anas izmanto\u0161ana pal\u012bdz samazin\u0101t berzi un nodilumu, kas galu gal\u0101 samazina remontu un nomai\u0146as bie\u017eumu. Tas samazina ekspluat\u0101cijas izmaksas un palielina p\u013caujma\u0161\u012bnas darbsp\u0113jas laiku, padarot to par ekonomisk\u0101ku variantu gan maza, gan liela m\u0113roga darb\u012bb\u0101m.<\/p>\n<h4>4. Uzlabota grie\u0161anas veiktsp\u0113ja<\/h4>\n<p>Prec\u012bzi konstru\u0113t\u0101 p\u0101rnesumk\u0101rba nodro\u0161ina, ka p\u013caujma\u0161\u012bnas asme\u0146i darbojas ar pareizo \u0101trumu un griezes momentu, nodro\u0161inot t\u012bru un vienm\u0113r\u012bgu p\u013cau\u0161anu katru reizi. Neatkar\u012bgi no t\u0101, vai t\u0101 ir z\u0101le, nez\u0101les vai nelieli kr\u016bmi, p\u0101rnesumk\u0101rba \u013cauj p\u013caujma\u0161\u012bnai efekt\u012bv\u0101k tikt gal\u0101 ar biezu ve\u0123et\u0101ciju un nel\u012bdzenu zemi. \u0160\u012b nemain\u012bg\u0101 p\u013cau\u0161anas veiktsp\u0113ja ir \u012bpa\u0161i noder\u012bga ainavu veido\u0161an\u0101 un lauksaimniec\u012bbas darbos, kur augstas kvalit\u0101tes rezult\u0101ti ir priorit\u0101te.<\/p>\n<h4>5. Daudzpus\u012bba un piel\u0101go\u0161anas iesp\u0113jas<\/h4>\n<p>Rot\u0113jo\u0161o z\u0101les p\u013c\u0101v\u0113ju p\u0101rnesumk\u0101rbas ir pieejamas da\u017e\u0101d\u0101s konfigur\u0101cij\u0101s, piem\u0113ram, viena \u0101truma vai vair\u0101ku \u0101trumu mode\u013cos, lai t\u0101s atbilstu da\u017e\u0101diem pielietojumiem. Daudzi ra\u017eot\u0101ji, tostarp FMP, pied\u0101v\u0101 piel\u0101go\u0161anas iesp\u0113jas, \u013caujot p\u0101rnesumk\u0101rbu piel\u0101got konkr\u0113tiem uzdevumiem, piem\u0113ram, p\u013cau\u0161anas augstuma regul\u0113\u0161anai vai papildu griezes momenta nodro\u0161in\u0101\u0161anai sare\u017e\u0123\u012btos p\u013cau\u0161anas apst\u0101k\u013cos. \u0160\u012b elast\u012bba padara p\u0101rnesumk\u0101rbu piem\u0113rotu pla\u0161am nozaru kl\u0101stam, s\u0101kot no lauksaimniec\u012bbas l\u012bdz pa\u0161vald\u012bbu ainavu veido\u0161anai.<\/p>\n<p>Rot\u0113jo\u0161\u0101s z\u0101les p\u013c\u0101v\u0113ja p\u0101rnesumk\u0101rba ir b\u016btiska sast\u0101vda\u013ca, kas iev\u0113rojami uzlabo p\u013cau\u0161anas apr\u012bkojuma veiktsp\u0113ju, uzticam\u012bbu un rentabilit\u0101ti. Efekt\u012bvi p\u0101rnesot jaudu, samazinot apkopes pras\u012bbas un uzlabojot p\u013cau\u0161anas veiktsp\u0113ju, \u0161\u012bs p\u0101rnesumk\u0101rbas nodro\u0161ina optim\u0101lu darb\u012bbu lauksaimniec\u012bbas, r\u016bpniec\u012bbas un ainavu veido\u0161anas darbos. Neatkar\u012bgi no t\u0101, vai to izmanto ikdienas z\u0101liena kop\u0161anai vai sare\u017e\u0123\u012btiem lauksaimniec\u012bbas darbiem, augstas kvalit\u0101tes rot\u0113jo\u0161\u0101s z\u0101les p\u013c\u0101v\u0113ja p\u0101rnesumk\u0101rba ir \u013coti svar\u012bga, lai nodro\u0161in\u0101tu vienm\u0113r\u012bgu un efekt\u012bvu p\u013c\u0101v\u0113ja darb\u012bbu.<\/p>\n<p><img loading=\"lazy\" decoding=\"async\" class=\"alignnone  wp-image-1951\" src=\"https:\/\/fmp-components.com\/wp-content\/uploads\/2024\/12\/Rotary-Mower-Gearbox-211.webp\" alt=\"Rot\u0113jo\u0161\u0101s z\u0101les p\u013c\u0101v\u0113ja p\u0101rnesumk\u0101rba\" width=\"923\" height=\"692\" title=\"\" srcset=\"https:\/\/fmp-components.com\/wp-content\/uploads\/2024\/12\/Rotary-Mower-Gearbox-211.webp 923w, https:\/\/fmp-components.com\/wp-content\/uploads\/2024\/12\/Rotary-Mower-Gearbox-211-480x360.webp 480w\" sizes=\"(min-width: 0px) and (max-width: 480px) 480px, (min-width: 481px) 923px, 100vw\" \/><\/p>\n<h3>Par FMP<\/h3>\n<p>It\u0101lij\u0101 b\u0101z\u0113tais uz\u0146\u0113mums FMP ir vado\u0161ais inov\u0101ciju ievies\u0113js augstas kvalit\u0101tes p\u0101rnesumk\u0101rbu, reduktoru un ma\u0161\u012bnb\u016bves iek\u0101rtu projekt\u0113\u0161an\u0101, izstr\u0101d\u0113 un ra\u017eo\u0161an\u0101. Ar sp\u0113c\u012bgu uzsvaru uz talantu att\u012bst\u012bbu, nep\u0101rtrauktu inov\u0101ciju un izcil\u012bbas nodro\u0161in\u0101\u0161anu FMP ir k\u013cuvis par iev\u0113rojamu v\u0101rdu ma\u0161\u012bnb\u016bves nozar\u0113, ieg\u016bstot atzin\u012bbu gan viet\u0113j\u0101, gan glob\u0101l\u0101 m\u0113rog\u0101.<\/p>\n<p><strong>Pla\u0161s produktu kl\u0101sts<\/strong><\/p>\n<p>FMP pied\u0101v\u0101 daudzveid\u012bgu prec\u012bzijas in\u017eenierijas produktu portfeli, tostarp:<\/p>\n<ul>\n<li>Spir\u0101lveida konusveida p\u0101rnesumk\u0101rbas<\/li>\n<li>Spur p\u0101rnesumk\u0101rbas<\/li>\n<li>T\u0101rpu p\u0101rnesumk\u0101rbas<\/li>\n<li>Cilindriskas p\u0101rnesumk\u0101rbas<\/li>\n<li>Augstspiediena lietie v\u0101rstu korpusi un korpusi<\/li>\n<\/ul>\n<p>Katrs no \u0161iem produktiem ir r\u016bp\u012bgi izstr\u0101d\u0101ts, lai atbilstu augst\u0101kajiem veiktsp\u0113jas un uzticam\u012bbas standartiem pla\u0161\u0101 r\u016bpniecisko pielietojumu kl\u0101st\u0101.<\/p>\n<p><strong>Pla\u0161s pielietojums da\u017e\u0101d\u0101s nozar\u0113s<\/strong><\/p>\n<p>FMP produkti ir paredz\u0113ti da\u017e\u0101d\u0101m nozar\u0113m, pied\u0101v\u0101jot daudzpus\u012bgus risin\u0101jumus gan r\u016bpniec\u012bbas, gan lauksaimniec\u012bbas vajadz\u012bb\u0101m. Galvenie pielietojumi ietver:<\/p>\n<ul>\n<li><strong>Lauksaimniec\u012bba:<\/strong> FMP p\u0101rnesumk\u0101rbas tiek izmantotas t\u0101d\u0101s ma\u0161\u012bn\u0101s k\u0101 rot\u0101cijas z\u0101les p\u013c\u0101v\u0113ji, sniega t\u012br\u012bt\u0101ji, m\u0113slojuma izklied\u0113t\u0101ji un graudu konveijeri.<\/li>\n<li><strong>R\u016bpniecisk\u0101s iek\u0101rtas:<\/strong> FMP p\u0101rnesumk\u0101rbas un komponenti atbalsta ar\u012b ma\u0161\u012bnas t\u0101d\u0101s nozar\u0113s k\u0101 naftas ieguve, j\u016bras pielietojumi un hidrotehniskie projekti.<\/li>\n<\/ul>\n<p>\u0160is pla\u0161ais pielietojumu kl\u0101sts par\u0101da FMP sp\u0113ju nodro\u0161in\u0101t piel\u0101gotus risin\u0101jumus, kas uzlabo efektivit\u0101ti un produktivit\u0101ti da\u017e\u0101d\u0101s nozar\u0113s.<\/p>\n<p><strong>Uzlabotas ra\u017eo\u0161anas iesp\u0113jas<\/strong><\/p>\n<p>FMP ra\u017eo\u0161anas process apvieno jaun\u0101k\u0101s tehnolo\u0123ijas un prec\u012bzu meistar\u012bbu. Katrs produkts tiek izgatavots, veicot virkni stingru darb\u012bbu:<\/p>\n<ul>\n<li><strong>Produkta dizains:<\/strong> Tiek izstr\u0101d\u0101tas piel\u0101gotas specifik\u0101cijas, tostarp p\u0101rnesumk\u0101rbu veidu, materi\u0101lu un izm\u0113ru izv\u0113le.<\/li>\n<li><strong>Materi\u0101lu izv\u0113le:<\/strong> FMP izmanto augstas kvalit\u0101tes materi\u0101lus, piem\u0113ram, \u010dugunu un alum\u012bnija sakaus\u0113jumus, lai nodro\u0161in\u0101tu iztur\u012bbu un optim\u0101lu veiktsp\u0113ju.<\/li>\n<li><strong>Prec\u012bza apstr\u0101de:<\/strong> Lai izgatavotu deta\u013cas ar augstu precizit\u0101ti, tiek izmantotas modern\u0101k\u0101s metodes, piem\u0113ram, virpo\u0161ana un fr\u0113z\u0113\u0161ana.<\/li>\n<li><strong>Mont\u0101\u017ea:<\/strong> T\u0101das sast\u0101vda\u013cas k\u0101 zobrati, gult\u0146i un v\u0101rpstas ir r\u016bp\u012bgi saliktas korpus\u0101, lai nodro\u0161in\u0101tu pareizu izl\u012bdzin\u0101\u0161anu un e\u013c\u013co\u0161anu.<\/li>\n<li><strong>Termisk\u0101 apstr\u0101de:<\/strong> P\u0101rnesumk\u0101rbas tiek pak\u013cautas termiskai apstr\u0101dei, lai uzlabotu iztur\u012bbu un nodilumiztur\u012bbu, nodro\u0161inot ilgsto\u0161u kalpo\u0161anas laiku.<\/li>\n<li><strong>Virsmas apstr\u0101de:<\/strong> Lai uzlabotu p\u0101rnesumk\u0101rbu est\u0113tiku un iztur\u012bbu pret koroziju, tiek izmantoti t\u0101di procesi k\u0101 pul\u0113\u0161ana un pulverkr\u0101so\u0161ana.<\/li>\n<li><strong>Kvalit\u0101tes kontrole:<\/strong> FMP iev\u0113ro stingrus kvalit\u0101tes kontroles standartus, veicot r\u016bp\u012bgas p\u0101rbaudes un test\u0113\u0161anu, lai garant\u0113tu, ka katrs produkts atbilst noteiktaj\u0101m veiktsp\u0113jas pras\u012bb\u0101m.<\/li>\n<\/ul>\n<p><strong>Nozares reput\u0101cija<\/strong><\/p>\n<p>FMP ap\u0146em\u0161an\u0101s nodro\u0161in\u0101t kvalit\u0101ti, inov\u0101cijas un klientu apmierin\u0101t\u012bbu ir nodro\u0161in\u0101jusi tam stabilu reput\u0101ciju k\u0101 uzticamam partnerim ra\u017eo\u0161anas nozar\u0113. Uz\u0146\u0113muma pieeja apvieno progres\u012bvas tehnolo\u0123ijas ar prasm\u012bgu meistar\u012bbu, lai sniegtu ilgtermi\u0146a v\u0113rt\u012bbu saviem klientiem. FMP turpina papla\u0161in\u0101t inov\u0101ciju robe\u017eas, vienlaikus saglab\u0101jot uzticam\u012bbu un izcil\u012bbu.<\/p>\n<p><strong>Sadarbojieties ar mums<\/strong><\/p>\n<p>FMP vienm\u0113r ir atv\u0113rts sadarb\u012bbas iesp\u0113j\u0101m ar klientiem un partneriem vis\u0101 pasaul\u0113. Neatkar\u012bgi no t\u0101, vai mekl\u0113jat augstas kvalit\u0101tes produktus vai piel\u0101gotus risin\u0101jumus, m\u0113s esam ap\u0146\u0113mu\u0161ies nodro\u0161in\u0101t j\u016bsu \u012bpa\u0161o pras\u012bbu izpildei nepiecie\u0161amo pieredzi un pakalpojumus. Lai ieg\u016btu pla\u0161\u0101ku inform\u0101ciju vai izp\u0113t\u012btu iesp\u0113jam\u0101s partner\u012bbas, l\u016bdzu, sazinieties ar mums pa t\u0101lruni vai e-pastu. M\u0113s ceram uz sadarb\u012bbu ar jums, lai sniegtu augstas veiktsp\u0113jas risin\u0101jumus, kas piel\u0101goti j\u016bsu vajadz\u012bb\u0101m.<\/p>\n<p><img loading=\"lazy\" decoding=\"async\" class=\"alignnone size-full wp-image-1861\" src=\"https:\/\/fmp-components.com\/wp-content\/uploads\/2024\/12\/Other-Agricultural-Gearboxes.webp\" alt=\"Citas lauksaimniec\u012bbas tehnikas p\u0101rnesumk\u0101rbas\" width=\"1200\" height=\"1400\" title=\"\" srcset=\"https:\/\/fmp-components.com\/wp-content\/uploads\/2024\/12\/Other-Agricultural-Gearboxes.webp 1200w, https:\/\/fmp-components.com\/wp-content\/uploads\/2024\/12\/Other-Agricultural-Gearboxes-980x1143.webp 980w, https:\/\/fmp-components.com\/wp-content\/uploads\/2024\/12\/Other-Agricultural-Gearboxes-480x560.webp 480w\" sizes=\"(min-width: 0px) and (max-width: 480px) 480px, (min-width: 481px) and (max-width: 980px) 980px, (min-width: 981px) 1200px, 100vw\" \/><\/p>\n<p>Autors: CX<\/p>","protected":false},"excerpt":{"rendered":"<p>Specifications of\u00a0Rotary Mower Gearbox\u00a0T-305J i N1[rpm] P1[kW] M2[Nm] Shaft Type Input X Y Z 1.35 540 183.8 2335 &#8221; 3\/4 Z20 1&#8221; 3\/4 Z20 &#8221; 3\/4 Z20 X 1.20 1000 183.8 2043 &#8221; 3\/4 Z20 &#8221; 3\/4 Z20 &#8221; 3\/4 Z20 X 1.35 1000 183.8 2298 &#8221; 3\/4 Z20 &#8221; 3\/4 Z20 &#8221; 3\/4 Z20 [&hellip;]<\/p>","protected":false},"featured_media":1955,"comment_status":"open","ping_status":"closed","template":"","meta":{"_et_pb_use_builder":"","_et_pb_old_content":"","_et_gb_content_width":""},"product_brand":[],"product_cat":[51],"product_tag":[],"class_list":{"0":"post-1952","1":"product","2":"type-product","3":"status-publish","4":"has-post-thumbnail","6":"product_cat-rotary-mower-gearbox","8":"first","9":"instock","10":"shipping-taxable","11":"product-type-simple"},"_links":{"self":[{"href":"https:\/\/fmp-components.com\/lv\/wp-json\/wp\/v2\/product\/1952","targetHints":{"allow":["GET"]}}],"collection":[{"href":"https:\/\/fmp-components.com\/lv\/wp-json\/wp\/v2\/product"}],"about":[{"href":"https:\/\/fmp-components.com\/lv\/wp-json\/wp\/v2\/types\/product"}],"replies":[{"embeddable":true,"href":"https:\/\/fmp-components.com\/lv\/wp-json\/wp\/v2\/comments?post=1952"}],"wp:featuredmedia":[{"embeddable":true,"href":"https:\/\/fmp-components.com\/lv\/wp-json\/wp\/v2\/media\/1955"}],"wp:attachment":[{"href":"https:\/\/fmp-components.com\/lv\/wp-json\/wp\/v2\/media?parent=1952"}],"wp:term":[{"taxonomy":"product_brand","embeddable":true,"href":"https:\/\/fmp-components.com\/lv\/wp-json\/wp\/v2\/product_brand?post=1952"},{"taxonomy":"product_cat","embeddable":true,"href":"https:\/\/fmp-components.com\/lv\/wp-json\/wp\/v2\/product_cat?post=1952"},{"taxonomy":"product_tag","embeddable":true,"href":"https:\/\/fmp-components.com\/lv\/wp-json\/wp\/v2\/product_tag?post=1952"}],"curies":[{"name":"wp","href":"https:\/\/api.w.org\/{rel}","templated":true}]}}