{"id":1938,"date":"2024-12-26T02:05:01","date_gmt":"2024-12-26T02:05:01","guid":{"rendered":"https:\/\/fmp-components.com\/?page_id=8"},"modified":"2024-12-26T02:18:02","modified_gmt":"2024-12-26T02:18:02","slug":"rotary-mower-gearbox-replacement-of-comer-code-tf-26a","status":"publish","type":"product","link":"https:\/\/fmp-components.com\/lv\/product\/rotary-mower-gearbox-replacement-of-comer-code-tf-26a\/","title":{"rendered":"Rot\u0113jo\u0161\u0101s z\u0101les p\u013c\u0101v\u0113ja p\u0101rnesumk\u0101rba \u2014 Comer koda TF-26A nomai\u0146a"},"content":{"rendered":"<p><img loading=\"lazy\" decoding=\"async\" class=\"size-full wp-image-1942 aligncenter\" src=\"https:\/\/fmp-components.com\/wp-content\/uploads\/2024\/12\/rotary-mower-gearbox-tf26a-1.webp\" alt=\"rot\u0113jo\u0161\u0101s z\u0101les p\u013c\u0101v\u0113ja p\u0101rnesumk\u0101rba tf26a-1\" width=\"300\" height=\"300\" title=\"\" srcset=\"https:\/\/fmp-components.com\/wp-content\/uploads\/2024\/12\/rotary-mower-gearbox-tf26a-1.webp 300w, https:\/\/fmp-components.com\/wp-content\/uploads\/2024\/12\/rotary-mower-gearbox-tf26a-1-150x150.webp 150w, https:\/\/fmp-components.com\/wp-content\/uploads\/2024\/12\/rotary-mower-gearbox-tf26a-1-12x12.webp 12w, https:\/\/fmp-components.com\/wp-content\/uploads\/2024\/12\/rotary-mower-gearbox-tf26a-1-100x100.webp 100w\" sizes=\"(max-width: 300px) 100vw, 300px\" \/><\/p>\n<h2>Rot\u0113jo\u0161\u0101s z\u0101les p\u013c\u0101v\u0113ja p\u0101rnesumk\u0101rbas TF-26A specifik\u0101cijas<\/h2>\n<p><img loading=\"lazy\" decoding=\"async\" class=\"alignnone size-full wp-image-1939\" src=\"https:\/\/fmp-components.com\/wp-content\/uploads\/2024\/12\/rotary-mower-gearbox-specifications-tf26a.webp\" alt=\"Rot\u0113jo\u0161\u0101s z\u0101les p\u013c\u0101v\u0113ja p\u0101rnesumk\u0101rbas specifik\u0101cijas tf26a\" width=\"867\" height=\"449\" title=\"\" srcset=\"https:\/\/fmp-components.com\/wp-content\/uploads\/2024\/12\/rotary-mower-gearbox-specifications-tf26a.webp 867w, https:\/\/fmp-components.com\/wp-content\/uploads\/2024\/12\/rotary-mower-gearbox-specifications-tf26a-480x249.webp 480w\" sizes=\"(min-width: 0px) and (max-width: 480px) 480px, (min-width: 481px) 867px, 100vw\" \/><\/p>\n<table style=\"width: 100%;\" border=\"1\" width=\"100%\" cellspacing=\"0\" cellpadding=\"0\">\n<tbody>\n<tr>\n<td rowspan=\"2\"><strong>es<\/strong><\/td>\n<td rowspan=\"2\"><strong>N<sub>1<\/sub>[apgr.\/min]<\/strong><\/td>\n<td rowspan=\"2\"><strong>P<sub>1<\/sub>[kW]<\/strong><\/td>\n<td rowspan=\"2\"><strong>M<sub>2<\/sub>[Nm]<\/strong><\/td>\n<td colspan=\"3\"><strong>V\u0101rpstas tips<\/strong><\/td>\n<td rowspan=\"2\"><strong>Ievade<\/strong><\/td>\n<\/tr>\n<tr>\n<td><strong>X<\/strong><\/td>\n<td><strong>J\u0101<\/strong><\/td>\n<td><strong>Z<\/strong><\/td>\n<\/tr>\n<tr>\n<td>1.84<\/td>\n<td>540<\/td>\n<td>66.0<\/td>\n<td>615<\/td>\n<td>1\u201d 3\/8 Z6<\/td>\n<td>1\u201d 3\/8 Z6<\/td>\n<td>Rumbas savienojums<\/td>\n<td>J\u0101<\/td>\n<\/tr>\n<tr>\n<td>1.47<\/td>\n<td>540<\/td>\n<td>66.0<\/td>\n<td>770<\/td>\n<td>1\u201d 3\/8 Z6<\/td>\n<td>1\u201d 3\/8 Z6<\/td>\n<td>Rumbas savienojums<\/td>\n<td>J\u0101<\/td>\n<\/tr>\n<\/tbody>\n<\/table>\n<h3>Rot\u0113jo\u0161\u0101s z\u0101les p\u013c\u0101v\u0113ja p\u0101rnesumk\u0101rbas \u012bpa\u0161\u012bbas<\/h3>\n<p>P\u0101rnesumk\u0101rba ir b\u016btiska rot\u0113jo\u0161\u0101s z\u0101les p\u013c\u0101v\u0113ja sast\u0101vda\u013ca, kas nodro\u0161ina p\u013c\u0101v\u0113ja efekt\u012bvu un lietder\u012bgu darb\u012bbu. Rot\u0113jo\u0161\u0101s z\u0101les p\u013c\u0101v\u0113jus pla\u0161i izmanto ainavu veidot\u0101ji, d\u0101rznieki un lauksaimniec\u012bbas vid\u0113, jo tie sp\u0113j viegli p\u013caut z\u0101li, nez\u0101les un kr\u016bmus. Augstas kvalit\u0101tes rot\u0113jo\u0161\u0101s z\u0101les p\u013c\u0101v\u0113ja p\u0101rnesumk\u0101rba uzlabo p\u013c\u0101v\u0113ja kop\u0113jo veiktsp\u0113ju, iztur\u012bbu un ilgm\u016b\u017e\u012bbu, padarot to par b\u016btisku vienm\u0113r\u012bgai darb\u012bbai da\u017e\u0101dos apst\u0101k\u013cos.<\/p>\n<p>Viena no rot\u0113jo\u0161\u0101s z\u0101les p\u013c\u0101v\u0113ja p\u0101rnesumk\u0101rbas galvenaj\u0101m iez\u012bm\u0113m ir t\u0101s <strong>iztur\u012bgs korpuss<\/strong>, parasti izgatavots no iztur\u012bgiem materi\u0101liem, piem\u0113ram, \u010duguna vai alum\u012bnija sakaus\u0113jumiem. Korpuss kalpo iek\u0161\u0113jo komponentu aizsardz\u012bbai no skarbajiem vides faktoriem, piem\u0113ram, net\u012brumiem, mitruma un gru\u017eiem. \u0160\u012b iztur\u012bg\u0101 konstrukcija nodro\u0161ina, ka p\u0101rnesumk\u0101rba paliek neskarta un darbojas dro\u0161i sare\u017e\u0123\u012btos apst\u0101k\u013cos, tostarp veicot intens\u012bvus p\u013cau\u0161anas darbus laukos vai nel\u012bdzen\u0101 reljef\u0101.<\/p>\n<p>V\u0113l viena svar\u012bga iez\u012bme ir <strong>gult\u0146i<\/strong> kas atbalsta rot\u0113jo\u0161o v\u0101rpstu un zobratus p\u0101rnesumk\u0101rbas iek\u0161pus\u0113. Gult\u0146i samazina berzi, \u013caujot iek\u0161\u0113j\u0101m sast\u0101vda\u013c\u0101m griezties vienm\u0113r\u012bgi un efekt\u012bvi. Tie ar\u012b pal\u012bdz samazin\u0101t nodilumu, nodro\u0161inot, ka p\u0101rnesumk\u0101rba var darboties ilgsto\u0161i bez nepiecie\u0161am\u012bbas p\u0113c bie\u017eas remonta. Pareiza gult\u0146u e\u013c\u013co\u0161ana ir \u013coti svar\u012bga, lai nov\u0113rstu p\u0101rkar\u0161anu un uztur\u0113tu optim\u0101lu veiktsp\u0113ju, t\u0101p\u0113c daudz\u0101m p\u0101rnesumk\u0101rb\u0101m ir integr\u0113ta e\u013c\u013co\u0161anas sist\u0113ma, kas nodro\u0161ina, ka visas kust\u012bg\u0101s da\u013cas ir labi iee\u013c\u013cotas.<\/p>\n<p>The <strong>ro\u0146i<\/strong> Reduktor\u0101 eso\u0161aj\u0101m bl\u012bv\u0113m ir iz\u0161\u0137iro\u0161a noz\u012bme, lai nov\u0113rstu pies\u0101r\u0146ot\u0101ju, piem\u0113ram, net\u012brumu, z\u0101les nop\u013cauto da\u013cu un \u016bdens, iek\u013c\u016b\u0161anu. \u0160\u012bs bl\u012bves pal\u012bdz uztur\u0113t e\u013c\u013co\u0161anas sist\u0113mas integrit\u0101ti reduktora iek\u0161pus\u0113 un aizsarg\u0101 iek\u0161\u0113jos zobratus no boj\u0101jumiem. Bez pien\u0101c\u012bga bl\u012bv\u0113juma gru\u017ei var iek\u013c\u016bt reduktor\u0101 un rad\u012bt iev\u0113rojamus boj\u0101jumus t\u0101 deta\u013c\u0101m, k\u0101 rezult\u0101t\u0101 rodas d\u0101rgi remontdarbi un d\u012bkst\u0101ves. T\u0101d\u0113\u013c bl\u012bves nodro\u0161ina, ka reduktors saglab\u0101 efektivit\u0101ti un pagarina p\u013c\u0101v\u0113ja kalpo\u0161anas laiku.<\/p>\n<p>Da\u017e\u0101m modern\u0101m rot\u0101cijas z\u0101les p\u013c\u0101v\u0113ju p\u0101rnesumk\u0101rb\u0101m ir papildu apr\u012bkojums <strong>t\u0101das funkcijas k\u0101 regul\u0113jami p\u0101rnesumi<\/strong> kas \u013cauj operatoriem main\u012bt p\u013cau\u0161anas augstumu. \u0160\u012b funkcija ir \u012bpa\u0161i noder\u012bga da\u017e\u0101dos p\u013cau\u0161anas apst\u0101k\u013cos, piem\u0113ram, p\u0101rejot no z\u0101les p\u013cau\u0161anas uz biez\u0101kas ve\u0123et\u0101cijas p\u013cau\u0161anu. Augstuma regul\u0113\u0161anas iesp\u0113ja nodro\u0161ina t\u012br\u0101ku un efekt\u012bv\u0101ku p\u013cau\u0161anu, sniedzot operatoram liel\u0101ku kontroli p\u0101r p\u013cau\u0161anas procesu. Turkl\u0101t noteikt\u0101m p\u0101rnesumk\u0101rb\u0101m ir ar\u012b <strong>saj\u016bga meh\u0101nisms<\/strong> kas atsl\u0113dz asme\u0146us, kad z\u0101les p\u013c\u0101v\u0113js netiek lietots. Tas pal\u012bdz nov\u0113rst nevajadz\u012bgu asme\u0146u nodilumu un samazina boj\u0101jumu risku, kad z\u0101les p\u013c\u0101v\u0113js darbojas d\u012bkst\u0101v\u0113.<\/p>\n<p>Papildus TF-26A rot\u0113jo\u0161\u0101s p\u013caujma\u0161\u012bnas p\u0101rnesumk\u0101rbai m\u0113s pied\u0101v\u0101jam ar\u012b da\u017e\u0101das citas lauksaimniec\u012bbas p\u0101rnesumk\u0101rbas, kas paredz\u0113tas \u012bpa\u0161iem lietojumiem. Neatkar\u012bgi no t\u0101, vai t\u0101s paredz\u0113tas smagai r\u016bpnieciskai lieto\u0161anai vai viegl\u0101kiem uzdevumiem, m\u016bsu p\u0101rnesumk\u0101rbu kl\u0101sts nodro\u0161ina, ka ikviens lietot\u0101js var atrast pareizo p\u0101rnesumk\u0101rbu, kas atbilst vi\u0146a p\u013caujma\u0161\u012bnai un ekspluat\u0101cijas vajadz\u012bb\u0101m.<\/p>\n<p>Rezum\u0113jot, augstas kvalit\u0101tes rot\u0113jo\u0161\u0101s z\u0101les p\u013c\u0101v\u0113ja p\u0101rnesumk\u0101rba ir b\u016btiska, lai nodro\u0161in\u0101tu efekt\u012bvu darb\u012bbu, samazin\u0101tu nodilumu un pagarin\u0101tu p\u013c\u0101v\u0113ja kalpo\u0161anas laiku. Ar t\u0101d\u0101m funkcij\u0101m k\u0101 iztur\u012bgs korpuss, efekt\u012bvi gult\u0146i, aizsargbl\u012bves, regul\u0113jami zobrati un saj\u016bga meh\u0101nismi, \u0161\u012bs p\u0101rnesumk\u0101rbas veicina rot\u0113jo\u0161o z\u0101les p\u013c\u0101v\u0113ju vienm\u0113r\u012bgu un uzticamu darb\u012bbu da\u017e\u0101d\u0101s vid\u0113s.<\/p>\n<p><img loading=\"lazy\" decoding=\"async\" class=\"alignnone size-full wp-image-1940\" src=\"https:\/\/fmp-components.com\/wp-content\/uploads\/2024\/12\/Rotary-Mower-Gearbox23.webp\" alt=\"Rot\u0101cijas z\u0101les p\u013c\u0101v\u0113ja \u0101trumk\u0101rba\" width=\"1000\" height=\"1000\" title=\"\" srcset=\"https:\/\/fmp-components.com\/wp-content\/uploads\/2024\/12\/Rotary-Mower-Gearbox23.webp 1000w, https:\/\/fmp-components.com\/wp-content\/uploads\/2024\/12\/Rotary-Mower-Gearbox23-980x980.webp 980w, https:\/\/fmp-components.com\/wp-content\/uploads\/2024\/12\/Rotary-Mower-Gearbox23-480x480.webp 480w\" sizes=\"(min-width: 0px) and (max-width: 480px) 480px, (min-width: 481px) and (max-width: 980px) 980px, (min-width: 981px) 1000px, 100vw\" \/><\/p>\n<h3>PTO v\u0101rpstas p\u0101rdo\u0161anai<\/h3>\n<p>FMP pied\u0101v\u0101 pla\u0161u augstas kvalit\u0101tes j\u016bgv\u0101rpstu (PTO) izv\u0113li, kas \u012bpa\u0161i paredz\u0113tas lieto\u0161anai ar lauksaimniec\u012bbas p\u0101rnesumk\u0101rb\u0101m, tostarp rot\u0101cijas p\u013caujma\u0161\u012bnu p\u0101rnesumk\u0101rb\u0101m. J\u016bgv\u0101rpstai ir b\u016btiska loma meh\u0101nisk\u0101s jaudas p\u0101rnes\u0113 no traktora dzin\u0113ja uz lauksaimniec\u012bbas tehniku. T\u0101 darbojas ar \u0101trumu no 540 l\u012bdz 1000 apgr.\/min atkar\u012bb\u0101 no konkr\u0113t\u0101s pielietojuma pras\u012bb\u0101m.<\/p>\n<p>M\u016bsu kard\u0101nv\u0101rpstas ir konstru\u0113tas, \u0146emot v\u0113r\u0101 iztur\u012bbu un efektivit\u0101ti, t\u0101m ir iztur\u012bga konstrukcija un savienot\u0101ji abos galos, lai neman\u0101mi savienotos ar p\u0101rnesumk\u0101rbu. \u0160\u012bs v\u0101rpstas ir pieejamas ar da\u017e\u0101du griezes momenta v\u0113rt\u012bbu, \u013caujot jums izv\u0113l\u0113ties pareizo variantu, pamatojoties uz j\u016bsu ma\u0161\u012bnas jaudas vajadz\u012bb\u0101m. Neatkar\u012bgi no t\u0101, vai str\u0101d\u0101jat ar vieglu vai smago apr\u012bkojumu, m\u0113s pied\u0101v\u0101jam kard\u0101nv\u0101rpstas, kas piel\u0101gotas optim\u0101lai veiktsp\u0113jai.<\/p>\n<p>Papildus m\u016bsu pla\u0161ajam standarta kard\u0101nv\u0101rpstu kl\u0101stam FMP pied\u0101v\u0101 ar\u012b piel\u0101gotus risin\u0101jumus, lai apmierin\u0101tu j\u016bsu tehnikas \u012bpa\u0161\u0101s pras\u012bbas. Neatkar\u012bgi no t\u0101, vai jums ir nepiecie\u0161amas garuma, griezes momenta vai citu specifik\u0101ciju korekcijas, m\u0113s varam projekt\u0113t un izgatavot kard\u0101nv\u0101rpstas atbilsto\u0161i j\u016bsu prec\u012bzaj\u0101m vajadz\u012bb\u0101m.<\/p>\n<p>Ja mekl\u0113jat augstas veiktsp\u0113jas kard\u0101nv\u0101rpstas, kas nodro\u0161ina vienm\u0113r\u012bgu jaudas p\u0101rnesi un ilgsto\u0161u darb\u012bbu, nevilcinieties sazin\u0101ties ar mums jau \u0161odien, lai ieg\u016btu vair\u0101k inform\u0101cijas vai apspriestu savas piel\u0101got\u0101s kard\u0101nv\u0101rpstas pras\u012bbas!<\/p>\n<p><img loading=\"lazy\" decoding=\"async\" class=\"alignnone wp-image-1941\" src=\"https:\/\/fmp-components.com\/wp-content\/uploads\/2024\/12\/rotary-mower-gearbox-and-pto-drive-shaft.webp\" alt=\"Rot\u0101cijas z\u0101les p\u013c\u0101v\u0113ja \u0101trumk\u0101rba\" width=\"873\" height=\"641\" title=\"\" srcset=\"https:\/\/fmp-components.com\/wp-content\/uploads\/2024\/12\/rotary-mower-gearbox-and-pto-drive-shaft.webp 873w, https:\/\/fmp-components.com\/wp-content\/uploads\/2024\/12\/rotary-mower-gearbox-and-pto-drive-shaft-480x353.webp 480w\" sizes=\"(min-width: 0px) and (max-width: 480px) 480px, (min-width: 481px) 873px, 100vw\" \/><\/p>\n<h3>Par FMP<\/h3>\n<p>FMP, kas atrodas It\u0101lij\u0101, ir cien\u012bjams l\u012bderis p\u0101rnesumk\u0101rbu, reduktoru un in\u017eeniertehnisko iek\u0101rtu p\u0113tniec\u012bb\u0101, izstr\u0101d\u0113 un ra\u017eo\u0161an\u0101. FMP, kas ir paz\u012bstams ar savu uzman\u012bbu inov\u0101cij\u0101m, kvalit\u0101ti un talantu att\u012bst\u012bbu, ir k\u013cuvis par iev\u0113rojamu sp\u0113l\u0113t\u0101ju ma\u0161\u012bnb\u016bves nozar\u0113. Uz\u0146\u0113mums ir ieguvis gan viet\u0113jo, gan starptautisku atzin\u012bbu par savu ap\u0146em\u0161anos nep\u0101rtraukti uzlaboties un sasniegt izcil\u012bbu, padarot to par uzticamu partneri pla\u0161\u0101 nozaru kl\u0101st\u0101.<\/p>\n<p>FMP pied\u0101v\u0101 pla\u0161u augstas veiktsp\u0113jas produktu kl\u0101stu, tostarp spir\u0101lveida konusveida p\u0101rnesumk\u0101rbas, cilindrisk\u0101s p\u0101rnesumk\u0101rbas, t\u0101rpu p\u0101rnesumk\u0101rbas, cilindrisk\u0101s p\u0101rnesumk\u0101rbas un augstspiediena lie\u0161anas v\u0101rstu korpusus un korpusus. \u0160ie produkti ir prec\u012bzi izstr\u0101d\u0101ti, lai apmierin\u0101tu da\u017e\u0101du pielietojumu unik\u0101l\u0101s vajadz\u012bbas. Neatkar\u012bgi no t\u0101, vai t\u0101s ir paredz\u0113tas lieljaudas r\u016bpnieciskaj\u0101m ma\u0161\u012bn\u0101m vai specializ\u0113tai lauksaimniec\u012bbas tehnikai, FMP p\u0101rnesumk\u0101rbas nodro\u0161ina uzticamu veiktsp\u0113ju un iztur\u012bbu.<\/p>\n<p>Uz\u0146\u0113muma p\u0101rnesumk\u0101rbas un komponenti tiek pla\u0161i izmantoti da\u017e\u0101d\u0101s nozar\u0113s, aptverot lauksaimniec\u012bbu, naftas ieguvi, ku\u0123u sist\u0113mas un hidrotehniku. Lauksaimniec\u012bb\u0101 FMP produkti darbina t\u0101das svar\u012bgas ma\u0161\u012bnas k\u0101 rot\u0113jo\u0161\u0101s z\u0101les p\u013c\u0101v\u0113jas, sniega t\u012br\u012bt\u0101jas, m\u0113slojuma izklied\u0113t\u0101ji un graudu konveijeri. \u0160\u012b daudzpus\u012bba demonstr\u0113 FMP sp\u0113ju apkalpot da\u017e\u0101das nozares ar augstas kvalit\u0101tes risin\u0101jumiem, kas uzlabo efektivit\u0101ti un produktivit\u0101ti.<\/p>\n<p>FMP ap\u0146em\u0161an\u0101s nodro\u0161in\u0101t progres\u012bvu ra\u017eo\u0161anas izcil\u012bbu atspogu\u013cojas t\u0101 stingrajos ra\u017eo\u0161anas procesos. S\u0101kot no s\u0101kotn\u0113j\u0101 projekt\u0113\u0161anas posma l\u012bdz gal\u012bgajai mont\u0101\u017eai, katrs produkts tiek izgatavots atbilsto\u0161i augst\u0101kajiem kvalit\u0101tes standartiem. Uz\u0146\u0113mums izmanto tikai augstas kvalit\u0101tes materi\u0101lus, piem\u0113ram, \u010dugunu un alum\u012bnija sakaus\u0113jumus, nodro\u0161inot iztur\u012bbu un optim\u0101lu veiktsp\u0113ju. Katras deta\u013cas prec\u012bzai izgatavo\u0161anai tiek izmantotas prec\u012bzas apstr\u0101des metodes, tostarp virpo\u0161ana un fr\u0113z\u0113\u0161ana. FMP kvalit\u0101tes kontroles procesi nodro\u0161ina, ka katrs produkts darbojas uzticami, piev\u0113r\u0161ot uzman\u012bbu izl\u012bdzin\u0101\u0161anai, e\u013c\u013co\u0161anai un ilgtermi\u0146a nodilumiztur\u012bbai.<\/p>\n<p>K\u0101 uz\u0146\u0113mums, kas augstu v\u0113rt\u0113 klientu apmierin\u0101t\u012bbu un inov\u0101cijas, FMP turpina stiprin\u0101t savu sp\u0113c\u012bgo reput\u0101ciju augstas veiktsp\u0113jas produktu pieg\u0101d\u0101\u0161an\u0101. Uz\u0146\u0113mums ir atv\u0113rts glob\u0101l\u0101m partner\u012bb\u0101m un sadarb\u012bbai, pied\u0101v\u0101jot piel\u0101gotus risin\u0101jumus, lai apmierin\u0101tu \u012bpa\u0161as klientu vajadz\u012bbas. Lai ieg\u016btu pla\u0161\u0101ku inform\u0101ciju vai apspriestu potenci\u0101lo sadarb\u012bbu, klienti var viegli sazin\u0101ties ar FMP pa t\u0101lruni vai e-pastu, t\u0101d\u0113j\u0101di pastiprinot uz\u0146\u0113muma ap\u0146em\u0161anos sniegt izcilu servisu un augstas kvalit\u0101tes risin\u0101jumus.<\/p>\n<p><img loading=\"lazy\" decoding=\"async\" class=\"alignnone size-full wp-image-1861\" src=\"https:\/\/fmp-components.com\/wp-content\/uploads\/2024\/12\/Other-Agricultural-Gearboxes.webp\" alt=\"Citas lauksaimniec\u012bbas tehnikas p\u0101rnesumk\u0101rbas\" width=\"1200\" height=\"1400\" title=\"\" srcset=\"https:\/\/fmp-components.com\/wp-content\/uploads\/2024\/12\/Other-Agricultural-Gearboxes.webp 1200w, https:\/\/fmp-components.com\/wp-content\/uploads\/2024\/12\/Other-Agricultural-Gearboxes-980x1143.webp 980w, https:\/\/fmp-components.com\/wp-content\/uploads\/2024\/12\/Other-Agricultural-Gearboxes-480x560.webp 480w\" sizes=\"(min-width: 0px) and (max-width: 480px) 480px, (min-width: 481px) and (max-width: 980px) 980px, (min-width: 981px) 1200px, 100vw\" \/><\/p>\n<p>Autors: CX<\/p>","protected":false},"excerpt":{"rendered":"<p>Rotary Mower Gearbox TF-26A\u00a0Specifications i N1[rpm] P1[kW] M2[Nm] Shaft Type Input X Y Z 1.84 540 66.0 615 1&#8221; 3\/8 Z6 1&#8221; 3\/8 Z6 Hub connection Y 1.47 540 66.0 770 1&#8221; 3\/8 Z6 1&#8221; 3\/8 Z6 Hub connection Y Features of Rotary Mower Gearbox The gearbox is a vital component of a rotary mower, [&hellip;]<\/p>","protected":false},"featured_media":1942,"comment_status":"open","ping_status":"closed","template":"","meta":{"_et_pb_use_builder":"","_et_pb_old_content":"","_et_gb_content_width":""},"product_brand":[],"product_cat":[51],"product_tag":[],"class_list":{"0":"post-1938","1":"product","2":"type-product","3":"status-publish","4":"has-post-thumbnail","6":"product_cat-rotary-mower-gearbox","8":"first","9":"instock","10":"shipping-taxable","11":"product-type-simple"},"_links":{"self":[{"href":"https:\/\/fmp-components.com\/lv\/wp-json\/wp\/v2\/product\/1938","targetHints":{"allow":["GET"]}}],"collection":[{"href":"https:\/\/fmp-components.com\/lv\/wp-json\/wp\/v2\/product"}],"about":[{"href":"https:\/\/fmp-components.com\/lv\/wp-json\/wp\/v2\/types\/product"}],"replies":[{"embeddable":true,"href":"https:\/\/fmp-components.com\/lv\/wp-json\/wp\/v2\/comments?post=1938"}],"wp:featuredmedia":[{"embeddable":true,"href":"https:\/\/fmp-components.com\/lv\/wp-json\/wp\/v2\/media\/1942"}],"wp:attachment":[{"href":"https:\/\/fmp-components.com\/lv\/wp-json\/wp\/v2\/media?parent=1938"}],"wp:term":[{"taxonomy":"product_brand","embeddable":true,"href":"https:\/\/fmp-components.com\/lv\/wp-json\/wp\/v2\/product_brand?post=1938"},{"taxonomy":"product_cat","embeddable":true,"href":"https:\/\/fmp-components.com\/lv\/wp-json\/wp\/v2\/product_cat?post=1938"},{"taxonomy":"product_tag","embeddable":true,"href":"https:\/\/fmp-components.com\/lv\/wp-json\/wp\/v2\/product_tag?post=1938"}],"curies":[{"name":"wp","href":"https:\/\/api.w.org\/{rel}","templated":true}]}}