{"id":1930,"date":"2024-12-26T01:36:50","date_gmt":"2024-12-26T01:36:50","guid":{"rendered":"https:\/\/fmp-components.com\/?page_id=8"},"modified":"2024-12-26T01:43:53","modified_gmt":"2024-12-26T01:43:53","slug":"rotary-mower-gearbox-replacement-of-comer-code-lf-125j","status":"publish","type":"product","link":"https:\/\/fmp-components.com\/lv\/product\/rotary-mower-gearbox-replacement-of-comer-code-lf-125j\/","title":{"rendered":"Rot\u0113jo\u0161\u0101 z\u0101les p\u013c\u0101v\u0113ja p\u0101rnesumk\u0101rba \u2014 Comer koda LF-125J nomai\u0146a"},"content":{"rendered":"<p><img loading=\"lazy\" decoding=\"async\" class=\"size-full wp-image-1934 aligncenter\" src=\"https:\/\/fmp-components.com\/wp-content\/uploads\/2024\/12\/rotary-mower-gearbox-lf125j.webp\" alt=\"rot\u0113jo\u0161\u0101s z\u0101les p\u013c\u0101v\u0113ja p\u0101rnesumk\u0101rba lf125j\" width=\"300\" height=\"300\" title=\"\" srcset=\"https:\/\/fmp-components.com\/wp-content\/uploads\/2024\/12\/rotary-mower-gearbox-lf125j.webp 300w, https:\/\/fmp-components.com\/wp-content\/uploads\/2024\/12\/rotary-mower-gearbox-lf125j-150x150.webp 150w, https:\/\/fmp-components.com\/wp-content\/uploads\/2024\/12\/rotary-mower-gearbox-lf125j-12x12.webp 12w, https:\/\/fmp-components.com\/wp-content\/uploads\/2024\/12\/rotary-mower-gearbox-lf125j-100x100.webp 100w\" sizes=\"(max-width: 300px) 100vw, 300px\" \/><\/p>\n<h2>Rot\u0113jo\u0161\u0101 p\u013caujma\u0161\u012bnas p\u0101rnesumk\u0101rbas LF-125J specifik\u0101cijas<\/h2>\n<p><img loading=\"lazy\" decoding=\"async\" class=\"alignnone size-full wp-image-1933\" src=\"https:\/\/fmp-components.com\/wp-content\/uploads\/2024\/12\/rotary-mower-gearbox-specifications-lf125j.webp\" alt=\"Rot\u0113jo\u0161\u0101s z\u0101les p\u013c\u0101v\u0113ja p\u0101rnesumk\u0101rbas specifik\u0101cijas lf125j\" width=\"963\" height=\"505\" title=\"\" srcset=\"https:\/\/fmp-components.com\/wp-content\/uploads\/2024\/12\/rotary-mower-gearbox-specifications-lf125j.webp 963w, https:\/\/fmp-components.com\/wp-content\/uploads\/2024\/12\/rotary-mower-gearbox-specifications-lf125j-480x252.webp 480w\" sizes=\"(min-width: 0px) and (max-width: 480px) 480px, (min-width: 481px) 963px, 100vw\" \/><\/p>\n<table style=\"width: 100%;\" border=\"1\" width=\"100%\" cellspacing=\"0\" cellpadding=\"0\">\n<tbody>\n<tr>\n<td rowspan=\"2\"><strong>es<\/strong><\/td>\n<td rowspan=\"2\"><strong>N<sub>1<\/sub>[apgr.\/min]<\/strong><\/td>\n<td rowspan=\"2\"><strong>P<sub>1<\/sub>[kW]<\/strong><\/td>\n<td rowspan=\"2\"><strong>M<sub>2<\/sub>[Nm]<\/strong><\/td>\n<td colspan=\"2\"><strong>V\u0101rpstas tips<\/strong><\/td>\n<td rowspan=\"2\"><strong>Ievade<\/strong><\/td>\n<\/tr>\n<tr>\n<td><strong>X<\/strong><\/td>\n<td><strong>Z<\/strong><\/td>\n<\/tr>\n<tr>\n<td>1.77<\/td>\n<td>540<\/td>\n<td>93.0<\/td>\n<td>901<\/td>\n<td>1\u201d 3\/4 Z20<\/td>\n<td>Rumbas savienojums<\/td>\n<td>X<\/td>\n<\/tr>\n<tr>\n<td>1.00<\/td>\n<td>1000<\/td>\n<td>93.0<\/td>\n<td>861<\/td>\n<td>1\u201d 3\/4 Z20<\/td>\n<td>Rumbas savienojums<\/td>\n<td>X<\/td>\n<\/tr>\n<\/tbody>\n<\/table>\n<article class=\"w-full scroll-mb-[var(--thread-trailing-height,150px)] text-token-text-primary focus-visible:outline-2 focus-visible:outline-offset-[-4px]\" dir=\"auto\" data-testid=\"conversation-turn-72\" data-scroll-anchor=\"false\">\n<div class=\"m-auto text-base py-[18px] px-3 md:px-4 w-full md:px-5 lg:px-4 xl:px-5\">\n<div class=\"mx-auto flex flex-1 gap-4 text-base md:gap-5 lg:gap-6 md:max-w-3xl lg:max-w-[40rem] xl:max-w-[48rem]\">\n<div class=\"group\/conversation-turn relative flex w-full min-w-0 flex-col\">\n<div class=\"flex-col gap-1 md:gap-3\">\n<div class=\"flex max-w-full flex-col flex-grow\">\n<div class=\"min-h-8 text-message flex w-full flex-col items-end gap-2 whitespace-normal break-words text-start [.text-message+&amp;]:mt-5\" dir=\"auto\" data-message-author-role=\"user\" data-message-id=\"aaa204bc-fa4c-4e19-9198-f71b801ccd6f\">\n<div class=\"flex w-full flex-col gap-1 empty:hidden items-end rtl:items-start\">\n<div class=\"relative max-w-[var(--user-chat-width,70%)] rounded-3xl bg-token-message-surface px-5 py-2.5\">\n<h3 class=\"whitespace-pre-wrap\">Rot\u0113jo\u0161\u0101s z\u0101les p\u013c\u0101v\u0113ja p\u0101rnesumk\u0101rbas \u012bpa\u0161\u012bbas<\/h3>\n<div class=\"absolute bottom-0 right-full top-0 -mr-3.5 hidden pr-5 pt-1 [.group\\\/conversation-turn:hover_&amp;]:block\">Rot\u0113jo\u0161\u0101s z\u0101les p\u013c\u0101v\u0113ju p\u0101rnesumk\u0101rbas ir svar\u012bgas sast\u0101vda\u013cas z\u0101liena kop\u0161anas un lauksaimniec\u012bbas tehnik\u0101, un t\u0101m ir galven\u0101 loma jaudas p\u0101rnes\u0113 no traktora uz p\u013c\u0101v\u0113ja asme\u0146iem. \u0160\u012bs p\u0101rnesumk\u0101rbas ir paredz\u0113tas, lai tiktu gal\u0101 ar sare\u017e\u0123\u012btiem p\u013cau\u0161anas apst\u0101k\u013ciem, nodro\u0161inot efektivit\u0101ti un iztur\u012bbu. \u0160eit ir da\u017eas rot\u0113jo\u0161\u0101s z\u0101les p\u013c\u0101v\u0113ju p\u0101rnesumk\u0101rbas galven\u0101s iez\u012bmes:<\/div>\n<\/div>\n<\/div>\n<\/div>\n<\/div>\n<\/div>\n<\/div>\n<\/div>\n<\/div>\n<\/article>\n<ol>\n<li><strong>Jaudas p\u0101rvade<\/strong><br \/>\nRot\u0113jo\u0161\u0101s z\u0101les p\u013c\u0101v\u0113ja p\u0101rnesumk\u0101rbas galven\u0101 funkcija ir p\u0101rs\u016bt\u012bt jaudu no traktora j\u016bgv\u0101rpstas uz p\u013c\u0101v\u0113ja asme\u0146iem. P\u0101rnesumk\u0101rba p\u0101rveido traktora dzin\u0113ja jaudu nepiecie\u0161amaj\u0101 griezes moment\u0101 un \u0101trum\u0101, kas nepiecie\u0161ams, lai asme\u0146i efekt\u012bvi nop\u013cautu z\u0101li un ve\u0123et\u0101ciju.<\/li>\n<li><strong>Iztur\u012bga konstrukcija<\/strong><br \/>\nRot\u0113jo\u0161o z\u0101les p\u013c\u0101v\u0113ju p\u0101rnesumk\u0101rbas ir izgatavotas no augstas iztur\u012bbas materi\u0101liem, piem\u0113ram, \u010duguna vai alum\u012bnija sakaus\u0113jumiem, lai iztur\u0113tu lielas slodzes un skarbus ekspluat\u0101cijas apst\u0101k\u013cus. Korpuss parasti ir iztur\u012bgs un pastiprin\u0101ts, lai aizsarg\u0101tu iek\u0161\u0113j\u0101s deta\u013cas no boj\u0101jumiem ekspluat\u0101cijas laik\u0101 sare\u017e\u0123\u012btos apst\u0101k\u013cos.<\/li>\n<li><strong>R\u016bd\u012bti zobrati<\/strong><br \/>\nRot\u0113jo\u0161\u0101s z\u0101les p\u013c\u0101v\u0113ja p\u0101rnesumk\u0101rbas zobrati bie\u017ei tiek termiski apstr\u0101d\u0101ti un r\u016bd\u012bti, lai uzlabotu to iztur\u012bbu un nodilumiztur\u012bbu. \u0160ie zobrati nodro\u0161ina vienm\u0113r\u012bgu jaudas p\u0101rnesi un var tikt gal\u0101 ar lielo griezes momentu, kas nepiecie\u0161ams, lai p\u013c\u0101v\u0113ja asme\u0146i darbotos cauri biezai z\u0101lei, nez\u0101l\u0113m un citai cietai ve\u0123et\u0101cijai.<\/li>\n<li><strong>Nosl\u0113gts e\u013c\u013co\u0161anai<\/strong><br \/>\nRot\u0113jo\u0161o z\u0101les p\u013c\u0101v\u0113ju p\u0101rnesumk\u0101rbas ir apr\u012bkotas ar e\u013c\u013cas bl\u012bv\u0113m, kas nov\u0113r\u0161 sm\u0113rvielas nopl\u016bdi, vienlaikus ne\u013caujot net\u012brumiem, \u016bdenim un gru\u017eiem iek\u013c\u016bt p\u0101rnesumk\u0101rb\u0101. Pareiza e\u013c\u013co\u0161ana ir b\u016btiska, lai samazin\u0101tu berzi, nov\u0113rstu p\u0101rkar\u0161anu un pagarin\u0101tu p\u0101rnesumk\u0101rbas kalpo\u0161anas laiku.<\/li>\n<li><strong>Kompakts dizains<\/strong><br \/>\n\u0160\u012bs p\u0101rnesumk\u0101rbas parasti ir kompaktas un konstru\u0113tas t\u0101, lai b\u016btu vieglas, t\u0101p\u0113c t\u0101s ir viegli uzst\u0101d\u012bt un uztur\u0113t. To telpu taupo\u0161ais dizains nodro\u0161ina optim\u0101lu jaudas p\u0101rnesi, vienlaikus saglab\u0101jot kop\u0113jo sist\u0113mas svaru p\u0101rvald\u0101mu.<\/li>\n<li><strong>Regul\u0113jams \u0101trums un griezes moments<\/strong><br \/>\nDaudz\u0101m rot\u0101cijas z\u0101les p\u013c\u0101v\u0113ju p\u0101rnesumk\u0101rb\u0101m ir iesp\u0113ja regul\u0113t p\u013c\u0101v\u0113ja asme\u0146u \u0101trumu un griezes momentu. \u0160\u012b elast\u012bba \u013cauj operatoriem prec\u012bzi noregul\u0113t p\u013c\u0101v\u0113ja veiktsp\u0113ju atbilsto\u0161i \u012bpa\u0161aj\u0101m p\u013cau\u0161anas pras\u012bb\u0101m neatkar\u012bgi no t\u0101, vai t\u0101 ir z\u0101le, kr\u016bmi vai sare\u017e\u0123\u012bt\u0101ka ve\u0123et\u0101cija.<\/li>\n<\/ol>\n<p>\u0160\u012bs \u012bpa\u0161\u012bbas kop\u0101 padara rot\u0113jo\u0161\u0101s z\u0101les p\u013c\u0101v\u0113ja p\u0101rnesumk\u0101rbu par b\u016btisku iek\u0101rtas da\u013cu, kas nodro\u0161ina uzticamu, efekt\u012bvu un dro\u0161u p\u013cau\u0161anas veiktsp\u0113ju, \u012bpa\u0161i pras\u012bgos lauksaimniec\u012bbas un ainavu veido\u0161anas darbos.<\/p>\n<p><img loading=\"lazy\" decoding=\"async\" class=\"alignnone size-full wp-image-1936\" src=\"https:\/\/fmp-components.com\/wp-content\/uploads\/2024\/12\/rotary-mower-gearbox-lf125j-21.webp\" alt=\"rot\u0113jo\u0161\u0101s z\u0101les p\u013c\u0101v\u0113ja p\u0101rnesumk\u0101rba lf125j\" width=\"900\" height=\"307\" title=\"\" srcset=\"https:\/\/fmp-components.com\/wp-content\/uploads\/2024\/12\/rotary-mower-gearbox-lf125j-21.webp 900w, https:\/\/fmp-components.com\/wp-content\/uploads\/2024\/12\/rotary-mower-gearbox-lf125j-21-480x164.webp 480w\" sizes=\"(min-width: 0px) and (max-width: 480px) 480px, (min-width: 481px) 900px, 100vw\" \/><\/p>\n<h3>Pto\u0161as \u200b\u200bv\u0101rpstas rot\u0101cijas z\u0101les p\u013c\u0101v\u0113ja reduktoram<\/h3>\n<p>J\u016bgv\u0101rpstas (j\u016bgv\u0101rpstas) ir b\u016btiskas jaudas p\u0101rne\u0161anai no traktora dzin\u0113ja uz rot\u0113jo\u0161\u0101s p\u013caujma\u0161\u012bnas p\u0101rnesumk\u0101rbu, nodro\u0161inot p\u013caujma\u0161\u012bnas asme\u0146u darb\u012bbu. \u0160eit ir galvenie faktori, kas j\u0101\u0146em v\u0113r\u0101, izv\u0113loties un lietojot j\u016bgv\u0101rpstu rot\u0113jo\u0161\u0101s p\u013caujma\u0161\u012bnas p\u0101rnesumk\u0101rbai:<\/p>\n<p><strong>1. Garums:<\/strong><br \/>\nKard\u0101nv\u0101rpstas garums ir iz\u0161\u0137iro\u0161s apsv\u0113rums, izv\u0113loties pareizo v\u0101rpstu rot\u0113jo\u0161ajai z\u0101les p\u013c\u0101v\u0113jai. Tam ir j\u0101atbilst att\u0101lumam starp traktora j\u016bgv\u0101rpstas izeju un z\u0101les p\u013c\u0101v\u0113ja p\u0101rnesumk\u0101rbas ieejas v\u0101rpstu. Ja j\u016bgv\u0101rpsta ir p\u0101r\u0101k gara vai \u012bsa, tas var izrais\u012bt neefektivit\u0101ti jaudas p\u0101rnes\u0113 vai saboj\u0101t deta\u013cas. P\u0101rliecinieties, ka tiek veikti prec\u012bzi m\u0113r\u012bjumi, lai izv\u0113l\u0113tos pareizo garumu.<\/p>\n<p><strong>2. Ietilp\u012bba:<\/strong><br \/>\nJ\u016bgv\u0101rpst\u0101m ir da\u017e\u0101da jauda, \u200b\u200bparasti nor\u0101d\u012bta zirgsp\u0113kos (ZS). Ir svar\u012bgi izv\u0113l\u0113ties j\u016bgv\u0101rpstu, kas atbilst rot\u0113jo\u0161\u0101s p\u013caujma\u0161\u012bnas p\u0101rnesumk\u0101rbas nepiecie\u0161amajai jaudai un griezes momentam. Jaudai ir j\u0101atbilst traktora dzin\u0113ja jaudai un p\u013caujma\u0161\u012bnas p\u0101rnesumk\u0101rbas specifik\u0101cij\u0101m. Izv\u0113loties j\u016bgv\u0101rpstu ar nepietiekamu jaudu, var rasties p\u0101rm\u0113r\u012bgs nodilums, meh\u0101niski boj\u0101jumi vai apr\u012bkojuma boj\u0101jumi.<\/p>\n<p><strong>3. Dro\u0161\u012bba:<\/strong><br \/>\nStr\u0101d\u0101jot ar j\u016bgv\u0101rpst\u0101m, dro\u0161\u012bbai vienm\u0113r j\u0101b\u016bt priorit\u0101tei. Pirms jebk\u0101das rot\u0113jo\u0161\u0101s z\u0101les p\u013c\u0101v\u0113ja vai p\u0101rnesumk\u0101rbas apkopes, remonta vai regul\u0113\u0161anas p\u0101rliecinieties, vai traktors ir izsl\u0113gts un j\u016bgv\u0101rpsta ir atvienota. J\u016bgv\u0101rpstas grie\u017eas liel\u0101 \u0101trum\u0101 un, ja ar t\u0101m r\u012bkojas nepareizi, var izrais\u012bt nopietnus savainojumus. Vienm\u0113r iev\u0113rojiet dro\u0161\u012bbas protokolus un izmantojiet atbilsto\u0161u aizsargapr\u012bkojumu, lai samazin\u0101tu risku.<\/p>\n<p><strong>4. Kvalit\u0101te:<\/strong><br \/>\nKard\u0101nv\u0101rpstas kvalit\u0101te tie\u0161i ietekm\u0113 t\u0101s veiktsp\u0113ju un iztur\u012bbu. Augstas kvalit\u0101tes kard\u0101nv\u0101rpsta ir izgatavota, izmantojot iztur\u012bgus materi\u0101lus, piem\u0113ram, augstas stipr\u012bbas t\u0113raudu, lai iztur\u0113tu nodilumu, koroziju un regul\u0101ru meh\u0101nisko slodzi. Izv\u0113loties kard\u0101nv\u0101rpstu, p\u0101rliecinieties, ka t\u0101 ir prec\u012bzi konstru\u0113ta, lai nodro\u0161in\u0101tu ilgsto\u0161u un uzticamu veiktsp\u0113ju sare\u017e\u0123\u012btos lauksaimniec\u012bbas apst\u0101k\u013cos.<\/p>\n<p><strong>5. Sader\u012bba:<\/strong><br \/>\nIr svar\u012bgi nodro\u0161in\u0101t, lai j\u016bgv\u0101rpsta b\u016btu piln\u012bb\u0101 sader\u012bga gan ar traktoru, gan rot\u0113jo\u0161\u0101s z\u0101les p\u013c\u0101v\u0113ja p\u0101rnesumk\u0101rbu. Savietojam\u012bba ietver rievu izm\u0113ra, rievu skaita un savienojuma veida p\u0101rbaudi abos v\u0101rpstas galos. Neatbilsto\u0161as \u200b\u200bj\u016bgv\u0101rpstas izmanto\u0161ana var izrais\u012bt neefektivit\u0101ti, darb\u012bbas probl\u0113mas vai gan j\u016bgv\u0101rpstas, gan p\u0101rnesumk\u0101rbas komponentu boj\u0101jumus.<\/p>\n<p><img loading=\"lazy\" decoding=\"async\" class=\"alignnone size-full wp-image-1937\" src=\"https:\/\/fmp-components.com\/wp-content\/uploads\/2024\/12\/rotary-mower-gearbox-and-pto-shaft1.webp\" alt=\"rot\u0113jo\u0161\u0101s z\u0101les p\u013c\u0101v\u0113ja p\u0101rnesumk\u0101rba lf125j\" width=\"800\" height=\"509\" title=\"\" srcset=\"https:\/\/fmp-components.com\/wp-content\/uploads\/2024\/12\/rotary-mower-gearbox-and-pto-shaft1.webp 800w, https:\/\/fmp-components.com\/wp-content\/uploads\/2024\/12\/rotary-mower-gearbox-and-pto-shaft1-480x305.webp 480w\" sizes=\"(min-width: 0px) and (max-width: 480px) 480px, (min-width: 481px) 800px, 100vw\" \/><\/p>\n<h3>Par FMP<\/h3>\n<p>FMP pied\u0101v\u0101 pla\u0161u kard\u0101na v\u0101rpstu kl\u0101stu, kas piem\u0113rotas da\u017e\u0101d\u0101m rot\u0101cijas z\u0101les p\u013c\u0101v\u0113ju p\u0101rnesumk\u0101rb\u0101m. Neatkar\u012bgi no t\u0101, vai jums ir nepiecie\u0161ama standarta kard\u0101na v\u0101rpsta vai piel\u0101gots risin\u0101jums, FMP nodro\u0161ina augstas kvalit\u0101tes produktus, kas nodro\u0161ina uzticamu veiktsp\u0113ju. Lai ieg\u016btu s\u012bk\u0101ku inform\u0101ciju vai veiktu pas\u016bt\u012bjumu, sazinieties ar mums tie\u0161i, lai sa\u0146emtu ekspertu pal\u012bdz\u012bbu.<\/p>\n<p>FMP, kas atrodas It\u0101lij\u0101, ir atz\u012bts l\u012bderis p\u0101rnesumk\u0101rbu, reduktoru un in\u017eeniertehnisko iek\u0101rtu p\u0113tniec\u012bb\u0101, izstr\u0101d\u0113 un ra\u017eo\u0161an\u0101. Uz\u0146\u0113mums ir ieguvis atzin\u012bbu par savu inovat\u012bvo pieeju, augstajiem kvalit\u0101tes standartiem un ap\u0146em\u0161anos att\u012bst\u012bt talantus, pozicion\u0113jot sevi k\u0101 galveno sp\u0113l\u0113t\u0101ju ma\u0161\u012bnb\u016bves nozar\u0113. FMP koncentr\u0113\u0161an\u0101s uz nep\u0101rtrauktu uzlabo\u0161anu un izcil\u012bbu ir veicin\u0101jusi t\u0101 sp\u0113c\u012bgo reput\u0101ciju gan viet\u0113j\u0101, gan starptautisk\u0101 m\u0113rog\u0101.<\/p>\n<p>Uz\u0146\u0113mums pied\u0101v\u0101 pla\u0161u produktu kl\u0101stu, tostarp spir\u0101lveida konusveida p\u0101rnesumk\u0101rbas, cilindrisk\u0101s p\u0101rnesumk\u0101rbas, t\u0101rpu p\u0101rnesumk\u0101rbas, cilindrisk\u0101s p\u0101rnesumk\u0101rbas un augstspiediena lie\u0161anas v\u0101rstu korpusus un korpusus. \u0160ie produkti ir prec\u012bzi konstru\u0113ti, lai nodro\u0161in\u0101tu optim\u0101lu veiktsp\u0113ju un uzticam\u012bbu da\u017e\u0101dos r\u016bpnieciskos pielietojumos. FMP p\u0101rnesumk\u0101rbas un komponenti ir izstr\u0101d\u0101ti, lai apmierin\u0101tu katra klienta \u012bpa\u0161\u0101s pras\u012bbas, nodro\u0161inot efektivit\u0101ti un iztur\u012bbu gan lieljaudas r\u016bpnieciskaj\u0101s oper\u0101cij\u0101s, gan specializ\u0113t\u0101s iek\u0101rt\u0101s.<\/p>\n<p>FMP produkti apkalpo pla\u0161u nozaru spektru. Lauksaimniec\u012bb\u0101 tos izmanto t\u0101d\u0101s iek\u0101rt\u0101s k\u0101 rot\u0113jo\u0161\u0101s z\u0101les p\u013c\u0101v\u0113jas, sniega slauc\u012bt\u0101ji, m\u0113slojuma izklied\u0113t\u0101ji un graudu konveijeri. Turkl\u0101t FMP p\u0101rnesumk\u0101rbas un komponenti atbalsta naftas ieguves, ku\u0123u sist\u0113mu un hidrotehnikas iek\u0101rtas, demonstr\u0113jot to piel\u0101gojam\u012bbu un daudzpus\u012bgo pielietojumu da\u017e\u0101d\u0101s nozar\u0113s.<\/p>\n<p>Uz\u0146\u0113mums lepojas ar sav\u0101m progres\u012bvaj\u0101m ra\u017eo\u0161anas iesp\u0113j\u0101m. Katrs produkts tiek pak\u013cauts r\u016bp\u012bgam ra\u017eo\u0161anas procesam, s\u0101kot ar projekt\u0113\u0161anas f\u0101zi, kur\u0101 katram pielietojumam tiek izstr\u0101d\u0101tas piel\u0101gotas specifik\u0101cijas. Iztur\u012bbai un veiktsp\u0113jai tiek izv\u0113l\u0113ti augstas kvalit\u0101tes materi\u0101li, piem\u0113ram, \u010duguns un alum\u012bnija sakaus\u0113jumi. Prec\u012bzas apstr\u0101des metodes, tostarp virpo\u0161ana un fr\u0113z\u0113\u0161ana, nodro\u0161ina katras deta\u013cas precizit\u0101ti, savuk\u0101rt mont\u0101\u017eas process garant\u0113 pareizu izl\u012bdzin\u0101\u0161anu un e\u013c\u013co\u0161anu. Ir ieviestas stingras kvalit\u0101tes kontroles proced\u016bras, lai nodro\u0161in\u0101tu katra produkta stabilit\u0101ti, uzticam\u012bbu un ilgm\u016b\u017e\u012bbu.<\/p>\n<p>FMP ap\u0146em\u0161an\u0101s nodro\u0161in\u0101t kvalit\u0101ti, inov\u0101cijas un klientu apmierin\u0101t\u012bbu ir nostiprin\u0101jusi t\u0101 poz\u012bciju k\u0101 cien\u012bjamam l\u012bderim ra\u017eo\u0161anas nozar\u0113. Uz\u0146\u0113muma meistar\u012bba un progres\u012bvu tehnolo\u0123iju izmanto\u0161ana nodro\u0161ina ilgsto\u0161u v\u0113rt\u012bbu. FMP vienm\u0113r ir atv\u0113rts glob\u0101l\u0101m partner\u012bb\u0101m un sadarb\u012bbai, pied\u0101v\u0101jot piel\u0101gotus risin\u0101jumus, lai apmierin\u0101tu klientu unik\u0101l\u0101s vajadz\u012bbas vis\u0101 pasaul\u0113. Lai sa\u0146emtu papildu inform\u0101ciju, potenci\u0101lie partneri var viegli sazin\u0101ties pa t\u0101lruni vai e-pastu, atk\u0101rtoti apstiprinot FMP ap\u0146em\u0161anos nodro\u0161in\u0101t izcilu klientu apkalpo\u0161anu un augstas veiktsp\u0113jas produktus.<\/p>\n<p><img loading=\"lazy\" decoding=\"async\" class=\"alignnone size-full wp-image-1861\" src=\"https:\/\/fmp-components.com\/wp-content\/uploads\/2024\/12\/Other-Agricultural-Gearboxes.webp\" alt=\"Citas lauksaimniec\u012bbas tehnikas p\u0101rnesumk\u0101rbas\" width=\"1200\" height=\"1400\" title=\"\" srcset=\"https:\/\/fmp-components.com\/wp-content\/uploads\/2024\/12\/Other-Agricultural-Gearboxes.webp 1200w, https:\/\/fmp-components.com\/wp-content\/uploads\/2024\/12\/Other-Agricultural-Gearboxes-980x1143.webp 980w, https:\/\/fmp-components.com\/wp-content\/uploads\/2024\/12\/Other-Agricultural-Gearboxes-480x560.webp 480w\" sizes=\"(min-width: 0px) and (max-width: 480px) 480px, (min-width: 481px) and (max-width: 980px) 980px, (min-width: 981px) 1200px, 100vw\" \/><\/p>\n<p>Autors: CX<\/p>","protected":false},"excerpt":{"rendered":"<p>Rotary Mower Gearbox LF-125J Specifications i N1[rpm] P1[kW] M2[Nm] Shaft Type Input X Z 1.77 540 93.0 901 1&#8221; 3\/4 Z20 Hub connection X 1.00 1000 93.0 861 1&#8221; 3\/4 Z20 Hub connection X Features of Rotary Mower Gearbox Rotary mower gearboxes are vital components in lawn care and agricultural equipment, playing a key role [&hellip;]<\/p>","protected":false},"featured_media":1934,"comment_status":"open","ping_status":"closed","template":"","meta":{"_et_pb_use_builder":"","_et_pb_old_content":"","_et_gb_content_width":""},"product_brand":[],"product_cat":[51],"product_tag":[],"class_list":{"0":"post-1930","1":"product","2":"type-product","3":"status-publish","4":"has-post-thumbnail","6":"product_cat-rotary-mower-gearbox","8":"first","9":"instock","10":"shipping-taxable","11":"product-type-simple"},"_links":{"self":[{"href":"https:\/\/fmp-components.com\/lv\/wp-json\/wp\/v2\/product\/1930","targetHints":{"allow":["GET"]}}],"collection":[{"href":"https:\/\/fmp-components.com\/lv\/wp-json\/wp\/v2\/product"}],"about":[{"href":"https:\/\/fmp-components.com\/lv\/wp-json\/wp\/v2\/types\/product"}],"replies":[{"embeddable":true,"href":"https:\/\/fmp-components.com\/lv\/wp-json\/wp\/v2\/comments?post=1930"}],"wp:featuredmedia":[{"embeddable":true,"href":"https:\/\/fmp-components.com\/lv\/wp-json\/wp\/v2\/media\/1934"}],"wp:attachment":[{"href":"https:\/\/fmp-components.com\/lv\/wp-json\/wp\/v2\/media?parent=1930"}],"wp:term":[{"taxonomy":"product_brand","embeddable":true,"href":"https:\/\/fmp-components.com\/lv\/wp-json\/wp\/v2\/product_brand?post=1930"},{"taxonomy":"product_cat","embeddable":true,"href":"https:\/\/fmp-components.com\/lv\/wp-json\/wp\/v2\/product_cat?post=1930"},{"taxonomy":"product_tag","embeddable":true,"href":"https:\/\/fmp-components.com\/lv\/wp-json\/wp\/v2\/product_tag?post=1930"}],"curies":[{"name":"wp","href":"https:\/\/api.w.org\/{rel}","templated":true}]}}