{"id":1923,"date":"2024-12-26T01:15:34","date_gmt":"2024-12-26T01:15:34","guid":{"rendered":"https:\/\/fmp-components.com\/?page_id=8"},"modified":"2024-12-26T01:23:05","modified_gmt":"2024-12-26T01:23:05","slug":"rotary-mower-gearbox-replacement-of-comer-code-lf227j","status":"publish","type":"product","link":"https:\/\/fmp-components.com\/lv\/product\/rotary-mower-gearbox-replacement-of-comer-code-lf227j\/","title":{"rendered":"Rot\u0113jo\u0161\u0101 z\u0101les p\u013c\u0101v\u0113ja p\u0101rnesumk\u0101rba \u2014 Comer koda LF227J nomai\u0146a"},"content":{"rendered":"<p><img loading=\"lazy\" decoding=\"async\" class=\"alignnone  wp-image-1931\" src=\"https:\/\/fmp-components.com\/wp-content\/uploads\/2024\/12\/LF-227J-Rotary-Mowers-Gearboxes-3.webp\" alt=\"LF-227J-Rot\u0113jo\u0161o-z\u0101\u013cma\u0161\u012bnu-reduktori\" width=\"902\" height=\"451\" title=\"\"><\/p>\n<h2>Rot\u0113jo\u0161\u0101s z\u0101les p\u013c\u0101v\u0113ja p\u0101rnesumk\u0101rbas LF-227J specifik\u0101cija<\/h2>\n<p><img loading=\"lazy\" decoding=\"async\" class=\"alignnone size-full wp-image-1924\" src=\"https:\/\/fmp-components.com\/wp-content\/uploads\/2024\/12\/LF-227J-Rotary-Mowers-Gearboxes-1.webp\" alt=\"LF-227J-Rot\u0113jo\u0161o-z\u0101\u013cma\u0161\u012bnu-reduktori\" width=\"923\" height=\"734\" title=\"\" srcset=\"https:\/\/fmp-components.com\/wp-content\/uploads\/2024\/12\/LF-227J-Rotary-Mowers-Gearboxes-1.webp 923w, https:\/\/fmp-components.com\/wp-content\/uploads\/2024\/12\/LF-227J-Rotary-Mowers-Gearboxes-1-480x382.webp 480w\" sizes=\"(min-width: 0px) and (max-width: 480px) 480px, (min-width: 481px) 923px, 100vw\" \/><\/p>\n<table border=\"1\" cellspacing=\"0\" cellpadding=\"0\">\n<tbody>\n<tr>\n<td>Produkts<\/td>\n<td>Rot\u0113jo\u0161o z\u0101les p\u013c\u0101v\u0113ju p\u0101rnesumk\u0101rbas \u2014 Comer p\u0101rnesumk\u0101rbas LF-227J nomai\u0146a<\/td>\n<\/tr>\n<tr>\n<td>Pieteikums<\/td>\n<td>Z\u0101les p\u013c\u0101v\u0113ji<\/td>\n<\/tr>\n<tr>\n<td>Tehnisk\u0101 inform\u0101cija<\/td>\n<td>\n<ul>\n<li class=\"kh-16zd49f\">Visas p\u0101rnesumk\u0101rbas tiek pieg\u0101d\u0101tas bez e\u013c\u013cas.<\/li>\n<li class=\"kh-16zd49f\">Vispirms e\u013c\u013cas mai\u0146a p\u0113c 50\u201370 darba stund\u0101m, p\u0113c tam p\u0113c 500\u2013700 darba stund\u0101m vai vismaz reizi gad\u0101.<\/li>\n<\/ul>\n<\/td>\n<\/tr>\n<tr>\n<td>Maks. ieejas jauda<\/td>\n<td>55 kW<\/td>\n<\/tr>\n<tr>\n<td>Satur e\u013c\u013cu<\/td>\n<td>N\u0113<\/td>\n<\/tr>\n<tr>\n<td>Maks. e\u013c\u013cas ietilp\u012bba<\/td>\n<td>0,8 l<\/td>\n<\/tr>\n<tr>\n<td>Maks. e\u013c\u013cas mai\u0146as interv\u0101ls<\/td>\n<td>\n<div class=\"kh-pkx4zo\">500 stundas<\/div>\n<\/td>\n<\/tr>\n<tr>\n<td>E\u013c\u013cas SAE viskozit\u0101tes klase<\/td>\n<td>80W-90<\/td>\n<\/tr>\n<tr>\n<td>Korpusa materi\u0101ls<\/td>\n<td>\n<div class=\"kh-pkx4zo\">\u010cuguns GGG40<\/div>\n<\/td>\n<\/tr>\n<tr>\n<td>Svars<\/td>\n<td>37 kg<\/td>\n<\/tr>\n<tr>\n<td>P\u0101rnesumu izk\u0101rtojums palielin\u0101s<\/td>\n<td>3<\/td>\n<\/tr>\n<tr>\n<td>P\u0101rnesumskaitlis<\/td>\n<td>1: 1.83<\/td>\n<\/tr>\n<tr>\n<td>Ieejas jauda kW \/ ZS Pieaugo\u0161a<\/td>\n<td>55\/75 kW\/ZS<\/td>\n<\/tr>\n<tr>\n<td>Ieejas v\u0101rpsta palielin\u0101s<\/td>\n<td>X<\/td>\n<\/tr>\n<tr>\n<td>Izejas griezes moments DaNm pieaug<\/td>\n<td>51,7 daNm<\/td>\n<\/tr>\n<tr>\n<td>Attiec\u012bbas palielin\u0101\u0161ana<\/td>\n<td>\n<div class=\"kh-pkx4zo\">1: 1.83<\/div>\n<\/td>\n<\/tr>\n<tr>\n<td>Attiec\u012bbas samazin\u0101\u0161ana<\/td>\n<td>\n<div class=\"kh-pkx4zo\">\n<div class=\"kh-pkx4zo\">1.83: 1<\/div>\n<\/div>\n<\/td>\n<\/tr>\n<tr>\n<td>V\u0101rpsta X<\/td>\n<td>\n<div class=\"kh-pkx4zo\">1 3\/8&#8243; (6)<\/div>\n<\/td>\n<\/tr>\n<tr>\n<td>V\u0101rpsta Z<\/td>\n<td>\n<div class=\"kh-pkx4zo\">ASA Z15 DP 8\/16<\/div>\n<\/td>\n<\/tr>\n<\/tbody>\n<\/table>\n<article class=\"w-full scroll-mb-[var(--thread-trailing-height,150px)] text-token-text-primary focus-visible:outline-2 focus-visible:outline-offset-[-4px]\" dir=\"auto\" data-testid=\"conversation-turn-64\" data-scroll-anchor=\"false\">\n<div class=\"m-auto text-base py-[18px] px-3 md:px-4 w-full md:px-5 lg:px-4 xl:px-5\">\n<div class=\"mx-auto flex flex-1 gap-4 text-base md:gap-5 lg:gap-6 md:max-w-3xl lg:max-w-[40rem] xl:max-w-[48rem]\">\n<div class=\"group\/conversation-turn relative flex w-full min-w-0 flex-col\">\n<div class=\"flex-col gap-1 md:gap-3\">\n<div class=\"flex max-w-full flex-col flex-grow\">\n<div class=\"min-h-8 text-message flex w-full flex-col items-end gap-2 whitespace-normal break-words text-start [.text-message+&amp;]:mt-5\" dir=\"auto\" data-message-author-role=\"user\" data-message-id=\"aaa2950e-0cfd-4509-aebd-d9a1f96d58e2\">\n<div class=\"flex w-full flex-col gap-1 empty:hidden items-end rtl:items-start\">\n<div class=\"relative max-w-[var(--user-chat-width,70%)] rounded-3xl bg-token-message-surface px-5 py-2.5\"><\/div>\n<\/div>\n<\/div>\n<\/div>\n<\/div>\n<\/div>\n<\/div>\n<\/div>\n<\/article>\n<article class=\"w-full scroll-mb-[var(--thread-trailing-height,150px)] text-token-text-primary focus-visible:outline-2 focus-visible:outline-offset-[-4px]\" dir=\"auto\" data-testid=\"conversation-turn-65\" data-scroll-anchor=\"true\">\n<div class=\"m-auto text-base py-[18px] px-3 md:px-4 w-full md:px-5 lg:px-4 xl:px-5\">\n<div class=\"mx-auto flex flex-1 gap-4 text-base md:gap-5 lg:gap-6 md:max-w-3xl lg:max-w-[40rem] xl:max-w-[48rem]\">\n<div class=\"flex-shrink-0 flex flex-col relative items-end\">\n<div>\n<div class=\"pt-0\">\n<div class=\"gizmo-bot-avatar flex h-8 w-8 items-center justify-center overflow-hidden rounded-full\">\n<div class=\"relative p-1 rounded-sm flex items-center justify-center bg-token-main-surface-primary text-token-text-primary h-8 w-8\">\n<h2>LF-227J rot\u0113jo\u0161\u0101s z\u0101les p\u013c\u0101v\u0113ja reduktora da\u013cas<\/h2>\n<\/div>\n<\/div>\n<\/div>\n<\/div>\n<\/div>\n<div class=\"group\/conversation-turn relative flex w-full min-w-0 flex-col agent-turn\">\n<div class=\"flex-col gap-1 md:gap-3\">\n<div class=\"flex max-w-full flex-col flex-grow\">\n<div class=\"min-h-8 text-message flex w-full flex-col items-end gap-2 whitespace-normal break-words text-start [.text-message+&amp;]:mt-5\" dir=\"auto\" data-message-author-role=\"assistant\" data-message-id=\"265b0b87-0dc5-4499-8ae3-29eb8c5567e5\" data-message-model-slug=\"gpt-4o\">\n<div class=\"flex w-full flex-col gap-1 empty:hidden first:pt-[3px]\">\n<div class=\"markdown prose w-full break-words dark:prose-invert light\">\n<p>LF-227J rot\u0113jo\u0161\u0101s z\u0101les p\u013c\u0101v\u0113ja p\u0101rnesumk\u0101rba ir izstr\u0101d\u0101ta ar vair\u0101k\u0101m galvenaj\u0101m sast\u0101vda\u013c\u0101m, kas darbojas kop\u0101, lai nodro\u0161in\u0101tu uzticamu un efekt\u012bvu veiktsp\u0113ju. Katrai deta\u013cai ir iz\u0161\u0137iro\u0161a noz\u012bme, lai nodro\u0161in\u0101tu p\u0101rnesumk\u0101rbas vienm\u0113r\u012bgu darb\u012bbu sare\u017e\u0123\u012btos apst\u0101k\u013cos, nodro\u0161inot p\u013c\u0101v\u0113ja asme\u0146iem nepiecie\u0161amo jaudu un griezes momentu optim\u0101lai p\u013cau\u0161anas veiktsp\u0113jai.<\/p>\n<p>P\u0101rnesumk\u0101rbas centr\u0101 ir <strong>ieejas v\u0101rpsta<\/strong>, kas ir atbild\u012bga par jaudas p\u0101rnesi no dzin\u0113ja vai motora uz p\u0101rnesumk\u0101rbu. \u0160\u012b v\u0101rpsta ir tie\u0161i savienota ar traktora j\u016bgv\u0101rpstas (jaudas no\u0146em\u0161anas) sist\u0113mu un kalpo k\u0101 s\u0101kumpunkts jaudas p\u0101rnesei, kas darbina visu p\u013caujma\u0161\u012bnas sist\u0113mu.<\/p>\n<p>The <strong>p\u0101rnesumi<\/strong> LF-227J p\u0101rnesumk\u0101rbas iek\u0161pus\u0113 ir svar\u012bgi, lai p\u0101rveidotu jaudas ieeju atbilsto\u0161\u0101 \u0101trum\u0101 un griezes moment\u0101, kas nepiecie\u0161ams p\u013caujma\u0161\u012bnas asme\u0146u piedzi\u0146ai. P\u0101rnesumk\u0101rba ir apr\u012bkota ar r\u016bd\u012btiem zobratiem, kas ir konstru\u0113ti lielu slod\u017eu iztur\u0113\u0161anai, nodro\u0161inot efekt\u012bvu jaudas p\u0101rvadi pat sare\u017e\u0123\u012btos apst\u0101k\u013cos. \u0160ie zobrati ir prec\u012bzi apstr\u0101d\u0101ti, lai laika gait\u0101 saglab\u0101tu augstu veiktsp\u0113ju un iztur\u012bbu.<\/p>\n<p><strong>Gult\u0146i<\/strong> ir v\u0113l viena svar\u012bga rot\u0113jo\u0161\u0101s z\u0101les p\u013c\u0101v\u0113ja p\u0101rnesumk\u0101rbas sast\u0101vda\u013ca. Tie atbalsta p\u0101rnesumk\u0101rbas rot\u0113jo\u0161\u0101s da\u013cas un samazina berzi starp kust\u012bgaj\u0101m sast\u0101vda\u013c\u0101m. Samazinot berzi, gult\u0146i pal\u012bdz nov\u0113rst p\u0101rm\u0113r\u012bgu nodilumu, palielina p\u0101rnesumk\u0101rbas kalpo\u0161anas laiku un nodro\u0161ina vienm\u0113r\u012bgu un efekt\u012bvu darb\u012bbu.<\/p>\n<p>An <strong>e\u013c\u013cas bl\u012bvsl\u0113gs<\/strong> ir b\u016btiska loma p\u0101rnesumk\u0101rbas integrit\u0101tes uztur\u0113\u0161an\u0101. Tas nov\u0113r\u0161 sm\u0113rvielas nopl\u016bdi un ne\u013cauj net\u012brumiem, gru\u017eiem un mitrumam iek\u013c\u016bt p\u0101rnesumk\u0101rb\u0101. E\u013c\u013cas bl\u012bvsl\u0113gs nodro\u0161ina iek\u0161\u0113jo komponentu pien\u0101c\u012bgu iee\u013c\u013co\u0161anu, kas pal\u012bdz nov\u0113rst boj\u0101jumus un uzlabo p\u0101rnesumk\u0101rbas kop\u0113jo veiktsp\u0113ju.<\/p>\n<p>The <strong>m\u0101joklis<\/strong> LF-227J p\u0101rnesumk\u0101rbas korpuss ir izgatavots no iztur\u012bga \u010duguna, kas nodro\u0161ina kritisku atbalstu un aizsardz\u012bbu iek\u0161\u0113j\u0101m deta\u013c\u0101m. \u0160is iztur\u012bgais korpuss aizsarg\u0101 delik\u0101t\u0101s deta\u013cas no \u0101r\u0113jiem elementiem, piem\u0113ram, putek\u013ciem un \u016bdens, un pal\u012bdz saglab\u0101t p\u0101rnesumk\u0101rbas struktur\u0101lo integrit\u0101ti pat skarbos ekspluat\u0101cijas apst\u0101k\u013cos.<\/p>\n<p>The <strong>izejas v\u0101rpsta<\/strong> ir atbild\u012bgs par jaudas p\u0101rnesi no p\u0101rnesumk\u0101rbas uz p\u013c\u0101v\u0113ja grie\u0161anas asme\u0146iem. Tas p\u0101rveido p\u0101rnesumk\u0101rbas rad\u012bto rot\u0101cijas jaudu liel\u0101 rot\u0101cijas \u0101trum\u0101, kas nepiecie\u0161ams z\u0101les vai citas ve\u0123et\u0101cijas efekt\u012bvai p\u013cau\u0161anai.<\/p>\n<p>Visbeidzot, <strong>e\u013c\u013co\u0161anas sist\u0113ma<\/strong> nodro\u0161ina, ka visas p\u0101rnesumk\u0101rbas iek\u0161\u0113j\u0101s sast\u0101vda\u013cas ir pien\u0101c\u012bgi iee\u013c\u013cotas. \u0160\u012b sist\u0113ma samazina berzi, nov\u0113r\u0161 p\u0101rm\u0113r\u012bgu nodilumu un nodro\u0161ina p\u0101rnesumk\u0101rbas vienm\u0113r\u012bgu darb\u012bbu. Regul\u0101ra e\u013c\u013co\u0161ana un apkope ir b\u016btiska, lai pagarin\u0101tu p\u0101rnesumk\u0101rbas kalpo\u0161anas laiku un uztur\u0113tu t\u0101s efekt\u012bvu darb\u012bbu.<\/p>\n<p>Rezum\u0113jot, LF-227J rot\u0113jo\u0161\u0101s z\u0101les p\u013c\u0101v\u0113ja p\u0101rnesumk\u0101rba ir augsti konstru\u0113ta iek\u0101rta, kur katra deta\u013ca ir r\u016bp\u012bgi izstr\u0101d\u0101ta noteiktas funkcijas veik\u0161anai. Regul\u0101ra apkope, tostarp e\u013c\u013co\u0161anas p\u0101rbaudes, gult\u0146u p\u0101rbaudes un p\u0101rnesumu st\u0101vok\u013ca nov\u0113rt\u0113jumi, ir b\u016btiska, lai p\u0101rnesumk\u0101rba darbotos vislab\u0101kaj\u0101 iesp\u0113jamaj\u0101 veid\u0101 un nodro\u0161in\u0101tu t\u0101s uzticamu darb\u012bbu sare\u017e\u0123\u012btos lauksaimniec\u012bbas darbos.<\/p>\n<\/div>\n<\/div>\n<\/div>\n<\/div>\n<\/div>\n<\/div>\n<\/div>\n<\/div>\n<\/article>\n<table style=\"width: 100%; height: 284px;\" border=\"1\" width=\"100%\" cellspacing=\"0\" cellpadding=\"0\">\n<tbody>\n<tr style=\"height: 284px;\">\n<td style=\"width: 49.784%; height: 284px;\" width=\"110\"><img loading=\"lazy\" decoding=\"async\" class=\"alignnone size-full wp-image-1925\" src=\"https:\/\/fmp-components.com\/wp-content\/uploads\/2024\/12\/Rotary-Mower-Gearbox-LF-227J-2.webp\" alt=\"Rot\u0113jo\u0161\u0101s z\u0101les p\u013c\u0101v\u0113ja p\u0101rnesumk\u0101rba\" width=\"2560\" height=\"1920\" title=\"\" srcset=\"https:\/\/fmp-components.com\/wp-content\/uploads\/2024\/12\/Rotary-Mower-Gearbox-LF-227J-2.webp 2560w, https:\/\/fmp-components.com\/wp-content\/uploads\/2024\/12\/Rotary-Mower-Gearbox-LF-227J-2-1280x960.webp 1280w, https:\/\/fmp-components.com\/wp-content\/uploads\/2024\/12\/Rotary-Mower-Gearbox-LF-227J-2-980x735.webp 980w, https:\/\/fmp-components.com\/wp-content\/uploads\/2024\/12\/Rotary-Mower-Gearbox-LF-227J-2-480x360.webp 480w\" sizes=\"(min-width: 0px) and (max-width: 480px) 480px, (min-width: 481px) and (max-width: 980px) 980px, (min-width: 981px) and (max-width: 1280px) 1280px, (min-width: 1281px) 2560px, 100vw\" \/><\/td>\n<td style=\"width: 50%; height: 284px;\" width=\"98\"><img loading=\"lazy\" decoding=\"async\" class=\"alignnone size-full wp-image-1927\" src=\"https:\/\/fmp-components.com\/wp-content\/uploads\/2024\/12\/Rotary-Mower-Gearbox-LF-227J-1.webp\" alt=\"Rot\u0113jo\u0161\u0101s z\u0101les p\u013c\u0101v\u0113ja p\u0101rnesumk\u0101rba\" width=\"2560\" height=\"1920\" title=\"\" srcset=\"https:\/\/fmp-components.com\/wp-content\/uploads\/2024\/12\/Rotary-Mower-Gearbox-LF-227J-1.webp 2560w, https:\/\/fmp-components.com\/wp-content\/uploads\/2024\/12\/Rotary-Mower-Gearbox-LF-227J-1-1280x960.webp 1280w, https:\/\/fmp-components.com\/wp-content\/uploads\/2024\/12\/Rotary-Mower-Gearbox-LF-227J-1-980x735.webp 980w, https:\/\/fmp-components.com\/wp-content\/uploads\/2024\/12\/Rotary-Mower-Gearbox-LF-227J-1-480x360.webp 480w\" sizes=\"(min-width: 0px) and (max-width: 480px) 480px, (min-width: 481px) and (max-width: 980px) 980px, (min-width: 981px) and (max-width: 1280px) 1280px, (min-width: 1281px) 2560px, 100vw\" \/><\/td>\n<\/tr>\n<\/tbody>\n<\/table>\n<h3><\/h3>\n<h3>Lauksaimniec\u012bbas j\u016bgv\u0101rpsta rot\u0101cijas p\u013c\u0101v\u0113ja p\u0101rnesumk\u0101rbai<\/h3>\n<p>Lauksaimniec\u012bbas j\u016bgv\u0101rpstai (j\u016bgv\u0101rpstai) ir b\u016btiska loma jaudas p\u0101rnes\u0113 no traktora dzin\u0113ja uz rot\u0113jo\u0161\u0101s p\u013caujma\u0161\u012bnas p\u0101rnesumk\u0101rbu. \u0160is savienojums \u013cauj p\u013caujma\u0161\u012bnas asme\u0146iem griezties un efekt\u012bvi p\u013caut z\u0101li, padarot to par b\u016btisku sast\u0101vda\u013cu liela m\u0113roga zemes uztur\u0113\u0161an\u0101. Pareizi izv\u0113l\u0113ta un uztur\u0113ta j\u016bgv\u0101rpsta nodro\u0161ina p\u0101rnesumk\u0101rbas efekt\u012bvu darb\u012bbu, pal\u012bdzot pagarin\u0101t t\u0101s kalpo\u0161anas laiku un uzlabot kop\u0113jo veiktsp\u0113ju.<\/p>\n<p>J\u016bgv\u0101rpsta ir savienota ar traktora j\u016bgv\u0101rpstu un p\u0101rnes jaudu uz rot\u0113jo\u0161o z\u0101les p\u013c\u0101v\u0113ju. Tas \u013cauj traktora dzin\u0113jam darbin\u0101t p\u013c\u0101v\u0113ja p\u0101rnesumk\u0101rbu, kas savuk\u0101rt darbina asme\u0146us. J\u016bgv\u0101rpstas galvenais m\u0113r\u0137is ir atvieglot ener\u0123ijas p\u0101rnesi, \u013caujot p\u013c\u0101v\u0113jam darboties ar pilnu jaudu un efekt\u012bvi veikt p\u013cau\u0161anas uzdevumus.<\/p>\n<p>Funkcion\u0101li j\u016bgv\u0101rpsta sast\u0101v no rievota gala, kas piestiprin\u0101ts pie traktora j\u016bgv\u0101rpstas, un j\u016bga otr\u0101 gal\u0101, kas savienots ar p\u013caujma\u0161\u012bnas p\u0101rnesumk\u0101rbu. Traktora dzin\u0113jam grie\u017eoties, tas darbina j\u016bgv\u0101rpstu, kas savuk\u0101rt grie\u017e p\u0101rnesumk\u0101rbu un darbina p\u013caujma\u0161\u012bnas asme\u0146us. \u0160\u012b neman\u0101m\u0101 jaudas p\u0101rne\u0161ana ir b\u016btiska vienm\u0113r\u012bgai un nep\u0101rtrauktai p\u013cau\u0161anai, \u012bpa\u0161i liel\u0101k\u0101s zemes plat\u012bb\u0101s.<\/p>\n<p>Ir pieejami da\u017e\u0101di kard\u0101nv\u0101rpstu veidi, katrs no tiem ir paredz\u0113ts konkr\u0113tiem pielietojumiem. 540 apgr.\/min kard\u0101nv\u0101rpsta parasti tiek izmantota maz\u0101kiem, viegl\u0101kiem darbar\u012bkiem, savuk\u0101rt 1000 apgr.\/min kard\u0101nv\u0101rpsta ir piem\u0113rot\u0101ka liel\u0101k\u0101m, jaud\u012bg\u0101k\u0101m ma\u0161\u012bn\u0101m. Turkl\u0101t divu \u0101trumu kard\u0101nv\u0101rpsta pied\u0101v\u0101 elast\u012bbu, \u013caujot tai darboties gan ar 540, gan 1000 apgr.\/min \u0101trumu atkar\u012bb\u0101 no apr\u012bkojuma vajadz\u012bb\u0101m.<\/p>\n<p>Lai nodro\u0161in\u0101tu kard\u0101nv\u0101rpstas ilgm\u016b\u017e\u012bbu un efektivit\u0101ti, ir \u013coti svar\u012bga regul\u0101ra apkope. Pareiza j\u016bgv\u0101rpstas galu un savienot\u0101ju e\u013c\u013co\u0161ana pal\u012bdz samazin\u0101t nodilumu, savuk\u0101rt v\u0101rpstas uztur\u0113\u0161ana t\u012br\u0101 un bez gru\u017eiem nov\u0113r\u0161 net\u012brumu un korozijas rad\u012btus boj\u0101jumus. Svar\u012bgas ir ar\u012b regul\u0101ras p\u0101rbaudes, lai noteiktu nodiluma vai boj\u0101jumu paz\u012bmes, jo savlaic\u012bga jebkuru nodilu\u0161o deta\u013cu nomai\u0146a var nov\u0113rst d\u0101rgus remontdarbus. Iev\u0113rojot \u0161\u012bs apkopes darb\u012bbas, kard\u0101nv\u0101rpsta var darboties optim\u0101li, veicinot rot\u0113jo\u0161\u0101s z\u0101les p\u013c\u0101v\u0113ja p\u0101rnesumk\u0101rbas visp\u0101r\u0113jo uzticam\u012bbu.<\/p>\n<h3><img loading=\"lazy\" decoding=\"async\" class=\"alignnone size-full wp-image-1929\" src=\"https:\/\/fmp-components.com\/wp-content\/uploads\/2024\/12\/LF-227J-Rotary-Mowers-Gearboxes-21.webp\" alt=\"LF-227J-Rot\u0113jo\u0161o-z\u0101\u013cma\u0161\u012bnu-reduktori\" width=\"980\" height=\"490\" title=\"\" srcset=\"https:\/\/fmp-components.com\/wp-content\/uploads\/2024\/12\/LF-227J-Rotary-Mowers-Gearboxes-21.webp 980w, https:\/\/fmp-components.com\/wp-content\/uploads\/2024\/12\/LF-227J-Rotary-Mowers-Gearboxes-21-480x240.webp 480w\" sizes=\"(min-width: 0px) and (max-width: 480px) 480px, (min-width: 481px) 980px, 100vw\" \/>Par FMP<\/h3>\n<p>FMP, kas atrodas It\u0101lij\u0101, ir atz\u012bts l\u012bderis p\u0101rnesumk\u0101rbu, reduktoru un ma\u0161\u012bnb\u016bves iek\u0101rtu p\u0113tniec\u012bb\u0101, att\u012bst\u012bb\u0101 un ra\u017eo\u0161an\u0101. Ar nelok\u0101mu ap\u0146em\u0161anos ieviest inov\u0101cijas, kvalit\u0101ti un att\u012bst\u012bt talantus, FMP ir ieguvis noz\u012bm\u012bgu vietu ma\u0161\u012bnb\u016bves nozar\u0113. Uz\u0146\u0113muma nep\u0101rtraukt\u0101 tiek\u0161an\u0101s p\u0113c izcil\u012bbas ir pal\u012bdz\u0113jusi tam izveidot sp\u0113c\u012bgu reput\u0101ciju gan viet\u0113j\u0101, gan starptautiskaj\u0101 tirg\u016b, padarot to par uzticamu v\u0101rdu \u0161aj\u0101 jom\u0101.<\/p>\n<p>FMP pied\u0101v\u0101 pla\u0161u augstas veiktsp\u0113jas produktu kl\u0101stu, kas izstr\u0101d\u0101ts, lai apmierin\u0101tu da\u017e\u0101du nozaru da\u017e\u0101d\u0101s vajadz\u012bbas. T\u0101 produktu portfel\u012b ietilpst spir\u0101lveida konusveida p\u0101rnesumk\u0101rbas, cilindrisk\u0101s p\u0101rnesumk\u0101rbas, t\u0101rpu p\u0101rnesumk\u0101rbas, cilindrisk\u0101s p\u0101rnesumk\u0101rbas un augstspiediena lie\u0161anas v\u0101rstu korpusi un korpusi. Katrs produkts ir r\u016bp\u012bgi izstr\u0101d\u0101ts, lai nodro\u0161in\u0101tu uzticamu un efekt\u012bvu veiktsp\u0113ju, garant\u0113jot optim\u0101lus rezult\u0101tus gan lieljaudas r\u016bpnieciskajos pielietojumos, gan specializ\u0113t\u0101kos lietojumos.<\/p>\n<p>FMP produktu daudzpus\u012bba \u013cauj tiem apkalpot pla\u0161u nozaru kl\u0101stu. Lauksaimniec\u012bb\u0101 to p\u0101rnesumk\u0101rbas darbina t\u0101das svar\u012bgas ma\u0161\u012bnas k\u0101 rot\u0113jo\u0161\u0101s z\u0101les p\u013c\u0101v\u0113jas, sniega slauc\u012b\u0161anas ma\u0161\u012bnas, m\u0113slojuma izklied\u0113t\u0101jus un graudu konveijerus. Papildus lauksaimniec\u012bbai FMP nodro\u0161ina ar\u012b komponentus r\u016bpnieciskaj\u0101m ma\u0161\u012bn\u0101m, ko izmanto naftas ieguv\u0113, j\u016bras lietojumos un hidrotehnik\u0101. \u0160is pla\u0161ais pielietojums demonstr\u0113 FMP produktu piel\u0101gojam\u012bbu un uzticam\u012bbu da\u017e\u0101d\u0101s jom\u0101s.<\/p>\n<p>FMP progres\u012bvie ra\u017eo\u0161anas procesi atspogu\u013co t\u0101 ap\u0146em\u0161anos nodro\u0161in\u0101t kvalit\u0101ti. S\u0101kot no projekt\u0113\u0161anas l\u012bdz gal\u012bgajai mont\u0101\u017eai, katrs produkts tiek r\u016bp\u012bgi p\u0101rbaud\u012bts. Lai nodro\u0161in\u0101tu iztur\u012bbu, tiek atlas\u012bti tikai augstas kvalit\u0101tes materi\u0101li, tostarp \u010duguns un alum\u012bnija sakaus\u0113jumi. Prec\u012bzai deta\u013cu izgatavo\u0161anai tiek izmantotas progres\u012bvas apstr\u0101des metodes, piem\u0113ram, virpo\u0161ana un fr\u0113z\u0113\u0161ana. Mont\u0101\u017eas process nodro\u0161ina pareizu izl\u012bdzin\u0101\u0161anu un e\u013c\u013co\u0161anu vienm\u0113r\u012bgai darb\u012bbai, savuk\u0101rt termisk\u0101 apstr\u0101de un virsmas p\u0101rkl\u0101jumi uzlabo iztur\u012bbu, nodilumiztur\u012bbu un izskatu. Stingras kvalit\u0101tes kontroles proced\u016bras garant\u0113, ka katrs produkts atbilst augst\u0101kajiem veiktsp\u0113jas standartiem.<\/p>\n<p>FMP ap\u0146em\u0161an\u0101s pieg\u0101d\u0101t augst\u0101k\u0101s kvalit\u0101tes produktus un izcilu apkalpo\u0161anu ir nodro\u0161in\u0101jusi tam izcilu reput\u0101ciju ra\u017eo\u0161anas nozar\u0113. Koncentr\u0113joties uz meistar\u012bbu un klientu apmierin\u0101t\u012bbu, uz\u0146\u0113mums turpina augt un nostiprin\u0101t savu poz\u012bciju tirg\u016b. FMP akt\u012bvi atbalsta glob\u0101las partner\u012bbas, pied\u0101v\u0101jot piel\u0101gotus risin\u0101jumus, lai apmierin\u0101tu klientu unik\u0101l\u0101s vajadz\u012bbas vis\u0101 pasaul\u0113. Potenci\u0101lie partneri var viegli sazin\u0101ties ar FMP, lai ieg\u016btu pla\u0161\u0101ku inform\u0101ciju, atk\u0101rtoti apstiprinot uz\u0146\u0113muma ap\u0146em\u0161anos nodro\u0161in\u0101t izcil\u012bbu un klientu orient\u0113tus risin\u0101jumus.<\/p>\n<p><img loading=\"lazy\" decoding=\"async\" class=\"alignnone size-full wp-image-1861\" src=\"https:\/\/fmp-components.com\/wp-content\/uploads\/2024\/12\/Other-Agricultural-Gearboxes.webp\" sizes=\"(min-width: 0px) and (max-width: 480px) 480px, (min-width: 481px) and (max-width: 980px) 980px, (min-width: 981px) 1200px, 100vw\" srcset=\"https:\/\/fmp-components.com\/wp-content\/uploads\/2024\/12\/Other-Agricultural-Gearboxes.webp 1200w, https:\/\/fmp-components.com\/wp-content\/uploads\/2024\/12\/Other-Agricultural-Gearboxes-980x1143.webp 980w, https:\/\/fmp-components.com\/wp-content\/uploads\/2024\/12\/Other-Agricultural-Gearboxes-480x560.webp 480w\" alt=\"Citas lauksaimniec\u012bbas tehnikas p\u0101rnesumk\u0101rbas\" width=\"1200\" height=\"1400\" title=\"\"><\/p>\n<p>Autors: CX<\/p>","protected":false},"excerpt":{"rendered":"<p>Specification of\u00a0Rotary Mower Gearbox LF-227J Product Rotary Mowers Gearboxes \u2013 Replacement of Comer Gearbox LF-227J Application Mowers Technical information All gearboxes are supplied without oil. First, the oil change after 50-70 operating hours, then after 500-700 operating hours or at least once a year. Max. input power 55 kW Contains oil No Max. oil capacity [&hellip;]<\/p>","protected":false},"featured_media":1928,"comment_status":"open","ping_status":"closed","template":"","meta":{"_et_pb_use_builder":"","_et_pb_old_content":"","_et_gb_content_width":""},"product_brand":[],"product_cat":[51],"product_tag":[],"class_list":{"0":"post-1923","1":"product","2":"type-product","3":"status-publish","4":"has-post-thumbnail","6":"product_cat-rotary-mower-gearbox","8":"first","9":"instock","10":"shipping-taxable","11":"product-type-simple"},"_links":{"self":[{"href":"https:\/\/fmp-components.com\/lv\/wp-json\/wp\/v2\/product\/1923","targetHints":{"allow":["GET"]}}],"collection":[{"href":"https:\/\/fmp-components.com\/lv\/wp-json\/wp\/v2\/product"}],"about":[{"href":"https:\/\/fmp-components.com\/lv\/wp-json\/wp\/v2\/types\/product"}],"replies":[{"embeddable":true,"href":"https:\/\/fmp-components.com\/lv\/wp-json\/wp\/v2\/comments?post=1923"}],"wp:featuredmedia":[{"embeddable":true,"href":"https:\/\/fmp-components.com\/lv\/wp-json\/wp\/v2\/media\/1928"}],"wp:attachment":[{"href":"https:\/\/fmp-components.com\/lv\/wp-json\/wp\/v2\/media?parent=1923"}],"wp:term":[{"taxonomy":"product_brand","embeddable":true,"href":"https:\/\/fmp-components.com\/lv\/wp-json\/wp\/v2\/product_brand?post=1923"},{"taxonomy":"product_cat","embeddable":true,"href":"https:\/\/fmp-components.com\/lv\/wp-json\/wp\/v2\/product_cat?post=1923"},{"taxonomy":"product_tag","embeddable":true,"href":"https:\/\/fmp-components.com\/lv\/wp-json\/wp\/v2\/product_tag?post=1923"}],"curies":[{"name":"wp","href":"https:\/\/api.w.org\/{rel}","templated":true}]}}