{"id":1910,"date":"2024-12-26T00:29:38","date_gmt":"2024-12-26T00:29:38","guid":{"rendered":"https:\/\/fmp-components.com\/?page_id=8"},"modified":"2024-12-26T00:48:00","modified_gmt":"2024-12-26T00:48:00","slug":"rotary-mower-gearboxes-replacement-of-comer-code-lf-149b-11","status":"publish","type":"product","link":"https:\/\/fmp-components.com\/lv\/product\/rotary-mower-gearboxes-replacement-of-comer-code-lf-149b-11\/","title":{"rendered":"Rot\u0113jo\u0161o z\u0101les p\u013c\u0101v\u0113ju p\u0101rnesumk\u0101rbas \u2014 Comer koda LF-149B nomai\u0146a 1:1"},"content":{"rendered":"<p><img loading=\"lazy\" decoding=\"async\" class=\"alignnone size-full wp-image-1918\" src=\"https:\/\/fmp-components.com\/wp-content\/uploads\/2024\/12\/Rotary-Mower-Gearbox19.webp\" alt=\"Rot\u0101cijas z\u0101les p\u013c\u0101v\u0113ja \u0101trumk\u0101rba\" width=\"773\" height=\"766\" title=\"\" srcset=\"https:\/\/fmp-components.com\/wp-content\/uploads\/2024\/12\/Rotary-Mower-Gearbox19.webp 773w, https:\/\/fmp-components.com\/wp-content\/uploads\/2024\/12\/Rotary-Mower-Gearbox19-480x476.webp 480w\" sizes=\"(min-width: 0px) and (max-width: 480px) 480px, (min-width: 481px) 773px, 100vw\" \/><\/p>\n<h2>Rot\u0113jo\u0161\u0101s z\u0101les p\u013c\u0101v\u0113ja p\u0101rnesumk\u0101rbas LF-149B (1:1) specifik\u0101cijas<\/h2>\n<p><img loading=\"lazy\" decoding=\"async\" class=\"alignnone size-full wp-image-1917\" src=\"https:\/\/fmp-components.com\/wp-content\/uploads\/2024\/12\/Rotary-Mower-Gearbox-LF-149B-Specifications.webp\" alt=\"Rot\u0113jo\u0161\u0101s z\u0101les p\u013c\u0101v\u0113ja p\u0101rnesumk\u0101rbas LF-149B specifik\u0101cijas\" width=\"1307\" height=\"872\" title=\"\" srcset=\"https:\/\/fmp-components.com\/wp-content\/uploads\/2024\/12\/Rotary-Mower-Gearbox-LF-149B-Specifications.webp 1307w, https:\/\/fmp-components.com\/wp-content\/uploads\/2024\/12\/Rotary-Mower-Gearbox-LF-149B-Specifications-1280x854.webp 1280w, https:\/\/fmp-components.com\/wp-content\/uploads\/2024\/12\/Rotary-Mower-Gearbox-LF-149B-Specifications-980x654.webp 980w, https:\/\/fmp-components.com\/wp-content\/uploads\/2024\/12\/Rotary-Mower-Gearbox-LF-149B-Specifications-480x320.webp 480w\" sizes=\"(min-width: 0px) and (max-width: 480px) 480px, (min-width: 481px) and (max-width: 980px) 980px, (min-width: 981px) and (max-width: 1280px) 1280px, (min-width: 1281px) 1307px, 100vw\" \/><\/p>\n<p><img loading=\"lazy\" decoding=\"async\" class=\"alignnone size-full wp-image-1916\" src=\"https:\/\/fmp-components.com\/wp-content\/uploads\/2024\/12\/Rotary-Mower-Gearbox-LF-149B-Specifications-1.webp\" alt=\"Rot\u0113jo\u0161\u0101s z\u0101les p\u013c\u0101v\u0113ja p\u0101rnesumk\u0101rbas LF-149B specifik\u0101cijas\" width=\"1331\" height=\"316\" title=\"\" srcset=\"https:\/\/fmp-components.com\/wp-content\/uploads\/2024\/12\/Rotary-Mower-Gearbox-LF-149B-Specifications-1.webp 1331w, https:\/\/fmp-components.com\/wp-content\/uploads\/2024\/12\/Rotary-Mower-Gearbox-LF-149B-Specifications-1-1280x304.webp 1280w, https:\/\/fmp-components.com\/wp-content\/uploads\/2024\/12\/Rotary-Mower-Gearbox-LF-149B-Specifications-1-980x233.webp 980w, https:\/\/fmp-components.com\/wp-content\/uploads\/2024\/12\/Rotary-Mower-Gearbox-LF-149B-Specifications-1-480x114.webp 480w\" sizes=\"(min-width: 0px) and (max-width: 480px) 480px, (min-width: 481px) and (max-width: 980px) 980px, (min-width: 981px) and (max-width: 1280px) 1280px, (min-width: 1281px) 1331px, 100vw\" \/><\/p>\n<table class=\"kh-1xzm1su\" border=\"1\" cellspacing=\"0\" cellpadding=\"0\" data-intent=\"lists-product-attributes\" data-test-id=\"attributes-list\">\n<tbody class=\"kh-1ago99h\">\n<tr id=\"alexis#custom#item-id\" class=\"kh-bwvum6\" data-test-id=\"attribute-row\">\n<th class=\"kh-10oizfy\">Produkta apraksts<\/th>\n<td class=\"kh-1f5nhat\">\n<div class=\"kh-pkx4zo\">Rot\u0113jo\u0161\u0101s z\u0101les p\u013c\u0101v\u0113ja p\u0101rnesumk\u0101rbas \u2014 Comer p\u0101rnesumk\u0101rbas LF-149B nomai\u0146a 1:1<\/div>\n<\/td>\n<\/tr>\n<tr id=\"attProductDetails\" class=\"kh-bwvum6\" data-test-id=\"attribute-row\">\n<th class=\"kh-10oizfy\">Produkta inform\u0101cija<\/th>\n<td class=\"kh-1f5nhat\">\n<ul>\n<li class=\"kh-16zd49f\">Visas p\u0101rnesumk\u0101rbas tiek pieg\u0101d\u0101tas bez e\u013c\u013cas.<\/li>\n<li class=\"kh-16zd49f\">Pirm\u0101 e\u013c\u013cas mai\u0146a p\u0113c 50\u201370 darba stund\u0101m, p\u0113c tam p\u0113c 500\u2013700 darba stund\u0101m vai vismaz reizi gad\u0101.<\/li>\n<li class=\"kh-16zd49f\">Sazinieties ar mums, lai uzzin\u0101tu par jaudu ar citu apgriezienu skaitu min\u016bt\u0113.<\/li>\n<\/ul>\n<\/td>\n<\/tr>\n<tr id=\"taMaxInputPowerKw\" class=\"kh-bwvum6\" data-test-id=\"attribute-row\">\n<th class=\"kh-10oizfy\">Maks. ieejas jauda<\/th>\n<td class=\"kh-1f5nhat\">\n<div class=\"kh-pkx4zo\">47 kW<\/div>\n<\/td>\n<\/tr>\n<tr id=\"taContainsOil\" class=\"kh-bwvum6\" data-test-id=\"attribute-row\">\n<th class=\"kh-10oizfy\">Satur e\u013c\u013cu<\/th>\n<td class=\"kh-1f5nhat\">\n<div class=\"kh-pkx4zo\">N\u0113<\/div>\n<\/td>\n<\/tr>\n<tr id=\"taMaxOilCapacityL\" class=\"kh-bwvum6\" data-test-id=\"attribute-row\">\n<th class=\"kh-10oizfy\">Maks. e\u013c\u013cas ietilp\u012bba<\/th>\n<td class=\"kh-1f5nhat\">\n<div class=\"kh-pkx4zo\">0,8 l<\/div>\n<\/td>\n<\/tr>\n<tr id=\"taMaxOilChangeIntervalH\" class=\"kh-bwvum6\" data-test-id=\"attribute-row\">\n<th class=\"kh-10oizfy\">Maks. e\u013c\u013cas mai\u0146as interv\u0101ls<\/th>\n<td class=\"kh-1f5nhat\">\n<div class=\"kh-pkx4zo\">500 stundas<\/div>\n<\/td>\n<\/tr>\n<tr id=\"taOilSAEViscosityGrade\" class=\"kh-bwvum6\" data-test-id=\"attribute-row\">\n<th class=\"kh-10oizfy\">E\u013c\u013cas SAE viskozit\u0101tes klase<\/th>\n<td class=\"kh-1f5nhat\">\n<div class=\"kh-pkx4zo\">80W-90<\/div>\n<\/td>\n<\/tr>\n<tr id=\"taHousingMaterial_16\" class=\"kh-bwvum6\" data-test-id=\"attribute-row\">\n<th class=\"kh-10oizfy\">Korpusa materi\u0101ls<\/th>\n<td class=\"kh-1f5nhat\">\n<div class=\"kh-pkx4zo\">\u010cuguns GGG40<\/div>\n<\/td>\n<\/tr>\n<tr id=\"taWeightKg_75\" class=\"kh-bwvum6\" data-test-id=\"attribute-row\">\n<th class=\"kh-10oizfy\">Svars<\/th>\n<td class=\"kh-1f5nhat\">\n<div class=\"kh-pkx4zo\">33,4 kg<\/div>\n<\/td>\n<\/tr>\n<tr id=\"taGearArrangementInc\" class=\"kh-bwvum6\" data-test-id=\"attribute-row\">\n<th class=\"kh-10oizfy\">P\u0101rnesumu izk\u0101rtojums palielin\u0101s<\/th>\n<td class=\"kh-1f5nhat\">\n<div class=\"kh-pkx4zo\">3<\/div>\n<\/td>\n<\/tr>\n<tr id=\"taGearRatio\" class=\"kh-bwvum6\" data-test-id=\"attribute-row\">\n<th class=\"kh-10oizfy\">P\u0101rnesumskaitlis<\/th>\n<td class=\"kh-1f5nhat\">\n<div class=\"kh-pkx4zo\">1:1<\/div>\n<\/td>\n<\/tr>\n<tr id=\"taInputPowerKwHpInc\" class=\"kh-bwvum6\" data-test-id=\"attribute-row\">\n<th class=\"kh-10oizfy\">Ieejas jauda kW \/ ZS Pieaugo\u0161a<\/th>\n<td class=\"kh-1f5nhat\">\n<div class=\"kh-pkx4zo\">47\/55 kW\/ZS<\/div>\n<\/td>\n<\/tr>\n<tr id=\"taInputShaftIncreasi\" class=\"kh-bwvum6\" data-test-id=\"attribute-row\">\n<th class=\"kh-10oizfy\">Ieejas v\u0101rpsta palielin\u0101s<\/th>\n<td class=\"kh-1f5nhat\">\n<div class=\"kh-pkx4zo\">Z<\/div>\n<\/td>\n<\/tr>\n<tr id=\"taNSOutputTorqueDaNm_1\" class=\"kh-bwvum6\" data-test-id=\"attribute-row\">\n<th class=\"kh-10oizfy\">Izejas griezes moments DaNm pieaug<\/th>\n<td class=\"kh-1f5nhat\">\n<div class=\"kh-pkx4zo\">81 daNm<\/div>\n<\/td>\n<\/tr>\n<tr id=\"taRatioIncreasing\" class=\"kh-bwvum6\" data-test-id=\"attribute-row\">\n<th class=\"kh-10oizfy\">Attiec\u012bbas palielin\u0101\u0161ana<\/th>\n<td class=\"kh-1f5nhat\">\n<div class=\"kh-pkx4zo\">1: 1<\/div>\n<\/td>\n<\/tr>\n<tr id=\"taRatioReducing\" class=\"kh-bwvum6\" data-test-id=\"attribute-row\">\n<th class=\"kh-10oizfy\">Attiec\u012bbas samazin\u0101\u0161ana<\/th>\n<td class=\"kh-1f5nhat\">\n<div class=\"kh-pkx4zo\">1: 1<\/div>\n<\/td>\n<\/tr>\n<tr id=\"taShaftX\" class=\"kh-bwvum6\" data-test-id=\"attribute-row\">\n<th class=\"kh-10oizfy\">V\u0101rpsta Z<\/th>\n<td class=\"kh-1f5nhat\">\n<div class=\"kh-pkx4zo\">1 3\/8&#8243; (21)<\/div>\n<\/td>\n<\/tr>\n<\/tbody>\n<\/table>\n<h3>Lauksaimniec\u012bbas j\u016bgv\u0101rpsta un rot\u0113jo\u0161\u0101 p\u013caujma\u0161\u012bnas p\u0101rnesumk\u0101rba<\/h3>\n<p>Lauksaimniec\u012bbas j\u016bgv\u0101rpsta (j\u016bgv\u0101rpsta) ir b\u016btiska meh\u0101niska sast\u0101vda\u013ca, ko izmanto, lai p\u0101rnestu jaudu no traktora dzin\u0113ja uz da\u017e\u0101diem pievienotiem darbar\u012bkiem, piem\u0113ram, rot\u0101cijas z\u0101les p\u013c\u0101v\u0113ju p\u0101rnesumk\u0101rb\u0101m. J\u016bgv\u0101rpsta ir tie\u0161i savienota ar traktora dzin\u0113ja izejas v\u0101rpstu, p\u0101rnesot gan jaudu, gan griezes momentu uz apr\u012bkojumu, pie kura t\u0101 ir pievienota. Tas \u013cauj efekt\u012bvi darbin\u0101t lieljaudas tehniku, piem\u0113ram, p\u013c\u0101v\u0113jus, fr\u0113zes un citus lauksaimniec\u012bbas instrumentus.<\/p>\n<p>Rot\u0113jo\u0161\u0101s z\u0101les p\u013c\u0101v\u0113ja p\u0101rnesumk\u0101rbai ir iz\u0161\u0137iro\u0161a noz\u012bme p\u013cau\u0161anas proces\u0101, p\u0101rveidojot j\u016bgv\u0101rpstas \u0101trgaitas grie\u0161anos l\u0113n\u0101k\u0101, ar lielu griezes momentu apr\u012bkot\u0101 grie\u0161an\u0101s re\u017e\u012bm\u0101, kas nepiecie\u0161ams p\u013c\u0101v\u0113ja asme\u0146u darbin\u0101\u0161anai. \u0160\u012b p\u0101rveido\u0161ana nodro\u0161ina, ka p\u013c\u0101v\u0113ja asme\u0146i var rad\u012bt pietiekamu sp\u0113ku, lai efekt\u012bvi p\u013cautu bl\u012bvu z\u0101li un ve\u0123et\u0101ciju. Palielinot griezes momentu un samazinot \u0101trumu, p\u0101rnesumk\u0101rba optimiz\u0113 no dzin\u0113ja p\u0101rraid\u012bto jaudu, nodro\u0161inot vienm\u0113r\u012bgu un efekt\u012bvu p\u013cau\u0161anu.<\/p>\n<p>Lauksaimniec\u012bbas j\u016bgv\u0101rpstas un rot\u0113jo\u0161\u0101s p\u013caujma\u0161\u012bnas p\u0101rnesumk\u0101rbas kombin\u0101cija ir pla\u0161i izmantota metode lielu zemes plat\u012bbu, piem\u0113ram, fermu, gan\u012bbu un lauku, uztur\u0113\u0161anai. \u0160\u012b sist\u0113ma nodro\u0161ina jaud\u012bgu un efekt\u012bvu risin\u0101jumu lielu zemes plat\u012bbu p\u013cau\u0161anai, pal\u012bdzot lauksaimniekiem, ainavu veidot\u0101jiem un zemes \u012bpa\u0161niekiem viegli p\u0101rvald\u012bt savus \u012bpa\u0161umus.<\/p>\n<h3>K\u0101 tas darbojas:<\/h3>\n<p>Lai darbin\u0101tu j\u016bgv\u0101rpstu un rot\u0113jo\u0161\u0101s p\u013caujma\u0161\u012bnas p\u0101rnesumk\u0101rbas sist\u0113mu, j\u016bgv\u0101rpsta vispirms tiek pievienota traktora j\u016bgv\u0101rpstas izejai. Otrs v\u0101rpstas gals ir piestiprin\u0101ts pie rot\u0113jo\u0161\u0101s p\u013caujma\u0161\u012bnas p\u0101rnesumk\u0101rbas ieejas. Kad j\u016bgv\u0101rpsta ir iesl\u0113gta, t\u0101 nodod rot\u0101cijas jaudu p\u0101rnesumk\u0101rbai. P\u0113c tam p\u0101rnesumk\u0101rba palielina griezes momentu, vienlaikus pal\u0113ninot grie\u0161an\u0101s \u0101trumu, kas liek p\u013caujma\u0161\u012bnas asme\u0146iem griezties ar optim\u0101lu p\u013cau\u0161anas \u0101trumu. \u0100tri grie\u017eo\u0161ie asme\u0146i grie\u017e z\u0101li, un visa sist\u0113ma turpina darboties vis\u0101 lauk\u0101, nodro\u0161inot t\u012bru un efekt\u012bvu p\u013cau\u0161anu.<\/p>\n<h3>Galven\u0101s priek\u0161roc\u012bbas:<\/h3>\n<ol>\n<li><strong>Efekt\u012bva zemes uztur\u0113\u0161ana<\/strong>\u0160\u012b sist\u0113ma \u013cauj \u0101tri un efekt\u012bvi p\u013caut lielus laukus, padarot to par b\u016btisku instrumentu lauksaimniec\u012bbas apkop\u0113.<\/li>\n<li><strong>Jaud\u012bga veiktsp\u0113ja<\/strong>J\u016bgv\u0101rpstas jaudas un griezes momentu palielino\u0161\u0101s p\u0101rnesumk\u0101rbas kombin\u0101cija nodro\u0161ina, ka pat cietu, biezu z\u0101li var viegli nop\u013caut, nodro\u0161inot nemain\u012bgu veiktsp\u0113ju da\u017e\u0101dos apst\u0101k\u013cos.<\/li>\n<li><strong>Iztur\u012bba un uzticam\u012bba<\/strong>Gan j\u016bgv\u0101rpsta, gan rot\u0113jo\u0161\u0101s p\u013caujma\u0161\u012bnas p\u0101rnesumk\u0101rba ir konstru\u0113ta t\u0101, lai iztur\u0113tu lauksaimniec\u012bbas sare\u017e\u0123\u012btos apst\u0101k\u013cus, nodro\u0161inot ilgsto\u0161u iztur\u012bbu un uzticamu veiktsp\u0113ju.<\/li>\n<li><strong>Laika taup\u012b\u0161ana<\/strong>Izmantojot j\u016bgv\u0101rpstu un rot\u0113jo\u0161\u0101s p\u013caujma\u0161\u012bnas p\u0101rnesumk\u0101rbu, p\u013cau\u0161ana notiek \u0101tr\u0101k, sal\u012bdzinot ar tradicion\u0101laj\u0101m metod\u0113m, t\u0101d\u0113j\u0101di samazinot zemes uztur\u0113\u0161anai velt\u012bto laiku.<\/li>\n<\/ol>\n<p>Kopum\u0101 lauksaimniec\u012bbas j\u016bgv\u0101rpsta un rot\u0113jo\u0161\u0101s p\u013caujma\u0161\u012bnas p\u0101rnesumk\u0101rba ir neaizst\u0101jami instrumenti efekt\u012bvai un lietder\u012bgai zemes apsaimnieko\u0161anai. Tie nodro\u0161ina nepiecie\u0161amo jaudu liela m\u0113roga p\u013cau\u0161anas darbu veik\u0161anai, garant\u0113jot, ka lauksaimnieki un zemes \u012bpa\u0161nieki var uztur\u0113t savus \u012bpa\u0161umus vislab\u0101kaj\u0101 st\u0101vokl\u012b ar minim\u0101lu piep\u016bli un laiku. \u0160\u012b iztur\u012bg\u0101 sist\u0113ma iev\u0113rojami uzlabo produktivit\u0101ti, samazina ekspluat\u0101cijas izmaksas un \u013cauj regul\u0101ri uztur\u0113t zemi, \u012bpa\u0161i apgabalos ar bl\u012bvu ve\u0123et\u0101ciju.<\/p>\n<table style=\"width: 100%; height: 284px;\" border=\"1\" width=\"100%\" cellspacing=\"0\" cellpadding=\"0\">\n<tbody>\n<tr style=\"height: 284px;\">\n<td style=\"width: 49.784%; height: 284px;\" width=\"110\"><img loading=\"lazy\" decoding=\"async\" class=\"alignnone wp-image-1914\" src=\"https:\/\/fmp-components.com\/wp-content\/uploads\/2024\/12\/Agricultural-PTO-Shaft-and-Rotary-Mower-Gearbox-32.webp\" alt=\"Lauksaimniec\u012bbas j\u016bgv\u0101rpstas un rot\u0113jo\u0161\u0101s p\u013caujma\u0161\u012bnas p\u0101rnesumk\u0101rba\" width=\"462\" height=\"286\" title=\"\"><\/td>\n<td style=\"width: 50%; height: 284px;\" width=\"98\"><img loading=\"lazy\" decoding=\"async\" class=\"alignnone wp-image-1913\" src=\"https:\/\/fmp-components.com\/wp-content\/uploads\/2024\/12\/Agricultural-PTO-Shaft-and-Rotary-Mower-Gearbox-31.webp\" alt=\"Lauksaimniec\u012bbas j\u016bgv\u0101rpstas un rot\u0113jo\u0161\u0101s p\u013caujma\u0161\u012bnas p\u0101rnesumk\u0101rba\" width=\"463\" height=\"287\" title=\"\"><\/td>\n<\/tr>\n<\/tbody>\n<\/table>\n<h3>Par FMP<\/h3>\n<p>FMP, kas atrodas It\u0101lij\u0101, ir atz\u012bts uz\u0146\u0113mums, kas specializ\u0113jas p\u0101rnesumk\u0101rbu, reduktoru un in\u017eeniertehnisko iek\u0101rtu p\u0113tniec\u012bb\u0101, izstr\u0101d\u0113 un ra\u017eo\u0161an\u0101. FMP, kas ir k\u013cuvis par nozares l\u012bderi, ir izveidojis savu reput\u0101ciju, koncentr\u0113joties uz inov\u0101cij\u0101m, kvalit\u0101ti un stingru ap\u0146em\u0161anos veicin\u0101t talantus, pozicion\u0113jot sevi k\u0101 galveno sp\u0113l\u0113t\u0101ju ma\u0161\u012bnb\u016bves nozar\u0113.<\/p>\n<p><strong>Visaptvero\u0161s produktu portfelis<\/strong><\/p>\n<p>FMP pied\u0101v\u0101 pla\u0161u augstas veiktsp\u0113jas produktu kl\u0101stu, kas izstr\u0101d\u0101ts, lai apmierin\u0101tu da\u017e\u0101das nozares vajadz\u012bbas. Vi\u0146u portfel\u012b ietilpst spir\u0101lveida konusveida p\u0101rnesumk\u0101rbas, cilindrisk\u0101s p\u0101rnesumk\u0101rbas, t\u0101rpu p\u0101rnesumk\u0101rbas, cilindrisk\u0101s p\u0101rnesumk\u0101rbas un augstspiediena lie\u0161anas v\u0101rstu korpusi un korpusi. Katrs produkts ir izgatavots ar precizit\u0101ti, lai nodro\u0161in\u0101tu uzticamu un efekt\u012bvu veiktsp\u0113ju da\u017e\u0101dos pielietojumos.<\/p>\n<p><strong>Pla\u0161s pielietojums da\u017e\u0101d\u0101s nozar\u0113s<\/strong><\/p>\n<p>FMP produkti ir daudzpus\u012bgi un kalpo pla\u0161am nozaru spektram, tostarp lauksaimniec\u012bbai, kur tie darbina t\u0101das iek\u0101rtas k\u0101 rot\u0113jo\u0161\u0101s z\u0101les p\u013c\u0101v\u0113jas, sniega slauc\u012b\u0161anas ma\u0161\u012bnas, m\u0113slojuma izklied\u0113t\u0101jus un graudu konveijerus. Turkl\u0101t FMP pieg\u0101d\u0101 r\u016bpniecisk\u0101s iek\u0101rtas naftas ieguvei, j\u016bras vajadz\u012bb\u0101m un hidraulisk\u0101s sast\u0101vda\u013cas, demonstr\u0113jot savu produktu pied\u0101v\u0101jumu piel\u0101gojam\u012bbu un tv\u0113rumu.<\/p>\n<p><strong>Uzlabota ra\u017eo\u0161anas izcil\u012bba<\/strong><\/p>\n<p>FMP ra\u017eo\u0161anas process apliecina t\u0101 ap\u0146em\u0161anos nodro\u0161in\u0101t kvalit\u0101ti un precizit\u0101ti. S\u0101kot ar produkta dizainu un beidzot ar materi\u0101lu izv\u0113li, uz\u0146\u0113mums nodro\u0161ina, ka katrs solis ir piel\u0101gots konkr\u0113t\u0101m klientu vajadz\u012bb\u0101m. Augstas kvalit\u0101tes materi\u0101li, piem\u0113ram, \u010duguns un alum\u012bnija sakaus\u0113jumi, tiek izv\u0113l\u0113ti iztur\u012bbai, savuk\u0101rt progres\u012bvas apstr\u0101des metodes, tostarp virpo\u0161ana un fr\u0113z\u0113\u0161ana, nodro\u0161ina katra komponenta precizit\u0101ti. Mont\u0101\u017eas process ir r\u016bp\u012bgs, koncentr\u0113joties uz izl\u012bdzin\u0101\u0161anu un e\u013c\u013co\u0161anu, savuk\u0101rt termisk\u0101 un virsmas apstr\u0101de uzlabo iztur\u012bbu, nodilumiztur\u012bbu un izskatu. Stingri kvalit\u0101tes kontroles pas\u0101kumi nodro\u0161ina, ka katrs produkts atbilst stabilit\u0101tes un uzticam\u012bbas veiktsp\u0113jas standartiem.<\/p>\n<p><strong>Nozares reput\u0101cija un glob\u0101l\u0101s partner\u012bbas<\/strong><\/p>\n<p>FMP ap\u0146em\u0161an\u0101s nodro\u0161in\u0101t kvalit\u0101ti, inov\u0101cijas un klientu apmierin\u0101t\u012bbu ir nodro\u0161in\u0101jusi tam izcilu reput\u0101ciju ra\u017eo\u0161anas nozar\u0113. Uz\u0146\u0113mums turpina stiprin\u0101t savu mantojumu, izmantojot progres\u012bvas tehnolo\u0123ijas un meistar\u012bbu. FMP atzin\u012bgi v\u0113rt\u0113 glob\u0101las partner\u012bbas un sadarb\u012bbu, ap\u0146emoties sniegt piel\u0101gotus risin\u0101jumus, kas atbilst klientu unik\u0101laj\u0101m vajadz\u012bb\u0101m vis\u0101 pasaul\u0113. Lai ieg\u016btu pla\u0161\u0101ku inform\u0101ciju par produktiem un pakalpojumiem, potenci\u0101lie partneri var viegli sazin\u0101ties pa t\u0101lruni vai e-pastu, t\u0101d\u0113j\u0101di pastiprinot FMP ap\u0146em\u0161anos nodro\u0161in\u0101t uz klientu orient\u0113tu izcil\u012bbu.<\/p>\n<p><img loading=\"lazy\" decoding=\"async\" class=\"alignnone size-full wp-image-1861\" src=\"https:\/\/fmp-components.com\/wp-content\/uploads\/2024\/12\/Other-Agricultural-Gearboxes.webp\" alt=\"Citas lauksaimniec\u012bbas tehnikas p\u0101rnesumk\u0101rbas\" width=\"1200\" height=\"1400\" title=\"\" srcset=\"https:\/\/fmp-components.com\/wp-content\/uploads\/2024\/12\/Other-Agricultural-Gearboxes.webp 1200w, https:\/\/fmp-components.com\/wp-content\/uploads\/2024\/12\/Other-Agricultural-Gearboxes-980x1143.webp 980w, https:\/\/fmp-components.com\/wp-content\/uploads\/2024\/12\/Other-Agricultural-Gearboxes-480x560.webp 480w\" sizes=\"(min-width: 0px) and (max-width: 480px) 480px, (min-width: 481px) and (max-width: 980px) 980px, (min-width: 981px) 1200px, 100vw\" \/><\/p>\n<p>Autors: CX<\/p>\n<p>&nbsp;<\/p>","protected":false},"excerpt":{"rendered":"<p>Specifications of Rotary Mower Gearbox LF-149B (1:1) Product Description Rotary Mower Gearboxes &#8211; Replacement of Comer Gearbox LF-149B 1:1 Product details All gearboxes are supplied without oil. First oil change after 50-70 operating hours, then after 500-700 operating hours or at least once a year. Contact us for power at a different RPM. Max. input [&hellip;]<\/p>","protected":false},"featured_media":1918,"comment_status":"open","ping_status":"closed","template":"","meta":{"_et_pb_use_builder":"","_et_pb_old_content":"","_et_gb_content_width":""},"product_brand":[],"product_cat":[51],"product_tag":[],"class_list":{"0":"post-1910","1":"product","2":"type-product","3":"status-publish","4":"has-post-thumbnail","6":"product_cat-rotary-mower-gearbox","8":"first","9":"instock","10":"shipping-taxable","11":"product-type-simple"},"_links":{"self":[{"href":"https:\/\/fmp-components.com\/lv\/wp-json\/wp\/v2\/product\/1910","targetHints":{"allow":["GET"]}}],"collection":[{"href":"https:\/\/fmp-components.com\/lv\/wp-json\/wp\/v2\/product"}],"about":[{"href":"https:\/\/fmp-components.com\/lv\/wp-json\/wp\/v2\/types\/product"}],"replies":[{"embeddable":true,"href":"https:\/\/fmp-components.com\/lv\/wp-json\/wp\/v2\/comments?post=1910"}],"wp:featuredmedia":[{"embeddable":true,"href":"https:\/\/fmp-components.com\/lv\/wp-json\/wp\/v2\/media\/1918"}],"wp:attachment":[{"href":"https:\/\/fmp-components.com\/lv\/wp-json\/wp\/v2\/media?parent=1910"}],"wp:term":[{"taxonomy":"product_brand","embeddable":true,"href":"https:\/\/fmp-components.com\/lv\/wp-json\/wp\/v2\/product_brand?post=1910"},{"taxonomy":"product_cat","embeddable":true,"href":"https:\/\/fmp-components.com\/lv\/wp-json\/wp\/v2\/product_cat?post=1910"},{"taxonomy":"product_tag","embeddable":true,"href":"https:\/\/fmp-components.com\/lv\/wp-json\/wp\/v2\/product_tag?post=1910"}],"curies":[{"name":"wp","href":"https:\/\/api.w.org\/{rel}","templated":true}]}}