{"id":1900,"date":"2024-12-24T08:58:11","date_gmt":"2024-12-24T08:58:11","guid":{"rendered":"https:\/\/fmp-components.com\/?page_id=8"},"modified":"2024-12-24T09:04:04","modified_gmt":"2024-12-24T09:04:04","slug":"rotary-mower-gearboxes-replacement-of-comer-code-lf-199a","status":"publish","type":"product","link":"https:\/\/fmp-components.com\/lv\/product\/rotary-mower-gearboxes-replacement-of-comer-code-lf-199a\/","title":{"rendered":"Rot\u0113jo\u0161o z\u0101les p\u013c\u0101v\u0113ju p\u0101rnesumk\u0101rbas \u2014 Comer koda LF-199A nomai\u0146a"},"content":{"rendered":"<p><img loading=\"lazy\" decoding=\"async\" class=\"size-full wp-image-1905 aligncenter\" src=\"https:\/\/fmp-components.com\/wp-content\/uploads\/2024\/12\/Rotary-Mower-Gearboxes-Replacement-of-Comer-Code-LF-199A.webp\" alt=\"Rot\u0113jo\u0161\u0101s z\u0101les p\u013c\u0101v\u0113ja p\u0101rnesumk\u0101rbas, Comer koda LF-199A nomai\u0146a\" width=\"600\" height=\"600\" title=\"\" srcset=\"https:\/\/fmp-components.com\/wp-content\/uploads\/2024\/12\/Rotary-Mower-Gearboxes-Replacement-of-Comer-Code-LF-199A.webp 600w, https:\/\/fmp-components.com\/wp-content\/uploads\/2024\/12\/Rotary-Mower-Gearboxes-Replacement-of-Comer-Code-LF-199A-480x480.webp 480w\" sizes=\"(min-width: 0px) and (max-width: 480px) 480px, (min-width: 481px) 600px, 100vw\" \/><\/p>\n<h2>Rot\u0113jo\u0161\u0101s z\u0101les p\u013c\u0101v\u0113ja reduktora LF-199A specifik\u0101cijas\u00a0<img loading=\"lazy\" decoding=\"async\" class=\"alignnone size-full wp-image-1904\" src=\"https:\/\/fmp-components.com\/wp-content\/uploads\/2024\/12\/Specifications-of-Rotary-Mower-Gearbox-LF-199A.webp\" alt=\"Rot\u0113jo\u0161\u0101s z\u0101les p\u013c\u0101v\u0113ja p\u0101rnesumk\u0101rbas LF-199A specifik\u0101cijas\" width=\"1311\" height=\"879\" title=\"\" srcset=\"https:\/\/fmp-components.com\/wp-content\/uploads\/2024\/12\/Specifications-of-Rotary-Mower-Gearbox-LF-199A.webp 1311w, https:\/\/fmp-components.com\/wp-content\/uploads\/2024\/12\/Specifications-of-Rotary-Mower-Gearbox-LF-199A-1280x858.webp 1280w, https:\/\/fmp-components.com\/wp-content\/uploads\/2024\/12\/Specifications-of-Rotary-Mower-Gearbox-LF-199A-980x657.webp 980w, https:\/\/fmp-components.com\/wp-content\/uploads\/2024\/12\/Specifications-of-Rotary-Mower-Gearbox-LF-199A-480x322.webp 480w\" sizes=\"(min-width: 0px) and (max-width: 480px) 480px, (min-width: 481px) and (max-width: 980px) 980px, (min-width: 981px) and (max-width: 1280px) 1280px, (min-width: 1281px) 1311px, 100vw\" \/><\/h2>\n<p><img loading=\"lazy\" decoding=\"async\" class=\"alignnone size-full wp-image-1903\" src=\"https:\/\/fmp-components.com\/wp-content\/uploads\/2024\/12\/Specifications-of-Rotary-Mower-Gearbox-LF-199A-1.webp\" alt=\"Rot\u0113jo\u0161\u0101s z\u0101les p\u013c\u0101v\u0113ja p\u0101rnesumk\u0101rbas LF-199A-1 specifik\u0101cijas\" width=\"1333\" height=\"506\" title=\"\" srcset=\"https:\/\/fmp-components.com\/wp-content\/uploads\/2024\/12\/Specifications-of-Rotary-Mower-Gearbox-LF-199A-1.webp 1333w, https:\/\/fmp-components.com\/wp-content\/uploads\/2024\/12\/Specifications-of-Rotary-Mower-Gearbox-LF-199A-1-1280x486.webp 1280w, https:\/\/fmp-components.com\/wp-content\/uploads\/2024\/12\/Specifications-of-Rotary-Mower-Gearbox-LF-199A-1-980x372.webp 980w, https:\/\/fmp-components.com\/wp-content\/uploads\/2024\/12\/Specifications-of-Rotary-Mower-Gearbox-LF-199A-1-480x182.webp 480w\" sizes=\"(min-width: 0px) and (max-width: 480px) 480px, (min-width: 481px) and (max-width: 980px) 980px, (min-width: 981px) and (max-width: 1280px) 1280px, (min-width: 1281px) 1333px, 100vw\" \/><\/p>\n<table border=\"1\" cellspacing=\"0\" cellpadding=\"0\">\n<tbody>\n<tr>\n<td>Modelis:<\/td>\n<td>Rot\u0113jo\u0161\u0101 z\u0101les p\u013c\u0101v\u0113ja reduktora nomai\u0146a Comer reduktoriem LF-199A<\/td>\n<\/tr>\n<tr>\n<td>Pieteikuma veids:<\/td>\n<td>\u0100truma palielin\u0101\u0161anas vien\u012bba<\/td>\n<\/tr>\n<tr>\n<td>Ieejas jaudas \u0101trums:<\/td>\n<td>\u00a045 ZS - 33 kW (540 apgr.\/min)<\/td>\n<\/tr>\n<tr>\n<td>Attiec\u012bba:<\/td>\n<td>3,00<\/td>\n<\/tr>\n<tr>\n<td>Izejas:<\/td>\n<td>2<\/td>\n<\/tr>\n<tr>\n<td>Rot\u0101cija:<\/td>\n<td>Rot\u0101ciju defin\u0113 k\u0101 pulkste\u0146r\u0101d\u012bt\u0101ja virzienu vai pret\u0113ji pulkste\u0146r\u0101d\u012bt\u0101ja virzienam, apl\u016bkojot kust\u012bb\u0101 eso\u0161\u0101s sast\u0101vda\u013cas (v\u0101rpstu, skriemeli vai zobratu), p\u0101rnesumk\u0101rbu atrodoties aiz sast\u0101vda\u013cas.<\/td>\n<\/tr>\n<tr>\n<td>V\u0101rpstas rot\u0101cija:<\/td>\n<td>\u00a0Lejupiel\u0101d\u0113jiet datu lapu, lai p\u0101rbaud\u012btu iesp\u0113jamo rot\u0101ciju.<\/td>\n<\/tr>\n<tr>\n<td>Materi\u0101ls:<\/td>\n<td>\u00a0\u010cuguns<\/td>\n<\/tr>\n<tr>\n<td>Sausais svars:<\/td>\n<td>\u00a027,5 kg<\/td>\n<\/tr>\n<tr>\n<td>Pieg\u0101d\u0101ts bez sm\u0113rvielas<\/td>\n<td>\u2022 Pieejams reduktora blokam (l\u016bdzu, jaut\u0101jiet m\u016bsu tehniskajam dienestam)<\/p>\n<p>\u2022 Pieejamas da\u017e\u0101das v\u0101rpstu rot\u0101cijas (l\u016bdzu, jaut\u0101jiet m\u016bsu tehniskajai noda\u013cai)<\/td>\n<\/tr>\n<\/tbody>\n<\/table>\n<h3>Rot\u0113jo\u0161\u0101s z\u0101les p\u013c\u0101v\u0113ja reduktora LF-199A \u012bpa\u0161\u012bbas<\/h3>\n<p>LF-199A rot\u0113jo\u0161\u0101s z\u0101les p\u013c\u0101v\u0113ja p\u0101rnesumk\u0101rba ir augstas veiktsp\u0113jas, iztur\u012bga p\u0101rnesumk\u0101rba, kas \u012bpa\u0161i paredz\u0113ta rot\u0113jo\u0161aj\u0101m z\u0101les p\u013c\u0101v\u0113j\u0101m. T\u0101 ir izstr\u0101d\u0101ta, lai iztur\u0113tu sare\u017e\u0123\u012btus lauksaimniec\u012bbas un r\u016bpniec\u012bbas uzdevumus, un nodro\u0161ina uzticamu jaudas p\u0101rvadi efekt\u012bv\u0101m p\u013cau\u0161anas darb\u012bb\u0101m. LF-199A ir tie\u0161\u0101s piedzi\u0146as p\u0101rnesumk\u0101rba, kas noz\u012bm\u0113, ka t\u0101 p\u0101rnes jaudu tie\u0161i no dzin\u0113ja uz asme\u0146iem, nov\u0113r\u0161ot nepiecie\u0161am\u012bbu p\u0113c siksn\u0101m vai \u0137\u0113d\u0113m. Tas ne tikai palielina efektivit\u0101ti, bet ar\u012b pal\u012bdz samazin\u0101t troksni un vibr\u0101ciju, nodro\u0161inot vienm\u0113r\u012bg\u0101ku un klus\u0101ku darb\u012bbu.<\/p>\n<p>LF-199A p\u0101rnesumk\u0101rba, kas izgatavota no augstas kvalit\u0101tes materi\u0101liem, ir ide\u0101li piem\u0113rota gan komerci\u0101liem, gan priv\u0101tiem lietojumiem, nodro\u0161inot iztur\u012bbu, uzticam\u012bbu un lieto\u0161anas \u0113rtumu. T\u0101l\u0101k ir min\u0113tas da\u017eas no galvenaj\u0101m funkcij\u0101m, kas padara LF-199A par iecien\u012btu izv\u0113li rot\u0113jo\u0161o z\u0101les p\u013c\u0101v\u0113ju \u012bpa\u0161niekiem:<\/p>\n<h4>Galven\u0101s iez\u012bmes:<\/h4>\n<ol>\n<li>Viena \u0101truma konstrukcija: LF-199A modelim ir viena \u0101truma konstrukcija, kas nodro\u0161ina past\u0101v\u012bgu un uzticamu darb\u012bbu ar fiks\u0113tu \u0101trumu. Tas vienk\u0101r\u0161o uzst\u0101d\u012b\u0161anu un darb\u012bbu, padarot to par vienk\u0101r\u0161u izv\u0113li liel\u0101kajai da\u013cai rot\u0113jo\u0161o z\u0101les p\u013c\u0101v\u0113ju.<\/li>\n<li>Liels griezes moments: LF-199A, kas paredz\u0113ts lielam griezes momentam, var efekt\u012bvi p\u0101rs\u016bt\u012bt jaudu no dzin\u0113ja uz p\u013c\u0101v\u0113ja asme\u0146iem. \u0160\u012b jauda \u013cauj p\u0101rnesumk\u0101rbai tikt gal\u0101 ar sare\u017e\u0123\u012btiem p\u013cau\u0161anas uzdevumiem pat sare\u017e\u0123\u012btos apst\u0101k\u013cos, neapdraudot efektivit\u0101ti.<\/li>\n<li>Iztur\u012bga konstrukcija: Izgatavots no augst\u0101k\u0101s kvalit\u0101tes materi\u0101liem, piem\u0113ram, \u010duguna vai alum\u012bnija sakaus\u0113jumiem, LF-199A ir rad\u012bts ilgam kalpo\u0161anas laikam. T\u0101 iztur\u012bg\u0101 konstrukcija nodro\u0161ina, ka tas var iztur\u0113t regul\u0101ras lieto\u0161anas rad\u012bto nodilumu, nodro\u0161inot ilgsto\u0161u veiktsp\u0113ju sare\u017e\u0123\u012btos apst\u0101k\u013cos.<\/li>\n<li>Vienk\u0101r\u0161a uzst\u0101d\u012b\u0161ana: LF-199A ir izstr\u0101d\u0101ts, \u0146emot v\u0113r\u0101 vienk\u0101r\u0161u uzst\u0101d\u012b\u0161anu. T\u0101 lietot\u0101jam draudz\u012bg\u0101s mont\u0101\u017eas iesp\u0113jas nodro\u0161ina \u0101tru uzst\u0101d\u012b\u0161anu, samazinot d\u012bkst\u0101ves laiku un apkopes izmaksas. \u0160\u012b funkcija ir \u012bpa\u0161i noder\u012bga komerci\u0101liem operatoriem, kuriem ir j\u0101nodro\u0161ina iek\u0101rtu nevainojama darb\u012bba.<\/li>\n<li>Vienm\u0113r\u012bga un klusa darb\u012bba: Viena no LF-199A p\u0101rnesumk\u0101rbas izcil\u0101kaj\u0101m \u012bpa\u0161\u012bb\u0101m ir t\u0101s vienm\u0113r\u012bg\u0101 darb\u012bba. T\u0101 ir izstr\u0101d\u0101ta, lai samazin\u0101tu troksni un vibr\u0101ciju, un pied\u0101v\u0101 klus\u0101ku un \u0113rt\u0101ku p\u013cau\u0161anas pieredzi, kas ir \u012bpa\u0161i izdev\u012bgi trok\u0161\u0146a jut\u012bg\u0101 vid\u0113.<\/li>\n<li>Piel\u0101gojami p\u0101rnesumu skait\u013ci un griezes momenta jaudas: LF-199A p\u0101rnesumk\u0101rba ir pieejama da\u017e\u0101d\u0101s konfigur\u0101cij\u0101s, tostarp ar da\u017e\u0101diem p\u0101rnesumu skait\u013ciem un griezes momenta jaud\u0101m. \u0160\u012b piel\u0101go\u0161ana \u013cauj piel\u0101got p\u0101rnesumk\u0101rbu da\u017e\u0101du rot\u0113jo\u0161o z\u0101les p\u013c\u0101v\u0113ju \u012bpa\u0161aj\u0101m vajadz\u012bb\u0101m, padarot to par daudzpus\u012bgu iesp\u0113ju pla\u0161am pielietojumu kl\u0101stam.<\/li>\n<li>Samazin\u0101ta apkope un ilg\u0101ks kalpo\u0161anas laiks: Tie\u0161\u0101s piedzi\u0146as konstrukcija un augstas kvalit\u0101tes materi\u0101li samazina kust\u012bgo da\u013cu nodilumu, pagarinot p\u0101rnesumk\u0101rbas kalpo\u0161anas laiku. Tas noz\u012bm\u0113 samazin\u0101tas apkopes pras\u012bbas un zem\u0101kas kop\u0113j\u0101s ekspluat\u0101cijas izmaksas.<\/li>\n<li>Daudzpus\u012bba da\u017e\u0101dos pielietojumos: Neatkar\u012bgi no t\u0101, vai LF-199A izmantojat komerci\u0101l\u0101, r\u016bpniecisk\u0101 vai dz\u012bvojam\u0101 vid\u0113, t\u0101 daudzpus\u012bba padara to par ide\u0101lu risin\u0101jumu da\u017e\u0101diem rot\u0101cijas z\u0101les p\u013c\u0101v\u0113ju veidiem. T\u0101 iztur\u012bg\u0101 konstrukcija ir piem\u0113rota gan liela m\u0113roga darb\u012bb\u0101m, gan maz\u0101k\u0101m, dz\u012bvojam\u0101m z\u0101les p\u013c\u0101v\u0113j\u0101m.<\/li>\n<\/ol>\n<p>Nosl\u0113gum\u0101 j\u0101saka, ka LF-199A rot\u0113jo\u0161\u0101s z\u0101les p\u013c\u0101v\u0113ja p\u0101rnesumk\u0101rba ir iztur\u012bga, efekt\u012bva un viegli kopjama p\u0101rnesumk\u0101rba, kas pied\u0101v\u0101 lielisku jaudas p\u0101rnesi, vienm\u0113r\u012bgu darb\u012bbu un daudzpus\u012bbu. Ar piel\u0101gojam\u0101m funkcij\u0101m un iztur\u012bgu konstrukciju t\u0101 ir ide\u0101la izv\u0113le ikvienam, kur\u0161 mekl\u0113 uzticamu veiktsp\u0113ju no sava rot\u0113jo\u0161\u0101 z\u0101les p\u013c\u0101v\u0113ja.<\/p>\n<p><img loading=\"lazy\" decoding=\"async\" class=\"alignnone size-full wp-image-1907\" src=\"https:\/\/fmp-components.com\/wp-content\/uploads\/2024\/12\/Rotary-Mower-Gearbox16.webp\" alt=\"Rot\u0101cijas z\u0101les p\u013c\u0101v\u0113ja \u0101trumk\u0101rba\" width=\"1278\" height=\"471\" title=\"\" srcset=\"https:\/\/fmp-components.com\/wp-content\/uploads\/2024\/12\/Rotary-Mower-Gearbox16.webp 1278w, https:\/\/fmp-components.com\/wp-content\/uploads\/2024\/12\/Rotary-Mower-Gearbox16-980x361.webp 980w, https:\/\/fmp-components.com\/wp-content\/uploads\/2024\/12\/Rotary-Mower-Gearbox16-480x177.webp 480w\" sizes=\"(min-width: 0px) and (max-width: 480px) 480px, (min-width: 481px) and (max-width: 980px) 980px, (min-width: 981px) 1278px, 100vw\" \/><\/p>\n<h3>Rot\u0101cijas p\u013c\u0101v\u0113ju p\u0101rnesumk\u0101rbu pielietojumi<\/h3>\n<p>Rot\u0113jo\u0161o p\u013caujma\u0161\u012bnu p\u0101rnesumk\u0101rb\u0101m ir iz\u0161\u0137iro\u0161a noz\u012bme da\u017e\u0101d\u0101s lauksaimniec\u012bbas un r\u016bpniec\u012bbas iek\u0101rt\u0101s, nodro\u0161inot nepiecie\u0161amo griezes momentu un \u0101trumu, lai efekt\u012bvi darbin\u0101tu tehniku. \u0160\u012bs p\u0101rnesumk\u0101rbas ir b\u016btiskas rot\u0113jo\u0161o p\u013caujma\u0161\u012bnu grie\u0161anas asme\u0146u piedzi\u0146ai, garant\u0113jot optim\u0101lu veiktsp\u0113ju smagiem darbiem. T\u0101l\u0101k ir nor\u0101d\u012bti da\u017ei no galvenajiem pielietojumiem, kuros rot\u0113jo\u0161o p\u013caujma\u0161\u012bnu p\u0101rnesumk\u0101rbas parasti tiek izmantotas:<\/p>\n<h4>1. Z\u0101les p\u013c\u0101v\u0113ji:<\/h4>\n<p>Rot\u0101cijas p\u013caujma\u0161\u012bnu p\u0101rnesumk\u0101rbas tiek pla\u0161i izmantotas z\u0101les p\u013c\u0101v\u0113jos, lai darbin\u0101tu asme\u0146us, \u013caujot tiem vienm\u0113r\u012bgi un efekt\u012bvi p\u013caut z\u0101li. \u0160\u012bs p\u0101rnesumk\u0101rbas ir paredz\u0113tas, lai nodro\u0161in\u0101tu atbilsto\u0161u griezes momentu un \u0101trumu, garant\u0113jot t\u012bru un vienm\u0113r\u012bgu p\u013cau\u0161anu ar minim\u0101lu vibr\u0101ciju un troksni.<\/p>\n<h4>2. Lauksaimniec\u012bbas tehnika:<\/h4>\n<p>Rot\u0113jo\u0161o p\u013caujma\u0161\u012bnu p\u0101rnesumk\u0101rbas ir b\u016btiska sast\u0101vda\u013ca lauksaimniec\u012bbas apr\u012bkojum\u0101, piem\u0113ram, siena p\u013caujma\u0161\u012bn\u0101s, disku p\u013caujma\u0161\u012bn\u0101s un cit\u0101s kult\u016braugu p\u013cau\u0161anas tehnik\u0101. T\u0101s darbina asme\u0146us siena, z\u0101les un citu kult\u016braugu p\u013cau\u0161anai, nodro\u0161inot vienm\u0113r\u012bgu un efekt\u012bvu p\u013cau\u0161anu, kas ir b\u016btiski lauksaimniec\u012bbas darb\u012bb\u0101m.<\/p>\n<h4>3. Ainavu veido\u0161anas apr\u012bkojums:<\/h4>\n<p>Ainavu veido\u0161anas apr\u012bkojum\u0101, piem\u0113ram, kr\u016bmgrie\u017eos, dz\u012bv\u017eogu \u0161\u0137\u0113r\u0113s un d\u0101rza p\u013caujma\u0161\u012bn\u0101s, rot\u0101cijas p\u013caujma\u0161\u012bnu p\u0101rnesumk\u0101rbas nodro\u0161ina grie\u0161anas asme\u0146u darbin\u0101\u0161anai nepiecie\u0161amo jaudu. \u0160\u012bs p\u0101rnesumk\u0101rbas pal\u012bdz uztur\u0113t z\u0101l\u0101jus, d\u0101rzus un ainavas, nodro\u0161inot prec\u012bzu grie\u0161anu un apgrie\u0161anu, padarot t\u0101s par v\u0113rt\u012bgu instrumentu gan profesion\u0101liem ainavu veidot\u0101jiem, gan m\u0101ju \u012bpa\u0161niekiem.<\/p>\n<h4>4. Z\u0101les p\u013c\u0101v\u0113ji ar sprigu\u013ciem:<\/h4>\n<p>Sprigulveida z\u0101les p\u013c\u0101v\u0113ji, kurus galvenok\u0101rt izmanto bl\u012bvas ve\u0123et\u0101cijas p\u013cau\u0161anai, darbojas ar rot\u0113jo\u0161\u0101m p\u013c\u0101v\u0113ja p\u0101rnesumk\u0101rb\u0101m, kas darbina sprigul\u012b\u0161us, kuri sasmalcina z\u0101li, nez\u0101les un citus augu materi\u0101lus. P\u0101rnesumk\u0101rba nodro\u0161ina pietiekamu griezes momentu, lai tiktu gal\u0101 ar gr\u016bti apstr\u0101d\u0101jam\u0101m, aizaugu\u0161\u0101m plat\u012bb\u0101m.<\/p>\n<h4>5. M\u0113slojuma izklied\u0113t\u0101ji:<\/h4>\n<p>Da\u017ei m\u0113slojuma izklied\u0113t\u0101ji izmanto rot\u0101cijas p\u013caujma\u0161\u012bnas p\u0101rnesumk\u0101rbas, lai darbin\u0101tu izklied\u0113t\u0101ja meh\u0101nismu, nodro\u0161inot vienm\u0113r\u012bgu un nemain\u012bgu m\u0113slojuma izkliedi liel\u0101s plat\u012bb\u0101s. P\u0101rnesumk\u0101rba nodro\u0161ina nepiecie\u0161amo griezes momentu, lai kontrol\u0113tu izklied\u0113t\u0101ja kust\u012bbu, garant\u0113jot precizit\u0101ti un efektivit\u0101ti.<\/p>\n<h4>6. Bar\u012bbas mais\u012bt\u0101ji:<\/h4>\n<p>Bar\u012bbas mais\u012bt\u0101jos rot\u0101cijas p\u013caujma\u0161\u012bnas p\u0101rnesumk\u0101rbas tiek izmantotas, lai darbin\u0101tu mais\u012b\u0161anas asme\u0146us, pal\u012bdzot vienm\u0113r\u012bgi sajaukt dz\u012bvnieku bar\u012bbas sast\u0101vda\u013cas. P\u0101rnesumk\u0101rba nodro\u0161ina, ka mais\u012b\u0161anas asme\u0146i grie\u017eas ar atbilsto\u0161u \u0101trumu un griezes momentu, uzlabojot bar\u012bbas mais\u012bjuma konsistenci.<\/p>\n<h4>7. Pasta bedru rac\u0113ji:<\/h4>\n<p>Rot\u0113jo\u0161\u0101s z\u0101les p\u013c\u0101v\u0113ju p\u0101rnesumk\u0101rbas tiek izmantotas ar\u012b stabu bedru rac\u0113jos, kur t\u0101s darbina urbjus, kas urbj bedres \u017eogu veido\u0161anai, st\u0101d\u012b\u0161anai vai citiem darbiem. P\u0101rnesumk\u0101rbas augst\u0101 griezes momenta jauda nodro\u0161ina, ka urbis var efekt\u012bvi iek\u013c\u016bt ciet\u0101 augsn\u0113.<\/p>\n<h4>8. Rot\u0101cijas fr\u0113zes:<\/h4>\n<p>Rot\u0101cijas fr\u0113z\u0113s, ko izmanto augsnes sagatavo\u0161anai st\u0101d\u012b\u0161anai, rot\u0101cijas p\u013caujma\u0161\u012bnu p\u0101rnesumk\u0101rbas darbina augsnes apstr\u0101des asme\u0146us, nodro\u0161inot efekt\u012bvu augsnes apstr\u0101di. \u0160\u012bs p\u0101rnesumk\u0101rbas pal\u012bdz augsnes apstr\u0101des asme\u0146iem griezties ar nepiecie\u0161amo \u0101trumu un griezes momentu, lai irdin\u0101tu augsni un iemais\u012btu organisk\u0101s vielas.<\/p>\n<h4>9. Sniega slauc\u012b\u0161i:<\/h4>\n<p>Da\u017eas sniega t\u012br\u012b\u0161anas iek\u0101rtas, piem\u0113ram, <strong>sniega t\u012br\u012bt\u0101ji<\/strong>, izmanto rot\u0101cijas z\u0101les p\u013c\u0101v\u0113ju p\u0101rnesumk\u0101rbas, lai darbin\u0101tu rot\u0113jo\u0161\u0101s birstes vai glieme\u017ev\u0101kus, kas t\u012bra sniegu no ce\u013ciem, autost\u0101vviet\u0101m un g\u0101j\u0113ju celi\u0146iem. P\u0101rnesumk\u0101rba nodro\u0161ina, ka tiek p\u0101rraid\u012bta pietiekama jauda, \u200b\u200blai efekt\u012bvi p\u0101rvietotu sniegu aukst\u0101, sare\u017e\u0123\u012btos apst\u0101k\u013cos.<\/p>\n<p>Rot\u0113jo\u0161o z\u0101les p\u013c\u0101v\u0113ju p\u0101rnesumk\u0101rbas ir daudzpus\u012bgas sast\u0101vda\u013cas, kas darbina grie\u0161anas un rot\u0101cijas meh\u0101nismus pla\u0161\u0101 lauksaimniec\u012bbas, ainavu veido\u0161anas un r\u016bpniec\u012bbas iek\u0101rtu kl\u0101st\u0101. S\u0101kot ar z\u0101les p\u013c\u0101v\u0113jiem un beidzot ar bar\u012bbas mais\u012bt\u0101jiem un kr\u016bmu p\u013c\u0101v\u0113jiem, \u0161\u012bs p\u0101rnesumk\u0101rbas nodro\u0161ina nepiecie\u0161amo griezes momentu un \u0101trumu, lai garant\u0113tu uzticamu un efekt\u012bvu veiktsp\u0113ju sare\u017e\u0123\u012btos apst\u0101k\u013cos. To robust\u0101 konstrukcija un sp\u0113ja efekt\u012bvi p\u0101rvad\u012bt jaudu padara t\u0101s par b\u016btisku sast\u0101vda\u013cu iek\u0101rt\u0101s, ko izmanto gan komerci\u0101liem, gan dz\u012bvojamiem objektiem.<\/p>\n<p><img loading=\"lazy\" decoding=\"async\" class=\"alignnone size-full wp-image-1906\" src=\"https:\/\/fmp-components.com\/wp-content\/uploads\/2024\/12\/Rotary-Mower-Gearbox17.webp\" alt=\"Rot\u0101cijas z\u0101les p\u013c\u0101v\u0113ja \u0101trumk\u0101rba\" width=\"1280\" height=\"463\" title=\"\" srcset=\"https:\/\/fmp-components.com\/wp-content\/uploads\/2024\/12\/Rotary-Mower-Gearbox17.webp 1280w, https:\/\/fmp-components.com\/wp-content\/uploads\/2024\/12\/Rotary-Mower-Gearbox17-980x354.webp 980w, https:\/\/fmp-components.com\/wp-content\/uploads\/2024\/12\/Rotary-Mower-Gearbox17-480x174.webp 480w\" sizes=\"(min-width: 0px) and (max-width: 480px) 480px, (min-width: 481px) and (max-width: 980px) 980px, (min-width: 981px) 1280px, 100vw\" \/><\/p>\n<h3><strong>Par FMP<\/strong><\/h3>\n<p>FMP, kas atrodas It\u0101lij\u0101, ir labi paz\u012bstams l\u012bderis p\u0101rnesumk\u0101rbu, reduktoru un in\u017eeniertehnisko iek\u0101rtu p\u0113tniec\u012bb\u0101, izstr\u0101d\u0113 un ra\u017eo\u0161an\u0101. Uz\u0146\u0113mums ir izveidojis savu reput\u0101ciju, koncentr\u0113joties uz inov\u0101cij\u0101m, kvalit\u0101ti un ap\u0146em\u0161anos veicin\u0101t talantus, pozicion\u0113jot sevi k\u0101 galveno sp\u0113l\u0113t\u0101ju \u0161aj\u0101 jom\u0101.<\/p>\n<p><strong>Visaptvero\u0161s produktu portfelis<\/strong><\/p>\n<p>FMP daudzveid\u012bgais produktu kl\u0101sts ietver:<\/p>\n<ul>\n<li>Spir\u0101lveida konusveida p\u0101rnesumk\u0101rbas<\/li>\n<li>Spur p\u0101rnesumk\u0101rbas<\/li>\n<li>T\u0101rpu p\u0101rnesumk\u0101rbas<\/li>\n<li>Cilindriskas p\u0101rnesumk\u0101rbas<\/li>\n<li>Augstspiediena lietie v\u0101rstu korpusi un korpusi<\/li>\n<\/ul>\n<p><strong>Pla\u0161s pielietojums da\u017e\u0101d\u0101s nozar\u0113s<\/strong><\/p>\n<p>FMP produkti ir \u013coti daudzpus\u012bgi, apkalpojot pla\u0161u nozaru kl\u0101stu, piem\u0113ram:<\/p>\n<ul>\n<li><strong>Lauksaimniec\u012bba<\/strong>Rot\u0113jo\u0161\u0101s z\u0101les p\u013c\u0101v\u0113jas, sniega slauc\u012bt\u0101ji, m\u0113slojuma izklied\u0113t\u0101ji un graudu konveijeri.<\/li>\n<li><strong>R\u016bpniecisk\u0101s iek\u0101rtas<\/strong>Ma\u0161\u012bnas, ko izmanto naftas ieguv\u0113, j\u016bras lietojumos un hidraulisk\u0101s sast\u0101vda\u013cas in\u017eeniertehniskiem projektiem.<\/li>\n<\/ul>\n<p><strong>Uzlabota ra\u017eo\u0161anas izcil\u012bba<\/strong><\/p>\n<p>FMP lepojas ar sav\u0101m sp\u0113c\u012bgaj\u0101m tehniskaj\u0101m un p\u0113tniec\u012bbas un att\u012bst\u012bbas iesp\u0113j\u0101m, kas nodro\u0161ina uzticamu, augstas kvalit\u0101tes produktu ra\u017eo\u0161anu. Vi\u0146u ra\u017eo\u0161anas process ietver:<\/p>\n<ul>\n<li><strong>Produkta dizains<\/strong>Tiek izstr\u0101d\u0101tas piel\u0101gotas specifik\u0101cijas, tostarp p\u0101rnesumk\u0101rbas tips, materi\u0101ls un izm\u0113ri.<\/li>\n<li><strong>Materi\u0101lu izv\u0113le<\/strong>Optim\u0101lai veiktsp\u0113jai tiek izv\u0113l\u0113ti augstas kvalit\u0101tes materi\u0101li, piem\u0113ram, \u010duguns un alum\u012bnija sakaus\u0113jumi.<\/li>\n<li><strong>Prec\u012bza apstr\u0101de<\/strong>Prec\u012bzai deta\u013cu izgatavo\u0161anai tiek izmantotas t\u0101das progres\u012bvas metodes k\u0101 virpo\u0161ana un fr\u0113z\u0113\u0161ana.<\/li>\n<li><strong>Asambleja<\/strong>Zobrati, gult\u0146i un v\u0101rpstas ir r\u016bp\u012bgi salikti, nodro\u0161inot pareizu izl\u012bdzin\u0101\u0161anu un e\u013c\u013co\u0161anu.<\/li>\n<li><strong>Termisk\u0101 apstr\u0101de<\/strong>P\u0101rnesumk\u0101rbas ir apstr\u0101d\u0101tas, lai uzlabotu iztur\u012bbu un nodilumiztur\u012bbu.<\/li>\n<li><strong>Virsmas apstr\u0101de<\/strong>Pul\u0113\u0161ana un pulverkr\u0101so\u0161ana uzlabo gan izskatu, gan iztur\u012bbu pret koroziju.<\/li>\n<li><strong>Kvalit\u0101tes kontrole<\/strong>Stingrs p\u0101rbaudes un test\u0113\u0161anas process nodro\u0161ina, ka katrs produkts atbilst stabilit\u0101tes un precizit\u0101tes veiktsp\u0113jas standartiem.<\/li>\n<\/ul>\n<p><strong>Nozares reput\u0101cija<\/strong><\/p>\n<p>FMP ap\u0146em\u0161an\u0101s nodro\u0161in\u0101t kvalit\u0101ti, inov\u0101cijas un klientu apmierin\u0101t\u012bbu ir nostiprin\u0101jusi t\u0101 reput\u0101ciju k\u0101 vado\u0161ajam ra\u017eot\u0101jam nozar\u0113. Uz\u0146\u0113muma uzman\u012bbas centr\u0101 ir meistar\u012bba un progres\u012bvas tehnolo\u0123ijas, kas veicina t\u0101 ap\u0146em\u0161anos sniegt ilgsto\u0161u v\u0113rt\u012bbu.<\/p>\n<p><strong>Sadarbojieties ar mums<\/strong><\/p>\n<p>FMP ir atv\u0113rts glob\u0101l\u0101m partner\u012bb\u0101m un sadarb\u012bbai. Lai ieg\u016btu pla\u0161\u0101ku inform\u0101ciju par m\u016bsu produktiem un pakalpojumiem, sazinieties ar mums pa t\u0101lruni vai e-pastu. M\u0113s cen\u0161amies nodro\u0161in\u0101t piel\u0101gotus risin\u0101jumus, lai apmierin\u0101tu m\u016bsu klientu unik\u0101l\u0101s vajadz\u012bbas.<\/p>\n<p><img loading=\"lazy\" decoding=\"async\" class=\"alignnone size-full wp-image-1861\" src=\"https:\/\/fmp-components.com\/wp-content\/uploads\/2024\/12\/Other-Agricultural-Gearboxes.webp\" alt=\"Citas lauksaimniec\u012bbas tehnikas p\u0101rnesumk\u0101rbas\" width=\"1200\" height=\"1400\" title=\"\" srcset=\"https:\/\/fmp-components.com\/wp-content\/uploads\/2024\/12\/Other-Agricultural-Gearboxes.webp 1200w, https:\/\/fmp-components.com\/wp-content\/uploads\/2024\/12\/Other-Agricultural-Gearboxes-980x1143.webp 980w, https:\/\/fmp-components.com\/wp-content\/uploads\/2024\/12\/Other-Agricultural-Gearboxes-480x560.webp 480w\" sizes=\"(min-width: 0px) and (max-width: 480px) 480px, (min-width: 481px) and (max-width: 980px) 980px, (min-width: 981px) 1200px, 100vw\" \/><\/p>\n<p>Autors: CX<\/p>","protected":false},"excerpt":{"rendered":"<p>Specifications of\u00a0Rotary Mower Gearbox LF-199A\u00a0 Model: Rotary Mower Gearbox Replacement of Comer Gearboxes LF-199A Type of application: Speed increasing unit Input power rate: \u00a045Cv-33Kw (540RPM) Ratio: 3,00 Outputs: 2 Rotation: The rotation is defined as either clocwise or counter-clockwise by looking &#8220;into&#8221; the components in motion ( shaft, pulley, or sprocket), with the gearbox behind [&hellip;]<\/p>","protected":false},"featured_media":1905,"comment_status":"open","ping_status":"closed","template":"","meta":{"_et_pb_use_builder":"","_et_pb_old_content":"","_et_gb_content_width":""},"product_brand":[],"product_cat":[51],"product_tag":[],"class_list":{"0":"post-1900","1":"product","2":"type-product","3":"status-publish","4":"has-post-thumbnail","6":"product_cat-rotary-mower-gearbox","8":"first","9":"instock","10":"shipping-taxable","11":"product-type-simple"},"_links":{"self":[{"href":"https:\/\/fmp-components.com\/lv\/wp-json\/wp\/v2\/product\/1900","targetHints":{"allow":["GET"]}}],"collection":[{"href":"https:\/\/fmp-components.com\/lv\/wp-json\/wp\/v2\/product"}],"about":[{"href":"https:\/\/fmp-components.com\/lv\/wp-json\/wp\/v2\/types\/product"}],"replies":[{"embeddable":true,"href":"https:\/\/fmp-components.com\/lv\/wp-json\/wp\/v2\/comments?post=1900"}],"wp:featuredmedia":[{"embeddable":true,"href":"https:\/\/fmp-components.com\/lv\/wp-json\/wp\/v2\/media\/1905"}],"wp:attachment":[{"href":"https:\/\/fmp-components.com\/lv\/wp-json\/wp\/v2\/media?parent=1900"}],"wp:term":[{"taxonomy":"product_brand","embeddable":true,"href":"https:\/\/fmp-components.com\/lv\/wp-json\/wp\/v2\/product_brand?post=1900"},{"taxonomy":"product_cat","embeddable":true,"href":"https:\/\/fmp-components.com\/lv\/wp-json\/wp\/v2\/product_cat?post=1900"},{"taxonomy":"product_tag","embeddable":true,"href":"https:\/\/fmp-components.com\/lv\/wp-json\/wp\/v2\/product_tag?post=1900"}],"curies":[{"name":"wp","href":"https:\/\/api.w.org\/{rel}","templated":true}]}}