{"id":1895,"date":"2024-12-24T08:55:37","date_gmt":"2024-12-24T08:55:37","guid":{"rendered":"https:\/\/fmp-components.com\/?page_id=8"},"modified":"2024-12-24T08:55:37","modified_gmt":"2024-12-24T08:55:37","slug":"rotary-mower-gearbox-replacement-of-comer-code-lf-32j","status":"publish","type":"product","link":"https:\/\/fmp-components.com\/lv\/product\/rotary-mower-gearbox-replacement-of-comer-code-lf-32j\/","title":{"rendered":"Rot\u0113jo\u0161\u0101 z\u0101les p\u013c\u0101v\u0113ja p\u0101rnesumk\u0101rba \u2014 Comer koda LF-32J nomai\u0146a"},"content":{"rendered":"<h2>Rot\u0113jo\u0161\u0101s z\u0101les p\u013c\u0101v\u0113ja reduktora LF-32J specifik\u0101cijas<\/h2>\n<p><img loading=\"lazy\" decoding=\"async\" class=\"alignnone size-full wp-image-1899\" src=\"https:\/\/fmp-components.com\/wp-content\/uploads\/2024\/12\/rotary-mower-gearbox-specification-lf32a.webp\" alt=\"rot\u0113jo\u0161\u0101s z\u0101les p\u013c\u0101v\u0113ja p\u0101rnesumk\u0101rba\" width=\"964\" height=\"434\" title=\"\" srcset=\"https:\/\/fmp-components.com\/wp-content\/uploads\/2024\/12\/rotary-mower-gearbox-specification-lf32a.webp 964w, https:\/\/fmp-components.com\/wp-content\/uploads\/2024\/12\/rotary-mower-gearbox-specification-lf32a-480x216.webp 480w\" sizes=\"(min-width: 0px) and (max-width: 480px) 480px, (min-width: 481px) 964px, 100vw\" \/><\/p>\n<table style=\"width: 98.6462%; height: 209px;\" border=\"1\">\n<tbody>\n<tr>\n<td><strong>es<\/strong><\/td>\n<td>1.93<\/td>\n<\/tr>\n<tr>\n<td><strong>N<sub>1<\/sub>[apgr.\/min]<\/strong><\/td>\n<td>540<\/td>\n<\/tr>\n<tr>\n<td><strong>P<sub>1<\/sub>[kW]<\/strong><\/td>\n<td>44.1<\/td>\n<\/tr>\n<tr>\n<td><strong>M<sub>2<\/sub>[Nm]<\/strong><\/td>\n<td>393<\/td>\n<\/tr>\n<tr>\n<td><strong>X tipa v\u0101rpsta<\/strong><\/td>\n<td>1\u201d 3\/8 Z6<\/td>\n<\/tr>\n<tr>\n<td><strong>Z tipa v\u0101rpsta<\/strong><\/td>\n<td>Rumbas savienojums<\/td>\n<\/tr>\n<tr>\n<td><strong>Ievade<\/strong><\/td>\n<td>X<\/td>\n<\/tr>\n<\/tbody>\n<\/table>\n<h3>Kard\u0101nv\u0101rpstas rot\u0101cijas z\u0101les p\u013c\u0101v\u0113ju p\u0101rnesumk\u0101rb\u0101m<\/h3>\n<p>Izv\u0113loties rot\u0113jo\u0161\u0101s z\u0101les p\u013c\u0101v\u0113ja p\u0101rnesumk\u0101rbas j\u016bgv\u0101rpstu (PTO), ir svar\u012bgi izv\u0113l\u0113ties pareiz\u0101s specifik\u0101cijas, lai nodro\u0161in\u0101tu optim\u0101lu veiktsp\u0113ju un dro\u0161\u012bbu. J\u016bgv\u0101rpsta kalpo k\u0101 saikne starp traktora dzin\u0113ju un p\u0101rnesumk\u0101rbu, p\u0101rnesot jaudu, kas nepiecie\u0161ama p\u013c\u0101v\u0113ja asme\u0146u efekt\u012bvai darb\u012bbai.<\/p>\n<h4>Galvenie apsv\u0113rumi pareiz\u0101s kard\u0101nv\u0101rpstas izv\u0113lei<\/h4>\n<ol>\n<li><strong>Pareizais garums un diametrs:<\/strong> J\u016bgv\u0101rpstas garums ir r\u016bp\u012bgi j\u0101izm\u0113ra, lai tas atbilstu j\u016bsu konkr\u0113tajam pielietojumam. Izm\u0113riet att\u0101lumu no traktora j\u016bgv\u0101rpstas rievas centra l\u012bdz p\u0101rnesumk\u0101rbas ieejas rievas centram. Pareiza garuma nodro\u0161in\u0101\u0161ana ir \u013coti svar\u012bga pareizai izl\u012bdzin\u0101\u0161anai, p\u0101rm\u0113r\u012bgas slodzes nov\u0113r\u0161anai uz piedzi\u0146as meh\u0101nisma un vienm\u0113r\u012bgas jaudas p\u0101rneses nodro\u0161in\u0101\u0161anai. J\u016bgv\u0101rpstas diametru parasti nosaka traktora jauda un p\u0101rnesumk\u0101rbas izm\u0113rs. V\u0101rpsta, kas ir p\u0101r\u0101k maza nepiecie\u0161amajai jaudai, var izrais\u012bt p\u0101rkar\u0161anu vai l\u016bzumu, savuk\u0101rt p\u0101r\u0101k liela v\u0101rpsta var izrais\u012bt neefekt\u012bvu darb\u012bbu.<\/li>\n<li><strong>Jaudas un griezes momenta v\u0113rt\u0113jumi:<\/strong> Lai rot\u0113jo\u0161\u0101s z\u0101les p\u013c\u0101v\u0113ja p\u0101rnesumk\u0101rba darbotos dro\u0161i un efekt\u012bvi, ir svar\u012bgi izv\u0113l\u0113ties j\u016bgv\u0101rpstu ar pareizu zirgsp\u0113ku un griezes momenta v\u0113rt\u0113jumu. Katrai p\u0101rnesumk\u0101rbai ir noteiktas griezes momenta un jaudas pras\u012bbas, kuras parasti var atrast ra\u017eot\u0101ja specifik\u0101cij\u0101s. Ir svar\u012bgi saska\u0146ot j\u016bgv\u0101rpstas v\u0113rt\u0113jumu ar \u0161\u012bm pras\u012bb\u0101m, lai izvair\u012btos no p\u0101rnesumk\u0101rbas vai pa\u0161as j\u016bgv\u0101rpstas p\u0101rslodzes.<\/li>\n<li><strong>Sader\u012bba ar apr\u012bkojumu:<\/strong> Ir svar\u012bgi nodro\u0161in\u0101t, lai j\u016bgv\u0101rpsta b\u016btu sader\u012bga gan ar traktoru, gan rot\u0113jo\u0161\u0101s z\u0101les p\u013c\u0101v\u0113ja p\u0101rnesumk\u0101rbu. J\u016bgv\u0101rpstas ir pieejamas da\u017e\u0101dos izm\u0113ros, tostarp da\u017e\u0101dos rievu veidos un konfigur\u0101cij\u0101s. P\u0101rliecinieties, vai j\u016bgv\u0101rpsta atbilst rievu tipam gan traktora j\u016bgv\u0101rpstas izej\u0101, gan p\u0101rnesumk\u0101rbas ieejas v\u0101rpst\u0101.<\/li>\n<li><strong>Dro\u0161\u012bbas funkcijas:<\/strong> Daudzas kard\u0101nv\u0101rpstas ir apr\u012bkotas ar dro\u0161\u012bbas funkcij\u0101m, piem\u0113ram, b\u012bdes tapu vai sl\u012bdo\u0161o saj\u016bgu, kas paredz\u0113tas gan iek\u0101rtas, gan operatora aizsardz\u012bbai p\u0101rslodzes vai blo\u0137\u0113\u0161anas gad\u012bjum\u0101. \u0160\u012bs funkcijas pal\u012bdz nov\u0113rst d\u0101rgus p\u0101rnesumk\u0101rbas vai citu tehnikas da\u013cu boj\u0101jumus un uzlabo dro\u0161\u012bbu ekspluat\u0101cijas laik\u0101. Vienm\u0113r izv\u0113lieties kard\u0101nv\u0101rpstu ar \u0161\u012bm dro\u0161\u012bbas funkcij\u0101m, lai samazin\u0101tu negad\u012bjumu vai iek\u0101rtu boj\u0101jumu risku.<\/li>\n<\/ol>\n<h4>Regul\u0101ra apkope ilgm\u016b\u017e\u012bbai un efektivit\u0101tei<\/h4>\n<p>Lai nodro\u0161in\u0101tu j\u016bsu j\u016bgv\u0101rpstas ilgm\u016b\u017e\u012bbu un optim\u0101lu veiktsp\u0113ju, nepiecie\u0161ama regul\u0101ra apkope. Tas ietver:<\/p>\n<ul>\n<li><strong>E\u013c\u013co\u0161ana:<\/strong> P\u0101rliecinieties, vai kard\u0101nv\u0101rpsta un t\u0101s savienojumi ir pareizi iee\u013c\u013coti. Regul\u0101ra e\u013c\u013co\u0161ana samazina berzi, kas savuk\u0101rt samazina deta\u013cu nodilumu un pal\u012bdz pagarin\u0101t to kalpo\u0161anas laiku.<\/li>\n<li><strong>Nodiluma un boj\u0101jumu p\u0101rbaude:<\/strong> Periodiski p\u0101rbaudiet j\u016bgv\u0101rpstu, vai nav nodiluma paz\u012bmju, piem\u0113ram, saliektas v\u0101rpstas, boj\u0101ti rievas vai p\u0101rm\u0113r\u012bga br\u012bvkust\u012bba. Visas boj\u0101t\u0101s deta\u013cas nekav\u0113joties j\u0101nomaina, lai nov\u0113rstu turpm\u0101kus apr\u012bkojuma boj\u0101jumus vai b\u012bstamus darb\u012bbas trauc\u0113jumus ekspluat\u0101cijas laik\u0101.<\/li>\n<li><strong>Pareiza uzglab\u0101\u0161ana:<\/strong> Kad kard\u0101nv\u0101rpsta netiek lietota, uzglab\u0101jiet to saus\u0101, t\u012br\u0101 viet\u0101, lai pasarg\u0101tu to no laikapst\u0101k\u013ciem. Tas pal\u012bdz nov\u0113rst r\u016bsas vai korozijas veido\u0161anos, kas var trauc\u0113t v\u0101rpstas darb\u012bbu un ilgm\u016b\u017e\u012bbu.<\/li>\n<\/ul>\n<p>Izv\u0113loties atbilsto\u0161u j\u016bgv\u0101rpstu un pareizi to apkopjot, j\u016bs varat nodro\u0161in\u0101t efekt\u012bvu jaudas p\u0101rnesi, pagarin\u0101t gan j\u016bgv\u0101rpstas, gan rot\u0113jo\u0161\u0101s z\u0101les p\u013c\u0101v\u0113ja p\u0101rnesumk\u0101rbas kalpo\u0161anas laiku un uzlabot apr\u012bkojuma kop\u0113jo veiktsp\u0113ju un dro\u0161\u012bbu.<\/p>\n<h4>Kard\u0101nv\u0101rpstas un rot\u0113jo\u0161o z\u0101les p\u013c\u0101v\u0113ju p\u0101rnesumk\u0101rbas \u2013 pieejamas ieg\u0101dei<\/h4>\n<p>M\u0113s pied\u0101v\u0101jam augstas kvalit\u0101tes kard\u0101nv\u0101rpstas, kas paredz\u0113tas pla\u0161am rot\u0113jo\u0161o p\u013caujma\u0161\u012bnu p\u0101rnesumk\u0101rbu kl\u0101stam. M\u016bsu kard\u0101nv\u0101rpstas ir izgatavotas, lai atbilstu stingraj\u0101m lauksaimniec\u012bbas un r\u016bpniec\u012bbas pras\u012bb\u0101m. Neatkar\u012bgi no t\u0101, vai nomain\u0101t eso\u0161u kard\u0101nv\u0101rpstu vai apr\u012bkojat jaunu apr\u012bkojumu, m\u0113s pied\u0101v\u0101jam uzticamus un iztur\u012bgus risin\u0101jumus. Sazinieties ar mums, lai ieg\u016btu pla\u0161\u0101ku inform\u0101ciju par m\u016bsu kard\u0101nv\u0101rpstu pied\u0101v\u0101jumiem vai veiktu pas\u016bt\u012bjumu.<\/p>\n<p><img loading=\"lazy\" decoding=\"async\" class=\"alignnone size-full wp-image-1898\" src=\"https:\/\/fmp-components.com\/wp-content\/uploads\/2024\/12\/pto-and-rotary-mower-gearbox.webp\" alt=\"rot\u0113jo\u0161\u0101s z\u0101les p\u013c\u0101v\u0113ja p\u0101rnesumk\u0101rba\" width=\"920\" height=\"690\" title=\"\" srcset=\"https:\/\/fmp-components.com\/wp-content\/uploads\/2024\/12\/pto-and-rotary-mower-gearbox.webp 920w, https:\/\/fmp-components.com\/wp-content\/uploads\/2024\/12\/pto-and-rotary-mower-gearbox-480x360.webp 480w\" sizes=\"(min-width: 0px) and (max-width: 480px) 480px, (min-width: 481px) 920px, 100vw\" \/><\/p>\n<h3>Par FMP<\/h3>\n<p>FMP, kas atrodas It\u0101lij\u0101, ir atz\u012bts uz\u0146\u0113mums, kas specializ\u0113jas p\u0101rnesumk\u0101rbu, reduktoru un in\u017eeniertehnisko iek\u0101rtu p\u0113tniec\u012bb\u0101, izstr\u0101d\u0113 un ra\u017eo\u0161an\u0101. Ar stingru ap\u0146em\u0161anos att\u012bst\u012bt talantus un veicin\u0101t inov\u0101cijas, FMP ir k\u013cuvis par l\u012bderi sav\u0101 jom\u0101.<\/p>\n<h3>Daudzveid\u012bgs produktu portfelis<\/h3>\n<p>Uz\u0146\u0113muma produktu kl\u0101st\u0101 ietilpst:<\/p>\n<ul>\n<li><strong>Spir\u0101lveida konusveida p\u0101rnesumk\u0101rbas<\/strong><\/li>\n<li><strong>Spur p\u0101rnesumk\u0101rbas<\/strong><\/li>\n<li><strong>T\u0101rpu p\u0101rnesumk\u0101rbas<\/strong><\/li>\n<li><strong>Cilindriskas p\u0101rnesumk\u0101rbas<\/strong><\/li>\n<li><strong>Augstspiediena lietie v\u0101rstu korpusi un korpusi<\/strong><\/li>\n<\/ul>\n<h3>Pla\u0161a spektra pielietojumi<\/h3>\n<p>FMP produkti ir \u013coti daudzpus\u012bgi un kalpo daudz\u0101m nozar\u0113m, tostarp:<\/p>\n<ul>\n<li><strong>Lauksaimniec\u012bba<\/strong>Izmanto rot\u0113jo\u0161aj\u0101s z\u0101les p\u013c\u0101v\u0113j\u0101s, sniega t\u012br\u012bt\u0101jos, m\u0113slojuma izklied\u0113t\u0101jos un graudu konveijeros.<\/li>\n<li><strong>R\u016bpniecisk\u0101s iek\u0101rtas<\/strong>Atbalsta iek\u0101rtas naftas ieguvei, j\u016bras lietojumiem un hidraulisk\u0101s sast\u0101vda\u013cas in\u017eeniertehniskiem projektiem.<\/li>\n<\/ul>\n<h3>Uzlaboti ra\u017eo\u0161anas procesi<\/h3>\n<p>FMP lepojas ar sav\u0101m sp\u0113c\u012bgaj\u0101m tehniskaj\u0101m un p\u0113tniec\u012bbas un att\u012bst\u012bbas iesp\u0113j\u0101m, ra\u017eojot uzticamus, augstas kvalit\u0101tes produktus, izmantojot r\u016bp\u012bgu ra\u017eo\u0161anas procesu:<\/p>\n<ol>\n<li><strong>Produkta dizains<\/strong>Tiek izstr\u0101d\u0101tas piel\u0101gotas specifik\u0101cijas, tostarp p\u0101rnesumk\u0101rbas tips, materi\u0101ls un izm\u0113ri.<\/li>\n<li><strong>Materi\u0101lu sagatavo\u0161ana<\/strong>Tiek atlas\u012bti un sagatavoti augstas kvalit\u0101tes materi\u0101li, piem\u0113ram, \u010duguns un alum\u012bnija sakaus\u0113jumi.<\/li>\n<li><strong>Prec\u012bza apstr\u0101de<\/strong>T\u0101das sast\u0101vda\u013cas k\u0101 zobratu v\u0101rpstas un korpusi tiek apstr\u0101d\u0101tas, izmantojot progres\u012bvas metodes, piem\u0113ram, virpo\u0161anu un fr\u0113z\u0113\u0161anu.<\/li>\n<li><strong>Asambleja<\/strong>Zobrati, gult\u0146i un v\u0101rpstas ir samont\u0113tas korpus\u0101, nodro\u0161inot prec\u012bzu izl\u012bdzin\u0101\u0161anu un pareizu e\u013c\u013co\u0161anu.<\/li>\n<li><strong>Termisk\u0101 apstr\u0101de<\/strong>P\u0101rnesumk\u0101rbas tiek pak\u013cautas termiskai apstr\u0101dei, lai uzlabotu iztur\u012bbu un nodilumiztur\u012bbu.<\/li>\n<li><strong>Virsmas apstr\u0101de<\/strong>T\u0101di procesi k\u0101 pul\u0113\u0161ana un pulverkr\u0101so\u0161ana uzlabo izskatu un iztur\u012bbu pret koroziju.<\/li>\n<li><strong>Kvalit\u0101tes kontrole<\/strong>Stingras p\u0101rbaudes un test\u0113\u0161ana nodro\u0161ina stabilit\u0101ti, precizit\u0101ti un atbilst\u012bbu veiktsp\u0113jas standartiem.<\/li>\n<\/ol>\n<h3>Nozares reput\u0101cija<\/h3>\n<p>FMP ap\u0146em\u0161an\u0101s nodro\u0161in\u0101t kvalit\u0101ti, inov\u0101cijas un klientu apmierin\u0101t\u012bbu ir nodro\u0161in\u0101jusi tam izcilu reput\u0101ciju ra\u017eo\u0161anas nozar\u0113. Uz\u0146\u0113mums iev\u0113ro filozofiju, kuras centr\u0101 ir meistar\u012bba, progres\u012bvas tehnolo\u0123ijas un ilgsto\u0161as \u200b\u200bv\u0113rt\u012bbas nodro\u0161in\u0101\u0161ana.<\/p>\n<h3>Sadarbojieties ar mums<\/h3>\n<p>FMP atzin\u012bgi v\u0113rt\u0113 sadarb\u012bbas iesp\u0113jas ar klientiem un partneriem vis\u0101 pasaul\u0113. Ja jums ir jaut\u0101jumi par m\u016bsu produktiem un pakalpojumiem, l\u016bdzu, sazinieties ar mums pa t\u0101lruni vai e-pastu. M\u0113s esam ap\u0146\u0113mu\u0161ies sniegt piel\u0101gotus risin\u0101jumus, kas atbilst j\u016bsu vajadz\u012bb\u0101m.<\/p>\n<p><img loading=\"lazy\" decoding=\"async\" class=\"alignnone size-full wp-image-1861\" src=\"https:\/\/fmp-components.com\/wp-content\/uploads\/2024\/12\/Other-Agricultural-Gearboxes.webp\" alt=\"Citas lauksaimniec\u012bbas tehnikas p\u0101rnesumk\u0101rbas\" width=\"1200\" height=\"1400\" title=\"\" srcset=\"https:\/\/fmp-components.com\/wp-content\/uploads\/2024\/12\/Other-Agricultural-Gearboxes.webp 1200w, https:\/\/fmp-components.com\/wp-content\/uploads\/2024\/12\/Other-Agricultural-Gearboxes-980x1143.webp 980w, https:\/\/fmp-components.com\/wp-content\/uploads\/2024\/12\/Other-Agricultural-Gearboxes-480x560.webp 480w\" sizes=\"(min-width: 0px) and (max-width: 480px) 480px, (min-width: 481px) and (max-width: 980px) 980px, (min-width: 981px) 1200px, 100vw\" \/><\/p>\n<p>Autors: CX<\/p>","protected":false},"excerpt":{"rendered":"<p>Specifications of Rotary Mower Gearbox LF-32J i 1.93 N1[rpm] 540 P1[kW] 44.1 M2[Nm] 393 Shaft Type X 1&#8221; 3\/8 Z6 Shaft Type Z Hub connection Input X PTO Shafts for Rotary Mower Gearboxes When choosing a PTO (Power Take-Off) shaft for a rotary mower gearbox, it&#8217;s crucial to select the correct specifications to ensure optimal [&hellip;]<\/p>","protected":false},"featured_media":1901,"comment_status":"open","ping_status":"closed","template":"","meta":{"_et_pb_use_builder":"","_et_pb_old_content":"","_et_gb_content_width":""},"product_brand":[],"product_cat":[51],"product_tag":[],"class_list":{"0":"post-1895","1":"product","2":"type-product","3":"status-publish","4":"has-post-thumbnail","6":"product_cat-rotary-mower-gearbox","8":"first","9":"instock","10":"shipping-taxable","11":"product-type-simple"},"_links":{"self":[{"href":"https:\/\/fmp-components.com\/lv\/wp-json\/wp\/v2\/product\/1895","targetHints":{"allow":["GET"]}}],"collection":[{"href":"https:\/\/fmp-components.com\/lv\/wp-json\/wp\/v2\/product"}],"about":[{"href":"https:\/\/fmp-components.com\/lv\/wp-json\/wp\/v2\/types\/product"}],"replies":[{"embeddable":true,"href":"https:\/\/fmp-components.com\/lv\/wp-json\/wp\/v2\/comments?post=1895"}],"wp:featuredmedia":[{"embeddable":true,"href":"https:\/\/fmp-components.com\/lv\/wp-json\/wp\/v2\/media\/1901"}],"wp:attachment":[{"href":"https:\/\/fmp-components.com\/lv\/wp-json\/wp\/v2\/media?parent=1895"}],"wp:term":[{"taxonomy":"product_brand","embeddable":true,"href":"https:\/\/fmp-components.com\/lv\/wp-json\/wp\/v2\/product_brand?post=1895"},{"taxonomy":"product_cat","embeddable":true,"href":"https:\/\/fmp-components.com\/lv\/wp-json\/wp\/v2\/product_cat?post=1895"},{"taxonomy":"product_tag","embeddable":true,"href":"https:\/\/fmp-components.com\/lv\/wp-json\/wp\/v2\/product_tag?post=1895"}],"curies":[{"name":"wp","href":"https:\/\/api.w.org\/{rel}","templated":true}]}}