{"id":1879,"date":"2024-12-24T08:39:47","date_gmt":"2024-12-24T08:39:47","guid":{"rendered":"https:\/\/fmp-components.com\/?page_id=8"},"modified":"2024-12-24T08:49:01","modified_gmt":"2024-12-24T08:49:01","slug":"rotary-mower-gearbox-replacement-of-comer-code-lf140j","status":"publish","type":"product","link":"https:\/\/fmp-components.com\/lv\/product\/rotary-mower-gearbox-replacement-of-comer-code-lf140j\/","title":{"rendered":"Rot\u0113jo\u0161\u0101 z\u0101les p\u013c\u0101v\u0113ja p\u0101rnesumk\u0101rba \u2014 Comer koda LF140J nomai\u0146a"},"content":{"rendered":"<p><img loading=\"lazy\" decoding=\"async\" class=\"alignnone size-full wp-image-1893\" src=\"https:\/\/fmp-components.com\/wp-content\/uploads\/2024\/12\/Rotary-Mower-Gearbox10.webp\" alt=\"Rot\u0101cijas z\u0101les p\u013c\u0101v\u0113ja \u0101trumk\u0101rba\" width=\"1225\" height=\"605\" title=\"\" srcset=\"https:\/\/fmp-components.com\/wp-content\/uploads\/2024\/12\/Rotary-Mower-Gearbox10.webp 1225w, https:\/\/fmp-components.com\/wp-content\/uploads\/2024\/12\/Rotary-Mower-Gearbox10-980x484.webp 980w, https:\/\/fmp-components.com\/wp-content\/uploads\/2024\/12\/Rotary-Mower-Gearbox10-480x237.webp 480w\" sizes=\"(min-width: 0px) and (max-width: 480px) 480px, (min-width: 481px) and (max-width: 980px) 980px, (min-width: 981px) 1225px, 100vw\" \/><\/p>\n<h2>Rot\u0113jo\u0161\u0101s z\u0101les p\u013c\u0101v\u0113ja reduktora LF-140J specifik\u0101cijas<\/h2>\n<p><img loading=\"lazy\" decoding=\"async\" class=\"alignnone size-full wp-image-1890\" src=\"https:\/\/fmp-components.com\/wp-content\/uploads\/2024\/12\/Rotary-Mower-Gearbox-LF-140J-Specifications-1.webp\" alt=\"Rot\u0113jo\u0161\u0101s z\u0101les p\u013c\u0101v\u0113ja p\u0101rnesumk\u0101rbas LF-140J specifik\u0101cijas\" width=\"1335\" height=\"889\" title=\"\" srcset=\"https:\/\/fmp-components.com\/wp-content\/uploads\/2024\/12\/Rotary-Mower-Gearbox-LF-140J-Specifications-1.webp 1335w, https:\/\/fmp-components.com\/wp-content\/uploads\/2024\/12\/Rotary-Mower-Gearbox-LF-140J-Specifications-1-1280x852.webp 1280w, https:\/\/fmp-components.com\/wp-content\/uploads\/2024\/12\/Rotary-Mower-Gearbox-LF-140J-Specifications-1-980x653.webp 980w, https:\/\/fmp-components.com\/wp-content\/uploads\/2024\/12\/Rotary-Mower-Gearbox-LF-140J-Specifications-1-480x320.webp 480w\" sizes=\"(min-width: 0px) and (max-width: 480px) 480px, (min-width: 481px) and (max-width: 980px) 980px, (min-width: 981px) and (max-width: 1280px) 1280px, (min-width: 1281px) 1335px, 100vw\" \/> <img loading=\"lazy\" decoding=\"async\" class=\"alignnone size-full wp-image-1891\" src=\"https:\/\/fmp-components.com\/wp-content\/uploads\/2024\/12\/Rotary-Mower-Gearbox-LF-140J-Specifications-2.webp\" alt=\"Rot\u0113jo\u0161\u0101s z\u0101les p\u013c\u0101v\u0113ja p\u0101rnesumk\u0101rbas LF-140J specifik\u0101cijas\" width=\"1330\" height=\"373\" title=\"\" srcset=\"https:\/\/fmp-components.com\/wp-content\/uploads\/2024\/12\/Rotary-Mower-Gearbox-LF-140J-Specifications-2.webp 1330w, https:\/\/fmp-components.com\/wp-content\/uploads\/2024\/12\/Rotary-Mower-Gearbox-LF-140J-Specifications-2-1280x359.webp 1280w, https:\/\/fmp-components.com\/wp-content\/uploads\/2024\/12\/Rotary-Mower-Gearbox-LF-140J-Specifications-2-980x275.webp 980w, https:\/\/fmp-components.com\/wp-content\/uploads\/2024\/12\/Rotary-Mower-Gearbox-LF-140J-Specifications-2-480x135.webp 480w\" sizes=\"(min-width: 0px) and (max-width: 480px) 480px, (min-width: 481px) and (max-width: 980px) 980px, (min-width: 981px) and (max-width: 1280px) 1280px, (min-width: 1281px) 1330px, 100vw\" \/><\/p>\n<table class=\"kh-1xzm1su\" border=\"1\" cellspacing=\"0\" cellpadding=\"0\" data-intent=\"lists-product-attributes\" data-test-id=\"attributes-list\">\n<tbody class=\"kh-1ago99h\">\n<tr id=\"alexis#custom#item-id\" class=\"kh-bwvum6\" data-test-id=\"attribute-row\">\n<th class=\"kh-10oizfy\">Produkta apraksts<\/th>\n<td class=\"kh-1f5nhat\">\n<div class=\"kh-pkx4zo\">Rot\u0113jo\u0161\u0101 z\u0101les p\u013c\u0101v\u0113ja p\u0101rnesumk\u0101rba \u2014 Comer p\u0101rnesumk\u0101rbas LF-140J nomai\u0146a<\/div>\n<\/td>\n<\/tr>\n<tr id=\"attProductDetails\" class=\"kh-bwvum6\" data-test-id=\"attribute-row\">\n<th class=\"kh-10oizfy\">Produkta inform\u0101cija<\/th>\n<td class=\"kh-1f5nhat\">\n<ul>\n<li class=\"kh-16zd49f\">Sazinieties ar mums, lai uzzin\u0101tu par jaudu pie citiem apgriezieniem min\u016bt\u0113<\/li>\n<li class=\"kh-16zd49f\">P\u0101rnesumk\u0101rba tiek pieg\u0101d\u0101ta bez e\u013c\u013cas, un t\u0101 ir j\u0101uzpilda pirms pirm\u0101s lieto\u0161anas reizes.<\/li>\n<li class=\"kh-16zd49f\">Pirm\u0101 e\u013c\u013cas mai\u0146a p\u0113c 50\u201370 darba stund\u0101m, p\u0113c tam p\u0113c 500\u2013700 darba stund\u0101m vai vismaz reizi gad\u0101.<\/li>\n<\/ul>\n<\/td>\n<\/tr>\n<tr id=\"attApplicationRange\" class=\"kh-bwvum6\" data-test-id=\"attribute-row\">\n<th class=\"kh-10oizfy\">Pielietojuma diapazons<\/th>\n<td class=\"kh-1f5nhat\">\n<div class=\"kh-pkx4zo\">Z\u0101les p\u013c\u0101v\u0113ji<\/div>\n<\/td>\n<\/tr>\n<tr id=\"attConsistsOf\" class=\"kh-bwvum6\" data-test-id=\"attribute-row\">\n<th class=\"kh-10oizfy\">Sast\u0101v no<\/th>\n<td class=\"kh-1f5nhat\">\n<ul>\n<li class=\"kh-16zd49f\">\u0100trumk\u0101rba<\/li>\n<li class=\"kh-16zd49f\">Bez e\u013c\u013cas<\/li>\n<\/ul>\n<\/td>\n<\/tr>\n<tr id=\"taContainsOil\" class=\"kh-bwvum6\" data-test-id=\"attribute-row\">\n<th class=\"kh-10oizfy\">Satur e\u013c\u013cu<\/th>\n<td class=\"kh-1f5nhat\">\n<div class=\"kh-pkx4zo\">N\u0113<\/div>\n<\/td>\n<\/tr>\n<tr id=\"taMaxOilCapacityL\" class=\"kh-bwvum6\" data-test-id=\"attribute-row\">\n<th class=\"kh-10oizfy\">Maks. e\u013c\u013cas ietilp\u012bba<\/th>\n<td class=\"kh-1f5nhat\">\n<div class=\"kh-pkx4zo\">1,4 l<\/div>\n<\/td>\n<\/tr>\n<tr id=\"taMaxOilChangeIntervalH\" class=\"kh-bwvum6\" data-test-id=\"attribute-row\">\n<th class=\"kh-10oizfy\">Maks. e\u013c\u013cas mai\u0146as interv\u0101ls<\/th>\n<td class=\"kh-1f5nhat\">\n<div class=\"kh-pkx4zo\">500 stundas<\/div>\n<\/td>\n<\/tr>\n<tr id=\"taOilSAEViscosityGrade\" class=\"kh-bwvum6\" data-test-id=\"attribute-row\">\n<th class=\"kh-10oizfy\">E\u013c\u013cas SAE viskozit\u0101tes klase<\/th>\n<td class=\"kh-1f5nhat\">\n<div class=\"kh-pkx4zo\">80W-90<\/div>\n<\/td>\n<\/tr>\n<tr id=\"taHousingMaterial_16\" class=\"kh-bwvum6\" data-test-id=\"attribute-row\">\n<th class=\"kh-10oizfy\">Korpusa materi\u0101ls<\/th>\n<td class=\"kh-1f5nhat\">\n<div class=\"kh-pkx4zo\">\u010cuguns GGG40<\/div>\n<\/td>\n<\/tr>\n<tr id=\"taWeightKg_75\" class=\"kh-bwvum6\" data-test-id=\"attribute-row\">\n<th class=\"kh-10oizfy\">Svars<\/th>\n<td class=\"kh-1f5nhat\">\n<div class=\"kh-pkx4zo\">28,5 kg<\/div>\n<\/td>\n<\/tr>\n<tr id=\"taGearArrangementInc\" class=\"kh-bwvum6\" data-test-id=\"attribute-row\">\n<th class=\"kh-10oizfy\">P\u0101rnesumu izk\u0101rtojums palielin\u0101s<\/th>\n<td class=\"kh-1f5nhat\">\n<div class=\"kh-pkx4zo\">3<\/div>\n<\/td>\n<\/tr>\n<tr id=\"taInputPowerKwHpInc\" class=\"kh-bwvum6\" data-test-id=\"attribute-row\">\n<th class=\"kh-10oizfy\">Ieejas jauda kW \/ ZS Pieaugo\u0161a<\/th>\n<td class=\"kh-1f5nhat\">\n<div class=\"kh-pkx4zo\">44\/60 kW\/ZS<\/div>\n<\/td>\n<\/tr>\n<tr id=\"taInputShaftIncreasi\" class=\"kh-bwvum6\" data-test-id=\"attribute-row\">\n<th class=\"kh-10oizfy\">Ieejas v\u0101rpsta palielin\u0101s<\/th>\n<td class=\"kh-1f5nhat\">\n<div class=\"kh-pkx4zo\">X<\/div>\n<\/td>\n<\/tr>\n<tr id=\"taNSOutputTorqueDaNm_1\" class=\"kh-bwvum6\" data-test-id=\"attribute-row\">\n<th class=\"kh-10oizfy\">Izejas griezes moments DaNm pieaug<\/th>\n<td class=\"kh-1f5nhat\">\n<div class=\"kh-pkx4zo\">39 daNm<\/div>\n<\/td>\n<\/tr>\n<tr id=\"taRatioIncreasing\" class=\"kh-bwvum6\" data-test-id=\"attribute-row\">\n<th class=\"kh-10oizfy\">Attiec\u012bbas palielin\u0101\u0161ana<\/th>\n<td class=\"kh-1f5nhat\">\n<div class=\"kh-pkx4zo\">1:1.93<\/div>\n<\/td>\n<\/tr>\n<tr id=\"taRatioReducing\" class=\"kh-bwvum6\" data-test-id=\"attribute-row\">\n<th class=\"kh-10oizfy\">Attiec\u012bbas samazin\u0101\u0161ana<\/th>\n<td class=\"kh-1f5nhat\">\n<div class=\"kh-pkx4zo\">1.93: 1<\/div>\n<\/td>\n<\/tr>\n<tr id=\"taShaftX\" class=\"kh-bwvum6\" data-test-id=\"attribute-row\">\n<th class=\"kh-10oizfy\">V\u0101rpsta X<\/th>\n<td class=\"kh-1f5nhat\">\n<div class=\"kh-pkx4zo\">1 3\/8&#8243; (6)<\/div>\n<\/td>\n<\/tr>\n<tr id=\"taShaftZ\" class=\"kh-bwvum6\" data-test-id=\"attribute-row\">\n<th class=\"kh-10oizfy\">V\u0101rpsta Z<\/th>\n<td class=\"kh-1f5nhat\">\n<div class=\"kh-pkx4zo\">ASA Z15 DP 8\/16<\/div>\n<\/td>\n<\/tr>\n<\/tbody>\n<\/table>\n<h3>LF-140J rot\u0113jo\u0161\u0101 p\u013c\u0101v\u0113ja p\u0101rnesumk\u0101rbas deta\u013cas<\/h3>\n<p>LF-140J rot\u0113jo\u0161\u0101s z\u0101les p\u013c\u0101v\u0113ja p\u0101rnesumk\u0101rba ir sare\u017e\u0123\u012bta ma\u0161\u012bna, kas paredz\u0113ta, lai nodro\u0161in\u0101tu uzticamu jaudas p\u0101rvadi rot\u0113jo\u0161aj\u0101m z\u0101les p\u013c\u0101v\u0113j\u0101m. T\u0101 sast\u0101v no vair\u0101k\u0101m galvenaj\u0101m sast\u0101vda\u013c\u0101m, kas darbojas kop\u0101, lai nodro\u0161in\u0101tu efekt\u012bvu darb\u012bbu. T\u0101l\u0101k ir sniegts p\u0101rskats par galvenaj\u0101m da\u013c\u0101m, kas veido LF-140J rot\u0113jo\u0161\u0101s z\u0101les p\u013c\u0101v\u0113ja p\u0101rnesumk\u0101rbu:<\/p>\n<ol>\n<li><strong>Ievades v\u0101rpsta<\/strong><br \/>\nIeejas v\u0101rpsta ir deta\u013ca, kas sa\u0146em jaudu no traktora j\u016bgv\u0101rpstas un p\u0101rnes to uz rot\u0113jo\u0161\u0101s p\u013caujma\u0161\u012bnas p\u0101rnesumk\u0101rbas iek\u0161\u0113jiem zobratiem. Tai ir iz\u0161\u0137iro\u0161a noz\u012bme jaudas p\u0101rneses uzs\u0101k\u0161an\u0101 uz p\u0101rnesumk\u0101rbu.<\/li>\n<li><strong>Zobrati<\/strong><br \/>\nP\u0101rnesumk\u0101rbas iek\u0161pus\u0113 eso\u0161ie zobrati ir atbild\u012bgi par jaudas p\u0101rvadi no ieejas v\u0101rpstas uz izejas v\u0101rpstu. Zobratu konstrukcija un konfigur\u0101cija, tostarp to izm\u0113rs un zobu skaits, var at\u0161\u0137irties atkar\u012bb\u0101 no p\u0101rnesumk\u0101rbas paredz\u0113t\u0101 pielietojuma un v\u0113lam\u0101s veiktsp\u0113jas.<\/li>\n<li><strong>Gult\u0146i<\/strong><br \/>\nGult\u0146i ir b\u016btiski v\u0101rpstu un zobratu atbalstam p\u0101rnesumk\u0101rb\u0101. Tie \u013cauj \u0161\u012bm sast\u0101vda\u013c\u0101m vienm\u0113r\u012bgi griezties ar minim\u0101lu berzi, nodro\u0161inot efekt\u012bvu darb\u012bbu un pagarinot p\u0101rnesumk\u0101rbas kalpo\u0161anas laiku.<\/li>\n<li><strong>Bl\u012bves<\/strong><br \/>\nBl\u012bves tiek izmantotas, lai nov\u0113rstu e\u013c\u013cas nopl\u016bdi un aizsarg\u0101tu p\u0101rnesumk\u0101rbas iek\u0161\u0113j\u0101s sast\u0101vda\u013cas no net\u012brumiem, putek\u013ciem un citiem pies\u0101r\u0146ot\u0101jiem. T\u0101s pal\u012bdz uztur\u0113t p\u0101rnesumk\u0101rbas iek\u0161\u0113jo spiedienu un e\u013c\u013co\u0161anu, t\u0101d\u0113j\u0101di veicinot ilgtermi\u0146a uzticam\u012bbu.<\/li>\n<li><strong>Izejas v\u0101rpsta<\/strong><br \/>\nIzejas v\u0101rpsta ir atbild\u012bga par jaudas p\u0101rs\u016bt\u012b\u0161anu no rot\u0113jo\u0161\u0101s p\u013caujma\u0161\u012bnas p\u0101rnesumk\u0101rbas uz p\u013caujma\u0161\u012bnas asme\u0146iem vai rite\u0146iem. \u0160\u012b v\u0101rpsta nodro\u0161ina, ka p\u013caujma\u0161\u012bnas asme\u0146i grie\u017eas ar pareizu \u0101trumu efekt\u012bvai p\u013cau\u0161anai.<\/li>\n<li><strong>M\u0101joklis<\/strong><br \/>\nKorpuss kalpo k\u0101 aizsargapvalks, kur\u0101 atrodas visas p\u0101rnesumk\u0101rbas iek\u0161\u0113j\u0101s sast\u0101vda\u013cas. Tas nodro\u0161ina, ka zobrati, v\u0101rpstas, gult\u0146i un bl\u012bves ir dro\u0161i nosl\u0113gtas un aizsarg\u0101tas no \u0101r\u0113jiem elementiem, t\u0101d\u0113j\u0101di uzlabojot p\u0101rnesumk\u0101rbas iztur\u012bbu.<\/li>\n<li><strong>E\u013c\u013cas l\u012bme\u0146a aizb\u0101znis<\/strong><br \/>\nE\u013c\u013cas l\u012bme\u0146a aizb\u0101znis \u013cauj uzraudz\u012bt un uztur\u0113t pareizu e\u013c\u013cas l\u012bmeni p\u0101rnesumk\u0101rb\u0101. Regul\u0101ra e\u013c\u013cas p\u0101rbaude un nepiecie\u0161am\u012bbas gad\u012bjum\u0101 t\u0101s papildin\u0101\u0161ana nodro\u0161ina, ka zobrati un gult\u0146i ir pien\u0101c\u012bgi iee\u013c\u013coti, nov\u0113r\u0161ot nodilumu un boj\u0101jumus.<\/li>\n<\/ol>\n<p>Izpratne par da\u017e\u0101daj\u0101m LF-140J rot\u0113jo\u0161\u0101s z\u0101les p\u013c\u0101v\u0113ja p\u0101rnesumk\u0101rbas sast\u0101vda\u013c\u0101m ir \u013coti svar\u012bga t\u0101s pareizai apkopei un darb\u012bbai. Regul\u0101ra \u0161o da\u013cu p\u0101rbaude, k\u0101 ar\u012b dro\u0161\u012bbas protokolu un ra\u017eot\u0101ja vadl\u012bniju iev\u0113ro\u0161ana var pal\u012bdz\u0113t pagarin\u0101t p\u0101rnesumk\u0101rbas kalpo\u0161anas laiku un nodro\u0161in\u0101t optim\u0101lu veiktsp\u0113ju.<\/p>\n<p><img loading=\"lazy\" decoding=\"async\" class=\"alignnone size-full wp-image-1894\" src=\"https:\/\/fmp-components.com\/wp-content\/uploads\/2024\/12\/Rotary-Mower-Gearbox11.webp\" alt=\"Rot\u0101cijas z\u0101les p\u013c\u0101v\u0113ja \u0101trumk\u0101rba\" width=\"1274\" height=\"419\" title=\"\" srcset=\"https:\/\/fmp-components.com\/wp-content\/uploads\/2024\/12\/Rotary-Mower-Gearbox11.webp 1274w, https:\/\/fmp-components.com\/wp-content\/uploads\/2024\/12\/Rotary-Mower-Gearbox11-980x322.webp 980w, https:\/\/fmp-components.com\/wp-content\/uploads\/2024\/12\/Rotary-Mower-Gearbox11-480x158.webp 480w\" sizes=\"(min-width: 0px) and (max-width: 480px) 480px, (min-width: 481px) and (max-width: 980px) 980px, (min-width: 981px) 1274px, 100vw\" \/><\/p>\n<h3>LF-140J rot\u0113jo\u0161\u0101s z\u0101les p\u013c\u0101v\u0113ja p\u0101rnesumk\u0101rbas priek\u0161roc\u012bbas<\/h3>\n<p>LF-140J rot\u0113jo\u0161\u0101s p\u013caujma\u0161\u012bnas p\u0101rnesumk\u0101rba ir lieliska izv\u0113le lauksaimniec\u012bbas un r\u016bpniec\u012bbas vajadz\u012bb\u0101m, pied\u0101v\u0101jot virkni priek\u0161roc\u012bbu, kas uzlabo t\u0101s veiktsp\u0113ju un uzticam\u012bbu. \u0160eit ir LF-140J rot\u0113jo\u0161\u0101s p\u013caujma\u0161\u012bnas p\u0101rnesumk\u0101rbas galven\u0101s priek\u0161roc\u012bbas:<\/p>\n<ol>\n<li><strong>Efekt\u012bva jaudas p\u0101rvade<\/strong><br \/>\nLF-140J p\u0101rnesumk\u0101rba, kas paredz\u0113ta optim\u0101lai efektivit\u0101tei, efekt\u012bvi p\u0101rveido dzin\u0113ja jaudu, nodro\u0161inot vienm\u0113r\u012bgu un past\u0101v\u012bgu jaudas p\u0101rnesi uz p\u013caujma\u0161\u012bnas asme\u0146iem. Tas uzlabo rot\u0113jo\u0161\u0101s p\u013caujma\u0161\u012bnas kop\u0113jo veiktsp\u0113ju un efektivit\u0101ti.<\/li>\n<li><strong>Iztur\u012bga konstrukcija<\/strong><br \/>\nLF-140J p\u0101rnesumk\u0101rba, kas izgatavota no augstas kvalit\u0101tes materi\u0101liem, ir izstr\u0101d\u0101ta, lai iztur\u0113tu skarbos apst\u0101k\u013cus, kas rakstur\u012bgi lauksaimniec\u012bbas un r\u016bpniec\u012bbas videi. T\u0101s iztur\u012bg\u0101 konstrukcija nodro\u0161ina ilgsto\u0161u veiktsp\u0113ju pat intens\u012bvas lieto\u0161anas apst\u0101k\u013cos.<\/li>\n<li><strong>Zemas apkopes pras\u012bbas<\/strong><br \/>\nLF-140J p\u0101rnesumk\u0101rba ir konstru\u0113ta t\u0101, lai tai b\u016btu nepiecie\u0161ama neliela apkope, samazinot nepiecie\u0161am\u012bbu p\u0113c bie\u017eas remonta un apkopes. Tas ietaupa laiku un apkopes izmaksas, vienlaikus palielinot darb\u012bbas laiku.<\/li>\n<li><strong>Augsts p\u0101rnesumskaitlis<\/strong><br \/>\nAr p\u0101rnesumskaitli 1:1,93 LF-140J p\u0101rnesumk\u0101rba nodro\u0161ina z\u0101les p\u013c\u0101v\u0113jam palielin\u0101tu griezes momentu un jaudu, \u013caujot tam tikt gal\u0101 ar sare\u017e\u0123\u012bt\u0101kiem uzdevumiem un nodro\u0161inot efekt\u012bvu p\u013cau\u0161anas veiktsp\u0113ju pat sare\u017e\u0123\u012btos apst\u0101k\u013cos.<\/li>\n<li><strong>Vienk\u0101r\u0161a uzst\u0101d\u012b\u0161ana<\/strong><br \/>\nLF-140J ir izstr\u0101d\u0101ts vienk\u0101r\u0161ai uzst\u0101d\u012b\u0161anai, padarot to par \u0113rtu izv\u0113li \u0101trai uzst\u0101d\u012b\u0161anai uz rot\u0101cijas z\u0101les p\u013c\u0101v\u0113jiem. T\u0101 lietot\u0101jam draudz\u012bgais dizains nodro\u0161ina minim\u0101lu d\u012bkst\u0101ves laiku un neprasa sare\u017e\u0123\u012btas modifik\u0101cijas uzst\u0101d\u012b\u0161anas laik\u0101.<\/li>\n<li><strong>Daudzpus\u012bba<\/strong><br \/>\nLF-140J p\u0101rnesumk\u0101rba ir sader\u012bga ar pla\u0161u rot\u0113jo\u0161o z\u0101les p\u013c\u0101v\u0113ju kl\u0101stu, padarot to par daudzpus\u012bgu risin\u0101jumu da\u017e\u0101diem pielietojumiem. T\u0101s elast\u012bba \u013cauj to izmantot da\u017e\u0101da veida iek\u0101rt\u0101s, pied\u0101v\u0101jot uzticamu un piel\u0101gojamu jaudas p\u0101rvades risin\u0101jumu.<\/li>\n<\/ol>\n<p>LF-140J rot\u0113jo\u0161\u0101s z\u0101les p\u013c\u0101v\u0113ja p\u0101rnesumk\u0101rba ir ide\u0101la izv\u0113le tiem, kas mekl\u0113 uzticamu, iztur\u012bgu un efekt\u012bvu p\u0101rnesumk\u0101rbu lauksaimniec\u012bbas un r\u016bpnieciskiem m\u0113r\u0137iem. Pateicoties augstajai jaudas efektivit\u0101tei, iztur\u012bgajai konstrukcijai un vieglajai apkopei, t\u0101 nodro\u0161ina izcilu veiktsp\u0113ju un daudzpus\u012bbu, padarot to par b\u016btisku jebkuras rot\u0113jo\u0161\u0101s z\u0101les p\u013c\u0101v\u0113ja sast\u0101vda\u013cu.<\/p>\n<h3>Lauksaimniec\u012bbas j\u016bgv\u0101rpsta un rot\u0113jo\u0161\u0101 p\u013caujma\u0161\u012bnas p\u0101rnesumk\u0101rba<\/h3>\n<p>J\u016bgv\u0101rpsta (PTO) ir b\u016btiska lauksaimniec\u012bbas tehnikas sast\u0101vda\u013ca, \u012bpa\u0161i traktoros. T\u0101 kalpo k\u0101 kritiska saikne starp traktora dzin\u0113ju un da\u017e\u0101diem pievienotajiem darbar\u012bkiem, tostarp rot\u0101cijas p\u013caujma\u0161\u012bn\u0101m. J\u016bgv\u0101rpsta p\u0101rnes jaudu no traktora dzin\u0113ja, p\u0101rraidot rot\u0101cijas ener\u0123iju liel\u0101 \u0101trum\u0101, lai darbin\u0101tu citu apr\u012bkojumu, izmantojot piedzi\u0146as l\u012bniju, kur\u0101 ietilpst rot\u0101cijas p\u013caujma\u0161\u012bnas p\u0101rnesumk\u0101rba.<\/p>\n<p>Rot\u0113jo\u0161\u0101s p\u013caujma\u0161\u012bnas p\u0101rnesumk\u0101rbai ir b\u016btiska loma p\u013caujma\u0161\u012bnas darb\u012bb\u0101. T\u0101 sa\u0146em \u0101trgaitas rot\u0101cijas ener\u0123iju no j\u016bgv\u0101rpstas un p\u0101rveido to l\u0113n\u0101ka \u0101truma, liela griezes momenta kust\u012bb\u0101, kas nepiecie\u0161ama p\u013caujma\u0161\u012bnas asme\u0146u piedzi\u0146ai. Uz p\u013caujma\u0161\u012bnas korpusa uzst\u0101d\u012bt\u0101 p\u0101rnesumk\u0101rba tiek darbin\u0101ta ar j\u016bgv\u0101rpstu, kas stiepjas no traktora, un jauda tiek p\u0101rnesta caur p\u0101rnesumk\u0101rbu un piedzi\u0146as v\u0101rpstu uz p\u013caujma\u0161\u012bnas asme\u0146iem, nodro\u0161inot efekt\u012bvu p\u013cau\u0161anu.<\/p>\n<p>Lai nodro\u0161in\u0101tu optim\u0101lu veiktsp\u0113ju un pagarin\u0101tu p\u013caujma\u0161\u012bnas kalpo\u0161anas laiku, ir svar\u012bgi pareizi uztur\u0113t gan j\u016bgv\u0101rpstu, gan rot\u0113jo\u0161\u0101s p\u013caujma\u0161\u012bnas p\u0101rnesumk\u0101rbu. Regul\u0101ri apkopes darbi, piem\u0113ram, j\u016bgv\u0101rpstas e\u013c\u013co\u0161ana, p\u0101rnesumk\u0101rbas e\u013c\u013cas l\u012bme\u0146a p\u0101rbaude un nodiluma un boj\u0101jumu p\u0101rbaude, var nov\u0113rst boj\u0101jumus, samazin\u0101t remonta izmaksas un uzlabot apr\u012bkojuma efektivit\u0101ti.<\/p>\n<p>Rezum\u0113jot, j\u016bgv\u0101rpsta un rot\u0113jo\u0161\u0101s p\u013caujma\u0161\u012bnas p\u0101rnesumk\u0101rba ir neat\u0146emama rot\u0113jo\u0161o p\u013caujma\u0161\u012bnu darb\u012bbas sast\u0101vda\u013ca lauksaimniec\u012bbas vid\u0113. Regul\u0101ra \u0161o komponentu apkope ir \u013coti svar\u012bga, lai nodro\u0161in\u0101tu uzticamu darb\u012bbu, samazin\u0101tu d\u012bkst\u0101ves laiku un pagarin\u0101tu tehnikas kalpo\u0161anas laiku.<\/p>\n<p><img loading=\"lazy\" decoding=\"async\" class=\"alignnone size-full wp-image-1892\" src=\"https:\/\/fmp-components.com\/wp-content\/uploads\/2024\/12\/Rotary-Mower-Gearbox12.webp\" alt=\"Rot\u0101cijas z\u0101les p\u013c\u0101v\u0113ja \u0101trumk\u0101rba\" width=\"1278\" height=\"453\" title=\"\" srcset=\"https:\/\/fmp-components.com\/wp-content\/uploads\/2024\/12\/Rotary-Mower-Gearbox12.webp 1278w, https:\/\/fmp-components.com\/wp-content\/uploads\/2024\/12\/Rotary-Mower-Gearbox12-980x347.webp 980w, https:\/\/fmp-components.com\/wp-content\/uploads\/2024\/12\/Rotary-Mower-Gearbox12-480x170.webp 480w\" sizes=\"(min-width: 0px) and (max-width: 480px) 480px, (min-width: 481px) and (max-width: 980px) 980px, (min-width: 981px) 1278px, 100vw\" \/><\/p>\n<h3>Par FMP<\/h3>\n<p>FMP, kas atrodas It\u0101lij\u0101, ir atz\u012bts uz\u0146\u0113mums, kas specializ\u0113jas p\u0101rnesumk\u0101rbu, reduktoru un in\u017eeniertehnisko iek\u0101rtu p\u0113tniec\u012bb\u0101, izstr\u0101d\u0113 un ra\u017eo\u0161an\u0101. Ar stingru ap\u0146em\u0161anos att\u012bst\u012bt talantus un veicin\u0101t inov\u0101cijas, FMP ir k\u013cuvis par l\u012bderi sav\u0101 jom\u0101.<\/p>\n<h3>Daudzveid\u012bgs produktu portfelis<\/h3>\n<p>Uz\u0146\u0113muma produktu kl\u0101st\u0101 ietilpst:<\/p>\n<ul>\n<li><strong>Spir\u0101lveida konusveida p\u0101rnesumk\u0101rbas<\/strong><\/li>\n<li><strong>Spur p\u0101rnesumk\u0101rbas<\/strong><\/li>\n<li><strong>T\u0101rpu p\u0101rnesumk\u0101rbas<\/strong><\/li>\n<li><strong>Cilindriskas p\u0101rnesumk\u0101rbas<\/strong><\/li>\n<li><strong>Augstspiediena lietie v\u0101rstu korpusi un korpusi<\/strong><\/li>\n<\/ul>\n<h3>Pla\u0161a spektra pielietojumi<\/h3>\n<p>FMP produkti ir \u013coti daudzpus\u012bgi un kalpo daudz\u0101m nozar\u0113m, tostarp:<\/p>\n<ul>\n<li><strong>Lauksaimniec\u012bba<\/strong>Izmanto rot\u0113jo\u0161aj\u0101s z\u0101les p\u013c\u0101v\u0113j\u0101s, sniega t\u012br\u012bt\u0101jos, m\u0113slojuma izklied\u0113t\u0101jos un graudu konveijeros.<\/li>\n<li><strong>R\u016bpniecisk\u0101s iek\u0101rtas<\/strong>Atbalsta iek\u0101rtas naftas ieguvei, j\u016bras lietojumiem un hidraulisk\u0101s sast\u0101vda\u013cas in\u017eeniertehniskiem projektiem.<\/li>\n<\/ul>\n<h3>Uzlaboti ra\u017eo\u0161anas procesi<\/h3>\n<p>FMP lepojas ar sav\u0101m sp\u0113c\u012bgaj\u0101m tehniskaj\u0101m un p\u0113tniec\u012bbas un att\u012bst\u012bbas iesp\u0113j\u0101m, ra\u017eojot uzticamus, augstas kvalit\u0101tes produktus, izmantojot r\u016bp\u012bgu ra\u017eo\u0161anas procesu:<\/p>\n<ol>\n<li><strong>Produkta dizains<\/strong>Tiek izstr\u0101d\u0101tas piel\u0101gotas specifik\u0101cijas, tostarp p\u0101rnesumk\u0101rbas tips, materi\u0101ls un izm\u0113ri.<\/li>\n<li><strong>Materi\u0101lu sagatavo\u0161ana<\/strong>Tiek atlas\u012bti un sagatavoti augstas kvalit\u0101tes materi\u0101li, piem\u0113ram, \u010duguns un alum\u012bnija sakaus\u0113jumi.<\/li>\n<li><strong>Prec\u012bza apstr\u0101de<\/strong>T\u0101das sast\u0101vda\u013cas k\u0101 zobratu v\u0101rpstas un korpusi tiek apstr\u0101d\u0101tas, izmantojot progres\u012bvas metodes, piem\u0113ram, virpo\u0161anu un fr\u0113z\u0113\u0161anu.<\/li>\n<li><strong>Asambleja<\/strong>Zobrati, gult\u0146i un v\u0101rpstas ir samont\u0113tas korpus\u0101, nodro\u0161inot prec\u012bzu izl\u012bdzin\u0101\u0161anu un pareizu e\u013c\u013co\u0161anu.<\/li>\n<li><strong>Termisk\u0101 apstr\u0101de<\/strong>P\u0101rnesumk\u0101rbas tiek pak\u013cautas termiskai apstr\u0101dei, lai uzlabotu iztur\u012bbu un nodilumiztur\u012bbu.<\/li>\n<li><strong>Virsmas apstr\u0101de<\/strong>T\u0101di procesi k\u0101 pul\u0113\u0161ana un pulverkr\u0101so\u0161ana uzlabo izskatu un iztur\u012bbu pret koroziju.<\/li>\n<li><strong>Kvalit\u0101tes kontrole<\/strong>Stingras p\u0101rbaudes un test\u0113\u0161ana nodro\u0161ina stabilit\u0101ti, precizit\u0101ti un atbilst\u012bbu veiktsp\u0113jas standartiem.<\/li>\n<\/ol>\n<h3>Nozares reput\u0101cija<\/h3>\n<p>FMP ap\u0146em\u0161an\u0101s nodro\u0161in\u0101t kvalit\u0101ti, inov\u0101cijas un klientu apmierin\u0101t\u012bbu ir nodro\u0161in\u0101jusi tam izcilu reput\u0101ciju ra\u017eo\u0161anas nozar\u0113. Uz\u0146\u0113mums iev\u0113ro filozofiju, kuras centr\u0101 ir meistar\u012bba, progres\u012bvas tehnolo\u0123ijas un ilgsto\u0161as \u200b\u200bv\u0113rt\u012bbas nodro\u0161in\u0101\u0161ana.<\/p>\n<h3>Sadarbojieties ar mums<\/h3>\n<p>FMP atzin\u012bgi v\u0113rt\u0113 sadarb\u012bbas iesp\u0113jas ar klientiem un partneriem vis\u0101 pasaul\u0113. Ja jums ir jaut\u0101jumi par m\u016bsu produktiem un pakalpojumiem, l\u016bdzu, sazinieties ar mums pa t\u0101lruni vai e-pastu. M\u0113s esam ap\u0146\u0113mu\u0161ies sniegt piel\u0101gotus risin\u0101jumus, kas atbilst j\u016bsu vajadz\u012bb\u0101m.<\/p>\n<p><img loading=\"lazy\" decoding=\"async\" class=\"alignnone size-full wp-image-1861\" src=\"https:\/\/fmp-components.com\/wp-content\/uploads\/2024\/12\/Other-Agricultural-Gearboxes.webp\" alt=\"Citas lauksaimniec\u012bbas tehnikas p\u0101rnesumk\u0101rbas\" width=\"1200\" height=\"1400\" title=\"\" srcset=\"https:\/\/fmp-components.com\/wp-content\/uploads\/2024\/12\/Other-Agricultural-Gearboxes.webp 1200w, https:\/\/fmp-components.com\/wp-content\/uploads\/2024\/12\/Other-Agricultural-Gearboxes-980x1143.webp 980w, https:\/\/fmp-components.com\/wp-content\/uploads\/2024\/12\/Other-Agricultural-Gearboxes-480x560.webp 480w\" sizes=\"(min-width: 0px) and (max-width: 480px) 480px, (min-width: 481px) and (max-width: 980px) 980px, (min-width: 981px) 1200px, 100vw\" \/><\/p>\n<p>Autors: CX<\/p>","protected":false},"excerpt":{"rendered":"<p>Specifications of\u00a0Rotary Mower Gearbox LF-140J Product Description Rotary Mower Gearbox &#8211; Replacement of Comer Gearbox LF-140J Product details Contact us for power at a different RPM The gearbox is delivered without oil and must be filled before first use. First oil change after 50-70 operating hours, then after 500-700 operating hours or at least once [&hellip;]<\/p>","protected":false},"featured_media":1896,"comment_status":"open","ping_status":"closed","template":"","meta":{"_et_pb_use_builder":"","_et_pb_old_content":"","_et_gb_content_width":""},"product_brand":[],"product_cat":[51],"product_tag":[],"class_list":{"0":"post-1879","1":"product","2":"type-product","3":"status-publish","4":"has-post-thumbnail","6":"product_cat-rotary-mower-gearbox","8":"first","9":"instock","10":"shipping-taxable","11":"product-type-simple"},"_links":{"self":[{"href":"https:\/\/fmp-components.com\/lv\/wp-json\/wp\/v2\/product\/1879","targetHints":{"allow":["GET"]}}],"collection":[{"href":"https:\/\/fmp-components.com\/lv\/wp-json\/wp\/v2\/product"}],"about":[{"href":"https:\/\/fmp-components.com\/lv\/wp-json\/wp\/v2\/types\/product"}],"replies":[{"embeddable":true,"href":"https:\/\/fmp-components.com\/lv\/wp-json\/wp\/v2\/comments?post=1879"}],"wp:featuredmedia":[{"embeddable":true,"href":"https:\/\/fmp-components.com\/lv\/wp-json\/wp\/v2\/media\/1896"}],"wp:attachment":[{"href":"https:\/\/fmp-components.com\/lv\/wp-json\/wp\/v2\/media?parent=1879"}],"wp:term":[{"taxonomy":"product_brand","embeddable":true,"href":"https:\/\/fmp-components.com\/lv\/wp-json\/wp\/v2\/product_brand?post=1879"},{"taxonomy":"product_cat","embeddable":true,"href":"https:\/\/fmp-components.com\/lv\/wp-json\/wp\/v2\/product_cat?post=1879"},{"taxonomy":"product_tag","embeddable":true,"href":"https:\/\/fmp-components.com\/lv\/wp-json\/wp\/v2\/product_tag?post=1879"}],"curies":[{"name":"wp","href":"https:\/\/api.w.org\/{rel}","templated":true}]}}